{"id":15180,"date":"2025-11-29T13:54:22","date_gmt":"2025-11-29T13:54:22","guid":{"rendered":"https:\/\/hojichawholesale.eu\/kayit-olun\/"},"modified":"2026-04-05T15:21:09","modified_gmt":"2026-04-05T15:21:09","slug":"kayit-olun","status":"publish","type":"page","link":"https:\/\/hojichawholesale.eu\/tr\/kayit-olun\/","title":{"rendered":"Kay\u0131t olun"},"content":{"rendered":"\t\t<div data-elementor-type=\"wp-page\" data-elementor-id=\"15180\" class=\"elementor elementor-15180 elementor-9677\">\n\t\t\t\t<div class=\"elementor-element elementor-element-83bb4a1 e-flex e-con-boxed e-con e-parent\" data-id=\"83bb4a1\" data-element_type=\"container\" data-e-type=\"container\">\n\t\t\t\t\t<div class=\"e-con-inner\">\n\t\t\t\t<div class=\"elementor-element elementor-element-074fceb elementor-widget elementor-widget-heading\" data-id=\"074fceb\" data-element_type=\"widget\" data-e-type=\"widget\" data-widget_type=\"heading.default\">\n\t\t\t\t<div class=\"elementor-widget-container\">\n\t\t\t\t\t<h2 class=\"elementor-heading-title elementor-size-default\">Kay\u0131t<\/h2>\t\t\t\t<\/div>\n\t\t\t\t<\/div>\n\t\t\t\t<div class=\"elementor-element elementor-element-7aefea0 elementor-widget elementor-widget-text-editor\" data-id=\"7aefea0\" data-element_type=\"widget\" data-e-type=\"widget\" data-widget_type=\"text-editor.default\">\n\t\t\t\t<div class=\"elementor-widget-container\">\n\t\t\t\t\t\t\t\t\t<p>Web sitesinde kay\u0131t olmak i\u00e7in a\u015fa\u011f\u0131daki formu kullan\u0131n. Bu sat\u0131n almak i\u00e7in zorunlu de\u011fil.   <span style=\"font-size: 16px;\"> <\/span><\/p><p>\u015eifrenizi s\u0131f\u0131rlamak veya hesab\u0131n\u0131z\u0131 silmek i\u00e7in sayfan\u0131n sonuna gidin.  <\/p>\t\t\t\t\t\t\t\t<\/div>\n\t\t\t\t<\/div>\n\t\t\t\t<div class=\"elementor-element elementor-element-cb4435b elementor-widget elementor-widget-shortcode\" data-id=\"cb4435b\" data-element_type=\"widget\" data-e-type=\"widget\" data-widget_type=\"shortcode.default\">\n\t\t\t\t<div class=\"elementor-widget-container\">\n\t\t\t\t\t\t\t<div class=\"elementor-shortcode\"><div class=\"forminator-ui forminator-custom-form forminator-custom-form-11182 forminator-design--default  forminator_ajax\" data-forminator-render=\"0\" data-form=\"forminator-module-11182\" data-uid=\"69d2ed74a8cc8\"><br\/><\/div><form\n\t\t\t\tid=\"forminator-module-11182\"\n\t\t\t\tclass=\"forminator-ui forminator-custom-form forminator-custom-form-11182 forminator-design--default  forminator_ajax\"\n\t\t\t\tmethod=\"post\"\n\t\t\t\tdata-forminator-render=\"0\"\n\t\t\t\tdata-form-id=\"11182\"\n\t\t\t\t data-color-option=\"theme\" data-design=\"default\" data-grid=\"open\" style=\"display: none;\"\n\t\t\t\tdata-uid=\"69d2ed74a8cc8\"\n\t\t\t><div role=\"alert\" aria-live=\"polite\" class=\"forminator-response-message forminator-error\" aria-hidden=\"true\"><\/div><div class=\"forminator-row\"><div id=\"text-1\" class=\"forminator-field-text forminator-col forminator-col-12 \"><div class=\"forminator-field\"><label for=\"forminator-field-text-1_69d2ed74a8cc8\" id=\"forminator-field-text-1_69d2ed74a8cc8-label\" class=\"forminator-label\">Username <span class=\"forminator-required\">*<\/span><\/label><input type=\"text\" name=\"text-1\" value=\"\" placeholder=\"\" id=\"forminator-field-text-1_69d2ed74a8cc8\" class=\"forminator-input forminator-name--field\" data-required=\"true\" \/><\/div><\/div><\/div><div class=\"forminator-row\"><div id=\"email-1\" class=\"forminator-field-email forminator-col forminator-col-12 \"><div class=\"forminator-field\"><label for=\"forminator-field-email-1_69d2ed74a8cc8\" id=\"forminator-field-email-1_69d2ed74a8cc8-label\" class=\"forminator-label\">Email <span class=\"forminator-required\">*<\/span><\/label><input type=\"email\" name=\"email-1\" value=\"\" placeholder=\"\" id=\"forminator-field-email-1_69d2ed74a8cc8\" class=\"forminator-input forminator-email--field\" data-required=\"true\" aria-required=\"true\" autocomplete=\"email\" \/><\/div><\/div><\/div><div class=\"forminator-row\"><div id=\"password-1\" class=\"forminator-field-password forminator-col forminator-col-12 \"><div class=\"forminator-field\"><label for=\"forminator-field-password-1_69d2ed74a8cc8\" id=\"forminator-field-password-1_69d2ed74a8cc8-label\" class=\"forminator-label\">Password <span class=\"forminator-required\">*<\/span><\/label><input name=\"password-1\" value=\"\" placeholder=\"\" id=\"forminator-field-password-1_69d2ed74a8cc8\" class=\"forminator-input forminator-name--field\" data-required=\"true\" type=\"password\" \/><\/div><\/div><\/div><input type=\"hidden\" name=\"referer_url\" value=\"\" \/><div class=\"forminator-row forminator-row-last\"><div class=\"forminator-col\"><div class=\"forminator-field\"><button class=\"forminator-button forminator-button-submit\">Register<\/button><\/div><\/div><\/div><input type=\"hidden\" id=\"forminator_nonce\" name=\"forminator_nonce\" value=\"0a8516bebd\" \/><input type=\"hidden\" name=\"_wp_http_referer\" value=\"\/tr\/wp-json\/wp\/v2\/pages\/15180\" \/><input type=\"hidden\" name=\"form_id\" value=\"11182\"><input type=\"hidden\" name=\"page_id\" value=\"15180\"><input type=\"hidden\" name=\"form_type\" value=\"registration\"><input type=\"hidden\" name=\"current_url\" value=\"https:\/\/hojichawholesale.eu\/tr\/kayit-olun\/\"><input type=\"hidden\" name=\"render_id\" value=\"0\"><input type=\"hidden\" name=\"action\" value=\"forminator_submit_form_custom-forms\"><\/form><\/div>\n\t\t\t\t\t\t<\/div>\n\t\t\t\t<\/div>\n\t\t\t\t\t<\/div>\n\t\t\t\t<\/div>\n\t\t<div class=\"elementor-element elementor-element-b880fa9 e-flex e-con-boxed e-con e-parent\" data-id=\"b880fa9\" data-element_type=\"container\" data-e-type=\"container\">\n\t\t\t\t\t<div class=\"e-con-inner\">\n\t\t\t\t<div class=\"elementor-element elementor-element-5a2fb29 elementor-widget elementor-widget-heading\" data-id=\"5a2fb29\" data-element_type=\"widget\" data-e-type=\"widget\" data-widget_type=\"heading.default\">\n\t\t\t\t<div class=\"elementor-widget-container\">\n\t\t\t\t\t<h2 class=\"elementor-heading-title elementor-size-default\">\u015eifrenizi s\u0131f\u0131rlay\u0131n<\/h2>\t\t\t\t<\/div>\n\t\t\t\t<\/div>\n\t\t\t\t\t<\/div>\n\t\t\t\t<\/div>\n\t\t<div class=\"elementor-element elementor-element-fea80b8 e-flex e-con-boxed e-con e-parent\" data-id=\"fea80b8\" data-element_type=\"container\" data-e-type=\"container\">\n\t\t\t\t\t<div class=\"e-con-inner\">\n\t\t\t\t<div class=\"elementor-element elementor-element-2ac971f elementor-widget elementor-widget-text-editor\" data-id=\"2ac971f\" data-element_type=\"widget\" data-e-type=\"widget\" data-widget_type=\"text-editor.default\">\n\t\t\t\t<div class=\"elementor-widget-container\">\n\t\t\t\t\t\t\t\t\t<p><span style=\"text-decoration: underline;\"><span style=\"color: #000000; text-decoration: underline;\"><a style=\"color: #000000; text-decoration: underline;\" href=\"https:\/\/hojichawholesale.eu\/password\/\">\u015eifrenizi s\u0131f\u0131rlay\u0131n.<\/a><\/span><\/span><\/p>\t\t\t\t\t\t\t\t<\/div>\n\t\t\t\t<\/div>\n\t\t\t\t<div class=\"elementor-element elementor-element-64e5906 elementor-widget elementor-widget-heading\" data-id=\"64e5906\" data-element_type=\"widget\" data-e-type=\"widget\" data-widget_type=\"heading.default\">\n\t\t\t\t<div class=\"elementor-widget-container\">\n\t\t\t\t\t<h2 class=\"elementor-heading-title elementor-size-default\">Hesab\u0131n\u0131z\u0131 silin<\/h2>\t\t\t\t<\/div>\n\t\t\t\t<\/div>\n\t\t\t\t<div class=\"elementor-element elementor-element-ff6c86c elementor-widget elementor-widget-text-editor\" data-id=\"ff6c86c\" data-element_type=\"widget\" data-e-type=\"widget\" data-widget_type=\"text-editor.default\">\n\t\t\t\t<div class=\"elementor-widget-container\">\n\t\t\t\t\t\t\t\t\t<p>Hesab\u0131n\u0131z\u0131 silmek i\u00e7in giri\u015f yap\u0131n ve a\u015fa\u011f\u0131daki &#8220;hesab\u0131 sil&#8221; se\u00e7ene\u011fine t\u0131klay\u0131n.<\/p>\t\t\t\t\t\t\t\t<\/div>\n\t\t\t\t<\/div>\n\t\t\t\t<div class=\"elementor-element elementor-element-daa3288 elementor-widget elementor-widget-shortcode\" data-id=\"daa3288\" data-element_type=\"widget\" data-e-type=\"widget\" data-widget_type=\"shortcode.default\">\n\t\t\t\t<div class=\"elementor-widget-container\">\n\t\t\t\t\t\t\t<div class=\"elementor-shortcode\">[plugin_delete_me \/]<\/div>\n\t\t\t\t\t\t<\/div>\n\t\t\t\t<\/div>\n\t\t\t\t\t<\/div>\n\t\t\t\t<\/div>\n\t\t\t\t<\/div>\n\t\t","protected":false},"excerpt":{"rendered":"<p>Kay\u0131t Web sitesinde kay\u0131t olmak i\u00e7in a\u015fa\u011f\u0131daki formu kullan\u0131n. Bu sat\u0131n almak i\u00e7in zorunlu de\u011fil. \u015eifrenizi s\u0131f\u0131rlamak veya hesab\u0131n\u0131z\u0131 silmek i\u00e7in sayfan\u0131n sonuna gidin. \u015eifrenizi s\u0131f\u0131rlay\u0131n \u015eifrenizi s\u0131f\u0131rlay\u0131n. Hesab\u0131n\u0131z\u0131 silin Hesab\u0131n\u0131z\u0131 silmek i\u00e7in giri\u015f yap\u0131n ve a\u015fa\u011f\u0131daki &#8220;hesab\u0131 sil&#8221; se\u00e7ene\u011fine t\u0131klay\u0131n. [plugin_delete_me \/]<\/p>\n","protected":false},"author":1,"featured_media":0,"parent":0,"menu_order":0,"comment_status":"closed","ping_status":"closed","template":"","meta":{"_surecart_dashboard_logo_width":"180px","_surecart_dashboard_show_logo":true,"_surecart_dashboard_navigation_orders":true,"_surecart_dashboard_navigation_invoices":true,"_surecart_dashboard_navigation_subscriptions":true,"_surecart_dashboard_navigation_downloads":true,"_surecart_dashboard_navigation_billing":true,"_surecart_dashboard_navigation_account":true,"footnotes":""},"class_list":["post-15180","page","type-page","status-publish","hentry","entry"],"mb":[],"mfb_rest_fields":["title","gutenberg_elementor_mode"],"_links":{"self":[{"href":"https:\/\/hojichawholesale.eu\/tr\/wp-json\/wp\/v2\/pages\/15180","targetHints":{"allow":["GET"]}}],"collection":[{"href":"https:\/\/hojichawholesale.eu\/tr\/wp-json\/wp\/v2\/pages"}],"about":[{"href":"https:\/\/hojichawholesale.eu\/tr\/wp-json\/wp\/v2\/types\/page"}],"author":[{"embeddable":true,"href":"https:\/\/hojichawholesale.eu\/tr\/wp-json\/wp\/v2\/users\/1"}],"replies":[{"embeddable":true,"href":"https:\/\/hojichawholesale.eu\/tr\/wp-json\/wp\/v2\/comments?post=15180"}],"version-history":[{"count":1,"href":"https:\/\/hojichawholesale.eu\/tr\/wp-json\/wp\/v2\/pages\/15180\/revisions"}],"predecessor-version":[{"id":15183,"href":"https:\/\/hojichawholesale.eu\/tr\/wp-json\/wp\/v2\/pages\/15180\/revisions\/15183"}],"wp:attachment":[{"href":"https:\/\/hojichawholesale.eu\/tr\/wp-json\/wp\/v2\/media?parent=15180"}],"curies":[{"name":"wp","href":"https:\/\/api.w.org\/{rel}","templated":true}]}}