{"id":15169,"date":"2024-10-12T16:25:13","date_gmt":"2024-10-12T16:25:13","guid":{"rendered":"https:\/\/hojichawholesale.eu\/hojicha-powder-latte-toptan\/"},"modified":"2026-04-05T15:21:02","modified_gmt":"2026-04-05T15:21:02","slug":"hojicha-powder-latte-toptan","status":"publish","type":"page","link":"https:\/\/hojichawholesale.eu\/tr\/hojicha-powder-latte-toptan\/","title":{"rendered":"Hojicha Powder Latte (Toptan)"},"content":{"rendered":"\n<h1 class=\"wp-block-heading\">Hojicha Powder Latte (Toptan)<\/h1>\n\n<p><strong>Hojicha Powder Latte&#8217;miz<\/strong>, hojicha tozu, \u015feker kam\u0131\u015f\u0131 ve guar sak\u0131z\u0131ndan yap\u0131larak m\u00fckemmel dengeli ve lezzetli bir i\u00e7ecek. S\u00fct veya s\u00fct alternatifleriyle kar\u0131\u015ft\u0131r\u0131labilir. <\/p>\n<div class=\"wp-block-image\">\n<figure class=\"aligncenter size-full is-resized\"><img fetchpriority=\"high\" decoding=\"async\" width=\"1000\" height=\"1000\" src=\"https:\/\/hojichawholesale.eu\/wp-content\/uploads\/2025\/01\/hojicha-latte-both.webp\" alt=\"Hojicha latte tozu ile inf&#xFC;zlenmi&#x15F; hojicha latte tozunun kar&#x15F;&#x131;la&#x15F;t&#x131;r&#x131;lmas&#x131;.\" class=\"wp-image-7510\" style=\"width:310px;height:auto\" srcset=\"https:\/\/hojichawholesale.eu\/wp-content\/uploads\/2025\/01\/hojicha-latte-both.webp 1000w, https:\/\/hojichawholesale.eu\/wp-content\/uploads\/2025\/01\/hojicha-latte-both-300x300.webp 300w, https:\/\/hojichawholesale.eu\/wp-content\/uploads\/2025\/01\/hojicha-latte-both-150x150.webp 150w, https:\/\/hojichawholesale.eu\/wp-content\/uploads\/2025\/01\/hojicha-latte-both-768x768.webp 768w, https:\/\/hojichawholesale.eu\/wp-content\/uploads\/2025\/01\/hojicha-latte-both-600x600.webp 600w\" sizes=\"(max-width: 1000px) 100vw, 1000px\" \/><\/figure>\n<\/div>\n<hr class=\"wp-block-separator has-alpha-channel-opacity\"\/>\n\n<h2 class=\"wp-block-heading\">\u00dcr\u00fcn \u00d6ne \u00c7\u0131k\u0131nt\u0131lar\u0131<\/h2>\n\n<ul class=\"wp-block-list\">\n<li><strong>T\u00fcr<\/strong>: An\u0131nda Hojicha Latte Kar\u0131\u015f\u0131m\u0131<\/li>\n\n\n\n<li><strong>Malzemeler<\/strong>: Hojicha tozu, \u015feker kam\u0131\u015f\u0131, guar sak\u0131z\u0131.<\/li>\n\n\n\n<li><strong>Ambalaj<\/strong>: Tazelik i\u00e7in yeniden kapat\u0131labilen dik durma \u00e7antas\u0131 (Doypack).<\/li>\n\n\n\n<li><strong>Porsiyon Boyutu<\/strong>: Paket ba\u015f\u0131na yakla\u015f\u0131k 8 porsiyon. <\/li>\n\n\n\n<li><strong>Lezzet Profili<\/strong>: P\u00fcr\u00fczs\u00fcz, f\u0131nd\u0131k gibi, hafif\u00e7e tatl\u0131, kavrulmu\u015f biti\u015f.<\/li>\n\n\n\n<li><strong>Kafein<\/strong>: D\u00fc\u015f\u00fck<\/li>\n\n\n\n<li><strong>Haz\u0131rl\u0131k<\/strong>: H\u0131zl\u0131 ve lezzetli bir hojicha latte i\u00e7in sadece su veya s\u00fct ekleyin.<\/li>\n\n\n\n<li><strong>A\u011f\u0131rl\u0131k<\/strong>: 1 kg po\u015fetlerde mevcuttur. \u0130ste\u011finizle yeniden paketleme m\u00fcmk\u00fcnd\u00fcr.   <\/li>\n<\/ul>\n\n<hr class=\"wp-block-separator has-alpha-channel-opacity\"\/>\n\n<h2 class=\"wp-block-heading\">Toptan Bilgi<\/h2>\n\n<ul class=\"wp-block-list\">\n<li><strong>Minimum Sipari\u015f Miktar\u0131 (MOQ):<\/strong> 600 gram (5 x 120g doypack).<\/li>\n\n\n\n<li><strong>Toplu Fiyatland\u0131rma<\/strong>: Sipari\u015f hacmine g\u00f6re \u00f6zel fiyatlar i\u00e7in bizimle ileti\u015fime ge\u00e7in.<\/li>\n\n\n\n<li><strong>Saklama:<\/strong> Tazeli\u011fi korumak i\u00e7in serin ve kuru bir yerde saklay\u0131n.<\/li>\n\n\n\n<li>Son <strong>kullanma tarihi<\/strong>: Hojicha a\u00e7\u0131lmadan iki y\u0131la kadar saklanabilir ve 5\u00b0C \u2013 10\u00b0C aras\u0131nda saklanabilir.<\/li>\n\n\n\n<li><strong>Sevkiyat<\/strong>: Avrupa k\u0131tas\u0131nda esnek kargo se\u00e7enekleriyle g\u00f6nderme yap\u0131yoruz, acil sipari\u015fler i\u00e7in ekspres teslimat dahil.<\/li>\n<\/ul>\n\n<div class=\"wp-block-columns is-layout-flex wp-container-core-columns-is-layout-28f84493 wp-block-columns-is-layout-flex\">\n<div class=\"wp-block-column is-layout-flow wp-block-column-is-layout-flow\"><div class=\"wp-block-image\">\n<figure class=\"aligncenter size-full is-resized\"><img decoding=\"async\" width=\"1000\" height=\"1000\" src=\"https:\/\/hojichawholesale.eu\/wp-content\/uploads\/2025\/01\/hojicha-latte-powder.webp\" alt=\"\" class=\"wp-image-7534\" style=\"width:314px;height:auto\" srcset=\"https:\/\/hojichawholesale.eu\/wp-content\/uploads\/2025\/01\/hojicha-latte-powder.webp 1000w, https:\/\/hojichawholesale.eu\/wp-content\/uploads\/2025\/01\/hojicha-latte-powder-300x300.webp 300w, https:\/\/hojichawholesale.eu\/wp-content\/uploads\/2025\/01\/hojicha-latte-powder-150x150.webp 150w, https:\/\/hojichawholesale.eu\/wp-content\/uploads\/2025\/01\/hojicha-latte-powder-768x768.webp 768w, https:\/\/hojichawholesale.eu\/wp-content\/uploads\/2025\/01\/hojicha-latte-powder-600x600.webp 600w\" sizes=\"(max-width: 1000px) 100vw, 1000px\" \/><\/figure>\n<\/div><\/div>\n\n\n\n<div class=\"wp-block-column is-layout-flow wp-block-column-is-layout-flow\"><div class=\"wp-block-image\">\n<figure class=\"aligncenter size-large is-resized\"><img decoding=\"async\" width=\"1024\" height=\"1024\" src=\"https:\/\/hojichawholesale.eu\/wp-content\/uploads\/2025\/01\/hojicha-latte-infused-1024x1024.webp\" alt=\"\" class=\"wp-image-7522\" style=\"width:325px;height:auto\" srcset=\"https:\/\/hojichawholesale.eu\/wp-content\/uploads\/2025\/01\/hojicha-latte-infused-1024x1024.webp 1024w, https:\/\/hojichawholesale.eu\/wp-content\/uploads\/2025\/01\/hojicha-latte-infused-300x300.webp 300w, https:\/\/hojichawholesale.eu\/wp-content\/uploads\/2025\/01\/hojicha-latte-infused-150x150.webp 150w, https:\/\/hojichawholesale.eu\/wp-content\/uploads\/2025\/01\/hojicha-latte-infused-768x768.webp 768w, https:\/\/hojichawholesale.eu\/wp-content\/uploads\/2025\/01\/hojicha-latte-infused-1536x1536.webp 1536w, https:\/\/hojichawholesale.eu\/wp-content\/uploads\/2025\/01\/hojicha-latte-infused-600x600.webp 600w, https:\/\/hojichawholesale.eu\/wp-content\/uploads\/2025\/01\/hojicha-latte-infused.webp 2000w\" sizes=\"(max-width: 1024px) 100vw, 1024px\" \/><\/figure>\n<\/div><\/div>\n<\/div>\n\n<hr class=\"wp-block-separator has-alpha-channel-opacity\"\/>\n\n<h2 class=\"wp-block-heading\">Nas\u0131l Haz\u0131rlan\u0131r<\/h2>\n\n<ol class=\"wp-block-list\">\n<li>Fincan\u0131n\u0131za 15g Hojicha Powder Latte <strong>kar\u0131\u015f\u0131m\u0131 ekleyin<\/strong>.<\/li>\n\n\n\n<li>500ml s\u0131cak su veya s\u00fct (veya s\u00fct <strong>alternatifi) ekleyin<\/strong>.<\/li>\n\n\n\n<li>\u0130yi kar\u0131\u015ft\u0131r\u0131n ve hemen kremams\u0131, lezzetli bir hojicha latte&#8217;nin tad\u0131n\u0131 \u00e7\u0131kar\u0131n.<\/li>\n<\/ol>\n\n<hr class=\"wp-block-separator has-alpha-channel-opacity\"\/>\n\n<h2 class=\"wp-block-heading\">\u0130deal<\/h2>\n\n<ul class=\"wp-block-list\">\n<li>M\u00fc\u015fteriler i\u00e7in h\u0131zl\u0131 ve kolay haz\u0131rlanabilir bir hojicha latte se\u00e7ene\u011fi arayan kafeler ve \u00e7ay d\u00fckkanlar\u0131.<\/li>\n\n\n\n<li>Lezzetli bir sindirim yard\u0131m\u0131 sunmak isteyen restoranlar ve oteller.  <\/li>\n\n\n\n<li>Premium \u00e7ay \u00fcr\u00fcnleri ve haz\u0131r i\u00e7ecek kar\u0131\u015f\u0131mlar\u0131 sunan perakende ma\u011fazalar.<\/li>\n<\/ul>\n\n<h2 class=\"wp-block-heading\">Bug\u00fcn \u00d6rnek \u0130steyin<\/h2>\n\n<p>Premium hojicha&#8217;m\u0131z\u0131n zengin, kavrulmu\u015f aromalar\u0131n\u0131 merak ediyor musunuz?  <\/p>\n\n<p>A\u015fa\u011f\u0131ya bilgilerinizi doldurun, size bir \u00f6rnek g\u00f6nderelim. \u00d6zel talepleriniz varsa bize bildirin, teklifimizi i\u015f ihtiya\u00e7lar\u0131n\u0131za g\u00f6re \u00f6zelle\u015ftirmekten memnuniyet duyar\u0131z. <\/p>\n<div class=\"forminator-ui forminator-custom-form forminator-custom-form-1365 forminator-design--flat  forminator_ajax\" data-forminator-render=\"0\" data-form=\"forminator-module-1365\" data-uid=\"69d4935e81b33\"><br\/><\/div><form\n\t\t\t\tid=\"forminator-module-1365\"\n\t\t\t\tclass=\"forminator-ui forminator-custom-form forminator-custom-form-1365 forminator-design--flat  forminator_ajax\"\n\t\t\t\tmethod=\"post\"\n\t\t\t\tdata-forminator-render=\"0\"\n\t\t\t\tdata-form-id=\"1365\"\n\t\t\t\t data-color-option=\"default\" data-design=\"flat\" data-grid=\"open\" style=\"display: none;\"\n\t\t\t\tdata-uid=\"69d4935e81b33\"\n\t\t\t><div role=\"alert\" aria-live=\"polite\" class=\"forminator-response-message forminator-error\" aria-hidden=\"true\"><\/div><div class=\"forminator-row\"><div id=\"name-1\" class=\"forminator-field-name forminator-col forminator-col-6 \"><div class=\"forminator-field\"><input type=\"text\" name=\"name-1\" value=\"\" placeholder=\"First Name\" id=\"forminator-field-name-1_69d4935e81b33\" class=\"forminator-input forminator-name--field\" aria-required=\"true\" autocomplete=\"name\" \/><\/div><\/div><div id=\"name-2\" class=\"forminator-field-name forminator-col forminator-col-6 \"><div class=\"forminator-field\"><input type=\"text\" name=\"name-2\" value=\"\" placeholder=\"Last Name\" id=\"forminator-field-name-2_69d4935e81b33\" class=\"forminator-input forminator-name--field\" aria-required=\"true\" autocomplete=\"name\" \/><\/div><\/div><\/div><div class=\"forminator-row\"><div id=\"email-1\" class=\"forminator-field-email forminator-col forminator-col-12 \"><div class=\"forminator-field\"><input type=\"email\" name=\"email-1\" value=\"\" placeholder=\"Email\" id=\"forminator-field-email-1_69d4935e81b33\" class=\"forminator-input forminator-email--field\" data-required=\"true\" aria-required=\"true\" autocomplete=\"email\" \/><\/div><\/div><\/div><div class=\"forminator-row\"><div id=\"phone-1\" class=\"forminator-field-phone forminator-col forminator-col-12 \"><div class=\"forminator-field\"><input type=\"text\" name=\"phone-1\" value=\"\" placeholder=\"Phone\" id=\"forminator-field-phone-1_69d4935e81b33\" class=\"forminator-input forminator-field--phone\" data-required=\"\" aria-required=\"false\" autocomplete=\"off\" \/><\/div><\/div><\/div><div class=\"forminator-row\"><div id=\"textarea-1\" class=\"forminator-field-textarea forminator-col forminator-col-12 \"><div class=\"forminator-field\"><textarea name=\"textarea-1\" placeholder=\"Message\" id=\"forminator-field-textarea-1_69d4935e81b33\" class=\"forminator-textarea\" rows=\"6\" style=\"min-height:140px;\" ><\/textarea><span id=\"forminator-field-textarea-1_69d4935e81b33-description\" class=\"forminator-description\"><span data-limit=\"300\" data-type=\"words\" data-editor=\"\">0 \/ 300<\/span><\/span><\/div><\/div><\/div><div class=\"forminator-row\"><\/div><input type=\"hidden\" name=\"referer_url\" value=\"\" \/><div class=\"forminator-row forminator-row-last\"><div class=\"forminator-col\"><div class=\"forminator-field\"><button class=\"forminator-button forminator-button-submit\">Send<\/button><\/div><\/div><\/div><input type=\"hidden\" id=\"forminator_nonce\" name=\"forminator_nonce\" value=\"0b51ba8eba\" \/><input type=\"hidden\" name=\"_wp_http_referer\" value=\"\/tr\/wp-json\/wp\/v2\/pages\/15169\" \/><input type=\"hidden\" name=\"form_id\" value=\"1365\"><input type=\"hidden\" name=\"page_id\" value=\"15169\"><input type=\"hidden\" name=\"form_type\" value=\"default\"><input type=\"hidden\" name=\"current_url\" value=\"https:\/\/hojichawholesale.eu\/tr\/hojicha-powder-latte-toptan\/\"><input type=\"hidden\" name=\"render_id\" value=\"0\"><input type=\"hidden\" name=\"action\" value=\"forminator_submit_form_custom-forms\"><label for=\"input_6\" class=\"forminator-hidden\" aria-hidden=\"true\">Please do not fill in this field. <input id=\"input_6\" type=\"text\" name=\"input_6\" value=\"\" autocomplete=\"off\"><\/label><\/form>\n","protected":false},"excerpt":{"rendered":"<p>Hojicha Powder Latte (Toptan) Hojicha Powder Latte&#8217;miz, hojicha tozu, \u015feker kam\u0131\u015f\u0131 ve guar sak\u0131z\u0131ndan yap\u0131larak m\u00fckemmel dengeli ve lezzetli bir i\u00e7ecek. S\u00fct veya s\u00fct alternatifleriyle kar\u0131\u015ft\u0131r\u0131labilir. \u00dcr\u00fcn \u00d6ne \u00c7\u0131k\u0131nt\u0131lar\u0131 Toptan Bilgi Nas\u0131l Haz\u0131rlan\u0131r \u0130deal Bug\u00fcn \u00d6rnek \u0130steyin Premium hojicha&#8217;m\u0131z\u0131n zengin, kavrulmu\u015f aromalar\u0131n\u0131 merak ediyor musunuz? A\u015fa\u011f\u0131ya bilgilerinizi doldurun, size bir \u00f6rnek g\u00f6nderelim. \u00d6zel talepleriniz varsa [&hellip;]<\/p>\n","protected":false},"author":1,"featured_media":15170,"parent":0,"menu_order":0,"comment_status":"closed","ping_status":"closed","template":"","meta":{"_surecart_dashboard_logo_width":"180px","_surecart_dashboard_show_logo":true,"_surecart_dashboard_navigation_orders":true,"_surecart_dashboard_navigation_invoices":true,"_surecart_dashboard_navigation_subscriptions":true,"_surecart_dashboard_navigation_downloads":true,"_surecart_dashboard_navigation_billing":true,"_surecart_dashboard_navigation_account":true,"footnotes":""},"class_list":["post-15169","page","type-page","status-publish","has-post-thumbnail","hentry","entry","has-media"],"mb":[],"mfb_rest_fields":["title","gutenberg_elementor_mode"],"_links":{"self":[{"href":"https:\/\/hojichawholesale.eu\/tr\/wp-json\/wp\/v2\/pages\/15169","targetHints":{"allow":["GET"]}}],"collection":[{"href":"https:\/\/hojichawholesale.eu\/tr\/wp-json\/wp\/v2\/pages"}],"about":[{"href":"https:\/\/hojichawholesale.eu\/tr\/wp-json\/wp\/v2\/types\/page"}],"author":[{"embeddable":true,"href":"https:\/\/hojichawholesale.eu\/tr\/wp-json\/wp\/v2\/users\/1"}],"replies":[{"embeddable":true,"href":"https:\/\/hojichawholesale.eu\/tr\/wp-json\/wp\/v2\/comments?post=15169"}],"version-history":[{"count":0,"href":"https:\/\/hojichawholesale.eu\/tr\/wp-json\/wp\/v2\/pages\/15169\/revisions"}],"wp:featuredmedia":[{"embeddable":true,"href":"https:\/\/hojichawholesale.eu\/tr\/wp-json\/wp\/v2\/media\/15170"}],"wp:attachment":[{"href":"https:\/\/hojichawholesale.eu\/tr\/wp-json\/wp\/v2\/media?parent=15169"}],"curies":[{"name":"wp","href":"https:\/\/api.w.org\/{rel}","templated":true}]}}