{"id":15152,"date":"2024-10-12T14:29:39","date_gmt":"2024-10-12T14:29:39","guid":{"rendered":"https:\/\/hojichawholesale.eu\/hojicha-yapraklarda-toptan\/"},"modified":"2026-04-05T15:21:01","modified_gmt":"2026-04-05T15:21:01","slug":"hojicha-yapraklarda-toptan","status":"publish","type":"page","link":"https:\/\/hojichawholesale.eu\/tr\/hojicha-yapraklarda-toptan\/","title":{"rendered":"Hojicha Yapraklarda (Toptan)"},"content":{"rendered":"\n<h1 class=\"wp-block-heading\">Hojicha Yapraklarda (Toptan)<\/h1>\n\n<p>Hojicha, p\u00fcr\u00fczs\u00fcz ve dumanl\u0131 bir tat sunan, y\u00fcksek kaliteli bir kavrulmu\u015f Japon ye\u015fil \u00e7ay\u0131d\u0131r. Hojicha&#8217;m\u0131z Japonya&#8217;daki \u00e7ay \u00e7iftliklerinden do\u011frudan paketlenir; y\u00fcksek kalite, tazelik ve otantik bir kavrulmu\u015f tat sa\u011flar. <\/p>\n<div class=\"wp-block-image\">\n<figure class=\"aligncenter size-full is-resized\"><img fetchpriority=\"high\" decoding=\"async\" width=\"1000\" height=\"1000\" src=\"https:\/\/hojichawholesale.eu\/wp-content\/uploads\/2025\/01\/Hojicha-dark-leaf-both.webp\" alt=\"Yapraklarda koyu k&#x131;zartma ile yapraklarda koyu k&#x131;zartma ile yapraklarda koyu k&#x131;zartma kar&#x15F;&#x131;la&#x15F;t&#x131;rmas&#x131;\" class=\"wp-image-7434\" style=\"width:365px;height:auto\" srcset=\"https:\/\/hojichawholesale.eu\/wp-content\/uploads\/2025\/01\/Hojicha-dark-leaf-both.webp 1000w, https:\/\/hojichawholesale.eu\/wp-content\/uploads\/2025\/01\/Hojicha-dark-leaf-both-300x300.webp 300w, https:\/\/hojichawholesale.eu\/wp-content\/uploads\/2025\/01\/Hojicha-dark-leaf-both-150x150.webp 150w, https:\/\/hojichawholesale.eu\/wp-content\/uploads\/2025\/01\/Hojicha-dark-leaf-both-768x768.webp 768w, https:\/\/hojichawholesale.eu\/wp-content\/uploads\/2025\/01\/Hojicha-dark-leaf-both-600x600.webp 600w\" sizes=\"(max-width: 1000px) 100vw, 1000px\" \/><\/figure>\n<\/div>\n<hr class=\"wp-block-separator has-alpha-channel-opacity\"\/>\n\n<h2 class=\"wp-block-heading\">\u00dcr\u00fcn \u00d6ne \u00c7\u0131k\u0131nt\u0131lar\u0131<\/h2>\n\n<ul class=\"wp-block-list\">\n<li><strong>T\u00fcr<\/strong>: F\u0131r\u0131nlanm\u0131\u015f Ye\u015fil \u00c7ay (Hojicha)<\/li>\n\n\n\n<li><strong>K\u00f6ken<\/strong>: Shizuoka, Japonya<\/li>\n\n\n\n<li><strong>Form<\/strong>: Yapraklar<\/li>\n\n\n\n<li><strong>K\u0131zartma Seviyesi<\/strong>: Orta<\/li>\n\n\n\n<li><strong>Hasat Sezonu<\/strong>: \u0130lkbahar\/Yaz<\/li>\n\n\n\n<li><strong>\u0130\u015fleme<\/strong>: Porselen i\u00e7inde kavrulmu\u015f ye\u015fil \u00e7ay yapraklar\u0131.  <\/li>\n\n\n\n<li><strong>Lezzet Profili<\/strong>: Yumu\u015fak, kavrulmu\u015f, tatl\u0131 karamel ve f\u0131nd\u0131k alt tonlar\u0131<\/li>\n\n\n\n<li><strong>Kafein<\/strong>: D\u00fc\u015f\u00fck<\/li>\n\n\n\n<li><strong>Ambalaj<\/strong>: 500g doypack&#8217;larda (yeniden kapat\u0131labilir po\u015fetler) mevcuttur. Etiketsiz. <\/li>\n<\/ul>\n\n<hr class=\"wp-block-separator has-alpha-channel-opacity\"\/>\n\n<h2 class=\"wp-block-heading\">Hojicha Tozunun Faydalar\u0131<\/h2>\n\n<ul class=\"wp-block-list\">\n<li><strong>Zengin Aroma<\/strong>: S\u0131cak suya kar\u0131\u015ft\u0131rmak i\u00e7in yo\u011fun kavrulmu\u015f aroma.<\/li>\n\n\n\n<li><strong>D\u00fc\u015f\u00fck Kafein<\/strong>: G\u00fcn boyunca, hatta ak\u015fam bile keyif almak i\u00e7in m\u00fckemmeldir.<\/li>\n\n\n\n<li><strong>\u00c7ok Y\u00f6nl\u00fc<\/strong>: Sabah, \u00f6\u011fle, \u00f6\u011fleden sonra ve ak\u015famlar i\u00e7in ideal.  <\/li>\n<\/ul>\n\n<hr class=\"wp-block-separator has-alpha-channel-opacity\"\/>\n\n<h2 class=\"wp-block-heading\">Toptan Bilgi<\/h2>\n\n<ul class=\"wp-block-list\">\n<li><strong>Minimum Sipari\u015f Miktar\u0131 (MOQ):<\/strong> 500g (1 x 500g torba)<\/li>\n\n\n\n<li><strong>Toplu Fiyatland\u0131rma<\/strong>: \u00d6zel fiyatland\u0131rma i\u00e7in ileti\u015fime ge\u00e7in.  <\/li>\n\n\n\n<li><strong>Depolama<\/strong>: Serin ve kuru bir ortamda sakla.  <\/li>\n\n\n\n<li>Son <strong>kullanma tarihi<\/strong>: Hojicha a\u00e7\u0131lmadan iki y\u0131la kadar saklanabilir ve 5\u00b0C \u2013 10\u00b0C aras\u0131nda saklanabilir.<\/li>\n\n\n\n<li><strong>Sevkiyat<\/strong>: Avrupa k\u0131tas\u0131nda esnek kargo se\u00e7enekleriyle g\u00f6nderme yap\u0131yoruz, acil sipari\u015fler i\u00e7in ekspres teslimat dahil.<\/li>\n<\/ul>\n\n<div class=\"wp-block-columns is-layout-flex wp-container-core-columns-is-layout-28f84493 wp-block-columns-is-layout-flex\">\n<div class=\"wp-block-column is-layout-flow wp-block-column-is-layout-flow\"><div class=\"wp-block-image\">\n<figure class=\"aligncenter size-full is-resized\"><img decoding=\"async\" width=\"1000\" height=\"1000\" src=\"https:\/\/hojichawholesale.eu\/wp-content\/uploads\/2025\/01\/Hojicha-dark-leaf.webp\" alt=\"\" class=\"wp-image-7458\" style=\"width:311px;height:auto\" srcset=\"https:\/\/hojichawholesale.eu\/wp-content\/uploads\/2025\/01\/Hojicha-dark-leaf.webp 1000w, https:\/\/hojichawholesale.eu\/wp-content\/uploads\/2025\/01\/Hojicha-dark-leaf-300x300.webp 300w, https:\/\/hojichawholesale.eu\/wp-content\/uploads\/2025\/01\/Hojicha-dark-leaf-150x150.webp 150w, https:\/\/hojichawholesale.eu\/wp-content\/uploads\/2025\/01\/Hojicha-dark-leaf-768x768.webp 768w, https:\/\/hojichawholesale.eu\/wp-content\/uploads\/2025\/01\/Hojicha-dark-leaf-600x600.webp 600w\" sizes=\"(max-width: 1000px) 100vw, 1000px\" \/><\/figure>\n<\/div><\/div>\n\n\n\n<div class=\"wp-block-column is-layout-flow wp-block-column-is-layout-flow\"><div class=\"wp-block-image\">\n<figure class=\"aligncenter size-large is-resized\"><img decoding=\"async\" width=\"1024\" height=\"1024\" src=\"https:\/\/hojichawholesale.eu\/wp-content\/uploads\/2025\/01\/Hojicha-dark-leaf-infused-1024x1024.webp\" alt=\"\" class=\"wp-image-7446\" style=\"width:313px;height:auto\" srcset=\"https:\/\/hojichawholesale.eu\/wp-content\/uploads\/2025\/01\/Hojicha-dark-leaf-infused-1024x1024.webp 1024w, https:\/\/hojichawholesale.eu\/wp-content\/uploads\/2025\/01\/Hojicha-dark-leaf-infused-300x300.webp 300w, https:\/\/hojichawholesale.eu\/wp-content\/uploads\/2025\/01\/Hojicha-dark-leaf-infused-150x150.webp 150w, https:\/\/hojichawholesale.eu\/wp-content\/uploads\/2025\/01\/Hojicha-dark-leaf-infused-768x768.webp 768w, https:\/\/hojichawholesale.eu\/wp-content\/uploads\/2025\/01\/Hojicha-dark-leaf-infused-1536x1536.webp 1536w, https:\/\/hojichawholesale.eu\/wp-content\/uploads\/2025\/01\/Hojicha-dark-leaf-infused-600x600.webp 600w, https:\/\/hojichawholesale.eu\/wp-content\/uploads\/2025\/01\/Hojicha-dark-leaf-infused.webp 2000w\" sizes=\"(max-width: 1024px) 100vw, 1024px\" \/><\/figure>\n<\/div><\/div>\n<\/div>\n\n<hr class=\"wp-block-separator has-alpha-channel-opacity\"\/>\n\n<h2 class=\"wp-block-heading\">Hojicha Tozu Nas\u0131l Kullan\u0131l\u0131r<\/h2>\n\n<ul class=\"wp-block-list\">\n<li><strong>Hojicha<\/strong>: 2 \u00e7ay ka\u015f\u0131\u011f\u0131 Hojicha&#8217;y\u0131 200ml s\u0131cak suyla kar\u0131\u015ft\u0131r\u0131n.<\/li>\n<\/ul>\n\n<hr class=\"wp-block-separator has-alpha-channel-opacity\"\/>\n\n<h2 class=\"wp-block-heading\">\u0130deal<\/h2>\n\n<ul class=\"wp-block-list\">\n<li>Hojicha gibi kavrulmu\u015f ye\u015fil \u00e7ay i\u00e7eceklerini men\u00fclerine eklemek isteyen kafeler ve \u00e7ay d\u00fckkanlar\u0131.<\/li>\n\n\n\n<li>D\u00fc\u015f\u00fck kafeinli \u00e7ay alternatifini tercih eden sa\u011fl\u0131k bilinciyle m\u00fc\u015fteriler.<\/li>\n<\/ul>\n\n<h2 class=\"wp-block-heading\">Bug\u00fcn \u00d6rnek \u0130steyin<\/h2>\n\n<p>Premium hojicha&#8217;m\u0131z\u0131n zengin, kavrulmu\u015f aromalar\u0131n\u0131 merak ediyor musunuz?  <\/p>\n\n<p>A\u015fa\u011f\u0131ya bilgilerinizi doldurun, size bir \u00f6rnek g\u00f6nderelim. \u00d6zel talepleriniz varsa bize bildirin, teklifimizi i\u015f ihtiya\u00e7lar\u0131n\u0131za g\u00f6re \u00f6zelle\u015ftirmekten memnuniyet duyar\u0131z. <\/p>\n<div class=\"forminator-ui forminator-custom-form forminator-custom-form-1365 forminator-design--flat  forminator_ajax\" data-forminator-render=\"0\" data-form=\"forminator-module-1365\" data-uid=\"69d5e3ab8e402\"><br\/><\/div><form\n\t\t\t\tid=\"forminator-module-1365\"\n\t\t\t\tclass=\"forminator-ui forminator-custom-form forminator-custom-form-1365 forminator-design--flat  forminator_ajax\"\n\t\t\t\tmethod=\"post\"\n\t\t\t\tdata-forminator-render=\"0\"\n\t\t\t\tdata-form-id=\"1365\"\n\t\t\t\t data-color-option=\"default\" data-design=\"flat\" data-grid=\"open\" style=\"display: none;\"\n\t\t\t\tdata-uid=\"69d5e3ab8e402\"\n\t\t\t><div role=\"alert\" aria-live=\"polite\" class=\"forminator-response-message forminator-error\" aria-hidden=\"true\"><\/div><div class=\"forminator-row\"><div id=\"name-1\" class=\"forminator-field-name forminator-col forminator-col-6 \"><div class=\"forminator-field\"><input type=\"text\" name=\"name-1\" value=\"\" placeholder=\"First Name\" id=\"forminator-field-name-1_69d5e3ab8e402\" class=\"forminator-input forminator-name--field\" aria-required=\"true\" autocomplete=\"name\" \/><\/div><\/div><div id=\"name-2\" class=\"forminator-field-name forminator-col forminator-col-6 \"><div class=\"forminator-field\"><input type=\"text\" name=\"name-2\" value=\"\" placeholder=\"Last Name\" id=\"forminator-field-name-2_69d5e3ab8e402\" class=\"forminator-input forminator-name--field\" aria-required=\"true\" autocomplete=\"name\" \/><\/div><\/div><\/div><div class=\"forminator-row\"><div id=\"email-1\" class=\"forminator-field-email forminator-col forminator-col-12 \"><div class=\"forminator-field\"><input type=\"email\" name=\"email-1\" value=\"\" placeholder=\"Email\" id=\"forminator-field-email-1_69d5e3ab8e402\" class=\"forminator-input forminator-email--field\" data-required=\"true\" aria-required=\"true\" autocomplete=\"email\" \/><\/div><\/div><\/div><div class=\"forminator-row\"><div id=\"phone-1\" class=\"forminator-field-phone forminator-col forminator-col-12 \"><div class=\"forminator-field\"><input type=\"text\" name=\"phone-1\" value=\"\" placeholder=\"Phone\" id=\"forminator-field-phone-1_69d5e3ab8e402\" class=\"forminator-input forminator-field--phone\" data-required=\"\" aria-required=\"false\" autocomplete=\"off\" \/><\/div><\/div><\/div><div class=\"forminator-row\"><div id=\"textarea-1\" class=\"forminator-field-textarea forminator-col forminator-col-12 \"><div class=\"forminator-field\"><textarea name=\"textarea-1\" placeholder=\"Message\" id=\"forminator-field-textarea-1_69d5e3ab8e402\" class=\"forminator-textarea\" rows=\"6\" style=\"min-height:140px;\" ><\/textarea><span id=\"forminator-field-textarea-1_69d5e3ab8e402-description\" class=\"forminator-description\"><span data-limit=\"300\" data-type=\"words\" data-editor=\"\">0 \/ 300<\/span><\/span><\/div><\/div><\/div><div class=\"forminator-row\"><\/div><input type=\"hidden\" name=\"referer_url\" value=\"\" \/><div class=\"forminator-row forminator-row-last\"><div class=\"forminator-col\"><div class=\"forminator-field\"><button class=\"forminator-button forminator-button-submit\">Send<\/button><\/div><\/div><\/div><input type=\"hidden\" id=\"forminator_nonce\" name=\"forminator_nonce\" value=\"58eeeb5d3e\" \/><input type=\"hidden\" name=\"_wp_http_referer\" value=\"\/tr\/wp-json\/wp\/v2\/pages\/15152\" \/><input type=\"hidden\" name=\"form_id\" value=\"1365\"><input type=\"hidden\" name=\"page_id\" value=\"15152\"><input type=\"hidden\" name=\"form_type\" value=\"default\"><input type=\"hidden\" name=\"current_url\" value=\"https:\/\/hojichawholesale.eu\/tr\/hojicha-yapraklarda-toptan\/\"><input type=\"hidden\" name=\"render_id\" value=\"0\"><input type=\"hidden\" name=\"action\" value=\"forminator_submit_form_custom-forms\"><label for=\"input_6\" class=\"forminator-hidden\" aria-hidden=\"true\">Please do not fill in this field. <input id=\"input_6\" type=\"text\" name=\"input_6\" value=\"\" autocomplete=\"off\"><\/label><\/form>\n","protected":false},"excerpt":{"rendered":"<p>Hojicha Yapraklarda (Toptan) Hojicha, p\u00fcr\u00fczs\u00fcz ve dumanl\u0131 bir tat sunan, y\u00fcksek kaliteli bir kavrulmu\u015f Japon ye\u015fil \u00e7ay\u0131d\u0131r. Hojicha&#8217;m\u0131z Japonya&#8217;daki \u00e7ay \u00e7iftliklerinden do\u011frudan paketlenir; y\u00fcksek kalite, tazelik ve otantik bir kavrulmu\u015f tat sa\u011flar. \u00dcr\u00fcn \u00d6ne \u00c7\u0131k\u0131nt\u0131lar\u0131 Hojicha Tozunun Faydalar\u0131 Toptan Bilgi Hojicha Tozu Nas\u0131l Kullan\u0131l\u0131r \u0130deal Bug\u00fcn \u00d6rnek \u0130steyin Premium hojicha&#8217;m\u0131z\u0131n zengin, kavrulmu\u015f aromalar\u0131n\u0131 merak ediyor [&hellip;]<\/p>\n","protected":false},"author":1,"featured_media":15155,"parent":0,"menu_order":0,"comment_status":"closed","ping_status":"closed","template":"","meta":{"_surecart_dashboard_logo_width":"180px","_surecart_dashboard_show_logo":true,"_surecart_dashboard_navigation_orders":true,"_surecart_dashboard_navigation_invoices":true,"_surecart_dashboard_navigation_subscriptions":true,"_surecart_dashboard_navigation_downloads":true,"_surecart_dashboard_navigation_billing":true,"_surecart_dashboard_navigation_account":true,"footnotes":""},"class_list":["post-15152","page","type-page","status-publish","has-post-thumbnail","hentry","entry","has-media"],"mb":[],"mfb_rest_fields":["title","gutenberg_elementor_mode"],"_links":{"self":[{"href":"https:\/\/hojichawholesale.eu\/tr\/wp-json\/wp\/v2\/pages\/15152","targetHints":{"allow":["GET"]}}],"collection":[{"href":"https:\/\/hojichawholesale.eu\/tr\/wp-json\/wp\/v2\/pages"}],"about":[{"href":"https:\/\/hojichawholesale.eu\/tr\/wp-json\/wp\/v2\/types\/page"}],"author":[{"embeddable":true,"href":"https:\/\/hojichawholesale.eu\/tr\/wp-json\/wp\/v2\/users\/1"}],"replies":[{"embeddable":true,"href":"https:\/\/hojichawholesale.eu\/tr\/wp-json\/wp\/v2\/comments?post=15152"}],"version-history":[{"count":0,"href":"https:\/\/hojichawholesale.eu\/tr\/wp-json\/wp\/v2\/pages\/15152\/revisions"}],"wp:featuredmedia":[{"embeddable":true,"href":"https:\/\/hojichawholesale.eu\/tr\/wp-json\/wp\/v2\/media\/15155"}],"wp:attachment":[{"href":"https:\/\/hojichawholesale.eu\/tr\/wp-json\/wp\/v2\/media?parent=15152"}],"curies":[{"name":"wp","href":"https:\/\/api.w.org\/{rel}","templated":true}]}}