{"id":15143,"date":"2024-12-11T21:40:39","date_gmt":"2024-12-11T21:40:39","guid":{"rendered":"https:\/\/hojichawholesale.eu\/beyaz-etiket-hojicha\/"},"modified":"2026-04-05T15:21:01","modified_gmt":"2026-04-05T15:21:01","slug":"beyaz-etiket-hojicha","status":"publish","type":"page","link":"https:\/\/hojichawholesale.eu\/tr\/beyaz-etiket-hojicha\/","title":{"rendered":"Beyaz Etiket Hojicha"},"content":{"rendered":"\n<h1 class=\"wp-block-heading\">Beyaz Etiket Hojicha<\/h1>\n\n<p>Kendi \u00e7ay markan\u0131z\u0131 piyasaya s\u00fcrmeye veya \u00fcr\u00fcn yelpazesinizi geni\u015fletmeye haz\u0131r m\u0131s\u0131n\u0131z? \u00dcr\u00fcnlerinizi ham maddeden rafa haz\u0131r ba\u015fyap\u0131ta ta\u015f\u0131yan, markan\u0131z\u0131n yolculu\u011funun her ad\u0131m\u0131n\u0131 kar\u015f\u0131layacak <a href=\"https:\/\/doypacked.eu\/\" target=\"_blank\" rel=\"noopener\">tam hizmet i\u00e7eren bir \u00fcretim paketi<\/a> sunuyoruz: <\/p>\n\n<h3 class=\"wp-block-heading\">1. Uzman Kaynak Kullan\u0131m\u0131<\/h3>\n\n<p>Japon \u00e7ay \u00e7iftlikleri ile sizin i\u015finiz aras\u0131ndaki bo\u015flu\u011fu kapat\u0131yoruz. Y\u00fcksek kaliteli, otantik Hojicha yapraklar\u0131 ve tozlar\u0131n\u0131 do\u011frudan Japonya&#8217;dan temin ediyoruz, b\u00f6ylece m\u00fc\u015fterileriniz i\u00e7in tutarl\u0131 tat ve kaliteli kalite sa\u011fl\u0131yoruz. <\/p>\n\n<h3 class=\"wp-block-heading\">2. \u00d6zel Tarif ve Toz Kar\u0131\u015f\u0131m\u0131<\/h3>\n\n<p>Benzersiz bir vizyonunuz mu var? Markan\u0131za \u00f6zel kar\u0131\u015f\u0131mlar olu\u015fturabiliriz. Hojicha&#8217;y\u0131 i\u015flevsel malzemeler, aromalar veya tatland\u0131r\u0131c\u0131larla kar\u0131\u015ft\u0131rmak isteyin, ihtiyac\u0131n\u0131z olan tarifi do\u011fru \u015fekilde kar\u0131\u015ft\u0131rabiliriz.  <\/p>\n\n<h3 class=\"wp-block-heading\">3. Profesyonel Ambalaj ve Etiketleme<\/h3>\n\n<p>Markan\u0131z\u0131n esteti\u011fine uygun esnek ambalaj se\u00e7enekleri sunuyoruz:<\/p>\n\n<ul class=\"wp-block-list\">\n<li><strong>Doypacks:<\/strong> Y\u00fcksek kaliteli <strong>\u00f6zel bask\u0131<\/strong> veya <strong>etiket uygulamas\u0131yla<\/strong> modern, ayakta duran po\u015fetler mevcuttur.<\/li>\n\n\n\n<li><strong>Teneke Kutular:<\/strong> L\u00fcks bir his i\u00e7in premium, dayan\u0131kl\u0131 metal kutular, temiz ve profesyonel bir g\u00f6r\u00fcn\u00fcm i\u00e7in uzman etiketiyle tamamlanm\u0131\u015f.<\/li>\n<\/ul>\n\n<h3 class=\"wp-block-heading\">4. Tazeli\u011fi Koruma (Azot Y\u0131kama)<\/h3>\n\n<p>Hojicha&#8217;n\u0131z\u0131n kavuruldu\u011fu g\u00fcnk\u00fc taze tad\u0131 i\u00e7in <strong>azot temizleme<\/strong> sunuyoruz. S\u0131zd\u0131rmazl\u0131k s\u00fcrecinde oksijeni g\u0131da kalitesinde azotla de\u011fi\u015ftirerek, raf \u00f6mr\u00fcn\u00fc \u00f6nemli \u00f6l\u00e7\u00fcde uzat\u0131r ve \u00e7ay\u0131n\u0131z\u0131n narin aromas\u0131n\u0131 ve canl\u0131 tad\u0131n\u0131 koruruz. <\/p>\n\n<h2 class=\"wp-block-heading\"><strong>Hojicha&#8217;n\u0131 neden beyaz etiketle etiketledin?<\/strong><\/h2>\n\n<ul class=\"wp-block-list\">\n<li><strong>B\u00fcy\u00fcmeye Odak:<\/strong> Tedarik ve \u00fcretimi bize devredin ki tamamen pazarlama ve sat\u0131\u015fa odaklanabilesiniz. Lojisti\u011fi biz hallederiz; Marka in\u015fa edersin. <\/li>\n\n\n\n<li><strong>Tam Yarat\u0131c\u0131 Kontrol:<\/strong> Pudran\u0131n \u00f6zel kavrulma profilinden nihai ambalaj esteti\u011fine kadar, vizyonunuzu en k\u00fc\u00e7\u00fck detaya kadar hayata ge\u00e7iriyoruz.<\/li>\n\n\n\n<li><strong>Masa\u00fcst\u00fcn\u00fczden \u0130\u015flemler:<\/strong> Amazon FBA&#8217;y\u0131 ya da b\u00fcy\u00fck s\u00fcpermarketleri hedefliyor olun, tedarik zincirini y\u00f6netiyoruz ve do\u011frudan belirlenen merkezlerinize g\u00f6nderme yap\u0131yoruz.<\/li>\n\n\n\n<li><strong>D\u00fczenlemelerde Kolayl\u0131kla Gezin:<\/strong> G\u0131da uyumu karma\u015f\u0131k ve maliyetlidir. Sertifikal\u0131 ve sade s\u00fcre\u00e7lerimizi kullanarak d\u00fczenleyici sorunlar\u0131 atlay\u0131n. <\/li>\n<\/ul>\n\n<p><strong>Tam Hizmet Avantaj\u0131<\/strong>: \u00c7o\u011fu \u00e7ay toptanc\u0131s\u0131 1kg po\u015fette durur. Bu durum, markalar\u0131 ikincil bir ortak paketleyici bulmaya zorlar; bu da teslim s\u00fcresini art\u0131r\u0131r ve k\u00e2r marjlar\u0131n\u0131 azalt\u0131r. Biz farkl\u0131y\u0131z: toplu tedarik hizmetlerinden perakendede haz\u0131r 50g kutulara veya doypack&#8217;lere kadar her \u015feyi hallediyoruz.  <\/p>\n\n<h2 class=\"wp-block-heading\"><strong>Beyaz Etiket S\u00fcreci: Ad\u0131m Ad\u0131m<\/strong><\/h2>\n\n<ol class=\"wp-block-list\">\n<li><strong>\u00c7ay\u0131n\u0131z\u0131 Se\u00e7in:<\/strong> Se\u00e7ebilece\u011finiz geni\u015f bir \u00e7ay \u00e7e\u015fitlili\u011fi sunuyoruz.<\/li>\n\n\n\n<li><strong>Ambalaj\u0131 se\u00e7in:<\/strong> Doypackler veya teneke kutular, bo\u015f veya bas\u0131lm\u0131\u015f, etiketli veya etiketsiz, markan\u0131z ve \u00fcr\u00fcn\u00fcn\u00fcz hakk\u0131nda kendinizi iyi hissetmenizi sa\u011flamak i\u00e7in esnek se\u00e7eneklerimiz var.<\/li>\n\n\n\n<li><strong>Sat\u0131\u015fa Ba\u015flay\u0131n:<\/strong> Markan\u0131z yerinde, m\u00fc\u015fterilerinize premium, \u00f6zel etiketli bir hojicha sunmaya haz\u0131rs\u0131n\u0131z ve onu benzersiz \u015fekilde kendili\u011finiz haline getirirsiniz.<\/li>\n<\/ol>\n\n<h2 class=\"wp-block-heading\"><strong>Neden Hojicha Wholesale ile Ortakl\u0131k Kuruyorsunuz?<\/strong><\/h2>\n\n<ul class=\"wp-block-list\">\n<li><strong>Uzman Kaynaklar\u0131:<\/strong> Japonya&#8217;daki deneyimli \u00e7ay \u00e7ift\u00e7ileri ve \u00fcreticileriyle g\u00fc\u00e7l\u00fc ortakl\u0131klar kurarak tutarl\u0131 kalite ve arz sa\u011flad\u0131k.<\/li>\n\n\n\n<li><strong>Kolay Entegrasyon:<\/strong> Beyaz etiketli \u00e7\u00f6z\u00fcmlerimiz sadelik d\u00fc\u015f\u00fcn\u00fclerek tasarlanm\u0131\u015ft\u0131r. Karma\u015f\u0131k s\u00fcre\u00e7ler yok, sadece marka \u00f6\u011felerinizi ekleyin ve sat\u0131\u015fa ba\u015flay\u0131n. <\/li>\n\n\n\n<li><strong>\u00d6zel Destek:<\/strong> \u0130lk sipari\u015f taleplerinden sat\u0131\u015f sonras\u0131 deste\u011fe kadar her ad\u0131mda size yard\u0131mc\u0131 olmak i\u00e7in buraday\u0131z.<\/li>\n<\/ul>\n\n<h2 class=\"wp-block-heading\"><strong>Ba\u015flamaya Haz\u0131r m\u0131s\u0131n\u0131z?<\/strong><\/h2>\n\n<p>Bug\u00fcn bizimle ileti\u015fime ge\u00e7ip teklif talep edin, fiyatland\u0131rma katmanlar\u0131m\u0131z hakk\u0131nda daha fazla bilgi edinin ve beyaz etiket s\u00fcrecine ba\u015flay\u0131n. Ba\u015flaman\u0131zda yard\u0131mc\u0131 olmaktan memnuniyet duyar\u0131z! <\/p>\n<div class=\"forminator-ui forminator-custom-form forminator-custom-form-1365 forminator-design--flat  forminator_ajax\" data-forminator-render=\"0\" data-form=\"forminator-module-1365\" data-uid=\"69d450676cf63\"><br\/><\/div><form\n\t\t\t\tid=\"forminator-module-1365\"\n\t\t\t\tclass=\"forminator-ui forminator-custom-form forminator-custom-form-1365 forminator-design--flat  forminator_ajax\"\n\t\t\t\tmethod=\"post\"\n\t\t\t\tdata-forminator-render=\"0\"\n\t\t\t\tdata-form-id=\"1365\"\n\t\t\t\t data-color-option=\"default\" data-design=\"flat\" data-grid=\"open\" style=\"display: none;\"\n\t\t\t\tdata-uid=\"69d450676cf63\"\n\t\t\t><div role=\"alert\" aria-live=\"polite\" class=\"forminator-response-message forminator-error\" aria-hidden=\"true\"><\/div><div class=\"forminator-row\"><div id=\"name-1\" class=\"forminator-field-name forminator-col forminator-col-6 \"><div class=\"forminator-field\"><input type=\"text\" name=\"name-1\" value=\"\" placeholder=\"First Name\" id=\"forminator-field-name-1_69d450676cf63\" class=\"forminator-input forminator-name--field\" aria-required=\"true\" autocomplete=\"name\" \/><\/div><\/div><div id=\"name-2\" class=\"forminator-field-name forminator-col forminator-col-6 \"><div class=\"forminator-field\"><input type=\"text\" name=\"name-2\" value=\"\" placeholder=\"Last Name\" id=\"forminator-field-name-2_69d450676cf63\" class=\"forminator-input forminator-name--field\" aria-required=\"true\" autocomplete=\"name\" \/><\/div><\/div><\/div><div class=\"forminator-row\"><div id=\"email-1\" class=\"forminator-field-email forminator-col forminator-col-12 \"><div class=\"forminator-field\"><input type=\"email\" name=\"email-1\" value=\"\" placeholder=\"Email\" id=\"forminator-field-email-1_69d450676cf63\" class=\"forminator-input forminator-email--field\" data-required=\"true\" aria-required=\"true\" autocomplete=\"email\" \/><\/div><\/div><\/div><div class=\"forminator-row\"><div id=\"phone-1\" class=\"forminator-field-phone forminator-col forminator-col-12 \"><div class=\"forminator-field\"><input type=\"text\" name=\"phone-1\" value=\"\" placeholder=\"Phone\" id=\"forminator-field-phone-1_69d450676cf63\" class=\"forminator-input forminator-field--phone\" data-required=\"\" aria-required=\"false\" autocomplete=\"off\" \/><\/div><\/div><\/div><div class=\"forminator-row\"><div id=\"textarea-1\" class=\"forminator-field-textarea forminator-col forminator-col-12 \"><div class=\"forminator-field\"><textarea name=\"textarea-1\" placeholder=\"Message\" id=\"forminator-field-textarea-1_69d450676cf63\" class=\"forminator-textarea\" rows=\"6\" style=\"min-height:140px;\" ><\/textarea><span id=\"forminator-field-textarea-1_69d450676cf63-description\" class=\"forminator-description\"><span data-limit=\"300\" data-type=\"words\" data-editor=\"\">0 \/ 300<\/span><\/span><\/div><\/div><\/div><div class=\"forminator-row\"><\/div><input type=\"hidden\" name=\"referer_url\" value=\"\" \/><div class=\"forminator-row forminator-row-last\"><div class=\"forminator-col\"><div class=\"forminator-field\"><button class=\"forminator-button forminator-button-submit\">Send<\/button><\/div><\/div><\/div><input type=\"hidden\" id=\"forminator_nonce\" name=\"forminator_nonce\" value=\"0b51ba8eba\" \/><input type=\"hidden\" name=\"_wp_http_referer\" value=\"\/tr\/wp-json\/wp\/v2\/pages\/15143\" \/><input type=\"hidden\" name=\"form_id\" value=\"1365\"><input type=\"hidden\" name=\"page_id\" value=\"15143\"><input type=\"hidden\" name=\"form_type\" value=\"default\"><input type=\"hidden\" name=\"current_url\" value=\"https:\/\/hojichawholesale.eu\/tr\/beyaz-etiket-hojicha\/\"><input type=\"hidden\" name=\"render_id\" value=\"0\"><input type=\"hidden\" name=\"action\" value=\"forminator_submit_form_custom-forms\"><label for=\"input_6\" class=\"forminator-hidden\" aria-hidden=\"true\">Please do not fill in this field. <input id=\"input_6\" type=\"text\" name=\"input_6\" value=\"\" autocomplete=\"off\"><\/label><\/form>\n","protected":false},"excerpt":{"rendered":"<p>Beyaz Etiket Hojicha Kendi \u00e7ay markan\u0131z\u0131 piyasaya s\u00fcrmeye veya \u00fcr\u00fcn yelpazesinizi geni\u015fletmeye haz\u0131r m\u0131s\u0131n\u0131z? \u00dcr\u00fcnlerinizi ham maddeden rafa haz\u0131r ba\u015fyap\u0131ta ta\u015f\u0131yan, markan\u0131z\u0131n yolculu\u011funun her ad\u0131m\u0131n\u0131 kar\u015f\u0131layacak tam hizmet i\u00e7eren bir \u00fcretim paketi sunuyoruz: 1. Uzman Kaynak Kullan\u0131m\u0131 Japon \u00e7ay \u00e7iftlikleri ile sizin i\u015finiz aras\u0131ndaki bo\u015flu\u011fu kapat\u0131yoruz. Y\u00fcksek kaliteli, otantik Hojicha yapraklar\u0131 ve tozlar\u0131n\u0131 do\u011frudan Japonya&#8217;dan [&hellip;]<\/p>\n","protected":false},"author":1,"featured_media":15145,"parent":0,"menu_order":0,"comment_status":"closed","ping_status":"closed","template":"","meta":{"_surecart_dashboard_logo_width":"180px","_surecart_dashboard_show_logo":true,"_surecart_dashboard_navigation_orders":true,"_surecart_dashboard_navigation_invoices":true,"_surecart_dashboard_navigation_subscriptions":true,"_surecart_dashboard_navigation_downloads":true,"_surecart_dashboard_navigation_billing":true,"_surecart_dashboard_navigation_account":true,"footnotes":""},"class_list":["post-15143","page","type-page","status-publish","has-post-thumbnail","hentry","entry","has-media"],"mb":[],"mfb_rest_fields":["title","gutenberg_elementor_mode"],"_links":{"self":[{"href":"https:\/\/hojichawholesale.eu\/tr\/wp-json\/wp\/v2\/pages\/15143","targetHints":{"allow":["GET"]}}],"collection":[{"href":"https:\/\/hojichawholesale.eu\/tr\/wp-json\/wp\/v2\/pages"}],"about":[{"href":"https:\/\/hojichawholesale.eu\/tr\/wp-json\/wp\/v2\/types\/page"}],"author":[{"embeddable":true,"href":"https:\/\/hojichawholesale.eu\/tr\/wp-json\/wp\/v2\/users\/1"}],"replies":[{"embeddable":true,"href":"https:\/\/hojichawholesale.eu\/tr\/wp-json\/wp\/v2\/comments?post=15143"}],"version-history":[{"count":0,"href":"https:\/\/hojichawholesale.eu\/tr\/wp-json\/wp\/v2\/pages\/15143\/revisions"}],"wp:featuredmedia":[{"embeddable":true,"href":"https:\/\/hojichawholesale.eu\/tr\/wp-json\/wp\/v2\/media\/15145"}],"wp:attachment":[{"href":"https:\/\/hojichawholesale.eu\/tr\/wp-json\/wp\/v2\/media?parent=15143"}],"curies":[{"name":"wp","href":"https:\/\/api.w.org\/{rel}","templated":true}]}}