{"id":15134,"date":"2024-10-12T14:14:16","date_gmt":"2024-10-12T14:14:16","guid":{"rendered":"https:\/\/hojichawholesale.eu\/hojicha-koyu-kizartma-tozu-toptan\/"},"modified":"2026-04-05T15:21:01","modified_gmt":"2026-04-05T15:21:01","slug":"hojicha-koyu-kizartma-tozu-toptan","status":"publish","type":"page","link":"https:\/\/hojichawholesale.eu\/tr\/hojicha-koyu-kizartma-tozu-toptan\/","title":{"rendered":"Hojicha Koyu K\u0131zartma Tozu (Toptan)"},"content":{"rendered":"\n<h1 class=\"wp-block-heading\">Hojicha Koyu K\u0131zartma Tozu (Toptan)<\/h1>\n\n<p><strong>Hojicha Koyu K\u0131zartma<\/strong> <strong>Pudras\u0131 <\/strong>, daha sa\u011flam ve dolgun bir \u00e7ay deneyimi arayanlar i\u00e7in m\u00fckemmel, derin ve yo\u011fun bir kavrulmu\u015f tat sunar.<\/p>\n<div class=\"wp-block-image\">\n<figure class=\"aligncenter size-full is-resized\"><img fetchpriority=\"high\" decoding=\"async\" width=\"1000\" height=\"1000\" src=\"https:\/\/hojichawholesale.eu\/wp-content\/uploads\/2025\/01\/hojicha-dark-powder-both.webp\" alt=\"Hojicha koyu toz ile &#xE7;&#xF6;z&#xFC;lm&#xFC;&#x15F; hojicha koyu tozun kar&#x15F;&#x131;la&#x15F;t&#x131;rmas&#x131;\" class=\"wp-image-7396\" style=\"width:323px;height:auto\" srcset=\"https:\/\/hojichawholesale.eu\/wp-content\/uploads\/2025\/01\/hojicha-dark-powder-both.webp 1000w, https:\/\/hojichawholesale.eu\/wp-content\/uploads\/2025\/01\/hojicha-dark-powder-both-300x300.webp 300w, https:\/\/hojichawholesale.eu\/wp-content\/uploads\/2025\/01\/hojicha-dark-powder-both-150x150.webp 150w, https:\/\/hojichawholesale.eu\/wp-content\/uploads\/2025\/01\/hojicha-dark-powder-both-768x768.webp 768w, https:\/\/hojichawholesale.eu\/wp-content\/uploads\/2025\/01\/hojicha-dark-powder-both-600x600.webp 600w\" sizes=\"(max-width: 1000px) 100vw, 1000px\" \/><\/figure>\n<\/div>\n<hr class=\"wp-block-separator has-alpha-channel-opacity\"\/>\n\n<h2 class=\"wp-block-heading\">\u00dcr\u00fcn \u00d6ne \u00c7\u0131k\u0131nt\u0131lar\u0131<\/h2>\n\n<ul class=\"wp-block-list\">\n<li><strong>T\u00fcr<\/strong>: F\u0131r\u0131nlanm\u0131\u015f Ye\u015fil \u00c7ay (Hojicha)<\/li>\n\n\n\n<li><strong>Form<\/strong>: Toz<\/li>\n\n\n\n<li><strong>K\u00f6ken<\/strong>: Shizuoka, Japonya<\/li>\n\n\n\n<li><strong>K\u0131zartma Seviyesi<\/strong>: Koyu<\/li>\n\n\n\n<li><strong>Hasat Sezonu<\/strong>: \u0130lkbahar\/Yaz<\/li>\n\n\n\n<li><strong>\u0130\u015fleme<\/strong>: Porselende derin bir \u015fekilde kavrularak (300\u00b0C) cesur ve dumanl\u0131 bir aroma yarat\u0131l\u0131r.<\/li>\n\n\n\n<li><strong>Lezzet Profili<\/strong>: Dumanl\u0131, zengin ve hafif tatl\u0131, cesur karamel alt tonlu.<\/li>\n\n\n\n<li><strong>Kafein<\/strong>: \u00c7ok d\u00fc\u015f\u00fck<\/li>\n\n\n\n<li><strong>Ambalaj<\/strong>: 1 kg po\u015fetlerde mevcuttur. \u0130ste\u011finizle yeniden paketleme m\u00fcmk\u00fcnd\u00fcr.   <\/li>\n<\/ul>\n\n<hr class=\"wp-block-separator has-alpha-channel-opacity\"\/>\n\n<h2 class=\"wp-block-heading\">Koyu K\u0131zartma Hojicha&#8217;n\u0131n Faydalar\u0131<\/h2>\n\n<ul class=\"wp-block-list\">\n<li><strong>Zengin Lezzet<\/strong>: Derin kavurma, tatl\u0131larla veya ba\u011f\u0131ms\u0131z bir \u00e7ay olarak iyi uyum sa\u011flayan yo\u011fun, dumanl\u0131 notalar ortaya \u00e7\u0131kar\u0131r.<\/li>\n\n\n\n<li><strong>D\u00fc\u015f\u00fck Kafein<\/strong>: G\u00fcn\u00fcn her saatinde huzursuzluktan keyif al\u0131n.<\/li>\n\n\n\n<li><strong>S\u0131cak ve Rahatlat\u0131c\u0131<\/strong>: Koyu kavrulan f\u0131r\u0131n, so\u011fuk aylar i\u00e7in m\u00fckemmel olan topraklama ve yat\u0131\u015ft\u0131r\u0131c\u0131 bir deneyim sunar.<\/li>\n<\/ul>\n\n<div class=\"wp-block-columns is-layout-flex wp-container-core-columns-is-layout-28f84493 wp-block-columns-is-layout-flex\">\n<div class=\"wp-block-column is-layout-flow wp-block-column-is-layout-flow\"><div class=\"wp-block-image\">\n<figure class=\"aligncenter size-full is-resized\"><img decoding=\"async\" width=\"1000\" height=\"1000\" src=\"https:\/\/hojichawholesale.eu\/wp-content\/uploads\/2025\/01\/hojicha-dark-powder.webp\" alt=\"Hojicha koyu k&#x131;zartma tozu\" class=\"wp-image-7420\" style=\"width:306px;height:auto\" srcset=\"https:\/\/hojichawholesale.eu\/wp-content\/uploads\/2025\/01\/hojicha-dark-powder.webp 1000w, https:\/\/hojichawholesale.eu\/wp-content\/uploads\/2025\/01\/hojicha-dark-powder-300x300.webp 300w, https:\/\/hojichawholesale.eu\/wp-content\/uploads\/2025\/01\/hojicha-dark-powder-150x150.webp 150w, https:\/\/hojichawholesale.eu\/wp-content\/uploads\/2025\/01\/hojicha-dark-powder-768x768.webp 768w, https:\/\/hojichawholesale.eu\/wp-content\/uploads\/2025\/01\/hojicha-dark-powder-600x600.webp 600w\" sizes=\"(max-width: 1000px) 100vw, 1000px\" \/><\/figure>\n<\/div><\/div>\n\n\n\n<div class=\"wp-block-column is-layout-flow wp-block-column-is-layout-flow\"><div class=\"wp-block-image\">\n<figure class=\"aligncenter size-large is-resized\"><img decoding=\"async\" width=\"1024\" height=\"1024\" src=\"https:\/\/hojichawholesale.eu\/wp-content\/uploads\/2025\/01\/hojicha-dark-powder-infused-1024x1024.webp\" alt=\"Hojicha koyu kavrulmu&#x15F; toz\" class=\"wp-image-7408\" style=\"width:302px;height:auto\" srcset=\"https:\/\/hojichawholesale.eu\/wp-content\/uploads\/2025\/01\/hojicha-dark-powder-infused-1024x1024.webp 1024w, https:\/\/hojichawholesale.eu\/wp-content\/uploads\/2025\/01\/hojicha-dark-powder-infused-300x300.webp 300w, https:\/\/hojichawholesale.eu\/wp-content\/uploads\/2025\/01\/hojicha-dark-powder-infused-150x150.webp 150w, https:\/\/hojichawholesale.eu\/wp-content\/uploads\/2025\/01\/hojicha-dark-powder-infused-768x768.webp 768w, https:\/\/hojichawholesale.eu\/wp-content\/uploads\/2025\/01\/hojicha-dark-powder-infused-1536x1536.webp 1536w, https:\/\/hojichawholesale.eu\/wp-content\/uploads\/2025\/01\/hojicha-dark-powder-infused-600x600.webp 600w, https:\/\/hojichawholesale.eu\/wp-content\/uploads\/2025\/01\/hojicha-dark-powder-infused.webp 2000w\" sizes=\"(max-width: 1024px) 100vw, 1024px\" \/><\/figure>\n<\/div><\/div>\n<\/div>\n\n<hr class=\"wp-block-separator has-alpha-channel-opacity\"\/>\n\n<h2 class=\"wp-block-heading\">Toptan Bilgi<\/h2>\n\n<ul class=\"wp-block-list\">\n<li><strong>Minimum Sipari\u015f Miktar\u0131 (MOQ<\/strong>): 100 graml\u0131k 5 po\u015fet.<\/li>\n\n\n\n<li><strong>Toplu Fiyatland\u0131rma<\/strong>: Sipari\u015f boyutuna g\u00f6re \u00f6zel fiyatland\u0131rma i\u00e7in a\u015fa\u011f\u0131da bizimle ileti\u015fime ge\u00e7in.<\/li>\n\n\n\n<li>Son <strong>kullanma tarihi<\/strong>: Hojicha a\u00e7\u0131lmadan iki y\u0131la kadar saklanabilir ve 5\u00b0C \u2013 10\u00b0C aras\u0131nda saklanabilir.<\/li>\n\n\n\n<li><strong>Kargo:<\/strong> \u0130zlanda&#8217;dan \u0130stanbul&#8217;a kadar Avrupa&#8217;n\u0131n her yerine g\u00f6nderme yap\u0131yoruz; esnek kargo se\u00e7enekleriyle ve acil sipari\u015fler i\u00e7in ekspres teslimat da var.<\/li>\n<\/ul>\n\n<hr class=\"wp-block-separator has-alpha-channel-opacity\"\/>\n\n<h2 class=\"wp-block-heading\">Nas\u0131l Birlenir<\/h2>\n\n<ol class=\"wp-block-list\">\n<li><strong>\u00c7ay Miktar\u0131<\/strong>: 500ml suya 8g \u00e7ay<\/li>\n\n\n\n<li><strong>Su S\u0131cakl\u0131\u011f\u0131<\/strong>: 80\u00b0C  <\/li>\n\n\n\n<li><strong>Demleme S\u00fcresi<\/strong>: G\u00fc\u00e7l\u00fc ve zengin bir demleme i\u00e7in 2-3 dakika<\/li>\n<\/ol>\n\n<hr class=\"wp-block-separator has-alpha-channel-opacity\"\/>\n\n<h2 class=\"wp-block-heading\">M\u00fckemmel<\/h2>\n\n<ul class=\"wp-block-list\">\n<li>M\u00fc\u015fterilerine premium koyu k\u0131zartma se\u00e7ene\u011fi sunmak isteyen \u00fcst d\u00fczey \u00e7ay d\u00fckkanlar\u0131, kafeler ve restoranlar.  <\/li>\n\n\n\n<li>Kahveye cesur, d\u00fc\u015f\u00fck kafeinli bir alternatif arayan m\u00fc\u015fteriler.<\/li>\n\n\n\n<li>\u0130mza \u00e7ay kar\u0131\u015f\u0131mlar\u0131 yaratmak veya mutfak tariflerinde bir malzeme olarak kullan\u0131lmak.<\/li>\n<\/ul>\n\n<h2 class=\"wp-block-heading\">Bug\u00fcn \u00d6rnek \u0130steyin<\/h2>\n\n<p>Premium hojicha&#8217;m\u0131z\u0131n zengin, kavrulmu\u015f aromalar\u0131n\u0131 merak ediyor musunuz?  <\/p>\n\n<p>A\u015fa\u011f\u0131ya bilgilerinizi doldurun, size bir \u00f6rnek g\u00f6nderelim. \u00d6zel talepleriniz varsa bize bildirin, teklifimizi i\u015f ihtiya\u00e7lar\u0131n\u0131za g\u00f6re \u00f6zelle\u015ftirmekten memnuniyet duyar\u0131z. <\/p>\n<div class=\"forminator-ui forminator-custom-form forminator-custom-form-1365 forminator-design--flat  forminator_ajax\" data-forminator-render=\"0\" data-form=\"forminator-module-1365\" data-uid=\"69de62b90406f\"><br\/><\/div><form\n\t\t\t\tid=\"forminator-module-1365\"\n\t\t\t\tclass=\"forminator-ui forminator-custom-form forminator-custom-form-1365 forminator-design--flat  forminator_ajax\"\n\t\t\t\tmethod=\"post\"\n\t\t\t\tdata-forminator-render=\"0\"\n\t\t\t\tdata-form-id=\"1365\"\n\t\t\t\t data-color-option=\"default\" data-design=\"flat\" data-grid=\"open\" style=\"display: none;\"\n\t\t\t\tdata-uid=\"69de62b90406f\"\n\t\t\t><div role=\"alert\" aria-live=\"polite\" class=\"forminator-response-message forminator-error\" aria-hidden=\"true\"><\/div><div class=\"forminator-row\"><div id=\"name-1\" class=\"forminator-field-name forminator-col forminator-col-6 \"><div class=\"forminator-field\"><input type=\"text\" name=\"name-1\" value=\"\" placeholder=\"First Name\" id=\"forminator-field-name-1_69de62b90406f\" class=\"forminator-input forminator-name--field\" aria-required=\"true\" autocomplete=\"name\" \/><\/div><\/div><div id=\"name-2\" class=\"forminator-field-name forminator-col forminator-col-6 \"><div class=\"forminator-field\"><input type=\"text\" name=\"name-2\" value=\"\" placeholder=\"Last Name\" id=\"forminator-field-name-2_69de62b90406f\" class=\"forminator-input forminator-name--field\" aria-required=\"true\" autocomplete=\"name\" \/><\/div><\/div><\/div><div class=\"forminator-row\"><div id=\"email-1\" class=\"forminator-field-email forminator-col forminator-col-12 \"><div class=\"forminator-field\"><input type=\"email\" name=\"email-1\" value=\"\" placeholder=\"Email\" id=\"forminator-field-email-1_69de62b90406f\" class=\"forminator-input forminator-email--field\" data-required=\"true\" aria-required=\"true\" autocomplete=\"email\" \/><\/div><\/div><\/div><div class=\"forminator-row\"><div id=\"phone-1\" class=\"forminator-field-phone forminator-col forminator-col-12 \"><div class=\"forminator-field\"><input type=\"text\" name=\"phone-1\" value=\"\" placeholder=\"Phone\" id=\"forminator-field-phone-1_69de62b90406f\" class=\"forminator-input forminator-field--phone\" data-required=\"\" aria-required=\"false\" autocomplete=\"off\" \/><\/div><\/div><\/div><div class=\"forminator-row\"><div id=\"textarea-1\" class=\"forminator-field-textarea forminator-col forminator-col-12 \"><div class=\"forminator-field\"><textarea name=\"textarea-1\" placeholder=\"Message\" id=\"forminator-field-textarea-1_69de62b90406f\" class=\"forminator-textarea\" rows=\"6\" style=\"min-height:140px;\" ><\/textarea><span id=\"forminator-field-textarea-1_69de62b90406f-description\" class=\"forminator-description\"><span data-limit=\"300\" data-type=\"words\" data-editor=\"\">0 \/ 300<\/span><\/span><\/div><\/div><\/div><div class=\"forminator-row\"><\/div><input type=\"hidden\" name=\"referer_url\" value=\"\" \/><div class=\"forminator-row forminator-row-last\"><div class=\"forminator-col\"><div class=\"forminator-field\"><button class=\"forminator-button forminator-button-submit\">Send<\/button><\/div><\/div><\/div><input type=\"hidden\" id=\"forminator_nonce\" name=\"forminator_nonce\" value=\"a647953a3f\" \/><input type=\"hidden\" name=\"_wp_http_referer\" value=\"\/tr\/wp-json\/wp\/v2\/pages\/15134\" \/><input type=\"hidden\" name=\"form_id\" value=\"1365\"><input type=\"hidden\" name=\"page_id\" value=\"15134\"><input type=\"hidden\" name=\"form_type\" value=\"default\"><input type=\"hidden\" name=\"current_url\" value=\"https:\/\/hojichawholesale.eu\/tr\/hojicha-koyu-kizartma-tozu-toptan\/\"><input type=\"hidden\" name=\"render_id\" value=\"0\"><input type=\"hidden\" name=\"action\" value=\"forminator_submit_form_custom-forms\"><label for=\"input_6\" class=\"forminator-hidden\" aria-hidden=\"true\">Please do not fill in this field. <input id=\"input_6\" type=\"text\" name=\"input_6\" value=\"\" autocomplete=\"off\"><\/label><\/form>\n","protected":false},"excerpt":{"rendered":"<p>Hojicha Koyu K\u0131zartma Tozu (Toptan) Hojicha Koyu K\u0131zartma Pudras\u0131 , daha sa\u011flam ve dolgun bir \u00e7ay deneyimi arayanlar i\u00e7in m\u00fckemmel, derin ve yo\u011fun bir kavrulmu\u015f tat sunar. \u00dcr\u00fcn \u00d6ne \u00c7\u0131k\u0131nt\u0131lar\u0131 Koyu K\u0131zartma Hojicha&#8217;n\u0131n Faydalar\u0131 Toptan Bilgi Nas\u0131l Birlenir M\u00fckemmel Bug\u00fcn \u00d6rnek \u0130steyin Premium hojicha&#8217;m\u0131z\u0131n zengin, kavrulmu\u015f aromalar\u0131n\u0131 merak ediyor musunuz? A\u015fa\u011f\u0131ya bilgilerinizi doldurun, size bir [&hellip;]<\/p>\n","protected":false},"author":1,"featured_media":15139,"parent":0,"menu_order":0,"comment_status":"closed","ping_status":"closed","template":"","meta":{"_surecart_dashboard_logo_width":"180px","_surecart_dashboard_show_logo":true,"_surecart_dashboard_navigation_orders":true,"_surecart_dashboard_navigation_invoices":true,"_surecart_dashboard_navigation_subscriptions":true,"_surecart_dashboard_navigation_downloads":true,"_surecart_dashboard_navigation_billing":true,"_surecart_dashboard_navigation_account":true,"footnotes":""},"class_list":["post-15134","page","type-page","status-publish","has-post-thumbnail","hentry","entry","has-media"],"mb":[],"mfb_rest_fields":["title","gutenberg_elementor_mode"],"_links":{"self":[{"href":"https:\/\/hojichawholesale.eu\/tr\/wp-json\/wp\/v2\/pages\/15134","targetHints":{"allow":["GET"]}}],"collection":[{"href":"https:\/\/hojichawholesale.eu\/tr\/wp-json\/wp\/v2\/pages"}],"about":[{"href":"https:\/\/hojichawholesale.eu\/tr\/wp-json\/wp\/v2\/types\/page"}],"author":[{"embeddable":true,"href":"https:\/\/hojichawholesale.eu\/tr\/wp-json\/wp\/v2\/users\/1"}],"replies":[{"embeddable":true,"href":"https:\/\/hojichawholesale.eu\/tr\/wp-json\/wp\/v2\/comments?post=15134"}],"version-history":[{"count":0,"href":"https:\/\/hojichawholesale.eu\/tr\/wp-json\/wp\/v2\/pages\/15134\/revisions"}],"wp:featuredmedia":[{"embeddable":true,"href":"https:\/\/hojichawholesale.eu\/tr\/wp-json\/wp\/v2\/media\/15139"}],"wp:attachment":[{"href":"https:\/\/hojichawholesale.eu\/tr\/wp-json\/wp\/v2\/media?parent=15134"}],"curies":[{"name":"wp","href":"https:\/\/api.w.org\/{rel}","templated":true}]}}