{"id":15123,"date":"2024-10-12T11:39:24","date_gmt":"2024-10-12T11:39:24","guid":{"rendered":"https:\/\/hojichawholesale.eu\/hojicha-nedir\/"},"modified":"2026-04-05T15:20:53","modified_gmt":"2026-04-05T15:20:53","slug":"hojicha-nedir","status":"publish","type":"page","link":"https:\/\/hojichawholesale.eu\/tr\/hojicha-nedir\/","title":{"rendered":"Hojicha nedir?"},"content":{"rendered":"\n<h1 class=\"wp-block-heading\">Hojicha nedir?<\/h1>\n\n<p>Hojicha, 175\u00b0C ile 350\u00b0C aras\u0131nda de\u011fi\u015fen s\u0131cakl\u0131klarda porselen i\u00e7inde kavrulan bir Japon ye\u015fil \u00e7ay\u0131d\u0131r.  Bu kavurma i\u015flemi ona kendine \u00f6zg\u00fc turuncu tonlar\u0131 kazand\u0131r\u0131r ve kafein ile katekin i\u00e7eri\u011fini azalt\u0131r. <\/p>\n\n<p>  &#8220;<em>Hoji<\/em>&#8221; Japonca&#8217;da &#8220;k\u0131zartmak&#8221; anlam\u0131na gelirken, &#8220;<em>cha<\/em>&#8221; ise \u00e7ay anlam\u0131na gelir.<\/p>\n<div class=\"wp-block-image\">\n<figure class=\"aligncenter size-large is-resized\"><img fetchpriority=\"high\" decoding=\"async\" width=\"1024\" height=\"683\" src=\"https:\/\/hojichawholesale.eu\/wp-content\/uploads\/2024\/10\/Depositphotos_502919918_L-1-1024x683.avif\" alt=\"\" class=\"wp-image-5573\" style=\"width:539px;height:auto\" srcset=\"https:\/\/hojichawholesale.eu\/wp-content\/uploads\/2024\/10\/Depositphotos_502919918_L-1-1024x683.avif 1024w, https:\/\/hojichawholesale.eu\/wp-content\/uploads\/2024\/10\/Depositphotos_502919918_L-1-300x200.avif 300w, https:\/\/hojichawholesale.eu\/wp-content\/uploads\/2024\/10\/Depositphotos_502919918_L-1-768x512.avif 768w, https:\/\/hojichawholesale.eu\/wp-content\/uploads\/2024\/10\/Depositphotos_502919918_L-1.avif 1200w\" sizes=\"(max-width: 1024px) 100vw, 1024px\" \/><\/figure>\n<\/div>\n<h2 class=\"wp-block-heading\"><strong>Neden Hojicha \u0130\u00e7iyorsun?<\/strong><\/h2>\n\n<p>Hojicha, sindirime yard\u0131mc\u0131 olmak i\u00e7in gece t\u00fcketilen geleneksel bir Japon i\u00e7ece\u011fidir.  <\/p>\n\n<p>Ancak, g\u00fcn\u00fcn ve y\u0131l\u0131n herhangi bir saatinde i\u00e7ilebilir.  <\/p>\n\n<p>Rengine ra\u011fmen, hojicha ye\u015fil bir \u00e7ayd\u0131r. Bu, hasat s\u0131ras\u0131nda do\u011fal oksidlenme s\u00fcrecini durduran bir buhar banyosu olan shaqing (shaqing) adl\u0131 bir s\u00fcre\u00e7ten ge\u00e7er. <\/p>\n\n<p>Sonu\u00e7 olarak, hojicha ye\u015fil \u00e7ay\u0131n gev\u015femeyi te\u015fvik etmesi ve ba\u011f\u0131\u015f\u0131kl\u0131k sistemini g\u00fc\u00e7lendirmesi gibi bir\u00e7ok faydas\u0131n\u0131 korur.<\/p>\n\n<h2 class=\"wp-block-heading\">Farkl\u0131 Hojicha T\u00fcrleri<\/h2>\n\n<p>Farkl\u0131 hojicha t\u00fcrleri vard\u0131r. Ana \u00f6zelli\u011fi, hem toz hem de gev\u015fek yapraklarda bulunabilirli\u011fidir. <\/p>\n\n<p>Bunun d\u0131\u015f\u0131nda, hojicha genellikle \u00fc\u00e7 t\u00fcr yaprakta bulunur (a\u00e7\u0131k kavrulmu\u015f, orta f\u0131r\u0131n, koyu kavrulmu\u015f) ve hatta kavrulmu\u015f pilavla kar\u0131\u015ft\u0131r\u0131labilir; bu da hojicha genmai ad\u0131n\u0131 al\u0131r.  <\/p>\n<div class=\"wp-block-image\">\n<figure class=\"aligncenter size-large is-resized\"><img decoding=\"async\" width=\"1024\" height=\"683\" src=\"https:\/\/hojichawholesale.eu\/wp-content\/uploads\/2024\/10\/Depositphotos_565446018_L-1-1024x683.avif\" alt=\"\" class=\"wp-image-5577\" style=\"width:572px;height:auto\" srcset=\"https:\/\/hojichawholesale.eu\/wp-content\/uploads\/2024\/10\/Depositphotos_565446018_L-1-1024x683.avif 1024w, https:\/\/hojichawholesale.eu\/wp-content\/uploads\/2024\/10\/Depositphotos_565446018_L-1-300x200.avif 300w, https:\/\/hojichawholesale.eu\/wp-content\/uploads\/2024\/10\/Depositphotos_565446018_L-1-768x512.avif 768w, https:\/\/hojichawholesale.eu\/wp-content\/uploads\/2024\/10\/Depositphotos_565446018_L-1.avif 1200w\" sizes=\"(max-width: 1024px) 100vw, 1024px\" \/><\/figure>\n<\/div>\n<h2 class=\"wp-block-heading\"><strong>Hojicha i\u00e7in hangi k\u00fclt kullan\u0131l\u0131r?<\/strong><\/h2>\n\n<p>Hojicha i\u00e7in en yayg\u0131n kullan\u0131lan \u00e7e\u015fit Yabukita&#8217;d\u0131r, ancak baz\u0131 hojichalar Gokou \u00e7e\u015fidinden de yap\u0131l\u0131r.<\/p>\n\n<h2 class=\"wp-block-heading\">Hojicha nas\u0131l \u00fcretilir?<\/h2>\n\n<p>Hojicha \u00fcretim s\u00fcrecine bancha veya sencha olarak ba\u015flar.  <\/p>\n\n<p>Hasattan sonra, yapraklar oksidasyon s\u00fcrecini durdurmak i\u00e7in &#8220;shaqing&#8221; olarak adland\u0131r\u0131lan buharla\u015ft\u0131rmaya tabi tutulur. Daha sonra porselen i\u00e7inde 175\u00b0C ile 350\u00b0C aras\u0131nda haddelenir, kurutulur ve kavrulur. \u0130\u015fte o zaman bancha (veya sencha) hojicha olur.  <\/p>\n\n<p>Bir k\u0131sm\u0131 toz haline getirilirken, geri kalan k\u0131sm\u0131 yaprak olarak paketlenir.  <\/p>\n<div class=\"wp-block-image\">\n<figure class=\"aligncenter size-large is-resized\"><img decoding=\"async\" width=\"1024\" height=\"683\" src=\"https:\/\/hojichawholesale.eu\/wp-content\/uploads\/2024\/10\/Depositphotos_518442682_L-1-1024x683.avif\" alt=\"\" class=\"wp-image-5575\" style=\"width:484px;height:auto\" srcset=\"https:\/\/hojichawholesale.eu\/wp-content\/uploads\/2024\/10\/Depositphotos_518442682_L-1-1024x683.avif 1024w, https:\/\/hojichawholesale.eu\/wp-content\/uploads\/2024\/10\/Depositphotos_518442682_L-1-300x200.avif 300w, https:\/\/hojichawholesale.eu\/wp-content\/uploads\/2024\/10\/Depositphotos_518442682_L-1-768x512.avif 768w, https:\/\/hojichawholesale.eu\/wp-content\/uploads\/2024\/10\/Depositphotos_518442682_L-1.avif 1200w\" sizes=\"(max-width: 1024px) 100vw, 1024px\" \/><\/figure>\n<\/div>\n<h2 class=\"wp-block-heading\"><strong>Hojicha nas\u0131l haz\u0131rlan\u0131r?<\/strong><\/h2>\n\n<p>Yaprak formu alt\u0131nda, hojicha 70\u00b0C ile 80\u00b0C aras\u0131ndaki s\u0131cakl\u0131kta 2-3 dakika demlenir.<\/p>\n\n<p>  Toz formu alt\u0131nda 80\u00b0C tercih edilir.  <\/p>\n\n<h2 class=\"wp-block-heading\"><strong>Hojicha&#8217;n\u0131n Tarihi<\/strong><\/h2>\n\n<p>Hojicha&#8217;n\u0131n nereden geldi\u011fini kimse bilmiyor. 1920&#8217;lerde Kyoto&#8217;da ortaya \u00e7\u0131km\u0131\u015f gibi g\u00f6r\u00fcn\u00fcyordu. <\/p>\n\n<p>Efsaneye g\u00f6re, 20. y\u00fczy\u0131l\u0131n ba\u015flar\u0131nda makineyle hasat edilen \u00e7ay\u0131n geli\u015fimi \u00f6nemli israflara yol a\u00e7t\u0131. Bilinmeyen bir t\u00fcccar, bu kullan\u0131lamaz \u00e7ay\u0131 kurtarmak i\u00e7in f\u0131r\u0131nlamaya karar verdi ve bu s\u00fcre\u00e7te hojicha icat etti. <\/p>\n<div class=\"wp-block-image\">\n<figure class=\"aligncenter size-large is-resized\"><img loading=\"lazy\" decoding=\"async\" width=\"1024\" height=\"683\" src=\"https:\/\/hojichawholesale.eu\/wp-content\/uploads\/2024\/10\/Depositphotos_535727240_L-1-1024x683.avif\" alt=\"\" class=\"wp-image-5576\" style=\"width:592px;height:auto\" srcset=\"https:\/\/hojichawholesale.eu\/wp-content\/uploads\/2024\/10\/Depositphotos_535727240_L-1-1024x683.avif 1024w, https:\/\/hojichawholesale.eu\/wp-content\/uploads\/2024\/10\/Depositphotos_535727240_L-1-300x200.avif 300w, https:\/\/hojichawholesale.eu\/wp-content\/uploads\/2024\/10\/Depositphotos_535727240_L-1-768x512.avif 768w, https:\/\/hojichawholesale.eu\/wp-content\/uploads\/2024\/10\/Depositphotos_535727240_L-1.avif 1200w\" sizes=\"(max-width: 1024px) 100vw, 1024px\" \/><\/figure>\n<\/div>\n<h2 class=\"wp-block-heading\"><strong>Sonu\u00e7<\/strong><\/h2>\n\n<p>Hojicha, hem toz hem de yaprak formunda sunulan, f\u0131r\u0131nlanm\u0131\u015f bir Japon ye\u015fil \u00e7ay\u0131d\u0131r. Kafein oran\u0131 d\u00fc\u015f\u00fck olan bu gen\u00e7 geleneksel olarak ak\u015famlar\u0131 t\u00fcketilir. Turuncu rengi, birka\u00e7 dakika porselen tencerede kavuruldu\u011funda elde edilir ve ona f\u0131nd\u0131k, karamel veya \u00e7ikolata gibi karakteristik tatlar verir.  <\/p>\n\n<h2 class=\"wp-block-heading\">\u00d6rnek \u0130ste Et<\/h2>\n\n<p>Premium hojicha&#8217;m\u0131z\u0131n zengin, kavrulmu\u015f aromalar\u0131n\u0131 merak ediyor musunuz?  <\/p>\n\n<p>A\u015fa\u011f\u0131ya bilgilerinizi doldurun, size bir \u00f6rnek g\u00f6nderelim. \u00d6zel talepleriniz varsa bize bildirin, teklifimizi i\u015f ihtiya\u00e7lar\u0131n\u0131za g\u00f6re \u00f6zelle\u015ftirmekten memnuniyet duyar\u0131z. <\/p>\n<div class=\"forminator-ui forminator-custom-form forminator-custom-form-1365 forminator-design--flat  forminator_ajax\" data-forminator-render=\"0\" data-form=\"forminator-module-1365\" data-uid=\"69d441753dfc6\"><br\/><\/div><form\n\t\t\t\tid=\"forminator-module-1365\"\n\t\t\t\tclass=\"forminator-ui forminator-custom-form forminator-custom-form-1365 forminator-design--flat  forminator_ajax\"\n\t\t\t\tmethod=\"post\"\n\t\t\t\tdata-forminator-render=\"0\"\n\t\t\t\tdata-form-id=\"1365\"\n\t\t\t\t data-color-option=\"default\" data-design=\"flat\" data-grid=\"open\" style=\"display: none;\"\n\t\t\t\tdata-uid=\"69d441753dfc6\"\n\t\t\t><div role=\"alert\" aria-live=\"polite\" class=\"forminator-response-message forminator-error\" aria-hidden=\"true\"><\/div><div class=\"forminator-row\"><div id=\"name-1\" class=\"forminator-field-name forminator-col forminator-col-6 \"><div class=\"forminator-field\"><input type=\"text\" name=\"name-1\" value=\"\" placeholder=\"First Name\" id=\"forminator-field-name-1_69d441753dfc6\" class=\"forminator-input forminator-name--field\" aria-required=\"true\" autocomplete=\"name\" \/><\/div><\/div><div id=\"name-2\" class=\"forminator-field-name forminator-col forminator-col-6 \"><div class=\"forminator-field\"><input type=\"text\" name=\"name-2\" value=\"\" placeholder=\"Last Name\" id=\"forminator-field-name-2_69d441753dfc6\" class=\"forminator-input forminator-name--field\" aria-required=\"true\" autocomplete=\"name\" \/><\/div><\/div><\/div><div class=\"forminator-row\"><div id=\"email-1\" class=\"forminator-field-email forminator-col forminator-col-12 \"><div class=\"forminator-field\"><input type=\"email\" name=\"email-1\" value=\"\" placeholder=\"Email\" id=\"forminator-field-email-1_69d441753dfc6\" class=\"forminator-input forminator-email--field\" data-required=\"true\" aria-required=\"true\" autocomplete=\"email\" \/><\/div><\/div><\/div><div class=\"forminator-row\"><div id=\"phone-1\" class=\"forminator-field-phone forminator-col forminator-col-12 \"><div class=\"forminator-field\"><input type=\"text\" name=\"phone-1\" value=\"\" placeholder=\"Phone\" id=\"forminator-field-phone-1_69d441753dfc6\" class=\"forminator-input forminator-field--phone\" data-required=\"\" aria-required=\"false\" autocomplete=\"off\" \/><\/div><\/div><\/div><div class=\"forminator-row\"><div id=\"textarea-1\" class=\"forminator-field-textarea forminator-col forminator-col-12 \"><div class=\"forminator-field\"><textarea name=\"textarea-1\" placeholder=\"Message\" id=\"forminator-field-textarea-1_69d441753dfc6\" class=\"forminator-textarea\" rows=\"6\" style=\"min-height:140px;\" ><\/textarea><span id=\"forminator-field-textarea-1_69d441753dfc6-description\" class=\"forminator-description\"><span data-limit=\"300\" data-type=\"words\" data-editor=\"\">0 \/ 300<\/span><\/span><\/div><\/div><\/div><div class=\"forminator-row\"><\/div><input type=\"hidden\" name=\"referer_url\" value=\"\" \/><div class=\"forminator-row forminator-row-last\"><div class=\"forminator-col\"><div class=\"forminator-field\"><button class=\"forminator-button forminator-button-submit\">Send<\/button><\/div><\/div><\/div><input type=\"hidden\" id=\"forminator_nonce\" name=\"forminator_nonce\" value=\"8ad7e0b691\" \/><input type=\"hidden\" name=\"_wp_http_referer\" value=\"\/tr\/wp-json\/wp\/v2\/pages\/15123\" \/><input type=\"hidden\" name=\"form_id\" value=\"1365\"><input type=\"hidden\" name=\"page_id\" value=\"15123\"><input type=\"hidden\" name=\"form_type\" value=\"default\"><input type=\"hidden\" name=\"current_url\" value=\"https:\/\/hojichawholesale.eu\/tr\/hojicha-nedir\/\"><input type=\"hidden\" name=\"render_id\" value=\"0\"><input type=\"hidden\" name=\"action\" value=\"forminator_submit_form_custom-forms\"><label for=\"input_6\" class=\"forminator-hidden\" aria-hidden=\"true\">Please do not fill in this field. <input id=\"input_6\" type=\"text\" name=\"input_6\" value=\"\" autocomplete=\"off\"><\/label><\/form>\n","protected":false},"excerpt":{"rendered":"<p>Hojicha nedir? Hojicha, 175\u00b0C ile 350\u00b0C aras\u0131nda de\u011fi\u015fen s\u0131cakl\u0131klarda porselen i\u00e7inde kavrulan bir Japon ye\u015fil \u00e7ay\u0131d\u0131r. Bu kavurma i\u015flemi ona kendine \u00f6zg\u00fc turuncu tonlar\u0131 kazand\u0131r\u0131r ve kafein ile katekin i\u00e7eri\u011fini azalt\u0131r. &#8220;Hoji&#8221; Japonca&#8217;da &#8220;k\u0131zartmak&#8221; anlam\u0131na gelirken, &#8220;cha&#8221; ise \u00e7ay anlam\u0131na gelir. Neden Hojicha \u0130\u00e7iyorsun? Hojicha, sindirime yard\u0131mc\u0131 olmak i\u00e7in gece t\u00fcketilen geleneksel bir Japon i\u00e7ece\u011fidir. [&hellip;]<\/p>\n","protected":false},"author":1,"featured_media":15127,"parent":0,"menu_order":0,"comment_status":"closed","ping_status":"closed","template":"","meta":{"_surecart_dashboard_logo_width":"180px","_surecart_dashboard_show_logo":true,"_surecart_dashboard_navigation_orders":true,"_surecart_dashboard_navigation_invoices":true,"_surecart_dashboard_navigation_subscriptions":true,"_surecart_dashboard_navigation_downloads":true,"_surecart_dashboard_navigation_billing":true,"_surecart_dashboard_navigation_account":true,"footnotes":""},"class_list":["post-15123","page","type-page","status-publish","has-post-thumbnail","hentry","entry","has-media"],"mb":[],"mfb_rest_fields":["title","gutenberg_elementor_mode"],"_links":{"self":[{"href":"https:\/\/hojichawholesale.eu\/tr\/wp-json\/wp\/v2\/pages\/15123","targetHints":{"allow":["GET"]}}],"collection":[{"href":"https:\/\/hojichawholesale.eu\/tr\/wp-json\/wp\/v2\/pages"}],"about":[{"href":"https:\/\/hojichawholesale.eu\/tr\/wp-json\/wp\/v2\/types\/page"}],"author":[{"embeddable":true,"href":"https:\/\/hojichawholesale.eu\/tr\/wp-json\/wp\/v2\/users\/1"}],"replies":[{"embeddable":true,"href":"https:\/\/hojichawholesale.eu\/tr\/wp-json\/wp\/v2\/comments?post=15123"}],"version-history":[{"count":0,"href":"https:\/\/hojichawholesale.eu\/tr\/wp-json\/wp\/v2\/pages\/15123\/revisions"}],"wp:featuredmedia":[{"embeddable":true,"href":"https:\/\/hojichawholesale.eu\/tr\/wp-json\/wp\/v2\/media\/15127"}],"wp:attachment":[{"href":"https:\/\/hojichawholesale.eu\/tr\/wp-json\/wp\/v2\/media?parent=15123"}],"curies":[{"name":"wp","href":"https:\/\/api.w.org\/{rel}","templated":true}]}}