{"id":15115,"date":"2024-10-12T14:03:31","date_gmt":"2024-10-12T14:03:31","guid":{"rendered":"https:\/\/hojichawholesale.eu\/hojicha-orta-kizartma-tozu-toptan\/"},"modified":"2026-04-05T15:20:53","modified_gmt":"2026-04-05T15:20:53","slug":"hojicha-orta-kizartma-tozu-toptan","status":"publish","type":"page","link":"https:\/\/hojichawholesale.eu\/tr\/hojicha-orta-kizartma-tozu-toptan\/","title":{"rendered":"Hojicha Orta K\u0131zartma Tozu (Toptan)"},"content":{"rendered":"\n<h1 class=\"wp-block-heading\">Hojicha Orta F\u0131r\u0131n (Toptan)<\/h1>\n\n<p><strong>Hojicha Orta F\u0131r\u0131nlanm\u0131\u015f<\/strong> <strong>Toz <\/strong>, sa\u011flam kavrulmu\u015f notalar ile ye\u015fil \u00e7ay\u0131n do\u011fal tatl\u0131l\u0131\u011f\u0131 aras\u0131nda dengeyi takdir eden \u00e7ay severler i\u00e7in m\u00fckemmel, e\u015fsiz, zengin ve toprak gibi bir lezzet sunar.<\/p>\n<div class=\"wp-block-image\">\n<figure class=\"aligncenter size-full is-resized\"><img fetchpriority=\"high\" decoding=\"async\" width=\"1000\" height=\"1000\" src=\"https:\/\/hojichawholesale.eu\/wp-content\/uploads\/2025\/01\/hojicha-medium-powder-both.webp\" alt=\"\" class=\"wp-image-7484\" style=\"width:282px;height:auto\" srcset=\"https:\/\/hojichawholesale.eu\/wp-content\/uploads\/2025\/01\/hojicha-medium-powder-both.webp 1000w, https:\/\/hojichawholesale.eu\/wp-content\/uploads\/2025\/01\/hojicha-medium-powder-both-300x300.webp 300w, https:\/\/hojichawholesale.eu\/wp-content\/uploads\/2025\/01\/hojicha-medium-powder-both-150x150.webp 150w, https:\/\/hojichawholesale.eu\/wp-content\/uploads\/2025\/01\/hojicha-medium-powder-both-768x768.webp 768w, https:\/\/hojichawholesale.eu\/wp-content\/uploads\/2025\/01\/hojicha-medium-powder-both-600x600.webp 600w\" sizes=\"(max-width: 1000px) 100vw, 1000px\" \/><\/figure>\n<\/div>\n<h2 class=\"wp-block-heading\">\u00dcr\u00fcn \u00d6ne \u00c7\u0131k\u0131nt\u0131lar\u0131<\/h2>\n\n<ul class=\"wp-block-list\">\n<li><strong>T\u00fcr<\/strong>: Kavrulmu\u015f ye\u015fil \u00e7ay (hojicha)<\/li>\n\n\n\n<li><strong>K\u00f6ken<\/strong>: Shizuoka, Japonya<\/li>\n\n\n\n<li><strong>Form<\/strong>: Toz<\/li>\n\n\n\n<li><strong>K\u0131zartma Seviyesi<\/strong>: Orta<\/li>\n\n\n\n<li><strong>Hasat Sezonu<\/strong>: \u0130lkbahar\/Yaz<\/li>\n\n\n\n<li><strong>\u0130\u015fleme<\/strong>: 220\u00b0C&#8217;nin \u00fczerinde porselen i\u00e7inde kavrulma<\/li>\n\n\n\n<li><strong>Lezzet Profili<\/strong>: F\u0131st\u0131kl\u0131, hafif tatl\u0131, yumu\u015fak ve karamel ipu\u00e7lar\u0131<\/li>\n\n\n\n<li><strong>Kafein<\/strong>: D\u00fc\u015f\u00fck<\/li>\n\n\n\n<li><strong>Ambalaj<\/strong>: 1 kg po\u015fetlerde mevcuttur. \u0130ste\u011finizle yeniden paketleme m\u00fcmk\u00fcnd\u00fcr.   <\/li>\n<\/ul>\n\n<hr class=\"wp-block-separator has-alpha-channel-opacity\"\/>\n\n<h2 class=\"wp-block-heading\">Orta F\u0131r\u0131nlanm\u0131\u015f Hojicha&#8217;n\u0131n Faydalar\u0131<\/h2>\n\n<ul class=\"wp-block-list\">\n<li><strong>Antioksidanlar a\u00e7\u0131s\u0131ndan zengin<\/strong>: Serbest radikallere kar\u015f\u0131 koruyucu<\/li>\n\n\n\n<li><strong>D\u00fc\u015f\u00fck Kafein<\/strong>: Ak\u015fam saatleri dahil t\u00fcm g\u00fcn keyif i\u00e7in idealdir<\/li>\n\n\n\n<li><strong>Sakinle\u015ftirici ve Rahatlat\u0131c\u0131<\/strong>: Nazik kavurma i\u015flemi ac\u0131l\u0131\u011f\u0131 azalt\u0131r ve yumu\u015fak, rahatlat\u0131c\u0131 bir tad\u0131 g\u00fc\u00e7lendirir.<\/li>\n\n\n\n<li><strong>Trendy<\/strong>: G\u00fcneydo\u011fu Asya&#8217;da y\u00fckselen bir yap\u0131, Avrupa&#8217;da ilgi uyand\u0131rmaya ba\u015fl\u0131yor.<\/li>\n<\/ul>\n\n<div class=\"wp-block-columns is-layout-flex wp-container-core-columns-is-layout-28f84493 wp-block-columns-is-layout-flex\">\n<div class=\"wp-block-column is-layout-flow wp-block-column-is-layout-flow\"><div class=\"wp-block-image\">\n<figure class=\"aligncenter size-full is-resized\"><img decoding=\"async\" width=\"1000\" height=\"1000\" src=\"https:\/\/hojichawholesale.eu\/wp-content\/uploads\/2025\/01\/hojicha-medium-powder.webp\" alt=\"Hojicha orta renkli k&#x131;zartma tozu\" class=\"wp-image-7472\" style=\"width:297px;height:auto\" srcset=\"https:\/\/hojichawholesale.eu\/wp-content\/uploads\/2025\/01\/hojicha-medium-powder.webp 1000w, https:\/\/hojichawholesale.eu\/wp-content\/uploads\/2025\/01\/hojicha-medium-powder-300x300.webp 300w, https:\/\/hojichawholesale.eu\/wp-content\/uploads\/2025\/01\/hojicha-medium-powder-150x150.webp 150w, https:\/\/hojichawholesale.eu\/wp-content\/uploads\/2025\/01\/hojicha-medium-powder-768x768.webp 768w, https:\/\/hojichawholesale.eu\/wp-content\/uploads\/2025\/01\/hojicha-medium-powder-600x600.webp 600w\" sizes=\"(max-width: 1000px) 100vw, 1000px\" \/><\/figure>\n<\/div><\/div>\n\n\n\n<div class=\"wp-block-column is-layout-flow wp-block-column-is-layout-flow\"><div class=\"wp-block-image\">\n<figure class=\"aligncenter size-large is-resized\"><img decoding=\"async\" width=\"1024\" height=\"1024\" src=\"https:\/\/hojichawholesale.eu\/wp-content\/uploads\/2025\/01\/hojicha-medium-powder-infused-1024x1024.webp\" alt=\"Hojicha orta f&#x131;r&#x131;nlanm&#x131;&#x15F; toz\" class=\"wp-image-7496\" style=\"width:295px;height:auto\" srcset=\"https:\/\/hojichawholesale.eu\/wp-content\/uploads\/2025\/01\/hojicha-medium-powder-infused-1024x1024.webp 1024w, https:\/\/hojichawholesale.eu\/wp-content\/uploads\/2025\/01\/hojicha-medium-powder-infused-300x300.webp 300w, https:\/\/hojichawholesale.eu\/wp-content\/uploads\/2025\/01\/hojicha-medium-powder-infused-150x150.webp 150w, https:\/\/hojichawholesale.eu\/wp-content\/uploads\/2025\/01\/hojicha-medium-powder-infused-768x768.webp 768w, https:\/\/hojichawholesale.eu\/wp-content\/uploads\/2025\/01\/hojicha-medium-powder-infused-1536x1536.webp 1536w, https:\/\/hojichawholesale.eu\/wp-content\/uploads\/2025\/01\/hojicha-medium-powder-infused-600x600.webp 600w, https:\/\/hojichawholesale.eu\/wp-content\/uploads\/2025\/01\/hojicha-medium-powder-infused.webp 2000w\" sizes=\"(max-width: 1024px) 100vw, 1024px\" \/><\/figure>\n<\/div><\/div>\n<\/div>\n\n<hr class=\"wp-block-separator has-alpha-channel-opacity\"\/>\n\n<h2 class=\"wp-block-heading\">Toptan Bilgi<\/h2>\n\n<ul class=\"wp-block-list\">\n<li><strong>Minimum Sipari\u015f Miktar\u0131 (MOQ<\/strong>): 500 gram (5*100 gram).<\/li>\n\n\n\n<li><strong>Toplu Fiyatland\u0131rma<\/strong>: Sipari\u015f hacmine g\u00f6re \u00f6zel bir teklif almak i\u00e7in a\u015fa\u011f\u0131da bizimle ileti\u015fime ge\u00e7in.<\/li>\n\n\n\n<li><strong>Saklama:<\/strong> Serin ve kuru bir yerde sakla.<\/li>\n\n\n\n<li>Son <strong>kullanma tarihi<\/strong>: Hojicha a\u00e7\u0131lmadan iki y\u0131la kadar saklanabilir ve 5\u00b0C &#8211; 10\u00b0C aras\u0131nda saklanabilir.<\/li>\n\n\n\n<li><strong>Sevkiyat<\/strong>: Avrupa k\u0131tas\u0131nda esnek kargo se\u00e7enekleriyle g\u00f6nderme yap\u0131yoruz, acil sipari\u015fler i\u00e7in ekspres teslimat dahil.<\/li>\n<\/ul>\n\n<hr class=\"wp-block-separator has-alpha-channel-opacity\"\/>\n\n<h2 class=\"wp-block-heading\">Nas\u0131l Birlenir<\/h2>\n\n<ol class=\"wp-block-list\">\n<li><strong>\u00c7ay Miktar\u0131<\/strong>: 500ml suya 8g \u00e7ay<\/li>\n\n\n\n<li><strong>Su S\u0131cakl\u0131\u011f\u0131<\/strong>: 70-80\u00b0C  <\/li>\n\n\n\n<li><strong>Demleme S\u00fcresi<\/strong>: M\u00fckemmel bir fincan i\u00e7in 2-3 dakika<\/li>\n<\/ol>\n\n<hr class=\"wp-block-separator has-alpha-channel-opacity\"\/>\n\n<h2 class=\"wp-block-heading\">\u0130deal<\/h2>\n\n<ul class=\"wp-block-list\">\n<li>\u00c7ay d\u00fckkanlar\u0131, kafeler ve restoranlar premium bir hojicha latte deneyimi sunmak istiyor.  <\/li>\n\n\n\n<li>D\u00fc\u015f\u00fck kafeinli bir alternatif tercih eden sa\u011fl\u0131k bilincine sahip t\u00fcketiciler.<\/li>\n\n\n\n<li>Di\u011fer \u00e7aylarla kar\u0131\u015ft\u0131rarak imza ev \u00e7ay\u0131 kar\u0131\u015f\u0131mlar\u0131 yarat\u0131r.<\/li>\n<\/ul>\n\n<h2 class=\"wp-block-heading\">Bug\u00fcn \u00d6rnek \u0130steyin<\/h2>\n\n<p>Premium hojicha&#8217;m\u0131z\u0131n zengin, kavrulmu\u015f aromalar\u0131n\u0131 merak ediyor musunuz?  <\/p>\n\n<p>A\u015fa\u011f\u0131ya bilgilerinizi doldurun, size bir \u00f6rnek g\u00f6nderelim. \u00d6zel talepleriniz varsa bize bildirin, teklifimizi i\u015f ihtiya\u00e7lar\u0131n\u0131za g\u00f6re \u00f6zelle\u015ftirmekten memnuniyet duyar\u0131z. <\/p>\n<div class=\"forminator-ui forminator-custom-form forminator-custom-form-1365 forminator-design--flat  forminator_ajax\" data-forminator-render=\"0\" data-form=\"forminator-module-1365\" data-uid=\"69e0c2573df53\"><br\/><\/div><form\n\t\t\t\tid=\"forminator-module-1365\"\n\t\t\t\tclass=\"forminator-ui forminator-custom-form forminator-custom-form-1365 forminator-design--flat  forminator_ajax\"\n\t\t\t\tmethod=\"post\"\n\t\t\t\tdata-forminator-render=\"0\"\n\t\t\t\tdata-form-id=\"1365\"\n\t\t\t\t data-color-option=\"default\" data-design=\"flat\" data-grid=\"open\" style=\"display: none;\"\n\t\t\t\tdata-uid=\"69e0c2573df53\"\n\t\t\t><div role=\"alert\" aria-live=\"polite\" class=\"forminator-response-message forminator-error\" aria-hidden=\"true\"><\/div><div class=\"forminator-row\"><div id=\"name-1\" class=\"forminator-field-name forminator-col forminator-col-6 \"><div class=\"forminator-field\"><input type=\"text\" name=\"name-1\" value=\"\" placeholder=\"First Name\" id=\"forminator-field-name-1_69e0c2573df53\" class=\"forminator-input forminator-name--field\" aria-required=\"true\" autocomplete=\"name\" \/><\/div><\/div><div id=\"name-2\" class=\"forminator-field-name forminator-col forminator-col-6 \"><div class=\"forminator-field\"><input type=\"text\" name=\"name-2\" value=\"\" placeholder=\"Last Name\" id=\"forminator-field-name-2_69e0c2573df53\" class=\"forminator-input forminator-name--field\" aria-required=\"true\" autocomplete=\"name\" \/><\/div><\/div><\/div><div class=\"forminator-row\"><div id=\"email-1\" class=\"forminator-field-email forminator-col forminator-col-12 \"><div class=\"forminator-field\"><input type=\"email\" name=\"email-1\" value=\"\" placeholder=\"Email\" id=\"forminator-field-email-1_69e0c2573df53\" class=\"forminator-input forminator-email--field\" data-required=\"true\" aria-required=\"true\" autocomplete=\"email\" \/><\/div><\/div><\/div><div class=\"forminator-row\"><div id=\"phone-1\" class=\"forminator-field-phone forminator-col forminator-col-12 \"><div class=\"forminator-field\"><input type=\"text\" name=\"phone-1\" value=\"\" placeholder=\"Phone\" id=\"forminator-field-phone-1_69e0c2573df53\" class=\"forminator-input forminator-field--phone\" data-required=\"\" aria-required=\"false\" autocomplete=\"off\" \/><\/div><\/div><\/div><div class=\"forminator-row\"><div id=\"textarea-1\" class=\"forminator-field-textarea forminator-col forminator-col-12 \"><div class=\"forminator-field\"><textarea name=\"textarea-1\" placeholder=\"Message\" id=\"forminator-field-textarea-1_69e0c2573df53\" class=\"forminator-textarea\" rows=\"6\" style=\"min-height:140px;\" ><\/textarea><span id=\"forminator-field-textarea-1_69e0c2573df53-description\" class=\"forminator-description\"><span data-limit=\"300\" data-type=\"words\" data-editor=\"\">0 \/ 300<\/span><\/span><\/div><\/div><\/div><div class=\"forminator-row\"><\/div><input type=\"hidden\" name=\"referer_url\" value=\"\" \/><div class=\"forminator-row forminator-row-last\"><div class=\"forminator-col\"><div class=\"forminator-field\"><button class=\"forminator-button forminator-button-submit\">Send<\/button><\/div><\/div><\/div><input type=\"hidden\" id=\"forminator_nonce\" name=\"forminator_nonce\" value=\"1a36a6bb8c\" \/><input type=\"hidden\" name=\"_wp_http_referer\" value=\"\/tr\/wp-json\/wp\/v2\/pages\/15115\" \/><input type=\"hidden\" name=\"form_id\" value=\"1365\"><input type=\"hidden\" name=\"page_id\" value=\"15115\"><input type=\"hidden\" name=\"form_type\" value=\"default\"><input type=\"hidden\" name=\"current_url\" value=\"https:\/\/hojichawholesale.eu\/tr\/hojicha-orta-kizartma-tozu-toptan\/\"><input type=\"hidden\" name=\"render_id\" value=\"0\"><input type=\"hidden\" name=\"action\" value=\"forminator_submit_form_custom-forms\"><label for=\"input_6\" class=\"forminator-hidden\" aria-hidden=\"true\">Please do not fill in this field. <input id=\"input_6\" type=\"text\" name=\"input_6\" value=\"\" autocomplete=\"off\"><\/label><\/form>\n","protected":false},"excerpt":{"rendered":"<p>Hojicha Orta F\u0131r\u0131n (Toptan) Hojicha Orta F\u0131r\u0131nlanm\u0131\u015f Toz , sa\u011flam kavrulmu\u015f notalar ile ye\u015fil \u00e7ay\u0131n do\u011fal tatl\u0131l\u0131\u011f\u0131 aras\u0131nda dengeyi takdir eden \u00e7ay severler i\u00e7in m\u00fckemmel, e\u015fsiz, zengin ve toprak gibi bir lezzet sunar. \u00dcr\u00fcn \u00d6ne \u00c7\u0131k\u0131nt\u0131lar\u0131 Orta F\u0131r\u0131nlanm\u0131\u015f Hojicha&#8217;n\u0131n Faydalar\u0131 Toptan Bilgi Nas\u0131l Birlenir \u0130deal Bug\u00fcn \u00d6rnek \u0130steyin Premium hojicha&#8217;m\u0131z\u0131n zengin, kavrulmu\u015f aromalar\u0131n\u0131 merak ediyor [&hellip;]<\/p>\n","protected":false},"author":1,"featured_media":15119,"parent":0,"menu_order":0,"comment_status":"closed","ping_status":"closed","template":"","meta":{"_surecart_dashboard_logo_width":"180px","_surecart_dashboard_show_logo":true,"_surecart_dashboard_navigation_orders":true,"_surecart_dashboard_navigation_invoices":true,"_surecart_dashboard_navigation_subscriptions":true,"_surecart_dashboard_navigation_downloads":true,"_surecart_dashboard_navigation_billing":true,"_surecart_dashboard_navigation_account":true,"footnotes":""},"class_list":["post-15115","page","type-page","status-publish","has-post-thumbnail","hentry","entry","has-media"],"mb":[],"mfb_rest_fields":["title","gutenberg_elementor_mode"],"_links":{"self":[{"href":"https:\/\/hojichawholesale.eu\/tr\/wp-json\/wp\/v2\/pages\/15115","targetHints":{"allow":["GET"]}}],"collection":[{"href":"https:\/\/hojichawholesale.eu\/tr\/wp-json\/wp\/v2\/pages"}],"about":[{"href":"https:\/\/hojichawholesale.eu\/tr\/wp-json\/wp\/v2\/types\/page"}],"author":[{"embeddable":true,"href":"https:\/\/hojichawholesale.eu\/tr\/wp-json\/wp\/v2\/users\/1"}],"replies":[{"embeddable":true,"href":"https:\/\/hojichawholesale.eu\/tr\/wp-json\/wp\/v2\/comments?post=15115"}],"version-history":[{"count":0,"href":"https:\/\/hojichawholesale.eu\/tr\/wp-json\/wp\/v2\/pages\/15115\/revisions"}],"wp:featuredmedia":[{"embeddable":true,"href":"https:\/\/hojichawholesale.eu\/tr\/wp-json\/wp\/v2\/media\/15119"}],"wp:attachment":[{"href":"https:\/\/hojichawholesale.eu\/tr\/wp-json\/wp\/v2\/media?parent=15115"}],"curies":[{"name":"wp","href":"https:\/\/api.w.org\/{rel}","templated":true}]}}