{"id":15101,"date":"2024-10-12T09:58:42","date_gmt":"2024-10-12T09:58:42","guid":{"rendered":"https:\/\/hojichawholesale.eu\/oteller-ve-restoranlar-icin-hojicha\/"},"modified":"2026-04-05T15:20:53","modified_gmt":"2026-04-05T15:20:53","slug":"oteller-ve-restoranlar-icin-hojicha","status":"publish","type":"page","link":"https:\/\/hojichawholesale.eu\/tr\/oteller-ve-restoranlar-icin-hojicha\/","title":{"rendered":"Oteller ve restoranlar i\u00e7in Hojicha"},"content":{"rendered":"\n<h1 class=\"wp-block-heading\">Oteller ve Restoranlar i\u00e7in Hojicha<\/h1>\n\n<p>Hojicha, y\u00fckselen trend Japon \u00e7ay\u0131d\u0131r. Matcha gibi, toz halinde de mevcuttur; latte, tatl\u0131 ve f\u0131r\u0131n \u00fcr\u00fcnleri i\u00e7in m\u00fckemmeldir. Ama matcha&#8217;n\u0131n aksine, gev\u015fek yapraklarda da bulunur, bu da s\u0131cak suya kolayca kar\u0131\u015fmas\u0131n\u0131 sa\u011flar.    <\/p>\n\n<p>Hojicha, sa\u011fl\u0131k, sofistike ve y\u00fcksek kalite ile g\u00fc\u00e7l\u00fc bir \u015fekilde ili\u015fkilendirilir; markan\u0131z\u0131 ve tarz\u0131n\u0131z\u0131 olumlu etkiler ve m\u00fc\u015fterilerinizin kendilerini sofistike hissetmelerine yard\u0131mc\u0131 olur.  <\/p>\n\n<p>Ayr\u0131ca, premium alg\u0131s\u0131 ve d\u00fc\u015f\u00fck \u00fcretim maliyetleri sayesinde y\u00fcksek k\u00e2r marjlar\u0131 sunmaktad\u0131r.<\/p>\n\n<p>\u0130\u015fte hojicha&#8217;n\u0131n otelinizin veya restoran\u0131n\u0131z\u0131n i\u00e7ki se\u00e7imine m\u00fckemmel bir katk\u0131 olmas\u0131n\u0131n nedenleri.<\/p>\n\n<h2 class=\"wp-block-heading\">1. E\u015fsiz, Kavrulmu\u015f Lezzet<\/h2>\n\n<p>Hojicha, karamel, kuruyemi\u015f ve hafif bir dumanl\u0131l\u0131k notas\u0131 olan derin, kavrulmu\u015f bir tat sunar. Yumu\u015fak ve do\u011fal tatl\u0131 aromas\u0131 \u00e7ok \u00e7e\u015fitli insanlara hitap ediyor ve matcha&#8217;dan daha evrensel olarak ula\u015f\u0131labilir bir se\u00e7enek haline getiriyor. <\/p>\n\n<h2 class=\"wp-block-heading\">2. D\u00fc\u015f\u00fck Kafein ve Rahatlat\u0131c\u0131<\/h2>\n\n<p>Y\u00fcksek s\u0131cakl\u0131klarda kavrulan hojicha, kafein i\u00e7eri\u011fi \u00e7ok azd\u0131r; bu da g\u00fcn\u00fcn her saatinde dinlenmek isteyen misafirler i\u00e7in ideal bir se\u00e7enek sunar. Bu d\u00fc\u015f\u00fck kafeinli profil, kafeine kar\u015f\u0131 hassas olanlara hitap ederek men\u00fcn\u00fcz\u00fcn cazibesini art\u0131r\u0131yor. <\/p>\n<div class=\"wp-block-image\">\n<figure class=\"aligncenter size-large is-resized\"><img fetchpriority=\"high\" decoding=\"async\" width=\"1024\" height=\"684\" src=\"https:\/\/hojichawholesale.eu\/wp-content\/uploads\/2024\/10\/Depositphotos_500113964_L-1024x684.avif\" alt=\"\" class=\"wp-image-5326\" style=\"width:509px;height:auto\" srcset=\"https:\/\/hojichawholesale.eu\/wp-content\/uploads\/2024\/10\/Depositphotos_500113964_L-1024x684.avif 1024w, https:\/\/hojichawholesale.eu\/wp-content\/uploads\/2024\/10\/Depositphotos_500113964_L-300x200.avif 300w, https:\/\/hojichawholesale.eu\/wp-content\/uploads\/2024\/10\/Depositphotos_500113964_L-768x513.avif 768w, https:\/\/hojichawholesale.eu\/wp-content\/uploads\/2024\/10\/Depositphotos_500113964_L.avif 1200w\" sizes=\"(max-width: 1024px) 100vw, 1024px\" \/><\/figure>\n<\/div>\n<h2 class=\"wp-block-heading\">3. Sa\u011fl\u0131\u011fa Duyarl\u0131 Se\u00e7im<\/h2>\n\n<p>Yemek yiyenler sa\u011fl\u0131\u011fa giderek daha fazla \u00f6ncelik verirken, hojicha bir\u00e7ok fayda sunar. Antioksidanlar a\u00e7\u0131s\u0131ndan zengindir, sindirimi destekler, stresi azalt\u0131r ve rahatlamay\u0131 te\u015fvik eder. D\u00fc\u015f\u00fck kafein i\u00e7eri\u011fi sayesinde her ya\u015f i\u00e7in uygun olup, sa\u011fl\u0131\u011fa duyarl\u0131 misafirleri, aileleri ve i\u015f seyahatlerini \u00e7eker.  <\/p>\n\n<h2 class=\"wp-block-heading\">4. \u00c7ok Y\u00f6nl\u00fc Servis Se\u00e7enekleri<\/h2>\n\n<p>Hojicha, ister s\u0131cak, ister buzlu servis edilsin, ister latte, kokteyl veya tatl\u0131ya dahil edilsin, esnek bir malzemedir. \u00c7ok y\u00f6nl\u00fcl\u00fc\u011f\u00fc, i\u00e7ecek ve tatl\u0131 men\u00fclerinizde sonsuz yarat\u0131c\u0131l\u0131k sa\u011flar ve sunumlar\u0131n\u0131za benzersiz bir dokunu\u015f kat\u0131yor. <\/p>\n<div class=\"wp-block-image\">\n<figure class=\"aligncenter size-large is-resized\"><img decoding=\"async\" width=\"1024\" height=\"683\" src=\"https:\/\/hojichawholesale.eu\/wp-content\/uploads\/2024\/10\/Depositphotos_507526862_L-1024x683.avif\" alt=\"\" class=\"wp-image-5332\" style=\"width:605px;height:auto\" srcset=\"https:\/\/hojichawholesale.eu\/wp-content\/uploads\/2024\/10\/Depositphotos_507526862_L-1024x683.avif 1024w, https:\/\/hojichawholesale.eu\/wp-content\/uploads\/2024\/10\/Depositphotos_507526862_L-300x200.avif 300w, https:\/\/hojichawholesale.eu\/wp-content\/uploads\/2024\/10\/Depositphotos_507526862_L-768x512.avif 768w, https:\/\/hojichawholesale.eu\/wp-content\/uploads\/2024\/10\/Depositphotos_507526862_L.avif 1200w\" sizes=\"(max-width: 1024px) 100vw, 1024px\" \/><figcaption class=\"wp-element-caption\">Renkli arka planda kuru hojicha ye\u015fil \u00e7ay\u0131 ve s\u0131cak i\u00e7ecek fincan\u0131 ile tahtay\u0131<\/figcaption><\/figure>\n<\/div>\n<h2 class=\"wp-block-heading\">5. B\u00fcy\u00fcyen Bir Trend<\/h2>\n\n<p>Matcha art\u0131k ana ak\u0131m hale gelince, Hojicha \u00f6zellikle Avrupa&#8217;da Japon \u00e7aylar\u0131nda bir sonraki b\u00fcy\u00fck trend olmaya haz\u0131r. Hojicha sunmak, misafirleri etkileyecek ve konumunuzu iyile\u015ftirecek premium, \u00f6zel bir se\u00e7enekle mekan\u0131n\u0131z\u0131n \u00f6ne \u00e7\u0131kmas\u0131n\u0131 sa\u011flar.   <\/p>\n\n<figure class=\"wp-block-image size-large\"><img decoding=\"async\" width=\"1024\" height=\"544\" src=\"https:\/\/hojichawholesale.eu\/wp-content\/uploads\/2024\/10\/hojicha-trends-1-1024x544.avif\" alt=\"\" class=\"wp-image-5519\" srcset=\"https:\/\/hojichawholesale.eu\/wp-content\/uploads\/2024\/10\/hojicha-trends-1-1024x544.avif 1024w, https:\/\/hojichawholesale.eu\/wp-content\/uploads\/2024\/10\/hojicha-trends-1-300x159.avif 300w, https:\/\/hojichawholesale.eu\/wp-content\/uploads\/2024\/10\/hojicha-trends-1-768x408.avif 768w, https:\/\/hojichawholesale.eu\/wp-content\/uploads\/2024\/10\/hojicha-trends-1-1536x816.avif 1536w, https:\/\/hojichawholesale.eu\/wp-content\/uploads\/2024\/10\/hojicha-trends-1.avif 1892w\" sizes=\"(max-width: 1024px) 100vw, 1024px\" \/><\/figure>\n\n<figure class=\"wp-block-image size-large\"><img loading=\"lazy\" decoding=\"async\" width=\"1024\" height=\"412\" src=\"https:\/\/hojichawholesale.eu\/wp-content\/uploads\/2024\/10\/hojicha-trends-countries-1024x412.avif\" alt=\"\" class=\"wp-image-5459\" srcset=\"https:\/\/hojichawholesale.eu\/wp-content\/uploads\/2024\/10\/hojicha-trends-countries-1024x412.avif 1024w, https:\/\/hojichawholesale.eu\/wp-content\/uploads\/2024\/10\/hojicha-trends-countries-300x121.avif 300w, https:\/\/hojichawholesale.eu\/wp-content\/uploads\/2024\/10\/hojicha-trends-countries-768x309.avif 768w, https:\/\/hojichawholesale.eu\/wp-content\/uploads\/2024\/10\/hojicha-trends-countries-1536x618.avif 1536w, https:\/\/hojichawholesale.eu\/wp-content\/uploads\/2024\/10\/hojicha-trends-countries.avif 1873w\" sizes=\"(max-width: 1024px) 100vw, 1024px\" \/><\/figure>\n\n<h2 class=\"wp-block-heading\">6. Pazarlanmas\u0131 kolay<\/h2>\n\n<p>\u00dcr\u00fcn\u00fcn do\u011fas\u0131, pazarlaman\u0131zda kullanabilece\u011finiz geni\u015f bir a\u00e7\u0131 yelpazesi sunar; \u015f\u0131k bir Japon i\u00e7ece\u011finden sa\u011fl\u0131k g\u00fc\u00e7lendirici i\u00e7kiye kadar.<\/p>\n\n<p>D\u00fc\u015f\u00fck \u00fcretim maliyeti, k\u00e2r marjlar\u0131n\u0131z \u00fczerinde tam kontrol sa\u011flar.<\/p>\n\n<h2 class=\"wp-block-heading\">\u00d6rnek \u0130ste Et<\/h2>\n\n<p>Premium hojicha&#8217;m\u0131z\u0131n zengin, kavrulmu\u015f aromalar\u0131n\u0131 merak ediyor musunuz?  <\/p>\n\n<p>A\u015fa\u011f\u0131ya bilgilerinizi doldurun, size bir \u00f6rnek g\u00f6nderelim. \u00d6zel talepleriniz varsa bize bildirin, teklifimizi i\u015f ihtiya\u00e7lar\u0131n\u0131za g\u00f6re \u00f6zelle\u015ftirmekten memnuniyet duyar\u0131z. <\/p>\n<div class=\"forminator-ui forminator-custom-form forminator-custom-form-1365 forminator-design--flat  forminator_ajax\" data-forminator-render=\"0\" data-form=\"forminator-module-1365\" data-uid=\"69d441756cabc\"><br\/><\/div><form\n\t\t\t\tid=\"forminator-module-1365\"\n\t\t\t\tclass=\"forminator-ui forminator-custom-form forminator-custom-form-1365 forminator-design--flat  forminator_ajax\"\n\t\t\t\tmethod=\"post\"\n\t\t\t\tdata-forminator-render=\"0\"\n\t\t\t\tdata-form-id=\"1365\"\n\t\t\t\t data-color-option=\"default\" data-design=\"flat\" data-grid=\"open\" style=\"display: none;\"\n\t\t\t\tdata-uid=\"69d441756cabc\"\n\t\t\t><div role=\"alert\" aria-live=\"polite\" class=\"forminator-response-message forminator-error\" aria-hidden=\"true\"><\/div><div class=\"forminator-row\"><div id=\"name-1\" class=\"forminator-field-name forminator-col forminator-col-6 \"><div class=\"forminator-field\"><input type=\"text\" name=\"name-1\" value=\"\" placeholder=\"First Name\" id=\"forminator-field-name-1_69d441756cabc\" class=\"forminator-input forminator-name--field\" aria-required=\"true\" autocomplete=\"name\" \/><\/div><\/div><div id=\"name-2\" class=\"forminator-field-name forminator-col forminator-col-6 \"><div class=\"forminator-field\"><input type=\"text\" name=\"name-2\" value=\"\" placeholder=\"Last Name\" id=\"forminator-field-name-2_69d441756cabc\" class=\"forminator-input forminator-name--field\" aria-required=\"true\" autocomplete=\"name\" \/><\/div><\/div><\/div><div class=\"forminator-row\"><div id=\"email-1\" class=\"forminator-field-email forminator-col forminator-col-12 \"><div class=\"forminator-field\"><input type=\"email\" name=\"email-1\" value=\"\" placeholder=\"Email\" id=\"forminator-field-email-1_69d441756cabc\" class=\"forminator-input forminator-email--field\" data-required=\"true\" aria-required=\"true\" autocomplete=\"email\" \/><\/div><\/div><\/div><div class=\"forminator-row\"><div id=\"phone-1\" class=\"forminator-field-phone forminator-col forminator-col-12 \"><div class=\"forminator-field\"><input type=\"text\" name=\"phone-1\" value=\"\" placeholder=\"Phone\" id=\"forminator-field-phone-1_69d441756cabc\" class=\"forminator-input forminator-field--phone\" data-required=\"\" aria-required=\"false\" autocomplete=\"off\" \/><\/div><\/div><\/div><div class=\"forminator-row\"><div id=\"textarea-1\" class=\"forminator-field-textarea forminator-col forminator-col-12 \"><div class=\"forminator-field\"><textarea name=\"textarea-1\" placeholder=\"Message\" id=\"forminator-field-textarea-1_69d441756cabc\" class=\"forminator-textarea\" rows=\"6\" style=\"min-height:140px;\" ><\/textarea><span id=\"forminator-field-textarea-1_69d441756cabc-description\" class=\"forminator-description\"><span data-limit=\"300\" data-type=\"words\" data-editor=\"\">0 \/ 300<\/span><\/span><\/div><\/div><\/div><div class=\"forminator-row\"><\/div><input type=\"hidden\" name=\"referer_url\" value=\"\" \/><div class=\"forminator-row forminator-row-last\"><div class=\"forminator-col\"><div class=\"forminator-field\"><button class=\"forminator-button forminator-button-submit\">Send<\/button><\/div><\/div><\/div><input type=\"hidden\" id=\"forminator_nonce\" name=\"forminator_nonce\" value=\"8ad7e0b691\" \/><input type=\"hidden\" name=\"_wp_http_referer\" value=\"\/tr\/wp-json\/wp\/v2\/pages\/15101\" \/><input type=\"hidden\" name=\"form_id\" value=\"1365\"><input type=\"hidden\" name=\"page_id\" value=\"15101\"><input type=\"hidden\" name=\"form_type\" value=\"default\"><input type=\"hidden\" name=\"current_url\" value=\"https:\/\/hojichawholesale.eu\/tr\/oteller-ve-restoranlar-icin-hojicha\/\"><input type=\"hidden\" name=\"render_id\" value=\"0\"><input type=\"hidden\" name=\"action\" value=\"forminator_submit_form_custom-forms\"><label for=\"input_6\" class=\"forminator-hidden\" aria-hidden=\"true\">Please do not fill in this field. <input id=\"input_6\" type=\"text\" name=\"input_6\" value=\"\" autocomplete=\"off\"><\/label><\/form>\n\n<p><\/p>\n","protected":false},"excerpt":{"rendered":"<p>Oteller ve Restoranlar i\u00e7in Hojicha Hojicha, y\u00fckselen trend Japon \u00e7ay\u0131d\u0131r. Matcha gibi, toz halinde de mevcuttur; latte, tatl\u0131 ve f\u0131r\u0131n \u00fcr\u00fcnleri i\u00e7in m\u00fckemmeldir. Ama matcha&#8217;n\u0131n aksine, gev\u015fek yapraklarda da bulunur, bu da s\u0131cak suya kolayca kar\u0131\u015fmas\u0131n\u0131 sa\u011flar. Hojicha, sa\u011fl\u0131k, sofistike ve y\u00fcksek kalite ile g\u00fc\u00e7l\u00fc bir \u015fekilde ili\u015fkilendirilir; markan\u0131z\u0131 ve tarz\u0131n\u0131z\u0131 olumlu etkiler ve m\u00fc\u015fterilerinizin [&hellip;]<\/p>\n","protected":false},"author":1,"featured_media":15112,"parent":0,"menu_order":0,"comment_status":"closed","ping_status":"closed","template":"","meta":{"_surecart_dashboard_logo_width":"180px","_surecart_dashboard_show_logo":true,"_surecart_dashboard_navigation_orders":true,"_surecart_dashboard_navigation_invoices":true,"_surecart_dashboard_navigation_subscriptions":true,"_surecart_dashboard_navigation_downloads":true,"_surecart_dashboard_navigation_billing":true,"_surecart_dashboard_navigation_account":true,"footnotes":""},"class_list":["post-15101","page","type-page","status-publish","has-post-thumbnail","hentry","entry","has-media"],"mb":[],"mfb_rest_fields":["title","gutenberg_elementor_mode"],"_links":{"self":[{"href":"https:\/\/hojichawholesale.eu\/tr\/wp-json\/wp\/v2\/pages\/15101","targetHints":{"allow":["GET"]}}],"collection":[{"href":"https:\/\/hojichawholesale.eu\/tr\/wp-json\/wp\/v2\/pages"}],"about":[{"href":"https:\/\/hojichawholesale.eu\/tr\/wp-json\/wp\/v2\/types\/page"}],"author":[{"embeddable":true,"href":"https:\/\/hojichawholesale.eu\/tr\/wp-json\/wp\/v2\/users\/1"}],"replies":[{"embeddable":true,"href":"https:\/\/hojichawholesale.eu\/tr\/wp-json\/wp\/v2\/comments?post=15101"}],"version-history":[{"count":0,"href":"https:\/\/hojichawholesale.eu\/tr\/wp-json\/wp\/v2\/pages\/15101\/revisions"}],"wp:featuredmedia":[{"embeddable":true,"href":"https:\/\/hojichawholesale.eu\/tr\/wp-json\/wp\/v2\/media\/15112"}],"wp:attachment":[{"href":"https:\/\/hojichawholesale.eu\/tr\/wp-json\/wp\/v2\/media?parent=15101"}],"curies":[{"name":"wp","href":"https:\/\/api.w.org\/{rel}","templated":true}]}}