{"id":15083,"date":"2024-10-12T11:59:06","date_gmt":"2024-10-12T11:59:06","guid":{"rendered":"https:\/\/hojichawholesale.eu\/neden-hojicha-satiyorsun\/"},"modified":"2026-04-05T15:20:53","modified_gmt":"2026-04-05T15:20:53","slug":"neden-hojicha-satiyorsun","status":"publish","type":"page","link":"https:\/\/hojichawholesale.eu\/tr\/neden-hojicha-satiyorsun\/","title":{"rendered":"Neden hojicha sat\u0131yorsun?"},"content":{"rendered":"\n<h1 class=\"wp-block-heading\">Neden Hojicha satal\u0131m?<\/h1>\n\n<p>Hojicha, Japon kavrulmu\u015f ye\u015fil \u00e7ay\u0131 olan bir \u00e7ay olarak son y\u0131llarda h\u0131zla pop\u00fclerlik kazanm\u0131\u015ft\u0131r.  <\/p>\n\n<figure class=\"wp-block-image size-large\"><img fetchpriority=\"high\" decoding=\"async\" width=\"1024\" height=\"544\" src=\"https:\/\/hojichawholesale.eu\/wp-content\/uploads\/2024\/10\/hojicha-trends-1-1024x544.avif\" alt=\"\" class=\"wp-image-5519\" srcset=\"https:\/\/hojichawholesale.eu\/wp-content\/uploads\/2024\/10\/hojicha-trends-1-1024x544.avif 1024w, https:\/\/hojichawholesale.eu\/wp-content\/uploads\/2024\/10\/hojicha-trends-1-300x159.avif 300w, https:\/\/hojichawholesale.eu\/wp-content\/uploads\/2024\/10\/hojicha-trends-1-768x408.avif 768w, https:\/\/hojichawholesale.eu\/wp-content\/uploads\/2024\/10\/hojicha-trends-1-1536x816.avif 1536w, https:\/\/hojichawholesale.eu\/wp-content\/uploads\/2024\/10\/hojicha-trends-1.avif 1892w\" sizes=\"(max-width: 1024px) 100vw, 1024px\" \/><\/figure>\n\n<figure class=\"wp-block-image size-large\"><img decoding=\"async\" width=\"1024\" height=\"412\" src=\"https:\/\/hojichawholesale.eu\/wp-content\/uploads\/2024\/10\/hojicha-trends-countries-1024x412.avif\" alt=\"\" class=\"wp-image-5459\" srcset=\"https:\/\/hojichawholesale.eu\/wp-content\/uploads\/2024\/10\/hojicha-trends-countries-1024x412.avif 1024w, https:\/\/hojichawholesale.eu\/wp-content\/uploads\/2024\/10\/hojicha-trends-countries-300x121.avif 300w, https:\/\/hojichawholesale.eu\/wp-content\/uploads\/2024\/10\/hojicha-trends-countries-768x309.avif 768w, https:\/\/hojichawholesale.eu\/wp-content\/uploads\/2024\/10\/hojicha-trends-countries-1536x618.avif 1536w, https:\/\/hojichawholesale.eu\/wp-content\/uploads\/2024\/10\/hojicha-trends-countries.avif 1873w\" sizes=\"(max-width: 1024px) 100vw, 1024px\" \/><\/figure>\n\n<p>Kendine \u00f6zg\u00fc lezzet profili, artan sa\u011fl\u0131k duyarl\u0131 \u00e7ekicili\u011fi ve \u00e7ok y\u00f6nl\u00fcl\u00fc\u011f\u00fcyle, m\u00fc\u015fterileriniz i\u00e7in yeni ve cazip bir tekliftir.  <\/p>\n\n<p>\u0130\u015fte men\u00fcn\u00fcze hojicha eklemenizin nedenleri.<\/p>\n\n<h2 class=\"wp-block-heading\">1. Benzersiz Lezzet Profili<\/h2>\n\n<p>Hojicha, s\u0131cak, kavrulmu\u015f aromas\u0131yla \u00f6ne \u00e7\u0131kar; bu da onu matcha veya sencha gibi di\u011fer Japon \u00e7aylar\u0131ndan ay\u0131r\u0131r.  <\/p>\n\n<p>Kavrulma s\u00fcreci, ona hafif f\u0131nd\u0131kl\u0131 bir tat ve karamel tatl\u0131l\u0131\u011f\u0131 kat\u0131yor; bu da farkl\u0131 bir \u015fey arayan m\u00fc\u015fteriler i\u00e7in cazip bir tercih haline getiriyor.  <\/p>\n\n<p>Ac\u0131l\u0131\u011f\u0131 ve d\u00fc\u015f\u00fck kafein (kavurma nedeniyle) onu evrensel ve aile dostu bir se\u00e7enek haline getiriyor.  <\/p>\n\n<p>\u015eekeri az ama lezzetli, herkes i\u00e7in bir i\u00e7ecek.  <\/p>\n\n<h2 class=\"wp-block-heading\">2. Sa\u011fl\u0131k Faydalar\u0131<\/h2>\n\n<p>Hojicha, di\u011fer ye\u015fil \u00e7aylar gibi, f\u0131r\u0131nland\u0131ktan sonra bile bir\u00e7ok sa\u011fl\u0131k faydas\u0131n\u0131 korur.  <\/p>\n\n<p>\u0130ltihab\u0131 azaltma ve genel iyilik halini art\u0131rmadaki rol\u00fc bilinen antioksidanlar a\u00e7\u0131s\u0131ndan zengindir. D\u00fc\u015f\u00fck kafein i\u00e7eri\u011fi, \u00e7ay\u0131n sakinle\u015ftirici ve sa\u011fl\u0131\u011f\u0131 iyile\u015ftirici \u00f6zelliklerinden keyif al\u0131rken kafein al\u0131m\u0131n\u0131 azaltmak isteyen ki\u015filer i\u00e7in uygun hale getirir.   <\/p>\n\n<h2 class=\"wp-block-heading\">3. Mutfak Uygulamalar\u0131nda \u00c7ok Y\u00f6nl\u00fcl\u00fck<\/h2>\n\n<p>Hojicha ya gev\u015fek yaprak ya da toz olarak bulunabilir.<\/p>\n\n<p>Bu \u00e7ok y\u00f6nl\u00fcl\u00fck Japon \u00e7ay\u0131 aras\u0131nda nadirdir.  <\/p>\n\n<p>Hojicha s\u0131cak veya so\u011fuk, \u00e7ayda veya latte i\u00e7inde servis edilebilir ve ekmek, bisk\u00fcvi ve kek haline pi\u015firilebilir.  <\/p>\n\n<p>Ayr\u0131ca dondurma aromas\u0131 olarak da kullan\u0131labilir.  <\/p>\n\n<p>Kavrulmu\u015f, toprak gibi tatlar\u0131, neredeyse t\u00fcm tariflerde kullan\u0131lacak heyecan verici bir malzeme haline getiriyor.  <\/p>\n\n<h2 class=\"wp-block-heading\">4. K\u00fcresel Pop\u00fclerli\u011fin Art\u0131\u015f\u0131<\/h2>\n\n<p>Hojicha&#8217;n\u0131n pop\u00fclaritesi art\u0131k sadece Japonya ile s\u0131n\u0131rl\u0131 de\u011fil.  <\/p>\n\n<p>Uluslararas\u0131 \u00e7ay i\u00e7icileri daha macerac\u0131 hale geliyor, yeni tatlar ve k\u00fclt\u00fcrel \u00e7ay geleneklerini ke\u015ffetmeye \u00e7al\u0131\u015f\u0131yor. Hojicha&#8217;n\u0131n fark\u0131ndal\u0131\u011f\u0131 artt\u0131k\u00e7a, piyasa talebi de art\u0131yor. <\/p>\n\n<p>\u0130lk hojicha sat\u0131c\u0131lar\u0131ndan biri olarak, yava\u015flama belirtisi g\u00f6stermeyen geni\u015fleyen k\u00fcresel bir trendin \u00f6n saflar\u0131nda kendinizi konumland\u0131r\u0131yorsunuz.  <\/p>\n\n<p>Ayr\u0131ca i\u015finizi rakiplerden farkl\u0131 ve daha trend olarak konumland\u0131r\u0131rs\u0131n\u0131z.  <\/p>\n\n<h2 class=\"wp-block-heading\">5. Pazara Kolay<\/h2>\n\n<p>\u00dcr\u00fcn\u00fcn do\u011fas\u0131, pazarlaman\u0131zda kullanabilece\u011finiz geni\u015f bir a\u00e7\u0131 yelpazesi sunar; \u015f\u0131k bir Japon i\u00e7ece\u011finden sa\u011fl\u0131k g\u00fc\u00e7lendirici i\u00e7kiye kadar.  <\/p>\n\n<p>D\u00fc\u015f\u00fck \u00fcretim maliyeti, k\u00e2r marjlar\u0131n\u0131z \u00fczerinde tam kontrol sa\u011flar.  <\/p>\n\n<h2 class=\"wp-block-heading\">Sonu\u00e7<\/h2>\n\n<p>Ba\u015fl\u0131ca y\u00fckselen Japon \u00e7ay\u0131 olan hojicha, m\u00fc\u015fterilerine heyecan verici bir \u00fcr\u00fcn yelpazesi sunmak isteyen kafeler, oteller, restoranlar ve perakende \u00e7ay d\u00fckkanlar\u0131 i\u00e7in mutlaka bir \u00fcr\u00fcnd\u00fcr.  <\/p>\n\n<p>Hojicha&#8217;n\u0131n sa\u011fl\u0131k faydalar\u0131, zengin lezzet profili ve artan talebi, hem perakendeciler hem de yiyecek hizmetleri i\u015fletmeleri i\u00e7in stratejik bir ek haline getiriyor.<\/p>\n\n<p>M\u00fc\u015fterileriniz ister deneyimli \u00e7ay i\u00e7icileri olsun, ister Japon \u00e7aylar\u0131na yeni ba\u015flayanlar olsun, hojicha geni\u015f bir hitap yelpazesine sahip bir \u00fcr\u00fcn olarak kesinlikle \u00f6ne \u00e7\u0131kacakt\u0131r.<\/p>\n\n<h2 class=\"wp-block-heading\">\u00d6rnek \u0130ste Et<\/h2>\n\n<p>Premium hojicha&#8217;m\u0131z\u0131n zengin, kavrulmu\u015f aromalar\u0131n\u0131 merak ediyor musunuz?  <\/p>\n\n<p>A\u015fa\u011f\u0131ya bilgilerinizi doldurun, size bir \u00f6rnek g\u00f6nderelim. \u00d6zel talepleriniz varsa bize bildirin, teklifimizi i\u015f ihtiya\u00e7lar\u0131n\u0131za g\u00f6re \u00f6zelle\u015ftirmekten memnuniyet duyar\u0131z. <\/p>\n<div class=\"forminator-ui forminator-custom-form forminator-custom-form-1365 forminator-design--flat  forminator_ajax\" data-forminator-render=\"0\" data-form=\"forminator-module-1365\" data-uid=\"69d33360caa6e\"><br\/><\/div><form\n\t\t\t\tid=\"forminator-module-1365\"\n\t\t\t\tclass=\"forminator-ui forminator-custom-form forminator-custom-form-1365 forminator-design--flat  forminator_ajax\"\n\t\t\t\tmethod=\"post\"\n\t\t\t\tdata-forminator-render=\"0\"\n\t\t\t\tdata-form-id=\"1365\"\n\t\t\t\t data-color-option=\"default\" data-design=\"flat\" data-grid=\"open\" style=\"display: none;\"\n\t\t\t\tdata-uid=\"69d33360caa6e\"\n\t\t\t><div role=\"alert\" aria-live=\"polite\" class=\"forminator-response-message forminator-error\" aria-hidden=\"true\"><\/div><div class=\"forminator-row\"><div id=\"name-1\" class=\"forminator-field-name forminator-col forminator-col-6 \"><div class=\"forminator-field\"><input type=\"text\" name=\"name-1\" value=\"\" placeholder=\"First Name\" id=\"forminator-field-name-1_69d33360caa6e\" class=\"forminator-input forminator-name--field\" aria-required=\"true\" autocomplete=\"name\" \/><\/div><\/div><div id=\"name-2\" class=\"forminator-field-name forminator-col forminator-col-6 \"><div class=\"forminator-field\"><input type=\"text\" name=\"name-2\" value=\"\" placeholder=\"Last Name\" id=\"forminator-field-name-2_69d33360caa6e\" class=\"forminator-input forminator-name--field\" aria-required=\"true\" autocomplete=\"name\" \/><\/div><\/div><\/div><div class=\"forminator-row\"><div id=\"email-1\" class=\"forminator-field-email forminator-col forminator-col-12 \"><div class=\"forminator-field\"><input type=\"email\" name=\"email-1\" value=\"\" placeholder=\"Email\" id=\"forminator-field-email-1_69d33360caa6e\" class=\"forminator-input forminator-email--field\" data-required=\"true\" aria-required=\"true\" autocomplete=\"email\" \/><\/div><\/div><\/div><div class=\"forminator-row\"><div id=\"phone-1\" class=\"forminator-field-phone forminator-col forminator-col-12 \"><div class=\"forminator-field\"><input type=\"text\" name=\"phone-1\" value=\"\" placeholder=\"Phone\" id=\"forminator-field-phone-1_69d33360caa6e\" class=\"forminator-input forminator-field--phone\" data-required=\"\" aria-required=\"false\" autocomplete=\"off\" \/><\/div><\/div><\/div><div class=\"forminator-row\"><div id=\"textarea-1\" class=\"forminator-field-textarea forminator-col forminator-col-12 \"><div class=\"forminator-field\"><textarea name=\"textarea-1\" placeholder=\"Message\" id=\"forminator-field-textarea-1_69d33360caa6e\" class=\"forminator-textarea\" rows=\"6\" style=\"min-height:140px;\" ><\/textarea><span id=\"forminator-field-textarea-1_69d33360caa6e-description\" class=\"forminator-description\"><span data-limit=\"300\" data-type=\"words\" data-editor=\"\">0 \/ 300<\/span><\/span><\/div><\/div><\/div><div class=\"forminator-row\"><\/div><input type=\"hidden\" name=\"referer_url\" value=\"\" \/><div class=\"forminator-row forminator-row-last\"><div class=\"forminator-col\"><div class=\"forminator-field\"><button class=\"forminator-button forminator-button-submit\">Send<\/button><\/div><\/div><\/div><input type=\"hidden\" id=\"forminator_nonce\" name=\"forminator_nonce\" value=\"a706b3830b\" \/><input type=\"hidden\" name=\"_wp_http_referer\" value=\"\/tr\/wp-json\/wp\/v2\/pages\/15083\" \/><input type=\"hidden\" name=\"form_id\" value=\"1365\"><input type=\"hidden\" name=\"page_id\" value=\"15083\"><input type=\"hidden\" name=\"form_type\" value=\"default\"><input type=\"hidden\" name=\"current_url\" value=\"https:\/\/hojichawholesale.eu\/tr\/neden-hojicha-satiyorsun\/\"><input type=\"hidden\" name=\"render_id\" value=\"0\"><input type=\"hidden\" name=\"action\" value=\"forminator_submit_form_custom-forms\"><label for=\"input_6\" class=\"forminator-hidden\" aria-hidden=\"true\">Please do not fill in this field. <input id=\"input_6\" type=\"text\" name=\"input_6\" value=\"\" autocomplete=\"off\"><\/label><\/form>\n","protected":false},"excerpt":{"rendered":"<p>Neden Hojicha satal\u0131m? Hojicha, Japon kavrulmu\u015f ye\u015fil \u00e7ay\u0131 olan bir \u00e7ay olarak son y\u0131llarda h\u0131zla pop\u00fclerlik kazanm\u0131\u015ft\u0131r. Kendine \u00f6zg\u00fc lezzet profili, artan sa\u011fl\u0131k duyarl\u0131 \u00e7ekicili\u011fi ve \u00e7ok y\u00f6nl\u00fcl\u00fc\u011f\u00fcyle, m\u00fc\u015fterileriniz i\u00e7in yeni ve cazip bir tekliftir. \u0130\u015fte men\u00fcn\u00fcze hojicha eklemenizin nedenleri. 1. Benzersiz Lezzet Profili Hojicha, s\u0131cak, kavrulmu\u015f aromas\u0131yla \u00f6ne \u00e7\u0131kar; bu da onu matcha veya [&hellip;]<\/p>\n","protected":false},"author":1,"featured_media":15097,"parent":0,"menu_order":0,"comment_status":"closed","ping_status":"closed","template":"","meta":{"_surecart_dashboard_logo_width":"180px","_surecart_dashboard_show_logo":true,"_surecart_dashboard_navigation_orders":true,"_surecart_dashboard_navigation_invoices":true,"_surecart_dashboard_navigation_subscriptions":true,"_surecart_dashboard_navigation_downloads":true,"_surecart_dashboard_navigation_billing":true,"_surecart_dashboard_navigation_account":true,"footnotes":""},"class_list":["post-15083","page","type-page","status-publish","has-post-thumbnail","hentry","entry","has-media"],"mb":[],"mfb_rest_fields":["title","gutenberg_elementor_mode"],"_links":{"self":[{"href":"https:\/\/hojichawholesale.eu\/tr\/wp-json\/wp\/v2\/pages\/15083","targetHints":{"allow":["GET"]}}],"collection":[{"href":"https:\/\/hojichawholesale.eu\/tr\/wp-json\/wp\/v2\/pages"}],"about":[{"href":"https:\/\/hojichawholesale.eu\/tr\/wp-json\/wp\/v2\/types\/page"}],"author":[{"embeddable":true,"href":"https:\/\/hojichawholesale.eu\/tr\/wp-json\/wp\/v2\/users\/1"}],"replies":[{"embeddable":true,"href":"https:\/\/hojichawholesale.eu\/tr\/wp-json\/wp\/v2\/comments?post=15083"}],"version-history":[{"count":1,"href":"https:\/\/hojichawholesale.eu\/tr\/wp-json\/wp\/v2\/pages\/15083\/revisions"}],"predecessor-version":[{"id":15099,"href":"https:\/\/hojichawholesale.eu\/tr\/wp-json\/wp\/v2\/pages\/15083\/revisions\/15099"}],"wp:featuredmedia":[{"embeddable":true,"href":"https:\/\/hojichawholesale.eu\/tr\/wp-json\/wp\/v2\/media\/15097"}],"wp:attachment":[{"href":"https:\/\/hojichawholesale.eu\/tr\/wp-json\/wp\/v2\/media?parent=15083"}],"curies":[{"name":"wp","href":"https:\/\/api.w.org\/{rel}","templated":true}]}}