{"id":15068,"date":"2024-10-12T07:56:00","date_gmt":"2024-10-12T07:56:00","guid":{"rendered":"https:\/\/hojichawholesale.eu\/kafeler-icin-hojicha\/"},"modified":"2026-04-05T15:20:53","modified_gmt":"2026-04-05T15:20:53","slug":"kafeler-icin-hojicha","status":"publish","type":"page","link":"https:\/\/hojichawholesale.eu\/tr\/kafeler-icin-hojicha\/","title":{"rendered":"Kafeler i\u00e7in Hojicha"},"content":{"rendered":"\n<h1 class=\"wp-block-heading\">Kafeler i\u00e7in Hojicha<\/h1>\n\n<p>Hojicha, kavrulmu\u015f Japon ye\u015fil \u00e7ay\u0131, i\u00e7ecek men\u00fcne m\u00fckemmel bir katk\u0131. Sadece kendine \u00f6zg\u00fc bir tat sa\u011flamakla kalmaz, ayn\u0131 zamanda y\u00fcksek kaliteli, sa\u011fl\u0131kl\u0131 ve zanaatkar i\u00e7eceklerin artan trendine de dokunur. <\/p>\n\n<p>\u0130\u015fte hojicha&#8217;y\u0131 kafenize tan\u0131tman\u0131n neden rakiplerinizden ayr\u0131lman\u0131za ve yeni bir m\u00fc\u015fteri segmentine hitap etmenize yard\u0131mc\u0131 olaca\u011f\u0131.  <\/p>\n\n<h2 class=\"wp-block-heading\">1. <strong>Benzersiz Lezzet<\/strong><\/h2>\n\n<p>Hojicha, kavurma s\u00fcreciyle di\u011fer ye\u015fil \u00e7aylardan \u00f6ne \u00e7\u0131kar; bu da ona derin, dumanl\u0131 bir aroma ve do\u011fal olarak tatl\u0131, f\u0131nd\u0131k aromas\u0131 verir.  <\/p>\n\n<p>Hafif ve s\u0131cak tad\u0131 tipik ye\u015fil \u00e7aylara g\u00f6re daha az buruklay\u0131c\u0131d\u0131r, bu da matcha&#8217;y\u0131 sevmeyenler de dahil olmak \u00fczere daha geni\u015f bir kitleye hitap eder. Sa\u011fl\u0131kl\u0131 ve s\u0131cak aromas\u0131, hamur i\u015fleri ve sandvi\u00e7ler gibi \u00e7e\u015fitli kafe yiyecekleriyle m\u00fckemmel uyum sa\u011flar. <\/p>\n\n<p>Ayr\u0131ca ger\u00e7ekten \u00e7ok g\u00fczel g\u00f6r\u00fcn\u00fcyor!<\/p>\n<div class=\"wp-block-image\">\n<figure class=\"aligncenter size-full is-resized\"><img fetchpriority=\"high\" decoding=\"async\" width=\"1000\" height=\"667\" src=\"https:\/\/hojichawholesale.eu\/wp-content\/uploads\/2024\/10\/Depositphotos_505518166_S.avif\" alt=\"\" class=\"wp-image-5447\" style=\"width:464px;height:auto\" srcset=\"https:\/\/hojichawholesale.eu\/wp-content\/uploads\/2024\/10\/Depositphotos_505518166_S.avif 1000w, https:\/\/hojichawholesale.eu\/wp-content\/uploads\/2024\/10\/Depositphotos_505518166_S-300x200.avif 300w, https:\/\/hojichawholesale.eu\/wp-content\/uploads\/2024\/10\/Depositphotos_505518166_S-768x512.avif 768w\" sizes=\"(max-width: 1000px) 100vw, 1000px\" \/><figcaption class=\"wp-element-caption\"><a href=\"https:\/\/depositphotos.com\/photo\/glass-cup-tasty-dalgona-hojicha-latte-table-505518166.html\" data-type=\"link\" data-id=\"https:\/\/depositphotos.com\/photo\/glass-cup-tasty-dalgona-hojicha-latte-table-505518166.html\" target=\"_blank\" rel=\"noopener\">Kaynak.<\/a><\/figcaption><\/figure>\n<\/div>\n<h2 class=\"wp-block-heading\">2. <strong>D\u00fc\u015f\u00fck Kafein Alternatifi<\/strong><\/h2>\n\n<p>Bir\u00e7ok di\u011fer \u00e7ay ve kahveden aksine, hojicha kafein a\u00e7\u0131s\u0131ndan d\u00fc\u015f\u00fckt\u00fcr, bu da g\u00fcn\u00fcn her saatinde herkes i\u00e7in harika bir tercih haline gelir. Japonlar geleneksel olarak ak\u015fam yemeklerinden sonra t\u00fcketir, ancak g\u00fcn\u00fcn herhangi bir saatinde t\u00fcketilebilir.   <\/p>\n\n<p>Hojicha sunmak, sa\u011fl\u0131\u011fa duyarl\u0131 bireyler, hamile kad\u0131nlar, aileler ve rahatlat\u0131c\u0131 bir i\u00e7ecek se\u00e7ene\u011fi arayanlar dahil olmak \u00fczere daha geni\u015f bir kitleye hitap etmenize yard\u0131mc\u0131 olur. Ger\u00e7ekten evrensel. <\/p>\n\n<h2 class=\"wp-block-heading\">3. <strong>\u00c7ok Y\u00f6nl\u00fc Men\u00fc Uygulamalar\u0131<\/strong><\/h2>\n\n<p>Hojicha, s\u0131cak veya so\u011fuk, yapraklar i\u00e7inde veya toz halinde, latte, buzlu latte veya hojicha aromal\u0131 dondurmalar ve hamur i\u015fleri gibi yiyeceklerde servis edilebilir. Bu sayede kafenizi rakiplerinden ay\u0131ran mevsimlik \u00f6zel \u00fcr\u00fcnler ve benzersiz imza i\u00e7ecekler yaratabilirsiniz. <\/p>\n<div class=\"wp-block-image\">\n<figure class=\"aligncenter size-full is-resized\"><img decoding=\"async\" width=\"1000\" height=\"704\" src=\"https:\/\/hojichawholesale.eu\/wp-content\/uploads\/2024\/10\/Depositphotos_505676462_S.avif\" alt=\"\" class=\"wp-image-5452\" style=\"width:553px;height:auto\" srcset=\"https:\/\/hojichawholesale.eu\/wp-content\/uploads\/2024\/10\/Depositphotos_505676462_S.avif 1000w, https:\/\/hojichawholesale.eu\/wp-content\/uploads\/2024\/10\/Depositphotos_505676462_S-300x211.avif 300w, https:\/\/hojichawholesale.eu\/wp-content\/uploads\/2024\/10\/Depositphotos_505676462_S-768x541.avif 768w\" sizes=\"(max-width: 1000px) 100vw, 1000px\" \/><\/figure>\n<\/div>\n<h2 class=\"wp-block-heading\">4. <strong>Sa\u011fl\u0131\u011fa Duyarl\u0131 M\u00fc\u015fterilere \u00c7a\u011fr\u0131lar<\/strong><\/h2>\n\n<p>Hojicha, \u00e7ok say\u0131da sa\u011fl\u0131k faydas\u0131 olan, antioksidan a\u00e7\u0131s\u0131ndan zengin bir i\u00e7ecektir. Daha d\u00fc\u015f\u00fck kafein i\u00e7eri\u011fi ve y\u00fcksek L-theanine seviyeleri sayesinde sindirimi destekledi\u011fi, stresi azaltt\u0131\u011f\u0131 ve iyi olu\u015fu art\u0131rd\u0131\u011f\u0131 bilinir. L-teanin, uyku hissi olmadan rahatlamay\u0131 te\u015fvik eden bir antioksidand\u0131r.    <\/p>\n\n<p>Bu da hojicha&#8217;y\u0131 kafe men\u00fcne m\u00fckemmel bir katk\u0131 haline getiriyor, \u00f6zellikle daha fazla m\u00fc\u015fteri daha sa\u011fl\u0131kl\u0131 se\u00e7enekler ararken.<\/p>\n\n<h2 class=\"wp-block-heading\">5. <strong>Japon \u00e7ay\u0131n\u0131n artan pop\u00fclaritesine<\/strong> Uygun<\/h2>\n\n<p>Japon \u00e7aylar\u0131 d\u00fcnya \u00e7ap\u0131nda pop\u00fclerlik kazan\u0131yor ve hojicha da istisna de\u011fil. Hojicha sunarak, kafeniz bu trendi fark edebilir ve otantik ve y\u00fcksek kaliteli Japon \u00e7aylar\u0131n\u0131 denemek isteyen \u00e7ay tutkunlar\u0131n\u0131 \u00e7ekebilir. Men\u00fcn\u00fcze yeni, uluslararas\u0131 tatlar arayan m\u00fc\u015fterilere hitap eden zanaatkar, k\u00fclt\u00fcrel bir dokunu\u015f katar.  <\/p>\n\n<figure class=\"wp-block-image size-large\"><img decoding=\"async\" width=\"1024\" height=\"544\" src=\"https:\/\/hojichawholesale.eu\/wp-content\/uploads\/2024\/10\/hojicha-trends-1024x544.avif\" alt=\"\" class=\"wp-image-5444\" srcset=\"https:\/\/hojichawholesale.eu\/wp-content\/uploads\/2024\/10\/hojicha-trends-1024x544.avif 1024w, https:\/\/hojichawholesale.eu\/wp-content\/uploads\/2024\/10\/hojicha-trends-300x159.avif 300w, https:\/\/hojichawholesale.eu\/wp-content\/uploads\/2024\/10\/hojicha-trends-768x408.avif 768w, https:\/\/hojichawholesale.eu\/wp-content\/uploads\/2024\/10\/hojicha-trends-1536x816.avif 1536w, https:\/\/hojichawholesale.eu\/wp-content\/uploads\/2024\/10\/hojicha-trends.avif 1892w\" sizes=\"(max-width: 1024px) 100vw, 1024px\" \/><\/figure>\n\n<figure class=\"wp-block-image size-large\"><img loading=\"lazy\" decoding=\"async\" width=\"1024\" height=\"412\" src=\"https:\/\/hojichawholesale.eu\/wp-content\/uploads\/2024\/10\/hojicha-trends-countries-1024x412.avif\" alt=\"\" class=\"wp-image-5459\" srcset=\"https:\/\/hojichawholesale.eu\/wp-content\/uploads\/2024\/10\/hojicha-trends-countries-1024x412.avif 1024w, https:\/\/hojichawholesale.eu\/wp-content\/uploads\/2024\/10\/hojicha-trends-countries-300x121.avif 300w, https:\/\/hojichawholesale.eu\/wp-content\/uploads\/2024\/10\/hojicha-trends-countries-768x309.avif 768w, https:\/\/hojichawholesale.eu\/wp-content\/uploads\/2024\/10\/hojicha-trends-countries-1536x618.avif 1536w, https:\/\/hojichawholesale.eu\/wp-content\/uploads\/2024\/10\/hojicha-trends-countries.avif 1873w\" sizes=\"(max-width: 1024px) 100vw, 1024px\" \/><\/figure>\n\n<h2 class=\"wp-block-heading\">6. <strong>\u00c7evre Dostu ve S\u00fcrd\u00fcr\u00fclebilir<\/strong><\/h2>\n\n<p>Hojicha&#8217;m\u0131z, geleneksel kavurma tekniklerinin nesillerden nesillere aktar\u0131ld\u0131\u011f\u0131 Japonya&#8217;daki s\u00fcrd\u00fcr\u00fclebilir \u00e7ay \u00e7iftliklerinden elde edilmektedir.  <\/p>\n\n<p>Hojicha sunmak, kafenizin \u00e7evre dostu uygulamalara ve s\u00fcrd\u00fcr\u00fclebilirli\u011fe olan ba\u011fl\u0131l\u0131\u011f\u0131n\u0131 g\u00f6sterir; bu da t\u00fcketiciler i\u00e7in giderek daha \u00f6nemli hale geliyor. Bu y\u00f6n\u00fc, \u00e7evre bilincine sahip m\u00fc\u015fterilere hitap etmek i\u00e7in pazarlaman\u0131zda \u00f6ne \u00e7\u0131karabilirsiniz. <\/p>\n\n<h2 class=\"wp-block-heading\">7. <strong>Kafenizin Esteti\u011fini Y\u00fckseltiyor<\/strong><\/h2>\n\n<p>Harika zevkinin yan\u0131 s\u0131ra, hojicha estetik bir \u00e7ekicilik de sunar.  <\/p>\n\n<p>Zengin, kehribar-kahverengi rengi ve minimalist sunumu, ister modern cam e\u015fyalarda ister geleneksel Japon \u00e7ay tak\u0131mlar\u0131nda servis edin, kafenizin g\u00f6rsel tarz\u0131n\u0131 kolayca tamamlayabilir. G\u00f6rsel \u00e7ekicili\u011fi, onu Instagram&#8217;a de\u011fer k\u0131lar, sosyal medya \u00fczerinden heyecan yaratmaya ve daha fazla m\u00fc\u015fteri \u00e7ekmesine yard\u0131mc\u0131 olur. <\/p>\n<div class=\"wp-block-image\">\n<figure class=\"aligncenter size-full is-resized\"><img loading=\"lazy\" decoding=\"async\" width=\"1000\" height=\"668\" src=\"https:\/\/hojichawholesale.eu\/wp-content\/uploads\/2024\/10\/Depositphotos_466456178_S-1.avif\" alt=\"\" class=\"wp-image-5450\" style=\"width:504px;height:auto\" srcset=\"https:\/\/hojichawholesale.eu\/wp-content\/uploads\/2024\/10\/Depositphotos_466456178_S-1.avif 1000w, https:\/\/hojichawholesale.eu\/wp-content\/uploads\/2024\/10\/Depositphotos_466456178_S-1-300x200.avif 300w, https:\/\/hojichawholesale.eu\/wp-content\/uploads\/2024\/10\/Depositphotos_466456178_S-1-768x513.avif 768w\" sizes=\"(max-width: 1000px) 100vw, 1000px\" \/><figcaption class=\"wp-element-caption\">Hojicha pastas\u0131.  <\/figcaption><\/figure>\n<\/div>\n<h2 class=\"wp-block-heading\">8. <strong>Kolay Entegre Ediliyor<\/strong><\/h2>\n\n<p>Hojicha&#8217;y\u0131 kafe men\u00fcn\u00fcze eklemek \u00e7ok kolay.  <\/p>\n\n<p>Minimum haz\u0131rl\u0131k gerektirir ve ister geleneksel bir \u00e7ay demle, ister hojicha latte haz\u0131rlay\u0131n, standart kafe ekipmanlar\u0131yla yap\u0131labilir.  <\/p>\n\n<p>Kafelerin ihtiya\u00e7lar\u0131na g\u00f6re toptan sat\u0131\u015f se\u00e7enekleri sunuyoruz, b\u00f6ylece \u00e7e\u015fitli tariflerde kolayca saklanabilen ve kullanabilen y\u00fcksek kaliteli hojicha sunman\u0131z\u0131 sa\u011fl\u0131yoruz.<\/p>\n\n<h2 class=\"wp-block-heading\">9. Pazara Kolay<\/h2>\n\n<p>\u00dcr\u00fcn\u00fcn do\u011fas\u0131, pazarlaman\u0131zda kullanabilece\u011finiz geni\u015f bir a\u00e7\u0131 yelpazesi sunar; \u015f\u0131k bir Japon i\u00e7ece\u011finden sa\u011fl\u0131k g\u00fc\u00e7lendirici i\u00e7kiye kadar.<\/p>\n\n<p>D\u00fc\u015f\u00fck \u00fcretim maliyeti, k\u00e2r marjlar\u0131n\u0131z \u00fczerinde tam kontrol sa\u011flar.<\/p>\n\n<p>Hojicha sunarak, men\u00fcne sadece yeni bir i\u00e7ecek eklemekle kalmazs\u0131n\u0131z\u2014m\u00fc\u015fterilerinize benzersiz bir deneyim sunars\u0131n\u0131z.  <\/p>\n\n<p>Hem sa\u011fl\u0131k konusunda bilin\u00e7li kitleye hem de yeni bir \u015fey arayanlara hitap eden bir \u00e7ay.<\/p>\n\n<h2 class=\"wp-block-heading\">\u00d6rnek \u0130ste Et<\/h2>\n\n<p>Premium hojicha&#8217;m\u0131z\u0131n zengin, kavrulmu\u015f aromalar\u0131n\u0131 merak ediyor musunuz?  <\/p>\n\n<p>A\u015fa\u011f\u0131ya bilgilerinizi doldurun, size bir \u00f6rnek g\u00f6nderelim. \u00d6zel talepleriniz varsa bize bildirin, teklifimizi i\u015f ihtiya\u00e7lar\u0131n\u0131za g\u00f6re \u00f6zelle\u015ftirmekten memnuniyet duyar\u0131z. <\/p>\n<div class=\"forminator-ui forminator-custom-form forminator-custom-form-1365 forminator-design--flat  forminator_ajax\" data-forminator-render=\"0\" data-form=\"forminator-module-1365\" data-uid=\"69d45068dd3b6\"><br\/><\/div><form\n\t\t\t\tid=\"forminator-module-1365\"\n\t\t\t\tclass=\"forminator-ui forminator-custom-form forminator-custom-form-1365 forminator-design--flat  forminator_ajax\"\n\t\t\t\tmethod=\"post\"\n\t\t\t\tdata-forminator-render=\"0\"\n\t\t\t\tdata-form-id=\"1365\"\n\t\t\t\t data-color-option=\"default\" data-design=\"flat\" data-grid=\"open\" style=\"display: none;\"\n\t\t\t\tdata-uid=\"69d45068dd3b6\"\n\t\t\t><div role=\"alert\" aria-live=\"polite\" class=\"forminator-response-message forminator-error\" aria-hidden=\"true\"><\/div><div class=\"forminator-row\"><div id=\"name-1\" class=\"forminator-field-name forminator-col forminator-col-6 \"><div class=\"forminator-field\"><input type=\"text\" name=\"name-1\" value=\"\" placeholder=\"First Name\" id=\"forminator-field-name-1_69d45068dd3b6\" class=\"forminator-input forminator-name--field\" aria-required=\"true\" autocomplete=\"name\" \/><\/div><\/div><div id=\"name-2\" class=\"forminator-field-name forminator-col forminator-col-6 \"><div class=\"forminator-field\"><input type=\"text\" name=\"name-2\" value=\"\" placeholder=\"Last Name\" id=\"forminator-field-name-2_69d45068dd3b6\" class=\"forminator-input forminator-name--field\" aria-required=\"true\" autocomplete=\"name\" \/><\/div><\/div><\/div><div class=\"forminator-row\"><div id=\"email-1\" class=\"forminator-field-email forminator-col forminator-col-12 \"><div class=\"forminator-field\"><input type=\"email\" name=\"email-1\" value=\"\" placeholder=\"Email\" id=\"forminator-field-email-1_69d45068dd3b6\" class=\"forminator-input forminator-email--field\" data-required=\"true\" aria-required=\"true\" autocomplete=\"email\" \/><\/div><\/div><\/div><div class=\"forminator-row\"><div id=\"phone-1\" class=\"forminator-field-phone forminator-col forminator-col-12 \"><div class=\"forminator-field\"><input type=\"text\" name=\"phone-1\" value=\"\" placeholder=\"Phone\" id=\"forminator-field-phone-1_69d45068dd3b6\" class=\"forminator-input forminator-field--phone\" data-required=\"\" aria-required=\"false\" autocomplete=\"off\" \/><\/div><\/div><\/div><div class=\"forminator-row\"><div id=\"textarea-1\" class=\"forminator-field-textarea forminator-col forminator-col-12 \"><div class=\"forminator-field\"><textarea name=\"textarea-1\" placeholder=\"Message\" id=\"forminator-field-textarea-1_69d45068dd3b6\" class=\"forminator-textarea\" rows=\"6\" style=\"min-height:140px;\" ><\/textarea><span id=\"forminator-field-textarea-1_69d45068dd3b6-description\" class=\"forminator-description\"><span data-limit=\"300\" data-type=\"words\" data-editor=\"\">0 \/ 300<\/span><\/span><\/div><\/div><\/div><div class=\"forminator-row\"><\/div><input type=\"hidden\" name=\"referer_url\" value=\"\" \/><div class=\"forminator-row forminator-row-last\"><div class=\"forminator-col\"><div class=\"forminator-field\"><button class=\"forminator-button forminator-button-submit\">Send<\/button><\/div><\/div><\/div><input type=\"hidden\" id=\"forminator_nonce\" name=\"forminator_nonce\" value=\"0b51ba8eba\" \/><input type=\"hidden\" name=\"_wp_http_referer\" value=\"\/tr\/wp-json\/wp\/v2\/pages\/15068\" \/><input type=\"hidden\" name=\"form_id\" value=\"1365\"><input type=\"hidden\" name=\"page_id\" value=\"15068\"><input type=\"hidden\" name=\"form_type\" value=\"default\"><input type=\"hidden\" name=\"current_url\" value=\"https:\/\/hojichawholesale.eu\/tr\/kafeler-icin-hojicha\/\"><input type=\"hidden\" name=\"render_id\" value=\"0\"><input type=\"hidden\" name=\"action\" value=\"forminator_submit_form_custom-forms\"><label for=\"input_6\" class=\"forminator-hidden\" aria-hidden=\"true\">Please do not fill in this field. <input id=\"input_6\" type=\"text\" name=\"input_6\" value=\"\" autocomplete=\"off\"><\/label><\/form>\n\n<p><\/p>\n","protected":false},"excerpt":{"rendered":"<p>Kafeler i\u00e7in Hojicha Hojicha, kavrulmu\u015f Japon ye\u015fil \u00e7ay\u0131, i\u00e7ecek men\u00fcne m\u00fckemmel bir katk\u0131. Sadece kendine \u00f6zg\u00fc bir tat sa\u011flamakla kalmaz, ayn\u0131 zamanda y\u00fcksek kaliteli, sa\u011fl\u0131kl\u0131 ve zanaatkar i\u00e7eceklerin artan trendine de dokunur. \u0130\u015fte hojicha&#8217;y\u0131 kafenize tan\u0131tman\u0131n neden rakiplerinizden ayr\u0131lman\u0131za ve yeni bir m\u00fc\u015fteri segmentine hitap etmenize yard\u0131mc\u0131 olaca\u011f\u0131. 1. Benzersiz Lezzet Hojicha, kavurma s\u00fcreciyle di\u011fer [&hellip;]<\/p>\n","protected":false},"author":1,"featured_media":15073,"parent":0,"menu_order":0,"comment_status":"closed","ping_status":"closed","template":"","meta":{"_surecart_dashboard_logo_width":"180px","_surecart_dashboard_show_logo":true,"_surecart_dashboard_navigation_orders":true,"_surecart_dashboard_navigation_invoices":true,"_surecart_dashboard_navigation_subscriptions":true,"_surecart_dashboard_navigation_downloads":true,"_surecart_dashboard_navigation_billing":true,"_surecart_dashboard_navigation_account":true,"footnotes":""},"class_list":["post-15068","page","type-page","status-publish","has-post-thumbnail","hentry","entry","has-media"],"mb":[],"mfb_rest_fields":["title","gutenberg_elementor_mode"],"_links":{"self":[{"href":"https:\/\/hojichawholesale.eu\/tr\/wp-json\/wp\/v2\/pages\/15068","targetHints":{"allow":["GET"]}}],"collection":[{"href":"https:\/\/hojichawholesale.eu\/tr\/wp-json\/wp\/v2\/pages"}],"about":[{"href":"https:\/\/hojichawholesale.eu\/tr\/wp-json\/wp\/v2\/types\/page"}],"author":[{"embeddable":true,"href":"https:\/\/hojichawholesale.eu\/tr\/wp-json\/wp\/v2\/users\/1"}],"replies":[{"embeddable":true,"href":"https:\/\/hojichawholesale.eu\/tr\/wp-json\/wp\/v2\/comments?post=15068"}],"version-history":[{"count":0,"href":"https:\/\/hojichawholesale.eu\/tr\/wp-json\/wp\/v2\/pages\/15068\/revisions"}],"wp:featuredmedia":[{"embeddable":true,"href":"https:\/\/hojichawholesale.eu\/tr\/wp-json\/wp\/v2\/media\/15073"}],"wp:attachment":[{"href":"https:\/\/hojichawholesale.eu\/tr\/wp-json\/wp\/v2\/media?parent=15068"}],"curies":[{"name":"wp","href":"https:\/\/api.w.org\/{rel}","templated":true}]}}