{"id":15056,"date":"2024-08-24T19:47:32","date_gmt":"2024-08-24T19:47:32","guid":{"rendered":"https:\/\/hojichawholesale.eu\/hojicha-wholesale-hakkinda\/"},"modified":"2026-04-05T15:20:44","modified_gmt":"2026-04-05T15:20:44","slug":"hojicha-wholesale-hakkinda","status":"publish","type":"page","link":"https:\/\/hojichawholesale.eu\/tr\/hojicha-wholesale-hakkinda\/","title":{"rendered":"Hojicha Wholesale hakk\u0131nda"},"content":{"rendered":"\n<h1 class=\"wp-block-heading\">Hojicha Wholesale hakk\u0131nda<\/h1>\n\n<p>Hojicha Whole, Japon hojicha&#8217;s\u0131na adanm\u0131\u015f bir Avrupa toptanc\u0131s\u0131d\u0131r.<\/p>\n\n<p>Misyonumuz, HORECA end\u00fcstrisindeki markalara ve i\u015fletmelere premium hojicha \u00e7ay\u0131 sa\u011flamakt\u0131r. Japonya&#8217;daki g\u00fcvenilir tedarik\u00e7ilerimizden toptan premium hojicha ithal ediyor ve Avrupa k\u0131tas\u0131 boyunca restoranlara, otellere, kafelere ve ba\u011f\u0131ms\u0131z \u00e7ay d\u00fckkanlar\u0131na da\u011f\u0131t\u0131yoruz. <\/p>\n\n<p>Size \u00fc\u00e7 garanti sunuyoruz:<\/p>\n\n<ol class=\"wp-block-list\">\n<li><strong>D\u00fc\u015f\u00fck MOQ:<\/strong> \u0130ster y\u00fczlerce \u00e7anta ihtiyac\u0131 olan yerle\u015fik bir i\u015fletme olun, ister yeni ba\u015flayan k\u00fc\u00e7\u00fck ba\u011f\u0131ms\u0131z bir kafe olun, Hojicha Wholesale ayn\u0131 kurumsal hizmet kalitesiyle ihtiya\u00e7lar\u0131n\u0131za uyum sa\u011flar.  <\/li>\n\n\n\n<li><strong>Yan\u0131t verme h\u0131z\u0131 ve hizmet<\/strong>: h\u0131zl\u0131 g\u00f6nderme yapar\u0131z ve \u00e7ok \u00e7e\u015fitli kargo y\u00f6ntemleri sunar\u0131z.  <\/li>\n\n\n\n<li><strong>Dost m\u00fc\u015fteri deste\u011fi: <\/strong>Y\u0131l\u0131n 365 g\u00fcn\u00fc mevcutuz.  <\/li>\n<\/ol>\n\n<h2 class=\"wp-block-heading\"><strong>\u00dcr\u00fcnlerimiz<\/strong><\/h2>\n\n<p>Her biri do\u011frudan en iyi \u00e7ay \u00fcreticilerinden temin edilen \u00f6zenle se\u00e7ilmi\u015f hojicha \u00e7e\u015fitleri sunuyoruz.  <\/p>\n\n<p>\u00dcr\u00fcnlerimizi do\u011frudan <a href=\"https:\/\/hojichawholesale.eu\/shop\/\" data-type=\"link\" data-id=\"https:\/\/hojichawholesale.eu\/shop\/\">katalo\u011fumuzda<\/a> bulabilirsiniz.<\/p>\n\n<h2 class=\"wp-block-heading\"><strong>Neden bizi se\u00e7iyorsun?<\/strong><\/h2>\n\n<ul class=\"wp-block-list\">\n<li><strong>\u00d6nce Kalite:<\/strong> En y\u00fcksek kalitede hojicha sunuyoruz. Her parti, tutarl\u0131l\u0131k ve lezzet i\u00e7in titizlikle test edilir. <\/li>\n\n\n\n<li><strong>Do\u011frudan Kaynak Kullan\u0131m\u0131:<\/strong> Tedarik\u00e7ilerimizle yak\u0131n \u00e7al\u0131\u015farak Japonya&#8217;n\u0131n otantik tad\u0131n\u0131 yans\u0131tan hojicha sunuyoruz.<\/li>\n\n\n\n<li><strong>\u00d6zelle\u015ftirilmi\u015f \u00c7\u00f6z\u00fcmler:<\/strong> \u0130ster k\u00fc\u00e7\u00fck bir kafe i\u015fletin ister b\u00fcy\u00fck bir otel zinciri, \u00f6zel ihtiya\u00e7lar\u0131n\u0131za uygun \u00f6zel \u00e7\u00f6z\u00fcmler sunuyoruz.  <\/li>\n\n\n\n<li><strong>G\u00fcvenilir Da\u011f\u0131t\u0131m:<\/strong> T\u00fcm Avrupa k\u0131tas\u0131ndaki m\u00fc\u015fterilerimize hizmet vermek i\u00e7in ideal konumday\u0131z. Lojisti\u011fimiz zaman\u0131nda teslimatlar\u0131 sa\u011flar, b\u00f6ylece stok asla t\u00fckenmez. <\/li>\n<\/ul>\n\n<h2 class=\"wp-block-heading\">Nerede bulunuyoruz?<\/h2>\n\n<p>Bel\u00e7ika&#8217;da merkezliyoruz.<\/p>\n\n<h2 class=\"wp-block-heading\">Ge\u00e7mi\u015fin nedir?<\/h2>\n\n<p>Hojicha Toptan\u0131s\u0131, kurucusu Aure&#8217;nin <a href=\"https:\/\/senchatea.be\/\" target=\"_blank\" rel=\"noopener\">senchatea.be<\/a> perakende \u00e7ay d\u00fckkan\u0131 i\u00e7in g\u00fcvenilir bir hojicha tedarik\u00e7isi bulmakta zorlanmas\u0131yla ba\u015flad\u0131.<\/p>\n\n<p>Hojicha, Japon \u00e7ay end\u00fcstrisindeki en \u00f6nemli trendlerden biridir. Bu harika ve \u00e7ok y\u00f6nl\u00fc \u00e7ay\u0131, Avrupa&#8217;daki kafeler, oteller, restoranlar ve \u00e7ay d\u00fckkanlar\u0131na b\u00fcy\u00fck miktarlarda sipari\u015f vermeden h\u0131zl\u0131ca eri\u015filebilir k\u0131lmak istiyoruz.   <\/p>\n\n<h2 class=\"wp-block-heading\">\u00d6rnek \u0130ste Et<\/h2>\n\n<p>Premium hojicha&#8217;m\u0131z\u0131n zengin, kavrulmu\u015f aromalar\u0131n\u0131 merak ediyor musunuz?  <\/p>\n\n<p>A\u015fa\u011f\u0131ya bilgilerinizi doldurun, size bir \u00f6rnek g\u00f6nderelim. \u00d6zel talepleriniz varsa bize bildirin, teklifimizi i\u015f ihtiya\u00e7lar\u0131n\u0131za g\u00f6re \u00f6zelle\u015ftirmekten memnuniyet duyar\u0131z. <\/p>\n<div class=\"forminator-ui forminator-custom-form forminator-custom-form-1365 forminator-design--flat  forminator_ajax\" data-forminator-render=\"0\" data-form=\"forminator-module-1365\" data-uid=\"69d2ed273465e\"><br\/><\/div><form\n\t\t\t\tid=\"forminator-module-1365\"\n\t\t\t\tclass=\"forminator-ui forminator-custom-form forminator-custom-form-1365 forminator-design--flat  forminator_ajax\"\n\t\t\t\tmethod=\"post\"\n\t\t\t\tdata-forminator-render=\"0\"\n\t\t\t\tdata-form-id=\"1365\"\n\t\t\t\t data-color-option=\"default\" data-design=\"flat\" data-grid=\"open\" style=\"display: none;\"\n\t\t\t\tdata-uid=\"69d2ed273465e\"\n\t\t\t><div role=\"alert\" aria-live=\"polite\" class=\"forminator-response-message forminator-error\" aria-hidden=\"true\"><\/div><div class=\"forminator-row\"><div id=\"name-1\" class=\"forminator-field-name forminator-col forminator-col-6 \"><div class=\"forminator-field\"><input type=\"text\" name=\"name-1\" value=\"\" placeholder=\"First Name\" id=\"forminator-field-name-1_69d2ed273465e\" class=\"forminator-input forminator-name--field\" aria-required=\"true\" autocomplete=\"name\" \/><\/div><\/div><div id=\"name-2\" class=\"forminator-field-name forminator-col forminator-col-6 \"><div class=\"forminator-field\"><input type=\"text\" name=\"name-2\" value=\"\" placeholder=\"Last Name\" id=\"forminator-field-name-2_69d2ed273465e\" class=\"forminator-input forminator-name--field\" aria-required=\"true\" autocomplete=\"name\" \/><\/div><\/div><\/div><div class=\"forminator-row\"><div id=\"email-1\" class=\"forminator-field-email forminator-col forminator-col-12 \"><div class=\"forminator-field\"><input type=\"email\" name=\"email-1\" value=\"\" placeholder=\"Email\" id=\"forminator-field-email-1_69d2ed273465e\" class=\"forminator-input forminator-email--field\" data-required=\"true\" aria-required=\"true\" autocomplete=\"email\" \/><\/div><\/div><\/div><div class=\"forminator-row\"><div id=\"phone-1\" class=\"forminator-field-phone forminator-col forminator-col-12 \"><div class=\"forminator-field\"><input type=\"text\" name=\"phone-1\" value=\"\" placeholder=\"Phone\" id=\"forminator-field-phone-1_69d2ed273465e\" class=\"forminator-input forminator-field--phone\" data-required=\"\" aria-required=\"false\" autocomplete=\"off\" \/><\/div><\/div><\/div><div class=\"forminator-row\"><div id=\"textarea-1\" class=\"forminator-field-textarea forminator-col forminator-col-12 \"><div class=\"forminator-field\"><textarea name=\"textarea-1\" placeholder=\"Message\" id=\"forminator-field-textarea-1_69d2ed273465e\" class=\"forminator-textarea\" rows=\"6\" style=\"min-height:140px;\" ><\/textarea><span id=\"forminator-field-textarea-1_69d2ed273465e-description\" class=\"forminator-description\"><span data-limit=\"300\" data-type=\"words\" data-editor=\"\">0 \/ 300<\/span><\/span><\/div><\/div><\/div><div class=\"forminator-row\"><\/div><input type=\"hidden\" name=\"referer_url\" value=\"\" \/><div class=\"forminator-row forminator-row-last\"><div class=\"forminator-col\"><div class=\"forminator-field\"><button class=\"forminator-button forminator-button-submit\">Send<\/button><\/div><\/div><\/div><input type=\"hidden\" id=\"forminator_nonce\" name=\"forminator_nonce\" value=\"745bcebf07\" \/><input type=\"hidden\" name=\"_wp_http_referer\" value=\"\/tr\/wp-json\/wp\/v2\/pages\/15056\" \/><input type=\"hidden\" name=\"form_id\" value=\"1365\"><input type=\"hidden\" name=\"page_id\" value=\"15056\"><input type=\"hidden\" name=\"form_type\" value=\"default\"><input type=\"hidden\" name=\"current_url\" value=\"https:\/\/hojichawholesale.eu\/tr\/hojicha-wholesale-hakkinda\/\"><input type=\"hidden\" name=\"render_id\" value=\"0\"><input type=\"hidden\" name=\"action\" value=\"forminator_submit_form_custom-forms\"><label for=\"input_6\" class=\"forminator-hidden\" aria-hidden=\"true\">Please do not fill in this field. <input id=\"input_6\" type=\"text\" name=\"input_6\" value=\"\" autocomplete=\"off\"><\/label><\/form>\n\n<p><\/p>\n","protected":false},"excerpt":{"rendered":"<p>Hojicha Wholesale hakk\u0131nda Hojicha Whole, Japon hojicha&#8217;s\u0131na adanm\u0131\u015f bir Avrupa toptanc\u0131s\u0131d\u0131r. Misyonumuz, HORECA end\u00fcstrisindeki markalara ve i\u015fletmelere premium hojicha \u00e7ay\u0131 sa\u011flamakt\u0131r. Japonya&#8217;daki g\u00fcvenilir tedarik\u00e7ilerimizden toptan premium hojicha ithal ediyor ve Avrupa k\u0131tas\u0131 boyunca restoranlara, otellere, kafelere ve ba\u011f\u0131ms\u0131z \u00e7ay d\u00fckkanlar\u0131na da\u011f\u0131t\u0131yoruz. Size \u00fc\u00e7 garanti sunuyoruz: \u00dcr\u00fcnlerimiz Her biri do\u011frudan en iyi \u00e7ay \u00fcreticilerinden temin edilen [&hellip;]<\/p>\n","protected":false},"author":1,"featured_media":0,"parent":0,"menu_order":0,"comment_status":"closed","ping_status":"closed","template":"","meta":{"_surecart_dashboard_logo_width":"180px","_surecart_dashboard_show_logo":true,"_surecart_dashboard_navigation_orders":true,"_surecart_dashboard_navigation_invoices":true,"_surecart_dashboard_navigation_subscriptions":true,"_surecart_dashboard_navigation_downloads":true,"_surecart_dashboard_navigation_billing":true,"_surecart_dashboard_navigation_account":true,"footnotes":""},"class_list":["post-15056","page","type-page","status-publish","hentry","entry"],"mb":[],"mfb_rest_fields":["title","gutenberg_elementor_mode"],"_links":{"self":[{"href":"https:\/\/hojichawholesale.eu\/tr\/wp-json\/wp\/v2\/pages\/15056","targetHints":{"allow":["GET"]}}],"collection":[{"href":"https:\/\/hojichawholesale.eu\/tr\/wp-json\/wp\/v2\/pages"}],"about":[{"href":"https:\/\/hojichawholesale.eu\/tr\/wp-json\/wp\/v2\/types\/page"}],"author":[{"embeddable":true,"href":"https:\/\/hojichawholesale.eu\/tr\/wp-json\/wp\/v2\/users\/1"}],"replies":[{"embeddable":true,"href":"https:\/\/hojichawholesale.eu\/tr\/wp-json\/wp\/v2\/comments?post=15056"}],"version-history":[{"count":1,"href":"https:\/\/hojichawholesale.eu\/tr\/wp-json\/wp\/v2\/pages\/15056\/revisions"}],"predecessor-version":[{"id":15067,"href":"https:\/\/hojichawholesale.eu\/tr\/wp-json\/wp\/v2\/pages\/15056\/revisions\/15067"}],"wp:attachment":[{"href":"https:\/\/hojichawholesale.eu\/tr\/wp-json\/wp\/v2\/media?parent=15056"}],"curies":[{"name":"wp","href":"https:\/\/api.w.org\/{rel}","templated":true}]}}