{"id":15043,"date":"2024-10-11T17:57:17","date_gmt":"2024-10-11T17:57:17","guid":{"rendered":"https:\/\/hojichawholesale.eu\/perakende-cay-dukkanlari-icin-hojicha\/"},"modified":"2026-04-05T15:20:41","modified_gmt":"2026-04-05T15:20:41","slug":"perakende-cay-dukkanlari-icin-hojicha","status":"publish","type":"page","link":"https:\/\/hojichawholesale.eu\/tr\/perakende-cay-dukkanlari-icin-hojicha\/","title":{"rendered":"Perakende \u00e7ay d\u00fckkanlar\u0131 i\u00e7in Hojicha"},"content":{"rendered":"\n<h1 class=\"wp-block-heading\">Perakende \u00e7ay d\u00fckkanlar\u0131 i\u00e7in Hojicha<\/h1>\n\n<p>Hojicha pop\u00fclerli\u011fini art\u0131r\u0131yor ve Japonya&#8217;dan \u00f6ne \u00e7\u0131kan bir \u00fcr\u00fcn olarak \u00f6ne \u00e7\u0131k\u0131yor. \u0130\u015fte neden \u00e7ay d\u00fckkan\u0131n\u0131z\u0131n se\u00e7iminde olmas\u0131 gerekti\u011fi. <\/p>\n\n<h2 class=\"wp-block-heading\">1. <strong>Benzersiz Lezzet Profili<\/strong><\/h2>\n\n<p>Hojicha&#8217;n\u0131n kendine \u00f6zg\u00fc kavrulma s\u00fcreci ona s\u0131cak, k\u0131zarm\u0131\u015f bir aroma ve hafif, f\u0131nd\u0131k aromas\u0131 verir. Geleneksel ye\u015fil \u00e7aylar\u0131n aksine, do\u011fal olarak kafein a\u00e7\u0131s\u0131ndan d\u00fc\u015f\u00fckt\u00fcr; bu da g\u00fcn boyunca, hatta ak\u015fam bile i\u00e7ebilecekleri rahatlat\u0131c\u0131 bir \u00e7ay isteyen m\u00fc\u015fteriler i\u00e7in harika bir se\u00e7imdir. <\/p>\n<div class=\"wp-block-image\">\n<figure class=\"aligncenter size-large is-resized\"><img fetchpriority=\"high\" decoding=\"async\" width=\"1024\" height=\"683\" src=\"https:\/\/hojichawholesale.eu\/wp-content\/uploads\/2024\/10\/Depositphotos_505383520_L-1024x683.avif\" alt=\"\" class=\"wp-image-5324\" style=\"width:484px;height:auto\" srcset=\"https:\/\/hojichawholesale.eu\/wp-content\/uploads\/2024\/10\/Depositphotos_505383520_L-1024x683.avif 1024w, https:\/\/hojichawholesale.eu\/wp-content\/uploads\/2024\/10\/Depositphotos_505383520_L-300x200.avif 300w, https:\/\/hojichawholesale.eu\/wp-content\/uploads\/2024\/10\/Depositphotos_505383520_L-768x512.avif 768w, https:\/\/hojichawholesale.eu\/wp-content\/uploads\/2024\/10\/Depositphotos_505383520_L.avif 1200w\" sizes=\"(max-width: 1024px) 100vw, 1024px\" \/><\/figure>\n<\/div>\n<h2 class=\"wp-block-heading\">2. <strong>Sa\u011fl\u0131k Faydalar\u0131<\/strong><\/h2>\n\n<p>Hojicha, kate\u015finler gibi antioksidanlar a\u00e7\u0131s\u0131ndan zengindir ve bu da onu sa\u011fl\u0131k pazarlama kampanyalar\u0131 i\u00e7in ba\u015fl\u0131ca bir aday yapar.  <\/p>\n\n<p>D\u00fc\u015f\u00fck kafein i\u00e7eri\u011fi, uyar\u0131c\u0131lara hassas olanlar i\u00e7in uygun hale getirir ve kavurma i\u015flemi tanenleri azalt\u0131r; b\u00f6ylece ye\u015fil \u00e7ay\u0131n ac\u0131l\u0131\u011f\u0131 olmadan p\u00fcr\u00fczs\u00fcz bir doku sa\u011flar.<\/p>\n\n<h2 class=\"wp-block-heading\">3. <strong>B\u00fcy\u00fcyen Pazara Seslenmek<\/strong><\/h2>\n\n<p>\u00d6zel \u00e7aylar ve sa\u011fl\u0131k \u00fcr\u00fcnlerine olan artan taleple, hojicha ma\u011fazan\u0131za sa\u011fl\u0131k duyarl\u0131 m\u00fc\u015fterileri \u00e7ekme f\u0131rsat\u0131 sunar.  <\/p>\n\n<p>Kendine \u00f6zg\u00fc tad\u0131 ve d\u00fc\u015f\u00fck kafein i\u00e7eri\u011fi, \u00e7ay merakl\u0131lar\u0131ndan sa\u011fl\u0131k odakl\u0131 t\u00fcketicilere kadar \u00e7e\u015fitli bir kitleye hitap ediyor. Sakin ve rahatlat\u0131c\u0131 s\u0131cak bir gece i\u00e7ece\u011fi arayanlar i\u00e7in m\u00fckemmel bir se\u00e7imdir. <\/p>\n\n<figure class=\"wp-block-image size-large is-resized\"><img decoding=\"async\" width=\"1024\" height=\"544\" src=\"https:\/\/hojichawholesale.eu\/wp-content\/uploads\/2024\/10\/hojicha-trends-1-1024x544.avif\" alt=\"\" class=\"wp-image-5519\" style=\"width:840px;height:auto\" srcset=\"https:\/\/hojichawholesale.eu\/wp-content\/uploads\/2024\/10\/hojicha-trends-1-1024x544.avif 1024w, https:\/\/hojichawholesale.eu\/wp-content\/uploads\/2024\/10\/hojicha-trends-1-300x159.avif 300w, https:\/\/hojichawholesale.eu\/wp-content\/uploads\/2024\/10\/hojicha-trends-1-768x408.avif 768w, https:\/\/hojichawholesale.eu\/wp-content\/uploads\/2024\/10\/hojicha-trends-1-1536x816.avif 1536w, https:\/\/hojichawholesale.eu\/wp-content\/uploads\/2024\/10\/hojicha-trends-1.avif 1892w\" sizes=\"(max-width: 1024px) 100vw, 1024px\" \/><\/figure>\n\n<figure class=\"wp-block-image size-large\"><img decoding=\"async\" width=\"1024\" height=\"412\" src=\"https:\/\/hojichawholesale.eu\/wp-content\/uploads\/2024\/10\/hojicha-trends-countries-1024x412.avif\" alt=\"\" class=\"wp-image-5459\" srcset=\"https:\/\/hojichawholesale.eu\/wp-content\/uploads\/2024\/10\/hojicha-trends-countries-1024x412.avif 1024w, https:\/\/hojichawholesale.eu\/wp-content\/uploads\/2024\/10\/hojicha-trends-countries-300x121.avif 300w, https:\/\/hojichawholesale.eu\/wp-content\/uploads\/2024\/10\/hojicha-trends-countries-768x309.avif 768w, https:\/\/hojichawholesale.eu\/wp-content\/uploads\/2024\/10\/hojicha-trends-countries-1536x618.avif 1536w, https:\/\/hojichawholesale.eu\/wp-content\/uploads\/2024\/10\/hojicha-trends-countries.avif 1873w\" sizes=\"(max-width: 1024px) 100vw, 1024px\" \/><\/figure>\n\n<h2 class=\"wp-block-heading\">4. <strong>Kullan\u0131mda \u00c7ok Y\u00f6nl\u00fcl\u00fck<\/strong><\/h2>\n\n<p>Matcha&#8217;n\u0131n aksine, hojicha hem toz hem de gev\u015fek yaprak formunda bulunabilir, bu da \u00f6zelliklerini tan\u0131tmak i\u00e7in gereken esnekli\u011fi sa\u011flar.  <\/p>\n\n<p>Ayr\u0131ca latte, f\u0131r\u0131n, dondurma veya basit bir \u00e7ay olarak da kullan\u0131labilir.  <\/p>\n\n<h2 class=\"wp-block-heading\">5. <strong>Premium Kalite<\/strong><\/h2>\n\n<p>Hojicha&#8217;m\u0131z do\u011frudan en iyi Japon \u00e7ay \u00fcreticilerinden temin ediliyor. Bu, m\u00fc\u015fterilerinizin sevece\u011fi ve geri d\u00f6nece\u011fi tutarl\u0131 bir lezzet profiline sahip en y\u00fcksek kalitede bir \u00fcr\u00fcn alman\u0131z\u0131 sa\u011flar. <\/p>\n\n<h2 class=\"wp-block-heading\">6. Sa\u011fl\u0131kl\u0131 Marjlar<\/h2>\n\n<p>Hojicha&#8217;n\u0131n \u00fcretimi ucuz ve Japon k\u00fclt\u00fcr\u00fcyle ili\u015fkilendirildi\u011fi i\u00e7in m\u00fc\u015fteriler, \u00f6zellikle hojicha tozu i\u00e7in y\u00fcksek fiyat \u00f6demeye haz\u0131rd\u0131r.  <\/p>\n\n<p>Hojicha, teklifinizi \u00e7e\u015fitlendirmenize ve az bak\u0131lan ve y\u00fckselen \u00fcr\u00fcnler arayan yeni bir t\u00fcketici t\u00fcr\u00fcne hitap etmenize yard\u0131mc\u0131 olacakt\u0131r.  <\/p>\n\n<h2 class=\"wp-block-heading\">\u00d6rnek \u0130ste Et<\/h2>\n\n<p>Premium hojicha&#8217;m\u0131z\u0131n zengin, kavrulmu\u015f aromalar\u0131n\u0131 merak ediyor musunuz?  <\/p>\n\n<p>A\u015fa\u011f\u0131ya bilgilerinizi doldurun, size bir \u00f6rnek g\u00f6nderelim. \u00d6zel talepleriniz varsa bize bildirin, teklifimizi i\u015f ihtiya\u00e7lar\u0131n\u0131za g\u00f6re \u00f6zelle\u015ftirmekten memnuniyet duyar\u0131z. <\/p>\n<div class=\"forminator-ui forminator-custom-form forminator-custom-form-1365 forminator-design--flat  forminator_ajax\" data-forminator-render=\"0\" data-form=\"forminator-module-1365\" data-uid=\"69d44176bb269\"><br\/><\/div><form\n\t\t\t\tid=\"forminator-module-1365\"\n\t\t\t\tclass=\"forminator-ui forminator-custom-form forminator-custom-form-1365 forminator-design--flat  forminator_ajax\"\n\t\t\t\tmethod=\"post\"\n\t\t\t\tdata-forminator-render=\"0\"\n\t\t\t\tdata-form-id=\"1365\"\n\t\t\t\t data-color-option=\"default\" data-design=\"flat\" data-grid=\"open\" style=\"display: none;\"\n\t\t\t\tdata-uid=\"69d44176bb269\"\n\t\t\t><div role=\"alert\" aria-live=\"polite\" class=\"forminator-response-message forminator-error\" aria-hidden=\"true\"><\/div><div class=\"forminator-row\"><div id=\"name-1\" class=\"forminator-field-name forminator-col forminator-col-6 \"><div class=\"forminator-field\"><input type=\"text\" name=\"name-1\" value=\"\" placeholder=\"First Name\" id=\"forminator-field-name-1_69d44176bb269\" class=\"forminator-input forminator-name--field\" aria-required=\"true\" autocomplete=\"name\" \/><\/div><\/div><div id=\"name-2\" class=\"forminator-field-name forminator-col forminator-col-6 \"><div class=\"forminator-field\"><input type=\"text\" name=\"name-2\" value=\"\" placeholder=\"Last Name\" id=\"forminator-field-name-2_69d44176bb269\" class=\"forminator-input forminator-name--field\" aria-required=\"true\" autocomplete=\"name\" \/><\/div><\/div><\/div><div class=\"forminator-row\"><div id=\"email-1\" class=\"forminator-field-email forminator-col forminator-col-12 \"><div class=\"forminator-field\"><input type=\"email\" name=\"email-1\" value=\"\" placeholder=\"Email\" id=\"forminator-field-email-1_69d44176bb269\" class=\"forminator-input forminator-email--field\" data-required=\"true\" aria-required=\"true\" autocomplete=\"email\" \/><\/div><\/div><\/div><div class=\"forminator-row\"><div id=\"phone-1\" class=\"forminator-field-phone forminator-col forminator-col-12 \"><div class=\"forminator-field\"><input type=\"text\" name=\"phone-1\" value=\"\" placeholder=\"Phone\" id=\"forminator-field-phone-1_69d44176bb269\" class=\"forminator-input forminator-field--phone\" data-required=\"\" aria-required=\"false\" autocomplete=\"off\" \/><\/div><\/div><\/div><div class=\"forminator-row\"><div id=\"textarea-1\" class=\"forminator-field-textarea forminator-col forminator-col-12 \"><div class=\"forminator-field\"><textarea name=\"textarea-1\" placeholder=\"Message\" id=\"forminator-field-textarea-1_69d44176bb269\" class=\"forminator-textarea\" rows=\"6\" style=\"min-height:140px;\" ><\/textarea><span id=\"forminator-field-textarea-1_69d44176bb269-description\" class=\"forminator-description\"><span data-limit=\"300\" data-type=\"words\" data-editor=\"\">0 \/ 300<\/span><\/span><\/div><\/div><\/div><div class=\"forminator-row\"><\/div><input type=\"hidden\" name=\"referer_url\" value=\"\" \/><div class=\"forminator-row forminator-row-last\"><div class=\"forminator-col\"><div class=\"forminator-field\"><button class=\"forminator-button forminator-button-submit\">Send<\/button><\/div><\/div><\/div><input type=\"hidden\" id=\"forminator_nonce\" name=\"forminator_nonce\" value=\"8ad7e0b691\" \/><input type=\"hidden\" name=\"_wp_http_referer\" value=\"\/tr\/wp-json\/wp\/v2\/pages\/15043\" \/><input type=\"hidden\" name=\"form_id\" value=\"1365\"><input type=\"hidden\" name=\"page_id\" value=\"15043\"><input type=\"hidden\" name=\"form_type\" value=\"default\"><input type=\"hidden\" name=\"current_url\" value=\"https:\/\/hojichawholesale.eu\/tr\/perakende-cay-dukkanlari-icin-hojicha\/\"><input type=\"hidden\" name=\"render_id\" value=\"0\"><input type=\"hidden\" name=\"action\" value=\"forminator_submit_form_custom-forms\"><label for=\"input_6\" class=\"forminator-hidden\" aria-hidden=\"true\">Please do not fill in this field. <input id=\"input_6\" type=\"text\" name=\"input_6\" value=\"\" autocomplete=\"off\"><\/label><\/form>\n","protected":false},"excerpt":{"rendered":"<p>Perakende \u00e7ay d\u00fckkanlar\u0131 i\u00e7in Hojicha Hojicha pop\u00fclerli\u011fini art\u0131r\u0131yor ve Japonya&#8217;dan \u00f6ne \u00e7\u0131kan bir \u00fcr\u00fcn olarak \u00f6ne \u00e7\u0131k\u0131yor. \u0130\u015fte neden \u00e7ay d\u00fckkan\u0131n\u0131z\u0131n se\u00e7iminde olmas\u0131 gerekti\u011fi. 1. Benzersiz Lezzet Profili Hojicha&#8217;n\u0131n kendine \u00f6zg\u00fc kavrulma s\u00fcreci ona s\u0131cak, k\u0131zarm\u0131\u015f bir aroma ve hafif, f\u0131nd\u0131k aromas\u0131 verir. Geleneksel ye\u015fil \u00e7aylar\u0131n aksine, do\u011fal olarak kafein a\u00e7\u0131s\u0131ndan d\u00fc\u015f\u00fckt\u00fcr; bu da g\u00fcn [&hellip;]<\/p>\n","protected":false},"author":1,"featured_media":15044,"parent":0,"menu_order":0,"comment_status":"closed","ping_status":"closed","template":"","meta":{"_surecart_dashboard_logo_width":"180px","_surecart_dashboard_show_logo":true,"_surecart_dashboard_navigation_orders":true,"_surecart_dashboard_navigation_invoices":true,"_surecart_dashboard_navigation_subscriptions":true,"_surecart_dashboard_navigation_downloads":true,"_surecart_dashboard_navigation_billing":true,"_surecart_dashboard_navigation_account":true,"footnotes":""},"class_list":["post-15043","page","type-page","status-publish","has-post-thumbnail","hentry","entry","has-media"],"mb":[],"mfb_rest_fields":["title","gutenberg_elementor_mode"],"_links":{"self":[{"href":"https:\/\/hojichawholesale.eu\/tr\/wp-json\/wp\/v2\/pages\/15043","targetHints":{"allow":["GET"]}}],"collection":[{"href":"https:\/\/hojichawholesale.eu\/tr\/wp-json\/wp\/v2\/pages"}],"about":[{"href":"https:\/\/hojichawholesale.eu\/tr\/wp-json\/wp\/v2\/types\/page"}],"author":[{"embeddable":true,"href":"https:\/\/hojichawholesale.eu\/tr\/wp-json\/wp\/v2\/users\/1"}],"replies":[{"embeddable":true,"href":"https:\/\/hojichawholesale.eu\/tr\/wp-json\/wp\/v2\/comments?post=15043"}],"version-history":[{"count":0,"href":"https:\/\/hojichawholesale.eu\/tr\/wp-json\/wp\/v2\/pages\/15043\/revisions"}],"wp:featuredmedia":[{"embeddable":true,"href":"https:\/\/hojichawholesale.eu\/tr\/wp-json\/wp\/v2\/media\/15044"}],"wp:attachment":[{"href":"https:\/\/hojichawholesale.eu\/tr\/wp-json\/wp\/v2\/media?parent=15043"}],"curies":[{"name":"wp","href":"https:\/\/api.w.org\/{rel}","templated":true}]}}