{"id":7360,"date":"2024-12-11T21:40:39","date_gmt":"2024-12-11T21:40:39","guid":{"rendered":"https:\/\/hojichawholesale.eu\/white-label-hojicha\/"},"modified":"2025-10-29T08:35:26","modified_gmt":"2025-10-29T08:35:26","slug":"white-label-hojicha","status":"publish","type":"page","link":"https:\/\/hojichawholesale.eu\/sv\/white-label-hojicha\/","title":{"rendered":"White Label Hojicha"},"content":{"rendered":"\n<h1 class=\"wp-block-heading\">White Label Hojicha<\/h1>\n\n<p>Vill du skapa ditt eget hojicha-m\u00e4rke?<\/p>\n\n<p>Vi har gjort det enkelt f\u00f6r dig att erbjuda premium hojicha, direkt fr\u00e5n v\u00e5ra partners i Japan under ditt eget m\u00e4rke.<\/p>\n<div class=\"wp-block-image\">\n<figure class=\"aligncenter size-full is-resized\"><img fetchpriority=\"high\" decoding=\"async\" width=\"1000\" height=\"1000\" src=\"https:\/\/hojichawholesale.eu\/wp-content\/uploads\/2025\/10\/white-label.webp\" alt=\"\" class=\"wp-image-9158\" style=\"width:379px;height:auto\" srcset=\"https:\/\/hojichawholesale.eu\/wp-content\/uploads\/2025\/10\/white-label.webp 1000w, https:\/\/hojichawholesale.eu\/wp-content\/uploads\/2025\/10\/white-label-300x300.webp 300w, https:\/\/hojichawholesale.eu\/wp-content\/uploads\/2025\/10\/white-label-150x150.webp 150w, https:\/\/hojichawholesale.eu\/wp-content\/uploads\/2025\/10\/white-label-768x768.webp 768w, https:\/\/hojichawholesale.eu\/wp-content\/uploads\/2025\/10\/white-label-600x600.webp 600w\" sizes=\"(max-width: 1000px) 100vw, 1000px\" \/><\/figure>\n<\/div>\n<h2 class=\"wp-block-heading\"><strong>Varf\u00f6r White Label din Hojicha?<\/strong><\/h2>\n\n<ul class=\"wp-block-list\">\n<li><strong>F\u00f6rstklassig kvalitet:<\/strong> V\u00e5r hojicha kommer fr\u00e5n utvalda tef\u00e4lt i Japan. Bladen rostas f\u00f6rsiktigt f\u00f6r att uppn\u00e5 en j\u00e4mn, n\u00f6taktig och l\u00e4tt s\u00f6t smak som \u00e4r b\u00e5de tr\u00f6stande och komplex. <\/li>\n\n\n\n<li><strong>Fabriksf\u00f6rseglad och kv\u00e4vespolad:<\/strong> Varje p\u00e5se \u00e4r f\u00f6rpackad i Japan f\u00f6r att beh\u00e5lla fr\u00e4sch\u00f6r, arom och smak. Kv\u00e4vespolning s\u00e4kerst\u00e4ller att din produkt kommer med optimal smak, och f\u00f6rseglade p\u00e5sar skyddar teet fr\u00e5n fukt och ljus. <\/li>\n\n\n\n<li><strong>Utan varum\u00e4rke, redo f\u00f6r din etikett:<\/strong> Vi levererar varje v\u00e4ska utan n\u00e5got varum\u00e4rke, vilket ger dig en tom duk. F\u00e4st helt enkelt din egen etikett eller f\u00f6rpackningselement och b\u00f6rja marknadsf\u00f6ra teet under ditt namn. <\/li>\n<\/ul>\n\n<h2 class=\"wp-block-heading\"><strong>White Label-processen: Steg f\u00f6r steg<\/strong><\/h2>\n\n<ol class=\"wp-block-list\">\n<li><strong>V\u00e4lj din kvantitet:<\/strong> V\u00e4lj bland v\u00e5ra flexibla best\u00e4llningsalternativ. Oavsett om du precis har b\u00f6rjat eller skalar upp har vi en bulkstorlek som passar dina behov. <\/li>\n\n\n\n<li><strong>V\u00e4lj f\u00f6rpackning:<\/strong> Doypack eller pl\u00e5tburkar, tomma eller tryckta, m\u00e4rkta eller om\u00e4rkta, vi har en rad flexibla alternativ f\u00f6r att s\u00e4kerst\u00e4lla att du m\u00e5r bra av ditt varum\u00e4rke och din produkt.<\/li>\n\n\n\n<li><strong>B\u00f6rja s\u00e4lja:<\/strong> Med ditt varum\u00e4rke p\u00e5 plats \u00e4r du redo att presentera en f\u00f6rstklassig, privat m\u00e4rkeshojicha f\u00f6r dina kunder, vilket g\u00f6r den unik f\u00f6r dig.<\/li>\n<\/ol>\n\n<h2 class=\"wp-block-heading\"><strong>Varf\u00f6r samarbeta med Hojicha Wholesale?<\/strong><\/h2>\n\n<ul class=\"wp-block-list\">\n<li><strong>Expert Sourcing:<\/strong> Vi har byggt starka partnerskap med erfarna teb\u00f6nder och producenter i Japan, vilket s\u00e4kerst\u00e4ller konsekvent kvalitet och leverans.<\/li>\n\n\n\n<li><strong>Enkel integration:<\/strong> V\u00e5ra white-label-l\u00f6sningar \u00e4r designade med enkelhet i \u00e5tanke. Inga komplicerade processer \u2013 l\u00e4gg bara till dina varum\u00e4rkeselement och b\u00f6rja s\u00e4lja. <\/li>\n\n\n\n<li><strong>Dedikerad support:<\/strong> V\u00e5rt kundtj\u00e4nstteam \u00e4r h\u00e4r f\u00f6r att hj\u00e4lpa dig varje steg p\u00e5 v\u00e4gen, fr\u00e5n f\u00f6rsta orderf\u00f6rfr\u00e5gningar till eftermarknadssupport.<\/li>\n<\/ul>\n\n<h2 class=\"wp-block-heading\"><strong>\u00c4r du redo att komma ig\u00e5ng?<\/strong><\/h2>\n\n<p>Kontakta oss idag f\u00f6r att beg\u00e4ra en offert, l\u00e4ra dig mer om v\u00e5ra prisniv\u00e5er och p\u00e5b\u00f6rja white-label-processen. Vi hj\u00e4lper dig g\u00e4rna att komma ig\u00e5ng! <\/p>\n<div class=\"forminator-ui forminator-custom-form forminator-custom-form-1365 forminator-design--flat  forminator_ajax\" data-forminator-render=\"0\" data-form=\"forminator-module-1365\" data-uid=\"69d4518718964\"><br\/><\/div><form\n\t\t\t\tid=\"forminator-module-1365\"\n\t\t\t\tclass=\"forminator-ui forminator-custom-form forminator-custom-form-1365 forminator-design--flat  forminator_ajax\"\n\t\t\t\tmethod=\"post\"\n\t\t\t\tdata-forminator-render=\"0\"\n\t\t\t\tdata-form-id=\"1365\"\n\t\t\t\t data-color-option=\"default\" data-design=\"flat\" data-grid=\"open\" style=\"display: none;\"\n\t\t\t\tdata-uid=\"69d4518718964\"\n\t\t\t><div role=\"alert\" aria-live=\"polite\" class=\"forminator-response-message forminator-error\" aria-hidden=\"true\"><\/div><div class=\"forminator-row\"><div id=\"name-1\" class=\"forminator-field-name forminator-col forminator-col-6 \"><div class=\"forminator-field\"><input type=\"text\" name=\"name-1\" value=\"\" placeholder=\"First Name\" id=\"forminator-field-name-1_69d4518718964\" class=\"forminator-input forminator-name--field\" aria-required=\"true\" autocomplete=\"name\" \/><\/div><\/div><div id=\"name-2\" class=\"forminator-field-name forminator-col forminator-col-6 \"><div class=\"forminator-field\"><input type=\"text\" name=\"name-2\" value=\"\" placeholder=\"Last Name\" id=\"forminator-field-name-2_69d4518718964\" class=\"forminator-input forminator-name--field\" aria-required=\"true\" autocomplete=\"name\" \/><\/div><\/div><\/div><div class=\"forminator-row\"><div id=\"email-1\" class=\"forminator-field-email forminator-col forminator-col-12 \"><div class=\"forminator-field\"><input type=\"email\" name=\"email-1\" value=\"\" placeholder=\"Email\" id=\"forminator-field-email-1_69d4518718964\" class=\"forminator-input forminator-email--field\" data-required=\"true\" aria-required=\"true\" autocomplete=\"email\" \/><\/div><\/div><\/div><div class=\"forminator-row\"><div id=\"phone-1\" class=\"forminator-field-phone forminator-col forminator-col-12 \"><div class=\"forminator-field\"><input type=\"text\" name=\"phone-1\" value=\"\" placeholder=\"Phone\" id=\"forminator-field-phone-1_69d4518718964\" class=\"forminator-input forminator-field--phone\" data-required=\"\" aria-required=\"false\" autocomplete=\"off\" \/><\/div><\/div><\/div><div class=\"forminator-row\"><div id=\"textarea-1\" class=\"forminator-field-textarea forminator-col forminator-col-12 \"><div class=\"forminator-field\"><textarea name=\"textarea-1\" placeholder=\"Message\" id=\"forminator-field-textarea-1_69d4518718964\" class=\"forminator-textarea\" rows=\"6\" style=\"min-height:140px;\" ><\/textarea><span id=\"forminator-field-textarea-1_69d4518718964-description\" class=\"forminator-description\"><span data-limit=\"300\" data-type=\"words\" data-editor=\"\">0 \/ 300<\/span><\/span><\/div><\/div><\/div><div class=\"forminator-row\"><\/div><input type=\"hidden\" name=\"referer_url\" value=\"\" \/><div class=\"forminator-row forminator-row-last\"><div class=\"forminator-col\"><div class=\"forminator-field\"><button class=\"forminator-button forminator-button-submit\">Send<\/button><\/div><\/div><\/div><input type=\"hidden\" id=\"forminator_nonce\" name=\"forminator_nonce\" value=\"0b51ba8eba\" \/><input type=\"hidden\" name=\"_wp_http_referer\" value=\"\/sv\/wp-json\/wp\/v2\/pages\/7360\" \/><input type=\"hidden\" name=\"form_id\" value=\"1365\"><input type=\"hidden\" name=\"page_id\" value=\"7360\"><input type=\"hidden\" name=\"form_type\" value=\"default\"><input type=\"hidden\" name=\"current_url\" value=\"https:\/\/hojichawholesale.eu\/sv\/white-label-hojicha\/\"><input type=\"hidden\" name=\"render_id\" value=\"0\"><input type=\"hidden\" name=\"action\" value=\"forminator_submit_form_custom-forms\"><label for=\"input_6\" class=\"forminator-hidden\" aria-hidden=\"true\">Please do not fill in this field. <input id=\"input_6\" type=\"text\" name=\"input_6\" value=\"\" autocomplete=\"off\"><\/label><\/form>\n","protected":false},"excerpt":{"rendered":"<p>White Label Hojicha Vill du skapa ditt eget hojicha-m\u00e4rke? Vi har gjort det enkelt f\u00f6r dig att erbjuda premium hojicha, direkt fr\u00e5n v\u00e5ra partners i Japan under ditt eget m\u00e4rke. Varf\u00f6r White Label din Hojicha? White Label-processen: Steg f\u00f6r steg Varf\u00f6r samarbeta med Hojicha Wholesale? \u00c4r du redo att komma ig\u00e5ng? Kontakta oss idag f\u00f6r [&hellip;]<\/p>\n","protected":false},"author":1,"featured_media":7313,"parent":0,"menu_order":0,"comment_status":"closed","ping_status":"closed","template":"","meta":{"_surecart_dashboard_logo_width":"180px","_surecart_dashboard_show_logo":true,"_surecart_dashboard_navigation_orders":true,"_surecart_dashboard_navigation_invoices":true,"_surecart_dashboard_navigation_subscriptions":true,"_surecart_dashboard_navigation_downloads":true,"_surecart_dashboard_navigation_billing":true,"_surecart_dashboard_navigation_account":true,"footnotes":""},"class_list":["post-7360","page","type-page","status-publish","has-post-thumbnail","hentry","entry","has-media"],"mb":[],"mfb_rest_fields":["title","gutenberg_elementor_mode"],"_links":{"self":[{"href":"https:\/\/hojichawholesale.eu\/sv\/wp-json\/wp\/v2\/pages\/7360","targetHints":{"allow":["GET"]}}],"collection":[{"href":"https:\/\/hojichawholesale.eu\/sv\/wp-json\/wp\/v2\/pages"}],"about":[{"href":"https:\/\/hojichawholesale.eu\/sv\/wp-json\/wp\/v2\/types\/page"}],"author":[{"embeddable":true,"href":"https:\/\/hojichawholesale.eu\/sv\/wp-json\/wp\/v2\/users\/1"}],"replies":[{"embeddable":true,"href":"https:\/\/hojichawholesale.eu\/sv\/wp-json\/wp\/v2\/comments?post=7360"}],"version-history":[{"count":0,"href":"https:\/\/hojichawholesale.eu\/sv\/wp-json\/wp\/v2\/pages\/7360\/revisions"}],"wp:featuredmedia":[{"embeddable":true,"href":"https:\/\/hojichawholesale.eu\/sv\/wp-json\/wp\/v2\/media\/7313"}],"wp:attachment":[{"href":"https:\/\/hojichawholesale.eu\/sv\/wp-json\/wp\/v2\/media?parent=7360"}],"curies":[{"name":"wp","href":"https:\/\/api.w.org\/{rel}","templated":true}]}}