{"id":6694,"date":"2024-10-12T11:59:06","date_gmt":"2024-10-12T11:59:06","guid":{"rendered":"https:\/\/hojichawholesale.eu\/varfor-salja-hojicha\/"},"modified":"2024-10-13T19:36:20","modified_gmt":"2024-10-13T19:36:20","slug":"varfor-salja-hojicha","status":"publish","type":"page","link":"https:\/\/hojichawholesale.eu\/sv\/varfor-salja-hojicha\/","title":{"rendered":"Varf\u00f6r s\u00e4lja hojicha?"},"content":{"rendered":"\n<h1 class=\"wp-block-heading\">Varf\u00f6r s\u00e4lja Hojicha?<\/h1>\n\n<p>Hojicha, ett japanskt rostat gr\u00f6nt te, har snabbt \u00f6kat i popularitet de senaste \u00e5ren.  <\/p>\n\n<figure class=\"wp-block-image size-large\"><img fetchpriority=\"high\" decoding=\"async\" width=\"1024\" height=\"544\" src=\"https:\/\/hojichawholesale.eu\/wp-content\/uploads\/2024\/10\/hojicha-trends-1-1024x544.avif\" alt=\"\" class=\"wp-image-5519\" srcset=\"https:\/\/hojichawholesale.eu\/wp-content\/uploads\/2024\/10\/hojicha-trends-1-1024x544.avif 1024w, https:\/\/hojichawholesale.eu\/wp-content\/uploads\/2024\/10\/hojicha-trends-1-300x159.avif 300w, https:\/\/hojichawholesale.eu\/wp-content\/uploads\/2024\/10\/hojicha-trends-1-768x408.avif 768w, https:\/\/hojichawholesale.eu\/wp-content\/uploads\/2024\/10\/hojicha-trends-1-1536x816.avif 1536w, https:\/\/hojichawholesale.eu\/wp-content\/uploads\/2024\/10\/hojicha-trends-1.avif 1892w\" sizes=\"(max-width: 1024px) 100vw, 1024px\" \/><\/figure>\n\n<figure class=\"wp-block-image size-large\"><img decoding=\"async\" width=\"1024\" height=\"412\" src=\"https:\/\/hojichawholesale.eu\/wp-content\/uploads\/2024\/10\/hojicha-trends-countries-1024x412.avif\" alt=\"\" class=\"wp-image-5459\" srcset=\"https:\/\/hojichawholesale.eu\/wp-content\/uploads\/2024\/10\/hojicha-trends-countries-1024x412.avif 1024w, https:\/\/hojichawholesale.eu\/wp-content\/uploads\/2024\/10\/hojicha-trends-countries-300x121.avif 300w, https:\/\/hojichawholesale.eu\/wp-content\/uploads\/2024\/10\/hojicha-trends-countries-768x309.avif 768w, https:\/\/hojichawholesale.eu\/wp-content\/uploads\/2024\/10\/hojicha-trends-countries-1536x618.avif 1536w, https:\/\/hojichawholesale.eu\/wp-content\/uploads\/2024\/10\/hojicha-trends-countries.avif 1873w\" sizes=\"(max-width: 1024px) 100vw, 1024px\" \/><\/figure>\n\n<p>Med sin distinkta smakprofil, v\u00e4xande h\u00e4lsomedvetna attraktionskraft och m\u00e5ngsidighet \u00e4r det ett nytt och \u00f6vertygande f\u00f6rslag f\u00f6r dina kunder.  <\/p>\n\n<p>H\u00e4r \u00e4r varf\u00f6r du b\u00f6r \u00f6verv\u00e4ga att l\u00e4gga till hojicha i din meny.<\/p>\n\n<h2 class=\"wp-block-heading\">1. Unik smakprofil<\/h2>\n\n<p>Hojicha sticker ut p\u00e5 grund av sin varma, rostade smak, vilket skiljer den fr\u00e5n andra japanska teer som matcha eller sencha.  <\/p>\n\n<p>Rostningsprocessen ger den en rostad, l\u00e4tt n\u00f6taktig smak med en antydan till karamells\u00f6tma, vilket g\u00f6r den till ett tilltalande val f\u00f6r kunder som s\u00f6ker n\u00e5got annat.  <\/p>\n\n<p>Dess brist p\u00e5 bitterhet och l\u00e5ga koffeinhalt (p\u00e5 grund av rostning) g\u00f6r det till ett universellt och familjev\u00e4nligt alternativ.  <\/p>\n\n<p>L\u00e5g sockerhalt men \u00e4nd\u00e5 uts\u00f6kt, det \u00e4r en dryck f\u00f6r alla.  <\/p>\n\n<h2 class=\"wp-block-heading\">2. H\u00e4lsof\u00f6rdelar<\/h2>\n\n<p>Hojicha, liksom andra gr\u00f6na teer, beh\u00e5ller m\u00e5nga h\u00e4lsof\u00f6rdelar, \u00e4ven efter rostning.  <\/p>\n\n<p>Den \u00e4r rik p\u00e5 antioxidanter, som \u00e4r k\u00e4nda f\u00f6r sin roll f\u00f6r att minska inflammation och fr\u00e4mja det allm\u00e4nna v\u00e4lbefinnandet. Den l\u00e5ga koffeinhalten g\u00f6r den l\u00e4mplig f\u00f6r personer som vill minska sitt koffeinintag samtidigt som de njuter av teets lugnande, h\u00e4lsofr\u00e4mjande egenskaper.   <\/p>\n\n<h2 class=\"wp-block-heading\">3. M\u00e5ngsidighet i kulinariska till\u00e4mpningar<\/h2>\n\n<p>Hojicha finns antingen som l\u00f6sa blad eller pulver.<\/p>\n\n<p>Denna m\u00e5ngsidighet \u00e4r s\u00e4llsynt bland japanskt te.  <\/p>\n\n<p>Hojicha kan serveras varm eller kall, i te eller i latte, och kan bakas till br\u00f6d, kex och kakor.  <\/p>\n\n<p>Den kan ocks\u00e5 anv\u00e4ndas som smaks\u00e4ttning av glass.  <\/p>\n\n<p>Dess rostade, jordn\u00e4ra smaker g\u00f6r den till en sp\u00e4nnande ingrediens att anv\u00e4nda i n\u00e4stan alla recept.  <\/p>\n\n<h2 class=\"wp-block-heading\">4. V\u00e4xande global popularitet<\/h2>\n\n<p>Hojichas popularitet \u00e4r inte l\u00e4ngre begr\u00e4nsad till Japan.  <\/p>\n\n<p>Internationella tedrickare blir allt mer \u00e4ventyrliga och vill utforska nya smaker och kulturella tetraditioner. I takt med att medvetenheten om hojicha v\u00e4xer, \u00f6kar ocks\u00e5 efterfr\u00e5gan p\u00e5 marknaden. <\/p>\n\n<p>Genom att vara bland de f\u00f6rsta hojicha-s\u00e4ljarna positionerar du dig i framkant av en v\u00e4xande global trend som inte visar n\u00e5gra tecken p\u00e5 att sakta ner.  <\/p>\n\n<p>Du positionerar ocks\u00e5 ditt f\u00f6retag som annorlunda och trendigare \u00e4n konkurrenterna.  <\/p>\n\n<h2 class=\"wp-block-heading\">5. L\u00e4tt att marknadsf\u00f6ra<\/h2>\n\n<p>Produktens karakt\u00e4r ger dig ett brett spektrum av vinklar att anv\u00e4nda i din marknadsf\u00f6ring, fr\u00e5n en fin japansk dryck till en h\u00e4lsofr\u00e4mjande dryck.  <\/p>\n\n<p>Dess l\u00e5ga produktionskostnad ger dig full kontroll \u00f6ver dina vinstmarginaler.  <\/p>\n\n<h2 class=\"wp-block-heading\">Slutsats<\/h2>\n\n<p>Som det fr\u00e4msta kommande japanska teet \u00e4r hojicha ett m\u00e5ste f\u00f6r kaf\u00e9er, hotell, restauranger och tebutiker som vill erbjuda sina kunder ett sp\u00e4nnande utbud av produkter.  <\/p>\n\n<p>Hojichas h\u00e4lsof\u00f6rdelar, rika smakprofil och v\u00e4xande efterfr\u00e5gan g\u00f6r det till ett strategiskt till\u00e4gg f\u00f6r b\u00e5de \u00e5terf\u00f6rs\u00e4ljare och livsmedelsf\u00f6retag.<\/p>\n\n<p>Oavsett om dina kunder \u00e4r erfarna tedrickare eller nykomlingar till japanska teer, kommer hojicha s\u00e4kerligen att sticka ut som en produkt med bred attraktionskraft.<\/p>\n\n<h2 class=\"wp-block-heading\">Beg\u00e4r ett prov<\/h2>\n\n<p>\u00c4r du nyfiken p\u00e5 de rika, rostade smakerna i v\u00e5r premium hojicha?  <\/p>\n\n<p>Fyll bara i dina uppgifter nedan s\u00e5 skickar vi ett prov till dig. L\u00e5t oss veta om du har specifika \u00f6nskem\u00e5l s\u00e5 anpassar vi g\u00e4rna v\u00e5rt erbjudande s\u00e5 att det passar dina aff\u00e4rsbehov. <\/p>\n<p><div class=\"forminator-ui forminator-custom-form forminator-custom-form-1365 forminator-design--flat  forminator_ajax\" data-forminator-render=\"0\" data-form=\"forminator-module-1365\" data-uid=\"69ea2b1d382c7\"><br\/><\/div><form\n\t\t\t\tid=\"forminator-module-1365\"\n\t\t\t\tclass=\"forminator-ui forminator-custom-form forminator-custom-form-1365 forminator-design--flat  forminator_ajax\"\n\t\t\t\tmethod=\"post\"\n\t\t\t\tdata-forminator-render=\"0\"\n\t\t\t\tdata-form-id=\"1365\"\n\t\t\t\t data-color-option=\"default\" data-design=\"flat\" data-grid=\"open\" style=\"display: none;\"\n\t\t\t\tdata-uid=\"69ea2b1d382c7\"\n\t\t\t><div role=\"alert\" aria-live=\"polite\" class=\"forminator-response-message forminator-error\" aria-hidden=\"true\"><\/div><div class=\"forminator-row\"><div id=\"name-1\" class=\"forminator-field-name forminator-col forminator-col-6 \"><div class=\"forminator-field\"><input type=\"text\" name=\"name-1\" value=\"\" placeholder=\"First Name\" id=\"forminator-field-name-1_69ea2b1d382c7\" class=\"forminator-input forminator-name--field\" aria-required=\"true\" autocomplete=\"name\" \/><\/div><\/div><div id=\"name-2\" class=\"forminator-field-name forminator-col forminator-col-6 \"><div class=\"forminator-field\"><input type=\"text\" name=\"name-2\" value=\"\" placeholder=\"Last Name\" id=\"forminator-field-name-2_69ea2b1d382c7\" class=\"forminator-input forminator-name--field\" aria-required=\"true\" autocomplete=\"name\" \/><\/div><\/div><\/div><div class=\"forminator-row\"><div id=\"email-1\" class=\"forminator-field-email forminator-col forminator-col-12 \"><div class=\"forminator-field\"><input type=\"email\" name=\"email-1\" value=\"\" placeholder=\"Email\" id=\"forminator-field-email-1_69ea2b1d382c7\" class=\"forminator-input forminator-email--field\" data-required=\"true\" aria-required=\"true\" autocomplete=\"email\" \/><\/div><\/div><\/div><div class=\"forminator-row\"><div id=\"phone-1\" class=\"forminator-field-phone forminator-col forminator-col-12 \"><div class=\"forminator-field\"><input type=\"text\" name=\"phone-1\" value=\"\" placeholder=\"Phone\" id=\"forminator-field-phone-1_69ea2b1d382c7\" class=\"forminator-input forminator-field--phone\" data-required=\"\" aria-required=\"false\" autocomplete=\"off\" \/><\/div><\/div><\/div><div class=\"forminator-row\"><div id=\"textarea-1\" class=\"forminator-field-textarea forminator-col forminator-col-12 \"><div class=\"forminator-field\"><textarea name=\"textarea-1\" placeholder=\"Message\" id=\"forminator-field-textarea-1_69ea2b1d382c7\" class=\"forminator-textarea\" rows=\"6\" style=\"--forminator-textarea-min-height:140px;\" ><\/textarea><span id=\"forminator-field-textarea-1_69ea2b1d382c7-description\" class=\"forminator-description\"><span data-limit=\"300\" data-type=\"words\" data-editor=\"\">0 \/ 300<\/span><\/span><\/div><\/div><\/div><div class=\"forminator-row\"><\/div><input type=\"hidden\" name=\"referer_url\" value=\"\" \/><div class=\"forminator-row forminator-row-last\"><div class=\"forminator-col\"><div class=\"forminator-field\"><button class=\"forminator-button forminator-button-submit\">Send<\/button><\/div><\/div><\/div><input type=\"hidden\" id=\"forminator_nonce\" name=\"forminator_nonce\" value=\"f4db56bc75\" \/><input type=\"hidden\" name=\"_wp_http_referer\" value=\"\/sv\/wp-json\/wp\/v2\/pages\/6694\" \/><input type=\"hidden\" name=\"form_id\" value=\"1365\"><input type=\"hidden\" name=\"page_id\" value=\"6694\"><input type=\"hidden\" name=\"form_type\" value=\"default\"><input type=\"hidden\" name=\"current_url\" value=\"https:\/\/hojichawholesale.eu\/sv\/varfor-salja-hojicha\/\"><input type=\"hidden\" name=\"render_id\" value=\"0\"><input type=\"hidden\" name=\"action\" value=\"forminator_submit_form_custom-forms\"><label for=\"input_6\" class=\"forminator-hidden\" aria-hidden=\"true\">Please do not fill in this field. <input id=\"input_6\" type=\"text\" name=\"input_6\" value=\"\" autocomplete=\"off\"><\/label><\/form><\/p>\n","protected":false},"excerpt":{"rendered":"<p>Varf\u00f6r s\u00e4lja Hojicha? Hojicha, ett japanskt rostat gr\u00f6nt te, har snabbt \u00f6kat i popularitet de senaste \u00e5ren. Med sin distinkta smakprofil, v\u00e4xande h\u00e4lsomedvetna attraktionskraft och m\u00e5ngsidighet \u00e4r det ett nytt och \u00f6vertygande f\u00f6rslag f\u00f6r dina kunder. H\u00e4r \u00e4r varf\u00f6r du b\u00f6r \u00f6verv\u00e4ga att l\u00e4gga till hojicha i din meny. 1. Unik smakprofil Hojicha sticker ut [&hellip;]<\/p>\n","protected":false},"author":1,"featured_media":6703,"parent":0,"menu_order":0,"comment_status":"closed","ping_status":"closed","template":"","meta":{"_surecart_dashboard_logo_width":"180px","_surecart_dashboard_show_logo":true,"_surecart_dashboard_navigation_orders":true,"_surecart_dashboard_navigation_invoices":true,"_surecart_dashboard_navigation_subscriptions":true,"_surecart_dashboard_navigation_downloads":true,"_surecart_dashboard_navigation_billing":true,"_surecart_dashboard_navigation_account":true,"footnotes":""},"class_list":["post-6694","page","type-page","status-publish","has-post-thumbnail","hentry","entry","has-media"],"mb":[],"mfb_rest_fields":["title","gutenberg_elementor_mode"],"_links":{"self":[{"href":"https:\/\/hojichawholesale.eu\/sv\/wp-json\/wp\/v2\/pages\/6694","targetHints":{"allow":["GET"]}}],"collection":[{"href":"https:\/\/hojichawholesale.eu\/sv\/wp-json\/wp\/v2\/pages"}],"about":[{"href":"https:\/\/hojichawholesale.eu\/sv\/wp-json\/wp\/v2\/types\/page"}],"author":[{"embeddable":true,"href":"https:\/\/hojichawholesale.eu\/sv\/wp-json\/wp\/v2\/users\/1"}],"replies":[{"embeddable":true,"href":"https:\/\/hojichawholesale.eu\/sv\/wp-json\/wp\/v2\/comments?post=6694"}],"version-history":[{"count":0,"href":"https:\/\/hojichawholesale.eu\/sv\/wp-json\/wp\/v2\/pages\/6694\/revisions"}],"wp:featuredmedia":[{"embeddable":true,"href":"https:\/\/hojichawholesale.eu\/sv\/wp-json\/wp\/v2\/media\/6703"}],"wp:attachment":[{"href":"https:\/\/hojichawholesale.eu\/sv\/wp-json\/wp\/v2\/media?parent=6694"}],"curies":[{"name":"wp","href":"https:\/\/api.w.org\/{rel}","templated":true}]}}