{"id":6692,"date":"2024-10-12T16:25:13","date_gmt":"2024-10-12T16:25:13","guid":{"rendered":"https:\/\/hojichawholesale.eu\/hojicha-powder-latte-partihandel\/"},"modified":"2025-12-10T18:55:31","modified_gmt":"2025-12-10T18:55:31","slug":"hojicha-powder-latte-partihandel","status":"publish","type":"page","link":"https:\/\/hojichawholesale.eu\/sv\/hojicha-powder-latte-partihandel\/","title":{"rendered":"Hojicha Powder Latte (Partihandel)"},"content":{"rendered":"\n<h1 class=\"wp-block-heading\">Hojicha Powder Latte (Partihandel)<\/h1>\n\n<p>V\u00e5r <strong>Hojicha Powder Latte<\/strong> \u00e4r gjord av hojichapulver, r\u00f6rsocker och guark\u00e4rnmj\u00f6l f\u00f6r en perfekt balanserad och uts\u00f6kt drink. Den kan blandas med mj\u00f6lk eller mj\u00f6lkalternativ. <\/p>\n<div class=\"wp-block-image\">\n<figure class=\"aligncenter size-full is-resized\"><img fetchpriority=\"high\" decoding=\"async\" width=\"1000\" height=\"1000\" src=\"https:\/\/hojichawholesale.eu\/wp-content\/uploads\/2025\/01\/hojicha-latte-both.webp\" alt=\"J&#xE4;mf&#xF6;relse av hojicha lattepulver VS hojicha lattepulver infunderat.\" class=\"wp-image-7510\" style=\"width:310px;height:auto\" srcset=\"https:\/\/hojichawholesale.eu\/wp-content\/uploads\/2025\/01\/hojicha-latte-both.webp 1000w, https:\/\/hojichawholesale.eu\/wp-content\/uploads\/2025\/01\/hojicha-latte-both-300x300.webp 300w, https:\/\/hojichawholesale.eu\/wp-content\/uploads\/2025\/01\/hojicha-latte-both-150x150.webp 150w, https:\/\/hojichawholesale.eu\/wp-content\/uploads\/2025\/01\/hojicha-latte-both-768x768.webp 768w, https:\/\/hojichawholesale.eu\/wp-content\/uploads\/2025\/01\/hojicha-latte-both-600x600.webp 600w\" sizes=\"(max-width: 1000px) 100vw, 1000px\" \/><\/figure>\n<\/div>\n<hr class=\"wp-block-separator has-alpha-channel-opacity\"\/>\n\n<h2 class=\"wp-block-heading\">Produktens f\u00f6rdelar<\/h2>\n\n<ul class=\"wp-block-list\">\n<li><strong>Typ<\/strong>: Instant Hojicha Latte Mix<\/li>\n\n\n\n<li><strong>Ingredienser<\/strong>: Hojicha-pulver, r\u00f6rsocker, guark\u00e4rnmj\u00f6l.<\/li>\n\n\n\n<li><strong>F\u00f6rpackning<\/strong>: \u00c5terf\u00f6rslutningsbar st\u00e5p\u00e5se (Doypack) f\u00f6r fr\u00e4sch\u00f6r.<\/li>\n\n\n\n<li><strong>Portionsstorlek<\/strong>: Ca. 8 portioner per f\u00f6rpackning. <\/li>\n\n\n\n<li><strong>Smakprofil<\/strong>: Sl\u00e4t, n\u00f6taktig, l\u00e4tt s\u00f6t med en rostad finish.<\/li>\n\n\n\n<li><strong>Koffein<\/strong>: L\u00e5g<\/li>\n\n\n\n<li><strong>F\u00f6rberedelse: Tills\u00e4tt<\/strong> bara vatten eller mj\u00f6lk f\u00f6r en snabb, uts\u00f6kt hojicha latte.<\/li>\n\n\n\n<li><strong>Vikt<\/strong>: Finns i 1 kg-p\u00e5sar. Ompackning finns tillg\u00e4nglig p\u00e5 din beg\u00e4ran.   <\/li>\n<\/ul>\n\n<hr class=\"wp-block-separator has-alpha-channel-opacity\"\/>\n\n<h2 class=\"wp-block-heading\">Information om grossisthandel<\/h2>\n\n<ul class=\"wp-block-list\">\n<li><strong>Minsta best\u00e4llningskvantitet (MOQ):<\/strong> 600 gram (5 x 120 g doypacks).<\/li>\n\n\n\n<li><strong>Bulkpriss\u00e4ttning<\/strong>: Kontakta oss f\u00f6r specialpriser baserat p\u00e5 ordervolym.<\/li>\n\n\n\n<li><strong>F\u00f6rvaring: F\u00f6rvaras<\/strong> p\u00e5 en sval, torr plats f\u00f6r att beh\u00e5lla fr\u00e4sch\u00f6ren.<\/li>\n\n\n\n<li><strong>Utg\u00e5ngsdatum<\/strong>: Hojicha kan f\u00f6rvaras i upp till tv\u00e5 \u00e5r o\u00f6ppnad och f\u00f6rvaras vid 5\u00b0C \u2013 10\u00b0C.<\/li>\n\n\n\n<li><strong>Frakt<\/strong>: Vi skickar p\u00e5 den europeiska kontinenten med flexibla fraktalternativ, inklusive expressleverans f\u00f6r br\u00e5dskande best\u00e4llningar.<\/li>\n<\/ul>\n\n<div class=\"wp-block-columns is-layout-flex wp-container-core-columns-is-layout-28f84493 wp-block-columns-is-layout-flex\">\n<div class=\"wp-block-column is-layout-flow wp-block-column-is-layout-flow\"><div class=\"wp-block-image\">\n<figure class=\"aligncenter size-full is-resized\"><img decoding=\"async\" width=\"1000\" height=\"1000\" src=\"https:\/\/hojichawholesale.eu\/wp-content\/uploads\/2025\/01\/hojicha-latte-powder.webp\" alt=\"\" class=\"wp-image-7534\" style=\"width:314px;height:auto\" srcset=\"https:\/\/hojichawholesale.eu\/wp-content\/uploads\/2025\/01\/hojicha-latte-powder.webp 1000w, https:\/\/hojichawholesale.eu\/wp-content\/uploads\/2025\/01\/hojicha-latte-powder-300x300.webp 300w, https:\/\/hojichawholesale.eu\/wp-content\/uploads\/2025\/01\/hojicha-latte-powder-150x150.webp 150w, https:\/\/hojichawholesale.eu\/wp-content\/uploads\/2025\/01\/hojicha-latte-powder-768x768.webp 768w, https:\/\/hojichawholesale.eu\/wp-content\/uploads\/2025\/01\/hojicha-latte-powder-600x600.webp 600w\" sizes=\"(max-width: 1000px) 100vw, 1000px\" \/><\/figure>\n<\/div><\/div>\n\n\n\n<div class=\"wp-block-column is-layout-flow wp-block-column-is-layout-flow\"><div class=\"wp-block-image\">\n<figure class=\"aligncenter size-large is-resized\"><img decoding=\"async\" width=\"1024\" height=\"1024\" src=\"https:\/\/hojichawholesale.eu\/wp-content\/uploads\/2025\/01\/hojicha-latte-infused-1024x1024.webp\" alt=\"\" class=\"wp-image-7522\" style=\"width:325px;height:auto\" srcset=\"https:\/\/hojichawholesale.eu\/wp-content\/uploads\/2025\/01\/hojicha-latte-infused-1024x1024.webp 1024w, https:\/\/hojichawholesale.eu\/wp-content\/uploads\/2025\/01\/hojicha-latte-infused-300x300.webp 300w, https:\/\/hojichawholesale.eu\/wp-content\/uploads\/2025\/01\/hojicha-latte-infused-150x150.webp 150w, https:\/\/hojichawholesale.eu\/wp-content\/uploads\/2025\/01\/hojicha-latte-infused-768x768.webp 768w, https:\/\/hojichawholesale.eu\/wp-content\/uploads\/2025\/01\/hojicha-latte-infused-1536x1536.webp 1536w, https:\/\/hojichawholesale.eu\/wp-content\/uploads\/2025\/01\/hojicha-latte-infused-600x600.webp 600w, https:\/\/hojichawholesale.eu\/wp-content\/uploads\/2025\/01\/hojicha-latte-infused.webp 2000w\" sizes=\"(max-width: 1024px) 100vw, 1024px\" \/><\/figure>\n<\/div><\/div>\n<\/div>\n\n<hr class=\"wp-block-separator has-alpha-channel-opacity\"\/>\n\n<h2 class=\"wp-block-heading\">Hur man f\u00f6rbereder sig<\/h2>\n\n<ol class=\"wp-block-list\">\n<li><strong>Tills\u00e4tt 15 g<\/strong> Hojicha Powder Latte-blandning i din kopp.<\/li>\n\n\n\n<li><strong>Tills\u00e4tt 500 ml<\/strong> varmt vatten eller mj\u00f6lk (eller mj\u00f6lkalternativ).<\/li>\n\n\n\n<li>R\u00f6r om v\u00e4l och njut av en kr\u00e4mig, uts\u00f6kt hojicha latte direkt.<\/li>\n<\/ol>\n\n<hr class=\"wp-block-separator has-alpha-channel-opacity\"\/>\n\n<h2 class=\"wp-block-heading\">Idealisk f\u00f6r<\/h2>\n\n<ul class=\"wp-block-list\">\n<li>Kaf\u00e9er och tebutiker som letar efter ett snabbt och l\u00e4ttf\u00f6rberett hojicha latte-alternativ f\u00f6r kunderna.<\/li>\n\n\n\n<li>Restauranger och hotell som vill erbjuda ett uts\u00f6kt matsm\u00e4ltningshj\u00e4lp.  <\/li>\n\n\n\n<li>Butiker som erbjuder f\u00f6rstklassiga teprodukter och snabbdrycksblandningar.<\/li>\n<\/ul>\n\n<h2 class=\"wp-block-heading\">Beg\u00e4r ett prov idag<\/h2>\n\n<p>\u00c4r du nyfiken p\u00e5 de rika, rostade smakerna i v\u00e5r premium hojicha?  <\/p>\n\n<p>Fyll bara i dina uppgifter nedan s\u00e5 skickar vi ett prov till dig. L\u00e5t oss veta om du har specifika \u00f6nskem\u00e5l s\u00e5 anpassar vi g\u00e4rna v\u00e5rt erbjudande s\u00e5 att det passar dina aff\u00e4rsbehov. <\/p>\n<div class=\"forminator-ui forminator-custom-form forminator-custom-form-1365 forminator-design--flat  forminator_ajax\" data-forminator-render=\"0\" data-form=\"forminator-module-1365\" data-uid=\"69d494360d40f\"><br\/><\/div><form\n\t\t\t\tid=\"forminator-module-1365\"\n\t\t\t\tclass=\"forminator-ui forminator-custom-form forminator-custom-form-1365 forminator-design--flat  forminator_ajax\"\n\t\t\t\tmethod=\"post\"\n\t\t\t\tdata-forminator-render=\"0\"\n\t\t\t\tdata-form-id=\"1365\"\n\t\t\t\t data-color-option=\"default\" data-design=\"flat\" data-grid=\"open\" style=\"display: none;\"\n\t\t\t\tdata-uid=\"69d494360d40f\"\n\t\t\t><div role=\"alert\" aria-live=\"polite\" class=\"forminator-response-message forminator-error\" aria-hidden=\"true\"><\/div><div class=\"forminator-row\"><div id=\"name-1\" class=\"forminator-field-name forminator-col forminator-col-6 \"><div class=\"forminator-field\"><input type=\"text\" name=\"name-1\" value=\"\" placeholder=\"First Name\" id=\"forminator-field-name-1_69d494360d40f\" class=\"forminator-input forminator-name--field\" aria-required=\"true\" autocomplete=\"name\" \/><\/div><\/div><div id=\"name-2\" class=\"forminator-field-name forminator-col forminator-col-6 \"><div class=\"forminator-field\"><input type=\"text\" name=\"name-2\" value=\"\" placeholder=\"Last Name\" id=\"forminator-field-name-2_69d494360d40f\" class=\"forminator-input forminator-name--field\" aria-required=\"true\" autocomplete=\"name\" \/><\/div><\/div><\/div><div class=\"forminator-row\"><div id=\"email-1\" class=\"forminator-field-email forminator-col forminator-col-12 \"><div class=\"forminator-field\"><input type=\"email\" name=\"email-1\" value=\"\" placeholder=\"Email\" id=\"forminator-field-email-1_69d494360d40f\" class=\"forminator-input forminator-email--field\" data-required=\"true\" aria-required=\"true\" autocomplete=\"email\" \/><\/div><\/div><\/div><div class=\"forminator-row\"><div id=\"phone-1\" class=\"forminator-field-phone forminator-col forminator-col-12 \"><div class=\"forminator-field\"><input type=\"text\" name=\"phone-1\" value=\"\" placeholder=\"Phone\" id=\"forminator-field-phone-1_69d494360d40f\" class=\"forminator-input forminator-field--phone\" data-required=\"\" aria-required=\"false\" autocomplete=\"off\" \/><\/div><\/div><\/div><div class=\"forminator-row\"><div id=\"textarea-1\" class=\"forminator-field-textarea forminator-col forminator-col-12 \"><div class=\"forminator-field\"><textarea name=\"textarea-1\" placeholder=\"Message\" id=\"forminator-field-textarea-1_69d494360d40f\" class=\"forminator-textarea\" rows=\"6\" style=\"min-height:140px;\" ><\/textarea><span id=\"forminator-field-textarea-1_69d494360d40f-description\" class=\"forminator-description\"><span data-limit=\"300\" data-type=\"words\" data-editor=\"\">0 \/ 300<\/span><\/span><\/div><\/div><\/div><div class=\"forminator-row\"><\/div><input type=\"hidden\" name=\"referer_url\" value=\"\" \/><div class=\"forminator-row forminator-row-last\"><div class=\"forminator-col\"><div class=\"forminator-field\"><button class=\"forminator-button forminator-button-submit\">Send<\/button><\/div><\/div><\/div><input type=\"hidden\" id=\"forminator_nonce\" name=\"forminator_nonce\" value=\"0b51ba8eba\" \/><input type=\"hidden\" name=\"_wp_http_referer\" value=\"\/sv\/wp-json\/wp\/v2\/pages\/6692\" \/><input type=\"hidden\" name=\"form_id\" value=\"1365\"><input type=\"hidden\" name=\"page_id\" value=\"6692\"><input type=\"hidden\" name=\"form_type\" value=\"default\"><input type=\"hidden\" name=\"current_url\" value=\"https:\/\/hojichawholesale.eu\/sv\/hojicha-powder-latte-partihandel\/\"><input type=\"hidden\" name=\"render_id\" value=\"0\"><input type=\"hidden\" name=\"action\" value=\"forminator_submit_form_custom-forms\"><label for=\"input_6\" class=\"forminator-hidden\" aria-hidden=\"true\">Please do not fill in this field. <input id=\"input_6\" type=\"text\" name=\"input_6\" value=\"\" autocomplete=\"off\"><\/label><\/form>\n","protected":false},"excerpt":{"rendered":"<p>Hojicha Powder Latte (Partihandel) V\u00e5r Hojicha Powder Latte \u00e4r gjord av hojichapulver, r\u00f6rsocker och guark\u00e4rnmj\u00f6l f\u00f6r en perfekt balanserad och uts\u00f6kt drink. Den kan blandas med mj\u00f6lk eller mj\u00f6lkalternativ. Produktens f\u00f6rdelar Information om grossisthandel Hur man f\u00f6rbereder sig Idealisk f\u00f6r Beg\u00e4r ett prov idag \u00c4r du nyfiken p\u00e5 de rika, rostade smakerna i v\u00e5r premium [&hellip;]<\/p>\n","protected":false},"author":1,"featured_media":7521,"parent":0,"menu_order":0,"comment_status":"closed","ping_status":"closed","template":"","meta":{"_surecart_dashboard_logo_width":"180px","_surecart_dashboard_show_logo":true,"_surecart_dashboard_navigation_orders":true,"_surecart_dashboard_navigation_invoices":true,"_surecart_dashboard_navigation_subscriptions":true,"_surecart_dashboard_navigation_downloads":true,"_surecart_dashboard_navigation_billing":true,"_surecart_dashboard_navigation_account":true,"footnotes":""},"class_list":["post-6692","page","type-page","status-publish","has-post-thumbnail","hentry","entry","has-media"],"mb":[],"mfb_rest_fields":["title","gutenberg_elementor_mode"],"_links":{"self":[{"href":"https:\/\/hojichawholesale.eu\/sv\/wp-json\/wp\/v2\/pages\/6692","targetHints":{"allow":["GET"]}}],"collection":[{"href":"https:\/\/hojichawholesale.eu\/sv\/wp-json\/wp\/v2\/pages"}],"about":[{"href":"https:\/\/hojichawholesale.eu\/sv\/wp-json\/wp\/v2\/types\/page"}],"author":[{"embeddable":true,"href":"https:\/\/hojichawholesale.eu\/sv\/wp-json\/wp\/v2\/users\/1"}],"replies":[{"embeddable":true,"href":"https:\/\/hojichawholesale.eu\/sv\/wp-json\/wp\/v2\/comments?post=6692"}],"version-history":[{"count":0,"href":"https:\/\/hojichawholesale.eu\/sv\/wp-json\/wp\/v2\/pages\/6692\/revisions"}],"wp:featuredmedia":[{"embeddable":true,"href":"https:\/\/hojichawholesale.eu\/sv\/wp-json\/wp\/v2\/media\/7521"}],"wp:attachment":[{"href":"https:\/\/hojichawholesale.eu\/sv\/wp-json\/wp\/v2\/media?parent=6692"}],"curies":[{"name":"wp","href":"https:\/\/api.w.org\/{rel}","templated":true}]}}