{"id":6681,"date":"2024-10-12T11:39:24","date_gmt":"2024-10-12T11:39:24","guid":{"rendered":"https:\/\/hojichawholesale.eu\/vad-ar-hojicha\/"},"modified":"2024-10-13T19:36:09","modified_gmt":"2024-10-13T19:36:09","slug":"vad-ar-hojicha","status":"publish","type":"page","link":"https:\/\/hojichawholesale.eu\/sv\/vad-ar-hojicha\/","title":{"rendered":"Vad \u00e4r hojicha?"},"content":{"rendered":"\n<h1 class=\"wp-block-heading\">Vad \u00e4r Hojicha?<\/h1>\n\n<p>Hojicha \u00e4r ett japanskt gr\u00f6nt te som rostas i porslin vid temperaturer fr\u00e5n 175\u00b0C till 350\u00b0C.  Denna rostningsprocess ger den dess distinkta orange toner och minskar dess koffein- och katekininneh\u00e5ll. <\/p>\n\n<p>  &#8221;<em>Hoji<\/em>&#8221; betyder &#8221;att rosta&#8221; p\u00e5 japanska, och &#8221;<em>cha<\/em>&#8221; betyder te.<\/p>\n<div class=\"wp-block-image\">\n<figure class=\"aligncenter size-large is-resized\"><img fetchpriority=\"high\" decoding=\"async\" width=\"1024\" height=\"683\" src=\"https:\/\/hojichawholesale.eu\/wp-content\/uploads\/2024\/10\/Depositphotos_502919918_L-1-1024x683.avif\" alt=\"\" class=\"wp-image-5573\" style=\"width:539px;height:auto\" srcset=\"https:\/\/hojichawholesale.eu\/wp-content\/uploads\/2024\/10\/Depositphotos_502919918_L-1-1024x683.avif 1024w, https:\/\/hojichawholesale.eu\/wp-content\/uploads\/2024\/10\/Depositphotos_502919918_L-1-300x200.avif 300w, https:\/\/hojichawholesale.eu\/wp-content\/uploads\/2024\/10\/Depositphotos_502919918_L-1-768x512.avif 768w, https:\/\/hojichawholesale.eu\/wp-content\/uploads\/2024\/10\/Depositphotos_502919918_L-1.avif 1200w\" sizes=\"(max-width: 1024px) 100vw, 1024px\" \/><\/figure>\n<\/div>\n<h2 class=\"wp-block-heading\"><strong>Varf\u00f6r dricka Hojicha?<\/strong><\/h2>\n\n<p>Hojicha \u00e4r en traditionell japansk dryck som konsumeras p\u00e5 natten f\u00f6r att hj\u00e4lpa till med matsm\u00e4ltningen.  <\/p>\n\n<p>Den kan dock drickas n\u00e4r som helst p\u00e5 dygnet och \u00e5ret.  <\/p>\n\n<p>Trots sin f\u00e4rg \u00e4r hojicha ett gr\u00f6nt te. Den g\u00e5r igenom en process som kallas shaqing som \u00e4r ett \u00e5ngbad som stoppar den naturliga oxidationsprocessen som sker vid sk\u00f6rd. <\/p>\n\n<p>Som ett resultat beh\u00e5ller hojicha m\u00e5nga av f\u00f6rdelarna med gr\u00f6nt te, som att fr\u00e4mja avkoppling och st\u00e4rka immunf\u00f6rsvaret.<\/p>\n\n<h2 class=\"wp-block-heading\">Olika typer av hojicha<\/h2>\n\n<p>Det finns olika typer av hojicha. Dess fr\u00e4msta egenskap kommer fr\u00e5n dess tillg\u00e4nglighet i b\u00e5de pulver och l\u00f6sa blad. <\/p>\n\n<p>F\u00f6rutom det finns hojicha ofta i tre typer av blad (ljusrostad, mellanstekt, m\u00f6rkrostat) och det kan till och med blandas med rostat ris, med namnet hojicha genmai.  <\/p>\n<div class=\"wp-block-image\">\n<figure class=\"aligncenter size-large is-resized\"><img decoding=\"async\" width=\"1024\" height=\"683\" src=\"https:\/\/hojichawholesale.eu\/wp-content\/uploads\/2024\/10\/Depositphotos_565446018_L-1-1024x683.avif\" alt=\"\" class=\"wp-image-5577\" style=\"width:572px;height:auto\" srcset=\"https:\/\/hojichawholesale.eu\/wp-content\/uploads\/2024\/10\/Depositphotos_565446018_L-1-1024x683.avif 1024w, https:\/\/hojichawholesale.eu\/wp-content\/uploads\/2024\/10\/Depositphotos_565446018_L-1-300x200.avif 300w, https:\/\/hojichawholesale.eu\/wp-content\/uploads\/2024\/10\/Depositphotos_565446018_L-1-768x512.avif 768w, https:\/\/hojichawholesale.eu\/wp-content\/uploads\/2024\/10\/Depositphotos_565446018_L-1.avif 1200w\" sizes=\"(max-width: 1024px) 100vw, 1024px\" \/><\/figure>\n<\/div>\n<h2 class=\"wp-block-heading\"><strong>Vilken sort anv\u00e4nds f\u00f6r hojicha?<\/strong><\/h2>\n\n<p>Den vanligaste sorten f\u00f6r Hojicha \u00e4r Yabukita, \u00e4ven om vissa hojicha ocks\u00e5 \u00e4r gjorda av Gokou-sorten.<\/p>\n\n<h2 class=\"wp-block-heading\">Hur produceras Hojicha?<\/h2>\n\n<p>Hojicha b\u00f6rjar sin produktionsprocess som bancha eller sencha.  <\/p>\n\n<p>Efter sk\u00f6rden \u00e5ngas bladen, s\u00e5 kallad &#8221;shaqing&#8221;, f\u00f6r att stoppa oxidationsprocessen. De rullas, torkas och rostas sedan mellan 175 \u00b0C och 350 \u00b0C i porslin. Det \u00e4r d\u00e5 bancha (eller sencha) blir hojicha.  <\/p>\n\n<p>En del av det bearbetas till pulver medan resten packas ihop som l\u00f6v.  <\/p>\n<div class=\"wp-block-image\">\n<figure class=\"aligncenter size-large is-resized\"><img decoding=\"async\" width=\"1024\" height=\"683\" src=\"https:\/\/hojichawholesale.eu\/wp-content\/uploads\/2024\/10\/Depositphotos_518442682_L-1-1024x683.avif\" alt=\"\" class=\"wp-image-5575\" style=\"width:484px;height:auto\" srcset=\"https:\/\/hojichawholesale.eu\/wp-content\/uploads\/2024\/10\/Depositphotos_518442682_L-1-1024x683.avif 1024w, https:\/\/hojichawholesale.eu\/wp-content\/uploads\/2024\/10\/Depositphotos_518442682_L-1-300x200.avif 300w, https:\/\/hojichawholesale.eu\/wp-content\/uploads\/2024\/10\/Depositphotos_518442682_L-1-768x512.avif 768w, https:\/\/hojichawholesale.eu\/wp-content\/uploads\/2024\/10\/Depositphotos_518442682_L-1.avif 1200w\" sizes=\"(max-width: 1024px) 100vw, 1024px\" \/><\/figure>\n<\/div>\n<h2 class=\"wp-block-heading\"><strong>Hur brygger man hojicha?<\/strong><\/h2>\n\n<p>Under en bladform bryggs hojicha vid temperaturer mellan 70\u00b0C och 80\u00b0C i 2-3 minuter.<\/p>\n\n<p>  80\u00b0C \u00e4r att f\u00f6redra om det \u00e4r i pulverform.  <\/p>\n\n<h2 class=\"wp-block-heading\"><strong>Historien om Hojicha<\/strong><\/h2>\n\n<p>Ingen vet var hojicha kommer ifr\u00e5n. Den verkar ha dykt upp i Kyoto p\u00e5 1920-talet. <\/p>\n\n<p>Legenden s\u00e4ger att utvecklingen av maskinsk\u00f6rdat te i b\u00f6rjan av 1900-talet ledde till betydande sl\u00f6seri. En ok\u00e4nd handlare best\u00e4mde sig f\u00f6r att rosta detta oanv\u00e4ndbara te f\u00f6r att r\u00e4dda det och uppfann hojicha i processen. <\/p>\n<div class=\"wp-block-image\">\n<figure class=\"aligncenter size-large is-resized\"><img loading=\"lazy\" decoding=\"async\" width=\"1024\" height=\"683\" src=\"https:\/\/hojichawholesale.eu\/wp-content\/uploads\/2024\/10\/Depositphotos_535727240_L-1-1024x683.avif\" alt=\"\" class=\"wp-image-5576\" style=\"width:592px;height:auto\" srcset=\"https:\/\/hojichawholesale.eu\/wp-content\/uploads\/2024\/10\/Depositphotos_535727240_L-1-1024x683.avif 1024w, https:\/\/hojichawholesale.eu\/wp-content\/uploads\/2024\/10\/Depositphotos_535727240_L-1-300x200.avif 300w, https:\/\/hojichawholesale.eu\/wp-content\/uploads\/2024\/10\/Depositphotos_535727240_L-1-768x512.avif 768w, https:\/\/hojichawholesale.eu\/wp-content\/uploads\/2024\/10\/Depositphotos_535727240_L-1.avif 1200w\" sizes=\"(max-width: 1024px) 100vw, 1024px\" \/><\/figure>\n<\/div>\n<h2 class=\"wp-block-heading\"><strong>Slutsats<\/strong><\/h2>\n\n<p>Hojicha \u00e4r ett rostat japanskt gr\u00f6nt te, som finns i b\u00e5de pulver- och bladform. Den har l\u00e5g koffeinhalt och konsumeras traditionellt p\u00e5 kv\u00e4llen. Dess orange f\u00e4rg kommer fr\u00e5n rostning i en porslinsgryta i n\u00e5gra minuter, vilket ger den dess karakteristiska smaker av n\u00f6tter, karamell eller choklad.  <\/p>\n\n<h2 class=\"wp-block-heading\">Beg\u00e4r ett prov<\/h2>\n\n<p>\u00c4r du nyfiken p\u00e5 de rika, rostade smakerna i v\u00e5r premium hojicha?  <\/p>\n\n<p>Fyll bara i dina uppgifter nedan s\u00e5 skickar vi ett prov till dig. L\u00e5t oss veta om du har specifika \u00f6nskem\u00e5l s\u00e5 anpassar vi g\u00e4rna v\u00e5rt erbjudande s\u00e5 att det passar dina aff\u00e4rsbehov. <\/p>\n<p><div class=\"forminator-ui forminator-custom-form forminator-custom-form-1365 forminator-design--flat  forminator_ajax\" data-forminator-render=\"0\" data-form=\"forminator-module-1365\" data-uid=\"69ede1b476c8c\"><br\/><\/div><form\n\t\t\t\tid=\"forminator-module-1365\"\n\t\t\t\tclass=\"forminator-ui forminator-custom-form forminator-custom-form-1365 forminator-design--flat  forminator_ajax\"\n\t\t\t\tmethod=\"post\"\n\t\t\t\tdata-forminator-render=\"0\"\n\t\t\t\tdata-form-id=\"1365\"\n\t\t\t\t data-color-option=\"default\" data-design=\"flat\" data-grid=\"open\" style=\"display: none;\"\n\t\t\t\tdata-uid=\"69ede1b476c8c\"\n\t\t\t><div role=\"alert\" aria-live=\"polite\" class=\"forminator-response-message forminator-error\" aria-hidden=\"true\"><\/div><div class=\"forminator-row\"><div id=\"name-1\" class=\"forminator-field-name forminator-col forminator-col-6 \"><div class=\"forminator-field\"><input type=\"text\" name=\"name-1\" value=\"\" placeholder=\"First Name\" id=\"forminator-field-name-1_69ede1b476c8c\" class=\"forminator-input forminator-name--field\" aria-required=\"true\" autocomplete=\"name\" \/><\/div><\/div><div id=\"name-2\" class=\"forminator-field-name forminator-col forminator-col-6 \"><div class=\"forminator-field\"><input type=\"text\" name=\"name-2\" value=\"\" placeholder=\"Last Name\" id=\"forminator-field-name-2_69ede1b476c8c\" class=\"forminator-input forminator-name--field\" aria-required=\"true\" autocomplete=\"name\" \/><\/div><\/div><\/div><div class=\"forminator-row\"><div id=\"email-1\" class=\"forminator-field-email forminator-col forminator-col-12 \"><div class=\"forminator-field\"><input type=\"email\" name=\"email-1\" value=\"\" placeholder=\"Email\" id=\"forminator-field-email-1_69ede1b476c8c\" class=\"forminator-input forminator-email--field\" data-required=\"true\" aria-required=\"true\" autocomplete=\"email\" \/><\/div><\/div><\/div><div class=\"forminator-row\"><div id=\"phone-1\" class=\"forminator-field-phone forminator-col forminator-col-12 \"><div class=\"forminator-field\"><input type=\"text\" name=\"phone-1\" value=\"\" placeholder=\"Phone\" id=\"forminator-field-phone-1_69ede1b476c8c\" class=\"forminator-input forminator-field--phone\" data-required=\"\" aria-required=\"false\" autocomplete=\"off\" \/><\/div><\/div><\/div><div class=\"forminator-row\"><div id=\"textarea-1\" class=\"forminator-field-textarea forminator-col forminator-col-12 \"><div class=\"forminator-field\"><textarea name=\"textarea-1\" placeholder=\"Message\" id=\"forminator-field-textarea-1_69ede1b476c8c\" class=\"forminator-textarea\" rows=\"6\" style=\"--forminator-textarea-min-height:140px;\" ><\/textarea><span id=\"forminator-field-textarea-1_69ede1b476c8c-description\" class=\"forminator-description\"><span data-limit=\"300\" data-type=\"words\" data-editor=\"\">0 \/ 300<\/span><\/span><\/div><\/div><\/div><div class=\"forminator-row\"><\/div><input type=\"hidden\" name=\"referer_url\" value=\"\" \/><div class=\"forminator-row forminator-row-last\"><div class=\"forminator-col\"><div class=\"forminator-field\"><button class=\"forminator-button forminator-button-submit\">Send<\/button><\/div><\/div><\/div><input type=\"hidden\" id=\"forminator_nonce\" name=\"forminator_nonce\" value=\"1f816e5bcb\" \/><input type=\"hidden\" name=\"_wp_http_referer\" value=\"\/sv\/wp-json\/wp\/v2\/pages\/6681\" \/><input type=\"hidden\" name=\"form_id\" value=\"1365\"><input type=\"hidden\" name=\"page_id\" value=\"6681\"><input type=\"hidden\" name=\"form_type\" value=\"default\"><input type=\"hidden\" name=\"current_url\" value=\"https:\/\/hojichawholesale.eu\/sv\/vad-ar-hojicha\/\"><input type=\"hidden\" name=\"render_id\" value=\"0\"><input type=\"hidden\" name=\"action\" value=\"forminator_submit_form_custom-forms\"><label for=\"input_6\" class=\"forminator-hidden\" aria-hidden=\"true\">Please do not fill in this field. <input id=\"input_6\" type=\"text\" name=\"input_6\" value=\"\" autocomplete=\"off\"><\/label><\/form><\/p>\n","protected":false},"excerpt":{"rendered":"<p>Vad \u00e4r Hojicha? Hojicha \u00e4r ett japanskt gr\u00f6nt te som rostas i porslin vid temperaturer fr\u00e5n 175\u00b0C till 350\u00b0C. Denna rostningsprocess ger den dess distinkta orange toner och minskar dess koffein- och katekininneh\u00e5ll. &#8221;Hoji&#8221; betyder &#8221;att rosta&#8221; p\u00e5 japanska, och &#8221;cha&#8221; betyder te. Varf\u00f6r dricka Hojicha? Hojicha \u00e4r en traditionell japansk dryck som konsumeras p\u00e5 [&hellip;]<\/p>\n","protected":false},"author":1,"featured_media":6682,"parent":0,"menu_order":0,"comment_status":"closed","ping_status":"closed","template":"","meta":{"_surecart_dashboard_logo_width":"180px","_surecart_dashboard_show_logo":true,"_surecart_dashboard_navigation_orders":true,"_surecart_dashboard_navigation_invoices":true,"_surecart_dashboard_navigation_subscriptions":true,"_surecart_dashboard_navigation_downloads":true,"_surecart_dashboard_navigation_billing":true,"_surecart_dashboard_navigation_account":true,"footnotes":""},"class_list":["post-6681","page","type-page","status-publish","has-post-thumbnail","hentry","entry","has-media"],"mb":[],"mfb_rest_fields":["title","gutenberg_elementor_mode"],"_links":{"self":[{"href":"https:\/\/hojichawholesale.eu\/sv\/wp-json\/wp\/v2\/pages\/6681","targetHints":{"allow":["GET"]}}],"collection":[{"href":"https:\/\/hojichawholesale.eu\/sv\/wp-json\/wp\/v2\/pages"}],"about":[{"href":"https:\/\/hojichawholesale.eu\/sv\/wp-json\/wp\/v2\/types\/page"}],"author":[{"embeddable":true,"href":"https:\/\/hojichawholesale.eu\/sv\/wp-json\/wp\/v2\/users\/1"}],"replies":[{"embeddable":true,"href":"https:\/\/hojichawholesale.eu\/sv\/wp-json\/wp\/v2\/comments?post=6681"}],"version-history":[{"count":0,"href":"https:\/\/hojichawholesale.eu\/sv\/wp-json\/wp\/v2\/pages\/6681\/revisions"}],"wp:featuredmedia":[{"embeddable":true,"href":"https:\/\/hojichawholesale.eu\/sv\/wp-json\/wp\/v2\/media\/6682"}],"wp:attachment":[{"href":"https:\/\/hojichawholesale.eu\/sv\/wp-json\/wp\/v2\/media?parent=6681"}],"curies":[{"name":"wp","href":"https:\/\/api.w.org\/{rel}","templated":true}]}}