{"id":6677,"date":"2024-10-12T09:58:42","date_gmt":"2024-10-12T09:58:42","guid":{"rendered":"https:\/\/hojichawholesale.eu\/hojicha-for-hotell-och-restauranger\/"},"modified":"2024-10-13T19:35:58","modified_gmt":"2024-10-13T19:35:58","slug":"hojicha-for-hotell-och-restauranger","status":"publish","type":"page","link":"https:\/\/hojichawholesale.eu\/sv\/hojicha-for-hotell-och-restauranger\/","title":{"rendered":"Hojicha f\u00f6r hotell och restauranger"},"content":{"rendered":"\n<h1 class=\"wp-block-heading\">Hojicha f\u00f6r hotell och restauranger<\/h1>\n\n<p>Hojicha \u00e4r det kommande trendiga japanska teet. Precis som matcha finns den i pulverform, perfekt f\u00f6r latte, desserter och bakverk. Men till skillnad fr\u00e5n matcha finns den ocks\u00e5 i l\u00f6sa blad, vilket g\u00f6r det enkelt att l\u00e4gga den i varmt vatten.    <\/p>\n\n<p>Hojicha \u00e4r starkt f\u00f6rknippat med h\u00e4lsa, sofistikering och h\u00f6g kvalitet, vilket p\u00e5verkar ditt varum\u00e4rke och din stil positivt och hj\u00e4lper dina kunder att k\u00e4nna sig sofistikerade.  <\/p>\n\n<p>Dessutom erbjuder den h\u00f6ga vinstmarginaler p\u00e5 grund av sin premiumuppfattning och l\u00e5ga produktionskostnader.<\/p>\n\n<p>H\u00e4r \u00e4r varf\u00f6r hojicha \u00e4r det perfekta tillskottet till ditt hotells eller restaurangs dryckesutbud.<\/p>\n\n<h2 class=\"wp-block-heading\">1. Unik, rostad smak<\/h2>\n\n<p>Hojicha erbjuder en djup, rostad smak med toner av karamell, n\u00f6tter och en mild r\u00f6kighet. Dess mjuka, naturligt s\u00f6ta smak tilltalar ett brett spektrum av m\u00e4nniskor, vilket g\u00f6r den till ett mer universellt tillg\u00e4ngligt alternativ \u00e4n matcha. <\/p>\n\n<h2 class=\"wp-block-heading\">2. L\u00e5g koffeinhalt och avslappnande<\/h2>\n\n<p>Rostad vid h\u00f6ga temperaturer har hojicha minimalt med koffeininneh\u00e5ll, vilket g\u00f6r den till ett idealiskt alternativ f\u00f6r g\u00e4ster som s\u00f6ker avkoppling n\u00e4r som helst p\u00e5 dygnet. Denna profil med l\u00e5g koffeinhalt v\u00e4nder sig till dem som \u00e4r k\u00e4nsliga f\u00f6r koffein, vilket f\u00f6rb\u00e4ttrar din menys attraktionskraft. <\/p>\n<div class=\"wp-block-image\">\n<figure class=\"aligncenter size-large is-resized\"><img fetchpriority=\"high\" decoding=\"async\" width=\"1024\" height=\"684\" src=\"https:\/\/hojichawholesale.eu\/wp-content\/uploads\/2024\/10\/Depositphotos_500113964_L-1024x684.avif\" alt=\"\" class=\"wp-image-5326\" style=\"width:509px;height:auto\" srcset=\"https:\/\/hojichawholesale.eu\/wp-content\/uploads\/2024\/10\/Depositphotos_500113964_L-1024x684.avif 1024w, https:\/\/hojichawholesale.eu\/wp-content\/uploads\/2024\/10\/Depositphotos_500113964_L-300x200.avif 300w, https:\/\/hojichawholesale.eu\/wp-content\/uploads\/2024\/10\/Depositphotos_500113964_L-768x513.avif 768w, https:\/\/hojichawholesale.eu\/wp-content\/uploads\/2024\/10\/Depositphotos_500113964_L.avif 1200w\" sizes=\"(max-width: 1024px) 100vw, 1024px\" \/><\/figure>\n<\/div>\n<h2 class=\"wp-block-heading\">3. H\u00e4lsomedvetet val<\/h2>\n\n<p>Eftersom matg\u00e4ster i allt h\u00f6gre grad prioriterar h\u00e4lsa, erbjuder hojicha en m\u00e4ngd f\u00f6rdelar. Den \u00e4r rik p\u00e5 antioxidanter, hj\u00e4lper matsm\u00e4ltningen, minskar stress och fr\u00e4mjar avkoppling. Dess l\u00e5ga koffeinhalt g\u00f6r den ocks\u00e5 l\u00e4mplig f\u00f6r alla \u00e5ldrar och lockar h\u00e4lsomedvetna g\u00e4ster, familjer och aff\u00e4rsresen\u00e4rer.  <\/p>\n\n<h2 class=\"wp-block-heading\">4. M\u00e5ngsidiga serveringsalternativ<\/h2>\n\n<p>Hojicha \u00e4r en flexibel ingrediens, oavsett om den serveras varm eller isig, eller ing\u00e5r i latte, cocktails eller desserter. Dess m\u00e5ngsidighet m\u00f6jligg\u00f6r o\u00e4ndlig kreativitet i dina dryckes- och dessertmenyer, vilket ger en unik touch till dina erbjudanden. <\/p>\n<div class=\"wp-block-image\">\n<figure class=\"aligncenter size-large is-resized\"><img decoding=\"async\" width=\"1024\" height=\"683\" src=\"https:\/\/hojichawholesale.eu\/wp-content\/uploads\/2024\/10\/Depositphotos_507526862_L-1024x683.avif\" alt=\"\" class=\"wp-image-5332\" style=\"width:605px;height:auto\" srcset=\"https:\/\/hojichawholesale.eu\/wp-content\/uploads\/2024\/10\/Depositphotos_507526862_L-1024x683.avif 1024w, https:\/\/hojichawholesale.eu\/wp-content\/uploads\/2024\/10\/Depositphotos_507526862_L-300x200.avif 300w, https:\/\/hojichawholesale.eu\/wp-content\/uploads\/2024\/10\/Depositphotos_507526862_L-768x512.avif 768w, https:\/\/hojichawholesale.eu\/wp-content\/uploads\/2024\/10\/Depositphotos_507526862_L.avif 1200w\" sizes=\"(max-width: 1024px) 100vw, 1024px\" \/><figcaption class=\"wp-element-caption\">Br\u00e4de med torrt hojicha gr\u00f6nt te och kopp varm dryck p\u00e5 f\u00e4rgbakgrund<\/figcaption><\/figure>\n<\/div>\n<h2 class=\"wp-block-heading\">5. En v\u00e4xande trend<\/h2>\n\n<p>Med matcha nu mainstream \u00e4r Hojicha redo att bli n\u00e4sta stora trend inom japanska teer, s\u00e4rskilt i Europa. Genom att erbjuda hojicha kan din anl\u00e4ggning sticka ut med ett f\u00f6rstklassigt, exklusivt alternativ som kommer att imponera p\u00e5 g\u00e4sterna och f\u00f6rb\u00e4ttra din st\u00e4llning.   <\/p>\n\n<figure class=\"wp-block-image size-large\"><img decoding=\"async\" width=\"1024\" height=\"544\" src=\"https:\/\/hojichawholesale.eu\/wp-content\/uploads\/2024\/10\/hojicha-trends-1-1024x544.avif\" alt=\"\" class=\"wp-image-5519\" srcset=\"https:\/\/hojichawholesale.eu\/wp-content\/uploads\/2024\/10\/hojicha-trends-1-1024x544.avif 1024w, https:\/\/hojichawholesale.eu\/wp-content\/uploads\/2024\/10\/hojicha-trends-1-300x159.avif 300w, https:\/\/hojichawholesale.eu\/wp-content\/uploads\/2024\/10\/hojicha-trends-1-768x408.avif 768w, https:\/\/hojichawholesale.eu\/wp-content\/uploads\/2024\/10\/hojicha-trends-1-1536x816.avif 1536w, https:\/\/hojichawholesale.eu\/wp-content\/uploads\/2024\/10\/hojicha-trends-1.avif 1892w\" sizes=\"(max-width: 1024px) 100vw, 1024px\" \/><\/figure>\n\n<figure class=\"wp-block-image size-large\"><img loading=\"lazy\" decoding=\"async\" width=\"1024\" height=\"412\" src=\"https:\/\/hojichawholesale.eu\/wp-content\/uploads\/2024\/10\/hojicha-trends-countries-1024x412.avif\" alt=\"\" class=\"wp-image-5459\" srcset=\"https:\/\/hojichawholesale.eu\/wp-content\/uploads\/2024\/10\/hojicha-trends-countries-1024x412.avif 1024w, https:\/\/hojichawholesale.eu\/wp-content\/uploads\/2024\/10\/hojicha-trends-countries-300x121.avif 300w, https:\/\/hojichawholesale.eu\/wp-content\/uploads\/2024\/10\/hojicha-trends-countries-768x309.avif 768w, https:\/\/hojichawholesale.eu\/wp-content\/uploads\/2024\/10\/hojicha-trends-countries-1536x618.avif 1536w, https:\/\/hojichawholesale.eu\/wp-content\/uploads\/2024\/10\/hojicha-trends-countries.avif 1873w\" sizes=\"(max-width: 1024px) 100vw, 1024px\" \/><\/figure>\n\n<h2 class=\"wp-block-heading\">6. L\u00e4tt att marknadsf\u00f6ra<\/h2>\n\n<p>Produktens karakt\u00e4r ger dig ett brett spektrum av vinklar att anv\u00e4nda i din marknadsf\u00f6ring, fr\u00e5n en fin japansk dryck till en h\u00e4lsofr\u00e4mjande dryck.<\/p>\n\n<p>Dess l\u00e5ga produktionskostnad ger dig full kontroll \u00f6ver dina vinstmarginaler.<\/p>\n\n<h2 class=\"wp-block-heading\">Beg\u00e4r ett prov<\/h2>\n\n<p>\u00c4r du nyfiken p\u00e5 de rika, rostade smakerna i v\u00e5r premium hojicha?  <\/p>\n\n<p>Fyll bara i dina uppgifter nedan s\u00e5 skickar vi ett prov till dig. L\u00e5t oss veta om du har specifika \u00f6nskem\u00e5l s\u00e5 anpassar vi g\u00e4rna v\u00e5rt erbjudande s\u00e5 att det passar dina aff\u00e4rsbehov. <\/p>\n<p><div class=\"forminator-ui forminator-custom-form forminator-custom-form-1365 forminator-design--flat  forminator_ajax\" data-forminator-render=\"0\" data-form=\"forminator-module-1365\" data-uid=\"69ea2c9440b11\"><br\/><\/div><form\n\t\t\t\tid=\"forminator-module-1365\"\n\t\t\t\tclass=\"forminator-ui forminator-custom-form forminator-custom-form-1365 forminator-design--flat  forminator_ajax\"\n\t\t\t\tmethod=\"post\"\n\t\t\t\tdata-forminator-render=\"0\"\n\t\t\t\tdata-form-id=\"1365\"\n\t\t\t\t data-color-option=\"default\" data-design=\"flat\" data-grid=\"open\" style=\"display: none;\"\n\t\t\t\tdata-uid=\"69ea2c9440b11\"\n\t\t\t><div role=\"alert\" aria-live=\"polite\" class=\"forminator-response-message forminator-error\" aria-hidden=\"true\"><\/div><div class=\"forminator-row\"><div id=\"name-1\" class=\"forminator-field-name forminator-col forminator-col-6 \"><div class=\"forminator-field\"><input type=\"text\" name=\"name-1\" value=\"\" placeholder=\"First Name\" id=\"forminator-field-name-1_69ea2c9440b11\" class=\"forminator-input forminator-name--field\" aria-required=\"true\" autocomplete=\"name\" \/><\/div><\/div><div id=\"name-2\" class=\"forminator-field-name forminator-col forminator-col-6 \"><div class=\"forminator-field\"><input type=\"text\" name=\"name-2\" value=\"\" placeholder=\"Last Name\" id=\"forminator-field-name-2_69ea2c9440b11\" class=\"forminator-input forminator-name--field\" aria-required=\"true\" autocomplete=\"name\" \/><\/div><\/div><\/div><div class=\"forminator-row\"><div id=\"email-1\" class=\"forminator-field-email forminator-col forminator-col-12 \"><div class=\"forminator-field\"><input type=\"email\" name=\"email-1\" value=\"\" placeholder=\"Email\" id=\"forminator-field-email-1_69ea2c9440b11\" class=\"forminator-input forminator-email--field\" data-required=\"true\" aria-required=\"true\" autocomplete=\"email\" \/><\/div><\/div><\/div><div class=\"forminator-row\"><div id=\"phone-1\" class=\"forminator-field-phone forminator-col forminator-col-12 \"><div class=\"forminator-field\"><input type=\"text\" name=\"phone-1\" value=\"\" placeholder=\"Phone\" id=\"forminator-field-phone-1_69ea2c9440b11\" class=\"forminator-input forminator-field--phone\" data-required=\"\" aria-required=\"false\" autocomplete=\"off\" \/><\/div><\/div><\/div><div class=\"forminator-row\"><div id=\"textarea-1\" class=\"forminator-field-textarea forminator-col forminator-col-12 \"><div class=\"forminator-field\"><textarea name=\"textarea-1\" placeholder=\"Message\" id=\"forminator-field-textarea-1_69ea2c9440b11\" class=\"forminator-textarea\" rows=\"6\" style=\"--forminator-textarea-min-height:140px;\" ><\/textarea><span id=\"forminator-field-textarea-1_69ea2c9440b11-description\" class=\"forminator-description\"><span data-limit=\"300\" data-type=\"words\" data-editor=\"\">0 \/ 300<\/span><\/span><\/div><\/div><\/div><div class=\"forminator-row\"><\/div><input type=\"hidden\" name=\"referer_url\" value=\"\" \/><div class=\"forminator-row forminator-row-last\"><div class=\"forminator-col\"><div class=\"forminator-field\"><button class=\"forminator-button forminator-button-submit\">Send<\/button><\/div><\/div><\/div><input type=\"hidden\" id=\"forminator_nonce\" name=\"forminator_nonce\" value=\"f4db56bc75\" \/><input type=\"hidden\" name=\"_wp_http_referer\" value=\"\/sv\/wp-json\/wp\/v2\/pages\/6677\" \/><input type=\"hidden\" name=\"form_id\" value=\"1365\"><input type=\"hidden\" name=\"page_id\" value=\"6677\"><input type=\"hidden\" name=\"form_type\" value=\"default\"><input type=\"hidden\" name=\"current_url\" value=\"https:\/\/hojichawholesale.eu\/sv\/hojicha-for-hotell-och-restauranger\/\"><input type=\"hidden\" name=\"render_id\" value=\"0\"><input type=\"hidden\" name=\"action\" value=\"forminator_submit_form_custom-forms\"><label for=\"input_6\" class=\"forminator-hidden\" aria-hidden=\"true\">Please do not fill in this field. <input id=\"input_6\" type=\"text\" name=\"input_6\" value=\"\" autocomplete=\"off\"><\/label><\/form><\/p>\n\n<p><\/p>\n","protected":false},"excerpt":{"rendered":"<p>Hojicha f\u00f6r hotell och restauranger Hojicha \u00e4r det kommande trendiga japanska teet. Precis som matcha finns den i pulverform, perfekt f\u00f6r latte, desserter och bakverk. Men till skillnad fr\u00e5n matcha finns den ocks\u00e5 i l\u00f6sa blad, vilket g\u00f6r det enkelt att l\u00e4gga den i varmt vatten. Hojicha \u00e4r starkt f\u00f6rknippat med h\u00e4lsa, sofistikering och h\u00f6g [&hellip;]<\/p>\n","protected":false},"author":1,"featured_media":6679,"parent":0,"menu_order":0,"comment_status":"closed","ping_status":"closed","template":"","meta":{"_surecart_dashboard_logo_width":"180px","_surecart_dashboard_show_logo":true,"_surecart_dashboard_navigation_orders":true,"_surecart_dashboard_navigation_invoices":true,"_surecart_dashboard_navigation_subscriptions":true,"_surecart_dashboard_navigation_downloads":true,"_surecart_dashboard_navigation_billing":true,"_surecart_dashboard_navigation_account":true,"footnotes":""},"class_list":["post-6677","page","type-page","status-publish","has-post-thumbnail","hentry","entry","has-media"],"mb":[],"mfb_rest_fields":["title","gutenberg_elementor_mode"],"_links":{"self":[{"href":"https:\/\/hojichawholesale.eu\/sv\/wp-json\/wp\/v2\/pages\/6677","targetHints":{"allow":["GET"]}}],"collection":[{"href":"https:\/\/hojichawholesale.eu\/sv\/wp-json\/wp\/v2\/pages"}],"about":[{"href":"https:\/\/hojichawholesale.eu\/sv\/wp-json\/wp\/v2\/types\/page"}],"author":[{"embeddable":true,"href":"https:\/\/hojichawholesale.eu\/sv\/wp-json\/wp\/v2\/users\/1"}],"replies":[{"embeddable":true,"href":"https:\/\/hojichawholesale.eu\/sv\/wp-json\/wp\/v2\/comments?post=6677"}],"version-history":[{"count":0,"href":"https:\/\/hojichawholesale.eu\/sv\/wp-json\/wp\/v2\/pages\/6677\/revisions"}],"wp:featuredmedia":[{"embeddable":true,"href":"https:\/\/hojichawholesale.eu\/sv\/wp-json\/wp\/v2\/media\/6679"}],"wp:attachment":[{"href":"https:\/\/hojichawholesale.eu\/sv\/wp-json\/wp\/v2\/media?parent=6677"}],"curies":[{"name":"wp","href":"https:\/\/api.w.org\/{rel}","templated":true}]}}