{"id":6674,"date":"2024-10-11T17:57:17","date_gmt":"2024-10-11T17:57:17","guid":{"rendered":"https:\/\/hojichawholesale.eu\/hojicha-for-tebutiker-i-detaljhandeln\/"},"modified":"2024-10-13T19:35:58","modified_gmt":"2024-10-13T19:35:58","slug":"hojicha-for-tebutiker-i-detaljhandeln","status":"publish","type":"page","link":"https:\/\/hojichawholesale.eu\/sv\/hojicha-for-tebutiker-i-detaljhandeln\/","title":{"rendered":"Hojicha f\u00f6r tebutiker i detaljhandeln"},"content":{"rendered":"\n<h1 class=\"wp-block-heading\">Hojicha f\u00f6r tebutiker i detaljhandeln<\/h1>\n\n<p>Hojicha har \u00f6kat i popularitet och h\u00e5ller p\u00e5 att v\u00e4xa fram som en framst\u00e5ende produkt fr\u00e5n Japan. H\u00e4r \u00e4r varf\u00f6r det b\u00f6r vara en del av din tebutiks sortiment. <\/p>\n\n<h2 class=\"wp-block-heading\">1. <strong>Unik smakprofil<\/strong><\/h2>\n\n<p>Hojichas distinkta rostningsprocess ger den en varm, rostad arom och en mild, n\u00f6taktig smak. Till skillnad fr\u00e5n traditionella gr\u00f6na teer \u00e4r det naturligt l\u00e5gt i koffein, vilket g\u00f6r det till ett utm\u00e4rkt val f\u00f6r kunder som vill ha ett lugnande te som de kan njuta av hela dagen, \u00e4ven p\u00e5 kv\u00e4llen. <\/p>\n<div class=\"wp-block-image\">\n<figure class=\"aligncenter size-large is-resized\"><img fetchpriority=\"high\" decoding=\"async\" width=\"1024\" height=\"683\" src=\"https:\/\/hojichawholesale.eu\/wp-content\/uploads\/2024\/10\/Depositphotos_505383520_L-1024x683.avif\" alt=\"\" class=\"wp-image-5324\" style=\"width:484px;height:auto\" srcset=\"https:\/\/hojichawholesale.eu\/wp-content\/uploads\/2024\/10\/Depositphotos_505383520_L-1024x683.avif 1024w, https:\/\/hojichawholesale.eu\/wp-content\/uploads\/2024\/10\/Depositphotos_505383520_L-300x200.avif 300w, https:\/\/hojichawholesale.eu\/wp-content\/uploads\/2024\/10\/Depositphotos_505383520_L-768x512.avif 768w, https:\/\/hojichawholesale.eu\/wp-content\/uploads\/2024\/10\/Depositphotos_505383520_L.avif 1200w\" sizes=\"(max-width: 1024px) 100vw, 1024px\" \/><\/figure>\n<\/div>\n<h2 class=\"wp-block-heading\">2. <strong>H\u00e4lsof\u00f6rdelar<\/strong><\/h2>\n\n<p>Hojicha \u00e4r rik p\u00e5 antioxidanter som katekiner, vilket g\u00f6r den till en utm\u00e4rkt kandidat f\u00f6r h\u00e4lsomarknadsf\u00f6ringskampanjer.  <\/p>\n\n<p>Dess l\u00e5ga koffeinhalt g\u00f6r den l\u00e4mplig f\u00f6r dem som \u00e4r k\u00e4nsliga f\u00f6r stimulantia, och rostningsprocessen minskar tanniner, vilket ger den en sl\u00e4t konsistens utan den bitterhet som ofta f\u00f6rknippas med gr\u00f6nt te.<\/p>\n\n<h2 class=\"wp-block-heading\">3. <strong>Att tilltala en v\u00e4xande marknad<\/strong><\/h2>\n\n<p>Med en \u00f6kande efterfr\u00e5gan p\u00e5 specialteer och h\u00e4lsoprodukter erbjuder hojicha din butik en chans att locka h\u00e4lsomedvetna kunder.  <\/p>\n\n<p>Dess distinkta smak och l\u00e5ga koffeinhalt tilltalar en m\u00e5ngsidig publik, fr\u00e5n teentusiaster till h\u00e4lsofokuserade konsumenter. Det \u00e4r ett utm\u00e4rkt val f\u00f6r dig som letar efter en lugn och lugnande varm nattdryck. <\/p>\n\n<figure class=\"wp-block-image size-large is-resized\"><img decoding=\"async\" width=\"1024\" height=\"544\" src=\"https:\/\/hojichawholesale.eu\/wp-content\/uploads\/2024\/10\/hojicha-trends-1-1024x544.avif\" alt=\"\" class=\"wp-image-5519\" style=\"width:840px;height:auto\" srcset=\"https:\/\/hojichawholesale.eu\/wp-content\/uploads\/2024\/10\/hojicha-trends-1-1024x544.avif 1024w, https:\/\/hojichawholesale.eu\/wp-content\/uploads\/2024\/10\/hojicha-trends-1-300x159.avif 300w, https:\/\/hojichawholesale.eu\/wp-content\/uploads\/2024\/10\/hojicha-trends-1-768x408.avif 768w, https:\/\/hojichawholesale.eu\/wp-content\/uploads\/2024\/10\/hojicha-trends-1-1536x816.avif 1536w, https:\/\/hojichawholesale.eu\/wp-content\/uploads\/2024\/10\/hojicha-trends-1.avif 1892w\" sizes=\"(max-width: 1024px) 100vw, 1024px\" \/><\/figure>\n\n<figure class=\"wp-block-image size-large\"><img decoding=\"async\" width=\"1024\" height=\"412\" src=\"https:\/\/hojichawholesale.eu\/wp-content\/uploads\/2024\/10\/hojicha-trends-countries-1024x412.avif\" alt=\"\" class=\"wp-image-5459\" srcset=\"https:\/\/hojichawholesale.eu\/wp-content\/uploads\/2024\/10\/hojicha-trends-countries-1024x412.avif 1024w, https:\/\/hojichawholesale.eu\/wp-content\/uploads\/2024\/10\/hojicha-trends-countries-300x121.avif 300w, https:\/\/hojichawholesale.eu\/wp-content\/uploads\/2024\/10\/hojicha-trends-countries-768x309.avif 768w, https:\/\/hojichawholesale.eu\/wp-content\/uploads\/2024\/10\/hojicha-trends-countries-1536x618.avif 1536w, https:\/\/hojichawholesale.eu\/wp-content\/uploads\/2024\/10\/hojicha-trends-countries.avif 1873w\" sizes=\"(max-width: 1024px) 100vw, 1024px\" \/><\/figure>\n\n<h2 class=\"wp-block-heading\">4. <strong>M\u00e5ngsidighet vid anv\u00e4ndning<\/strong><\/h2>\n\n<p>Till skillnad fr\u00e5n matcha finns hojicha i b\u00e5de pulver- och l\u00f6sbladsform, vilket ger dig den flexibilitet du beh\u00f6ver f\u00f6r att marknadsf\u00f6ra dess egenskaper.  <\/p>\n\n<p>Den kan ocks\u00e5 anv\u00e4ndas i latte, bakverk, glass eller som ett enkelt te.  <\/p>\n\n<h2 class=\"wp-block-heading\">5. <strong>F\u00f6rstklassig kvalitet<\/strong><\/h2>\n\n<p>V\u00e5r hojicha kommer direkt fr\u00e5n de b\u00e4sta japanska teproducenterna. Detta s\u00e4kerst\u00e4ller att du f\u00e5r en produkt av h\u00f6gsta kvalitet, med en konsekvent smakprofil som dina kunder kommer att \u00e4lska och \u00e5terkomma f\u00f6r. <\/p>\n\n<h2 class=\"wp-block-heading\">6. Sunda marginaler<\/h2>\n\n<p>Hojicha \u00e4r billig att producera och f\u00f6rknippad med japansk kultur vilket inneb\u00e4r att kunderna \u00e4r beredda att betala en premie, s\u00e4rskilt f\u00f6r hojicha-pulvret.  <\/p>\n\n<p>Hojicha hj\u00e4lper dig att diversifiera ditt erbjudande och tillgodose en ny typ av konsument som letar efter underskattade och kommande produkter.  <\/p>\n\n<h2 class=\"wp-block-heading\">Beg\u00e4r ett prov<\/h2>\n\n<p>\u00c4r du nyfiken p\u00e5 de rika, rostade smakerna i v\u00e5r premium hojicha?  <\/p>\n\n<p>Fyll bara i dina uppgifter nedan s\u00e5 skickar vi ett prov till dig. L\u00e5t oss veta om du har specifika \u00f6nskem\u00e5l s\u00e5 anpassar vi g\u00e4rna v\u00e5rt erbjudande s\u00e5 att det passar dina aff\u00e4rsbehov. <\/p>\n<div class=\"forminator-ui forminator-custom-form forminator-custom-form-1365 forminator-design--flat  forminator_ajax\" data-forminator-render=\"0\" data-form=\"forminator-module-1365\" data-uid=\"69db9d80477e1\"><br\/><\/div><form\n\t\t\t\tid=\"forminator-module-1365\"\n\t\t\t\tclass=\"forminator-ui forminator-custom-form forminator-custom-form-1365 forminator-design--flat  forminator_ajax\"\n\t\t\t\tmethod=\"post\"\n\t\t\t\tdata-forminator-render=\"0\"\n\t\t\t\tdata-form-id=\"1365\"\n\t\t\t\t data-color-option=\"default\" data-design=\"flat\" data-grid=\"open\" style=\"display: none;\"\n\t\t\t\tdata-uid=\"69db9d80477e1\"\n\t\t\t><div role=\"alert\" aria-live=\"polite\" class=\"forminator-response-message forminator-error\" aria-hidden=\"true\"><\/div><div class=\"forminator-row\"><div id=\"name-1\" class=\"forminator-field-name forminator-col forminator-col-6 \"><div class=\"forminator-field\"><input type=\"text\" name=\"name-1\" value=\"\" placeholder=\"First Name\" id=\"forminator-field-name-1_69db9d80477e1\" class=\"forminator-input forminator-name--field\" aria-required=\"true\" autocomplete=\"name\" \/><\/div><\/div><div id=\"name-2\" class=\"forminator-field-name forminator-col forminator-col-6 \"><div class=\"forminator-field\"><input type=\"text\" name=\"name-2\" value=\"\" placeholder=\"Last Name\" id=\"forminator-field-name-2_69db9d80477e1\" class=\"forminator-input forminator-name--field\" aria-required=\"true\" autocomplete=\"name\" \/><\/div><\/div><\/div><div class=\"forminator-row\"><div id=\"email-1\" class=\"forminator-field-email forminator-col forminator-col-12 \"><div class=\"forminator-field\"><input type=\"email\" name=\"email-1\" value=\"\" placeholder=\"Email\" id=\"forminator-field-email-1_69db9d80477e1\" class=\"forminator-input forminator-email--field\" data-required=\"true\" aria-required=\"true\" autocomplete=\"email\" \/><\/div><\/div><\/div><div class=\"forminator-row\"><div id=\"phone-1\" class=\"forminator-field-phone forminator-col forminator-col-12 \"><div class=\"forminator-field\"><input type=\"text\" name=\"phone-1\" value=\"\" placeholder=\"Phone\" id=\"forminator-field-phone-1_69db9d80477e1\" class=\"forminator-input forminator-field--phone\" data-required=\"\" aria-required=\"false\" autocomplete=\"off\" \/><\/div><\/div><\/div><div class=\"forminator-row\"><div id=\"textarea-1\" class=\"forminator-field-textarea forminator-col forminator-col-12 \"><div class=\"forminator-field\"><textarea name=\"textarea-1\" placeholder=\"Message\" id=\"forminator-field-textarea-1_69db9d80477e1\" class=\"forminator-textarea\" rows=\"6\" style=\"min-height:140px;\" ><\/textarea><span id=\"forminator-field-textarea-1_69db9d80477e1-description\" class=\"forminator-description\"><span data-limit=\"300\" data-type=\"words\" data-editor=\"\">0 \/ 300<\/span><\/span><\/div><\/div><\/div><div class=\"forminator-row\"><\/div><input type=\"hidden\" name=\"referer_url\" value=\"\" \/><div class=\"forminator-row forminator-row-last\"><div class=\"forminator-col\"><div class=\"forminator-field\"><button class=\"forminator-button forminator-button-submit\">Send<\/button><\/div><\/div><\/div><input type=\"hidden\" id=\"forminator_nonce\" name=\"forminator_nonce\" value=\"1f8eb51267\" \/><input type=\"hidden\" name=\"_wp_http_referer\" value=\"\/sv\/wp-json\/wp\/v2\/pages\/6674\" \/><input type=\"hidden\" name=\"form_id\" value=\"1365\"><input type=\"hidden\" name=\"page_id\" value=\"6674\"><input type=\"hidden\" name=\"form_type\" value=\"default\"><input type=\"hidden\" name=\"current_url\" value=\"https:\/\/hojichawholesale.eu\/sv\/hojicha-for-tebutiker-i-detaljhandeln\/\"><input type=\"hidden\" name=\"render_id\" value=\"0\"><input type=\"hidden\" name=\"action\" value=\"forminator_submit_form_custom-forms\"><label for=\"input_6\" class=\"forminator-hidden\" aria-hidden=\"true\">Please do not fill in this field. <input id=\"input_6\" type=\"text\" name=\"input_6\" value=\"\" autocomplete=\"off\"><\/label><\/form>\n","protected":false},"excerpt":{"rendered":"<p>Hojicha f\u00f6r tebutiker i detaljhandeln Hojicha har \u00f6kat i popularitet och h\u00e5ller p\u00e5 att v\u00e4xa fram som en framst\u00e5ende produkt fr\u00e5n Japan. H\u00e4r \u00e4r varf\u00f6r det b\u00f6r vara en del av din tebutiks sortiment. 1. Unik smakprofil Hojichas distinkta rostningsprocess ger den en varm, rostad arom och en mild, n\u00f6taktig smak. Till skillnad fr\u00e5n traditionella [&hellip;]<\/p>\n","protected":false},"author":1,"featured_media":6675,"parent":0,"menu_order":0,"comment_status":"closed","ping_status":"closed","template":"","meta":{"_surecart_dashboard_logo_width":"180px","_surecart_dashboard_show_logo":true,"_surecart_dashboard_navigation_orders":true,"_surecart_dashboard_navigation_invoices":true,"_surecart_dashboard_navigation_subscriptions":true,"_surecart_dashboard_navigation_downloads":true,"_surecart_dashboard_navigation_billing":true,"_surecart_dashboard_navigation_account":true,"footnotes":""},"class_list":["post-6674","page","type-page","status-publish","has-post-thumbnail","hentry","entry","has-media"],"mb":[],"mfb_rest_fields":["title","gutenberg_elementor_mode"],"_links":{"self":[{"href":"https:\/\/hojichawholesale.eu\/sv\/wp-json\/wp\/v2\/pages\/6674","targetHints":{"allow":["GET"]}}],"collection":[{"href":"https:\/\/hojichawholesale.eu\/sv\/wp-json\/wp\/v2\/pages"}],"about":[{"href":"https:\/\/hojichawholesale.eu\/sv\/wp-json\/wp\/v2\/types\/page"}],"author":[{"embeddable":true,"href":"https:\/\/hojichawholesale.eu\/sv\/wp-json\/wp\/v2\/users\/1"}],"replies":[{"embeddable":true,"href":"https:\/\/hojichawholesale.eu\/sv\/wp-json\/wp\/v2\/comments?post=6674"}],"version-history":[{"count":0,"href":"https:\/\/hojichawholesale.eu\/sv\/wp-json\/wp\/v2\/pages\/6674\/revisions"}],"wp:featuredmedia":[{"embeddable":true,"href":"https:\/\/hojichawholesale.eu\/sv\/wp-json\/wp\/v2\/media\/6675"}],"wp:attachment":[{"href":"https:\/\/hojichawholesale.eu\/sv\/wp-json\/wp\/v2\/media?parent=6674"}],"curies":[{"name":"wp","href":"https:\/\/api.w.org\/{rel}","templated":true}]}}