{"id":6671,"date":"2024-10-12T14:03:31","date_gmt":"2024-10-12T14:03:31","guid":{"rendered":"https:\/\/hojichawholesale.eu\/hojicha-medium-roast-grossist\/"},"modified":"2025-12-10T18:55:34","modified_gmt":"2025-12-10T18:55:34","slug":"hojicha-medium-roast-grossist","status":"publish","type":"page","link":"https:\/\/hojichawholesale.eu\/sv\/hojicha-medium-roast-grossist\/","title":{"rendered":"Hojicha Medium Roast Pulver (Grossist)"},"content":{"rendered":"\n<h1 class=\"wp-block-heading\">Hojicha Medium Roast (Grossist)<\/h1>\n\n<p><strong>Hojicha Medium Roast<\/strong> <strong>Powder <\/strong>erbjuder en unik, rik och jordig smak som \u00e4r perfekt f\u00f6r te\u00e4lskare som uppskattar en balans mellan robusta rostade toner och den naturliga s\u00f6tman av gr\u00f6nt te.<\/p>\n<div class=\"wp-block-image\">\n<figure class=\"aligncenter size-full is-resized\"><img fetchpriority=\"high\" decoding=\"async\" width=\"1000\" height=\"1000\" src=\"https:\/\/hojichawholesale.eu\/wp-content\/uploads\/2025\/01\/hojicha-medium-powder-both.webp\" alt=\"\" class=\"wp-image-7484\" style=\"width:282px;height:auto\" srcset=\"https:\/\/hojichawholesale.eu\/wp-content\/uploads\/2025\/01\/hojicha-medium-powder-both.webp 1000w, https:\/\/hojichawholesale.eu\/wp-content\/uploads\/2025\/01\/hojicha-medium-powder-both-300x300.webp 300w, https:\/\/hojichawholesale.eu\/wp-content\/uploads\/2025\/01\/hojicha-medium-powder-both-150x150.webp 150w, https:\/\/hojichawholesale.eu\/wp-content\/uploads\/2025\/01\/hojicha-medium-powder-both-768x768.webp 768w, https:\/\/hojichawholesale.eu\/wp-content\/uploads\/2025\/01\/hojicha-medium-powder-both-600x600.webp 600w\" sizes=\"(max-width: 1000px) 100vw, 1000px\" \/><\/figure>\n<\/div>\n<h2 class=\"wp-block-heading\">Produktens f\u00f6rdelar<\/h2>\n\n<ul class=\"wp-block-list\">\n<li><strong>Typ<\/strong>: Rostat gr\u00f6nt te (hojicha)<\/li>\n\n\n\n<li><strong>Ursprung<\/strong>: Shizuoka, Japan<\/li>\n\n\n\n<li><strong>Form<\/strong>: Pulver<\/li>\n\n\n\n<li><strong>Rostningsniv\u00e5<\/strong>: Medium<\/li>\n\n\n\n<li><strong>Sk\u00f6rdes\u00e4song<\/strong>: V\u00e5r \/ Sommar<\/li>\n\n\n\n<li><strong>Bearbetning<\/strong>: Rostad i porslin \u00f6ver 220\u00b0C<\/li>\n\n\n\n<li><strong>Smakprofil<\/strong>: N\u00f6taktig, l\u00e4tt s\u00f6t, len med inslag av karamell<\/li>\n\n\n\n<li><strong>Koffein<\/strong>: L\u00e5g<\/li>\n\n\n\n<li><strong>F\u00f6rpackning<\/strong>: Finns i 1 kg-p\u00e5sar. Ompackning finns tillg\u00e4nglig p\u00e5 din beg\u00e4ran.   <\/li>\n<\/ul>\n\n<hr class=\"wp-block-separator has-alpha-channel-opacity\"\/>\n\n<h2 class=\"wp-block-heading\">F\u00f6rdelar med Medium Roast Hojicha<\/h2>\n\n<ul class=\"wp-block-list\">\n<li><strong>Rik p\u00e5 antioxidanter<\/strong>: Skyddar mot fria radikaler<\/li>\n\n\n\n<li><strong>L\u00e5gt koffein<\/strong>: Perfekt f\u00f6r njutning hela dagen, inklusive kv\u00e4llar<\/li>\n\n\n\n<li><strong>Lugnande och avkopplande<\/strong>: Den skonsamma rostningsprocessen minskar bitterhet och f\u00f6rst\u00e4rker en j\u00e4mn, tr\u00f6stande smak.<\/li>\n\n\n\n<li><strong>Trendigt<\/strong>: Det \u00e4r p\u00e5 uppg\u00e5ng i Sydostasien och b\u00f6rjar skapa intresse i Europa.<\/li>\n<\/ul>\n\n<div class=\"wp-block-columns is-layout-flex wp-container-core-columns-is-layout-28f84493 wp-block-columns-is-layout-flex\">\n<div class=\"wp-block-column is-layout-flow wp-block-column-is-layout-flow\"><div class=\"wp-block-image\">\n<figure class=\"aligncenter size-full is-resized\"><img decoding=\"async\" width=\"1000\" height=\"1000\" src=\"https:\/\/hojichawholesale.eu\/wp-content\/uploads\/2025\/01\/hojicha-medium-powder.webp\" alt=\"Hojicha mellanrostat pulver\" class=\"wp-image-7472\" style=\"width:297px;height:auto\" srcset=\"https:\/\/hojichawholesale.eu\/wp-content\/uploads\/2025\/01\/hojicha-medium-powder.webp 1000w, https:\/\/hojichawholesale.eu\/wp-content\/uploads\/2025\/01\/hojicha-medium-powder-300x300.webp 300w, https:\/\/hojichawholesale.eu\/wp-content\/uploads\/2025\/01\/hojicha-medium-powder-150x150.webp 150w, https:\/\/hojichawholesale.eu\/wp-content\/uploads\/2025\/01\/hojicha-medium-powder-768x768.webp 768w, https:\/\/hojichawholesale.eu\/wp-content\/uploads\/2025\/01\/hojicha-medium-powder-600x600.webp 600w\" sizes=\"(max-width: 1000px) 100vw, 1000px\" \/><\/figure>\n<\/div><\/div>\n\n\n\n<div class=\"wp-block-column is-layout-flow wp-block-column-is-layout-flow\"><div class=\"wp-block-image\">\n<figure class=\"aligncenter size-large is-resized\"><img decoding=\"async\" width=\"1024\" height=\"1024\" src=\"https:\/\/hojichawholesale.eu\/wp-content\/uploads\/2025\/01\/hojicha-medium-powder-infused-1024x1024.webp\" alt=\"Hojicha mellanrostat pulver infunderat\" class=\"wp-image-7496\" style=\"width:295px;height:auto\" srcset=\"https:\/\/hojichawholesale.eu\/wp-content\/uploads\/2025\/01\/hojicha-medium-powder-infused-1024x1024.webp 1024w, https:\/\/hojichawholesale.eu\/wp-content\/uploads\/2025\/01\/hojicha-medium-powder-infused-300x300.webp 300w, https:\/\/hojichawholesale.eu\/wp-content\/uploads\/2025\/01\/hojicha-medium-powder-infused-150x150.webp 150w, https:\/\/hojichawholesale.eu\/wp-content\/uploads\/2025\/01\/hojicha-medium-powder-infused-768x768.webp 768w, https:\/\/hojichawholesale.eu\/wp-content\/uploads\/2025\/01\/hojicha-medium-powder-infused-1536x1536.webp 1536w, https:\/\/hojichawholesale.eu\/wp-content\/uploads\/2025\/01\/hojicha-medium-powder-infused-600x600.webp 600w, https:\/\/hojichawholesale.eu\/wp-content\/uploads\/2025\/01\/hojicha-medium-powder-infused.webp 2000w\" sizes=\"(max-width: 1024px) 100vw, 1024px\" \/><\/figure>\n<\/div><\/div>\n<\/div>\n\n<hr class=\"wp-block-separator has-alpha-channel-opacity\"\/>\n\n<h2 class=\"wp-block-heading\">Information om grossisthandel<\/h2>\n\n<ul class=\"wp-block-list\">\n<li><strong>Minsta best\u00e4llningskvantitet (MOQ):<\/strong> 500 gram (5*100 gram).<\/li>\n\n\n\n<li><strong>Bulkpriss\u00e4ttning<\/strong>: Kontakta oss nedan f\u00f6r en anpassad offert baserad p\u00e5 ordervolym.<\/li>\n\n\n\n<li><strong>F\u00f6rvaring: F\u00f6rvaras<\/strong> p\u00e5 en sval, torr plats.<\/li>\n\n\n\n<li><strong>Utg\u00e5ngsdatum<\/strong>: Hojicha kan f\u00f6rvaras i upp till tv\u00e5 \u00e5r o\u00f6ppnad och f\u00f6rvaras vid 5\u00b0C &#8211; 10\u00b0C.<\/li>\n\n\n\n<li><strong>Frakt<\/strong>: Vi skickar p\u00e5 den europeiska kontinenten med flexibla fraktalternativ, inklusive expressleverans f\u00f6r br\u00e5dskande best\u00e4llningar.<\/li>\n<\/ul>\n\n<hr class=\"wp-block-separator has-alpha-channel-opacity\"\/>\n\n<h2 class=\"wp-block-heading\">Hur man brygger<\/h2>\n\n<ol class=\"wp-block-list\">\n<li><strong>Tem\u00e4ngd<\/strong>: 8 g te per 500 ml vatten<\/li>\n\n\n\n<li><strong>Vattentemperatur<\/strong>: 70-80\u00b0C  <\/li>\n\n\n\n<li><strong>Bl\u00f6tl\u00e4ggningstid<\/strong>: 2-3 minuter f\u00f6r en perfekt kopp<\/li>\n<\/ol>\n\n<hr class=\"wp-block-separator has-alpha-channel-opacity\"\/>\n\n<h2 class=\"wp-block-heading\">Idealisk f\u00f6r<\/h2>\n\n<ul class=\"wp-block-list\">\n<li>Tebutiker, kaf\u00e9er och restauranger som vill erbjuda en f\u00f6rstklassig hojicha latte-upplevelse.  <\/li>\n\n\n\n<li>H\u00e4lsomedvetna konsumenter som f\u00f6redrar ett alternativ med l\u00e5g koffeinhalt.<\/li>\n\n\n\n<li>Blandas med andra teer f\u00f6r att skapa husets signaturteblandningar.<\/li>\n<\/ul>\n\n<h2 class=\"wp-block-heading\">Beg\u00e4r ett prov idag<\/h2>\n\n<p>\u00c4r du nyfiken p\u00e5 de rika, rostade smakerna i v\u00e5r premium hojicha?  <\/p>\n\n<p>Fyll bara i dina uppgifter nedan s\u00e5 skickar vi ett prov till dig. L\u00e5t oss veta om du har specifika \u00f6nskem\u00e5l s\u00e5 anpassar vi g\u00e4rna v\u00e5rt erbjudande s\u00e5 att det passar dina aff\u00e4rsbehov. <\/p>\n<div class=\"forminator-ui forminator-custom-form forminator-custom-form-1365 forminator-design--flat  forminator_ajax\" data-forminator-render=\"0\" data-form=\"forminator-module-1365\" data-uid=\"69dec6429e8fa\"><br\/><\/div><form\n\t\t\t\tid=\"forminator-module-1365\"\n\t\t\t\tclass=\"forminator-ui forminator-custom-form forminator-custom-form-1365 forminator-design--flat  forminator_ajax\"\n\t\t\t\tmethod=\"post\"\n\t\t\t\tdata-forminator-render=\"0\"\n\t\t\t\tdata-form-id=\"1365\"\n\t\t\t\t data-color-option=\"default\" data-design=\"flat\" data-grid=\"open\" style=\"display: none;\"\n\t\t\t\tdata-uid=\"69dec6429e8fa\"\n\t\t\t><div role=\"alert\" aria-live=\"polite\" class=\"forminator-response-message forminator-error\" aria-hidden=\"true\"><\/div><div class=\"forminator-row\"><div id=\"name-1\" class=\"forminator-field-name forminator-col forminator-col-6 \"><div class=\"forminator-field\"><input type=\"text\" name=\"name-1\" value=\"\" placeholder=\"First Name\" id=\"forminator-field-name-1_69dec6429e8fa\" class=\"forminator-input forminator-name--field\" aria-required=\"true\" autocomplete=\"name\" \/><\/div><\/div><div id=\"name-2\" class=\"forminator-field-name forminator-col forminator-col-6 \"><div class=\"forminator-field\"><input type=\"text\" name=\"name-2\" value=\"\" placeholder=\"Last Name\" id=\"forminator-field-name-2_69dec6429e8fa\" class=\"forminator-input forminator-name--field\" aria-required=\"true\" autocomplete=\"name\" \/><\/div><\/div><\/div><div class=\"forminator-row\"><div id=\"email-1\" class=\"forminator-field-email forminator-col forminator-col-12 \"><div class=\"forminator-field\"><input type=\"email\" name=\"email-1\" value=\"\" placeholder=\"Email\" id=\"forminator-field-email-1_69dec6429e8fa\" class=\"forminator-input forminator-email--field\" data-required=\"true\" aria-required=\"true\" autocomplete=\"email\" \/><\/div><\/div><\/div><div class=\"forminator-row\"><div id=\"phone-1\" class=\"forminator-field-phone forminator-col forminator-col-12 \"><div class=\"forminator-field\"><input type=\"text\" name=\"phone-1\" value=\"\" placeholder=\"Phone\" id=\"forminator-field-phone-1_69dec6429e8fa\" class=\"forminator-input forminator-field--phone\" data-required=\"\" aria-required=\"false\" autocomplete=\"off\" \/><\/div><\/div><\/div><div class=\"forminator-row\"><div id=\"textarea-1\" class=\"forminator-field-textarea forminator-col forminator-col-12 \"><div class=\"forminator-field\"><textarea name=\"textarea-1\" placeholder=\"Message\" id=\"forminator-field-textarea-1_69dec6429e8fa\" class=\"forminator-textarea\" rows=\"6\" style=\"min-height:140px;\" ><\/textarea><span id=\"forminator-field-textarea-1_69dec6429e8fa-description\" class=\"forminator-description\"><span data-limit=\"300\" data-type=\"words\" data-editor=\"\">0 \/ 300<\/span><\/span><\/div><\/div><\/div><div class=\"forminator-row\"><\/div><input type=\"hidden\" name=\"referer_url\" value=\"\" \/><div class=\"forminator-row forminator-row-last\"><div class=\"forminator-col\"><div class=\"forminator-field\"><button class=\"forminator-button forminator-button-submit\">Send<\/button><\/div><\/div><\/div><input type=\"hidden\" id=\"forminator_nonce\" name=\"forminator_nonce\" value=\"a647953a3f\" \/><input type=\"hidden\" name=\"_wp_http_referer\" value=\"\/sv\/wp-json\/wp\/v2\/pages\/6671\" \/><input type=\"hidden\" name=\"form_id\" value=\"1365\"><input type=\"hidden\" name=\"page_id\" value=\"6671\"><input type=\"hidden\" name=\"form_type\" value=\"default\"><input type=\"hidden\" name=\"current_url\" value=\"https:\/\/hojichawholesale.eu\/sv\/hojicha-medium-roast-grossist\/\"><input type=\"hidden\" name=\"render_id\" value=\"0\"><input type=\"hidden\" name=\"action\" value=\"forminator_submit_form_custom-forms\"><label for=\"input_6\" class=\"forminator-hidden\" aria-hidden=\"true\">Please do not fill in this field. <input id=\"input_6\" type=\"text\" name=\"input_6\" value=\"\" autocomplete=\"off\"><\/label><\/form>\n","protected":false},"excerpt":{"rendered":"<p>Hojicha Medium Roast (Grossist) Hojicha Medium Roast Powder erbjuder en unik, rik och jordig smak som \u00e4r perfekt f\u00f6r te\u00e4lskare som uppskattar en balans mellan robusta rostade toner och den naturliga s\u00f6tman av gr\u00f6nt te. Produktens f\u00f6rdelar F\u00f6rdelar med Medium Roast Hojicha Information om grossisthandel Hur man brygger Idealisk f\u00f6r Beg\u00e4r ett prov idag \u00c4r [&hellip;]<\/p>\n","protected":false},"author":1,"featured_media":7495,"parent":0,"menu_order":0,"comment_status":"closed","ping_status":"closed","template":"","meta":{"_surecart_dashboard_logo_width":"180px","_surecart_dashboard_show_logo":true,"_surecart_dashboard_navigation_orders":true,"_surecart_dashboard_navigation_invoices":true,"_surecart_dashboard_navigation_subscriptions":true,"_surecart_dashboard_navigation_downloads":true,"_surecart_dashboard_navigation_billing":true,"_surecart_dashboard_navigation_account":true,"footnotes":""},"class_list":["post-6671","page","type-page","status-publish","has-post-thumbnail","hentry","entry","has-media"],"mb":[],"mfb_rest_fields":["title","gutenberg_elementor_mode"],"_links":{"self":[{"href":"https:\/\/hojichawholesale.eu\/sv\/wp-json\/wp\/v2\/pages\/6671","targetHints":{"allow":["GET"]}}],"collection":[{"href":"https:\/\/hojichawholesale.eu\/sv\/wp-json\/wp\/v2\/pages"}],"about":[{"href":"https:\/\/hojichawholesale.eu\/sv\/wp-json\/wp\/v2\/types\/page"}],"author":[{"embeddable":true,"href":"https:\/\/hojichawholesale.eu\/sv\/wp-json\/wp\/v2\/users\/1"}],"replies":[{"embeddable":true,"href":"https:\/\/hojichawholesale.eu\/sv\/wp-json\/wp\/v2\/comments?post=6671"}],"version-history":[{"count":0,"href":"https:\/\/hojichawholesale.eu\/sv\/wp-json\/wp\/v2\/pages\/6671\/revisions"}],"wp:featuredmedia":[{"embeddable":true,"href":"https:\/\/hojichawholesale.eu\/sv\/wp-json\/wp\/v2\/media\/7495"}],"wp:attachment":[{"href":"https:\/\/hojichawholesale.eu\/sv\/wp-json\/wp\/v2\/media?parent=6671"}],"curies":[{"name":"wp","href":"https:\/\/api.w.org\/{rel}","templated":true}]}}