{"id":6665,"date":"2024-10-12T14:14:16","date_gmt":"2024-10-12T14:14:16","guid":{"rendered":"https:\/\/hojichawholesale.eu\/hojicha-mork-stek-partihandel\/"},"modified":"2025-12-10T18:55:34","modified_gmt":"2025-12-10T18:55:34","slug":"hojicha-mork-stek-partihandel","status":"publish","type":"page","link":"https:\/\/hojichawholesale.eu\/sv\/hojicha-mork-stek-partihandel\/","title":{"rendered":"Hojicha m\u00f6rkrostat pulver (grossist)"},"content":{"rendered":"\n<h1 class=\"wp-block-heading\">Hojicha m\u00f6rkrostat pulver (grossist)<\/h1>\n\n<p><strong>Hojicha Dark Roast<\/strong> <strong>pulver <\/strong>ger en djup, intensiv rostad smak, perfekt f\u00f6r dem som s\u00f6ker en mer robust och fyllig teupplevelse.<\/p>\n<div class=\"wp-block-image\">\n<figure class=\"aligncenter size-full is-resized\"><img fetchpriority=\"high\" decoding=\"async\" width=\"1000\" height=\"1000\" src=\"https:\/\/hojichawholesale.eu\/wp-content\/uploads\/2025\/01\/hojicha-dark-powder-both.webp\" alt=\"J&#xE4;mf&#xF6;relse av hojicha m&#xF6;rkt pulver och hojicha m&#xF6;rkt pulver uppl&#xF6;st\" class=\"wp-image-7396\" style=\"width:323px;height:auto\" srcset=\"https:\/\/hojichawholesale.eu\/wp-content\/uploads\/2025\/01\/hojicha-dark-powder-both.webp 1000w, https:\/\/hojichawholesale.eu\/wp-content\/uploads\/2025\/01\/hojicha-dark-powder-both-300x300.webp 300w, https:\/\/hojichawholesale.eu\/wp-content\/uploads\/2025\/01\/hojicha-dark-powder-both-150x150.webp 150w, https:\/\/hojichawholesale.eu\/wp-content\/uploads\/2025\/01\/hojicha-dark-powder-both-768x768.webp 768w, https:\/\/hojichawholesale.eu\/wp-content\/uploads\/2025\/01\/hojicha-dark-powder-both-600x600.webp 600w\" sizes=\"(max-width: 1000px) 100vw, 1000px\" \/><\/figure>\n<\/div>\n<hr class=\"wp-block-separator has-alpha-channel-opacity\"\/>\n\n<h2 class=\"wp-block-heading\">Produktens f\u00f6rdelar<\/h2>\n\n<ul class=\"wp-block-list\">\n<li><strong>Typ<\/strong>: Rostat gr\u00f6nt te (Hojicha)<\/li>\n\n\n\n<li><strong>Form<\/strong>: Pulver<\/li>\n\n\n\n<li><strong>Ursprung<\/strong>: Shizuoka, Japan<\/li>\n\n\n\n<li><strong>Rostningsniv\u00e5<\/strong>: M\u00f6rk<\/li>\n\n\n\n<li><strong>Sk\u00f6rdes\u00e4song<\/strong>: V\u00e5r \/ Sommar<\/li>\n\n\n\n<li><strong>Bearbetning<\/strong>: Djupt rostad (300 \u00b0 C) i porslin f\u00f6r att skapa en dj\u00e4rv, r\u00f6kig arom.<\/li>\n\n\n\n<li><strong>Smakprofil<\/strong>: R\u00f6kig, rik och l\u00e4tt s\u00f6t med en dj\u00e4rv karamellunderton.<\/li>\n\n\n\n<li><strong>Koffein<\/strong>: Mycket l\u00e5gt<\/li>\n\n\n\n<li><strong>F\u00f6rpackning<\/strong>: Finns i 1 kg-p\u00e5sar. Ompackning finns tillg\u00e4nglig p\u00e5 din beg\u00e4ran.   <\/li>\n<\/ul>\n\n<hr class=\"wp-block-separator has-alpha-channel-opacity\"\/>\n\n<h2 class=\"wp-block-heading\">F\u00f6rdelar med m\u00f6rkstekt hojicha<\/h2>\n\n<ul class=\"wp-block-list\">\n<li><strong>Rik smak<\/strong>: Den djupa rostningen tar fram intensiva, r\u00f6kiga toner som passar bra med desserter eller som ett frist\u00e5ende te.<\/li>\n\n\n\n<li><strong>L\u00e5gt koffein<\/strong>: Njut n\u00e4r som helst p\u00e5 dagen utan nervositet.<\/li>\n\n\n\n<li><strong>Varm och tr\u00f6stande<\/strong>: Den m\u00f6rka steken erbjuder en jordn\u00e4ra och lugnande upplevelse, perfekt f\u00f6r kallare m\u00e5nader.<\/li>\n<\/ul>\n\n<div class=\"wp-block-columns is-layout-flex wp-container-core-columns-is-layout-28f84493 wp-block-columns-is-layout-flex\">\n<div class=\"wp-block-column is-layout-flow wp-block-column-is-layout-flow\"><div class=\"wp-block-image\">\n<figure class=\"aligncenter size-full is-resized\"><img decoding=\"async\" width=\"1000\" height=\"1000\" src=\"https:\/\/hojichawholesale.eu\/wp-content\/uploads\/2025\/01\/hojicha-dark-powder.webp\" alt=\"Hojicha m&#xF6;rkrostat pulver\" class=\"wp-image-7420\" style=\"width:306px;height:auto\" srcset=\"https:\/\/hojichawholesale.eu\/wp-content\/uploads\/2025\/01\/hojicha-dark-powder.webp 1000w, https:\/\/hojichawholesale.eu\/wp-content\/uploads\/2025\/01\/hojicha-dark-powder-300x300.webp 300w, https:\/\/hojichawholesale.eu\/wp-content\/uploads\/2025\/01\/hojicha-dark-powder-150x150.webp 150w, https:\/\/hojichawholesale.eu\/wp-content\/uploads\/2025\/01\/hojicha-dark-powder-768x768.webp 768w, https:\/\/hojichawholesale.eu\/wp-content\/uploads\/2025\/01\/hojicha-dark-powder-600x600.webp 600w\" sizes=\"(max-width: 1000px) 100vw, 1000px\" \/><\/figure>\n<\/div><\/div>\n\n\n\n<div class=\"wp-block-column is-layout-flow wp-block-column-is-layout-flow\"><div class=\"wp-block-image\">\n<figure class=\"aligncenter size-large is-resized\"><img decoding=\"async\" width=\"1024\" height=\"1024\" src=\"https:\/\/hojichawholesale.eu\/wp-content\/uploads\/2025\/01\/hojicha-dark-powder-infused-1024x1024.webp\" alt=\"Hojicha m&#xF6;rkrostat pulver infunderat\" class=\"wp-image-7408\" style=\"width:302px;height:auto\" srcset=\"https:\/\/hojichawholesale.eu\/wp-content\/uploads\/2025\/01\/hojicha-dark-powder-infused-1024x1024.webp 1024w, https:\/\/hojichawholesale.eu\/wp-content\/uploads\/2025\/01\/hojicha-dark-powder-infused-300x300.webp 300w, https:\/\/hojichawholesale.eu\/wp-content\/uploads\/2025\/01\/hojicha-dark-powder-infused-150x150.webp 150w, https:\/\/hojichawholesale.eu\/wp-content\/uploads\/2025\/01\/hojicha-dark-powder-infused-768x768.webp 768w, https:\/\/hojichawholesale.eu\/wp-content\/uploads\/2025\/01\/hojicha-dark-powder-infused-1536x1536.webp 1536w, https:\/\/hojichawholesale.eu\/wp-content\/uploads\/2025\/01\/hojicha-dark-powder-infused-600x600.webp 600w, https:\/\/hojichawholesale.eu\/wp-content\/uploads\/2025\/01\/hojicha-dark-powder-infused.webp 2000w\" sizes=\"(max-width: 1024px) 100vw, 1024px\" \/><\/figure>\n<\/div><\/div>\n<\/div>\n\n<hr class=\"wp-block-separator has-alpha-channel-opacity\"\/>\n\n<h2 class=\"wp-block-heading\">Information om grossisthandel<\/h2>\n\n<ul class=\"wp-block-list\">\n<li><strong>Minsta best\u00e4llningskvantitet (MOQ):<\/strong> 5 p\u00e5sar p\u00e5 100 gram.<\/li>\n\n\n\n<li><strong>Bulkpriss\u00e4ttning<\/strong>: Kontakta oss nedan f\u00f6r specialpriser baserat p\u00e5 orderstorlek.<\/li>\n\n\n\n<li><strong>Utg\u00e5ngsdatum<\/strong>: Hojicha kan f\u00f6rvaras i upp till tv\u00e5 \u00e5r o\u00f6ppnad och f\u00f6rvaras vid 5\u00b0C \u2013 10\u00b0C.<\/li>\n\n\n\n<li><strong>Frakt<\/strong>: Vi skickar \u00f6verallt i Europa, fr\u00e5n Island till Istanbul, med flexibla fraktalternativ, inklusive expressleverans f\u00f6r br\u00e5dskande best\u00e4llningar.<\/li>\n<\/ul>\n\n<hr class=\"wp-block-separator has-alpha-channel-opacity\"\/>\n\n<h2 class=\"wp-block-heading\">Hur man brygger<\/h2>\n\n<ol class=\"wp-block-list\">\n<li><strong>Tem\u00e4ngd<\/strong>: 8 g te per 500 ml vatten<\/li>\n\n\n\n<li><strong>Vattentemperatur<\/strong>: 80\u00b0C  <\/li>\n\n\n\n<li><strong>Bl\u00f6tl\u00e4ggningstid<\/strong>: 2-3 minuter f\u00f6r en stark, rik brygd<\/li>\n<\/ol>\n\n<hr class=\"wp-block-separator has-alpha-channel-opacity\"\/>\n\n<h2 class=\"wp-block-heading\">Perfekt f\u00f6r<\/h2>\n\n<ul class=\"wp-block-list\">\n<li>Exklusiva tebutiker, kaf\u00e9er och restauranger som vill erbjuda ett f\u00f6rstklassigt m\u00f6rkrostat alternativ till sina kunder.  <\/li>\n\n\n\n<li>Kunder som s\u00f6ker ett dj\u00e4rvt alternativ till kaffe med l\u00e5g koffeinhalt.<\/li>\n\n\n\n<li>Skapa signaturteblandningar eller som ingrediens i kulinariska recept.<\/li>\n<\/ul>\n\n<h2 class=\"wp-block-heading\">Beg\u00e4r ett prov idag<\/h2>\n\n<p>\u00c4r du nyfiken p\u00e5 de rika, rostade smakerna i v\u00e5r premium hojicha?  <\/p>\n\n<p>Fyll bara i dina uppgifter nedan s\u00e5 skickar vi ett prov till dig. L\u00e5t oss veta om du har specifika \u00f6nskem\u00e5l s\u00e5 anpassar vi g\u00e4rna v\u00e5rt erbjudande s\u00e5 att det passar dina aff\u00e4rsbehov. <\/p>\n<div class=\"forminator-ui forminator-custom-form forminator-custom-form-1365 forminator-design--flat  forminator_ajax\" data-forminator-render=\"0\" data-form=\"forminator-module-1365\" data-uid=\"69de33f9f4172\"><br\/><\/div><form\n\t\t\t\tid=\"forminator-module-1365\"\n\t\t\t\tclass=\"forminator-ui forminator-custom-form forminator-custom-form-1365 forminator-design--flat  forminator_ajax\"\n\t\t\t\tmethod=\"post\"\n\t\t\t\tdata-forminator-render=\"0\"\n\t\t\t\tdata-form-id=\"1365\"\n\t\t\t\t data-color-option=\"default\" data-design=\"flat\" data-grid=\"open\" style=\"display: none;\"\n\t\t\t\tdata-uid=\"69de33f9f4172\"\n\t\t\t><div role=\"alert\" aria-live=\"polite\" class=\"forminator-response-message forminator-error\" aria-hidden=\"true\"><\/div><div class=\"forminator-row\"><div id=\"name-1\" class=\"forminator-field-name forminator-col forminator-col-6 \"><div class=\"forminator-field\"><input type=\"text\" name=\"name-1\" value=\"\" placeholder=\"First Name\" id=\"forminator-field-name-1_69de33f9f4172\" class=\"forminator-input forminator-name--field\" aria-required=\"true\" autocomplete=\"name\" \/><\/div><\/div><div id=\"name-2\" class=\"forminator-field-name forminator-col forminator-col-6 \"><div class=\"forminator-field\"><input type=\"text\" name=\"name-2\" value=\"\" placeholder=\"Last Name\" id=\"forminator-field-name-2_69de33f9f4172\" class=\"forminator-input forminator-name--field\" aria-required=\"true\" autocomplete=\"name\" \/><\/div><\/div><\/div><div class=\"forminator-row\"><div id=\"email-1\" class=\"forminator-field-email forminator-col forminator-col-12 \"><div class=\"forminator-field\"><input type=\"email\" name=\"email-1\" value=\"\" placeholder=\"Email\" id=\"forminator-field-email-1_69de33f9f4172\" class=\"forminator-input forminator-email--field\" data-required=\"true\" aria-required=\"true\" autocomplete=\"email\" \/><\/div><\/div><\/div><div class=\"forminator-row\"><div id=\"phone-1\" class=\"forminator-field-phone forminator-col forminator-col-12 \"><div class=\"forminator-field\"><input type=\"text\" name=\"phone-1\" value=\"\" placeholder=\"Phone\" id=\"forminator-field-phone-1_69de33f9f4172\" class=\"forminator-input forminator-field--phone\" data-required=\"\" aria-required=\"false\" autocomplete=\"off\" \/><\/div><\/div><\/div><div class=\"forminator-row\"><div id=\"textarea-1\" class=\"forminator-field-textarea forminator-col forminator-col-12 \"><div class=\"forminator-field\"><textarea name=\"textarea-1\" placeholder=\"Message\" id=\"forminator-field-textarea-1_69de33f9f4172\" class=\"forminator-textarea\" rows=\"6\" style=\"min-height:140px;\" ><\/textarea><span id=\"forminator-field-textarea-1_69de33f9f4172-description\" class=\"forminator-description\"><span data-limit=\"300\" data-type=\"words\" data-editor=\"\">0 \/ 300<\/span><\/span><\/div><\/div><\/div><div class=\"forminator-row\"><\/div><input type=\"hidden\" name=\"referer_url\" value=\"\" \/><div class=\"forminator-row forminator-row-last\"><div class=\"forminator-col\"><div class=\"forminator-field\"><button class=\"forminator-button forminator-button-submit\">Send<\/button><\/div><\/div><\/div><input type=\"hidden\" id=\"forminator_nonce\" name=\"forminator_nonce\" value=\"a647953a3f\" \/><input type=\"hidden\" name=\"_wp_http_referer\" value=\"\/sv\/wp-json\/wp\/v2\/pages\/6665\" \/><input type=\"hidden\" name=\"form_id\" value=\"1365\"><input type=\"hidden\" name=\"page_id\" value=\"6665\"><input type=\"hidden\" name=\"form_type\" value=\"default\"><input type=\"hidden\" name=\"current_url\" value=\"https:\/\/hojichawholesale.eu\/sv\/hojicha-mork-stek-partihandel\/\"><input type=\"hidden\" name=\"render_id\" value=\"0\"><input type=\"hidden\" name=\"action\" value=\"forminator_submit_form_custom-forms\"><label for=\"input_6\" class=\"forminator-hidden\" aria-hidden=\"true\">Please do not fill in this field. <input id=\"input_6\" type=\"text\" name=\"input_6\" value=\"\" autocomplete=\"off\"><\/label><\/form>\n","protected":false},"excerpt":{"rendered":"<p>Hojicha m\u00f6rkrostat pulver (grossist) Hojicha Dark Roast pulver ger en djup, intensiv rostad smak, perfekt f\u00f6r dem som s\u00f6ker en mer robust och fyllig teupplevelse. Produktens f\u00f6rdelar F\u00f6rdelar med m\u00f6rkstekt hojicha Information om grossisthandel Hur man brygger Perfekt f\u00f6r Beg\u00e4r ett prov idag \u00c4r du nyfiken p\u00e5 de rika, rostade smakerna i v\u00e5r premium hojicha? [&hellip;]<\/p>\n","protected":false},"author":1,"featured_media":7407,"parent":0,"menu_order":0,"comment_status":"closed","ping_status":"closed","template":"","meta":{"_surecart_dashboard_logo_width":"180px","_surecart_dashboard_show_logo":true,"_surecart_dashboard_navigation_orders":true,"_surecart_dashboard_navigation_invoices":true,"_surecart_dashboard_navigation_subscriptions":true,"_surecart_dashboard_navigation_downloads":true,"_surecart_dashboard_navigation_billing":true,"_surecart_dashboard_navigation_account":true,"footnotes":""},"class_list":["post-6665","page","type-page","status-publish","has-post-thumbnail","hentry","entry","has-media"],"mb":[],"mfb_rest_fields":["title","gutenberg_elementor_mode"],"_links":{"self":[{"href":"https:\/\/hojichawholesale.eu\/sv\/wp-json\/wp\/v2\/pages\/6665","targetHints":{"allow":["GET"]}}],"collection":[{"href":"https:\/\/hojichawholesale.eu\/sv\/wp-json\/wp\/v2\/pages"}],"about":[{"href":"https:\/\/hojichawholesale.eu\/sv\/wp-json\/wp\/v2\/types\/page"}],"author":[{"embeddable":true,"href":"https:\/\/hojichawholesale.eu\/sv\/wp-json\/wp\/v2\/users\/1"}],"replies":[{"embeddable":true,"href":"https:\/\/hojichawholesale.eu\/sv\/wp-json\/wp\/v2\/comments?post=6665"}],"version-history":[{"count":0,"href":"https:\/\/hojichawholesale.eu\/sv\/wp-json\/wp\/v2\/pages\/6665\/revisions"}],"wp:featuredmedia":[{"embeddable":true,"href":"https:\/\/hojichawholesale.eu\/sv\/wp-json\/wp\/v2\/media\/7407"}],"wp:attachment":[{"href":"https:\/\/hojichawholesale.eu\/sv\/wp-json\/wp\/v2\/media?parent=6665"}],"curies":[{"name":"wp","href":"https:\/\/api.w.org\/{rel}","templated":true}]}}