{"id":6656,"date":"2024-10-12T07:56:00","date_gmt":"2024-10-12T07:56:00","guid":{"rendered":"https:\/\/hojichawholesale.eu\/hojicha-for-kafeer\/"},"modified":"2024-10-13T19:35:49","modified_gmt":"2024-10-13T19:35:49","slug":"hojicha-for-kafeer","status":"publish","type":"page","link":"https:\/\/hojichawholesale.eu\/sv\/hojicha-for-kafeer\/","title":{"rendered":"Hojicha f\u00f6r kaf\u00e9er"},"content":{"rendered":"\n<h1 class=\"wp-block-heading\">Hojicha f\u00f6r kaf\u00e9er<\/h1>\n\n<p>Hojicha, ett rostat japanskt gr\u00f6nt te, \u00e4r det perfekta tillskottet till din dryckesmeny. Det ger inte bara en distinkt smak, utan det utnyttjar ocks\u00e5 den v\u00e4xande trenden med h\u00f6gkvalitativa, h\u00e4lsosamma och hantverksm\u00e4ssiga drycker. <\/p>\n\n<p>H\u00e4r \u00e4r varf\u00f6r att introducera hojicha till ditt caf\u00e9 hj\u00e4lper dig att sticka ut fr\u00e5n dina konkurrenter och tillgodose ett nytt kundsegment.  <\/p>\n\n<h2 class=\"wp-block-heading\">1. <strong>Unik smak<\/strong><\/h2>\n\n<p>Hojicha skiljer sig fr\u00e5n andra gr\u00f6na teer tack vare sin rostningsprocess, som ger den en djup, r\u00f6kig arom och en naturligt s\u00f6t, n\u00f6taktig smak.  <\/p>\n\n<p>Dess milda, rostade smak \u00e4r mindre sammandragande \u00e4n typiska gr\u00f6na teer, vilket g\u00f6r den tilltalande f\u00f6r en bredare publik, inklusive de som inte n\u00f6dv\u00e4ndigtvis gillar matcha. Dess h\u00e4lsosamma och varma smak passar perfekt med en m\u00e4ngd olika caf\u00e9r\u00e4tter som bakverk och sm\u00f6rg\u00e5sar. <\/p>\n\n<p>Det ser ocks\u00e5 j\u00e4kla bra ut!<\/p>\n<div class=\"wp-block-image\">\n<figure class=\"aligncenter size-full is-resized\"><img fetchpriority=\"high\" decoding=\"async\" width=\"1000\" height=\"667\" src=\"https:\/\/hojichawholesale.eu\/wp-content\/uploads\/2024\/10\/Depositphotos_505518166_S.avif\" alt=\"\" class=\"wp-image-5447\" style=\"width:464px;height:auto\" srcset=\"https:\/\/hojichawholesale.eu\/wp-content\/uploads\/2024\/10\/Depositphotos_505518166_S.avif 1000w, https:\/\/hojichawholesale.eu\/wp-content\/uploads\/2024\/10\/Depositphotos_505518166_S-300x200.avif 300w, https:\/\/hojichawholesale.eu\/wp-content\/uploads\/2024\/10\/Depositphotos_505518166_S-768x512.avif 768w\" sizes=\"(max-width: 1000px) 100vw, 1000px\" \/><figcaption class=\"wp-element-caption\"><a href=\"https:\/\/depositphotos.com\/photo\/glass-cup-tasty-dalgona-hojicha-latte-table-505518166.html\" data-type=\"link\" data-id=\"https:\/\/depositphotos.com\/photo\/glass-cup-tasty-dalgona-hojicha-latte-table-505518166.html\" target=\"_blank\" rel=\"noopener\">K\u00e4lla.<\/a><\/figcaption><\/figure>\n<\/div>\n<h2 class=\"wp-block-heading\">2. <strong>Alternativ med l\u00e5g koffeinhalt<\/strong><\/h2>\n\n<p>Till skillnad fr\u00e5n m\u00e5nga andra teer och kaffesorter \u00e4r hojicha l\u00e5g i koffein, vilket g\u00f6r det till ett utm\u00e4rkt val f\u00f6r alla n\u00e4r som helst p\u00e5 dygnet. Japanerna \u00e4ter den traditionellt p\u00e5 kv\u00e4llen efter en m\u00e5ltid, men den kan avnjutas n\u00e4r som helst p\u00e5 dagen.   <\/p>\n\n<p>Att erbjuda hojicha hj\u00e4lper dig att tillgodose en bredare publik, inklusive h\u00e4lsomedvetna individer, gravida kvinnor, familjer och de som letar efter ett avkopplande dryckesalternativ. Det \u00e4r verkligen universellt. <\/p>\n\n<h2 class=\"wp-block-heading\">3. <strong>M\u00e5ngsidiga menyapplikationer<\/strong><\/h2>\n\n<p>Hojicha kan serveras varm eller kall, infunderad (i blad) eller uppl\u00f6st (i pulver), i latte, islatte eller i mat som glass och bakverk med hojicha-smak. Detta g\u00f6r att du kan skapa s\u00e4songsbetonade specialerbjudanden och unika signaturdrycker som skiljer ditt caf\u00e9 fr\u00e5n konkurrenterna. <\/p>\n<div class=\"wp-block-image\">\n<figure class=\"aligncenter size-full is-resized\"><img decoding=\"async\" width=\"1000\" height=\"704\" src=\"https:\/\/hojichawholesale.eu\/wp-content\/uploads\/2024\/10\/Depositphotos_505676462_S.avif\" alt=\"\" class=\"wp-image-5452\" style=\"width:553px;height:auto\" srcset=\"https:\/\/hojichawholesale.eu\/wp-content\/uploads\/2024\/10\/Depositphotos_505676462_S.avif 1000w, https:\/\/hojichawholesale.eu\/wp-content\/uploads\/2024\/10\/Depositphotos_505676462_S-300x211.avif 300w, https:\/\/hojichawholesale.eu\/wp-content\/uploads\/2024\/10\/Depositphotos_505676462_S-768x541.avif 768w\" sizes=\"(max-width: 1000px) 100vw, 1000px\" \/><\/figure>\n<\/div>\n<h2 class=\"wp-block-heading\">4. <strong>Tilltalar h\u00e4lsomedvetna kunder<\/strong><\/h2>\n\n<p>Hojicha \u00e4r en h\u00e4lsosam, antioxidantrik dryck med m\u00e5nga h\u00e4lsof\u00f6rdelar. Det \u00e4r k\u00e4nt f\u00f6r att hj\u00e4lpa matsm\u00e4ltningen, minska stress och \u00f6ka v\u00e4lbefinnandet p\u00e5 grund av dess l\u00e4gre koffeinhalt och h\u00f6gre niv\u00e5er av L-teanin. L-teanin \u00e4r en antioxidant som fr\u00e4mjar avslappning utan d\u00e5sighet.    <\/p>\n\n<p>Detta g\u00f6r hojicha till ett perfekt komplement till din caf\u00e9meny, s\u00e4rskilt eftersom fler kunder s\u00f6ker h\u00e4lsosammare alternativ.<\/p>\n\n<h2 class=\"wp-block-heading\">5. <strong>Anpassar sig till den v\u00e4xande populariteten f\u00f6r japanskt te<\/strong><\/h2>\n\n<p>Japanska teer \u00f6kar i popularitet globalt, och hojicha \u00e4r inget undantag. Genom att erbjuda hojicha kan ditt kaf\u00e9 dra nytta av denna trend och locka teentusiaster som \u00e4r ivriga att prova \u00e4kta japanska teer av h\u00f6g kvalitet. Det ger en hantverksm\u00e4ssig, kulturell touch till din meny som tilltalar kunder som letar efter nya, internationella smaker.  <\/p>\n\n<figure class=\"wp-block-image size-large\"><img decoding=\"async\" width=\"1024\" height=\"544\" src=\"https:\/\/hojichawholesale.eu\/wp-content\/uploads\/2024\/10\/hojicha-trends-1024x544.avif\" alt=\"\" class=\"wp-image-5444\" srcset=\"https:\/\/hojichawholesale.eu\/wp-content\/uploads\/2024\/10\/hojicha-trends-1024x544.avif 1024w, https:\/\/hojichawholesale.eu\/wp-content\/uploads\/2024\/10\/hojicha-trends-300x159.avif 300w, https:\/\/hojichawholesale.eu\/wp-content\/uploads\/2024\/10\/hojicha-trends-768x408.avif 768w, https:\/\/hojichawholesale.eu\/wp-content\/uploads\/2024\/10\/hojicha-trends-1536x816.avif 1536w, https:\/\/hojichawholesale.eu\/wp-content\/uploads\/2024\/10\/hojicha-trends.avif 1892w\" sizes=\"(max-width: 1024px) 100vw, 1024px\" \/><\/figure>\n\n<figure class=\"wp-block-image size-large\"><img loading=\"lazy\" decoding=\"async\" width=\"1024\" height=\"412\" src=\"https:\/\/hojichawholesale.eu\/wp-content\/uploads\/2024\/10\/hojicha-trends-countries-1024x412.avif\" alt=\"\" class=\"wp-image-5459\" srcset=\"https:\/\/hojichawholesale.eu\/wp-content\/uploads\/2024\/10\/hojicha-trends-countries-1024x412.avif 1024w, https:\/\/hojichawholesale.eu\/wp-content\/uploads\/2024\/10\/hojicha-trends-countries-300x121.avif 300w, https:\/\/hojichawholesale.eu\/wp-content\/uploads\/2024\/10\/hojicha-trends-countries-768x309.avif 768w, https:\/\/hojichawholesale.eu\/wp-content\/uploads\/2024\/10\/hojicha-trends-countries-1536x618.avif 1536w, https:\/\/hojichawholesale.eu\/wp-content\/uploads\/2024\/10\/hojicha-trends-countries.avif 1873w\" sizes=\"(max-width: 1024px) 100vw, 1024px\" \/><\/figure>\n\n<h2 class=\"wp-block-heading\">6. <strong>Milj\u00f6v\u00e4nlig och h\u00e5llbar<\/strong><\/h2>\n\n<p>V\u00e5r hojicha kommer fr\u00e5n h\u00e5llbara teodlingar i Japan, d\u00e4r traditionella rostningstekniker g\u00e5r i arv genom generationer.  <\/p>\n\n<p>Att erbjuda hojicha visar ditt caf\u00e9s engagemang f\u00f6r milj\u00f6v\u00e4nliga metoder och h\u00e5llbarhet, vilket blir allt viktigare f\u00f6r konsumenterna. Du kan lyfta fram denna aspekt i din marknadsf\u00f6ring f\u00f6r att tilltala milj\u00f6medvetna kunder. <\/p>\n\n<h2 class=\"wp-block-heading\">7. <strong>\u00d6kar ditt caf\u00e9s estetik<\/strong><\/h2>\n\n<p>F\u00f6rutom sin goda smak erbjuder hojicha ocks\u00e5 estetiskt tilltalande.  <\/p>\n\n<p>Dess rika, b\u00e4rnstensbruna f\u00e4rg och minimalistiska presentation kan enkelt komplettera den visuella stilen p\u00e5 ditt caf\u00e9, oavsett om du serverar det i moderna glas eller traditionella japanska teserviser. Dess visuella tilltalande g\u00f6r den Instagram-v\u00e4rdig, vilket hj\u00e4lper till att skapa buzz och f\u00e5 in fler kunder via sociala medier. <\/p>\n<div class=\"wp-block-image\">\n<figure class=\"aligncenter size-full is-resized\"><img loading=\"lazy\" decoding=\"async\" width=\"1000\" height=\"668\" src=\"https:\/\/hojichawholesale.eu\/wp-content\/uploads\/2024\/10\/Depositphotos_466456178_S-1.avif\" alt=\"\" class=\"wp-image-5450\" style=\"width:504px;height:auto\" srcset=\"https:\/\/hojichawholesale.eu\/wp-content\/uploads\/2024\/10\/Depositphotos_466456178_S-1.avif 1000w, https:\/\/hojichawholesale.eu\/wp-content\/uploads\/2024\/10\/Depositphotos_466456178_S-1-300x200.avif 300w, https:\/\/hojichawholesale.eu\/wp-content\/uploads\/2024\/10\/Depositphotos_466456178_S-1-768x513.avif 768w\" sizes=\"(max-width: 1000px) 100vw, 1000px\" \/><figcaption class=\"wp-element-caption\">Hojicha t\u00e5rta.  <\/figcaption><\/figure>\n<\/div>\n<h2 class=\"wp-block-heading\">8. <strong>L\u00e4tt att integrera<\/strong><\/h2>\n\n<p>Att inf\u00f6rliva hojicha i din caf\u00e9meny \u00e4r enkelt.  <\/p>\n\n<p>Den kr\u00e4ver minimal f\u00f6rberedelse och kan g\u00f6ras med vanlig kaf\u00e9utrustning, oavsett om du brygger en traditionell kopp te eller tillverkar en hojicha latte.  <\/p>\n\n<p>Vi erbjuder grossistalternativ som \u00e4r skr\u00e4ddarsydda f\u00f6r kaf\u00e9ernas behov, vilket s\u00e4kerst\u00e4ller att du har hojicha av h\u00f6g kvalitet som \u00e4r l\u00e4tt att lagra och anv\u00e4nda i olika recept.<\/p>\n\n<h2 class=\"wp-block-heading\">9. L\u00e4tt att marknadsf\u00f6ra<\/h2>\n\n<p>Produktens karakt\u00e4r ger dig ett brett spektrum av vinklar att anv\u00e4nda i din marknadsf\u00f6ring, fr\u00e5n en fin japansk dryck till en h\u00e4lsofr\u00e4mjande dryck.<\/p>\n\n<p>Dess l\u00e5ga produktionskostnad ger dig full kontroll \u00f6ver dina vinstmarginaler.<\/p>\n\n<p>Genom att erbjuda hojicha l\u00e4gger du inte bara till ytterligare en dryck till din meny \u2013 du ger dina kunder en unik upplevelse.  <\/p>\n\n<p>Det \u00e4r ett te som tilltalar b\u00e5de den h\u00e4lsomedvetna publiken och de som letar efter n\u00e5got nytt.<\/p>\n\n<h2 class=\"wp-block-heading\">Beg\u00e4r ett prov<\/h2>\n\n<p>\u00c4r du nyfiken p\u00e5 de rika, rostade smakerna i v\u00e5r premium hojicha?  <\/p>\n\n<p>Fyll bara i dina uppgifter nedan s\u00e5 skickar vi ett prov till dig. L\u00e5t oss veta om du har specifika \u00f6nskem\u00e5l s\u00e5 anpassar vi g\u00e4rna v\u00e5rt erbjudande s\u00e5 att det passar dina aff\u00e4rsbehov. <\/p>\n<div class=\"forminator-ui forminator-custom-form forminator-custom-form-1365 forminator-design--flat  forminator_ajax\" data-forminator-render=\"0\" data-form=\"forminator-module-1365\" data-uid=\"69d451c821867\"><br\/><\/div><form\n\t\t\t\tid=\"forminator-module-1365\"\n\t\t\t\tclass=\"forminator-ui forminator-custom-form forminator-custom-form-1365 forminator-design--flat  forminator_ajax\"\n\t\t\t\tmethod=\"post\"\n\t\t\t\tdata-forminator-render=\"0\"\n\t\t\t\tdata-form-id=\"1365\"\n\t\t\t\t data-color-option=\"default\" data-design=\"flat\" data-grid=\"open\" style=\"display: none;\"\n\t\t\t\tdata-uid=\"69d451c821867\"\n\t\t\t><div role=\"alert\" aria-live=\"polite\" class=\"forminator-response-message forminator-error\" aria-hidden=\"true\"><\/div><div class=\"forminator-row\"><div id=\"name-1\" class=\"forminator-field-name forminator-col forminator-col-6 \"><div class=\"forminator-field\"><input type=\"text\" name=\"name-1\" value=\"\" placeholder=\"First Name\" id=\"forminator-field-name-1_69d451c821867\" class=\"forminator-input forminator-name--field\" aria-required=\"true\" autocomplete=\"name\" \/><\/div><\/div><div id=\"name-2\" class=\"forminator-field-name forminator-col forminator-col-6 \"><div class=\"forminator-field\"><input type=\"text\" name=\"name-2\" value=\"\" placeholder=\"Last Name\" id=\"forminator-field-name-2_69d451c821867\" class=\"forminator-input forminator-name--field\" aria-required=\"true\" autocomplete=\"name\" \/><\/div><\/div><\/div><div class=\"forminator-row\"><div id=\"email-1\" class=\"forminator-field-email forminator-col forminator-col-12 \"><div class=\"forminator-field\"><input type=\"email\" name=\"email-1\" value=\"\" placeholder=\"Email\" id=\"forminator-field-email-1_69d451c821867\" class=\"forminator-input forminator-email--field\" data-required=\"true\" aria-required=\"true\" autocomplete=\"email\" \/><\/div><\/div><\/div><div class=\"forminator-row\"><div id=\"phone-1\" class=\"forminator-field-phone forminator-col forminator-col-12 \"><div class=\"forminator-field\"><input type=\"text\" name=\"phone-1\" value=\"\" placeholder=\"Phone\" id=\"forminator-field-phone-1_69d451c821867\" class=\"forminator-input forminator-field--phone\" data-required=\"\" aria-required=\"false\" autocomplete=\"off\" \/><\/div><\/div><\/div><div class=\"forminator-row\"><div id=\"textarea-1\" class=\"forminator-field-textarea forminator-col forminator-col-12 \"><div class=\"forminator-field\"><textarea name=\"textarea-1\" placeholder=\"Message\" id=\"forminator-field-textarea-1_69d451c821867\" class=\"forminator-textarea\" rows=\"6\" style=\"min-height:140px;\" ><\/textarea><span id=\"forminator-field-textarea-1_69d451c821867-description\" class=\"forminator-description\"><span data-limit=\"300\" data-type=\"words\" data-editor=\"\">0 \/ 300<\/span><\/span><\/div><\/div><\/div><div class=\"forminator-row\"><\/div><input type=\"hidden\" name=\"referer_url\" value=\"\" \/><div class=\"forminator-row forminator-row-last\"><div class=\"forminator-col\"><div class=\"forminator-field\"><button class=\"forminator-button forminator-button-submit\">Send<\/button><\/div><\/div><\/div><input type=\"hidden\" id=\"forminator_nonce\" name=\"forminator_nonce\" value=\"0b51ba8eba\" \/><input type=\"hidden\" name=\"_wp_http_referer\" value=\"\/sv\/wp-json\/wp\/v2\/pages\/6656\" \/><input type=\"hidden\" name=\"form_id\" value=\"1365\"><input type=\"hidden\" name=\"page_id\" value=\"6656\"><input type=\"hidden\" name=\"form_type\" value=\"default\"><input type=\"hidden\" name=\"current_url\" value=\"https:\/\/hojichawholesale.eu\/sv\/hojicha-for-kafeer\/\"><input type=\"hidden\" name=\"render_id\" value=\"0\"><input type=\"hidden\" name=\"action\" value=\"forminator_submit_form_custom-forms\"><label for=\"input_6\" class=\"forminator-hidden\" aria-hidden=\"true\">Please do not fill in this field. <input id=\"input_6\" type=\"text\" name=\"input_6\" value=\"\" autocomplete=\"off\"><\/label><\/form>\n\n<p><\/p>\n","protected":false},"excerpt":{"rendered":"<p>Hojicha f\u00f6r kaf\u00e9er Hojicha, ett rostat japanskt gr\u00f6nt te, \u00e4r det perfekta tillskottet till din dryckesmeny. Det ger inte bara en distinkt smak, utan det utnyttjar ocks\u00e5 den v\u00e4xande trenden med h\u00f6gkvalitativa, h\u00e4lsosamma och hantverksm\u00e4ssiga drycker. H\u00e4r \u00e4r varf\u00f6r att introducera hojicha till ditt caf\u00e9 hj\u00e4lper dig att sticka ut fr\u00e5n dina konkurrenter och tillgodose [&hellip;]<\/p>\n","protected":false},"author":1,"featured_media":6662,"parent":0,"menu_order":0,"comment_status":"closed","ping_status":"closed","template":"","meta":{"_surecart_dashboard_logo_width":"180px","_surecart_dashboard_show_logo":true,"_surecart_dashboard_navigation_orders":true,"_surecart_dashboard_navigation_invoices":true,"_surecart_dashboard_navigation_subscriptions":true,"_surecart_dashboard_navigation_downloads":true,"_surecart_dashboard_navigation_billing":true,"_surecart_dashboard_navigation_account":true,"footnotes":""},"class_list":["post-6656","page","type-page","status-publish","has-post-thumbnail","hentry","entry","has-media"],"mb":[],"mfb_rest_fields":["title","gutenberg_elementor_mode"],"_links":{"self":[{"href":"https:\/\/hojichawholesale.eu\/sv\/wp-json\/wp\/v2\/pages\/6656","targetHints":{"allow":["GET"]}}],"collection":[{"href":"https:\/\/hojichawholesale.eu\/sv\/wp-json\/wp\/v2\/pages"}],"about":[{"href":"https:\/\/hojichawholesale.eu\/sv\/wp-json\/wp\/v2\/types\/page"}],"author":[{"embeddable":true,"href":"https:\/\/hojichawholesale.eu\/sv\/wp-json\/wp\/v2\/users\/1"}],"replies":[{"embeddable":true,"href":"https:\/\/hojichawholesale.eu\/sv\/wp-json\/wp\/v2\/comments?post=6656"}],"version-history":[{"count":0,"href":"https:\/\/hojichawholesale.eu\/sv\/wp-json\/wp\/v2\/pages\/6656\/revisions"}],"wp:featuredmedia":[{"embeddable":true,"href":"https:\/\/hojichawholesale.eu\/sv\/wp-json\/wp\/v2\/media\/6662"}],"wp:attachment":[{"href":"https:\/\/hojichawholesale.eu\/sv\/wp-json\/wp\/v2\/media?parent=6656"}],"curies":[{"name":"wp","href":"https:\/\/api.w.org\/{rel}","templated":true}]}}