{"id":6654,"date":"2024-08-24T19:47:32","date_gmt":"2024-08-24T19:47:32","guid":{"rendered":"https:\/\/hojichawholesale.eu\/om-hojicha-wholesale\/"},"modified":"2026-03-06T16:47:19","modified_gmt":"2026-03-06T16:47:19","slug":"om-hojicha-wholesale","status":"publish","type":"page","link":"https:\/\/hojichawholesale.eu\/sv\/om-hojicha-wholesale\/","title":{"rendered":"Om Hojicha Wholesale"},"content":{"rendered":"\n<h1 class=\"wp-block-heading\">Om Hojicha Wholesale<\/h1>\n\n<p>Hojicha Wholesale \u00e4r en europeisk grossist som \u00e4r dedikerad till japansk hojicha.<\/p>\n\n<p>V\u00e5rt uppdrag \u00e4r att erbjuda premium hojicha-te till varum\u00e4rken och f\u00f6retag inom HARECA-branschen. Vi importerar grossistvolymer av premium-hojicha fr\u00e5n v\u00e5ra p\u00e5litliga leverant\u00f6rer i Japan och distribuerar dem \u00f6ver hela den europeiska kontinenten till restauranger, hotell, kaf\u00e9er och oberoende tebutiker. <\/p>\n\n<p>Vi erbjuder dig tre garantier:<\/p>\n\n<ol class=\"wp-block-list\">\n<li><strong>L\u00e5g MOQ:<\/strong> oavsett om du \u00e4r ett etablerat f\u00f6retag som beh\u00f6ver hundratals p\u00e5sar eller ett litet oberoende kaf\u00e9 som precis har b\u00f6rjat, anpassar sig Hojicha Wholesale till dina behov med samma servicekvalitet i f\u00f6retagsklass.  <\/li>\n\n\n\n<li><strong>Lyh\u00f6rdhet och service<\/strong>: vi skickar snabbt och erbjuder ett brett utbud av fraktmetoder.  <\/li>\n\n\n\n<li><strong>V\u00e4nlig kundsupport: <\/strong>vi \u00e4r tillg\u00e4ngliga 365 dagar om \u00e5ret.  <\/li>\n<\/ol>\n\n<h2 class=\"wp-block-heading\"><strong>V\u00e5ra produkter<\/strong><\/h2>\n\n<p>Vi erbjuder ett noggrant utvalt urval av hojicha-sorter, var och en h\u00e4mtad direkt fr\u00e5n de finaste teodlarna.  <\/p>\n\n<p>Hitta v\u00e5ra produkter direkt i v\u00e5r <a href=\"https:\/\/hojichawholesale.eu\/sv\/handla-surecart\/\" data-type=\"link\" data-id=\"https:\/\/hojichawholesale.eu\/shop\/\">katalog<\/a>.<\/p>\n\n<h2 class=\"wp-block-heading\"><strong>Varf\u00f6r v\u00e4lja oss?<\/strong><\/h2>\n\n<ul class=\"wp-block-list\">\n<li><strong>Kvalitet f\u00f6rst:<\/strong> Vi levererar hojicha av h\u00f6gsta kvalitet. Varje sats testas noggrant f\u00f6r att s\u00e4kerst\u00e4lla konsistens och smak. <\/li>\n\n\n\n<li><strong>Direkt ink\u00f6p:<\/strong> Vi har ett n\u00e4ra samarbete med v\u00e5ra leverant\u00f6rer f\u00f6r att ge dig hojicha som \u00e5terspeglar den autentiska smaken av Japan.<\/li>\n\n\n\n<li><strong>Skr\u00e4ddarsydda l\u00f6sningar:<\/strong> Oavsett om du driver ett litet caf\u00e9 eller en stor hotellkedja erbjuder vi skr\u00e4ddarsydda l\u00f6sningar f\u00f6r att m\u00f6ta dina specifika behov.  <\/li>\n\n\n\n<li><strong>P\u00e5litlig distribution:<\/strong> Vi \u00e4r idealiskt positionerade f\u00f6r att betj\u00e4na kunder \u00f6ver hela den europeiska kontinenten. V\u00e5r logistik s\u00e4kerst\u00e4ller snabba leveranser, s\u00e5 att du aldrig f\u00e5r slut p\u00e5 lager. <\/li>\n<\/ul>\n\n<h2 class=\"wp-block-heading\">Var \u00e4r vi baserade?<\/h2>\n\n<p>Vi \u00e4r baserade i Belgien.<\/p>\n\n<h2 class=\"wp-block-heading\">Vad \u00e4r din historia?<\/h2>\n\n<p>Hojicha Wholesale b\u00f6rjade n\u00e4r Aure, grundaren, k\u00e4mpade f\u00f6r att hitta en p\u00e5litlig leverant\u00f6r av hojicha till sin tebutik <a href=\"https:\/\/senchatea.be\/\" target=\"_blank\" rel=\"noopener\">senchatea.be<\/a>.<\/p>\n\n<p>Hojicha \u00e4r en av de viktigaste trenderna inom den japanska teindustrin. Vi vill g\u00f6ra detta fantastiska och m\u00e5ngsidiga te snabbt tillg\u00e4ngligt f\u00f6r kaf\u00e9er, hotell, restauranger och tebutiker \u00f6ver hela Europa utan att de beh\u00f6ver best\u00e4lla stora m\u00e4ngder.   <\/p>\n\n<h2 class=\"wp-block-heading\">Beg\u00e4r ett prov<\/h2>\n\n<p>\u00c4r du nyfiken p\u00e5 de rika, rostade smakerna i v\u00e5r premium hojicha?  <\/p>\n\n<p>Fyll bara i dina uppgifter nedan s\u00e5 skickar vi ett prov till dig. L\u00e5t oss veta om du har specifika \u00f6nskem\u00e5l s\u00e5 anpassar vi g\u00e4rna v\u00e5rt erbjudande s\u00e5 att det passar dina aff\u00e4rsbehov. <\/p>\n<div class=\"forminator-ui forminator-custom-form forminator-custom-form-1365 forminator-design--flat  forminator_ajax\" data-forminator-render=\"0\" data-form=\"forminator-module-1365\" data-uid=\"69d3944335ba3\"><br\/><\/div><form\n\t\t\t\tid=\"forminator-module-1365\"\n\t\t\t\tclass=\"forminator-ui forminator-custom-form forminator-custom-form-1365 forminator-design--flat  forminator_ajax\"\n\t\t\t\tmethod=\"post\"\n\t\t\t\tdata-forminator-render=\"0\"\n\t\t\t\tdata-form-id=\"1365\"\n\t\t\t\t data-color-option=\"default\" data-design=\"flat\" data-grid=\"open\" style=\"display: none;\"\n\t\t\t\tdata-uid=\"69d3944335ba3\"\n\t\t\t><div role=\"alert\" aria-live=\"polite\" class=\"forminator-response-message forminator-error\" aria-hidden=\"true\"><\/div><div class=\"forminator-row\"><div id=\"name-1\" class=\"forminator-field-name forminator-col forminator-col-6 \"><div class=\"forminator-field\"><input type=\"text\" name=\"name-1\" value=\"\" placeholder=\"First Name\" id=\"forminator-field-name-1_69d3944335ba3\" class=\"forminator-input forminator-name--field\" aria-required=\"true\" autocomplete=\"name\" \/><\/div><\/div><div id=\"name-2\" class=\"forminator-field-name forminator-col forminator-col-6 \"><div class=\"forminator-field\"><input type=\"text\" name=\"name-2\" value=\"\" placeholder=\"Last Name\" id=\"forminator-field-name-2_69d3944335ba3\" class=\"forminator-input forminator-name--field\" aria-required=\"true\" autocomplete=\"name\" \/><\/div><\/div><\/div><div class=\"forminator-row\"><div id=\"email-1\" class=\"forminator-field-email forminator-col forminator-col-12 \"><div class=\"forminator-field\"><input type=\"email\" name=\"email-1\" value=\"\" placeholder=\"Email\" id=\"forminator-field-email-1_69d3944335ba3\" class=\"forminator-input forminator-email--field\" data-required=\"true\" aria-required=\"true\" autocomplete=\"email\" \/><\/div><\/div><\/div><div class=\"forminator-row\"><div id=\"phone-1\" class=\"forminator-field-phone forminator-col forminator-col-12 \"><div class=\"forminator-field\"><input type=\"text\" name=\"phone-1\" value=\"\" placeholder=\"Phone\" id=\"forminator-field-phone-1_69d3944335ba3\" class=\"forminator-input forminator-field--phone\" data-required=\"\" aria-required=\"false\" autocomplete=\"off\" \/><\/div><\/div><\/div><div class=\"forminator-row\"><div id=\"textarea-1\" class=\"forminator-field-textarea forminator-col forminator-col-12 \"><div class=\"forminator-field\"><textarea name=\"textarea-1\" placeholder=\"Message\" id=\"forminator-field-textarea-1_69d3944335ba3\" class=\"forminator-textarea\" rows=\"6\" style=\"min-height:140px;\" ><\/textarea><span id=\"forminator-field-textarea-1_69d3944335ba3-description\" class=\"forminator-description\"><span data-limit=\"300\" data-type=\"words\" data-editor=\"\">0 \/ 300<\/span><\/span><\/div><\/div><\/div><div class=\"forminator-row\"><\/div><input type=\"hidden\" name=\"referer_url\" value=\"\" \/><div class=\"forminator-row forminator-row-last\"><div class=\"forminator-col\"><div class=\"forminator-field\"><button class=\"forminator-button forminator-button-submit\">Send<\/button><\/div><\/div><\/div><input type=\"hidden\" id=\"forminator_nonce\" name=\"forminator_nonce\" value=\"a706b3830b\" \/><input type=\"hidden\" name=\"_wp_http_referer\" value=\"\/sv\/wp-json\/wp\/v2\/pages\/6654\" \/><input type=\"hidden\" name=\"form_id\" value=\"1365\"><input type=\"hidden\" name=\"page_id\" value=\"6654\"><input type=\"hidden\" name=\"form_type\" value=\"default\"><input type=\"hidden\" name=\"current_url\" value=\"https:\/\/hojichawholesale.eu\/sv\/om-hojicha-wholesale\/\"><input type=\"hidden\" name=\"render_id\" value=\"0\"><input type=\"hidden\" name=\"action\" value=\"forminator_submit_form_custom-forms\"><label for=\"input_6\" class=\"forminator-hidden\" aria-hidden=\"true\">Please do not fill in this field. <input id=\"input_6\" type=\"text\" name=\"input_6\" value=\"\" autocomplete=\"off\"><\/label><\/form>\n\n<p><\/p>\n","protected":false},"excerpt":{"rendered":"<p>Om Hojicha Wholesale Hojicha Wholesale \u00e4r en europeisk grossist som \u00e4r dedikerad till japansk hojicha. V\u00e5rt uppdrag \u00e4r att erbjuda premium hojicha-te till varum\u00e4rken och f\u00f6retag inom HARECA-branschen. Vi importerar grossistvolymer av premium-hojicha fr\u00e5n v\u00e5ra p\u00e5litliga leverant\u00f6rer i Japan och distribuerar dem \u00f6ver hela den europeiska kontinenten till restauranger, hotell, kaf\u00e9er och oberoende tebutiker. Vi [&hellip;]<\/p>\n","protected":false},"author":1,"featured_media":0,"parent":0,"menu_order":0,"comment_status":"closed","ping_status":"closed","template":"","meta":{"_surecart_dashboard_logo_width":"180px","_surecart_dashboard_show_logo":true,"_surecart_dashboard_navigation_orders":true,"_surecart_dashboard_navigation_invoices":true,"_surecart_dashboard_navigation_subscriptions":true,"_surecart_dashboard_navigation_downloads":true,"_surecart_dashboard_navigation_billing":true,"_surecart_dashboard_navigation_account":true,"footnotes":""},"class_list":["post-6654","page","type-page","status-publish","hentry","entry"],"mb":[],"mfb_rest_fields":["title","gutenberg_elementor_mode"],"_links":{"self":[{"href":"https:\/\/hojichawholesale.eu\/sv\/wp-json\/wp\/v2\/pages\/6654","targetHints":{"allow":["GET"]}}],"collection":[{"href":"https:\/\/hojichawholesale.eu\/sv\/wp-json\/wp\/v2\/pages"}],"about":[{"href":"https:\/\/hojichawholesale.eu\/sv\/wp-json\/wp\/v2\/types\/page"}],"author":[{"embeddable":true,"href":"https:\/\/hojichawholesale.eu\/sv\/wp-json\/wp\/v2\/users\/1"}],"replies":[{"embeddable":true,"href":"https:\/\/hojichawholesale.eu\/sv\/wp-json\/wp\/v2\/comments?post=6654"}],"version-history":[{"count":0,"href":"https:\/\/hojichawholesale.eu\/sv\/wp-json\/wp\/v2\/pages\/6654\/revisions"}],"wp:attachment":[{"href":"https:\/\/hojichawholesale.eu\/sv\/wp-json\/wp\/v2\/media?parent=6654"}],"curies":[{"name":"wp","href":"https:\/\/api.w.org\/{rel}","templated":true}]}}