{"id":8522,"date":"2024-12-11T21:40:39","date_gmt":"2024-12-11T21:40:39","guid":{"rendered":"https:\/\/hojichawholesale.eu\/bela-etiketa-hojicha\/"},"modified":"2025-10-29T08:35:02","modified_gmt":"2025-10-29T08:35:02","slug":"bela-etiketa-hojicha","status":"publish","type":"page","link":"https:\/\/hojichawholesale.eu\/sl\/bela-etiketa-hojicha\/","title":{"rendered":"Bela etiketa Hojicha"},"content":{"rendered":"\n<h1 class=\"wp-block-heading\">Bela etiketa Hojicha<\/h1>\n\n<p>Bi radi ustvarili lastno blagovno znamko hojicha?<\/p>\n\n<p>Olaj\u0161ali smo vam ponudbo vrhunskih hojicha, ki jih neposredno nabavljate od na\u0161ih partnerjev na Japonskem pod va\u0161o lastno blagovno znamko.<\/p>\n<div class=\"wp-block-image\">\n<figure class=\"aligncenter size-full is-resized\"><img fetchpriority=\"high\" decoding=\"async\" width=\"1000\" height=\"1000\" src=\"https:\/\/hojichawholesale.eu\/wp-content\/uploads\/2025\/10\/white-label.webp\" alt=\"\" class=\"wp-image-9158\" style=\"width:379px;height:auto\" srcset=\"https:\/\/hojichawholesale.eu\/wp-content\/uploads\/2025\/10\/white-label.webp 1000w, https:\/\/hojichawholesale.eu\/wp-content\/uploads\/2025\/10\/white-label-300x300.webp 300w, https:\/\/hojichawholesale.eu\/wp-content\/uploads\/2025\/10\/white-label-150x150.webp 150w, https:\/\/hojichawholesale.eu\/wp-content\/uploads\/2025\/10\/white-label-768x768.webp 768w, https:\/\/hojichawholesale.eu\/wp-content\/uploads\/2025\/10\/white-label-600x600.webp 600w\" sizes=\"(max-width: 1000px) 100vw, 1000px\" \/><\/figure>\n<\/div>\n<h2 class=\"wp-block-heading\"><strong>Zakaj White Label Your Hojicha?<\/strong><\/h2>\n\n<ul class=\"wp-block-list\">\n<li><strong>Vrhunska kakovost:<\/strong> Na\u0161a hojicha je strokovno pridobljena iz izbranih \u010dajnih polj na Japonskem. Listi so ne\u017eno pra\u017eeni, da dose\u017eemo gladek, ore\u0161\u010dek in rahlo sladek okus, ki je hkrati pomirjujo\u010d in kompleksen. <\/li>\n\n\n\n<li><strong>Tovarni\u0161ko zaprto in izprano z du\u0161ikom:<\/strong> Vsaka vre\u010dka je pakirana na Japonskem, da ohrani sve\u017eino, aromo in okus. Izpiranje z du\u0161ikom zagotavlja, da va\u0161 izdelek prispe z optimalnim okusom, zaprte vre\u010dke pa \u0161\u010ditijo \u010daj pred vlago in svetlobo. <\/li>\n\n\n\n<li><strong>Brez blagovne znamke, pripravljeni za va\u0161o oznako:<\/strong> Vsako vre\u010dko dostavimo brez kakr\u0161ne koli blagovne znamke, kar vam daje prazno platno. Preprosto pritrdite svojo etiketo ali embala\u017ene elemente in za\u010dnite tr\u017eiti \u010daj pod svojim imenom. <\/li>\n<\/ul>\n\n<h2 class=\"wp-block-heading\"><strong>Postopek bele oznake: korak za korakom<\/strong><\/h2>\n\n<ol class=\"wp-block-list\">\n<li><strong>Izberite koli\u010dino:<\/strong> Izbirate lahko med na\u0161imi prilagodljivimi mo\u017enostmi naro\u010danja. Ne glede na to, ali \u0161ele za\u010denjate ali se \u0161irite, imamo velikost v razsutem stanju, ki ustreza va\u0161im potrebam. <\/li>\n\n\n\n<li><strong>Izberite embala\u017eo:<\/strong> Doypacki ali plo\u010devinke, prazne ali tiskane, ozna\u010dene ali neozna\u010dene, imamo vrsto prilagodljivih mo\u017enosti, ki zagotavljajo, da se po\u010dutite dobro glede svoje blagovne znamke in izdelka.<\/li>\n\n\n\n<li><strong>Za\u010dnite prodajati:<\/strong> Z va\u0161o blagovno znamko ste pripravljeni, da svojim strankam predstavite vrhunsko hojicha zasebne blagovne znamke, zaradi \u010desar bo edinstveno va\u0161a.<\/li>\n<\/ol>\n\n<h2 class=\"wp-block-heading\"><strong>Zakaj sodelovati z Hojicha Wholesale?<\/strong><\/h2>\n\n<ul class=\"wp-block-list\">\n<li><strong>Strokovni viri:<\/strong> Zgradili smo mo\u010dna partnerstva z izku\u0161enimi pridelovalci in proizvajalci \u010daja na Japonskem, kar zagotavlja dosledno kakovost in dobavo.<\/li>\n\n\n\n<li><strong>Enostavna integracija:<\/strong> Na\u0161e re\u0161itve z belo oznako so zasnovane z mislijo na preprostost. Brez zapletenih procesov &#8211; samo dodajte elemente svoje blagovne znamke in za\u010dnite prodajati. <\/li>\n\n\n\n<li><strong>Namenska podpora:<\/strong> Na\u0161a ekipa za pomo\u010d strankam vam pomaga na vsakem koraku, od za\u010detnih poizvedb o naro\u010dilu do poprodajne podpore.<\/li>\n<\/ul>\n\n<h2 class=\"wp-block-heading\"><strong>Ste pripravljeni za\u010deti?<\/strong><\/h2>\n\n<p>Kontaktirajte nas \u0161e danes, \u010de \u017eelite zahtevati ponudbo, izvedeti ve\u010d o na\u0161ih cenovnih stopnjah in za\u010deti postopek bele oznake. Z veseljem vam bomo pomagali za\u010deti! <\/p>\n<div class=\"forminator-ui forminator-custom-form forminator-custom-form-1365 forminator-design--flat  forminator_ajax\" data-forminator-render=\"0\" data-form=\"forminator-module-1365\" data-uid=\"69d44262f2e14\"><br\/><\/div><form\n\t\t\t\tid=\"forminator-module-1365\"\n\t\t\t\tclass=\"forminator-ui forminator-custom-form forminator-custom-form-1365 forminator-design--flat  forminator_ajax\"\n\t\t\t\tmethod=\"post\"\n\t\t\t\tdata-forminator-render=\"0\"\n\t\t\t\tdata-form-id=\"1365\"\n\t\t\t\t data-color-option=\"default\" data-design=\"flat\" data-grid=\"open\" style=\"display: none;\"\n\t\t\t\tdata-uid=\"69d44262f2e14\"\n\t\t\t><div role=\"alert\" aria-live=\"polite\" class=\"forminator-response-message forminator-error\" aria-hidden=\"true\"><\/div><div class=\"forminator-row\"><div id=\"name-1\" class=\"forminator-field-name forminator-col forminator-col-6 \"><div class=\"forminator-field\"><input type=\"text\" name=\"name-1\" value=\"\" placeholder=\"First Name\" id=\"forminator-field-name-1_69d44262f2e14\" class=\"forminator-input forminator-name--field\" aria-required=\"true\" autocomplete=\"name\" \/><\/div><\/div><div id=\"name-2\" class=\"forminator-field-name forminator-col forminator-col-6 \"><div class=\"forminator-field\"><input type=\"text\" name=\"name-2\" value=\"\" placeholder=\"Last Name\" id=\"forminator-field-name-2_69d44262f2e14\" class=\"forminator-input forminator-name--field\" aria-required=\"true\" autocomplete=\"name\" \/><\/div><\/div><\/div><div class=\"forminator-row\"><div id=\"email-1\" class=\"forminator-field-email forminator-col forminator-col-12 \"><div class=\"forminator-field\"><input type=\"email\" name=\"email-1\" value=\"\" placeholder=\"Email\" id=\"forminator-field-email-1_69d44262f2e14\" class=\"forminator-input forminator-email--field\" data-required=\"true\" aria-required=\"true\" autocomplete=\"email\" \/><\/div><\/div><\/div><div class=\"forminator-row\"><div id=\"phone-1\" class=\"forminator-field-phone forminator-col forminator-col-12 \"><div class=\"forminator-field\"><input type=\"text\" name=\"phone-1\" value=\"\" placeholder=\"Phone\" id=\"forminator-field-phone-1_69d44262f2e14\" class=\"forminator-input forminator-field--phone\" data-required=\"\" aria-required=\"false\" autocomplete=\"off\" \/><\/div><\/div><\/div><div class=\"forminator-row\"><div id=\"textarea-1\" class=\"forminator-field-textarea forminator-col forminator-col-12 \"><div class=\"forminator-field\"><textarea name=\"textarea-1\" placeholder=\"Message\" id=\"forminator-field-textarea-1_69d44262f2e14\" class=\"forminator-textarea\" rows=\"6\" style=\"min-height:140px;\" ><\/textarea><span id=\"forminator-field-textarea-1_69d44262f2e14-description\" class=\"forminator-description\"><span data-limit=\"300\" data-type=\"words\" data-editor=\"\">0 \/ 300<\/span><\/span><\/div><\/div><\/div><div class=\"forminator-row\"><\/div><input type=\"hidden\" name=\"referer_url\" value=\"\" \/><div class=\"forminator-row forminator-row-last\"><div class=\"forminator-col\"><div class=\"forminator-field\"><button class=\"forminator-button forminator-button-submit\">Send<\/button><\/div><\/div><\/div><input type=\"hidden\" id=\"forminator_nonce\" name=\"forminator_nonce\" value=\"8ad7e0b691\" \/><input type=\"hidden\" name=\"_wp_http_referer\" value=\"\/sl\/wp-json\/wp\/v2\/pages\/8522\" \/><input type=\"hidden\" name=\"form_id\" value=\"1365\"><input type=\"hidden\" name=\"page_id\" value=\"8522\"><input type=\"hidden\" name=\"form_type\" value=\"default\"><input type=\"hidden\" name=\"current_url\" value=\"https:\/\/hojichawholesale.eu\/sl\/bela-etiketa-hojicha\/\"><input type=\"hidden\" name=\"render_id\" value=\"0\"><input type=\"hidden\" name=\"action\" value=\"forminator_submit_form_custom-forms\"><label for=\"input_6\" class=\"forminator-hidden\" aria-hidden=\"true\">Please do not fill in this field. <input id=\"input_6\" type=\"text\" name=\"input_6\" value=\"\" autocomplete=\"off\"><\/label><\/form>\n","protected":false},"excerpt":{"rendered":"<p>Bela etiketa Hojicha Bi radi ustvarili lastno blagovno znamko hojicha? Olaj\u0161ali smo vam ponudbo vrhunskih hojicha, ki jih neposredno nabavljate od na\u0161ih partnerjev na Japonskem pod va\u0161o lastno blagovno znamko. Zakaj White Label Your Hojicha? Postopek bele oznake: korak za korakom Zakaj sodelovati z Hojicha Wholesale? Ste pripravljeni za\u010deti? Kontaktirajte nas \u0161e danes, \u010de \u017eelite [&hellip;]<\/p>\n","protected":false},"author":1,"featured_media":8524,"parent":0,"menu_order":0,"comment_status":"closed","ping_status":"closed","template":"","meta":{"_surecart_dashboard_logo_width":"180px","_surecart_dashboard_show_logo":true,"_surecart_dashboard_navigation_orders":true,"_surecart_dashboard_navigation_invoices":true,"_surecart_dashboard_navigation_subscriptions":true,"_surecart_dashboard_navigation_downloads":true,"_surecart_dashboard_navigation_billing":true,"_surecart_dashboard_navigation_account":true,"footnotes":""},"class_list":["post-8522","page","type-page","status-publish","has-post-thumbnail","hentry","entry","has-media"],"mb":[],"mfb_rest_fields":["title","gutenberg_elementor_mode"],"_links":{"self":[{"href":"https:\/\/hojichawholesale.eu\/sl\/wp-json\/wp\/v2\/pages\/8522","targetHints":{"allow":["GET"]}}],"collection":[{"href":"https:\/\/hojichawholesale.eu\/sl\/wp-json\/wp\/v2\/pages"}],"about":[{"href":"https:\/\/hojichawholesale.eu\/sl\/wp-json\/wp\/v2\/types\/page"}],"author":[{"embeddable":true,"href":"https:\/\/hojichawholesale.eu\/sl\/wp-json\/wp\/v2\/users\/1"}],"replies":[{"embeddable":true,"href":"https:\/\/hojichawholesale.eu\/sl\/wp-json\/wp\/v2\/comments?post=8522"}],"version-history":[{"count":0,"href":"https:\/\/hojichawholesale.eu\/sl\/wp-json\/wp\/v2\/pages\/8522\/revisions"}],"wp:featuredmedia":[{"embeddable":true,"href":"https:\/\/hojichawholesale.eu\/sl\/wp-json\/wp\/v2\/media\/8524"}],"wp:attachment":[{"href":"https:\/\/hojichawholesale.eu\/sl\/wp-json\/wp\/v2\/media?parent=8522"}],"curies":[{"name":"wp","href":"https:\/\/api.w.org\/{rel}","templated":true}]}}