{"id":8437,"date":"2024-10-12T14:14:16","date_gmt":"2024-10-12T14:14:16","guid":{"rendered":"https:\/\/hojichawholesale.eu\/hojicha-temno-prazen-prah-veleprodaja\/"},"modified":"2025-12-10T19:00:28","modified_gmt":"2025-12-10T19:00:28","slug":"hojicha-temno-prazen-prah-veleprodaja","status":"publish","type":"page","link":"https:\/\/hojichawholesale.eu\/sl\/hojicha-temno-prazen-prah-veleprodaja\/","title":{"rendered":"Hojicha temno pra\u017een prah (veleprodaja)"},"content":{"rendered":"\n<h1 class=\"wp-block-heading\">Hojicha temno pra\u017een prah (veleprodaja)<\/h1>\n\n<p><strong>Hojicha Dark Roast<\/strong> <strong>v prahu <\/strong>zagotavlja globok, intenziven pra\u017een okus, kot nala\u0161\u010d za tiste, ki i\u0161\u010dejo bolj robustno in polno \u010dajno izku\u0161njo.<\/p>\n<div class=\"wp-block-image\">\n<figure class=\"aligncenter size-full is-resized\"><img fetchpriority=\"high\" decoding=\"async\" width=\"1000\" height=\"1000\" src=\"https:\/\/hojichawholesale.eu\/wp-content\/uploads\/2025\/01\/hojicha-dark-powder-both.webp\" alt=\"Primerjava hojicha temnega prahu in hojicha temnega prahu, raztopljenega\" class=\"wp-image-7396\" style=\"width:323px;height:auto\" srcset=\"https:\/\/hojichawholesale.eu\/wp-content\/uploads\/2025\/01\/hojicha-dark-powder-both.webp 1000w, https:\/\/hojichawholesale.eu\/wp-content\/uploads\/2025\/01\/hojicha-dark-powder-both-300x300.webp 300w, https:\/\/hojichawholesale.eu\/wp-content\/uploads\/2025\/01\/hojicha-dark-powder-both-150x150.webp 150w, https:\/\/hojichawholesale.eu\/wp-content\/uploads\/2025\/01\/hojicha-dark-powder-both-768x768.webp 768w, https:\/\/hojichawholesale.eu\/wp-content\/uploads\/2025\/01\/hojicha-dark-powder-both-600x600.webp 600w\" sizes=\"(max-width: 1000px) 100vw, 1000px\" \/><\/figure>\n<\/div>\n<hr class=\"wp-block-separator has-alpha-channel-opacity\"\/>\n\n<h2 class=\"wp-block-heading\">Poudarki izdelka<\/h2>\n\n<ul class=\"wp-block-list\">\n<li><strong>Vrsta<\/strong>: Pra\u017een zeleni \u010daj (Hojicha)<\/li>\n\n\n\n<li><strong>Oblika<\/strong>: Pra\u0161ek<\/li>\n\n\n\n<li><strong>Izvor<\/strong>: Shizuoka, Japonska<\/li>\n\n\n\n<li><strong>Stopnja pra\u017eenja<\/strong>: Temna<\/li>\n\n\n\n<li><strong>Sezona \u017eetve<\/strong>: pomlad\/poletje<\/li>\n\n\n\n<li><strong>Obdelava<\/strong>: Globoko pra\u017eeno (300 \u00b0C) v porcelanu, da ustvari drzno, dimljeno aromo.<\/li>\n\n\n\n<li><strong>Profil okusa<\/strong>: Dimljen, bogat in rahlo sladek z drznim karamelnim podtonom.<\/li>\n\n\n\n<li><strong>Kofein:<\/strong> Zelo nizka<\/li>\n\n\n\n<li><strong>Embala\u017ea<\/strong>: Na voljo v vre\u010dah po 1 kg. Prepakiranje je na voljo na va\u0161o \u017eeljo.   <\/li>\n<\/ul>\n\n<hr class=\"wp-block-separator has-alpha-channel-opacity\"\/>\n\n<h2 class=\"wp-block-heading\">Prednosti temno pe\u010dene Hojicha<\/h2>\n\n<ul class=\"wp-block-list\">\n<li><strong>Bogat okus<\/strong>: Globoko pra\u017eenje prina\u0161a intenzivne, dimljene note, ki se dobro ujemajo s sladicami ali kot samostojni \u010daj.<\/li>\n\n\n\n<li><strong>Nizka vsebnost kofeina<\/strong>: U\u017eivajte kadarkoli v dnevu brez treme.<\/li>\n\n\n\n<li><strong>Toplo in pomirjujo\u010de<\/strong>: Temna pe\u010denka ponuja ozemljitev in pomirjujo\u010do izku\u0161njo, kot nala\u0161\u010d za hladnej\u0161e mesece.<\/li>\n<\/ul>\n\n<div class=\"wp-block-columns is-layout-flex wp-container-core-columns-is-layout-28f84493 wp-block-columns-is-layout-flex\">\n<div class=\"wp-block-column is-layout-flow wp-block-column-is-layout-flow\"><div class=\"wp-block-image\">\n<figure class=\"aligncenter size-full is-resized\"><img decoding=\"async\" width=\"1000\" height=\"1000\" src=\"https:\/\/hojichawholesale.eu\/wp-content\/uploads\/2025\/01\/hojicha-dark-powder.webp\" alt=\"Hojicha temno pra&#x17E;en prah\" class=\"wp-image-7420\" style=\"width:306px;height:auto\" srcset=\"https:\/\/hojichawholesale.eu\/wp-content\/uploads\/2025\/01\/hojicha-dark-powder.webp 1000w, https:\/\/hojichawholesale.eu\/wp-content\/uploads\/2025\/01\/hojicha-dark-powder-300x300.webp 300w, https:\/\/hojichawholesale.eu\/wp-content\/uploads\/2025\/01\/hojicha-dark-powder-150x150.webp 150w, https:\/\/hojichawholesale.eu\/wp-content\/uploads\/2025\/01\/hojicha-dark-powder-768x768.webp 768w, https:\/\/hojichawholesale.eu\/wp-content\/uploads\/2025\/01\/hojicha-dark-powder-600x600.webp 600w\" sizes=\"(max-width: 1000px) 100vw, 1000px\" \/><\/figure>\n<\/div><\/div>\n\n\n\n<div class=\"wp-block-column is-layout-flow wp-block-column-is-layout-flow\"><div class=\"wp-block-image\">\n<figure class=\"aligncenter size-large is-resized\"><img decoding=\"async\" width=\"1024\" height=\"1024\" src=\"https:\/\/hojichawholesale.eu\/wp-content\/uploads\/2025\/01\/hojicha-dark-powder-infused-1024x1024.webp\" alt=\"Hojicha temno pra&#x17E;en prah infundiran\" class=\"wp-image-7408\" style=\"width:302px;height:auto\" srcset=\"https:\/\/hojichawholesale.eu\/wp-content\/uploads\/2025\/01\/hojicha-dark-powder-infused-1024x1024.webp 1024w, https:\/\/hojichawholesale.eu\/wp-content\/uploads\/2025\/01\/hojicha-dark-powder-infused-300x300.webp 300w, https:\/\/hojichawholesale.eu\/wp-content\/uploads\/2025\/01\/hojicha-dark-powder-infused-150x150.webp 150w, https:\/\/hojichawholesale.eu\/wp-content\/uploads\/2025\/01\/hojicha-dark-powder-infused-768x768.webp 768w, https:\/\/hojichawholesale.eu\/wp-content\/uploads\/2025\/01\/hojicha-dark-powder-infused-1536x1536.webp 1536w, https:\/\/hojichawholesale.eu\/wp-content\/uploads\/2025\/01\/hojicha-dark-powder-infused-600x600.webp 600w, https:\/\/hojichawholesale.eu\/wp-content\/uploads\/2025\/01\/hojicha-dark-powder-infused.webp 2000w\" sizes=\"(max-width: 1024px) 100vw, 1024px\" \/><\/figure>\n<\/div><\/div>\n<\/div>\n\n<hr class=\"wp-block-separator has-alpha-channel-opacity\"\/>\n\n<h2 class=\"wp-block-heading\">Veleprodajne informacije<\/h2>\n\n<ul class=\"wp-block-list\">\n<li><strong>Minimalna koli\u010dina naro\u010dila (MOQ):<\/strong> 5 vre\u010dk po 100 gramov.<\/li>\n\n\n\n<li><strong>Cene v velikem obsegu<\/strong>: Kontaktirajte nas spodaj za posebne cene glede na velikost naro\u010dila.<\/li>\n\n\n\n<li><strong>Rok uporabnosti<\/strong>: Hojicha se lahko hrani do dve leti neodprta in shranjuje pri 5 \u00b0C \u2013 10 \u00b0C.<\/li>\n\n\n\n<li><strong>Po\u0161iljanje<\/strong>: po\u0161iljamo povsod po Evropi, od Islandije do Istanbula, s prilagodljivimi mo\u017enostmi po\u0161iljanja, vklju\u010dno s hitro dostavo za nujna naro\u010dila.<\/li>\n<\/ul>\n\n<hr class=\"wp-block-separator has-alpha-channel-opacity\"\/>\n\n<h2 class=\"wp-block-heading\">Kako kuhati<\/h2>\n\n<ol class=\"wp-block-list\">\n<li><strong>Koli\u010dina \u010daja<\/strong>: 8 g \u010daja na 500 ml vode<\/li>\n\n\n\n<li><strong>Temperatura vode<\/strong>: 80\u00b0C  <\/li>\n\n\n\n<li><strong>\u010cas namakanja<\/strong>: 2-3 minute za mo\u010dno, bogato pivo<\/li>\n<\/ol>\n\n<hr class=\"wp-block-separator has-alpha-channel-opacity\"\/>\n\n<h2 class=\"wp-block-heading\">Kot nala\u0161\u010d za<\/h2>\n\n<ul class=\"wp-block-list\">\n<li>Vrhunske \u010dajnice, kavarne in restavracije, ki \u017eelijo svojim strankam ponuditi vrhunsko mo\u017enost temnega pra\u017eenja.  <\/li>\n\n\n\n<li>Kupci, ki i\u0161\u010dejo drzno alternativo kavi z nizko vsebnostjo kofeina.<\/li>\n\n\n\n<li>Ustvarjanje zna\u010dilnih \u010dajnih me\u0161anic ali kot sestavina v kulinari\u010dnih receptih.<\/li>\n<\/ul>\n\n<h2 class=\"wp-block-heading\">Zahtevajte vzorec danes<\/h2>\n\n<p>Vas zanimajo bogati, pra\u017eeni okusi na\u0161e vrhunske hojiche?  <\/p>\n\n<p>Samo izpolnite svoje podatke spodaj in poslali vam bomo vzorec. Sporo\u010dite nam, \u010de imate posebne zahteve, in z veseljem bomo prilagodili na\u0161o ponudbo va\u0161im poslovnim potrebam. <\/p>\n<div class=\"forminator-ui forminator-custom-form forminator-custom-form-1365 forminator-design--flat  forminator_ajax\" data-forminator-render=\"0\" data-form=\"forminator-module-1365\" data-uid=\"69de3373c8921\"><br\/><\/div><form\n\t\t\t\tid=\"forminator-module-1365\"\n\t\t\t\tclass=\"forminator-ui forminator-custom-form forminator-custom-form-1365 forminator-design--flat  forminator_ajax\"\n\t\t\t\tmethod=\"post\"\n\t\t\t\tdata-forminator-render=\"0\"\n\t\t\t\tdata-form-id=\"1365\"\n\t\t\t\t data-color-option=\"default\" data-design=\"flat\" data-grid=\"open\" style=\"display: none;\"\n\t\t\t\tdata-uid=\"69de3373c8921\"\n\t\t\t><div role=\"alert\" aria-live=\"polite\" class=\"forminator-response-message forminator-error\" aria-hidden=\"true\"><\/div><div class=\"forminator-row\"><div id=\"name-1\" class=\"forminator-field-name forminator-col forminator-col-6 \"><div class=\"forminator-field\"><input type=\"text\" name=\"name-1\" value=\"\" placeholder=\"First Name\" id=\"forminator-field-name-1_69de3373c8921\" class=\"forminator-input forminator-name--field\" aria-required=\"true\" autocomplete=\"name\" \/><\/div><\/div><div id=\"name-2\" class=\"forminator-field-name forminator-col forminator-col-6 \"><div class=\"forminator-field\"><input type=\"text\" name=\"name-2\" value=\"\" placeholder=\"Last Name\" id=\"forminator-field-name-2_69de3373c8921\" class=\"forminator-input forminator-name--field\" aria-required=\"true\" autocomplete=\"name\" \/><\/div><\/div><\/div><div class=\"forminator-row\"><div id=\"email-1\" class=\"forminator-field-email forminator-col forminator-col-12 \"><div class=\"forminator-field\"><input type=\"email\" name=\"email-1\" value=\"\" placeholder=\"Email\" id=\"forminator-field-email-1_69de3373c8921\" class=\"forminator-input forminator-email--field\" data-required=\"true\" aria-required=\"true\" autocomplete=\"email\" \/><\/div><\/div><\/div><div class=\"forminator-row\"><div id=\"phone-1\" class=\"forminator-field-phone forminator-col forminator-col-12 \"><div class=\"forminator-field\"><input type=\"text\" name=\"phone-1\" value=\"\" placeholder=\"Phone\" id=\"forminator-field-phone-1_69de3373c8921\" class=\"forminator-input forminator-field--phone\" data-required=\"\" aria-required=\"false\" autocomplete=\"off\" \/><\/div><\/div><\/div><div class=\"forminator-row\"><div id=\"textarea-1\" class=\"forminator-field-textarea forminator-col forminator-col-12 \"><div class=\"forminator-field\"><textarea name=\"textarea-1\" placeholder=\"Message\" id=\"forminator-field-textarea-1_69de3373c8921\" class=\"forminator-textarea\" rows=\"6\" style=\"min-height:140px;\" ><\/textarea><span id=\"forminator-field-textarea-1_69de3373c8921-description\" class=\"forminator-description\"><span data-limit=\"300\" data-type=\"words\" data-editor=\"\">0 \/ 300<\/span><\/span><\/div><\/div><\/div><div class=\"forminator-row\"><\/div><input type=\"hidden\" name=\"referer_url\" value=\"\" \/><div class=\"forminator-row forminator-row-last\"><div class=\"forminator-col\"><div class=\"forminator-field\"><button class=\"forminator-button forminator-button-submit\">Send<\/button><\/div><\/div><\/div><input type=\"hidden\" id=\"forminator_nonce\" name=\"forminator_nonce\" value=\"a647953a3f\" \/><input type=\"hidden\" name=\"_wp_http_referer\" value=\"\/sl\/wp-json\/wp\/v2\/pages\/8437\" \/><input type=\"hidden\" name=\"form_id\" value=\"1365\"><input type=\"hidden\" name=\"page_id\" value=\"8437\"><input type=\"hidden\" name=\"form_type\" value=\"default\"><input type=\"hidden\" name=\"current_url\" value=\"https:\/\/hojichawholesale.eu\/sl\/hojicha-temno-prazen-prah-veleprodaja\/\"><input type=\"hidden\" name=\"render_id\" value=\"0\"><input type=\"hidden\" name=\"action\" value=\"forminator_submit_form_custom-forms\"><label for=\"input_6\" class=\"forminator-hidden\" aria-hidden=\"true\">Please do not fill in this field. <input id=\"input_6\" type=\"text\" name=\"input_6\" value=\"\" autocomplete=\"off\"><\/label><\/form>\n","protected":false},"excerpt":{"rendered":"<p>Hojicha temno pra\u017een prah (veleprodaja) Hojicha Dark Roast v prahu zagotavlja globok, intenziven pra\u017een okus, kot nala\u0161\u010d za tiste, ki i\u0161\u010dejo bolj robustno in polno \u010dajno izku\u0161njo. Poudarki izdelka Prednosti temno pe\u010dene Hojicha Veleprodajne informacije Kako kuhati Kot nala\u0161\u010d za Zahtevajte vzorec danes Vas zanimajo bogati, pra\u017eeni okusi na\u0161e vrhunske hojiche? Samo izpolnite svoje podatke [&hellip;]<\/p>\n","protected":false},"author":1,"featured_media":8442,"parent":0,"menu_order":0,"comment_status":"closed","ping_status":"closed","template":"","meta":{"_surecart_dashboard_logo_width":"180px","_surecart_dashboard_show_logo":true,"_surecart_dashboard_navigation_orders":true,"_surecart_dashboard_navigation_invoices":true,"_surecart_dashboard_navigation_subscriptions":true,"_surecart_dashboard_navigation_downloads":true,"_surecart_dashboard_navigation_billing":true,"_surecart_dashboard_navigation_account":true,"footnotes":""},"class_list":["post-8437","page","type-page","status-publish","has-post-thumbnail","hentry","entry","has-media"],"mb":[],"mfb_rest_fields":["title","gutenberg_elementor_mode"],"_links":{"self":[{"href":"https:\/\/hojichawholesale.eu\/sl\/wp-json\/wp\/v2\/pages\/8437","targetHints":{"allow":["GET"]}}],"collection":[{"href":"https:\/\/hojichawholesale.eu\/sl\/wp-json\/wp\/v2\/pages"}],"about":[{"href":"https:\/\/hojichawholesale.eu\/sl\/wp-json\/wp\/v2\/types\/page"}],"author":[{"embeddable":true,"href":"https:\/\/hojichawholesale.eu\/sl\/wp-json\/wp\/v2\/users\/1"}],"replies":[{"embeddable":true,"href":"https:\/\/hojichawholesale.eu\/sl\/wp-json\/wp\/v2\/comments?post=8437"}],"version-history":[{"count":0,"href":"https:\/\/hojichawholesale.eu\/sl\/wp-json\/wp\/v2\/pages\/8437\/revisions"}],"wp:featuredmedia":[{"embeddable":true,"href":"https:\/\/hojichawholesale.eu\/sl\/wp-json\/wp\/v2\/media\/8442"}],"wp:attachment":[{"href":"https:\/\/hojichawholesale.eu\/sl\/wp-json\/wp\/v2\/media?parent=8437"}],"curies":[{"name":"wp","href":"https:\/\/api.w.org\/{rel}","templated":true}]}}