{"id":8427,"date":"2024-10-12T14:03:31","date_gmt":"2024-10-12T14:03:31","guid":{"rendered":"https:\/\/hojichawholesale.eu\/hojicha-srednje-prazen-prah-veleprodaja\/"},"modified":"2025-12-10T19:00:21","modified_gmt":"2025-12-10T19:00:21","slug":"hojicha-srednje-prazen-prah-veleprodaja","status":"publish","type":"page","link":"https:\/\/hojichawholesale.eu\/sl\/hojicha-srednje-prazen-prah-veleprodaja\/","title":{"rendered":"Hojicha srednje pra\u017een prah (veleprodaja)"},"content":{"rendered":"\n<h1 class=\"wp-block-heading\">Hojicha srednje pe\u010dena (na debelo)<\/h1>\n\n<p><strong>Hojicha Medium Roast<\/strong> <strong>Powder <\/strong>ponuja edinstven, bogat in zemeljski okus, ki je kot nala\u0161\u010d za ljubitelje \u010daja, ki cenijo ravnovesje med robustnimi pra\u017eenimi notami in naravno sladkostjo zelenega \u010daja.<\/p>\n<div class=\"wp-block-image\">\n<figure class=\"aligncenter size-full is-resized\"><img fetchpriority=\"high\" decoding=\"async\" width=\"1000\" height=\"1000\" src=\"https:\/\/hojichawholesale.eu\/wp-content\/uploads\/2025\/01\/hojicha-medium-powder-both.webp\" alt=\"\" class=\"wp-image-7484\" style=\"width:282px;height:auto\" srcset=\"https:\/\/hojichawholesale.eu\/wp-content\/uploads\/2025\/01\/hojicha-medium-powder-both.webp 1000w, https:\/\/hojichawholesale.eu\/wp-content\/uploads\/2025\/01\/hojicha-medium-powder-both-300x300.webp 300w, https:\/\/hojichawholesale.eu\/wp-content\/uploads\/2025\/01\/hojicha-medium-powder-both-150x150.webp 150w, https:\/\/hojichawholesale.eu\/wp-content\/uploads\/2025\/01\/hojicha-medium-powder-both-768x768.webp 768w, https:\/\/hojichawholesale.eu\/wp-content\/uploads\/2025\/01\/hojicha-medium-powder-both-600x600.webp 600w\" sizes=\"(max-width: 1000px) 100vw, 1000px\" \/><\/figure>\n<\/div>\n<h2 class=\"wp-block-heading\">Poudarki izdelka<\/h2>\n\n<ul class=\"wp-block-list\">\n<li><strong>Vrsta<\/strong>: Pra\u017een zeleni \u010daj (hojicha)<\/li>\n\n\n\n<li><strong>Izvor<\/strong>: Shizuoka, Japonska<\/li>\n\n\n\n<li><strong>Oblika<\/strong>: Pra\u0161ek<\/li>\n\n\n\n<li><strong>Stopnja pra\u017eenja<\/strong>: Srednja<\/li>\n\n\n\n<li><strong>Sezona \u017eetve<\/strong>: pomlad\/poletje<\/li>\n\n\n\n<li><strong>Obdelava<\/strong>: Pra\u017eeno v porcelanu nad 220 \u00b0C<\/li>\n\n\n\n<li><strong>Profil okusa<\/strong>: ore\u0161\u010dki, rahlo sladki, gladki s pridihom karamele<\/li>\n\n\n\n<li><strong>Kofein:<\/strong> nizka<\/li>\n\n\n\n<li><strong>Embala\u017ea<\/strong>: Na voljo v vre\u010dah po 1 kg. Prepakiranje je na voljo na va\u0161o \u017eeljo.   <\/li>\n<\/ul>\n\n<hr class=\"wp-block-separator has-alpha-channel-opacity\"\/>\n\n<h2 class=\"wp-block-heading\">Prednosti srednje pe\u010dene Hojicha<\/h2>\n\n<ul class=\"wp-block-list\">\n<li><strong>Bogata z antioksidanti:<\/strong> \u0161\u010diti pred prostimi radikali<\/li>\n\n\n\n<li><strong>Nizka vsebnost kofeina<\/strong>: Idealno za celodnevno u\u017eivanje, vklju\u010dno z ve\u010deri<\/li>\n\n\n\n<li><strong>Pomirjujo\u010de in spro\u0161\u010dujo\u010de<\/strong>: Ne\u017een postopek pra\u017eenja zmanj\u0161a grenkobo in izbolj\u0161a gladek, pomirjujo\u010d okus.<\/li>\n\n\n\n<li><strong>V trendu<\/strong>: V jugovzhodni Aziji za\u010denja vzbujati zanimanje v Evropi.<\/li>\n<\/ul>\n\n<div class=\"wp-block-columns is-layout-flex wp-container-core-columns-is-layout-28f84493 wp-block-columns-is-layout-flex\">\n<div class=\"wp-block-column is-layout-flow wp-block-column-is-layout-flow\"><div class=\"wp-block-image\">\n<figure class=\"aligncenter size-full is-resized\"><img decoding=\"async\" width=\"1000\" height=\"1000\" src=\"https:\/\/hojichawholesale.eu\/wp-content\/uploads\/2025\/01\/hojicha-medium-powder.webp\" alt=\"Hojicha srednje pra&#x17E;en prah\" class=\"wp-image-7472\" style=\"width:297px;height:auto\" srcset=\"https:\/\/hojichawholesale.eu\/wp-content\/uploads\/2025\/01\/hojicha-medium-powder.webp 1000w, https:\/\/hojichawholesale.eu\/wp-content\/uploads\/2025\/01\/hojicha-medium-powder-300x300.webp 300w, https:\/\/hojichawholesale.eu\/wp-content\/uploads\/2025\/01\/hojicha-medium-powder-150x150.webp 150w, https:\/\/hojichawholesale.eu\/wp-content\/uploads\/2025\/01\/hojicha-medium-powder-768x768.webp 768w, https:\/\/hojichawholesale.eu\/wp-content\/uploads\/2025\/01\/hojicha-medium-powder-600x600.webp 600w\" sizes=\"(max-width: 1000px) 100vw, 1000px\" \/><\/figure>\n<\/div><\/div>\n\n\n\n<div class=\"wp-block-column is-layout-flow wp-block-column-is-layout-flow\"><div class=\"wp-block-image\">\n<figure class=\"aligncenter size-large is-resized\"><img decoding=\"async\" width=\"1024\" height=\"1024\" src=\"https:\/\/hojichawholesale.eu\/wp-content\/uploads\/2025\/01\/hojicha-medium-powder-infused-1024x1024.webp\" alt=\"Hojicha srednje pra&#x17E;en prah infundiran\" class=\"wp-image-7496\" style=\"width:295px;height:auto\" srcset=\"https:\/\/hojichawholesale.eu\/wp-content\/uploads\/2025\/01\/hojicha-medium-powder-infused-1024x1024.webp 1024w, https:\/\/hojichawholesale.eu\/wp-content\/uploads\/2025\/01\/hojicha-medium-powder-infused-300x300.webp 300w, https:\/\/hojichawholesale.eu\/wp-content\/uploads\/2025\/01\/hojicha-medium-powder-infused-150x150.webp 150w, https:\/\/hojichawholesale.eu\/wp-content\/uploads\/2025\/01\/hojicha-medium-powder-infused-768x768.webp 768w, https:\/\/hojichawholesale.eu\/wp-content\/uploads\/2025\/01\/hojicha-medium-powder-infused-1536x1536.webp 1536w, https:\/\/hojichawholesale.eu\/wp-content\/uploads\/2025\/01\/hojicha-medium-powder-infused-600x600.webp 600w, https:\/\/hojichawholesale.eu\/wp-content\/uploads\/2025\/01\/hojicha-medium-powder-infused.webp 2000w\" sizes=\"(max-width: 1024px) 100vw, 1024px\" \/><\/figure>\n<\/div><\/div>\n<\/div>\n\n<hr class=\"wp-block-separator has-alpha-channel-opacity\"\/>\n\n<h2 class=\"wp-block-heading\">Veleprodajne informacije<\/h2>\n\n<ul class=\"wp-block-list\">\n<li><strong>Minimalna koli\u010dina naro\u010dila (MOQ):<\/strong> 500 gramov (5 * 100 gramov).<\/li>\n\n\n\n<li><strong>Cene v velikem obsegu<\/strong>: Kontaktirajte nas spodaj za ponudbo po meri na podlagi obsega naro\u010dila.<\/li>\n\n\n\n<li><strong>Shranjevanje<\/strong>: Hranite na hladnem in suhem mestu.<\/li>\n\n\n\n<li><strong>Rok uporabnosti<\/strong>: Hojicha se lahko hrani do dve leti neodprta in shranjuje pri 5 \u00b0C &#8211; 10 \u00b0C.<\/li>\n\n\n\n<li><strong>Po\u0161iljanje<\/strong>: Po\u0161iljamo na evropsko celino s prilagodljivimi mo\u017enostmi po\u0161iljanja, vklju\u010dno s hitro dostavo za nujna naro\u010dila.<\/li>\n<\/ul>\n\n<hr class=\"wp-block-separator has-alpha-channel-opacity\"\/>\n\n<h2 class=\"wp-block-heading\">Kako kuhati<\/h2>\n\n<ol class=\"wp-block-list\">\n<li><strong>Koli\u010dina \u010daja<\/strong>: 8 g \u010daja na 500 ml vode<\/li>\n\n\n\n<li><strong>Temperatura vode<\/strong>: 70-80 \u00b0C  <\/li>\n\n\n\n<li><strong>\u010cas namakanja<\/strong>: 2-3 minute za popolno skodelico<\/li>\n<\/ol>\n\n<hr class=\"wp-block-separator has-alpha-channel-opacity\"\/>\n\n<h2 class=\"wp-block-heading\">Idealno za<\/h2>\n\n<ul class=\"wp-block-list\">\n<li>\u010cajnice, kavarne in restavracije, ki \u017eelijo ponuditi vrhunsko izku\u0161njo hojicha latte.  <\/li>\n\n\n\n<li>Zdravstveno ozave\u0161\u010deni potro\u0161niki, ki imajo raje alternativo z nizko vsebnostjo kofeina.<\/li>\n\n\n\n<li>Me\u0161a se z drugimi \u010daji in ustvarja zna\u010dilne me\u0161anice hi\u0161nih \u010dajev.<\/li>\n<\/ul>\n\n<h2 class=\"wp-block-heading\">Zahtevajte vzorec danes<\/h2>\n\n<p>Vas zanimajo bogati, pra\u017eeni okusi na\u0161e vrhunske hojiche?  <\/p>\n\n<p>Samo izpolnite svoje podatke spodaj in poslali vam bomo vzorec. Sporo\u010dite nam, \u010de imate posebne zahteve, in z veseljem bomo prilagodili na\u0161o ponudbo va\u0161im poslovnim potrebam. <\/p>\n<div class=\"forminator-ui forminator-custom-form forminator-custom-form-1365 forminator-design--flat  forminator_ajax\" data-forminator-render=\"0\" data-form=\"forminator-module-1365\" data-uid=\"69dec6b5b794a\"><br\/><\/div><form\n\t\t\t\tid=\"forminator-module-1365\"\n\t\t\t\tclass=\"forminator-ui forminator-custom-form forminator-custom-form-1365 forminator-design--flat  forminator_ajax\"\n\t\t\t\tmethod=\"post\"\n\t\t\t\tdata-forminator-render=\"0\"\n\t\t\t\tdata-form-id=\"1365\"\n\t\t\t\t data-color-option=\"default\" data-design=\"flat\" data-grid=\"open\" style=\"display: none;\"\n\t\t\t\tdata-uid=\"69dec6b5b794a\"\n\t\t\t><div role=\"alert\" aria-live=\"polite\" class=\"forminator-response-message forminator-error\" aria-hidden=\"true\"><\/div><div class=\"forminator-row\"><div id=\"name-1\" class=\"forminator-field-name forminator-col forminator-col-6 \"><div class=\"forminator-field\"><input type=\"text\" name=\"name-1\" value=\"\" placeholder=\"First Name\" id=\"forminator-field-name-1_69dec6b5b794a\" class=\"forminator-input forminator-name--field\" aria-required=\"true\" autocomplete=\"name\" \/><\/div><\/div><div id=\"name-2\" class=\"forminator-field-name forminator-col forminator-col-6 \"><div class=\"forminator-field\"><input type=\"text\" name=\"name-2\" value=\"\" placeholder=\"Last Name\" id=\"forminator-field-name-2_69dec6b5b794a\" class=\"forminator-input forminator-name--field\" aria-required=\"true\" autocomplete=\"name\" \/><\/div><\/div><\/div><div class=\"forminator-row\"><div id=\"email-1\" class=\"forminator-field-email forminator-col forminator-col-12 \"><div class=\"forminator-field\"><input type=\"email\" name=\"email-1\" value=\"\" placeholder=\"Email\" id=\"forminator-field-email-1_69dec6b5b794a\" class=\"forminator-input forminator-email--field\" data-required=\"true\" aria-required=\"true\" autocomplete=\"email\" \/><\/div><\/div><\/div><div class=\"forminator-row\"><div id=\"phone-1\" class=\"forminator-field-phone forminator-col forminator-col-12 \"><div class=\"forminator-field\"><input type=\"text\" name=\"phone-1\" value=\"\" placeholder=\"Phone\" id=\"forminator-field-phone-1_69dec6b5b794a\" class=\"forminator-input forminator-field--phone\" data-required=\"\" aria-required=\"false\" autocomplete=\"off\" \/><\/div><\/div><\/div><div class=\"forminator-row\"><div id=\"textarea-1\" class=\"forminator-field-textarea forminator-col forminator-col-12 \"><div class=\"forminator-field\"><textarea name=\"textarea-1\" placeholder=\"Message\" id=\"forminator-field-textarea-1_69dec6b5b794a\" class=\"forminator-textarea\" rows=\"6\" style=\"min-height:140px;\" ><\/textarea><span id=\"forminator-field-textarea-1_69dec6b5b794a-description\" class=\"forminator-description\"><span data-limit=\"300\" data-type=\"words\" data-editor=\"\">0 \/ 300<\/span><\/span><\/div><\/div><\/div><div class=\"forminator-row\"><\/div><input type=\"hidden\" name=\"referer_url\" value=\"\" \/><div class=\"forminator-row forminator-row-last\"><div class=\"forminator-col\"><div class=\"forminator-field\"><button class=\"forminator-button forminator-button-submit\">Send<\/button><\/div><\/div><\/div><input type=\"hidden\" id=\"forminator_nonce\" name=\"forminator_nonce\" value=\"a647953a3f\" \/><input type=\"hidden\" name=\"_wp_http_referer\" value=\"\/sl\/wp-json\/wp\/v2\/pages\/8427\" \/><input type=\"hidden\" name=\"form_id\" value=\"1365\"><input type=\"hidden\" name=\"page_id\" value=\"8427\"><input type=\"hidden\" name=\"form_type\" value=\"default\"><input type=\"hidden\" name=\"current_url\" value=\"https:\/\/hojichawholesale.eu\/sl\/hojicha-srednje-prazen-prah-veleprodaja\/\"><input type=\"hidden\" name=\"render_id\" value=\"0\"><input type=\"hidden\" name=\"action\" value=\"forminator_submit_form_custom-forms\"><label for=\"input_6\" class=\"forminator-hidden\" aria-hidden=\"true\">Please do not fill in this field. <input id=\"input_6\" type=\"text\" name=\"input_6\" value=\"\" autocomplete=\"off\"><\/label><\/form>\n","protected":false},"excerpt":{"rendered":"<p>Hojicha srednje pe\u010dena (na debelo) Hojicha Medium Roast Powder ponuja edinstven, bogat in zemeljski okus, ki je kot nala\u0161\u010d za ljubitelje \u010daja, ki cenijo ravnovesje med robustnimi pra\u017eenimi notami in naravno sladkostjo zelenega \u010daja. Poudarki izdelka Prednosti srednje pe\u010dene Hojicha Veleprodajne informacije Kako kuhati Idealno za Zahtevajte vzorec danes Vas zanimajo bogati, pra\u017eeni okusi na\u0161e [&hellip;]<\/p>\n","protected":false},"author":1,"featured_media":8429,"parent":0,"menu_order":0,"comment_status":"closed","ping_status":"closed","template":"","meta":{"_surecart_dashboard_logo_width":"180px","_surecart_dashboard_show_logo":true,"_surecart_dashboard_navigation_orders":true,"_surecart_dashboard_navigation_invoices":true,"_surecart_dashboard_navigation_subscriptions":true,"_surecart_dashboard_navigation_downloads":true,"_surecart_dashboard_navigation_billing":true,"_surecart_dashboard_navigation_account":true,"footnotes":""},"class_list":["post-8427","page","type-page","status-publish","has-post-thumbnail","hentry","entry","has-media"],"mb":[],"mfb_rest_fields":["title","gutenberg_elementor_mode"],"_links":{"self":[{"href":"https:\/\/hojichawholesale.eu\/sl\/wp-json\/wp\/v2\/pages\/8427","targetHints":{"allow":["GET"]}}],"collection":[{"href":"https:\/\/hojichawholesale.eu\/sl\/wp-json\/wp\/v2\/pages"}],"about":[{"href":"https:\/\/hojichawholesale.eu\/sl\/wp-json\/wp\/v2\/types\/page"}],"author":[{"embeddable":true,"href":"https:\/\/hojichawholesale.eu\/sl\/wp-json\/wp\/v2\/users\/1"}],"replies":[{"embeddable":true,"href":"https:\/\/hojichawholesale.eu\/sl\/wp-json\/wp\/v2\/comments?post=8427"}],"version-history":[{"count":0,"href":"https:\/\/hojichawholesale.eu\/sl\/wp-json\/wp\/v2\/pages\/8427\/revisions"}],"wp:featuredmedia":[{"embeddable":true,"href":"https:\/\/hojichawholesale.eu\/sl\/wp-json\/wp\/v2\/media\/8429"}],"wp:attachment":[{"href":"https:\/\/hojichawholesale.eu\/sl\/wp-json\/wp\/v2\/media?parent=8427"}],"curies":[{"name":"wp","href":"https:\/\/api.w.org\/{rel}","templated":true}]}}