{"id":8319,"date":"2024-10-12T11:59:06","date_gmt":"2024-10-12T11:59:06","guid":{"rendered":"https:\/\/hojichawholesale.eu\/zakaj-prodati-hojicha\/"},"modified":"2025-10-26T16:42:48","modified_gmt":"2025-10-26T16:42:48","slug":"zakaj-prodati-hojicha","status":"publish","type":"page","link":"https:\/\/hojichawholesale.eu\/sl\/zakaj-prodati-hojicha\/","title":{"rendered":"Zakaj prodati hojicha?"},"content":{"rendered":"\n<h1 class=\"wp-block-heading\">Zakaj prodati Hojicha?<\/h1>\n\n<p>Hojicha, japonski pra\u017eeni zeleni \u010daj, je v zadnjih letih hitro pridobil popularnost.  <\/p>\n\n<figure class=\"wp-block-image size-large\"><img fetchpriority=\"high\" decoding=\"async\" width=\"1024\" height=\"544\" src=\"https:\/\/hojichawholesale.eu\/wp-content\/uploads\/2024\/10\/hojicha-trends-1-1024x544.avif\" alt=\"\" class=\"wp-image-5519\" srcset=\"https:\/\/hojichawholesale.eu\/wp-content\/uploads\/2024\/10\/hojicha-trends-1-1024x544.avif 1024w, https:\/\/hojichawholesale.eu\/wp-content\/uploads\/2024\/10\/hojicha-trends-1-300x159.avif 300w, https:\/\/hojichawholesale.eu\/wp-content\/uploads\/2024\/10\/hojicha-trends-1-768x408.avif 768w, https:\/\/hojichawholesale.eu\/wp-content\/uploads\/2024\/10\/hojicha-trends-1-1536x816.avif 1536w, https:\/\/hojichawholesale.eu\/wp-content\/uploads\/2024\/10\/hojicha-trends-1.avif 1892w\" sizes=\"(max-width: 1024px) 100vw, 1024px\" \/><\/figure>\n\n<figure class=\"wp-block-image size-large\"><img decoding=\"async\" width=\"1024\" height=\"412\" src=\"https:\/\/hojichawholesale.eu\/wp-content\/uploads\/2024\/10\/hojicha-trends-countries-1024x412.avif\" alt=\"\" class=\"wp-image-5459\" srcset=\"https:\/\/hojichawholesale.eu\/wp-content\/uploads\/2024\/10\/hojicha-trends-countries-1024x412.avif 1024w, https:\/\/hojichawholesale.eu\/wp-content\/uploads\/2024\/10\/hojicha-trends-countries-300x121.avif 300w, https:\/\/hojichawholesale.eu\/wp-content\/uploads\/2024\/10\/hojicha-trends-countries-768x309.avif 768w, https:\/\/hojichawholesale.eu\/wp-content\/uploads\/2024\/10\/hojicha-trends-countries-1536x618.avif 1536w, https:\/\/hojichawholesale.eu\/wp-content\/uploads\/2024\/10\/hojicha-trends-countries.avif 1873w\" sizes=\"(max-width: 1024px) 100vw, 1024px\" \/><\/figure>\n\n<p>S svojim zna\u010dilnim profilom okusa, nara\u0161\u010dajo\u010do privla\u010dnostjo za zdravje in vsestranskostjo je to nov in prepri\u010dljiv predlog za va\u0161e stranke.  <\/p>\n\n<p>Tukaj je razlog, zakaj bi morali razmisliti o dodajanju hojicha v svoj meni.<\/p>\n\n<h2 class=\"wp-block-heading\">1. Edinstven profil okusa<\/h2>\n\n<p>Hojicha izstopa zaradi toplega, pra\u017eenega okusa, ki ga lo\u010duje od drugih japonskih \u010dajev, kot sta matcha ali sencha.  <\/p>\n\n<p>Postopek pra\u017eenja mu daje prepe\u010den, rahlo ore\u0161\u010dkov okus s pridihom karamelne sladkosti, zaradi \u010desar je privla\u010dna izbira za stranke, ki i\u0161\u010dejo nekaj druga\u010dnega.  <\/p>\n\n<p>Zaradi pomanjkanja grenkobe in nizke vsebnosti kofeina (zaradi pra\u017eenja) je univerzalna in dru\u017einam prijazna mo\u017enost.  <\/p>\n\n<p>Z nizko vsebnostjo sladkorja, vendar okusno, je pija\u010da za vsakogar.  <\/p>\n\n<h2 class=\"wp-block-heading\">2. Koristi za zdravje<\/h2>\n\n<p>Hojicha, tako kot drugi zeleni \u010daji, ohranja \u0161tevilne koristi za zdravje, tudi po pra\u017eenju.  <\/p>\n\n<p>Bogata je z antioksidanti, ki so znani po svoji vlogi pri zmanj\u0161evanju vnetja in spodbujanju splo\u0161nega po\u010dutja. Nizka vsebnost kofeina je primerna za ljudi, ki \u017eelijo zmanj\u0161ati vnos kofeina, medtem ko \u0161e vedno u\u017eivajo v pomirjujo\u010dih lastnostih \u010daja, ki izbolj\u0161ujejo zdravje.   <\/p>\n\n<h2 class=\"wp-block-heading\">3. Vsestranskost v kulinari\u010dnih aplikacijah<\/h2>\n\n<p>Hojicha je na voljo v obliki ohlapnih listov ali prahu.<\/p>\n\n<p>Ta vsestranskost je redka med japonskim \u010dajem.  <\/p>\n\n<p>Hojicha lahko postre\u017eemo toplo ali hladno, v \u010daju ali v latteju, lahko pa ga pe\u010demo v kruh, pi\u0161kote in pecivo.  <\/p>\n\n<p>Uporablja se lahko tudi kot okus sladoleda.  <\/p>\n\n<p>Zaradi pra\u017eenega, zemeljskega okusa je vznemirljiva sestavina za uporabo v skoraj vseh receptih.  <\/p>\n\n<h2 class=\"wp-block-heading\">4. Nara\u0161\u010dajo\u010da globalna priljubljenost<\/h2>\n\n<p>Hojichova priljubljenost ni ve\u010d omejena na Japonsko.  <\/p>\n\n<p>Mednarodni pivci \u010daja postajajo vse bolj pustolovski in \u017eelijo raziskati nove okuse in kulturne tradicije \u010daja. Z nara\u0161\u010danjem ozave\u0161\u010denosti o hojichi se pove\u010duje tudi povpra\u0161evanje na trgu. <\/p>\n\n<p>S tem, ko ste med prvimi prodajalci hojicha, se postavljate v ospredje rasto\u010dega globalnega trenda, ki ne ka\u017ee znakov upo\u010dasnitve.  <\/p>\n\n<p>Prav tako postavite svoje podjetje kot druga\u010dno in bolj trendovsko od konkurence.  <\/p>\n\n<h2 class=\"wp-block-heading\">5. Enostaven za tr\u017eenje<\/h2>\n\n<p>Narava izdelka vam daje \u0161irok spekter zornih kotov, ki jih lahko uporabite pri tr\u017eenju, od modne japonske pija\u010de do pija\u010de, ki krepi zdravje.  <\/p>\n\n<p>Nizki proizvodni stro\u0161ki vam omogo\u010dajo popoln nadzor nad va\u0161imi profitnimi mar\u017eami.  <\/p>\n\n<h2 class=\"wp-block-heading\">Sklep<\/h2>\n\n<p>Kot glavni prihajajo\u010di japonski \u010daj je hojicha nujen za kavarne, hotele, restavracije in maloprodajne \u010dajnice, ki \u017eelijo svojim strankam ponuditi vznemirljivo paleto izdelkov.  <\/p>\n\n<p>Zaradi koristi za zdravje, bogatega profila okusa in nara\u0161\u010dajo\u010dega povpra\u0161evanja je strate\u0161ki dodatek za trgovce na drobno in gostinske obrate.<\/p>\n\n<p>Ne glede na to, ali so va\u0161e stranke izku\u0161eni pivci \u010daja ali novinci v japonskih \u010dajih, bo hojicha zagotovo izstopala kot izdelek s \u0161iroko privla\u010dnostjo.<\/p>\n\n<h2 class=\"wp-block-heading\">Zahtevajte vzorec<\/h2>\n\n<p>Vas zanimajo bogati, pra\u017eeni okusi na\u0161e vrhunske hojiche?  <\/p>\n\n<p>Samo izpolnite svoje podatke spodaj in poslali vam bomo vzorec. Sporo\u010dite nam, \u010de imate posebne zahteve, in z veseljem bomo prilagodili na\u0161o ponudbo va\u0161im poslovnim potrebam. <\/p>\n<div class=\"forminator-ui forminator-custom-form forminator-custom-form-1365 forminator-design--flat  forminator_ajax\" data-forminator-render=\"0\" data-form=\"forminator-module-1365\" data-uid=\"69d43f51c7fc7\"><br\/><\/div><form\n\t\t\t\tid=\"forminator-module-1365\"\n\t\t\t\tclass=\"forminator-ui forminator-custom-form forminator-custom-form-1365 forminator-design--flat  forminator_ajax\"\n\t\t\t\tmethod=\"post\"\n\t\t\t\tdata-forminator-render=\"0\"\n\t\t\t\tdata-form-id=\"1365\"\n\t\t\t\t data-color-option=\"default\" data-design=\"flat\" data-grid=\"open\" style=\"display: none;\"\n\t\t\t\tdata-uid=\"69d43f51c7fc7\"\n\t\t\t><div role=\"alert\" aria-live=\"polite\" class=\"forminator-response-message forminator-error\" aria-hidden=\"true\"><\/div><div class=\"forminator-row\"><div id=\"name-1\" class=\"forminator-field-name forminator-col forminator-col-6 \"><div class=\"forminator-field\"><input type=\"text\" name=\"name-1\" value=\"\" placeholder=\"First Name\" id=\"forminator-field-name-1_69d43f51c7fc7\" class=\"forminator-input forminator-name--field\" aria-required=\"true\" autocomplete=\"name\" \/><\/div><\/div><div id=\"name-2\" class=\"forminator-field-name forminator-col forminator-col-6 \"><div class=\"forminator-field\"><input type=\"text\" name=\"name-2\" value=\"\" placeholder=\"Last Name\" id=\"forminator-field-name-2_69d43f51c7fc7\" class=\"forminator-input forminator-name--field\" aria-required=\"true\" autocomplete=\"name\" \/><\/div><\/div><\/div><div class=\"forminator-row\"><div id=\"email-1\" class=\"forminator-field-email forminator-col forminator-col-12 \"><div class=\"forminator-field\"><input type=\"email\" name=\"email-1\" value=\"\" placeholder=\"Email\" id=\"forminator-field-email-1_69d43f51c7fc7\" class=\"forminator-input forminator-email--field\" data-required=\"true\" aria-required=\"true\" autocomplete=\"email\" \/><\/div><\/div><\/div><div class=\"forminator-row\"><div id=\"phone-1\" class=\"forminator-field-phone forminator-col forminator-col-12 \"><div class=\"forminator-field\"><input type=\"text\" name=\"phone-1\" value=\"\" placeholder=\"Phone\" id=\"forminator-field-phone-1_69d43f51c7fc7\" class=\"forminator-input forminator-field--phone\" data-required=\"\" aria-required=\"false\" autocomplete=\"off\" \/><\/div><\/div><\/div><div class=\"forminator-row\"><div id=\"textarea-1\" class=\"forminator-field-textarea forminator-col forminator-col-12 \"><div class=\"forminator-field\"><textarea name=\"textarea-1\" placeholder=\"Message\" id=\"forminator-field-textarea-1_69d43f51c7fc7\" class=\"forminator-textarea\" rows=\"6\" style=\"min-height:140px;\" ><\/textarea><span id=\"forminator-field-textarea-1_69d43f51c7fc7-description\" class=\"forminator-description\"><span data-limit=\"300\" data-type=\"words\" data-editor=\"\">0 \/ 300<\/span><\/span><\/div><\/div><\/div><div class=\"forminator-row\"><\/div><input type=\"hidden\" name=\"referer_url\" value=\"\" \/><div class=\"forminator-row forminator-row-last\"><div class=\"forminator-col\"><div class=\"forminator-field\"><button class=\"forminator-button forminator-button-submit\">Send<\/button><\/div><\/div><\/div><input type=\"hidden\" id=\"forminator_nonce\" name=\"forminator_nonce\" value=\"8ad7e0b691\" \/><input type=\"hidden\" name=\"_wp_http_referer\" value=\"\/sl\/wp-json\/wp\/v2\/pages\/8319\" \/><input type=\"hidden\" name=\"form_id\" value=\"1365\"><input type=\"hidden\" name=\"page_id\" value=\"8319\"><input type=\"hidden\" name=\"form_type\" value=\"default\"><input type=\"hidden\" name=\"current_url\" value=\"https:\/\/hojichawholesale.eu\/sl\/zakaj-prodati-hojicha\/\"><input type=\"hidden\" name=\"render_id\" value=\"0\"><input type=\"hidden\" name=\"action\" value=\"forminator_submit_form_custom-forms\"><label for=\"input_6\" class=\"forminator-hidden\" aria-hidden=\"true\">Please do not fill in this field. <input id=\"input_6\" type=\"text\" name=\"input_6\" value=\"\" autocomplete=\"off\"><\/label><\/form>\n","protected":false},"excerpt":{"rendered":"<p>Zakaj prodati Hojicha? Hojicha, japonski pra\u017eeni zeleni \u010daj, je v zadnjih letih hitro pridobil popularnost. S svojim zna\u010dilnim profilom okusa, nara\u0161\u010dajo\u010do privla\u010dnostjo za zdravje in vsestranskostjo je to nov in prepri\u010dljiv predlog za va\u0161e stranke. Tukaj je razlog, zakaj bi morali razmisliti o dodajanju hojicha v svoj meni. 1. Edinstven profil okusa Hojicha izstopa zaradi [&hellip;]<\/p>\n","protected":false},"author":1,"featured_media":8329,"parent":0,"menu_order":0,"comment_status":"closed","ping_status":"closed","template":"","meta":{"_surecart_dashboard_logo_width":"180px","_surecart_dashboard_show_logo":true,"_surecart_dashboard_navigation_orders":true,"_surecart_dashboard_navigation_invoices":true,"_surecart_dashboard_navigation_subscriptions":true,"_surecart_dashboard_navigation_downloads":true,"_surecart_dashboard_navigation_billing":true,"_surecart_dashboard_navigation_account":true,"footnotes":""},"class_list":["post-8319","page","type-page","status-publish","has-post-thumbnail","hentry","entry","has-media"],"mb":[],"mfb_rest_fields":["title","gutenberg_elementor_mode"],"_links":{"self":[{"href":"https:\/\/hojichawholesale.eu\/sl\/wp-json\/wp\/v2\/pages\/8319","targetHints":{"allow":["GET"]}}],"collection":[{"href":"https:\/\/hojichawholesale.eu\/sl\/wp-json\/wp\/v2\/pages"}],"about":[{"href":"https:\/\/hojichawholesale.eu\/sl\/wp-json\/wp\/v2\/types\/page"}],"author":[{"embeddable":true,"href":"https:\/\/hojichawholesale.eu\/sl\/wp-json\/wp\/v2\/users\/1"}],"replies":[{"embeddable":true,"href":"https:\/\/hojichawholesale.eu\/sl\/wp-json\/wp\/v2\/comments?post=8319"}],"version-history":[{"count":0,"href":"https:\/\/hojichawholesale.eu\/sl\/wp-json\/wp\/v2\/pages\/8319\/revisions"}],"wp:featuredmedia":[{"embeddable":true,"href":"https:\/\/hojichawholesale.eu\/sl\/wp-json\/wp\/v2\/media\/8329"}],"wp:attachment":[{"href":"https:\/\/hojichawholesale.eu\/sl\/wp-json\/wp\/v2\/media?parent=8319"}],"curies":[{"name":"wp","href":"https:\/\/api.w.org\/{rel}","templated":true}]}}