{"id":8306,"date":"2024-10-12T11:39:24","date_gmt":"2024-10-12T11:39:24","guid":{"rendered":"https:\/\/hojichawholesale.eu\/kaj-je-hojicha\/"},"modified":"2025-10-26T16:42:48","modified_gmt":"2025-10-26T16:42:48","slug":"kaj-je-hojicha","status":"publish","type":"page","link":"https:\/\/hojichawholesale.eu\/sl\/kaj-je-hojicha\/","title":{"rendered":"Kaj je hojicha?"},"content":{"rendered":"\n<h1 class=\"wp-block-heading\">Kaj je Hojicha?<\/h1>\n\n<p>Hojicha je japonski zeleni \u010daj, pra\u017een v porcelanu pri temperaturah od 175 \u00b0C do 350 \u00b0C.  Ta postopek pra\u017eenja mu daje zna\u010dilne oran\u017ene odtenke in zmanj\u0161uje vsebnost kofeina in katehina. <\/p>\n\n<p>  &#8220;<em>Hoji<\/em>&#8221; pomeni &#8220;pra\u017eiti&#8221; v japon\u0161\u010dini, &#8220;<em>cha<\/em>&#8221; pa pomeni \u010daj.<\/p>\n<div class=\"wp-block-image\">\n<figure class=\"aligncenter size-large is-resized\"><img fetchpriority=\"high\" decoding=\"async\" width=\"1024\" height=\"683\" src=\"https:\/\/hojichawholesale.eu\/wp-content\/uploads\/2024\/10\/Depositphotos_502919918_L-1-1024x683.avif\" alt=\"\" class=\"wp-image-5573\" style=\"width:539px;height:auto\" srcset=\"https:\/\/hojichawholesale.eu\/wp-content\/uploads\/2024\/10\/Depositphotos_502919918_L-1-1024x683.avif 1024w, https:\/\/hojichawholesale.eu\/wp-content\/uploads\/2024\/10\/Depositphotos_502919918_L-1-300x200.avif 300w, https:\/\/hojichawholesale.eu\/wp-content\/uploads\/2024\/10\/Depositphotos_502919918_L-1-768x512.avif 768w, https:\/\/hojichawholesale.eu\/wp-content\/uploads\/2024\/10\/Depositphotos_502919918_L-1.avif 1200w\" sizes=\"(max-width: 1024px) 100vw, 1024px\" \/><\/figure>\n<\/div>\n<h2 class=\"wp-block-heading\"><strong>Zakaj piti Hojicha?<\/strong><\/h2>\n\n<p>Hojicha je tradicionalna japonska pija\u010da, ki se u\u017eiva pono\u010di, da pomaga pri prebavi.  <\/p>\n\n<p>Vendar pa se lahko pije kadarkoli v dnevu in letu.  <\/p>\n\n<p>Kljub svoji barvi je hojicha zeleni \u010daj. Gre skozi proces, znan kot shaqing, ki je parna kopel, ki ustavi naravni proces oksidacije, ki se pojavi ob \u017eetvi. <\/p>\n\n<p>Kot rezultat, hojicha ohranja \u0161tevilne prednosti zelenega \u010daja, kot so spodbujanje sprostitve in krepitev imunskega sistema.<\/p>\n\n<h2 class=\"wp-block-heading\">Razli\u010dne vrste Hojicha<\/h2>\n\n<p>Obstajajo razli\u010dne vrste hojicha. Njegova glavna zna\u010dilnost izhaja iz razpolo\u017eljivosti v prahu in ohlapnih listih. <\/p>\n\n<p>Poleg tega je hojicha pogosto na voljo v treh vrstah listov (svetlo pe\u010dena, srednje pra\u017eena, temno pe\u010dena) in jo lahko celo zme\u0161amo s pra\u017eenim ri\u017eem, pri \u010demer se imenuje hojicha genmai.  <\/p>\n<div class=\"wp-block-image\">\n<figure class=\"aligncenter size-large is-resized\"><img decoding=\"async\" width=\"1024\" height=\"683\" src=\"https:\/\/hojichawholesale.eu\/wp-content\/uploads\/2024\/10\/Depositphotos_565446018_L-1-1024x683.avif\" alt=\"\" class=\"wp-image-5577\" style=\"width:572px;height:auto\" srcset=\"https:\/\/hojichawholesale.eu\/wp-content\/uploads\/2024\/10\/Depositphotos_565446018_L-1-1024x683.avif 1024w, https:\/\/hojichawholesale.eu\/wp-content\/uploads\/2024\/10\/Depositphotos_565446018_L-1-300x200.avif 300w, https:\/\/hojichawholesale.eu\/wp-content\/uploads\/2024\/10\/Depositphotos_565446018_L-1-768x512.avif 768w, https:\/\/hojichawholesale.eu\/wp-content\/uploads\/2024\/10\/Depositphotos_565446018_L-1.avif 1200w\" sizes=\"(max-width: 1024px) 100vw, 1024px\" \/><\/figure>\n<\/div>\n<h2 class=\"wp-block-heading\"><strong>Katera sorta se uporablja za Hojicha?<\/strong><\/h2>\n\n<p>Najpogosteje uporabljena sorta za Hojicha je Yabukita, \u010deprav so nekatere hojicha narejene tudi iz sorte Gokou.<\/p>\n\n<h2 class=\"wp-block-heading\">Kako se proizvaja Hojicha?<\/h2>\n\n<p>Hojicha za\u010dne svoj proizvodni proces kot bancha ali sencha.  <\/p>\n\n<p>Po \u017eetvi se listi parijo, imenovano &#8220;tresenje&#8221;, da se ustavi proces oksidacije. Nato jih zvijemo, posu\u0161imo in pra\u017eimo med 175 \u00b0C in 350 \u00b0C v porcelanu. Takrat bancha (ali sencha) postane hojicha.  <\/p>\n\n<p>Nekaj se predela v prah, ostalo pa se pakira kot listi.  <\/p>\n<div class=\"wp-block-image\">\n<figure class=\"aligncenter size-large is-resized\"><img decoding=\"async\" width=\"1024\" height=\"683\" src=\"https:\/\/hojichawholesale.eu\/wp-content\/uploads\/2024\/10\/Depositphotos_518442682_L-1-1024x683.avif\" alt=\"\" class=\"wp-image-5575\" style=\"width:484px;height:auto\" srcset=\"https:\/\/hojichawholesale.eu\/wp-content\/uploads\/2024\/10\/Depositphotos_518442682_L-1-1024x683.avif 1024w, https:\/\/hojichawholesale.eu\/wp-content\/uploads\/2024\/10\/Depositphotos_518442682_L-1-300x200.avif 300w, https:\/\/hojichawholesale.eu\/wp-content\/uploads\/2024\/10\/Depositphotos_518442682_L-1-768x512.avif 768w, https:\/\/hojichawholesale.eu\/wp-content\/uploads\/2024\/10\/Depositphotos_518442682_L-1.avif 1200w\" sizes=\"(max-width: 1024px) 100vw, 1024px\" \/><\/figure>\n<\/div>\n<h2 class=\"wp-block-heading\"><strong>Kako kuhati Hojicha?<\/strong><\/h2>\n\n<p>V obliki listov se hojicha kuha pri temperaturah med 70 \u00b0 C in 80 \u00b0 C 2-3 minute.<\/p>\n\n<p>  80 \u00b0C je prednostno, \u010de je v obliki pra\u0161ka.  <\/p>\n\n<h2 class=\"wp-block-heading\"><strong>Zgodovina Hojicha<\/strong><\/h2>\n\n<p>Nih\u010de ne ve, od kod je pri\u0161la hojicha. Zdelo se je, da se je pojavil v Kjotu leta 1920. <\/p>\n\n<p>Legenda pravi, da je razvoj strojno pridelanega \u010daja v za\u010detku 20. stoletja privedel do znatnih odpadkov. Neznani trgovec se je odlo\u010dil, da bo pra\u017eil ta neuporaben \u010daj, da bi ga re\u0161il, pri \u010demer je izumil hojicho. <\/p>\n<div class=\"wp-block-image\">\n<figure class=\"aligncenter size-large is-resized\"><img loading=\"lazy\" decoding=\"async\" width=\"1024\" height=\"683\" src=\"https:\/\/hojichawholesale.eu\/wp-content\/uploads\/2024\/10\/Depositphotos_535727240_L-1-1024x683.avif\" alt=\"\" class=\"wp-image-5576\" style=\"width:592px;height:auto\" srcset=\"https:\/\/hojichawholesale.eu\/wp-content\/uploads\/2024\/10\/Depositphotos_535727240_L-1-1024x683.avif 1024w, https:\/\/hojichawholesale.eu\/wp-content\/uploads\/2024\/10\/Depositphotos_535727240_L-1-300x200.avif 300w, https:\/\/hojichawholesale.eu\/wp-content\/uploads\/2024\/10\/Depositphotos_535727240_L-1-768x512.avif 768w, https:\/\/hojichawholesale.eu\/wp-content\/uploads\/2024\/10\/Depositphotos_535727240_L-1.avif 1200w\" sizes=\"(max-width: 1024px) 100vw, 1024px\" \/><\/figure>\n<\/div>\n<h2 class=\"wp-block-heading\"><strong>Sklep<\/strong><\/h2>\n\n<p>Hojicha je pra\u017een japonski zeleni \u010daj, ki je na voljo v obliki prahu in listov. Nizka vsebnost kofeina se tradicionalno u\u017eiva zve\u010der. Njegova oran\u017ena barva prihaja iz pra\u017eenja v porcelanskem loncu za nekaj minut, kar mu daje zna\u010dilne okuse ore\u0161\u010dkov, karamele ali \u010dokolade.  <\/p>\n\n<h2 class=\"wp-block-heading\">Zahtevajte vzorec<\/h2>\n\n<p>Vas zanimajo bogati, pra\u017eeni okusi na\u0161e vrhunske hojiche?  <\/p>\n\n<p>Samo izpolnite svoje podatke spodaj in poslali vam bomo vzorec. Sporo\u010dite nam, \u010de imate posebne zahteve, in z veseljem bomo prilagodili na\u0161o ponudbo va\u0161im poslovnim potrebam. <\/p>\n<div class=\"forminator-ui forminator-custom-form forminator-custom-form-1365 forminator-design--flat  forminator_ajax\" data-forminator-render=\"0\" data-form=\"forminator-module-1365\" data-uid=\"69d43fa0a5d38\"><br\/><\/div><form\n\t\t\t\tid=\"forminator-module-1365\"\n\t\t\t\tclass=\"forminator-ui forminator-custom-form forminator-custom-form-1365 forminator-design--flat  forminator_ajax\"\n\t\t\t\tmethod=\"post\"\n\t\t\t\tdata-forminator-render=\"0\"\n\t\t\t\tdata-form-id=\"1365\"\n\t\t\t\t data-color-option=\"default\" data-design=\"flat\" data-grid=\"open\" style=\"display: none;\"\n\t\t\t\tdata-uid=\"69d43fa0a5d38\"\n\t\t\t><div role=\"alert\" aria-live=\"polite\" class=\"forminator-response-message forminator-error\" aria-hidden=\"true\"><\/div><div class=\"forminator-row\"><div id=\"name-1\" class=\"forminator-field-name forminator-col forminator-col-6 \"><div class=\"forminator-field\"><input type=\"text\" name=\"name-1\" value=\"\" placeholder=\"First Name\" id=\"forminator-field-name-1_69d43fa0a5d38\" class=\"forminator-input forminator-name--field\" aria-required=\"true\" autocomplete=\"name\" \/><\/div><\/div><div id=\"name-2\" class=\"forminator-field-name forminator-col forminator-col-6 \"><div class=\"forminator-field\"><input type=\"text\" name=\"name-2\" value=\"\" placeholder=\"Last Name\" id=\"forminator-field-name-2_69d43fa0a5d38\" class=\"forminator-input forminator-name--field\" aria-required=\"true\" autocomplete=\"name\" \/><\/div><\/div><\/div><div class=\"forminator-row\"><div id=\"email-1\" class=\"forminator-field-email forminator-col forminator-col-12 \"><div class=\"forminator-field\"><input type=\"email\" name=\"email-1\" value=\"\" placeholder=\"Email\" id=\"forminator-field-email-1_69d43fa0a5d38\" class=\"forminator-input forminator-email--field\" data-required=\"true\" aria-required=\"true\" autocomplete=\"email\" \/><\/div><\/div><\/div><div class=\"forminator-row\"><div id=\"phone-1\" class=\"forminator-field-phone forminator-col forminator-col-12 \"><div class=\"forminator-field\"><input type=\"text\" name=\"phone-1\" value=\"\" placeholder=\"Phone\" id=\"forminator-field-phone-1_69d43fa0a5d38\" class=\"forminator-input forminator-field--phone\" data-required=\"\" aria-required=\"false\" autocomplete=\"off\" \/><\/div><\/div><\/div><div class=\"forminator-row\"><div id=\"textarea-1\" class=\"forminator-field-textarea forminator-col forminator-col-12 \"><div class=\"forminator-field\"><textarea name=\"textarea-1\" placeholder=\"Message\" id=\"forminator-field-textarea-1_69d43fa0a5d38\" class=\"forminator-textarea\" rows=\"6\" style=\"min-height:140px;\" ><\/textarea><span id=\"forminator-field-textarea-1_69d43fa0a5d38-description\" class=\"forminator-description\"><span data-limit=\"300\" data-type=\"words\" data-editor=\"\">0 \/ 300<\/span><\/span><\/div><\/div><\/div><div class=\"forminator-row\"><\/div><input type=\"hidden\" name=\"referer_url\" value=\"\" \/><div class=\"forminator-row forminator-row-last\"><div class=\"forminator-col\"><div class=\"forminator-field\"><button class=\"forminator-button forminator-button-submit\">Send<\/button><\/div><\/div><\/div><input type=\"hidden\" id=\"forminator_nonce\" name=\"forminator_nonce\" value=\"8ad7e0b691\" \/><input type=\"hidden\" name=\"_wp_http_referer\" value=\"\/sl\/wp-json\/wp\/v2\/pages\/8306\" \/><input type=\"hidden\" name=\"form_id\" value=\"1365\"><input type=\"hidden\" name=\"page_id\" value=\"8306\"><input type=\"hidden\" name=\"form_type\" value=\"default\"><input type=\"hidden\" name=\"current_url\" value=\"https:\/\/hojichawholesale.eu\/sl\/kaj-je-hojicha\/\"><input type=\"hidden\" name=\"render_id\" value=\"0\"><input type=\"hidden\" name=\"action\" value=\"forminator_submit_form_custom-forms\"><label for=\"input_6\" class=\"forminator-hidden\" aria-hidden=\"true\">Please do not fill in this field. <input id=\"input_6\" type=\"text\" name=\"input_6\" value=\"\" autocomplete=\"off\"><\/label><\/form>\n","protected":false},"excerpt":{"rendered":"<p>Kaj je Hojicha? Hojicha je japonski zeleni \u010daj, pra\u017een v porcelanu pri temperaturah od 175 \u00b0C do 350 \u00b0C. Ta postopek pra\u017eenja mu daje zna\u010dilne oran\u017ene odtenke in zmanj\u0161uje vsebnost kofeina in katehina. &#8220;Hoji&#8221; pomeni &#8220;pra\u017eiti&#8221; v japon\u0161\u010dini, &#8220;cha&#8221; pa pomeni \u010daj. Zakaj piti Hojicha? Hojicha je tradicionalna japonska pija\u010da, ki se u\u017eiva pono\u010di, da [&hellip;]<\/p>\n","protected":false},"author":1,"featured_media":8312,"parent":0,"menu_order":0,"comment_status":"closed","ping_status":"closed","template":"","meta":{"_surecart_dashboard_logo_width":"180px","_surecart_dashboard_show_logo":true,"_surecart_dashboard_navigation_orders":true,"_surecart_dashboard_navigation_invoices":true,"_surecart_dashboard_navigation_subscriptions":true,"_surecart_dashboard_navigation_downloads":true,"_surecart_dashboard_navigation_billing":true,"_surecart_dashboard_navigation_account":true,"footnotes":""},"class_list":["post-8306","page","type-page","status-publish","has-post-thumbnail","hentry","entry","has-media"],"mb":[],"mfb_rest_fields":["title","gutenberg_elementor_mode"],"_links":{"self":[{"href":"https:\/\/hojichawholesale.eu\/sl\/wp-json\/wp\/v2\/pages\/8306","targetHints":{"allow":["GET"]}}],"collection":[{"href":"https:\/\/hojichawholesale.eu\/sl\/wp-json\/wp\/v2\/pages"}],"about":[{"href":"https:\/\/hojichawholesale.eu\/sl\/wp-json\/wp\/v2\/types\/page"}],"author":[{"embeddable":true,"href":"https:\/\/hojichawholesale.eu\/sl\/wp-json\/wp\/v2\/users\/1"}],"replies":[{"embeddable":true,"href":"https:\/\/hojichawholesale.eu\/sl\/wp-json\/wp\/v2\/comments?post=8306"}],"version-history":[{"count":0,"href":"https:\/\/hojichawholesale.eu\/sl\/wp-json\/wp\/v2\/pages\/8306\/revisions"}],"wp:featuredmedia":[{"embeddable":true,"href":"https:\/\/hojichawholesale.eu\/sl\/wp-json\/wp\/v2\/media\/8312"}],"wp:attachment":[{"href":"https:\/\/hojichawholesale.eu\/sl\/wp-json\/wp\/v2\/media?parent=8306"}],"curies":[{"name":"wp","href":"https:\/\/api.w.org\/{rel}","templated":true}]}}