{"id":8179,"date":"2024-10-12T07:56:00","date_gmt":"2024-10-12T07:56:00","guid":{"rendered":"https:\/\/hojichawholesale.eu\/hojicha-za-kavarne\/"},"modified":"2025-10-26T16:42:28","modified_gmt":"2025-10-26T16:42:28","slug":"hojicha-za-kavarne","status":"publish","type":"page","link":"https:\/\/hojichawholesale.eu\/sl\/hojicha-za-kavarne\/","title":{"rendered":"Hojicha za kavarne"},"content":{"rendered":"\n<h1 class=\"wp-block-heading\">Hojicha za kavarne<\/h1>\n\n<p>Hojicha, pra\u017een japonski zeleni \u010daj, je popoln dodatek k va\u0161emu meniju pija\u010d. Ne samo, da zagotavlja zna\u010dilen okus, temve\u010d tudi izkori\u0161\u010da nara\u0161\u010dajo\u010di trend visokokakovostnih, zdravih in obrtni\u0161kih pija\u010d. <\/p>\n\n<p>Tukaj je razlog, zakaj vam bo uvedba hojicha v va\u0161o kavarno pomagala izstopati od konkurence in poskrbeti za nov segment strank.  <\/p>\n\n<h2 class=\"wp-block-heading\">1. <strong>Edinstven okus<\/strong><\/h2>\n\n<p>Hojicha izstopa od drugih zelenih \u010dajev zaradi postopka pra\u017eenja, ki mu daje globoko, dimljeno aromo in naravno sladek, ore\u0161\u010dkov okus.  <\/p>\n\n<p>Njegov blag, ope\u010den okus je manj adstrigenten kot tipi\u010dni zeleni \u010daji, zaradi \u010desar je privla\u010den za \u0161ir\u0161e ob\u010dinstvo, vklju\u010dno s tistimi, ki ne u\u017eivajo nujno matcha. Njegov zdrav in topel okus se odli\u010dno ujema z razli\u010dnimi kavarnami, kot so pecivo in sendvi\u010di. <\/p>\n\n<p>Prav tako izgleda prekleto dobro!<\/p>\n<div class=\"wp-block-image\">\n<figure class=\"aligncenter size-full is-resized\"><img fetchpriority=\"high\" decoding=\"async\" width=\"1000\" height=\"667\" src=\"https:\/\/hojichawholesale.eu\/wp-content\/uploads\/2024\/10\/Depositphotos_505518166_S.avif\" alt=\"\" class=\"wp-image-5447\" style=\"width:464px;height:auto\" srcset=\"https:\/\/hojichawholesale.eu\/wp-content\/uploads\/2024\/10\/Depositphotos_505518166_S.avif 1000w, https:\/\/hojichawholesale.eu\/wp-content\/uploads\/2024\/10\/Depositphotos_505518166_S-300x200.avif 300w, https:\/\/hojichawholesale.eu\/wp-content\/uploads\/2024\/10\/Depositphotos_505518166_S-768x512.avif 768w\" sizes=\"(max-width: 1000px) 100vw, 1000px\" \/><figcaption class=\"wp-element-caption\"><a href=\"https:\/\/depositphotos.com\/photo\/glass-cup-tasty-dalgona-hojicha-latte-table-505518166.html\" data-type=\"link\" data-id=\"https:\/\/depositphotos.com\/photo\/glass-cup-tasty-dalgona-hojicha-latte-table-505518166.html\" target=\"_blank\" rel=\"noopener\">Izvir.<\/a><\/figcaption><\/figure>\n<\/div>\n<h2 class=\"wp-block-heading\">2. <strong>Alternativa z nizko vsebnostjo kofeina<\/strong><\/h2>\n\n<p>Za razliko od mnogih drugih \u010dajev in kav ima hojicha nizko vsebnost kofeina, zaradi \u010desar je odli\u010dna izbira za vsakogar kadarkoli v dnevu. Japonci ga tradicionalno u\u017eivajo zve\u010der po obroku, vendar ga lahko u\u017eivate kadarkoli v dnevu.   <\/p>\n\n<p>Ponudba hojicha vam pomaga poskrbeti za \u0161ir\u0161e ob\u010dinstvo, vklju\u010dno z zdravstveno ozave\u0161\u010denimi posamezniki, nose\u010dnicami, dru\u017einami in tistimi, ki i\u0161\u010dejo spro\u0161\u010dujo\u010do pija\u010do. To je resni\u010dno univerzalno. <\/p>\n\n<h2 class=\"wp-block-heading\">3. <strong>Vsestranske menijske aplikacije<\/strong><\/h2>\n\n<p>Hojicha lahko postre\u017eemo toplo ali hladno, infundirano (v listih) ali raztopljeno (v prahu), v latte, ledeni latte ali v hrani, kot so sladoledi in pecivo z okusom hojicha. To vam omogo\u010da, da ustvarite sezonske specialitete in edinstvene pija\u010de s podpisom, ki va\u0161o kavarno lo\u010dijo od konkurence. <\/p>\n<div class=\"wp-block-image\">\n<figure class=\"aligncenter size-full is-resized\"><img decoding=\"async\" width=\"1000\" height=\"704\" src=\"https:\/\/hojichawholesale.eu\/wp-content\/uploads\/2024\/10\/Depositphotos_505676462_S.avif\" alt=\"\" class=\"wp-image-5452\" style=\"width:553px;height:auto\" srcset=\"https:\/\/hojichawholesale.eu\/wp-content\/uploads\/2024\/10\/Depositphotos_505676462_S.avif 1000w, https:\/\/hojichawholesale.eu\/wp-content\/uploads\/2024\/10\/Depositphotos_505676462_S-300x211.avif 300w, https:\/\/hojichawholesale.eu\/wp-content\/uploads\/2024\/10\/Depositphotos_505676462_S-768x541.avif 768w\" sizes=\"(max-width: 1000px) 100vw, 1000px\" \/><\/figure>\n<\/div>\n<h2 class=\"wp-block-heading\">4. <strong>Apelira na zdravstveno ozave\u0161\u010dene stranke<\/strong><\/h2>\n\n<p>Hojicha je zdrava pija\u010da, bogata z antioksidanti, s \u0161tevilnimi koristmi za zdravje. Znano je, da pomaga pri prebavi, zmanj\u0161uje stres in pove\u010duje dobro po\u010dutje zaradi ni\u017eje vsebnosti kofeina in vi\u0161je ravni L-teanina. L-teanin je antioksidant, ki spodbuja sprostitev brez zaspanosti.    <\/p>\n\n<p>Zaradi tega je hojicha odli\u010den dodatek k meniju va\u0161e kavarne, \u0161e posebej, ker ve\u010d kupcev i\u0161\u010de bolj zdrave mo\u017enosti.<\/p>\n\n<h2 class=\"wp-block-heading\">5. <strong>Usklajuje se z nara\u0161\u010dajo\u010do priljubljenostjo japonskega \u010daja<\/strong><\/h2>\n\n<p>Japonski \u010daji postajajo vse bolj priljubljeni po vsem svetu in hojicha ni izjema. S ponudbo hojicha lahko va\u0161a kavarna izkoristi ta trend in pritegne ljubitelje \u010daja, ki \u017eelijo poskusiti pristne in kakovostne japonske \u010daje. Va\u0161emu meniju doda obrtni\u0161ki, kulturni pridih, ki je privla\u010den za stranke, ki i\u0161\u010dejo nove, mednarodne okuse.  <\/p>\n\n<figure class=\"wp-block-image size-large\"><img decoding=\"async\" width=\"1024\" height=\"544\" src=\"https:\/\/hojichawholesale.eu\/wp-content\/uploads\/2024\/10\/hojicha-trends-1024x544.avif\" alt=\"\" class=\"wp-image-5444\" srcset=\"https:\/\/hojichawholesale.eu\/wp-content\/uploads\/2024\/10\/hojicha-trends-1024x544.avif 1024w, https:\/\/hojichawholesale.eu\/wp-content\/uploads\/2024\/10\/hojicha-trends-300x159.avif 300w, https:\/\/hojichawholesale.eu\/wp-content\/uploads\/2024\/10\/hojicha-trends-768x408.avif 768w, https:\/\/hojichawholesale.eu\/wp-content\/uploads\/2024\/10\/hojicha-trends-1536x816.avif 1536w, https:\/\/hojichawholesale.eu\/wp-content\/uploads\/2024\/10\/hojicha-trends.avif 1892w\" sizes=\"(max-width: 1024px) 100vw, 1024px\" \/><\/figure>\n\n<figure class=\"wp-block-image size-large\"><img loading=\"lazy\" decoding=\"async\" width=\"1024\" height=\"412\" src=\"https:\/\/hojichawholesale.eu\/wp-content\/uploads\/2024\/10\/hojicha-trends-countries-1024x412.avif\" alt=\"\" class=\"wp-image-5459\" srcset=\"https:\/\/hojichawholesale.eu\/wp-content\/uploads\/2024\/10\/hojicha-trends-countries-1024x412.avif 1024w, https:\/\/hojichawholesale.eu\/wp-content\/uploads\/2024\/10\/hojicha-trends-countries-300x121.avif 300w, https:\/\/hojichawholesale.eu\/wp-content\/uploads\/2024\/10\/hojicha-trends-countries-768x309.avif 768w, https:\/\/hojichawholesale.eu\/wp-content\/uploads\/2024\/10\/hojicha-trends-countries-1536x618.avif 1536w, https:\/\/hojichawholesale.eu\/wp-content\/uploads\/2024\/10\/hojicha-trends-countries.avif 1873w\" sizes=\"(max-width: 1024px) 100vw, 1024px\" \/><\/figure>\n\n<h2 class=\"wp-block-heading\">6. <strong>Okolju prijazno in trajnostno<\/strong><\/h2>\n\n<p>Na\u0161a hojicha izvira iz trajnostnih \u010dajnih kmetij na Japonskem, kjer se tradicionalne tehnike pra\u017eenja prena\u0161ajo iz generacije v generacijo.  <\/p>\n\n<p>Ponudba hojicha ka\u017ee zavezanost va\u0161e kavarne okolju prijaznim praksam in trajnosti, ki postaja vse pomembnej\u0161a za potro\u0161nike. Ta vidik lahko poudarite v svojem tr\u017eenju, da pritegnete ekolo\u0161ko ozave\u0161\u010dene stranke. <\/p>\n\n<h2 class=\"wp-block-heading\">7. <strong>Pove\u010da estetiko va\u0161e kavarne<\/strong><\/h2>\n\n<p>Poleg odli\u010dnega okusa hojicha ponuja tudi estetsko privla\u010dnost.  <\/p>\n\n<p>Njegova bogata, jantarno-rjava barva in minimalisti\u010dna predstavitev lahko zlahka dopolnita vizualni slog va\u0161e kavarne, ne glede na to, ali jo postre\u017eete v sodobni stekleni posodi ali tradicionalnih japonskih \u010dajnih setih. Zaradi svoje vizualne privla\u010dnosti je vreden Instagrama, kar pomaga ustvariti buzz in privabiti ve\u010d strank prek dru\u017ebenih medijev. <\/p>\n<div class=\"wp-block-image\">\n<figure class=\"aligncenter size-full is-resized\"><img loading=\"lazy\" decoding=\"async\" width=\"1000\" height=\"668\" src=\"https:\/\/hojichawholesale.eu\/wp-content\/uploads\/2024\/10\/Depositphotos_466456178_S-1.avif\" alt=\"\" class=\"wp-image-5450\" style=\"width:504px;height:auto\" srcset=\"https:\/\/hojichawholesale.eu\/wp-content\/uploads\/2024\/10\/Depositphotos_466456178_S-1.avif 1000w, https:\/\/hojichawholesale.eu\/wp-content\/uploads\/2024\/10\/Depositphotos_466456178_S-1-300x200.avif 300w, https:\/\/hojichawholesale.eu\/wp-content\/uploads\/2024\/10\/Depositphotos_466456178_S-1-768x513.avif 768w\" sizes=\"(max-width: 1000px) 100vw, 1000px\" \/><figcaption class=\"wp-element-caption\">Hojicha torta.  <\/figcaption><\/figure>\n<\/div>\n<h2 class=\"wp-block-heading\">8. <strong>Enostavna integracija<\/strong><\/h2>\n\n<p>Vklju\u010ditev hojicha v meni kavarne je preprosta.  <\/p>\n\n<p>Zahteva minimalno pripravo in ga je mogo\u010de narediti s standardno opremo kavarne, ne glede na to, ali kuhate tradicionalno skodelico \u010daja ali pripravljate hojicha latte.  <\/p>\n\n<p>Ponujamo veleprodajne mo\u017enosti, prilagojene potrebam kavarn, kar zagotavlja, da imate visokokakovostno hojicho, ki jo je enostavno shraniti in uporabiti v razli\u010dnih receptih.<\/p>\n\n<h2 class=\"wp-block-heading\">9. Enostaven za tr\u017eenje<\/h2>\n\n<p>Narava izdelka vam daje \u0161irok spekter zornih kotov, ki jih lahko uporabite pri tr\u017eenju, od modne japonske pija\u010de do pija\u010de, ki krepi zdravje.<\/p>\n\n<p>Nizki proizvodni stro\u0161ki vam omogo\u010dajo popoln nadzor nad va\u0161imi profitnimi mar\u017eami.<\/p>\n\n<p>S ponudbo hojicha ne dodajate le \u0161e ene pija\u010de v svoj meni &#8211; svojim strankam zagotavljate edinstveno izku\u0161njo.  <\/p>\n\n<p>To je \u010daj, ki je privla\u010den tako za zdravstveno ozave\u0161\u010deno mno\u017eico kot za tiste, ki i\u0161\u010dejo nekaj novega.<\/p>\n\n<h2 class=\"wp-block-heading\">Zahtevajte vzorec<\/h2>\n\n<p>Vas zanimajo bogati, pra\u017eeni okusi na\u0161e vrhunske hojiche?  <\/p>\n\n<p>Samo izpolnite svoje podatke spodaj in poslali vam bomo vzorec. Sporo\u010dite nam, \u010de imate posebne zahteve, in z veseljem bomo prilagodili na\u0161o ponudbo va\u0161im poslovnim potrebam. <\/p>\n<div class=\"forminator-ui forminator-custom-form forminator-custom-form-1365 forminator-design--flat  forminator_ajax\" data-forminator-render=\"0\" data-form=\"forminator-module-1365\" data-uid=\"69d43eb35b3e4\"><br\/><\/div><form\n\t\t\t\tid=\"forminator-module-1365\"\n\t\t\t\tclass=\"forminator-ui forminator-custom-form forminator-custom-form-1365 forminator-design--flat  forminator_ajax\"\n\t\t\t\tmethod=\"post\"\n\t\t\t\tdata-forminator-render=\"0\"\n\t\t\t\tdata-form-id=\"1365\"\n\t\t\t\t data-color-option=\"default\" data-design=\"flat\" data-grid=\"open\" style=\"display: none;\"\n\t\t\t\tdata-uid=\"69d43eb35b3e4\"\n\t\t\t><div role=\"alert\" aria-live=\"polite\" class=\"forminator-response-message forminator-error\" aria-hidden=\"true\"><\/div><div class=\"forminator-row\"><div id=\"name-1\" class=\"forminator-field-name forminator-col forminator-col-6 \"><div class=\"forminator-field\"><input type=\"text\" name=\"name-1\" value=\"\" placeholder=\"First Name\" id=\"forminator-field-name-1_69d43eb35b3e4\" class=\"forminator-input forminator-name--field\" aria-required=\"true\" autocomplete=\"name\" \/><\/div><\/div><div id=\"name-2\" class=\"forminator-field-name forminator-col forminator-col-6 \"><div class=\"forminator-field\"><input type=\"text\" name=\"name-2\" value=\"\" placeholder=\"Last Name\" id=\"forminator-field-name-2_69d43eb35b3e4\" class=\"forminator-input forminator-name--field\" aria-required=\"true\" autocomplete=\"name\" \/><\/div><\/div><\/div><div class=\"forminator-row\"><div id=\"email-1\" class=\"forminator-field-email forminator-col forminator-col-12 \"><div class=\"forminator-field\"><input type=\"email\" name=\"email-1\" value=\"\" placeholder=\"Email\" id=\"forminator-field-email-1_69d43eb35b3e4\" class=\"forminator-input forminator-email--field\" data-required=\"true\" aria-required=\"true\" autocomplete=\"email\" \/><\/div><\/div><\/div><div class=\"forminator-row\"><div id=\"phone-1\" class=\"forminator-field-phone forminator-col forminator-col-12 \"><div class=\"forminator-field\"><input type=\"text\" name=\"phone-1\" value=\"\" placeholder=\"Phone\" id=\"forminator-field-phone-1_69d43eb35b3e4\" class=\"forminator-input forminator-field--phone\" data-required=\"\" aria-required=\"false\" autocomplete=\"off\" \/><\/div><\/div><\/div><div class=\"forminator-row\"><div id=\"textarea-1\" class=\"forminator-field-textarea forminator-col forminator-col-12 \"><div class=\"forminator-field\"><textarea name=\"textarea-1\" placeholder=\"Message\" id=\"forminator-field-textarea-1_69d43eb35b3e4\" class=\"forminator-textarea\" rows=\"6\" style=\"min-height:140px;\" ><\/textarea><span id=\"forminator-field-textarea-1_69d43eb35b3e4-description\" class=\"forminator-description\"><span data-limit=\"300\" data-type=\"words\" data-editor=\"\">0 \/ 300<\/span><\/span><\/div><\/div><\/div><div class=\"forminator-row\"><\/div><input type=\"hidden\" name=\"referer_url\" value=\"\" \/><div class=\"forminator-row forminator-row-last\"><div class=\"forminator-col\"><div class=\"forminator-field\"><button class=\"forminator-button forminator-button-submit\">Send<\/button><\/div><\/div><\/div><input type=\"hidden\" id=\"forminator_nonce\" name=\"forminator_nonce\" value=\"8ad7e0b691\" \/><input type=\"hidden\" name=\"_wp_http_referer\" value=\"\/sl\/wp-json\/wp\/v2\/pages\/8179\" \/><input type=\"hidden\" name=\"form_id\" value=\"1365\"><input type=\"hidden\" name=\"page_id\" value=\"8179\"><input type=\"hidden\" name=\"form_type\" value=\"default\"><input type=\"hidden\" name=\"current_url\" value=\"https:\/\/hojichawholesale.eu\/sl\/hojicha-za-kavarne\/\"><input type=\"hidden\" name=\"render_id\" value=\"0\"><input type=\"hidden\" name=\"action\" value=\"forminator_submit_form_custom-forms\"><label for=\"input_6\" class=\"forminator-hidden\" aria-hidden=\"true\">Please do not fill in this field. <input id=\"input_6\" type=\"text\" name=\"input_6\" value=\"\" autocomplete=\"off\"><\/label><\/form>\n\n<p><\/p>\n","protected":false},"excerpt":{"rendered":"<p>Hojicha za kavarne Hojicha, pra\u017een japonski zeleni \u010daj, je popoln dodatek k va\u0161emu meniju pija\u010d. Ne samo, da zagotavlja zna\u010dilen okus, temve\u010d tudi izkori\u0161\u010da nara\u0161\u010dajo\u010di trend visokokakovostnih, zdravih in obrtni\u0161kih pija\u010d. Tukaj je razlog, zakaj vam bo uvedba hojicha v va\u0161o kavarno pomagala izstopati od konkurence in poskrbeti za nov segment strank. 1. Edinstven okus [&hellip;]<\/p>\n","protected":false},"author":1,"featured_media":8184,"parent":0,"menu_order":0,"comment_status":"closed","ping_status":"closed","template":"","meta":{"_surecart_dashboard_logo_width":"180px","_surecart_dashboard_show_logo":true,"_surecart_dashboard_navigation_orders":true,"_surecart_dashboard_navigation_invoices":true,"_surecart_dashboard_navigation_subscriptions":true,"_surecart_dashboard_navigation_downloads":true,"_surecart_dashboard_navigation_billing":true,"_surecart_dashboard_navigation_account":true,"footnotes":""},"class_list":["post-8179","page","type-page","status-publish","has-post-thumbnail","hentry","entry","has-media"],"mb":[],"mfb_rest_fields":["title","gutenberg_elementor_mode"],"_links":{"self":[{"href":"https:\/\/hojichawholesale.eu\/sl\/wp-json\/wp\/v2\/pages\/8179","targetHints":{"allow":["GET"]}}],"collection":[{"href":"https:\/\/hojichawholesale.eu\/sl\/wp-json\/wp\/v2\/pages"}],"about":[{"href":"https:\/\/hojichawholesale.eu\/sl\/wp-json\/wp\/v2\/types\/page"}],"author":[{"embeddable":true,"href":"https:\/\/hojichawholesale.eu\/sl\/wp-json\/wp\/v2\/users\/1"}],"replies":[{"embeddable":true,"href":"https:\/\/hojichawholesale.eu\/sl\/wp-json\/wp\/v2\/comments?post=8179"}],"version-history":[{"count":0,"href":"https:\/\/hojichawholesale.eu\/sl\/wp-json\/wp\/v2\/pages\/8179\/revisions"}],"wp:featuredmedia":[{"embeddable":true,"href":"https:\/\/hojichawholesale.eu\/sl\/wp-json\/wp\/v2\/media\/8184"}],"wp:attachment":[{"href":"https:\/\/hojichawholesale.eu\/sl\/wp-json\/wp\/v2\/media?parent=8179"}],"curies":[{"name":"wp","href":"https:\/\/api.w.org\/{rel}","templated":true}]}}