{"id":8002,"date":"2024-08-24T19:47:32","date_gmt":"2024-08-24T19:47:32","guid":{"rendered":"https:\/\/hojichawholesale.eu\/o-podjetju-hojicha-wholesale\/"},"modified":"2026-03-06T16:46:53","modified_gmt":"2026-03-06T16:46:53","slug":"o-podjetju-hojicha-wholesale","status":"publish","type":"page","link":"https:\/\/hojichawholesale.eu\/sl\/o-podjetju-hojicha-wholesale\/","title":{"rendered":"O podjetju Hojicha Wholesale"},"content":{"rendered":"\n<h1 class=\"wp-block-heading\">O podjetju Hojicha Wholesale<\/h1>\n\n<p>Hojicha Wholesale je evropski veleveleselec, posve\u010den japonskim hojicha.<\/p>\n\n<p>Na\u0161e poslanstvo je zagotavljati vrhunski hojicha \u010daj blagovnim znamkam in podjetjem v HORECA industriji. Uva\u017eamo na debelo koli\u010dine vrhunske hojiche od na\u0161ih zaupanja vrednih dobaviteljev na Japonskem in jih razdeljujemo po evropski celini v restavracije, hotele, kavarne in neodvisne \u010dajne trgovine. <\/p>\n\n<p>Ponujamo vam tri garancije:<\/p>\n\n<ol class=\"wp-block-list\">\n<li><strong>Nizko MOQ:<\/strong> ne glede na to, ali ste uveljavljeno podjetje, ki potrebuje na stotine vre\u010dk, ali majhna neodvisna kavarna, ki se \u0161ele za\u010denja, se Hojicha Wholesale prilagaja va\u0161im potrebam z enako kakovostjo storitev na ravni podjetja.  <\/li>\n\n\n\n<li><strong>Odzivnost in storitev<\/strong>: po\u0161iljamo hitro in ponujamo \u0161iroko paleto na\u010dinov po\u0161iljanja.  <\/li>\n\n\n\n<li><strong>Prijazna podpora strankam: <\/strong>na voljo smo 365 dni v letu.  <\/li>\n<\/ol>\n\n<h2 class=\"wp-block-heading\"><strong>Na\u0161i izdelki<\/strong><\/h2>\n\n<p>Ponujamo skrbno izbrano izbiro sort hojiche, vsaka pridobljena neposredno od najbolj\u0161ih pridelovalcev \u010daja.  <\/p>\n\n<p>Na\u0161e izdelke najdete neposredno v <a href=\"https:\/\/hojichawholesale.eu\/sl\/nakupujte-na-surecartu\/\" data-type=\"link\" data-id=\"https:\/\/hojichawholesale.eu\/shop\/\">na\u0161em katalogu<\/a>.<\/p>\n\n<h2 class=\"wp-block-heading\"><strong>Zakaj izbrati nas?<\/strong><\/h2>\n\n<ul class=\"wp-block-list\">\n<li><strong>Kakovost na prvem mestu:<\/strong> Dostavljamo najvi\u0161jo kakovost hojicha. Vsaka serija je strogo preizku\u0161ena, da se zagotovi doslednost in okus. <\/li>\n\n\n\n<li><strong>Neposredni vir:<\/strong> Tesno sodelujemo z na\u0161imi dobavitelji, da vam prinesemo hojicha, ki odra\u017ea pristen okus Japonske.<\/li>\n\n\n\n<li><strong>Prilagojene re\u0161itve:<\/strong> Ne glede na to, ali vodite majhno kavarno ali veliko hotelsko verigo, ponujamo re\u0161itve po meri, ki ustrezajo va\u0161im specifi\u010dnim potrebam.  <\/li>\n\n\n\n<li><strong>Zanesljiva distribucija:<\/strong> Smo v idealnem polo\u017eaju, da slu\u017eimo strankam po vsej evropski celini. Na\u0161a logistika zagotavlja pravo\u010dasne dostave, tako da vam nikoli ne zmanjka zalog. <\/li>\n<\/ul>\n\n<h2 class=\"wp-block-heading\">Kje se nahajamo?<\/h2>\n\n<p>Imamo sede\u017e v Belgiji.<\/p>\n\n<h2 class=\"wp-block-heading\">Kak\u0161na je va\u0161a zgodovina?<\/h2>\n\n<p>Hojicha Wholesale se je za\u010del, ko se je ustanovitelj Aure trudil najti zanesljivega dobavitelja hojicha za svojo maloprodajno trgovino s \u010dajem <a href=\"https:\/\/senchatea.be\/\" target=\"_blank\" rel=\"noopener\">senchatea.be<\/a>.<\/p>\n\n<p>Hojicha je eden najpomembnej\u0161ih trendov v japonski \u010dajni industriji. \u017delimo, da bi bil ta fantasti\u010den in vsestranski \u010daj hitro dostopen kavarnam, hotelom, restavracijam in \u010dajnicam po vsej Evropi, ne da bi morali naro\u010dati velike koli\u010dine.   <\/p>\n\n<h2 class=\"wp-block-heading\">Zahtevajte vzorec<\/h2>\n\n<p>Vas zanimajo bogati, pra\u017eeni okusi na\u0161e vrhunske hojiche?  <\/p>\n\n<p>Samo izpolnite svoje podatke spodaj in poslali vam bomo vzorec. Sporo\u010dite nam, \u010de imate posebne zahteve, in z veseljem bomo prilagodili na\u0161o ponudbo va\u0161im poslovnim potrebam. <\/p>\n<div class=\"forminator-ui forminator-custom-form forminator-custom-form-1365 forminator-design--flat  forminator_ajax\" data-forminator-render=\"0\" data-form=\"forminator-module-1365\" data-uid=\"69d43f106baee\"><br\/><\/div><form\n\t\t\t\tid=\"forminator-module-1365\"\n\t\t\t\tclass=\"forminator-ui forminator-custom-form forminator-custom-form-1365 forminator-design--flat  forminator_ajax\"\n\t\t\t\tmethod=\"post\"\n\t\t\t\tdata-forminator-render=\"0\"\n\t\t\t\tdata-form-id=\"1365\"\n\t\t\t\t data-color-option=\"default\" data-design=\"flat\" data-grid=\"open\" style=\"display: none;\"\n\t\t\t\tdata-uid=\"69d43f106baee\"\n\t\t\t><div role=\"alert\" aria-live=\"polite\" class=\"forminator-response-message forminator-error\" aria-hidden=\"true\"><\/div><div class=\"forminator-row\"><div id=\"name-1\" class=\"forminator-field-name forminator-col forminator-col-6 \"><div class=\"forminator-field\"><input type=\"text\" name=\"name-1\" value=\"\" placeholder=\"First Name\" id=\"forminator-field-name-1_69d43f106baee\" class=\"forminator-input forminator-name--field\" aria-required=\"true\" autocomplete=\"name\" \/><\/div><\/div><div id=\"name-2\" class=\"forminator-field-name forminator-col forminator-col-6 \"><div class=\"forminator-field\"><input type=\"text\" name=\"name-2\" value=\"\" placeholder=\"Last Name\" id=\"forminator-field-name-2_69d43f106baee\" class=\"forminator-input forminator-name--field\" aria-required=\"true\" autocomplete=\"name\" \/><\/div><\/div><\/div><div class=\"forminator-row\"><div id=\"email-1\" class=\"forminator-field-email forminator-col forminator-col-12 \"><div class=\"forminator-field\"><input type=\"email\" name=\"email-1\" value=\"\" placeholder=\"Email\" id=\"forminator-field-email-1_69d43f106baee\" class=\"forminator-input forminator-email--field\" data-required=\"true\" aria-required=\"true\" autocomplete=\"email\" \/><\/div><\/div><\/div><div class=\"forminator-row\"><div id=\"phone-1\" class=\"forminator-field-phone forminator-col forminator-col-12 \"><div class=\"forminator-field\"><input type=\"text\" name=\"phone-1\" value=\"\" placeholder=\"Phone\" id=\"forminator-field-phone-1_69d43f106baee\" class=\"forminator-input forminator-field--phone\" data-required=\"\" aria-required=\"false\" autocomplete=\"off\" \/><\/div><\/div><\/div><div class=\"forminator-row\"><div id=\"textarea-1\" class=\"forminator-field-textarea forminator-col forminator-col-12 \"><div class=\"forminator-field\"><textarea name=\"textarea-1\" placeholder=\"Message\" id=\"forminator-field-textarea-1_69d43f106baee\" class=\"forminator-textarea\" rows=\"6\" style=\"min-height:140px;\" ><\/textarea><span id=\"forminator-field-textarea-1_69d43f106baee-description\" class=\"forminator-description\"><span data-limit=\"300\" data-type=\"words\" data-editor=\"\">0 \/ 300<\/span><\/span><\/div><\/div><\/div><div class=\"forminator-row\"><\/div><input type=\"hidden\" name=\"referer_url\" value=\"\" \/><div class=\"forminator-row forminator-row-last\"><div class=\"forminator-col\"><div class=\"forminator-field\"><button class=\"forminator-button forminator-button-submit\">Send<\/button><\/div><\/div><\/div><input type=\"hidden\" id=\"forminator_nonce\" name=\"forminator_nonce\" value=\"8ad7e0b691\" \/><input type=\"hidden\" name=\"_wp_http_referer\" value=\"\/sl\/wp-json\/wp\/v2\/pages\/8002\" \/><input type=\"hidden\" name=\"form_id\" value=\"1365\"><input type=\"hidden\" name=\"page_id\" value=\"8002\"><input type=\"hidden\" name=\"form_type\" value=\"default\"><input type=\"hidden\" name=\"current_url\" value=\"https:\/\/hojichawholesale.eu\/sl\/o-podjetju-hojicha-wholesale\/\"><input type=\"hidden\" name=\"render_id\" value=\"0\"><input type=\"hidden\" name=\"action\" value=\"forminator_submit_form_custom-forms\"><label for=\"input_6\" class=\"forminator-hidden\" aria-hidden=\"true\">Please do not fill in this field. <input id=\"input_6\" type=\"text\" name=\"input_6\" value=\"\" autocomplete=\"off\"><\/label><\/form>\n\n<p><\/p>\n","protected":false},"excerpt":{"rendered":"<p>O podjetju Hojicha Wholesale Hojicha Wholesale je evropski veleveleselec, posve\u010den japonskim hojicha. Na\u0161e poslanstvo je zagotavljati vrhunski hojicha \u010daj blagovnim znamkam in podjetjem v HORECA industriji. Uva\u017eamo na debelo koli\u010dine vrhunske hojiche od na\u0161ih zaupanja vrednih dobaviteljev na Japonskem in jih razdeljujemo po evropski celini v restavracije, hotele, kavarne in neodvisne \u010dajne trgovine. Ponujamo vam [&hellip;]<\/p>\n","protected":false},"author":1,"featured_media":0,"parent":0,"menu_order":0,"comment_status":"closed","ping_status":"closed","template":"","meta":{"_surecart_dashboard_logo_width":"180px","_surecart_dashboard_show_logo":true,"_surecart_dashboard_navigation_orders":true,"_surecart_dashboard_navigation_invoices":true,"_surecart_dashboard_navigation_subscriptions":true,"_surecart_dashboard_navigation_downloads":true,"_surecart_dashboard_navigation_billing":true,"_surecart_dashboard_navigation_account":true,"footnotes":""},"class_list":["post-8002","page","type-page","status-publish","hentry","entry"],"mb":[],"mfb_rest_fields":["title","gutenberg_elementor_mode"],"_links":{"self":[{"href":"https:\/\/hojichawholesale.eu\/sl\/wp-json\/wp\/v2\/pages\/8002","targetHints":{"allow":["GET"]}}],"collection":[{"href":"https:\/\/hojichawholesale.eu\/sl\/wp-json\/wp\/v2\/pages"}],"about":[{"href":"https:\/\/hojichawholesale.eu\/sl\/wp-json\/wp\/v2\/types\/page"}],"author":[{"embeddable":true,"href":"https:\/\/hojichawholesale.eu\/sl\/wp-json\/wp\/v2\/users\/1"}],"replies":[{"embeddable":true,"href":"https:\/\/hojichawholesale.eu\/sl\/wp-json\/wp\/v2\/comments?post=8002"}],"version-history":[{"count":0,"href":"https:\/\/hojichawholesale.eu\/sl\/wp-json\/wp\/v2\/pages\/8002\/revisions"}],"wp:attachment":[{"href":"https:\/\/hojichawholesale.eu\/sl\/wp-json\/wp\/v2\/media?parent=8002"}],"curies":[{"name":"wp","href":"https:\/\/api.w.org\/{rel}","templated":true}]}}