{"id":8530,"date":"2024-12-11T21:40:39","date_gmt":"2024-12-11T21:40:39","guid":{"rendered":"https:\/\/hojichawholesale.eu\/biela-etiketa-hojicha\/"},"modified":"2026-04-13T14:40:02","modified_gmt":"2026-04-13T14:40:02","slug":"biela-etiketa-hojicha","status":"publish","type":"page","link":"https:\/\/hojichawholesale.eu\/sk\/biela-etiketa-hojicha\/","title":{"rendered":"Biela etiketa Hojicha"},"content":{"rendered":"\n<h1 class=\"wp-block-heading\">Biela etiketa Hojicha<\/h1>\n\n<p>Ste pripraven\u00ed spusti\u0165 vlastn\u00fa zna\u010dku \u010daju alebo roz\u0161\u00edri\u0165 svoj produktov\u00fd rad? Poskytujeme <a href=\"https:\/\/doypacked.eu\/\" target=\"_blank\" rel=\"noopener\">kompletn\u00fd produk\u010dn\u00fd t\u00edm<\/a> , ktor\u00fd posunie v\u00e1\u0161 produkt od surovej ingrediencie a\u017e po majstrovsk\u00e9 dielo pripraven\u00e9 na pulty, vybaven\u00fd na zvl\u00e1dnutie ka\u017ed\u00e9ho kroku cesty va\u0161ej zna\u010dky: <\/p>\n\n<h3 class=\"wp-block-heading\">1. Odborn\u00e9 z\u00edskavanie zdrojov<\/h3>\n\n<p>Preklenujeme priepas\u0165 medzi japonsk\u00fdmi \u010dajov\u00fdmi farmami a va\u0161\u00edm podnikan\u00edm. Z\u00edskavame vysoko kvalitn\u00e9, autentick\u00e9 listy a pr\u00e1\u0161ky hojicha priamo z Japonska, \u010d\u00edm zabezpe\u010dujeme konzistentn\u00fa chu\u0165 a pr\u00e9miov\u00fa kvalitu pre va\u0161ich z\u00e1kazn\u00edkov. <\/p>\n\n<h3 class=\"wp-block-heading\">2. Vlastn\u00fd recept a mie\u0161anie pr\u00e1\u0161kov<\/h3>\n\n<p>M\u00e1te jedine\u010dn\u00fa v\u00edziu? Vieme vytvori\u0165 vlastn\u00e9 zmesi prisp\u00f4soben\u00e9 va\u0161ej zna\u010dke. \u010ci u\u017e chcete mie\u0161a\u0165 hojichu s funk\u010dn\u00fdmi ingredienciami, chu\u0165ami alebo sladidlami, vieme presne rozmixova\u0165 ak\u00fdko\u013evek recept, ktor\u00fd potrebujete.  <\/p>\n\n<h3 class=\"wp-block-heading\">3. Profesion\u00e1lne balenie a ozna\u010dovanie<\/h3>\n\n<p>Pon\u00fakame flexibiln\u00e9 mo\u017enosti balenia, ktor\u00e9 vyhovuj\u00fa estetike va\u0161ej zna\u010dky:<\/p>\n\n<ul class=\"wp-block-list\">\n<li><strong>Doypacky:<\/strong> Modern\u00e9, stojace vrec\u00fa\u0161ka dostupn\u00e9 s <strong>kvalitnou vlastnou tla\u010dou<\/strong> alebo <strong>aplik\u00e1ciou \u0161t\u00edtkov<\/strong>.<\/li>\n\n\n\n<li><strong>Plechovky:<\/strong> Pr\u00e9miov\u00e9, odoln\u00e9 kovov\u00e9 plechovky pre luxusn\u00fd pocit, dokon\u010den\u00e9 odborn\u00fdm lepen\u00edm \u0161t\u00edtkov pre \u010dist\u00fd, profesion\u00e1lny vzh\u013ead.<\/li>\n<\/ul>\n\n<h3 class=\"wp-block-heading\">4. Zachovanie \u010derstvosti (dus\u00edkov\u00e9 preplachovanie)<\/h3>\n\n<p>Aby va\u0161a hojicha chutila rovnako \u010derstvo ako v de\u0148 pra\u017eenia, pon\u00fakame <strong>preplachovanie dus\u00edkom<\/strong>. Nahraden\u00edm kysl\u00edka potravin\u00e1rskym dus\u00edkom po\u010das procesu uzatv\u00e1rania v\u00fdrazne predl\u017eujeme trvanlivos\u0165 a zachov\u00e1vame jemn\u00fa ar\u00f3mu a \u017eiariv\u00fa chu\u0165 v\u00e1\u0161ho \u010daju. <\/p>\n\n<h2 class=\"wp-block-heading\"><strong>Pre\u010do biela zna\u010dka Hojicha?<\/strong><\/h2>\n\n<ul class=\"wp-block-list\">\n<li><strong>Zameranie na rast:<\/strong> Zverte n\u00e1m z\u00edskavanie a v\u00fdrobu, aby ste sa mohli plne s\u00fastredi\u0165 na marketing a predaj. My rie\u0161ime logistiku; Budujete zna\u010dku. <\/li>\n\n\n\n<li><strong>\u00dapln\u00e1 tvoriv\u00e1 kontrola:<\/strong> Od konkr\u00e9tneho profilu pra\u017eenia pr\u00e1\u0161ku a\u017e po fin\u00e1lnu estetiku balenia, realizujeme va\u0161u v\u00edziu do najmen\u0161\u00edch detailov.<\/li>\n\n\n\n<li><strong>Oper\u00e1cie z v\u00e1\u0161ho desktopu:<\/strong> \u010ci u\u017e cielite na Amazon FBA alebo ve\u013ek\u00e9 supermarkety, riadime dod\u00e1vate\u013esk\u00fd re\u0165azec a doru\u010dujeme priamo do va\u0161ich ur\u010den\u00fdch centier.<\/li>\n\n\n\n<li><strong>Orientujte sa v predpisoch s \u013eahkos\u0165ou:<\/strong> Dodr\u017eiavanie predpisov v oblasti potrav\u00edn je zlo\u017eit\u00e9 a n\u00e1kladn\u00e9. Vyhnite sa regula\u010dn\u00fdm probl\u00e9mom vyu\u017eit\u00edm na\u0161ich certifikovan\u00fdch, zjednodu\u0161en\u00fdch procesov. <\/li>\n<\/ul>\n\n<p><strong>V\u00fdhoda pln\u00e9ho servisu<\/strong>: V\u00e4\u010d\u0161ina ve\u013ekoobchodn\u00edkov s \u010dajom sa zastav\u00ed pri 1kg vrecku. To n\u00fati zna\u010dky h\u013eada\u0165 sekund\u00e1rneho ko-packera, \u010do predl\u017euje dodacie lehoty a zni\u017euje ziskov\u00e9 mar\u017ee. Sme in\u00ed: zvl\u00e1dame v\u0161etko od hromadn\u00e9ho obstar\u00e1vania a\u017e po maloobchodn\u00e9 50g plechovky alebo doypacky.  <\/p>\n\n<h2 class=\"wp-block-heading\"><strong>Proces White Label: Krok za krokom<\/strong><\/h2>\n\n<ol class=\"wp-block-list\">\n<li><strong>Vyberte si \u010daj:<\/strong> Pon\u00fakame \u0161irok\u00fd v\u00fdber \u010dajov, z ktor\u00fdch si m\u00f4\u017eete vybra\u0165.<\/li>\n\n\n\n<li><strong>Vyberte balenie:<\/strong> Doypacky alebo plechovky, pr\u00e1zdne alebo potla\u010den\u00e9, ozna\u010den\u00e9 alebo neozna\u010den\u00e9, m\u00e1me cel\u00fd rad flexibiln\u00fdch mo\u017enost\u00ed, ktor\u00e9 v\u00e1m zabezpe\u010dia dobr\u00fd pocit zo svojej zna\u010dky a produktu.<\/li>\n\n\n\n<li><strong>Za\u010dnite pred\u00e1va\u0165:<\/strong> S va\u0161ou zna\u010dkou ste pripraven\u00ed predstavi\u0165 svojim z\u00e1kazn\u00edkom pr\u00e9miov\u00fa hojichu priv\u00e1tnej zna\u010dky, v\u010faka \u010domu bude jedine\u010dne va\u0161a.<\/li>\n<\/ol>\n\n<h2 class=\"wp-block-heading\"><strong>Pre\u010do spolupracova\u0165 s ve\u013ekoobchodom Hojicha?<\/strong><\/h2>\n\n<ul class=\"wp-block-list\">\n<li><strong>Odborn\u00e9 zdroje:<\/strong> Vybudovali sme siln\u00e9 partnerstv\u00e1 so sk\u00fasen\u00fdmi pestovate\u013emi a v\u00fdrobcami \u010daju v Japonsku, \u010d\u00edm sme zabezpe\u010dili konzistentn\u00fa kvalitu a dod\u00e1vky.<\/li>\n\n\n\n<li><strong>Jednoduch\u00e1 integr\u00e1cia:<\/strong> Na\u0161e white-label rie\u0161enia s\u00fa navrhnut\u00e9 s oh\u013eadom na jednoduchos\u0165. \u017diadne zlo\u017eit\u00e9 procesy, sta\u010d\u00ed prida\u0165 prvky zna\u010dky a za\u010da\u0165 pred\u00e1va\u0165. <\/li>\n\n\n\n<li><strong>Oddan\u00e1 podpora:<\/strong> Sme tu, aby sme v\u00e1m pomohli na ka\u017edom kroku, od po\u010diato\u010dn\u00fdch po\u017eiadaviek na objedn\u00e1vku a\u017e po popredajn\u00fa podporu.<\/li>\n<\/ul>\n\n<h2 class=\"wp-block-heading\"><strong>Ste pripraven\u00ed za\u010da\u0165?<\/strong><\/h2>\n\n<p>Kontaktujte n\u00e1s e\u0161te dnes a po\u017eiadajte o cenov\u00fa ponuku, zistite viac o na\u0161ich cenov\u00fdch \u00farovniach a za\u010dnite proces white-label. Radi v\u00e1m pom\u00f4\u017eeme za\u010da\u0165! <\/p>\n<p><div class=\"forminator-ui forminator-custom-form forminator-custom-form-1365 forminator-design--flat  forminator_ajax\" data-forminator-render=\"0\" data-form=\"forminator-module-1365\" data-uid=\"69f45d605c374\"><br\/><\/div><form\n\t\t\t\tid=\"forminator-module-1365\"\n\t\t\t\tclass=\"forminator-ui forminator-custom-form forminator-custom-form-1365 forminator-design--flat  forminator_ajax\"\n\t\t\t\tmethod=\"post\"\n\t\t\t\tdata-forminator-render=\"0\"\n\t\t\t\tdata-form-id=\"1365\"\n\t\t\t\t data-color-option=\"default\" data-design=\"flat\" data-grid=\"open\" style=\"display: none;\"\n\t\t\t\tdata-uid=\"69f45d605c374\"\n\t\t\t><div role=\"alert\" aria-live=\"polite\" class=\"forminator-response-message forminator-error\" aria-hidden=\"true\"><\/div><div class=\"forminator-row\"><div id=\"name-1\" class=\"forminator-field-name forminator-col forminator-col-6 \"><div class=\"forminator-field\"><input type=\"text\" name=\"name-1\" value=\"\" placeholder=\"First Name\" id=\"forminator-field-name-1_69f45d605c374\" class=\"forminator-input forminator-name--field\" aria-required=\"true\" autocomplete=\"name\" \/><\/div><\/div><div id=\"name-2\" class=\"forminator-field-name forminator-col forminator-col-6 \"><div class=\"forminator-field\"><input type=\"text\" name=\"name-2\" value=\"\" placeholder=\"Last Name\" id=\"forminator-field-name-2_69f45d605c374\" class=\"forminator-input forminator-name--field\" aria-required=\"true\" autocomplete=\"name\" \/><\/div><\/div><\/div><div class=\"forminator-row\"><div id=\"email-1\" class=\"forminator-field-email forminator-col forminator-col-12 \"><div class=\"forminator-field\"><input type=\"email\" name=\"email-1\" value=\"\" placeholder=\"Email\" id=\"forminator-field-email-1_69f45d605c374\" class=\"forminator-input forminator-email--field\" data-required=\"true\" aria-required=\"true\" autocomplete=\"email\" \/><\/div><\/div><\/div><div class=\"forminator-row\"><div id=\"phone-1\" class=\"forminator-field-phone forminator-col forminator-col-12 \"><div class=\"forminator-field\"><input type=\"text\" name=\"phone-1\" value=\"\" placeholder=\"Phone\" id=\"forminator-field-phone-1_69f45d605c374\" class=\"forminator-input forminator-field--phone\" data-required=\"\" aria-required=\"false\" autocomplete=\"off\" \/><\/div><\/div><\/div><div class=\"forminator-row\"><div id=\"textarea-1\" class=\"forminator-field-textarea forminator-col forminator-col-12 \"><div class=\"forminator-field\"><textarea name=\"textarea-1\" placeholder=\"Message\" id=\"forminator-field-textarea-1_69f45d605c374\" class=\"forminator-textarea\" rows=\"6\" style=\"--forminator-textarea-min-height:140px;\" ><\/textarea><span id=\"forminator-field-textarea-1_69f45d605c374-description\" class=\"forminator-description\"><span data-limit=\"300\" data-type=\"words\" data-editor=\"\">0 \/ 300<\/span><\/span><\/div><\/div><\/div><div class=\"forminator-row\"><\/div><input type=\"hidden\" name=\"referer_url\" value=\"\" \/><div class=\"forminator-row forminator-row-last\"><div class=\"forminator-col\"><div class=\"forminator-field\"><button class=\"forminator-button forminator-button-submit\">Send<\/button><\/div><\/div><\/div><input type=\"hidden\" id=\"forminator_nonce\" name=\"forminator_nonce\" value=\"981ce075ea\" \/><input type=\"hidden\" name=\"_wp_http_referer\" value=\"\/sk\/wp-json\/wp\/v2\/pages\/8530\" \/><input type=\"hidden\" name=\"form_id\" value=\"1365\"><input type=\"hidden\" name=\"page_id\" value=\"8530\"><input type=\"hidden\" name=\"form_type\" value=\"default\"><input type=\"hidden\" name=\"current_url\" value=\"https:\/\/hojichawholesale.eu\/sk\/biela-etiketa-hojicha\/\"><input type=\"hidden\" name=\"render_id\" value=\"0\"><input type=\"hidden\" name=\"action\" value=\"forminator_submit_form_custom-forms\"><label for=\"input_6\" class=\"forminator-hidden\" aria-hidden=\"true\">Please do not fill in this field. <input id=\"input_6\" type=\"text\" name=\"input_6\" value=\"\" autocomplete=\"off\"><\/label><\/form><\/p>\n","protected":false},"excerpt":{"rendered":"<p>Biela etiketa Hojicha Ste pripraven\u00ed spusti\u0165 vlastn\u00fa zna\u010dku \u010daju alebo roz\u0161\u00edri\u0165 svoj produktov\u00fd rad? Poskytujeme kompletn\u00fd produk\u010dn\u00fd t\u00edm , ktor\u00fd posunie v\u00e1\u0161 produkt od surovej ingrediencie a\u017e po majstrovsk\u00e9 dielo pripraven\u00e9 na pulty, vybaven\u00fd na zvl\u00e1dnutie ka\u017ed\u00e9ho kroku cesty va\u0161ej zna\u010dky: 1. Odborn\u00e9 z\u00edskavanie zdrojov Preklenujeme priepas\u0165 medzi japonsk\u00fdmi \u010dajov\u00fdmi farmami a va\u0161\u00edm podnikan\u00edm. Z\u00edskavame [&hellip;]<\/p>\n","protected":false},"author":1,"featured_media":8532,"parent":0,"menu_order":0,"comment_status":"closed","ping_status":"closed","template":"","meta":{"_surecart_dashboard_logo_width":"180px","_surecart_dashboard_show_logo":true,"_surecart_dashboard_navigation_orders":true,"_surecart_dashboard_navigation_invoices":true,"_surecart_dashboard_navigation_subscriptions":true,"_surecart_dashboard_navigation_downloads":true,"_surecart_dashboard_navigation_billing":true,"_surecart_dashboard_navigation_account":true,"footnotes":""},"class_list":["post-8530","page","type-page","status-publish","has-post-thumbnail","hentry","entry","has-media"],"mb":[],"mfb_rest_fields":["title","gutenberg_elementor_mode"],"_links":{"self":[{"href":"https:\/\/hojichawholesale.eu\/sk\/wp-json\/wp\/v2\/pages\/8530","targetHints":{"allow":["GET"]}}],"collection":[{"href":"https:\/\/hojichawholesale.eu\/sk\/wp-json\/wp\/v2\/pages"}],"about":[{"href":"https:\/\/hojichawholesale.eu\/sk\/wp-json\/wp\/v2\/types\/page"}],"author":[{"embeddable":true,"href":"https:\/\/hojichawholesale.eu\/sk\/wp-json\/wp\/v2\/users\/1"}],"replies":[{"embeddable":true,"href":"https:\/\/hojichawholesale.eu\/sk\/wp-json\/wp\/v2\/comments?post=8530"}],"version-history":[{"count":0,"href":"https:\/\/hojichawholesale.eu\/sk\/wp-json\/wp\/v2\/pages\/8530\/revisions"}],"wp:featuredmedia":[{"embeddable":true,"href":"https:\/\/hojichawholesale.eu\/sk\/wp-json\/wp\/v2\/media\/8532"}],"wp:attachment":[{"href":"https:\/\/hojichawholesale.eu\/sk\/wp-json\/wp\/v2\/media?parent=8530"}],"curies":[{"name":"wp","href":"https:\/\/api.w.org\/{rel}","templated":true}]}}