{"id":8523,"date":"2024-10-12T16:25:13","date_gmt":"2024-10-12T16:25:13","guid":{"rendered":"https:\/\/hojichawholesale.eu\/hojicha-powder-latte-velkoobchod\/"},"modified":"2025-12-10T18:55:51","modified_gmt":"2025-12-10T18:55:51","slug":"hojicha-powder-latte-velkoobchod","status":"publish","type":"page","link":"https:\/\/hojichawholesale.eu\/sk\/hojicha-powder-latte-velkoobchod\/","title":{"rendered":"Hojicha Powder Latte (ve\u013ekoobchod)"},"content":{"rendered":"\n<h1 class=\"wp-block-heading\">Hojicha Powder Latte (ve\u013ekoobchod)<\/h1>\n\n<p><strong>Na\u0161e Hojicha Powder Latte<\/strong> je vyroben\u00e9 z pr\u00e1\u0161ku hojicha, trstinov\u00e9ho cukru a guarovej gumy pre dokonale vyv\u00e1\u017een\u00fd a lahodn\u00fd n\u00e1poj. M\u00f4\u017ee sa mie\u0161a\u0165 s mliekom alebo alternat\u00edvami mlieka. <\/p>\n<div class=\"wp-block-image\">\n<figure class=\"aligncenter size-full is-resized\"><img fetchpriority=\"high\" decoding=\"async\" width=\"1000\" height=\"1000\" src=\"https:\/\/hojichawholesale.eu\/wp-content\/uploads\/2025\/01\/hojicha-latte-both.webp\" alt=\"Porovnanie pr&#xE1;&#x161;ku hojicha latte vs vyl&#xFA;hovan&#xE9;ho pr&#xE1;&#x161;ku hojicha latte.\" class=\"wp-image-7510\" style=\"width:310px;height:auto\" srcset=\"https:\/\/hojichawholesale.eu\/wp-content\/uploads\/2025\/01\/hojicha-latte-both.webp 1000w, https:\/\/hojichawholesale.eu\/wp-content\/uploads\/2025\/01\/hojicha-latte-both-300x300.webp 300w, https:\/\/hojichawholesale.eu\/wp-content\/uploads\/2025\/01\/hojicha-latte-both-150x150.webp 150w, https:\/\/hojichawholesale.eu\/wp-content\/uploads\/2025\/01\/hojicha-latte-both-768x768.webp 768w, https:\/\/hojichawholesale.eu\/wp-content\/uploads\/2025\/01\/hojicha-latte-both-600x600.webp 600w\" sizes=\"(max-width: 1000px) 100vw, 1000px\" \/><\/figure>\n<\/div>\n<hr class=\"wp-block-separator has-alpha-channel-opacity\"\/>\n\n<h2 class=\"wp-block-heading\">D\u00f4le\u017eit\u00e9 \u00fadaje o produkte<\/h2>\n\n<ul class=\"wp-block-list\">\n<li><strong>Typ<\/strong>: Instantn\u00e1 zmes Hojicha Latte<\/li>\n\n\n\n<li><strong>Zlo\u017eenie<\/strong>: pr\u00e1\u0161ok Hojicha, trstinov\u00fd cukor, guarov\u00e1 guma.<\/li>\n\n\n\n<li><strong>Balenie<\/strong>: Uzatv\u00e1rate\u013en\u00e9 stojace vrecko (Doypack) pre \u010derstvos\u0165.<\/li>\n\n\n\n<li><strong>Ve\u013ekos\u0165 porcie<\/strong>: Pribli\u017ene 8 porci\u00ed v balen\u00ed. <\/li>\n\n\n\n<li><strong>Chu\u0165ov\u00fd profil<\/strong>: Hladk\u00fd, orie\u0161kov\u00fd, jemne sladk\u00fd s pra\u017een\u00fdm z\u00e1verom.<\/li>\n\n\n\n<li><strong>Kofe\u00edn<\/strong>: N\u00edzky<\/li>\n\n\n\n<li><strong>Pr\u00edprava<\/strong>: Sta\u010d\u00ed prida\u0165 vodu alebo mlieko pre r\u00fdchle a chutn\u00e9 hojicha latte.<\/li>\n\n\n\n<li><strong>Hmotnos\u0165<\/strong>: Dostupn\u00e9 v 1 kg vreciach. Prebalenie je k dispoz\u00edcii na va\u0161u \u017eiados\u0165.   <\/li>\n<\/ul>\n\n<hr class=\"wp-block-separator has-alpha-channel-opacity\"\/>\n\n<h2 class=\"wp-block-heading\">Ve\u013ekoobchodn\u00e9 inform\u00e1cie<\/h2>\n\n<ul class=\"wp-block-list\">\n<li><strong>Minim\u00e1lne mno\u017estvo objedn\u00e1vky (MOQ):<\/strong> 600 gramov (5 x 120g doypacks).<\/li>\n\n\n\n<li><strong>Hromadn\u00e9 ceny<\/strong>: Kontaktujte n\u00e1s pre \u0161peci\u00e1lne sadzby na z\u00e1klade objemu objedn\u00e1vky.<\/li>\n\n\n\n<li><strong>Skladovanie<\/strong>: Skladujte na chladnom a suchom mieste, aby ste zachovali \u010derstvos\u0165.<\/li>\n\n\n\n<li><strong>D\u00e1tum spotreby<\/strong>: Hojicha sa m\u00f4\u017ee uchov\u00e1va\u0165 a\u017e dva roky neotvoren\u00e1 a skladovan\u00e1 pri teplote 5 \u00b0C \u2013 10 \u00b0C.<\/li>\n\n\n\n<li><strong>Doprava<\/strong>: Posielame na eur\u00f3psky kontinent s flexibiln\u00fdmi mo\u017enos\u0165ami dopravy vr\u00e1tane expresn\u00e9ho doru\u010denia pre urgentn\u00e9 objedn\u00e1vky.<\/li>\n<\/ul>\n\n<div class=\"wp-block-columns is-layout-flex wp-container-core-columns-is-layout-28f84493 wp-block-columns-is-layout-flex\">\n<div class=\"wp-block-column is-layout-flow wp-block-column-is-layout-flow\"><div class=\"wp-block-image\">\n<figure class=\"aligncenter size-full is-resized\"><img decoding=\"async\" width=\"1000\" height=\"1000\" src=\"https:\/\/hojichawholesale.eu\/wp-content\/uploads\/2025\/01\/hojicha-latte-powder.webp\" alt=\"\" class=\"wp-image-7534\" style=\"width:314px;height:auto\" srcset=\"https:\/\/hojichawholesale.eu\/wp-content\/uploads\/2025\/01\/hojicha-latte-powder.webp 1000w, https:\/\/hojichawholesale.eu\/wp-content\/uploads\/2025\/01\/hojicha-latte-powder-300x300.webp 300w, https:\/\/hojichawholesale.eu\/wp-content\/uploads\/2025\/01\/hojicha-latte-powder-150x150.webp 150w, https:\/\/hojichawholesale.eu\/wp-content\/uploads\/2025\/01\/hojicha-latte-powder-768x768.webp 768w, https:\/\/hojichawholesale.eu\/wp-content\/uploads\/2025\/01\/hojicha-latte-powder-600x600.webp 600w\" sizes=\"(max-width: 1000px) 100vw, 1000px\" \/><\/figure>\n<\/div><\/div>\n\n\n\n<div class=\"wp-block-column is-layout-flow wp-block-column-is-layout-flow\"><div class=\"wp-block-image\">\n<figure class=\"aligncenter size-large is-resized\"><img decoding=\"async\" width=\"1024\" height=\"1024\" src=\"https:\/\/hojichawholesale.eu\/wp-content\/uploads\/2025\/01\/hojicha-latte-infused-1024x1024.webp\" alt=\"\" class=\"wp-image-7522\" style=\"width:325px;height:auto\" srcset=\"https:\/\/hojichawholesale.eu\/wp-content\/uploads\/2025\/01\/hojicha-latte-infused-1024x1024.webp 1024w, https:\/\/hojichawholesale.eu\/wp-content\/uploads\/2025\/01\/hojicha-latte-infused-300x300.webp 300w, https:\/\/hojichawholesale.eu\/wp-content\/uploads\/2025\/01\/hojicha-latte-infused-150x150.webp 150w, https:\/\/hojichawholesale.eu\/wp-content\/uploads\/2025\/01\/hojicha-latte-infused-768x768.webp 768w, https:\/\/hojichawholesale.eu\/wp-content\/uploads\/2025\/01\/hojicha-latte-infused-1536x1536.webp 1536w, https:\/\/hojichawholesale.eu\/wp-content\/uploads\/2025\/01\/hojicha-latte-infused-600x600.webp 600w, https:\/\/hojichawholesale.eu\/wp-content\/uploads\/2025\/01\/hojicha-latte-infused.webp 2000w\" sizes=\"(max-width: 1024px) 100vw, 1024px\" \/><\/figure>\n<\/div><\/div>\n<\/div>\n\n<hr class=\"wp-block-separator has-alpha-channel-opacity\"\/>\n\n<h2 class=\"wp-block-heading\">Ako sa pripravi\u0165<\/h2>\n\n<ol class=\"wp-block-list\">\n<li><strong>Pridajte do \u0161\u00e1lky 15 g<\/strong> zmesi Hojicha Powder Latte.<\/li>\n\n\n\n<li><strong>Pridajte 500 ml<\/strong> hor\u00facej vody alebo mlieka (alebo alternat\u00edvy mlieka).<\/li>\n\n\n\n<li>Dobre premie\u0161ajte a okam\u017eite si vychutnajte kr\u00e9mov\u00e9, lahodn\u00e9 hojicha latte.<\/li>\n<\/ol>\n\n<hr class=\"wp-block-separator has-alpha-channel-opacity\"\/>\n\n<h2 class=\"wp-block-heading\">Ide\u00e1lne pre<\/h2>\n\n<ul class=\"wp-block-list\">\n<li>Kaviarne a \u010dajovne h\u013eadaj\u00fa pre z\u00e1kazn\u00edkov r\u00fdchlu a \u013eahko pripravite\u013en\u00fa mo\u017enos\u0165 hojicha latte.<\/li>\n\n\n\n<li>Re\u0161taur\u00e1cie a hotely, ktor\u00e9 chc\u00fa pon\u00faknu\u0165 lahodn\u00fa tr\u00e1viacu pom\u00f4cku.  <\/li>\n\n\n\n<li>Maloobchodn\u00e9 predajne pon\u00fakaj\u00face pr\u00e9miov\u00e9 \u010dajov\u00e9 v\u00fdrobky a zmesi instantn\u00fdch n\u00e1pojov.<\/li>\n<\/ul>\n\n<h2 class=\"wp-block-heading\">Vy\u017eiadajte si vzorku e\u0161te dnes<\/h2>\n\n<p>Ste zvedav\u00ed na bohat\u00e9, pra\u017een\u00e9 chute na\u0161ej pr\u00e9miovej hojichy?  <\/p>\n\n<p>Sta\u010d\u00ed vyplni\u0165 svoje \u00fadaje ni\u017e\u0161ie a my v\u00e1m po\u0161leme vzorku. Dajte n\u00e1m vedie\u0165, ak m\u00e1te konkr\u00e9tne po\u017eiadavky, a my v\u00e1m radi prisp\u00f4sob\u00edme na\u0161u ponuku tak, aby vyhovovala va\u0161im obchodn\u00fdm potreb\u00e1m. <\/p>\n<div class=\"forminator-ui forminator-custom-form forminator-custom-form-1365 forminator-design--flat  forminator_ajax\" data-forminator-render=\"0\" data-form=\"forminator-module-1365\" data-uid=\"69d4942a6bcf3\"><br\/><\/div><form\n\t\t\t\tid=\"forminator-module-1365\"\n\t\t\t\tclass=\"forminator-ui forminator-custom-form forminator-custom-form-1365 forminator-design--flat  forminator_ajax\"\n\t\t\t\tmethod=\"post\"\n\t\t\t\tdata-forminator-render=\"0\"\n\t\t\t\tdata-form-id=\"1365\"\n\t\t\t\t data-color-option=\"default\" data-design=\"flat\" data-grid=\"open\" style=\"display: none;\"\n\t\t\t\tdata-uid=\"69d4942a6bcf3\"\n\t\t\t><div role=\"alert\" aria-live=\"polite\" class=\"forminator-response-message forminator-error\" aria-hidden=\"true\"><\/div><div class=\"forminator-row\"><div id=\"name-1\" class=\"forminator-field-name forminator-col forminator-col-6 \"><div class=\"forminator-field\"><input type=\"text\" name=\"name-1\" value=\"\" placeholder=\"First Name\" id=\"forminator-field-name-1_69d4942a6bcf3\" class=\"forminator-input forminator-name--field\" aria-required=\"true\" autocomplete=\"name\" \/><\/div><\/div><div id=\"name-2\" class=\"forminator-field-name forminator-col forminator-col-6 \"><div class=\"forminator-field\"><input type=\"text\" name=\"name-2\" value=\"\" placeholder=\"Last Name\" id=\"forminator-field-name-2_69d4942a6bcf3\" class=\"forminator-input forminator-name--field\" aria-required=\"true\" autocomplete=\"name\" \/><\/div><\/div><\/div><div class=\"forminator-row\"><div id=\"email-1\" class=\"forminator-field-email forminator-col forminator-col-12 \"><div class=\"forminator-field\"><input type=\"email\" name=\"email-1\" value=\"\" placeholder=\"Email\" id=\"forminator-field-email-1_69d4942a6bcf3\" class=\"forminator-input forminator-email--field\" data-required=\"true\" aria-required=\"true\" autocomplete=\"email\" \/><\/div><\/div><\/div><div class=\"forminator-row\"><div id=\"phone-1\" class=\"forminator-field-phone forminator-col forminator-col-12 \"><div class=\"forminator-field\"><input type=\"text\" name=\"phone-1\" value=\"\" placeholder=\"Phone\" id=\"forminator-field-phone-1_69d4942a6bcf3\" class=\"forminator-input forminator-field--phone\" data-required=\"\" aria-required=\"false\" autocomplete=\"off\" \/><\/div><\/div><\/div><div class=\"forminator-row\"><div id=\"textarea-1\" class=\"forminator-field-textarea forminator-col forminator-col-12 \"><div class=\"forminator-field\"><textarea name=\"textarea-1\" placeholder=\"Message\" id=\"forminator-field-textarea-1_69d4942a6bcf3\" class=\"forminator-textarea\" rows=\"6\" style=\"min-height:140px;\" ><\/textarea><span id=\"forminator-field-textarea-1_69d4942a6bcf3-description\" class=\"forminator-description\"><span data-limit=\"300\" data-type=\"words\" data-editor=\"\">0 \/ 300<\/span><\/span><\/div><\/div><\/div><div class=\"forminator-row\"><\/div><input type=\"hidden\" name=\"referer_url\" value=\"\" \/><div class=\"forminator-row forminator-row-last\"><div class=\"forminator-col\"><div class=\"forminator-field\"><button class=\"forminator-button forminator-button-submit\">Send<\/button><\/div><\/div><\/div><input type=\"hidden\" id=\"forminator_nonce\" name=\"forminator_nonce\" value=\"0b51ba8eba\" \/><input type=\"hidden\" name=\"_wp_http_referer\" value=\"\/sk\/wp-json\/wp\/v2\/pages\/8523\" \/><input type=\"hidden\" name=\"form_id\" value=\"1365\"><input type=\"hidden\" name=\"page_id\" value=\"8523\"><input type=\"hidden\" name=\"form_type\" value=\"default\"><input type=\"hidden\" name=\"current_url\" value=\"https:\/\/hojichawholesale.eu\/sk\/hojicha-powder-latte-velkoobchod\/\"><input type=\"hidden\" name=\"render_id\" value=\"0\"><input type=\"hidden\" name=\"action\" value=\"forminator_submit_form_custom-forms\"><label for=\"input_6\" class=\"forminator-hidden\" aria-hidden=\"true\">Please do not fill in this field. <input id=\"input_6\" type=\"text\" name=\"input_6\" value=\"\" autocomplete=\"off\"><\/label><\/form>\n","protected":false},"excerpt":{"rendered":"<p>Hojicha Powder Latte (ve\u013ekoobchod) Na\u0161e Hojicha Powder Latte je vyroben\u00e9 z pr\u00e1\u0161ku hojicha, trstinov\u00e9ho cukru a guarovej gumy pre dokonale vyv\u00e1\u017een\u00fd a lahodn\u00fd n\u00e1poj. M\u00f4\u017ee sa mie\u0161a\u0165 s mliekom alebo alternat\u00edvami mlieka. D\u00f4le\u017eit\u00e9 \u00fadaje o produkte Ve\u013ekoobchodn\u00e9 inform\u00e1cie Ako sa pripravi\u0165 Ide\u00e1lne pre Vy\u017eiadajte si vzorku e\u0161te dnes Ste zvedav\u00ed na bohat\u00e9, pra\u017een\u00e9 chute na\u0161ej [&hellip;]<\/p>\n","protected":false},"author":1,"featured_media":8525,"parent":0,"menu_order":0,"comment_status":"closed","ping_status":"closed","template":"","meta":{"_surecart_dashboard_logo_width":"180px","_surecart_dashboard_show_logo":true,"_surecart_dashboard_navigation_orders":true,"_surecart_dashboard_navigation_invoices":true,"_surecart_dashboard_navigation_subscriptions":true,"_surecart_dashboard_navigation_downloads":true,"_surecart_dashboard_navigation_billing":true,"_surecart_dashboard_navigation_account":true,"footnotes":""},"class_list":["post-8523","page","type-page","status-publish","has-post-thumbnail","hentry","entry","has-media"],"mb":[],"mfb_rest_fields":["title","gutenberg_elementor_mode"],"_links":{"self":[{"href":"https:\/\/hojichawholesale.eu\/sk\/wp-json\/wp\/v2\/pages\/8523","targetHints":{"allow":["GET"]}}],"collection":[{"href":"https:\/\/hojichawholesale.eu\/sk\/wp-json\/wp\/v2\/pages"}],"about":[{"href":"https:\/\/hojichawholesale.eu\/sk\/wp-json\/wp\/v2\/types\/page"}],"author":[{"embeddable":true,"href":"https:\/\/hojichawholesale.eu\/sk\/wp-json\/wp\/v2\/users\/1"}],"replies":[{"embeddable":true,"href":"https:\/\/hojichawholesale.eu\/sk\/wp-json\/wp\/v2\/comments?post=8523"}],"version-history":[{"count":0,"href":"https:\/\/hojichawholesale.eu\/sk\/wp-json\/wp\/v2\/pages\/8523\/revisions"}],"wp:featuredmedia":[{"embeddable":true,"href":"https:\/\/hojichawholesale.eu\/sk\/wp-json\/wp\/v2\/media\/8525"}],"wp:attachment":[{"href":"https:\/\/hojichawholesale.eu\/sk\/wp-json\/wp\/v2\/media?parent=8523"}],"curies":[{"name":"wp","href":"https:\/\/api.w.org\/{rel}","templated":true}]}}