{"id":8457,"date":"2024-10-12T14:29:39","date_gmt":"2024-10-12T14:29:39","guid":{"rendered":"https:\/\/hojichawholesale.eu\/hojicha-v-listoch-velkoobchod\/"},"modified":"2025-10-26T16:43:02","modified_gmt":"2025-10-26T16:43:02","slug":"hojicha-v-listoch-velkoobchod","status":"publish","type":"page","link":"https:\/\/hojichawholesale.eu\/sk\/hojicha-v-listoch-velkoobchod\/","title":{"rendered":"Hojicha v listoch (ve\u013ekoobchod)"},"content":{"rendered":"\n<h1 class=\"wp-block-heading\">Hojicha v listoch (ve\u013ekoobchod)<\/h1>\n\n<p>Hojicha je pr\u00e9miov\u00fd pra\u017een\u00fd japonsk\u00fd zelen\u00fd \u010daj, ktor\u00fd pon\u00faka hladk\u00fa a dymov\u00fa chu\u0165. Na\u0161a hojicha poch\u00e1dza z \u010dajov\u00fdch fariem v Japonsku a bal\u00ed sa priamo na nich, \u010do zais\u0165uje vysok\u00fa kvalitu, \u010derstvos\u0165 a autentick\u00fa pra\u017een\u00fa chu\u0165. <\/p>\n<div class=\"wp-block-image\">\n<figure class=\"aligncenter size-full is-resized\"><img fetchpriority=\"high\" decoding=\"async\" width=\"1000\" height=\"1000\" src=\"https:\/\/hojichawholesale.eu\/wp-content\/uploads\/2025\/01\/Hojicha-dark-leaf-both.webp\" alt=\"Porovnanie hojicha tmavej pe&#x10D;ienky v listoch VS hojicha tmav&#xE1; pra&#x17E;en&#xE1; v listoch vyl&#xFA;hovan&#xE1;\" class=\"wp-image-7434\" style=\"width:365px;height:auto\" srcset=\"https:\/\/hojichawholesale.eu\/wp-content\/uploads\/2025\/01\/Hojicha-dark-leaf-both.webp 1000w, https:\/\/hojichawholesale.eu\/wp-content\/uploads\/2025\/01\/Hojicha-dark-leaf-both-300x300.webp 300w, https:\/\/hojichawholesale.eu\/wp-content\/uploads\/2025\/01\/Hojicha-dark-leaf-both-150x150.webp 150w, https:\/\/hojichawholesale.eu\/wp-content\/uploads\/2025\/01\/Hojicha-dark-leaf-both-768x768.webp 768w, https:\/\/hojichawholesale.eu\/wp-content\/uploads\/2025\/01\/Hojicha-dark-leaf-both-600x600.webp 600w\" sizes=\"(max-width: 1000px) 100vw, 1000px\" \/><\/figure>\n<\/div>\n<hr class=\"wp-block-separator has-alpha-channel-opacity\"\/>\n\n<h2 class=\"wp-block-heading\">D\u00f4le\u017eit\u00e9 \u00fadaje o produkte<\/h2>\n\n<ul class=\"wp-block-list\">\n<li><strong>Typ<\/strong>: Pra\u017een\u00fd zelen\u00fd \u010daj (Hojicha)<\/li>\n\n\n\n<li><strong>P\u00f4vod<\/strong>: Shizuoka, Japonsko<\/li>\n\n\n\n<li><strong>Forma<\/strong>: Listy<\/li>\n\n\n\n<li><strong>\u00darove\u0148 pra\u017eenia<\/strong>: Stredn\u00e1<\/li>\n\n\n\n<li><strong>Obdobie zberu<\/strong>: jar\/leto<\/li>\n\n\n\n<li><strong>Spracovanie<\/strong>: Pra\u017een\u00e9 l\u00edstky zelen\u00e9ho \u010daju v porcel\u00e1ne.  <\/li>\n\n\n\n<li><strong>Chu\u0165ov\u00fd profil<\/strong>: Hladk\u00fd, pra\u017een\u00fd, so sladk\u00fdm karamelom a orie\u0161kov\u00fdmi podt\u00f3nmi<\/li>\n\n\n\n<li><strong>Kofe\u00edn<\/strong>: N\u00edzky<\/li>\n\n\n\n<li><strong>Balenie<\/strong>: Dostupn\u00e9 v 500g doypackoch (uzatv\u00e1rate\u013en\u00e9 vreck\u00e1). Neozna\u010den\u00e9. <\/li>\n<\/ul>\n\n<hr class=\"wp-block-separator has-alpha-channel-opacity\"\/>\n\n<h2 class=\"wp-block-heading\">V\u00fdhody pr\u00e1\u0161ku Hojicha<\/h2>\n\n<ul class=\"wp-block-list\">\n<li><strong>Bohat\u00e1 chu\u0165<\/strong>: Intenz\u00edvna pra\u017een\u00e1 chu\u0165 na vyl\u00fahovanie v hor\u00facej vode.<\/li>\n\n\n\n<li><strong>N\u00edzky obsah kofe\u00ednu<\/strong>: Ide\u00e1lne na vychutn\u00e1vanie si po\u010das cel\u00e9ho d\u0148a, dokonca aj ve\u010der.<\/li>\n\n\n\n<li><strong>V\u0161estrann\u00fd<\/strong>: Ide\u00e1lne na r\u00e1no, poludnie, popoludn\u00ed a ve\u010der.  <\/li>\n<\/ul>\n\n<hr class=\"wp-block-separator has-alpha-channel-opacity\"\/>\n\n<h2 class=\"wp-block-heading\">Ve\u013ekoobchodn\u00e9 inform\u00e1cie<\/h2>\n\n<ul class=\"wp-block-list\">\n<li><strong>Minim\u00e1lne mno\u017estvo objedn\u00e1vky (MOQ):<\/strong> 500 g (1 x 500 g vrecko)<\/li>\n\n\n\n<li><strong>Hromadn\u00e9 ceny<\/strong>: Oslovte \u0161peci\u00e1lne ceny.  <\/li>\n\n\n\n<li><strong>Skladovanie<\/strong>: Skladujte v chladnom a suchom prostred\u00ed.  <\/li>\n\n\n\n<li><strong>D\u00e1tum spotreby<\/strong>: Hojicha sa m\u00f4\u017ee uchov\u00e1va\u0165 a\u017e dva roky neotvoren\u00e1 a skladovan\u00e1 pri teplote 5 \u00b0C \u2013 10 \u00b0C.<\/li>\n\n\n\n<li><strong>Doprava<\/strong>: Posielame na eur\u00f3psky kontinent s flexibiln\u00fdmi mo\u017enos\u0165ami dopravy vr\u00e1tane expresn\u00e9ho doru\u010denia pre urgentn\u00e9 objedn\u00e1vky.<\/li>\n<\/ul>\n\n<div class=\"wp-block-columns is-layout-flex wp-container-core-columns-is-layout-28f84493 wp-block-columns-is-layout-flex\">\n<div class=\"wp-block-column is-layout-flow wp-block-column-is-layout-flow\"><div class=\"wp-block-image\">\n<figure class=\"aligncenter size-full is-resized\"><img decoding=\"async\" width=\"1000\" height=\"1000\" src=\"https:\/\/hojichawholesale.eu\/wp-content\/uploads\/2025\/01\/Hojicha-dark-leaf.webp\" alt=\"\" class=\"wp-image-7458\" style=\"width:311px;height:auto\" srcset=\"https:\/\/hojichawholesale.eu\/wp-content\/uploads\/2025\/01\/Hojicha-dark-leaf.webp 1000w, https:\/\/hojichawholesale.eu\/wp-content\/uploads\/2025\/01\/Hojicha-dark-leaf-300x300.webp 300w, https:\/\/hojichawholesale.eu\/wp-content\/uploads\/2025\/01\/Hojicha-dark-leaf-150x150.webp 150w, https:\/\/hojichawholesale.eu\/wp-content\/uploads\/2025\/01\/Hojicha-dark-leaf-768x768.webp 768w, https:\/\/hojichawholesale.eu\/wp-content\/uploads\/2025\/01\/Hojicha-dark-leaf-600x600.webp 600w\" sizes=\"(max-width: 1000px) 100vw, 1000px\" \/><\/figure>\n<\/div><\/div>\n\n\n\n<div class=\"wp-block-column is-layout-flow wp-block-column-is-layout-flow\"><div class=\"wp-block-image\">\n<figure class=\"aligncenter size-large is-resized\"><img decoding=\"async\" width=\"1024\" height=\"1024\" src=\"https:\/\/hojichawholesale.eu\/wp-content\/uploads\/2025\/01\/Hojicha-dark-leaf-infused-1024x1024.webp\" alt=\"\" class=\"wp-image-7446\" style=\"width:313px;height:auto\" srcset=\"https:\/\/hojichawholesale.eu\/wp-content\/uploads\/2025\/01\/Hojicha-dark-leaf-infused-1024x1024.webp 1024w, https:\/\/hojichawholesale.eu\/wp-content\/uploads\/2025\/01\/Hojicha-dark-leaf-infused-300x300.webp 300w, https:\/\/hojichawholesale.eu\/wp-content\/uploads\/2025\/01\/Hojicha-dark-leaf-infused-150x150.webp 150w, https:\/\/hojichawholesale.eu\/wp-content\/uploads\/2025\/01\/Hojicha-dark-leaf-infused-768x768.webp 768w, https:\/\/hojichawholesale.eu\/wp-content\/uploads\/2025\/01\/Hojicha-dark-leaf-infused-1536x1536.webp 1536w, https:\/\/hojichawholesale.eu\/wp-content\/uploads\/2025\/01\/Hojicha-dark-leaf-infused-600x600.webp 600w, https:\/\/hojichawholesale.eu\/wp-content\/uploads\/2025\/01\/Hojicha-dark-leaf-infused.webp 2000w\" sizes=\"(max-width: 1024px) 100vw, 1024px\" \/><\/figure>\n<\/div><\/div>\n<\/div>\n\n<hr class=\"wp-block-separator has-alpha-channel-opacity\"\/>\n\n<h2 class=\"wp-block-heading\">Ako pou\u017e\u00edva\u0165 pr\u00e1\u0161ok Hojicha<\/h2>\n\n<ul class=\"wp-block-list\">\n<li><strong>Hojicha<\/strong>: Zmie\u0161ajte 2 \u010dajov\u00e9 ly\u017ei\u010dky Hojicha s 200 ml hor\u00facej vody.<\/li>\n<\/ul>\n\n<hr class=\"wp-block-separator has-alpha-channel-opacity\"\/>\n\n<h2 class=\"wp-block-heading\">Ide\u00e1lne pre<\/h2>\n\n<ul class=\"wp-block-list\">\n<li>Kaviarne a \u010dajovne, ktor\u00e9 chc\u00fa do svojho jed\u00e1lni\u010dka prida\u0165 pra\u017een\u00e9 n\u00e1poje zo zelen\u00e9ho \u010daju, ako je Hojicha.<\/li>\n\n\n\n<li>Z\u00e1kazn\u00edci, ktor\u00ed dbaj\u00fa na zdravie a uprednost\u0148uj\u00fa alternat\u00edvu \u010daju s n\u00edzkym obsahom kofe\u00ednu.<\/li>\n<\/ul>\n\n<h2 class=\"wp-block-heading\">Vy\u017eiadajte si vzorku e\u0161te dnes<\/h2>\n\n<p>Ste zvedav\u00ed na bohat\u00e9, pra\u017een\u00e9 chute na\u0161ej pr\u00e9miovej hojichy?  <\/p>\n\n<p>Sta\u010d\u00ed vyplni\u0165 svoje \u00fadaje ni\u017e\u0161ie a my v\u00e1m po\u0161leme vzorku. Dajte n\u00e1m vedie\u0165, ak m\u00e1te konkr\u00e9tne po\u017eiadavky, a my v\u00e1m radi prisp\u00f4sob\u00edme na\u0161u ponuku tak, aby vyhovovala va\u0161im obchodn\u00fdm potreb\u00e1m. <\/p>\n<div class=\"forminator-ui forminator-custom-form forminator-custom-form-1365 forminator-design--flat  forminator_ajax\" data-forminator-render=\"0\" data-form=\"forminator-module-1365\" data-uid=\"69d5e402a6db3\"><br\/><\/div><form\n\t\t\t\tid=\"forminator-module-1365\"\n\t\t\t\tclass=\"forminator-ui forminator-custom-form forminator-custom-form-1365 forminator-design--flat  forminator_ajax\"\n\t\t\t\tmethod=\"post\"\n\t\t\t\tdata-forminator-render=\"0\"\n\t\t\t\tdata-form-id=\"1365\"\n\t\t\t\t data-color-option=\"default\" data-design=\"flat\" data-grid=\"open\" style=\"display: none;\"\n\t\t\t\tdata-uid=\"69d5e402a6db3\"\n\t\t\t><div role=\"alert\" aria-live=\"polite\" class=\"forminator-response-message forminator-error\" aria-hidden=\"true\"><\/div><div class=\"forminator-row\"><div id=\"name-1\" class=\"forminator-field-name forminator-col forminator-col-6 \"><div class=\"forminator-field\"><input type=\"text\" name=\"name-1\" value=\"\" placeholder=\"First Name\" id=\"forminator-field-name-1_69d5e402a6db3\" class=\"forminator-input forminator-name--field\" aria-required=\"true\" autocomplete=\"name\" \/><\/div><\/div><div id=\"name-2\" class=\"forminator-field-name forminator-col forminator-col-6 \"><div class=\"forminator-field\"><input type=\"text\" name=\"name-2\" value=\"\" placeholder=\"Last Name\" id=\"forminator-field-name-2_69d5e402a6db3\" class=\"forminator-input forminator-name--field\" aria-required=\"true\" autocomplete=\"name\" \/><\/div><\/div><\/div><div class=\"forminator-row\"><div id=\"email-1\" class=\"forminator-field-email forminator-col forminator-col-12 \"><div class=\"forminator-field\"><input type=\"email\" name=\"email-1\" value=\"\" placeholder=\"Email\" id=\"forminator-field-email-1_69d5e402a6db3\" class=\"forminator-input forminator-email--field\" data-required=\"true\" aria-required=\"true\" autocomplete=\"email\" \/><\/div><\/div><\/div><div class=\"forminator-row\"><div id=\"phone-1\" class=\"forminator-field-phone forminator-col forminator-col-12 \"><div class=\"forminator-field\"><input type=\"text\" name=\"phone-1\" value=\"\" placeholder=\"Phone\" id=\"forminator-field-phone-1_69d5e402a6db3\" class=\"forminator-input forminator-field--phone\" data-required=\"\" aria-required=\"false\" autocomplete=\"off\" \/><\/div><\/div><\/div><div class=\"forminator-row\"><div id=\"textarea-1\" class=\"forminator-field-textarea forminator-col forminator-col-12 \"><div class=\"forminator-field\"><textarea name=\"textarea-1\" placeholder=\"Message\" id=\"forminator-field-textarea-1_69d5e402a6db3\" class=\"forminator-textarea\" rows=\"6\" style=\"min-height:140px;\" ><\/textarea><span id=\"forminator-field-textarea-1_69d5e402a6db3-description\" class=\"forminator-description\"><span data-limit=\"300\" data-type=\"words\" data-editor=\"\">0 \/ 300<\/span><\/span><\/div><\/div><\/div><div class=\"forminator-row\"><\/div><input type=\"hidden\" name=\"referer_url\" value=\"\" \/><div class=\"forminator-row forminator-row-last\"><div class=\"forminator-col\"><div class=\"forminator-field\"><button class=\"forminator-button forminator-button-submit\">Send<\/button><\/div><\/div><\/div><input type=\"hidden\" id=\"forminator_nonce\" name=\"forminator_nonce\" value=\"58eeeb5d3e\" \/><input type=\"hidden\" name=\"_wp_http_referer\" value=\"\/sk\/wp-json\/wp\/v2\/pages\/8457\" \/><input type=\"hidden\" name=\"form_id\" value=\"1365\"><input type=\"hidden\" name=\"page_id\" value=\"8457\"><input type=\"hidden\" name=\"form_type\" value=\"default\"><input type=\"hidden\" name=\"current_url\" value=\"https:\/\/hojichawholesale.eu\/sk\/hojicha-v-listoch-velkoobchod\/\"><input type=\"hidden\" name=\"render_id\" value=\"0\"><input type=\"hidden\" name=\"action\" value=\"forminator_submit_form_custom-forms\"><label for=\"input_6\" class=\"forminator-hidden\" aria-hidden=\"true\">Please do not fill in this field. <input id=\"input_6\" type=\"text\" name=\"input_6\" value=\"\" autocomplete=\"off\"><\/label><\/form>\n","protected":false},"excerpt":{"rendered":"<p>Hojicha v listoch (ve\u013ekoobchod) Hojicha je pr\u00e9miov\u00fd pra\u017een\u00fd japonsk\u00fd zelen\u00fd \u010daj, ktor\u00fd pon\u00faka hladk\u00fa a dymov\u00fa chu\u0165. Na\u0161a hojicha poch\u00e1dza z \u010dajov\u00fdch fariem v Japonsku a bal\u00ed sa priamo na nich, \u010do zais\u0165uje vysok\u00fa kvalitu, \u010derstvos\u0165 a autentick\u00fa pra\u017een\u00fa chu\u0165. D\u00f4le\u017eit\u00e9 \u00fadaje o produkte V\u00fdhody pr\u00e1\u0161ku Hojicha Ve\u013ekoobchodn\u00e9 inform\u00e1cie Ako pou\u017e\u00edva\u0165 pr\u00e1\u0161ok Hojicha Ide\u00e1lne pre [&hellip;]<\/p>\n","protected":false},"author":1,"featured_media":8461,"parent":0,"menu_order":0,"comment_status":"closed","ping_status":"closed","template":"","meta":{"_surecart_dashboard_logo_width":"180px","_surecart_dashboard_show_logo":true,"_surecart_dashboard_navigation_orders":true,"_surecart_dashboard_navigation_invoices":true,"_surecart_dashboard_navigation_subscriptions":true,"_surecart_dashboard_navigation_downloads":true,"_surecart_dashboard_navigation_billing":true,"_surecart_dashboard_navigation_account":true,"footnotes":""},"class_list":["post-8457","page","type-page","status-publish","has-post-thumbnail","hentry","entry","has-media"],"mb":[],"mfb_rest_fields":["title","gutenberg_elementor_mode"],"_links":{"self":[{"href":"https:\/\/hojichawholesale.eu\/sk\/wp-json\/wp\/v2\/pages\/8457","targetHints":{"allow":["GET"]}}],"collection":[{"href":"https:\/\/hojichawholesale.eu\/sk\/wp-json\/wp\/v2\/pages"}],"about":[{"href":"https:\/\/hojichawholesale.eu\/sk\/wp-json\/wp\/v2\/types\/page"}],"author":[{"embeddable":true,"href":"https:\/\/hojichawholesale.eu\/sk\/wp-json\/wp\/v2\/users\/1"}],"replies":[{"embeddable":true,"href":"https:\/\/hojichawholesale.eu\/sk\/wp-json\/wp\/v2\/comments?post=8457"}],"version-history":[{"count":0,"href":"https:\/\/hojichawholesale.eu\/sk\/wp-json\/wp\/v2\/pages\/8457\/revisions"}],"wp:featuredmedia":[{"embeddable":true,"href":"https:\/\/hojichawholesale.eu\/sk\/wp-json\/wp\/v2\/media\/8461"}],"wp:attachment":[{"href":"https:\/\/hojichawholesale.eu\/sk\/wp-json\/wp\/v2\/media?parent=8457"}],"curies":[{"name":"wp","href":"https:\/\/api.w.org\/{rel}","templated":true}]}}