{"id":8447,"date":"2024-10-12T14:14:16","date_gmt":"2024-10-12T14:14:16","guid":{"rendered":"https:\/\/hojichawholesale.eu\/hojicha-tmavy-prazeny-prasok-velkoobchod\/"},"modified":"2025-12-10T19:00:28","modified_gmt":"2025-12-10T19:00:28","slug":"hojicha-tmavy-prazeny-prasok-velkoobchod","status":"publish","type":"page","link":"https:\/\/hojichawholesale.eu\/sk\/hojicha-tmavy-prazeny-prasok-velkoobchod\/","title":{"rendered":"Hojicha tmav\u00fd pra\u017een\u00fd pr\u00e1\u0161ok (ve\u013ekoobchod)"},"content":{"rendered":"\n<h1 class=\"wp-block-heading\">Hojicha tmav\u00fd pra\u017een\u00fd pr\u00e1\u0161ok (ve\u013ekoobchod)<\/h1>\n\n<p><strong>Pr\u00e1\u0161ok Hojicha Dark Roast<\/strong> <strong> <\/strong>dod\u00e1va hlbok\u00fa, intenz\u00edvnu pra\u017een\u00fa chu\u0165, ide\u00e1lnu pre t\u00fdch, ktor\u00ed h\u013eadaj\u00fa robustnej\u0161\u00ed a pln\u0161\u00ed \u010dajov\u00fd z\u00e1\u017eitok.<\/p>\n<div class=\"wp-block-image\">\n<figure class=\"aligncenter size-full is-resized\"><img fetchpriority=\"high\" decoding=\"async\" width=\"1000\" height=\"1000\" src=\"https:\/\/hojichawholesale.eu\/wp-content\/uploads\/2025\/01\/hojicha-dark-powder-both.webp\" alt=\"Porovnanie tmav&#xE9;ho pr&#xE1;&#x161;ku hojicha a rozpusten&#xE9;ho tmav&#xE9;ho pr&#xE1;&#x161;ku hojicha\" class=\"wp-image-7396\" style=\"width:323px;height:auto\" srcset=\"https:\/\/hojichawholesale.eu\/wp-content\/uploads\/2025\/01\/hojicha-dark-powder-both.webp 1000w, https:\/\/hojichawholesale.eu\/wp-content\/uploads\/2025\/01\/hojicha-dark-powder-both-300x300.webp 300w, https:\/\/hojichawholesale.eu\/wp-content\/uploads\/2025\/01\/hojicha-dark-powder-both-150x150.webp 150w, https:\/\/hojichawholesale.eu\/wp-content\/uploads\/2025\/01\/hojicha-dark-powder-both-768x768.webp 768w, https:\/\/hojichawholesale.eu\/wp-content\/uploads\/2025\/01\/hojicha-dark-powder-both-600x600.webp 600w\" sizes=\"(max-width: 1000px) 100vw, 1000px\" \/><\/figure>\n<\/div>\n<hr class=\"wp-block-separator has-alpha-channel-opacity\"\/>\n\n<h2 class=\"wp-block-heading\">D\u00f4le\u017eit\u00e9 \u00fadaje o produkte<\/h2>\n\n<ul class=\"wp-block-list\">\n<li><strong>Typ<\/strong>: Pra\u017een\u00fd zelen\u00fd \u010daj (Hojicha)<\/li>\n\n\n\n<li><strong>Forma<\/strong>: Pr\u00e1\u0161ok<\/li>\n\n\n\n<li><strong>P\u00f4vod<\/strong>: Shizuoka, Japonsko<\/li>\n\n\n\n<li><strong>\u00darove\u0148 pra\u017eenia<\/strong>: Tmav\u00e1<\/li>\n\n\n\n<li><strong>Obdobie zberu<\/strong>: jar\/leto<\/li>\n\n\n\n<li><strong>Spracovanie<\/strong>: Hlboko pra\u017een\u00e9 (300 \u00b0C) v porcel\u00e1ne, aby sa vytvorila v\u00fdrazn\u00e1, dymov\u00e1 ar\u00f3ma.<\/li>\n\n\n\n<li><strong>Chu\u0165ov\u00fd profil<\/strong>: Dymov\u00e9, bohat\u00e9 a mierne sladk\u00e9 s v\u00fdrazn\u00fdm karamelov\u00fdm podt\u00f3nom.<\/li>\n\n\n\n<li><strong>Kofe\u00edn<\/strong>: Ve\u013emi n\u00edzky<\/li>\n\n\n\n<li><strong>Balenie<\/strong>: Dostupn\u00e9 v 1 kg vreck\u00e1ch. Prebalenie je k dispoz\u00edcii na va\u0161u \u017eiados\u0165.   <\/li>\n<\/ul>\n\n<hr class=\"wp-block-separator has-alpha-channel-opacity\"\/>\n\n<h2 class=\"wp-block-heading\">V\u00fdhody tmavej pe\u010denej hojichy<\/h2>\n\n<ul class=\"wp-block-list\">\n<li><strong>Bohat\u00e1 chu\u0165<\/strong>: Hlbok\u00e9 pra\u017eenie prin\u00e1\u0161a intenz\u00edvne dymov\u00e9 t\u00f3ny, ktor\u00e9 sa dobre hodia k dezertom alebo ako samostatn\u00fd \u010daj.<\/li>\n\n\n\n<li><strong>N\u00edzky obsah kofe\u00ednu<\/strong>: Vychutnajte si kedyko\u013evek po\u010das d\u0148a bez nervozity.<\/li>\n\n\n\n<li><strong>Tepl\u00e9 a upokojuj\u00face<\/strong>: Tmav\u00e1 pe\u010de\u0148 pon\u00faka uzem\u0148uj\u00faci a upokojuj\u00faci z\u00e1\u017eitok, ide\u00e1lny pre chladnej\u0161ie mesiace.<\/li>\n<\/ul>\n\n<div class=\"wp-block-columns is-layout-flex wp-container-core-columns-is-layout-28f84493 wp-block-columns-is-layout-flex\">\n<div class=\"wp-block-column is-layout-flow wp-block-column-is-layout-flow\"><div class=\"wp-block-image\">\n<figure class=\"aligncenter size-full is-resized\"><img decoding=\"async\" width=\"1000\" height=\"1000\" src=\"https:\/\/hojichawholesale.eu\/wp-content\/uploads\/2025\/01\/hojicha-dark-powder.webp\" alt=\"Hojicha tmav&#xFD; pra&#x17E;en&#xFD; pr&#xE1;&#x161;ok\" class=\"wp-image-7420\" style=\"width:306px;height:auto\" srcset=\"https:\/\/hojichawholesale.eu\/wp-content\/uploads\/2025\/01\/hojicha-dark-powder.webp 1000w, https:\/\/hojichawholesale.eu\/wp-content\/uploads\/2025\/01\/hojicha-dark-powder-300x300.webp 300w, https:\/\/hojichawholesale.eu\/wp-content\/uploads\/2025\/01\/hojicha-dark-powder-150x150.webp 150w, https:\/\/hojichawholesale.eu\/wp-content\/uploads\/2025\/01\/hojicha-dark-powder-768x768.webp 768w, https:\/\/hojichawholesale.eu\/wp-content\/uploads\/2025\/01\/hojicha-dark-powder-600x600.webp 600w\" sizes=\"(max-width: 1000px) 100vw, 1000px\" \/><\/figure>\n<\/div><\/div>\n\n\n\n<div class=\"wp-block-column is-layout-flow wp-block-column-is-layout-flow\"><div class=\"wp-block-image\">\n<figure class=\"aligncenter size-large is-resized\"><img decoding=\"async\" width=\"1024\" height=\"1024\" src=\"https:\/\/hojichawholesale.eu\/wp-content\/uploads\/2025\/01\/hojicha-dark-powder-infused-1024x1024.webp\" alt=\"Hojicha tmav&#xFD; pra&#x17E;en&#xFD; pr&#xE1;&#x161;ok vyl&#xFA;hovan&#xFD;\" class=\"wp-image-7408\" style=\"width:302px;height:auto\" srcset=\"https:\/\/hojichawholesale.eu\/wp-content\/uploads\/2025\/01\/hojicha-dark-powder-infused-1024x1024.webp 1024w, https:\/\/hojichawholesale.eu\/wp-content\/uploads\/2025\/01\/hojicha-dark-powder-infused-300x300.webp 300w, https:\/\/hojichawholesale.eu\/wp-content\/uploads\/2025\/01\/hojicha-dark-powder-infused-150x150.webp 150w, https:\/\/hojichawholesale.eu\/wp-content\/uploads\/2025\/01\/hojicha-dark-powder-infused-768x768.webp 768w, https:\/\/hojichawholesale.eu\/wp-content\/uploads\/2025\/01\/hojicha-dark-powder-infused-1536x1536.webp 1536w, https:\/\/hojichawholesale.eu\/wp-content\/uploads\/2025\/01\/hojicha-dark-powder-infused-600x600.webp 600w, https:\/\/hojichawholesale.eu\/wp-content\/uploads\/2025\/01\/hojicha-dark-powder-infused.webp 2000w\" sizes=\"(max-width: 1024px) 100vw, 1024px\" \/><\/figure>\n<\/div><\/div>\n<\/div>\n\n<hr class=\"wp-block-separator has-alpha-channel-opacity\"\/>\n\n<h2 class=\"wp-block-heading\">Ve\u013ekoobchodn\u00e9 inform\u00e1cie<\/h2>\n\n<ul class=\"wp-block-list\">\n<li><strong>Minim\u00e1lne mno\u017estvo objedn\u00e1vky (MOQ):<\/strong> 5 vrec\u00fa\u0161ok po 100 gramov.<\/li>\n\n\n\n<li><strong>Hromadn\u00e9 ceny<\/strong>: Kontaktujte n\u00e1s ni\u017e\u0161ie pre \u0161peci\u00e1lne ceny na z\u00e1klade ve\u013ekosti objedn\u00e1vky.<\/li>\n\n\n\n<li><strong>D\u00e1tum spotreby<\/strong>: Hojicha sa m\u00f4\u017ee uchov\u00e1va\u0165 a\u017e dva roky neotvoren\u00e1 a skladovan\u00e1 pri teplote 5 \u00b0C \u2013 10 \u00b0C.<\/li>\n\n\n\n<li><strong>Doprava<\/strong>: Posielame v\u0161ade v Eur\u00f3pe, od Islandu po Istanbul, s flexibiln\u00fdmi mo\u017enos\u0165ami dopravy vr\u00e1tane expresn\u00e9ho doru\u010denia pre urgentn\u00e9 objedn\u00e1vky.<\/li>\n<\/ul>\n\n<hr class=\"wp-block-separator has-alpha-channel-opacity\"\/>\n\n<h2 class=\"wp-block-heading\">Ako vari\u0165<\/h2>\n\n<ol class=\"wp-block-list\">\n<li><strong>Mno\u017estvo \u010daju<\/strong>: 8 g \u010daju na 500 ml vody<\/li>\n\n\n\n<li><strong>Teplota vody<\/strong>: 80 \u00b0C  <\/li>\n\n\n\n<li><strong>\u010cas l\u00fahovania<\/strong>: 2-3 min\u00faty pre siln\u00fd a bohat\u00fd n\u00e1poj<\/li>\n<\/ol>\n\n<hr class=\"wp-block-separator has-alpha-channel-opacity\"\/>\n\n<h2 class=\"wp-block-heading\">Ide\u00e1lne pre<\/h2>\n\n<ul class=\"wp-block-list\">\n<li>\u0160pi\u010dkov\u00e9 \u010dajovne, kaviarne a re\u0161taur\u00e1cie, ktor\u00e9 chc\u00fa svojim z\u00e1kazn\u00edkom pon\u00faknu\u0165 pr\u00e9miov\u00fa mo\u017enos\u0165 tmav\u00e9ho pra\u017eenia.  <\/li>\n\n\n\n<li>Z\u00e1kazn\u00edci, ktor\u00ed h\u013eadaj\u00fa odv\u00e1\u017enu alternat\u00edvu k\u00e1vy s n\u00edzkym obsahom kofe\u00ednu.<\/li>\n\n\n\n<li>Vytv\u00e1ranie charakteristick\u00fdch \u010dajov\u00fdch zmes\u00ed alebo ako pr\u00edsada do kulin\u00e1rskych receptov.<\/li>\n<\/ul>\n\n<h2 class=\"wp-block-heading\">Vy\u017eiadajte si vzorku e\u0161te dnes<\/h2>\n\n<p>Ste zvedav\u00ed na bohat\u00e9, pra\u017een\u00e9 chute na\u0161ej pr\u00e9miovej hojichy?  <\/p>\n\n<p>Sta\u010d\u00ed vyplni\u0165 svoje \u00fadaje ni\u017e\u0161ie a my v\u00e1m po\u0161leme vzorku. Dajte n\u00e1m vedie\u0165, ak m\u00e1te konkr\u00e9tne po\u017eiadavky, a my v\u00e1m radi prisp\u00f4sob\u00edme na\u0161u ponuku tak, aby vyhovovala va\u0161im obchodn\u00fdm potreb\u00e1m. <\/p>\n<div class=\"forminator-ui forminator-custom-form forminator-custom-form-1365 forminator-design--flat  forminator_ajax\" data-forminator-render=\"0\" data-form=\"forminator-module-1365\" data-uid=\"69de3553adb97\"><br\/><\/div><form\n\t\t\t\tid=\"forminator-module-1365\"\n\t\t\t\tclass=\"forminator-ui forminator-custom-form forminator-custom-form-1365 forminator-design--flat  forminator_ajax\"\n\t\t\t\tmethod=\"post\"\n\t\t\t\tdata-forminator-render=\"0\"\n\t\t\t\tdata-form-id=\"1365\"\n\t\t\t\t data-color-option=\"default\" data-design=\"flat\" data-grid=\"open\" style=\"display: none;\"\n\t\t\t\tdata-uid=\"69de3553adb97\"\n\t\t\t><div role=\"alert\" aria-live=\"polite\" class=\"forminator-response-message forminator-error\" aria-hidden=\"true\"><\/div><div class=\"forminator-row\"><div id=\"name-1\" class=\"forminator-field-name forminator-col forminator-col-6 \"><div class=\"forminator-field\"><input type=\"text\" name=\"name-1\" value=\"\" placeholder=\"First Name\" id=\"forminator-field-name-1_69de3553adb97\" class=\"forminator-input forminator-name--field\" aria-required=\"true\" autocomplete=\"name\" \/><\/div><\/div><div id=\"name-2\" class=\"forminator-field-name forminator-col forminator-col-6 \"><div class=\"forminator-field\"><input type=\"text\" name=\"name-2\" value=\"\" placeholder=\"Last Name\" id=\"forminator-field-name-2_69de3553adb97\" class=\"forminator-input forminator-name--field\" aria-required=\"true\" autocomplete=\"name\" \/><\/div><\/div><\/div><div class=\"forminator-row\"><div id=\"email-1\" class=\"forminator-field-email forminator-col forminator-col-12 \"><div class=\"forminator-field\"><input type=\"email\" name=\"email-1\" value=\"\" placeholder=\"Email\" id=\"forminator-field-email-1_69de3553adb97\" class=\"forminator-input forminator-email--field\" data-required=\"true\" aria-required=\"true\" autocomplete=\"email\" \/><\/div><\/div><\/div><div class=\"forminator-row\"><div id=\"phone-1\" class=\"forminator-field-phone forminator-col forminator-col-12 \"><div class=\"forminator-field\"><input type=\"text\" name=\"phone-1\" value=\"\" placeholder=\"Phone\" id=\"forminator-field-phone-1_69de3553adb97\" class=\"forminator-input forminator-field--phone\" data-required=\"\" aria-required=\"false\" autocomplete=\"off\" \/><\/div><\/div><\/div><div class=\"forminator-row\"><div id=\"textarea-1\" class=\"forminator-field-textarea forminator-col forminator-col-12 \"><div class=\"forminator-field\"><textarea name=\"textarea-1\" placeholder=\"Message\" id=\"forminator-field-textarea-1_69de3553adb97\" class=\"forminator-textarea\" rows=\"6\" style=\"min-height:140px;\" ><\/textarea><span id=\"forminator-field-textarea-1_69de3553adb97-description\" class=\"forminator-description\"><span data-limit=\"300\" data-type=\"words\" data-editor=\"\">0 \/ 300<\/span><\/span><\/div><\/div><\/div><div class=\"forminator-row\"><\/div><input type=\"hidden\" name=\"referer_url\" value=\"\" \/><div class=\"forminator-row forminator-row-last\"><div class=\"forminator-col\"><div class=\"forminator-field\"><button class=\"forminator-button forminator-button-submit\">Send<\/button><\/div><\/div><\/div><input type=\"hidden\" id=\"forminator_nonce\" name=\"forminator_nonce\" value=\"a647953a3f\" \/><input type=\"hidden\" name=\"_wp_http_referer\" value=\"\/sk\/wp-json\/wp\/v2\/pages\/8447\" \/><input type=\"hidden\" name=\"form_id\" value=\"1365\"><input type=\"hidden\" name=\"page_id\" value=\"8447\"><input type=\"hidden\" name=\"form_type\" value=\"default\"><input type=\"hidden\" name=\"current_url\" value=\"https:\/\/hojichawholesale.eu\/sk\/hojicha-tmavy-prazeny-prasok-velkoobchod\/\"><input type=\"hidden\" name=\"render_id\" value=\"0\"><input type=\"hidden\" name=\"action\" value=\"forminator_submit_form_custom-forms\"><label for=\"input_6\" class=\"forminator-hidden\" aria-hidden=\"true\">Please do not fill in this field. <input id=\"input_6\" type=\"text\" name=\"input_6\" value=\"\" autocomplete=\"off\"><\/label><\/form>\n","protected":false},"excerpt":{"rendered":"<p>Hojicha tmav\u00fd pra\u017een\u00fd pr\u00e1\u0161ok (ve\u013ekoobchod) Pr\u00e1\u0161ok Hojicha Dark Roast dod\u00e1va hlbok\u00fa, intenz\u00edvnu pra\u017een\u00fa chu\u0165, ide\u00e1lnu pre t\u00fdch, ktor\u00ed h\u013eadaj\u00fa robustnej\u0161\u00ed a pln\u0161\u00ed \u010dajov\u00fd z\u00e1\u017eitok. D\u00f4le\u017eit\u00e9 \u00fadaje o produkte V\u00fdhody tmavej pe\u010denej hojichy Ve\u013ekoobchodn\u00e9 inform\u00e1cie Ako vari\u0165 Ide\u00e1lne pre Vy\u017eiadajte si vzorku e\u0161te dnes Ste zvedav\u00ed na bohat\u00e9, pra\u017een\u00e9 chute na\u0161ej pr\u00e9miovej hojichy? Sta\u010d\u00ed vyplni\u0165 svoje [&hellip;]<\/p>\n","protected":false},"author":1,"featured_media":8452,"parent":0,"menu_order":0,"comment_status":"closed","ping_status":"closed","template":"","meta":{"_surecart_dashboard_logo_width":"180px","_surecart_dashboard_show_logo":true,"_surecart_dashboard_navigation_orders":true,"_surecart_dashboard_navigation_invoices":true,"_surecart_dashboard_navigation_subscriptions":true,"_surecart_dashboard_navigation_downloads":true,"_surecart_dashboard_navigation_billing":true,"_surecart_dashboard_navigation_account":true,"footnotes":""},"class_list":["post-8447","page","type-page","status-publish","has-post-thumbnail","hentry","entry","has-media"],"mb":[],"mfb_rest_fields":["title","gutenberg_elementor_mode"],"_links":{"self":[{"href":"https:\/\/hojichawholesale.eu\/sk\/wp-json\/wp\/v2\/pages\/8447","targetHints":{"allow":["GET"]}}],"collection":[{"href":"https:\/\/hojichawholesale.eu\/sk\/wp-json\/wp\/v2\/pages"}],"about":[{"href":"https:\/\/hojichawholesale.eu\/sk\/wp-json\/wp\/v2\/types\/page"}],"author":[{"embeddable":true,"href":"https:\/\/hojichawholesale.eu\/sk\/wp-json\/wp\/v2\/users\/1"}],"replies":[{"embeddable":true,"href":"https:\/\/hojichawholesale.eu\/sk\/wp-json\/wp\/v2\/comments?post=8447"}],"version-history":[{"count":0,"href":"https:\/\/hojichawholesale.eu\/sk\/wp-json\/wp\/v2\/pages\/8447\/revisions"}],"wp:featuredmedia":[{"embeddable":true,"href":"https:\/\/hojichawholesale.eu\/sk\/wp-json\/wp\/v2\/media\/8452"}],"wp:attachment":[{"href":"https:\/\/hojichawholesale.eu\/sk\/wp-json\/wp\/v2\/media?parent=8447"}],"curies":[{"name":"wp","href":"https:\/\/api.w.org\/{rel}","templated":true}]}}