{"id":8436,"date":"2024-10-12T14:03:31","date_gmt":"2024-10-12T14:03:31","guid":{"rendered":"https:\/\/hojichawholesale.eu\/hojicha-stredne-prazeny-prasok-velkoobchod\/"},"modified":"2025-12-10T19:00:21","modified_gmt":"2025-12-10T19:00:21","slug":"hojicha-stredne-prazeny-prasok-velkoobchod","status":"publish","type":"page","link":"https:\/\/hojichawholesale.eu\/sk\/hojicha-stredne-prazeny-prasok-velkoobchod\/","title":{"rendered":"Hojicha stredne pra\u017een\u00fd pr\u00e1\u0161ok (ve\u013ekoobchod)"},"content":{"rendered":"\n<h1 class=\"wp-block-heading\">Hojicha stredne pra\u017een\u00e1 (ve\u013ekoobchod)<\/h1>\n\n<p><strong>Hojicha Medium Roast<\/strong> <strong>Powder <\/strong>pon\u00faka jedine\u010dn\u00fa, bohat\u00fa a zemit\u00fa chu\u0165, ktor\u00e1 je ide\u00e1lna pre milovn\u00edkov \u010daju, ktor\u00ed oce\u0148uj\u00fa rovnov\u00e1hu medzi robustn\u00fdmi pra\u017een\u00fdmi t\u00f3nmi a prirodzenou sladkos\u0165ou zelen\u00e9ho \u010daju.<\/p>\n<div class=\"wp-block-image\">\n<figure class=\"aligncenter size-full is-resized\"><img fetchpriority=\"high\" decoding=\"async\" width=\"1000\" height=\"1000\" src=\"https:\/\/hojichawholesale.eu\/wp-content\/uploads\/2025\/01\/hojicha-medium-powder-both.webp\" alt=\"\" class=\"wp-image-7484\" style=\"width:282px;height:auto\" srcset=\"https:\/\/hojichawholesale.eu\/wp-content\/uploads\/2025\/01\/hojicha-medium-powder-both.webp 1000w, https:\/\/hojichawholesale.eu\/wp-content\/uploads\/2025\/01\/hojicha-medium-powder-both-300x300.webp 300w, https:\/\/hojichawholesale.eu\/wp-content\/uploads\/2025\/01\/hojicha-medium-powder-both-150x150.webp 150w, https:\/\/hojichawholesale.eu\/wp-content\/uploads\/2025\/01\/hojicha-medium-powder-both-768x768.webp 768w, https:\/\/hojichawholesale.eu\/wp-content\/uploads\/2025\/01\/hojicha-medium-powder-both-600x600.webp 600w\" sizes=\"(max-width: 1000px) 100vw, 1000px\" \/><\/figure>\n<\/div>\n<h2 class=\"wp-block-heading\">D\u00f4le\u017eit\u00e9 \u00fadaje o produkte<\/h2>\n\n<ul class=\"wp-block-list\">\n<li><strong>Typ<\/strong>: Pra\u017een\u00fd zelen\u00fd \u010daj (hojicha)<\/li>\n\n\n\n<li><strong>P\u00f4vod<\/strong>: Shizuoka, Japonsko<\/li>\n\n\n\n<li><strong>Forma<\/strong>: Pr\u00e1\u0161ok<\/li>\n\n\n\n<li><strong>\u00darove\u0148 pra\u017eenia<\/strong>: Stredn\u00e1<\/li>\n\n\n\n<li><strong>Obdobie zberu<\/strong>: jar\/leto<\/li>\n\n\n\n<li><strong>Spracovanie<\/strong>: Pra\u017een\u00e9 v porcel\u00e1ne nad 220 \u00b0C<\/li>\n\n\n\n<li><strong>Chu\u0165ov\u00fd profil<\/strong>: Orie\u0161ka, mierne sladk\u00e1, hladk\u00e1 s n\u00e1dychom karamelu<\/li>\n\n\n\n<li><strong>Kofe\u00edn<\/strong>: N\u00edzky<\/li>\n\n\n\n<li><strong>Balenie<\/strong>: Dostupn\u00e9 v 1 kg vreck\u00e1ch. Prebalenie je k dispoz\u00edcii na va\u0161u \u017eiados\u0165.   <\/li>\n<\/ul>\n\n<hr class=\"wp-block-separator has-alpha-channel-opacity\"\/>\n\n<h2 class=\"wp-block-heading\">V\u00fdhody stredne pra\u017eenej Hojicha<\/h2>\n\n<ul class=\"wp-block-list\">\n<li><strong>Bohat\u00e9 na antioxidanty<\/strong>: Chr\u00e1ni pred vo\u013en\u00fdmi radik\u00e1lmi<\/li>\n\n\n\n<li><strong>N\u00edzky obsah kofe\u00ednu<\/strong>: Ide\u00e1lny na celodenn\u00fd p\u00f4\u017eitok vr\u00e1tane ve\u010derov<\/li>\n\n\n\n<li><strong>Upokojuj\u00face a relaxa\u010dn\u00e9<\/strong>: Jemn\u00fd proces pra\u017eenia zni\u017euje horkos\u0165 a zv\u00fdraz\u0148uje hladk\u00fa, upokojuj\u00facu chu\u0165.<\/li>\n\n\n\n<li><strong>Trendy<\/strong>: V juhov\u00fdchodnej \u00c1zii za\u010d\u00edna vyvol\u00e1va\u0165 z\u00e1ujem v Eur\u00f3pe.<\/li>\n<\/ul>\n\n<div class=\"wp-block-columns is-layout-flex wp-container-core-columns-is-layout-28f84493 wp-block-columns-is-layout-flex\">\n<div class=\"wp-block-column is-layout-flow wp-block-column-is-layout-flow\"><div class=\"wp-block-image\">\n<figure class=\"aligncenter size-full is-resized\"><img decoding=\"async\" width=\"1000\" height=\"1000\" src=\"https:\/\/hojichawholesale.eu\/wp-content\/uploads\/2025\/01\/hojicha-medium-powder.webp\" alt=\"Hojicha stredne pra&#x17E;en&#xFD; pr&#xE1;&#x161;ok\" class=\"wp-image-7472\" style=\"width:297px;height:auto\" srcset=\"https:\/\/hojichawholesale.eu\/wp-content\/uploads\/2025\/01\/hojicha-medium-powder.webp 1000w, https:\/\/hojichawholesale.eu\/wp-content\/uploads\/2025\/01\/hojicha-medium-powder-300x300.webp 300w, https:\/\/hojichawholesale.eu\/wp-content\/uploads\/2025\/01\/hojicha-medium-powder-150x150.webp 150w, https:\/\/hojichawholesale.eu\/wp-content\/uploads\/2025\/01\/hojicha-medium-powder-768x768.webp 768w, https:\/\/hojichawholesale.eu\/wp-content\/uploads\/2025\/01\/hojicha-medium-powder-600x600.webp 600w\" sizes=\"(max-width: 1000px) 100vw, 1000px\" \/><\/figure>\n<\/div><\/div>\n\n\n\n<div class=\"wp-block-column is-layout-flow wp-block-column-is-layout-flow\"><div class=\"wp-block-image\">\n<figure class=\"aligncenter size-large is-resized\"><img decoding=\"async\" width=\"1024\" height=\"1024\" src=\"https:\/\/hojichawholesale.eu\/wp-content\/uploads\/2025\/01\/hojicha-medium-powder-infused-1024x1024.webp\" alt=\"Hojicha stredne pra&#x17E;en&#xFD; pr&#xE1;&#x161;ok vyl&#xFA;hovan&#xFD;\" class=\"wp-image-7496\" style=\"width:295px;height:auto\" srcset=\"https:\/\/hojichawholesale.eu\/wp-content\/uploads\/2025\/01\/hojicha-medium-powder-infused-1024x1024.webp 1024w, https:\/\/hojichawholesale.eu\/wp-content\/uploads\/2025\/01\/hojicha-medium-powder-infused-300x300.webp 300w, https:\/\/hojichawholesale.eu\/wp-content\/uploads\/2025\/01\/hojicha-medium-powder-infused-150x150.webp 150w, https:\/\/hojichawholesale.eu\/wp-content\/uploads\/2025\/01\/hojicha-medium-powder-infused-768x768.webp 768w, https:\/\/hojichawholesale.eu\/wp-content\/uploads\/2025\/01\/hojicha-medium-powder-infused-1536x1536.webp 1536w, https:\/\/hojichawholesale.eu\/wp-content\/uploads\/2025\/01\/hojicha-medium-powder-infused-600x600.webp 600w, https:\/\/hojichawholesale.eu\/wp-content\/uploads\/2025\/01\/hojicha-medium-powder-infused.webp 2000w\" sizes=\"(max-width: 1024px) 100vw, 1024px\" \/><\/figure>\n<\/div><\/div>\n<\/div>\n\n<hr class=\"wp-block-separator has-alpha-channel-opacity\"\/>\n\n<h2 class=\"wp-block-heading\">Ve\u013ekoobchodn\u00e9 inform\u00e1cie<\/h2>\n\n<ul class=\"wp-block-list\">\n<li><strong>Minim\u00e1lne mno\u017estvo objedn\u00e1vky (MOQ):<\/strong> 500 gramov (5*100 gramov).<\/li>\n\n\n\n<li><strong>Hromadn\u00e9 ceny<\/strong>: Kontaktujte n\u00e1s ni\u017e\u0161ie a po\u017eiadajte o vlastn\u00fa cenov\u00fa ponuku na z\u00e1klade objemu objedn\u00e1vky.<\/li>\n\n\n\n<li><strong>Skladovanie<\/strong>: Uchov\u00e1vajte na chladnom a suchom mieste.<\/li>\n\n\n\n<li><strong>D\u00e1tum spotreby<\/strong>: Hojicha sa m\u00f4\u017ee uchov\u00e1va\u0165 a\u017e dva roky neotvoren\u00e1 a skladovan\u00e1 pri teplote 5 \u00b0C &#8211; 10 \u00b0C.<\/li>\n\n\n\n<li><strong>Doprava<\/strong>: Posielame na eur\u00f3psky kontinent s flexibiln\u00fdmi mo\u017enos\u0165ami dopravy vr\u00e1tane expresn\u00e9ho doru\u010denia pre urgentn\u00e9 objedn\u00e1vky.<\/li>\n<\/ul>\n\n<hr class=\"wp-block-separator has-alpha-channel-opacity\"\/>\n\n<h2 class=\"wp-block-heading\">Ako vari\u0165<\/h2>\n\n<ol class=\"wp-block-list\">\n<li><strong>Mno\u017estvo \u010daju<\/strong>: 8 g \u010daju na 500 ml vody<\/li>\n\n\n\n<li><strong>Teplota vody<\/strong>: 70-80 \u00b0C  <\/li>\n\n\n\n<li><strong>\u010cas l\u00fahovania<\/strong>: 2-3 min\u00faty pre dokonal\u00fd poh\u00e1r<\/li>\n<\/ol>\n\n<hr class=\"wp-block-separator has-alpha-channel-opacity\"\/>\n\n<h2 class=\"wp-block-heading\">Ide\u00e1lne pre<\/h2>\n\n<ul class=\"wp-block-list\">\n<li>\u010cajovne, kaviarne a re\u0161taur\u00e1cie, ktor\u00e9 chc\u00fa pon\u00faknu\u0165 pr\u00e9miov\u00fd z\u00e1\u017eitok z hojicha latte.  <\/li>\n\n\n\n<li>Spotrebitelia, ktor\u00ed dbaj\u00fa na zdravie a uprednost\u0148uj\u00fa alternat\u00edvu s n\u00edzkym obsahom kofe\u00ednu.<\/li>\n\n\n\n<li>Mie\u0161a sa s in\u00fdmi \u010dajmi a vytv\u00e1ra charakteristick\u00e9 dom\u00e1ce \u010dajov\u00e9 zmesi.<\/li>\n<\/ul>\n\n<h2 class=\"wp-block-heading\">Vy\u017eiadajte si vzorku e\u0161te dnes<\/h2>\n\n<p>Ste zvedav\u00ed na bohat\u00e9, pra\u017een\u00e9 chute na\u0161ej pr\u00e9miovej hojichy?  <\/p>\n\n<p>Sta\u010d\u00ed vyplni\u0165 svoje \u00fadaje ni\u017e\u0161ie a my v\u00e1m po\u0161leme vzorku. Dajte n\u00e1m vedie\u0165, ak m\u00e1te konkr\u00e9tne po\u017eiadavky, a my v\u00e1m radi prisp\u00f4sob\u00edme na\u0161u ponuku tak, aby vyhovovala va\u0161im obchodn\u00fdm potreb\u00e1m. <\/p>\n<div class=\"forminator-ui forminator-custom-form forminator-custom-form-1365 forminator-design--flat  forminator_ajax\" data-forminator-render=\"0\" data-form=\"forminator-module-1365\" data-uid=\"69dec6fa22231\"><br\/><\/div><form\n\t\t\t\tid=\"forminator-module-1365\"\n\t\t\t\tclass=\"forminator-ui forminator-custom-form forminator-custom-form-1365 forminator-design--flat  forminator_ajax\"\n\t\t\t\tmethod=\"post\"\n\t\t\t\tdata-forminator-render=\"0\"\n\t\t\t\tdata-form-id=\"1365\"\n\t\t\t\t data-color-option=\"default\" data-design=\"flat\" data-grid=\"open\" style=\"display: none;\"\n\t\t\t\tdata-uid=\"69dec6fa22231\"\n\t\t\t><div role=\"alert\" aria-live=\"polite\" class=\"forminator-response-message forminator-error\" aria-hidden=\"true\"><\/div><div class=\"forminator-row\"><div id=\"name-1\" class=\"forminator-field-name forminator-col forminator-col-6 \"><div class=\"forminator-field\"><input type=\"text\" name=\"name-1\" value=\"\" placeholder=\"First Name\" id=\"forminator-field-name-1_69dec6fa22231\" class=\"forminator-input forminator-name--field\" aria-required=\"true\" autocomplete=\"name\" \/><\/div><\/div><div id=\"name-2\" class=\"forminator-field-name forminator-col forminator-col-6 \"><div class=\"forminator-field\"><input type=\"text\" name=\"name-2\" value=\"\" placeholder=\"Last Name\" id=\"forminator-field-name-2_69dec6fa22231\" class=\"forminator-input forminator-name--field\" aria-required=\"true\" autocomplete=\"name\" \/><\/div><\/div><\/div><div class=\"forminator-row\"><div id=\"email-1\" class=\"forminator-field-email forminator-col forminator-col-12 \"><div class=\"forminator-field\"><input type=\"email\" name=\"email-1\" value=\"\" placeholder=\"Email\" id=\"forminator-field-email-1_69dec6fa22231\" class=\"forminator-input forminator-email--field\" data-required=\"true\" aria-required=\"true\" autocomplete=\"email\" \/><\/div><\/div><\/div><div class=\"forminator-row\"><div id=\"phone-1\" class=\"forminator-field-phone forminator-col forminator-col-12 \"><div class=\"forminator-field\"><input type=\"text\" name=\"phone-1\" value=\"\" placeholder=\"Phone\" id=\"forminator-field-phone-1_69dec6fa22231\" class=\"forminator-input forminator-field--phone\" data-required=\"\" aria-required=\"false\" autocomplete=\"off\" \/><\/div><\/div><\/div><div class=\"forminator-row\"><div id=\"textarea-1\" class=\"forminator-field-textarea forminator-col forminator-col-12 \"><div class=\"forminator-field\"><textarea name=\"textarea-1\" placeholder=\"Message\" id=\"forminator-field-textarea-1_69dec6fa22231\" class=\"forminator-textarea\" rows=\"6\" style=\"min-height:140px;\" ><\/textarea><span id=\"forminator-field-textarea-1_69dec6fa22231-description\" class=\"forminator-description\"><span data-limit=\"300\" data-type=\"words\" data-editor=\"\">0 \/ 300<\/span><\/span><\/div><\/div><\/div><div class=\"forminator-row\"><\/div><input type=\"hidden\" name=\"referer_url\" value=\"\" \/><div class=\"forminator-row forminator-row-last\"><div class=\"forminator-col\"><div class=\"forminator-field\"><button class=\"forminator-button forminator-button-submit\">Send<\/button><\/div><\/div><\/div><input type=\"hidden\" id=\"forminator_nonce\" name=\"forminator_nonce\" value=\"a647953a3f\" \/><input type=\"hidden\" name=\"_wp_http_referer\" value=\"\/sk\/wp-json\/wp\/v2\/pages\/8436\" \/><input type=\"hidden\" name=\"form_id\" value=\"1365\"><input type=\"hidden\" name=\"page_id\" value=\"8436\"><input type=\"hidden\" name=\"form_type\" value=\"default\"><input type=\"hidden\" name=\"current_url\" value=\"https:\/\/hojichawholesale.eu\/sk\/hojicha-stredne-prazeny-prasok-velkoobchod\/\"><input type=\"hidden\" name=\"render_id\" value=\"0\"><input type=\"hidden\" name=\"action\" value=\"forminator_submit_form_custom-forms\"><label for=\"input_6\" class=\"forminator-hidden\" aria-hidden=\"true\">Please do not fill in this field. <input id=\"input_6\" type=\"text\" name=\"input_6\" value=\"\" autocomplete=\"off\"><\/label><\/form>\n","protected":false},"excerpt":{"rendered":"<p>Hojicha stredne pra\u017een\u00e1 (ve\u013ekoobchod) Hojicha Medium Roast Powder pon\u00faka jedine\u010dn\u00fa, bohat\u00fa a zemit\u00fa chu\u0165, ktor\u00e1 je ide\u00e1lna pre milovn\u00edkov \u010daju, ktor\u00ed oce\u0148uj\u00fa rovnov\u00e1hu medzi robustn\u00fdmi pra\u017een\u00fdmi t\u00f3nmi a prirodzenou sladkos\u0165ou zelen\u00e9ho \u010daju. D\u00f4le\u017eit\u00e9 \u00fadaje o produkte V\u00fdhody stredne pra\u017eenej Hojicha Ve\u013ekoobchodn\u00e9 inform\u00e1cie Ako vari\u0165 Ide\u00e1lne pre Vy\u017eiadajte si vzorku e\u0161te dnes Ste zvedav\u00ed na bohat\u00e9, [&hellip;]<\/p>\n","protected":false},"author":1,"featured_media":8438,"parent":0,"menu_order":0,"comment_status":"closed","ping_status":"closed","template":"","meta":{"_surecart_dashboard_logo_width":"180px","_surecart_dashboard_show_logo":true,"_surecart_dashboard_navigation_orders":true,"_surecart_dashboard_navigation_invoices":true,"_surecart_dashboard_navigation_subscriptions":true,"_surecart_dashboard_navigation_downloads":true,"_surecart_dashboard_navigation_billing":true,"_surecart_dashboard_navigation_account":true,"footnotes":""},"class_list":["post-8436","page","type-page","status-publish","has-post-thumbnail","hentry","entry","has-media"],"mb":[],"mfb_rest_fields":["title","gutenberg_elementor_mode"],"_links":{"self":[{"href":"https:\/\/hojichawholesale.eu\/sk\/wp-json\/wp\/v2\/pages\/8436","targetHints":{"allow":["GET"]}}],"collection":[{"href":"https:\/\/hojichawholesale.eu\/sk\/wp-json\/wp\/v2\/pages"}],"about":[{"href":"https:\/\/hojichawholesale.eu\/sk\/wp-json\/wp\/v2\/types\/page"}],"author":[{"embeddable":true,"href":"https:\/\/hojichawholesale.eu\/sk\/wp-json\/wp\/v2\/users\/1"}],"replies":[{"embeddable":true,"href":"https:\/\/hojichawholesale.eu\/sk\/wp-json\/wp\/v2\/comments?post=8436"}],"version-history":[{"count":0,"href":"https:\/\/hojichawholesale.eu\/sk\/wp-json\/wp\/v2\/pages\/8436\/revisions"}],"wp:featuredmedia":[{"embeddable":true,"href":"https:\/\/hojichawholesale.eu\/sk\/wp-json\/wp\/v2\/media\/8438"}],"wp:attachment":[{"href":"https:\/\/hojichawholesale.eu\/sk\/wp-json\/wp\/v2\/media?parent=8436"}],"curies":[{"name":"wp","href":"https:\/\/api.w.org\/{rel}","templated":true}]}}