{"id":8337,"date":"2024-10-12T11:59:06","date_gmt":"2024-10-12T11:59:06","guid":{"rendered":"https:\/\/hojichawholesale.eu\/preco-predavat-hojicha\/"},"modified":"2025-10-26T16:42:49","modified_gmt":"2025-10-26T16:42:49","slug":"preco-predavat-hojicha","status":"publish","type":"page","link":"https:\/\/hojichawholesale.eu\/sk\/preco-predavat-hojicha\/","title":{"rendered":"Pre\u010do pred\u00e1va\u0165 hojicha?"},"content":{"rendered":"\n<h1 class=\"wp-block-heading\">Pre\u010do pred\u00e1va\u0165 Hojicha?<\/h1>\n\n<p>Hojicha, japonsk\u00fd pra\u017een\u00fd zelen\u00fd \u010daj, si v posledn\u00fdch rokoch r\u00fdchlo z\u00edskal popularitu.  <\/p>\n\n<figure class=\"wp-block-image size-large\"><img fetchpriority=\"high\" decoding=\"async\" width=\"1024\" height=\"544\" src=\"https:\/\/hojichawholesale.eu\/wp-content\/uploads\/2024\/10\/hojicha-trends-1-1024x544.avif\" alt=\"\" class=\"wp-image-5519\" srcset=\"https:\/\/hojichawholesale.eu\/wp-content\/uploads\/2024\/10\/hojicha-trends-1-1024x544.avif 1024w, https:\/\/hojichawholesale.eu\/wp-content\/uploads\/2024\/10\/hojicha-trends-1-300x159.avif 300w, https:\/\/hojichawholesale.eu\/wp-content\/uploads\/2024\/10\/hojicha-trends-1-768x408.avif 768w, https:\/\/hojichawholesale.eu\/wp-content\/uploads\/2024\/10\/hojicha-trends-1-1536x816.avif 1536w, https:\/\/hojichawholesale.eu\/wp-content\/uploads\/2024\/10\/hojicha-trends-1.avif 1892w\" sizes=\"(max-width: 1024px) 100vw, 1024px\" \/><\/figure>\n\n<figure class=\"wp-block-image size-large\"><img decoding=\"async\" width=\"1024\" height=\"412\" src=\"https:\/\/hojichawholesale.eu\/wp-content\/uploads\/2024\/10\/hojicha-trends-countries-1024x412.avif\" alt=\"\" class=\"wp-image-5459\" srcset=\"https:\/\/hojichawholesale.eu\/wp-content\/uploads\/2024\/10\/hojicha-trends-countries-1024x412.avif 1024w, https:\/\/hojichawholesale.eu\/wp-content\/uploads\/2024\/10\/hojicha-trends-countries-300x121.avif 300w, https:\/\/hojichawholesale.eu\/wp-content\/uploads\/2024\/10\/hojicha-trends-countries-768x309.avif 768w, https:\/\/hojichawholesale.eu\/wp-content\/uploads\/2024\/10\/hojicha-trends-countries-1536x618.avif 1536w, https:\/\/hojichawholesale.eu\/wp-content\/uploads\/2024\/10\/hojicha-trends-countries.avif 1873w\" sizes=\"(max-width: 1024px) 100vw, 1024px\" \/><\/figure>\n\n<p>V\u010faka svojmu v\u00fdrazn\u00e9mu chu\u0165ov\u00e9mu profilu, rast\u00facej zdravotnej pr\u00ed\u0165a\u017elivosti a v\u0161estrannosti je to nov\u00e1 a presved\u010div\u00e1 ponuka pre va\u0161ich z\u00e1kazn\u00edkov.  <\/p>\n\n<p>Tu je d\u00f4vod, pre\u010do by ste mali zv\u00e1\u017ei\u0165 pridanie hojicha do svojho jed\u00e1lneho l\u00edstka.<\/p>\n\n<h2 class=\"wp-block-heading\">1. Jedine\u010dn\u00fd chu\u0165ov\u00fd profil<\/h2>\n\n<p>Hojicha vynik\u00e1 svojou teplou, pra\u017eenou chu\u0165ou, ktor\u00e1 ju odli\u0161uje od ostatn\u00fdch japonsk\u00fdch \u010dajov ako matcha alebo sencha.  <\/p>\n\n<p>Proces pra\u017eenia mu dod\u00e1va toastov\u00fa, mierne orie\u0161kov\u00fa chu\u0165 s n\u00e1dychom karamelovej sladkosti, \u010do z neho rob\u00ed pr\u00ed\u0165a\u017eliv\u00fa vo\u013ebu pre z\u00e1kazn\u00edkov, ktor\u00ed h\u013eadaj\u00fa nie\u010do in\u00e9.  <\/p>\n\n<p>Jeho nedostatok horkosti a n\u00edzky obsah kofe\u00ednu (v d\u00f4sledku pra\u017eenia) z neho robia univerz\u00e1lnu a rodinn\u00fa mo\u017enos\u0165.  <\/p>\n\n<p>S n\u00edzkym obsahom cukru, ale chutn\u00fd, je to n\u00e1poj pre ka\u017ed\u00e9ho.  <\/p>\n\n<h2 class=\"wp-block-heading\">2. Zdravotn\u00e9 pr\u00ednosy<\/h2>\n\n<p>Hojicha, rovnako ako in\u00e9 zelen\u00e9 \u010daje, si zachov\u00e1va mnoho zdravotn\u00fdch v\u00fdhod aj po pra\u017een\u00ed.  <\/p>\n\n<p>Je bohat\u00fd na antioxidanty, ktor\u00e9 s\u00fa zn\u00e1me svojou \u00falohou pri zni\u017eovan\u00ed z\u00e1palu a podpore celkovej pohody. V\u010faka n\u00edzkemu obsahu kofe\u00ednu je vhodn\u00fd pre \u013eud\u00ed, ktor\u00ed chc\u00fa zn\u00ed\u017ei\u0165 pr\u00edjem kofe\u00ednu a z\u00e1rove\u0148 si vychutna\u0165 upokojuj\u00face a zdraviu prospe\u0161n\u00e9 vlastnosti \u010daju.   <\/p>\n\n<h2 class=\"wp-block-heading\">3. V\u0161estrannos\u0165 v kulin\u00e1rskych aplik\u00e1ci\u00e1ch<\/h2>\n\n<p>Hojicha je dostupn\u00e1 bu\u010f ako sypk\u00e9 listy alebo pr\u00e1\u0161ok.<\/p>\n\n<p>T\u00e1to v\u0161estrannos\u0165 je medzi japonsk\u00fdm \u010dajom zriedkav\u00e1.  <\/p>\n\n<p>Hojicha sa m\u00f4\u017ee pod\u00e1va\u0165 tepl\u00e1 alebo studen\u00e1, v \u010daji alebo v latte a d\u00e1 sa zapiec\u0165 do chleba, su\u0161ienok a kol\u00e1\u010dov.  <\/p>\n\n<p>M\u00f4\u017ee sa pou\u017ei\u0165 aj ako pr\u00edchu\u0165 na zmrzlinu.  <\/p>\n\n<p>Jeho pra\u017een\u00e9, zemit\u00e9 chute z neho robia vzru\u0161uj\u00facu ingredienciu, ktor\u00fa m\u00f4\u017eete pou\u017ei\u0165 takmer vo v\u0161etk\u00fdch receptoch.  <\/p>\n\n<h2 class=\"wp-block-heading\">4. Rast\u00faca glob\u00e1lna popularita<\/h2>\n\n<p>Hojichova popularita sa u\u017e neobmedzuje len na Japonsko.  <\/p>\n\n<p>Medzin\u00e1rodn\u00ed konzumenti \u010daju s\u00fa \u010doraz dobrodru\u017enej\u0161\u00ed a chc\u00fa presk\u00fama\u0165 nov\u00e9 chute a kult\u00farne \u010dajov\u00e9 trad\u00edcie. S rast\u00facim povedom\u00edm o hojicha rastie aj dopyt na trhu. <\/p>\n\n<p>T\u00fdm, \u017ee ste medzi prv\u00fdmi predajcami hojicha sa dost\u00e1vate do popredia roz\u0161iruj\u00faceho sa glob\u00e1lneho trendu, ktor\u00fd nevykazuje \u017eiadne zn\u00e1mky spomalenia.  <\/p>\n\n<p>Svoju firmu tie\u017e umiest\u0148ujete ako odli\u0161n\u00fa a trendovej\u0161iu ako konkurencia.  <\/p>\n\n<h2 class=\"wp-block-heading\">5. Jednoduch\u00e9 uvedenie na trh<\/h2>\n\n<p>Povaha produktu v\u00e1m poskytuje \u0161irok\u00fa \u0161k\u00e1lu uhlov poh\u013eadu, ktor\u00e9 m\u00f4\u017eete pou\u017ei\u0165 vo svojom marketingu, od luxusn\u00e9ho japonsk\u00e9ho n\u00e1poja a\u017e po zdraviu prospe\u0161n\u00fd n\u00e1poj.  <\/p>\n\n<p>Jeho n\u00edzke v\u00fdrobn\u00e9 n\u00e1klady v\u00e1m d\u00e1vaj\u00fa pln\u00fa kontrolu nad va\u0161imi ziskov\u00fdmi mar\u017eami.  <\/p>\n\n<h2 class=\"wp-block-heading\">Z\u00e1ver<\/h2>\n\n<p>Ako hlavn\u00fd za\u010d\u00ednaj\u00faci japonsk\u00fd \u010daj je hojicha nevyhnutnos\u0165ou pre kaviarne, hotely, re\u0161taur\u00e1cie a maloobchodn\u00e9 \u010dajovne, ktor\u00e9 chc\u00fa svojim z\u00e1kazn\u00edkom pon\u00faknu\u0165 vzru\u0161uj\u00facu \u0161k\u00e1lu produktov.  <\/p>\n\n<p>Zdravotn\u00e9 v\u00fdhody Hojicha, bohat\u00fd chu\u0165ov\u00fd profil a rast\u00faci dopyt z neho robia strategick\u00fd doplnok pre maloobchodn\u00edkov aj stravovacie zariadenia.<\/p>\n\n<p>\u010ci u\u017e s\u00fa va\u0161i z\u00e1kazn\u00edci ostrie\u013ean\u00ed milovn\u00edci \u010daju alebo nov\u00e1\u010dikovia v japonsk\u00fdch \u010dajoch, hojicha ur\u010dite vynikne ako produkt so \u0161irokou pr\u00ed\u0165a\u017elivos\u0165ou.<\/p>\n\n<h2 class=\"wp-block-heading\">Vy\u017eiadajte si vzorku<\/h2>\n\n<p>Ste zvedav\u00ed na bohat\u00e9, pra\u017een\u00e9 chute na\u0161ej pr\u00e9miovej hojichy?  <\/p>\n\n<p>Sta\u010d\u00ed vyplni\u0165 svoje \u00fadaje ni\u017e\u0161ie a my v\u00e1m po\u0161leme vzorku. Dajte n\u00e1m vedie\u0165, ak m\u00e1te konkr\u00e9tne po\u017eiadavky, a my v\u00e1m radi prisp\u00f4sob\u00edme na\u0161u ponuku tak, aby vyhovovala va\u0161im obchodn\u00fdm potreb\u00e1m. <\/p>\n<div class=\"forminator-ui forminator-custom-form forminator-custom-form-1365 forminator-design--flat  forminator_ajax\" data-forminator-render=\"0\" data-form=\"forminator-module-1365\" data-uid=\"69d4428eee11b\"><br\/><\/div><form\n\t\t\t\tid=\"forminator-module-1365\"\n\t\t\t\tclass=\"forminator-ui forminator-custom-form forminator-custom-form-1365 forminator-design--flat  forminator_ajax\"\n\t\t\t\tmethod=\"post\"\n\t\t\t\tdata-forminator-render=\"0\"\n\t\t\t\tdata-form-id=\"1365\"\n\t\t\t\t data-color-option=\"default\" data-design=\"flat\" data-grid=\"open\" style=\"display: none;\"\n\t\t\t\tdata-uid=\"69d4428eee11b\"\n\t\t\t><div role=\"alert\" aria-live=\"polite\" class=\"forminator-response-message forminator-error\" aria-hidden=\"true\"><\/div><div class=\"forminator-row\"><div id=\"name-1\" class=\"forminator-field-name forminator-col forminator-col-6 \"><div class=\"forminator-field\"><input type=\"text\" name=\"name-1\" value=\"\" placeholder=\"First Name\" id=\"forminator-field-name-1_69d4428eee11b\" class=\"forminator-input forminator-name--field\" aria-required=\"true\" autocomplete=\"name\" \/><\/div><\/div><div id=\"name-2\" class=\"forminator-field-name forminator-col forminator-col-6 \"><div class=\"forminator-field\"><input type=\"text\" name=\"name-2\" value=\"\" placeholder=\"Last Name\" id=\"forminator-field-name-2_69d4428eee11b\" class=\"forminator-input forminator-name--field\" aria-required=\"true\" autocomplete=\"name\" \/><\/div><\/div><\/div><div class=\"forminator-row\"><div id=\"email-1\" class=\"forminator-field-email forminator-col forminator-col-12 \"><div class=\"forminator-field\"><input type=\"email\" name=\"email-1\" value=\"\" placeholder=\"Email\" id=\"forminator-field-email-1_69d4428eee11b\" class=\"forminator-input forminator-email--field\" data-required=\"true\" aria-required=\"true\" autocomplete=\"email\" \/><\/div><\/div><\/div><div class=\"forminator-row\"><div id=\"phone-1\" class=\"forminator-field-phone forminator-col forminator-col-12 \"><div class=\"forminator-field\"><input type=\"text\" name=\"phone-1\" value=\"\" placeholder=\"Phone\" id=\"forminator-field-phone-1_69d4428eee11b\" class=\"forminator-input forminator-field--phone\" data-required=\"\" aria-required=\"false\" autocomplete=\"off\" \/><\/div><\/div><\/div><div class=\"forminator-row\"><div id=\"textarea-1\" class=\"forminator-field-textarea forminator-col forminator-col-12 \"><div class=\"forminator-field\"><textarea name=\"textarea-1\" placeholder=\"Message\" id=\"forminator-field-textarea-1_69d4428eee11b\" class=\"forminator-textarea\" rows=\"6\" style=\"min-height:140px;\" ><\/textarea><span id=\"forminator-field-textarea-1_69d4428eee11b-description\" class=\"forminator-description\"><span data-limit=\"300\" data-type=\"words\" data-editor=\"\">0 \/ 300<\/span><\/span><\/div><\/div><\/div><div class=\"forminator-row\"><\/div><input type=\"hidden\" name=\"referer_url\" value=\"\" \/><div class=\"forminator-row forminator-row-last\"><div class=\"forminator-col\"><div class=\"forminator-field\"><button class=\"forminator-button forminator-button-submit\">Send<\/button><\/div><\/div><\/div><input type=\"hidden\" id=\"forminator_nonce\" name=\"forminator_nonce\" value=\"8ad7e0b691\" \/><input type=\"hidden\" name=\"_wp_http_referer\" value=\"\/sk\/wp-json\/wp\/v2\/pages\/8337\" \/><input type=\"hidden\" name=\"form_id\" value=\"1365\"><input type=\"hidden\" name=\"page_id\" value=\"8337\"><input type=\"hidden\" name=\"form_type\" value=\"default\"><input type=\"hidden\" name=\"current_url\" value=\"https:\/\/hojichawholesale.eu\/sk\/preco-predavat-hojicha\/\"><input type=\"hidden\" name=\"render_id\" value=\"0\"><input type=\"hidden\" name=\"action\" value=\"forminator_submit_form_custom-forms\"><label for=\"input_6\" class=\"forminator-hidden\" aria-hidden=\"true\">Please do not fill in this field. <input id=\"input_6\" type=\"text\" name=\"input_6\" value=\"\" autocomplete=\"off\"><\/label><\/form>\n","protected":false},"excerpt":{"rendered":"<p>Pre\u010do pred\u00e1va\u0165 Hojicha? Hojicha, japonsk\u00fd pra\u017een\u00fd zelen\u00fd \u010daj, si v posledn\u00fdch rokoch r\u00fdchlo z\u00edskal popularitu. V\u010faka svojmu v\u00fdrazn\u00e9mu chu\u0165ov\u00e9mu profilu, rast\u00facej zdravotnej pr\u00ed\u0165a\u017elivosti a v\u0161estrannosti je to nov\u00e1 a presved\u010div\u00e1 ponuka pre va\u0161ich z\u00e1kazn\u00edkov. Tu je d\u00f4vod, pre\u010do by ste mali zv\u00e1\u017ei\u0165 pridanie hojicha do svojho jed\u00e1lneho l\u00edstka. 1. Jedine\u010dn\u00fd chu\u0165ov\u00fd profil Hojicha vynik\u00e1 svojou [&hellip;]<\/p>\n","protected":false},"author":1,"featured_media":8353,"parent":0,"menu_order":0,"comment_status":"closed","ping_status":"closed","template":"","meta":{"_surecart_dashboard_logo_width":"180px","_surecart_dashboard_show_logo":true,"_surecart_dashboard_navigation_orders":true,"_surecart_dashboard_navigation_invoices":true,"_surecart_dashboard_navigation_subscriptions":true,"_surecart_dashboard_navigation_downloads":true,"_surecart_dashboard_navigation_billing":true,"_surecart_dashboard_navigation_account":true,"footnotes":""},"class_list":["post-8337","page","type-page","status-publish","has-post-thumbnail","hentry","entry","has-media"],"mb":[],"mfb_rest_fields":["title","gutenberg_elementor_mode"],"_links":{"self":[{"href":"https:\/\/hojichawholesale.eu\/sk\/wp-json\/wp\/v2\/pages\/8337","targetHints":{"allow":["GET"]}}],"collection":[{"href":"https:\/\/hojichawholesale.eu\/sk\/wp-json\/wp\/v2\/pages"}],"about":[{"href":"https:\/\/hojichawholesale.eu\/sk\/wp-json\/wp\/v2\/types\/page"}],"author":[{"embeddable":true,"href":"https:\/\/hojichawholesale.eu\/sk\/wp-json\/wp\/v2\/users\/1"}],"replies":[{"embeddable":true,"href":"https:\/\/hojichawholesale.eu\/sk\/wp-json\/wp\/v2\/comments?post=8337"}],"version-history":[{"count":0,"href":"https:\/\/hojichawholesale.eu\/sk\/wp-json\/wp\/v2\/pages\/8337\/revisions"}],"wp:featuredmedia":[{"embeddable":true,"href":"https:\/\/hojichawholesale.eu\/sk\/wp-json\/wp\/v2\/media\/8353"}],"wp:attachment":[{"href":"https:\/\/hojichawholesale.eu\/sk\/wp-json\/wp\/v2\/media?parent=8337"}],"curies":[{"name":"wp","href":"https:\/\/api.w.org\/{rel}","templated":true}]}}