{"id":8238,"date":"2024-10-12T09:58:42","date_gmt":"2024-10-12T09:58:42","guid":{"rendered":"https:\/\/hojichawholesale.eu\/hojicha-pre-hotely-a-restauracie\/"},"modified":"2025-10-26T16:42:40","modified_gmt":"2025-10-26T16:42:40","slug":"hojicha-pre-hotely-a-restauracie","status":"publish","type":"page","link":"https:\/\/hojichawholesale.eu\/sk\/hojicha-pre-hotely-a-restauracie\/","title":{"rendered":"Hojicha pre hotely a re\u0161taur\u00e1cie"},"content":{"rendered":"\n<h1 class=\"wp-block-heading\">Hojicha pre hotely a re\u0161taur\u00e1cie<\/h1>\n\n<p>Hojicha je nadch\u00e1dzaj\u00faci trendov\u00fd japonsk\u00fd \u010daj. Rovnako ako matcha je dostupn\u00e1 vo forme pr\u00e1\u0161ku, ide\u00e1lna pre latt\u00e9, dezerty a pe\u010divo. Ale na rozdiel od matchy je k dispoz\u00edcii aj vo vo\u013en\u00fdch listoch, \u010do umo\u017e\u0148uje \u013eahk\u00e9 vyl\u00fahovanie do hor\u00facej vody.    <\/p>\n\n<p>Hojicha je silne spojen\u00e1 so zdrav\u00edm, sofistikovanos\u0165ou a vysokou kvalitou, \u010do pozit\u00edvne ovplyv\u0148uje va\u0161u zna\u010dku a \u0161t\u00fdl a pom\u00e1ha va\u0161im z\u00e1kazn\u00edkom c\u00edti\u0165 sa sofistikovane.  <\/p>\n\n<p>Okrem toho pon\u00faka vysok\u00e9 ziskov\u00e9 mar\u017ee v\u010faka svojmu pr\u00e9miov\u00e9mu vn\u00edmaniu a n\u00edzkym v\u00fdrobn\u00fdm n\u00e1kladom.<\/p>\n\n<p>Tu je d\u00f4vod, pre\u010do je hojicha dokonal\u00fdm doplnkom do v\u00fdberu n\u00e1pojov v\u00e1\u0161ho hotela alebo re\u0161taur\u00e1cie.<\/p>\n\n<h2 class=\"wp-block-heading\">1. Jedine\u010dn\u00e1, pra\u017een\u00e1 chu\u0165<\/h2>\n\n<p>Hojicha pon\u00faka hlbok\u00fa, pra\u017een\u00fa chu\u0165 s t\u00f3nmi karamelu, orechov a jemnou dymovos\u0165ou. Jeho hladk\u00e1, prirodzene sladk\u00e1 chu\u0165 oslovuje \u0161irok\u00e9 spektrum \u013eud\u00ed, \u010do z neho rob\u00ed univerz\u00e1lnej\u0161ie dostupn\u00fa mo\u017enos\u0165 ako matcha. <\/p>\n\n<h2 class=\"wp-block-heading\">2. N\u00edzky obsah kofe\u00ednu a relax\u00e1cia<\/h2>\n\n<p>Hojicha pra\u017een\u00e1 pri vysok\u00fdch teplot\u00e1ch m\u00e1 minim\u00e1lny obsah kofe\u00ednu, v\u010faka \u010domu je ide\u00e1lnou vo\u013ebou pre host\u00ed, ktor\u00ed h\u013eadaj\u00fa relax kedyko\u013evek po\u010das d\u0148a. Tento profil s n\u00edzkym obsahom kofe\u00ednu je ur\u010den\u00fd pre t\u00fdch, ktor\u00ed s\u00fa citliv\u00ed na kofe\u00edn, a zvy\u0161uje pr\u00ed\u0165a\u017elivos\u0165 v\u00e1\u0161ho jed\u00e1lneho l\u00edstka. <\/p>\n<div class=\"wp-block-image\">\n<figure class=\"aligncenter size-large is-resized\"><img fetchpriority=\"high\" decoding=\"async\" width=\"1024\" height=\"684\" src=\"https:\/\/hojichawholesale.eu\/wp-content\/uploads\/2024\/10\/Depositphotos_500113964_L-1024x684.avif\" alt=\"\" class=\"wp-image-5326\" style=\"width:509px;height:auto\" srcset=\"https:\/\/hojichawholesale.eu\/wp-content\/uploads\/2024\/10\/Depositphotos_500113964_L-1024x684.avif 1024w, https:\/\/hojichawholesale.eu\/wp-content\/uploads\/2024\/10\/Depositphotos_500113964_L-300x200.avif 300w, https:\/\/hojichawholesale.eu\/wp-content\/uploads\/2024\/10\/Depositphotos_500113964_L-768x513.avif 768w, https:\/\/hojichawholesale.eu\/wp-content\/uploads\/2024\/10\/Depositphotos_500113964_L.avif 1200w\" sizes=\"(max-width: 1024px) 100vw, 1024px\" \/><\/figure>\n<\/div>\n<h2 class=\"wp-block-heading\">3. Vo\u013eba oh\u013eadom na zdravie<\/h2>\n\n<p>Ke\u010f\u017ee hostia \u010doraz viac uprednost\u0148uj\u00fa zdravie, hojicha pon\u00faka mno\u017estvo v\u00fdhod. Je bohat\u00fd na antioxidanty, podporuje tr\u00e1venie, zni\u017euje stres a podporuje relax\u00e1ciu. V\u010faka n\u00edzkemu obsahu kofe\u00ednu je vhodn\u00fd aj pre v\u0161etky vekov\u00e9 kateg\u00f3rie a pri\u0165ahuje host\u00ed, rodiny a obchodn\u00fdch cestuj\u00facich, ktor\u00ed dbaj\u00fa na zdravie.  <\/p>\n\n<h2 class=\"wp-block-heading\">4. V\u0161estrann\u00e9 mo\u017enosti pod\u00e1vania<\/h2>\n\n<p>Hojicha je flexibiln\u00e1 ingrediencia, \u010di u\u017e pod\u00e1van\u00e1 hor\u00faca alebo \u013eadov\u00e1, alebo za\u010dlenen\u00e1 do latt\u00e9, koktailov alebo dezertov. Jeho v\u0161estrannos\u0165 umo\u017e\u0148uje nekone\u010dn\u00fa kreativitu vo va\u0161ich n\u00e1pojov\u00fdch a dezertn\u00fdch ponuk\u00e1ch a dod\u00e1va va\u0161ej ponuke jedine\u010dn\u00fd n\u00e1dych. <\/p>\n<div class=\"wp-block-image\">\n<figure class=\"aligncenter size-large is-resized\"><img decoding=\"async\" width=\"1024\" height=\"683\" src=\"https:\/\/hojichawholesale.eu\/wp-content\/uploads\/2024\/10\/Depositphotos_507526862_L-1024x683.avif\" alt=\"\" class=\"wp-image-5332\" style=\"width:605px;height:auto\" srcset=\"https:\/\/hojichawholesale.eu\/wp-content\/uploads\/2024\/10\/Depositphotos_507526862_L-1024x683.avif 1024w, https:\/\/hojichawholesale.eu\/wp-content\/uploads\/2024\/10\/Depositphotos_507526862_L-300x200.avif 300w, https:\/\/hojichawholesale.eu\/wp-content\/uploads\/2024\/10\/Depositphotos_507526862_L-768x512.avif 768w, https:\/\/hojichawholesale.eu\/wp-content\/uploads\/2024\/10\/Depositphotos_507526862_L.avif 1200w\" sizes=\"(max-width: 1024px) 100vw, 1024px\" \/><figcaption class=\"wp-element-caption\">Doska so such\u00fdm zelen\u00fdm \u010dajom hojicha a \u0161\u00e1lkou hor\u00faceho n\u00e1poja na farebnom pozad\u00ed<\/figcaption><\/figure>\n<\/div>\n<h2 class=\"wp-block-heading\">5. Rast\u00faci trend<\/h2>\n\n<p>Ke\u010f\u017ee matcha je teraz mainstreamov\u00e1, Hojicha je pripraven\u00e1 sta\u0165 sa \u010fal\u0161\u00edm ve\u013ek\u00fdm trendom v japonsk\u00fdch \u010dajoch, najm\u00e4 v Eur\u00f3pe. Ponuka hojicha umo\u017e\u0148uje v\u00e1\u0161mu podniku vynikn\u00fa\u0165 pr\u00e9miovou, exkluz\u00edvnou mo\u017enos\u0165ou, ktor\u00e1 zap\u00f4sob\u00ed na host\u00ed a zlep\u0161\u00ed va\u0161e postavenie.   <\/p>\n\n<figure class=\"wp-block-image size-large\"><img decoding=\"async\" width=\"1024\" height=\"544\" src=\"https:\/\/hojichawholesale.eu\/wp-content\/uploads\/2024\/10\/hojicha-trends-1-1024x544.avif\" alt=\"\" class=\"wp-image-5519\" srcset=\"https:\/\/hojichawholesale.eu\/wp-content\/uploads\/2024\/10\/hojicha-trends-1-1024x544.avif 1024w, https:\/\/hojichawholesale.eu\/wp-content\/uploads\/2024\/10\/hojicha-trends-1-300x159.avif 300w, https:\/\/hojichawholesale.eu\/wp-content\/uploads\/2024\/10\/hojicha-trends-1-768x408.avif 768w, https:\/\/hojichawholesale.eu\/wp-content\/uploads\/2024\/10\/hojicha-trends-1-1536x816.avif 1536w, https:\/\/hojichawholesale.eu\/wp-content\/uploads\/2024\/10\/hojicha-trends-1.avif 1892w\" sizes=\"(max-width: 1024px) 100vw, 1024px\" \/><\/figure>\n\n<figure class=\"wp-block-image size-large\"><img loading=\"lazy\" decoding=\"async\" width=\"1024\" height=\"412\" src=\"https:\/\/hojichawholesale.eu\/wp-content\/uploads\/2024\/10\/hojicha-trends-countries-1024x412.avif\" alt=\"\" class=\"wp-image-5459\" srcset=\"https:\/\/hojichawholesale.eu\/wp-content\/uploads\/2024\/10\/hojicha-trends-countries-1024x412.avif 1024w, https:\/\/hojichawholesale.eu\/wp-content\/uploads\/2024\/10\/hojicha-trends-countries-300x121.avif 300w, https:\/\/hojichawholesale.eu\/wp-content\/uploads\/2024\/10\/hojicha-trends-countries-768x309.avif 768w, https:\/\/hojichawholesale.eu\/wp-content\/uploads\/2024\/10\/hojicha-trends-countries-1536x618.avif 1536w, https:\/\/hojichawholesale.eu\/wp-content\/uploads\/2024\/10\/hojicha-trends-countries.avif 1873w\" sizes=\"(max-width: 1024px) 100vw, 1024px\" \/><\/figure>\n\n<h2 class=\"wp-block-heading\">6. Jednoduch\u00e9 uvedenie na trh<\/h2>\n\n<p>Povaha produktu v\u00e1m poskytuje \u0161irok\u00fa \u0161k\u00e1lu uhlov poh\u013eadu, ktor\u00e9 m\u00f4\u017eete pou\u017ei\u0165 vo svojom marketingu, od luxusn\u00e9ho japonsk\u00e9ho n\u00e1poja a\u017e po zdraviu prospe\u0161n\u00fd n\u00e1poj.<\/p>\n\n<p>Jeho n\u00edzke v\u00fdrobn\u00e9 n\u00e1klady v\u00e1m d\u00e1vaj\u00fa pln\u00fa kontrolu nad va\u0161imi ziskov\u00fdmi mar\u017eami.<\/p>\n\n<h2 class=\"wp-block-heading\">Vy\u017eiadajte si vzorku<\/h2>\n\n<p>Ste zvedav\u00ed na bohat\u00e9, pra\u017een\u00e9 chute na\u0161ej pr\u00e9miovej hojichy?  <\/p>\n\n<p>Sta\u010d\u00ed vyplni\u0165 svoje \u00fadaje ni\u017e\u0161ie a my v\u00e1m po\u0161leme vzorku. Dajte n\u00e1m vedie\u0165, ak m\u00e1te konkr\u00e9tne po\u017eiadavky, a my v\u00e1m radi prisp\u00f4sob\u00edme na\u0161u ponuku tak, aby vyhovovala va\u0161im obchodn\u00fdm potreb\u00e1m. <\/p>\n<div class=\"forminator-ui forminator-custom-form forminator-custom-form-1365 forminator-design--flat  forminator_ajax\" data-forminator-render=\"0\" data-form=\"forminator-module-1365\" data-uid=\"69d4a693ea81d\"><br\/><\/div><form\n\t\t\t\tid=\"forminator-module-1365\"\n\t\t\t\tclass=\"forminator-ui forminator-custom-form forminator-custom-form-1365 forminator-design--flat  forminator_ajax\"\n\t\t\t\tmethod=\"post\"\n\t\t\t\tdata-forminator-render=\"0\"\n\t\t\t\tdata-form-id=\"1365\"\n\t\t\t\t data-color-option=\"default\" data-design=\"flat\" data-grid=\"open\" style=\"display: none;\"\n\t\t\t\tdata-uid=\"69d4a693ea81d\"\n\t\t\t><div role=\"alert\" aria-live=\"polite\" class=\"forminator-response-message forminator-error\" aria-hidden=\"true\"><\/div><div class=\"forminator-row\"><div id=\"name-1\" class=\"forminator-field-name forminator-col forminator-col-6 \"><div class=\"forminator-field\"><input type=\"text\" name=\"name-1\" value=\"\" placeholder=\"First Name\" id=\"forminator-field-name-1_69d4a693ea81d\" class=\"forminator-input forminator-name--field\" aria-required=\"true\" autocomplete=\"name\" \/><\/div><\/div><div id=\"name-2\" class=\"forminator-field-name forminator-col forminator-col-6 \"><div class=\"forminator-field\"><input type=\"text\" name=\"name-2\" value=\"\" placeholder=\"Last Name\" id=\"forminator-field-name-2_69d4a693ea81d\" class=\"forminator-input forminator-name--field\" aria-required=\"true\" autocomplete=\"name\" \/><\/div><\/div><\/div><div class=\"forminator-row\"><div id=\"email-1\" class=\"forminator-field-email forminator-col forminator-col-12 \"><div class=\"forminator-field\"><input type=\"email\" name=\"email-1\" value=\"\" placeholder=\"Email\" id=\"forminator-field-email-1_69d4a693ea81d\" class=\"forminator-input forminator-email--field\" data-required=\"true\" aria-required=\"true\" autocomplete=\"email\" \/><\/div><\/div><\/div><div class=\"forminator-row\"><div id=\"phone-1\" class=\"forminator-field-phone forminator-col forminator-col-12 \"><div class=\"forminator-field\"><input type=\"text\" name=\"phone-1\" value=\"\" placeholder=\"Phone\" id=\"forminator-field-phone-1_69d4a693ea81d\" class=\"forminator-input forminator-field--phone\" data-required=\"\" aria-required=\"false\" autocomplete=\"off\" \/><\/div><\/div><\/div><div class=\"forminator-row\"><div id=\"textarea-1\" class=\"forminator-field-textarea forminator-col forminator-col-12 \"><div class=\"forminator-field\"><textarea name=\"textarea-1\" placeholder=\"Message\" id=\"forminator-field-textarea-1_69d4a693ea81d\" class=\"forminator-textarea\" rows=\"6\" style=\"min-height:140px;\" ><\/textarea><span id=\"forminator-field-textarea-1_69d4a693ea81d-description\" class=\"forminator-description\"><span data-limit=\"300\" data-type=\"words\" data-editor=\"\">0 \/ 300<\/span><\/span><\/div><\/div><\/div><div class=\"forminator-row\"><\/div><input type=\"hidden\" name=\"referer_url\" value=\"\" \/><div class=\"forminator-row forminator-row-last\"><div class=\"forminator-col\"><div class=\"forminator-field\"><button class=\"forminator-button forminator-button-submit\">Send<\/button><\/div><\/div><\/div><input type=\"hidden\" id=\"forminator_nonce\" name=\"forminator_nonce\" value=\"0b51ba8eba\" \/><input type=\"hidden\" name=\"_wp_http_referer\" value=\"\/sk\/wp-json\/wp\/v2\/pages\/8238\" \/><input type=\"hidden\" name=\"form_id\" value=\"1365\"><input type=\"hidden\" name=\"page_id\" value=\"8238\"><input type=\"hidden\" name=\"form_type\" value=\"default\"><input type=\"hidden\" name=\"current_url\" value=\"https:\/\/hojichawholesale.eu\/sk\/hojicha-pre-hotely-a-restauracie\/\"><input type=\"hidden\" name=\"render_id\" value=\"0\"><input type=\"hidden\" name=\"action\" value=\"forminator_submit_form_custom-forms\"><label for=\"input_6\" class=\"forminator-hidden\" aria-hidden=\"true\">Please do not fill in this field. <input id=\"input_6\" type=\"text\" name=\"input_6\" value=\"\" autocomplete=\"off\"><\/label><\/form>\n\n<p><\/p>\n","protected":false},"excerpt":{"rendered":"<p>Hojicha pre hotely a re\u0161taur\u00e1cie Hojicha je nadch\u00e1dzaj\u00faci trendov\u00fd japonsk\u00fd \u010daj. Rovnako ako matcha je dostupn\u00e1 vo forme pr\u00e1\u0161ku, ide\u00e1lna pre latt\u00e9, dezerty a pe\u010divo. Ale na rozdiel od matchy je k dispoz\u00edcii aj vo vo\u013en\u00fdch listoch, \u010do umo\u017e\u0148uje \u013eahk\u00e9 vyl\u00fahovanie do hor\u00facej vody. Hojicha je silne spojen\u00e1 so zdrav\u00edm, sofistikovanos\u0165ou a vysokou kvalitou, \u010do [&hellip;]<\/p>\n","protected":false},"author":1,"featured_media":8241,"parent":0,"menu_order":0,"comment_status":"closed","ping_status":"closed","template":"","meta":{"_surecart_dashboard_logo_width":"180px","_surecart_dashboard_show_logo":true,"_surecart_dashboard_navigation_orders":true,"_surecart_dashboard_navigation_invoices":true,"_surecart_dashboard_navigation_subscriptions":true,"_surecart_dashboard_navigation_downloads":true,"_surecart_dashboard_navigation_billing":true,"_surecart_dashboard_navigation_account":true,"footnotes":""},"class_list":["post-8238","page","type-page","status-publish","has-post-thumbnail","hentry","entry","has-media"],"mb":[],"mfb_rest_fields":["title","gutenberg_elementor_mode"],"_links":{"self":[{"href":"https:\/\/hojichawholesale.eu\/sk\/wp-json\/wp\/v2\/pages\/8238","targetHints":{"allow":["GET"]}}],"collection":[{"href":"https:\/\/hojichawholesale.eu\/sk\/wp-json\/wp\/v2\/pages"}],"about":[{"href":"https:\/\/hojichawholesale.eu\/sk\/wp-json\/wp\/v2\/types\/page"}],"author":[{"embeddable":true,"href":"https:\/\/hojichawholesale.eu\/sk\/wp-json\/wp\/v2\/users\/1"}],"replies":[{"embeddable":true,"href":"https:\/\/hojichawholesale.eu\/sk\/wp-json\/wp\/v2\/comments?post=8238"}],"version-history":[{"count":0,"href":"https:\/\/hojichawholesale.eu\/sk\/wp-json\/wp\/v2\/pages\/8238\/revisions"}],"wp:featuredmedia":[{"embeddable":true,"href":"https:\/\/hojichawholesale.eu\/sk\/wp-json\/wp\/v2\/media\/8241"}],"wp:attachment":[{"href":"https:\/\/hojichawholesale.eu\/sk\/wp-json\/wp\/v2\/media?parent=8238"}],"curies":[{"name":"wp","href":"https:\/\/api.w.org\/{rel}","templated":true}]}}