{"id":8215,"date":"2024-10-12T07:56:00","date_gmt":"2024-10-12T07:56:00","guid":{"rendered":"https:\/\/hojichawholesale.eu\/hojicha-pre-kaviarne\/"},"modified":"2025-10-26T16:42:28","modified_gmt":"2025-10-26T16:42:28","slug":"hojicha-pre-kaviarne","status":"publish","type":"page","link":"https:\/\/hojichawholesale.eu\/sk\/hojicha-pre-kaviarne\/","title":{"rendered":"Hojicha pre kaviarne"},"content":{"rendered":"\n<h1 class=\"wp-block-heading\">Hojicha pre kaviarne<\/h1>\n\n<p>Hojicha, pra\u017een\u00fd japonsk\u00fd zelen\u00fd \u010daj, je dokonal\u00fdm doplnkom v\u00e1\u0161ho n\u00e1pojov\u00e9ho l\u00edstka. Nielen\u017ee poskytuje v\u00fdrazn\u00fa chu\u0165, ale tie\u017e vyu\u017e\u00edva rast\u00faci trend vysokokvalitn\u00fdch, zdrav\u00fdch a remeseln\u00fdch n\u00e1pojov. <\/p>\n\n<p>Tu je d\u00f4vod, pre\u010do v\u00e1m zavedenie hojicha do va\u0161ej kaviarne pom\u00f4\u017ee odl\u00ed\u0161i\u0165 sa od konkurencie a uspokoji\u0165 nov\u00fd segment z\u00e1kazn\u00edkov.  <\/p>\n\n<h2 class=\"wp-block-heading\">1. <strong>Jedine\u010dn\u00e1 chu\u0165<\/strong><\/h2>\n\n<p>Hojicha sa od ostatn\u00fdch zelen\u00fdch \u010dajov odli\u0161uje procesom pra\u017eenia, ktor\u00fd jej dod\u00e1va hlbok\u00fa, dymov\u00fa ar\u00f3mu a prirodzene sladk\u00fa, orie\u0161kov\u00fa chu\u0165.  <\/p>\n\n<p>Jeho jemn\u00e1, toastov\u00e1 chu\u0165 je menej s\u0165ahuj\u00faca ako typick\u00e9 zelen\u00e9 \u010daje, v\u010faka \u010domu je pr\u00ed\u0165a\u017eliv\u00fd pre \u0161ir\u0161ie publikum vr\u00e1tane t\u00fdch, ktor\u00ed nemaj\u00fa nevyhnutne radi matchu. Jeho zdrav\u00e1 a tepl\u00e1 chu\u0165 sa perfektne hod\u00ed k r\u00f4znym kaviarensk\u00fdm jedl\u00e1m, ako je pe\u010divo a sendvi\u010de. <\/p>\n\n<p>Tie\u017e to vyzer\u00e1 sakramentsky dobre!<\/p>\n<div class=\"wp-block-image\">\n<figure class=\"aligncenter size-full is-resized\"><img fetchpriority=\"high\" decoding=\"async\" width=\"1000\" height=\"667\" src=\"https:\/\/hojichawholesale.eu\/wp-content\/uploads\/2024\/10\/Depositphotos_505518166_S.avif\" alt=\"\" class=\"wp-image-5447\" style=\"width:464px;height:auto\" srcset=\"https:\/\/hojichawholesale.eu\/wp-content\/uploads\/2024\/10\/Depositphotos_505518166_S.avif 1000w, https:\/\/hojichawholesale.eu\/wp-content\/uploads\/2024\/10\/Depositphotos_505518166_S-300x200.avif 300w, https:\/\/hojichawholesale.eu\/wp-content\/uploads\/2024\/10\/Depositphotos_505518166_S-768x512.avif 768w\" sizes=\"(max-width: 1000px) 100vw, 1000px\" \/><figcaption class=\"wp-element-caption\"><a href=\"https:\/\/depositphotos.com\/photo\/glass-cup-tasty-dalgona-hojicha-latte-table-505518166.html\" data-type=\"link\" data-id=\"https:\/\/depositphotos.com\/photo\/glass-cup-tasty-dalgona-hojicha-latte-table-505518166.html\" target=\"_blank\" rel=\"noopener\">Zdroj.<\/a><\/figcaption><\/figure>\n<\/div>\n<h2 class=\"wp-block-heading\">2. <strong>Alternat\u00edva s n\u00edzkym obsahom kofe\u00ednu<\/strong><\/h2>\n\n<p>Na rozdiel od mnoh\u00fdch in\u00fdch \u010dajov a k\u00e1v m\u00e1 hojicha n\u00edzky obsah kofe\u00ednu, v\u010faka \u010domu je skvelou vo\u013ebou pre ka\u017ed\u00e9ho kedyko\u013evek po\u010das d\u0148a. Japonci ho tradi\u010dne konzumuj\u00fa ve\u010der po jedle, ale m\u00f4\u017eete si ho vychutna\u0165 kedyko\u013evek po\u010das d\u0148a.   <\/p>\n\n<p>Ponuka hojicha v\u00e1m pom\u00f4\u017ee uspokoji\u0165 \u0161ir\u0161ie publikum vr\u00e1tane jednotlivcov, ktor\u00ed dbaj\u00fa na zdravie, tehotn\u00fdch \u017eien, rod\u00edn a t\u00fdch, ktor\u00ed h\u013eadaj\u00fa relaxa\u010dn\u00fd n\u00e1poj. Je to skuto\u010dne univerz\u00e1lne. <\/p>\n\n<h2 class=\"wp-block-heading\">3. <strong>V\u0161estrann\u00e9 aplik\u00e1cie ponuky<\/strong><\/h2>\n\n<p>Hojicha sa m\u00f4\u017ee pod\u00e1va\u0165 tepl\u00e1 alebo studen\u00e1, vyl\u00fahovan\u00e1 (v listoch) alebo rozpusten\u00e1 (v pr\u00e1\u0161ku), v latt\u00e9, \u013eadovom latte alebo v jedl\u00e1ch, ako s\u00fa zmrzliny a pe\u010divo s pr\u00edchu\u0165ou hojicha. To v\u00e1m umo\u017en\u00ed vytv\u00e1ra\u0165 sez\u00f3nne \u0161peciality a jedine\u010dn\u00e9 origin\u00e1lne n\u00e1poje, ktor\u00e9 odl\u00ed\u0161ia va\u0161u kaviare\u0148 od konkurencie. <\/p>\n<div class=\"wp-block-image\">\n<figure class=\"aligncenter size-full is-resized\"><img decoding=\"async\" width=\"1000\" height=\"704\" src=\"https:\/\/hojichawholesale.eu\/wp-content\/uploads\/2024\/10\/Depositphotos_505676462_S.avif\" alt=\"\" class=\"wp-image-5452\" style=\"width:553px;height:auto\" srcset=\"https:\/\/hojichawholesale.eu\/wp-content\/uploads\/2024\/10\/Depositphotos_505676462_S.avif 1000w, https:\/\/hojichawholesale.eu\/wp-content\/uploads\/2024\/10\/Depositphotos_505676462_S-300x211.avif 300w, https:\/\/hojichawholesale.eu\/wp-content\/uploads\/2024\/10\/Depositphotos_505676462_S-768x541.avif 768w\" sizes=\"(max-width: 1000px) 100vw, 1000px\" \/><\/figure>\n<\/div>\n<h2 class=\"wp-block-heading\">4. <strong>Apeluje na z\u00e1kazn\u00edkov, ktor\u00ed dbaj\u00fa na zdravie<\/strong><\/h2>\n\n<p>Hojicha je zdrav\u00fd n\u00e1poj bohat\u00fd na antioxidanty s mnoh\u00fdmi zdravotn\u00fdmi v\u00fdhodami. Je zn\u00e1me, \u017ee pom\u00e1ha tr\u00e1veniu, zni\u017euje stres a zvy\u0161uje pohodu v\u010faka ni\u017e\u0161iemu obsahu kofe\u00ednu a vy\u0161\u0161iemu obsahu L-thean\u00ednu. L-thean\u00edn je antioxidant, ktor\u00fd podporuje relax\u00e1ciu bez ospalosti.    <\/p>\n\n<p>V\u010faka tomu je hojicha dokonal\u00fdm doplnkom va\u0161ej kaviarenskej ponuky, najm\u00e4 preto, \u017ee \u010doraz viac z\u00e1kazn\u00edkov vyh\u013ead\u00e1va zdrav\u0161ie mo\u017enosti.<\/p>\n\n<h2 class=\"wp-block-heading\">5. <strong>Je v s\u00falade s rast\u00facou popularitou japonsk\u00e9ho \u010daju<\/strong><\/h2>\n\n<p>Japonsk\u00e9 \u010daje si z\u00edskavaj\u00fa ob\u013eubu na celom svete a hojicha nie je v\u00fdnimkou. Ponukou hojicha m\u00f4\u017ee va\u0161a kaviare\u0148 vyu\u017ei\u0165 tento trend a pril\u00e1ka\u0165 \u010dajov\u00fdch nad\u0161encov, ktor\u00ed t\u00fa\u017eia vysk\u00fa\u0161a\u0165 autentick\u00e9 a kvalitn\u00e9 japonsk\u00e9 \u010daje. Dod\u00e1va v\u00e1\u0161mu menu remeseln\u00fd, kult\u00farny n\u00e1dych, ktor\u00fd oslov\u00ed z\u00e1kazn\u00edkov, ktor\u00ed h\u013eadaj\u00fa nov\u00e9, medzin\u00e1rodn\u00e9 chute.  <\/p>\n\n<figure class=\"wp-block-image size-large\"><img decoding=\"async\" width=\"1024\" height=\"544\" src=\"https:\/\/hojichawholesale.eu\/wp-content\/uploads\/2024\/10\/hojicha-trends-1024x544.avif\" alt=\"\" class=\"wp-image-5444\" srcset=\"https:\/\/hojichawholesale.eu\/wp-content\/uploads\/2024\/10\/hojicha-trends-1024x544.avif 1024w, https:\/\/hojichawholesale.eu\/wp-content\/uploads\/2024\/10\/hojicha-trends-300x159.avif 300w, https:\/\/hojichawholesale.eu\/wp-content\/uploads\/2024\/10\/hojicha-trends-768x408.avif 768w, https:\/\/hojichawholesale.eu\/wp-content\/uploads\/2024\/10\/hojicha-trends-1536x816.avif 1536w, https:\/\/hojichawholesale.eu\/wp-content\/uploads\/2024\/10\/hojicha-trends.avif 1892w\" sizes=\"(max-width: 1024px) 100vw, 1024px\" \/><\/figure>\n\n<figure class=\"wp-block-image size-large\"><img loading=\"lazy\" decoding=\"async\" width=\"1024\" height=\"412\" src=\"https:\/\/hojichawholesale.eu\/wp-content\/uploads\/2024\/10\/hojicha-trends-countries-1024x412.avif\" alt=\"\" class=\"wp-image-5459\" srcset=\"https:\/\/hojichawholesale.eu\/wp-content\/uploads\/2024\/10\/hojicha-trends-countries-1024x412.avif 1024w, https:\/\/hojichawholesale.eu\/wp-content\/uploads\/2024\/10\/hojicha-trends-countries-300x121.avif 300w, https:\/\/hojichawholesale.eu\/wp-content\/uploads\/2024\/10\/hojicha-trends-countries-768x309.avif 768w, https:\/\/hojichawholesale.eu\/wp-content\/uploads\/2024\/10\/hojicha-trends-countries-1536x618.avif 1536w, https:\/\/hojichawholesale.eu\/wp-content\/uploads\/2024\/10\/hojicha-trends-countries.avif 1873w\" sizes=\"(max-width: 1024px) 100vw, 1024px\" \/><\/figure>\n\n<h2 class=\"wp-block-heading\">6. <strong>Ekologick\u00e9 a udr\u017eate\u013en\u00e9<\/strong><\/h2>\n\n<p>Na\u0161a hojicha poch\u00e1dza z udr\u017eate\u013en\u00fdch \u010dajov\u00fdch fariem v Japonsku, kde sa tradi\u010dn\u00e9 techniky pra\u017eenia odovzd\u00e1vaj\u00fa z gener\u00e1cie na gener\u00e1ciu.  <\/p>\n\n<p>Ponuka hojicha ukazuje z\u00e1v\u00e4zok va\u0161ej kaviarne k ekologick\u00fdm postupom a udr\u017eate\u013enosti, ktor\u00e1 je pre spotrebite\u013eov \u010doraz d\u00f4le\u017eitej\u0161ia. Tento aspekt m\u00f4\u017eete zd\u00f4razni\u0165 vo svojom marketingu, aby ste oslovili ekologicky uvedomel\u00fdch z\u00e1kazn\u00edkov. <\/p>\n\n<h2 class=\"wp-block-heading\">7. <strong>Zvy\u0161uje estetiku va\u0161ej kaviarne<\/strong><\/h2>\n\n<p>Okrem skvelej chuti pon\u00faka hojicha aj estetick\u00fa pr\u00ed\u0165a\u017elivos\u0165.  <\/p>\n\n<p>Jeho s\u00fdta, jant\u00e1rovohned\u00e1 farba a minimalistick\u00e1 prezent\u00e1cia m\u00f4\u017eu \u013eahko doplni\u0165 vizu\u00e1lny \u0161t\u00fdl va\u0161ej kaviarne, \u010di u\u017e ju pod\u00e1vate v modernom skle alebo tradi\u010dn\u00fdch japonsk\u00fdch \u010dajov\u00fdch s\u00faprav\u00e1ch. V\u010faka svojej vizu\u00e1lnej pr\u00ed\u0165a\u017elivosti je hodn\u00fd Instagramu, pom\u00e1ha vytv\u00e1ra\u0165 rozruch a pril\u00e1ka\u0165 viac z\u00e1kazn\u00edkov prostredn\u00edctvom soci\u00e1lnych m\u00e9di\u00ed. <\/p>\n<div class=\"wp-block-image\">\n<figure class=\"aligncenter size-full is-resized\"><img loading=\"lazy\" decoding=\"async\" width=\"1000\" height=\"668\" src=\"https:\/\/hojichawholesale.eu\/wp-content\/uploads\/2024\/10\/Depositphotos_466456178_S-1.avif\" alt=\"\" class=\"wp-image-5450\" style=\"width:504px;height:auto\" srcset=\"https:\/\/hojichawholesale.eu\/wp-content\/uploads\/2024\/10\/Depositphotos_466456178_S-1.avif 1000w, https:\/\/hojichawholesale.eu\/wp-content\/uploads\/2024\/10\/Depositphotos_466456178_S-1-300x200.avif 300w, https:\/\/hojichawholesale.eu\/wp-content\/uploads\/2024\/10\/Depositphotos_466456178_S-1-768x513.avif 768w\" sizes=\"(max-width: 1000px) 100vw, 1000px\" \/><figcaption class=\"wp-element-caption\">Kol\u00e1\u010d Hojicha.  <\/figcaption><\/figure>\n<\/div>\n<h2 class=\"wp-block-heading\">8. <strong>Jednoduch\u00e1 integr\u00e1cia<\/strong><\/h2>\n\n<p>Za\u010dlenenie hojicha do ponuky kaviarne je jednoduch\u00e9.  <\/p>\n\n<p>Vy\u017eaduje minim\u00e1lnu pr\u00edpravu a d\u00e1 sa pripravi\u0165 so \u0161tandardn\u00fdm vybaven\u00edm kaviarne, \u010di u\u017e var\u00edte tradi\u010dn\u00fa \u0161\u00e1lku \u010daju alebo pripravujete hojicha latte.  <\/p>\n\n<p>Poskytujeme ve\u013ekoobchodn\u00e9 mo\u017enosti prisp\u00f4soben\u00e9 potreb\u00e1m kaviarn\u00ed, \u010d\u00edm zabezpe\u010dujeme, \u017ee m\u00e1te vysokokvalitn\u00fa hojichu, ktor\u00e1 sa \u013eahko skladuje a pou\u017e\u00edva v r\u00f4znych receptoch.<\/p>\n\n<h2 class=\"wp-block-heading\">9. Jednoduch\u00e9 uvedenie na trh<\/h2>\n\n<p>Povaha produktu v\u00e1m poskytuje \u0161irok\u00fa \u0161k\u00e1lu uhlov poh\u013eadu, ktor\u00e9 m\u00f4\u017eete pou\u017ei\u0165 vo svojom marketingu, od luxusn\u00e9ho japonsk\u00e9ho n\u00e1poja a\u017e po zdraviu prospe\u0161n\u00fd n\u00e1poj.<\/p>\n\n<p>Jeho n\u00edzke v\u00fdrobn\u00e9 n\u00e1klady v\u00e1m d\u00e1vaj\u00fa pln\u00fa kontrolu nad va\u0161imi ziskov\u00fdmi mar\u017eami.<\/p>\n\n<p>Pon\u00fakan\u00edm hojicha neprid\u00e1vate do svojho jed\u00e1lni\u010dka len \u010fal\u0161\u00ed n\u00e1poj \u2013 svojim z\u00e1kazn\u00edkom poskytujete jedine\u010dn\u00fd z\u00e1\u017eitok.  <\/p>\n\n<p>Je to \u010daj, ktor\u00fd oslov\u00ed \u013eud\u00ed, ktor\u00ed dbaj\u00fa na zdravie, aj t\u00fdch, ktor\u00ed h\u013eadaj\u00fa nie\u010do nov\u00e9.<\/p>\n\n<h2 class=\"wp-block-heading\">Vy\u017eiadajte si vzorku<\/h2>\n\n<p>Ste zvedav\u00ed na bohat\u00e9, pra\u017een\u00e9 chute na\u0161ej pr\u00e9miovej hojichy?  <\/p>\n\n<p>Sta\u010d\u00ed vyplni\u0165 svoje \u00fadaje ni\u017e\u0161ie a my v\u00e1m po\u0161leme vzorku. Dajte n\u00e1m vedie\u0165, ak m\u00e1te konkr\u00e9tne po\u017eiadavky, a my v\u00e1m radi prisp\u00f4sob\u00edme na\u0161u ponuku tak, aby vyhovovala va\u0161im obchodn\u00fdm potreb\u00e1m. <\/p>\n<div class=\"forminator-ui forminator-custom-form forminator-custom-form-1365 forminator-design--flat  forminator_ajax\" data-forminator-render=\"0\" data-form=\"forminator-module-1365\" data-uid=\"69d442c8295a9\"><br\/><\/div><form\n\t\t\t\tid=\"forminator-module-1365\"\n\t\t\t\tclass=\"forminator-ui forminator-custom-form forminator-custom-form-1365 forminator-design--flat  forminator_ajax\"\n\t\t\t\tmethod=\"post\"\n\t\t\t\tdata-forminator-render=\"0\"\n\t\t\t\tdata-form-id=\"1365\"\n\t\t\t\t data-color-option=\"default\" data-design=\"flat\" data-grid=\"open\" style=\"display: none;\"\n\t\t\t\tdata-uid=\"69d442c8295a9\"\n\t\t\t><div role=\"alert\" aria-live=\"polite\" class=\"forminator-response-message forminator-error\" aria-hidden=\"true\"><\/div><div class=\"forminator-row\"><div id=\"name-1\" class=\"forminator-field-name forminator-col forminator-col-6 \"><div class=\"forminator-field\"><input type=\"text\" name=\"name-1\" value=\"\" placeholder=\"First Name\" id=\"forminator-field-name-1_69d442c8295a9\" class=\"forminator-input forminator-name--field\" aria-required=\"true\" autocomplete=\"name\" \/><\/div><\/div><div id=\"name-2\" class=\"forminator-field-name forminator-col forminator-col-6 \"><div class=\"forminator-field\"><input type=\"text\" name=\"name-2\" value=\"\" placeholder=\"Last Name\" id=\"forminator-field-name-2_69d442c8295a9\" class=\"forminator-input forminator-name--field\" aria-required=\"true\" autocomplete=\"name\" \/><\/div><\/div><\/div><div class=\"forminator-row\"><div id=\"email-1\" class=\"forminator-field-email forminator-col forminator-col-12 \"><div class=\"forminator-field\"><input type=\"email\" name=\"email-1\" value=\"\" placeholder=\"Email\" id=\"forminator-field-email-1_69d442c8295a9\" class=\"forminator-input forminator-email--field\" data-required=\"true\" aria-required=\"true\" autocomplete=\"email\" \/><\/div><\/div><\/div><div class=\"forminator-row\"><div id=\"phone-1\" class=\"forminator-field-phone forminator-col forminator-col-12 \"><div class=\"forminator-field\"><input type=\"text\" name=\"phone-1\" value=\"\" placeholder=\"Phone\" id=\"forminator-field-phone-1_69d442c8295a9\" class=\"forminator-input forminator-field--phone\" data-required=\"\" aria-required=\"false\" autocomplete=\"off\" \/><\/div><\/div><\/div><div class=\"forminator-row\"><div id=\"textarea-1\" class=\"forminator-field-textarea forminator-col forminator-col-12 \"><div class=\"forminator-field\"><textarea name=\"textarea-1\" placeholder=\"Message\" id=\"forminator-field-textarea-1_69d442c8295a9\" class=\"forminator-textarea\" rows=\"6\" style=\"min-height:140px;\" ><\/textarea><span id=\"forminator-field-textarea-1_69d442c8295a9-description\" class=\"forminator-description\"><span data-limit=\"300\" data-type=\"words\" data-editor=\"\">0 \/ 300<\/span><\/span><\/div><\/div><\/div><div class=\"forminator-row\"><\/div><input type=\"hidden\" name=\"referer_url\" value=\"\" \/><div class=\"forminator-row forminator-row-last\"><div class=\"forminator-col\"><div class=\"forminator-field\"><button class=\"forminator-button forminator-button-submit\">Send<\/button><\/div><\/div><\/div><input type=\"hidden\" id=\"forminator_nonce\" name=\"forminator_nonce\" value=\"8ad7e0b691\" \/><input type=\"hidden\" name=\"_wp_http_referer\" value=\"\/sk\/wp-json\/wp\/v2\/pages\/8215\" \/><input type=\"hidden\" name=\"form_id\" value=\"1365\"><input type=\"hidden\" name=\"page_id\" value=\"8215\"><input type=\"hidden\" name=\"form_type\" value=\"default\"><input type=\"hidden\" name=\"current_url\" value=\"https:\/\/hojichawholesale.eu\/sk\/hojicha-pre-kaviarne\/\"><input type=\"hidden\" name=\"render_id\" value=\"0\"><input type=\"hidden\" name=\"action\" value=\"forminator_submit_form_custom-forms\"><label for=\"input_6\" class=\"forminator-hidden\" aria-hidden=\"true\">Please do not fill in this field. <input id=\"input_6\" type=\"text\" name=\"input_6\" value=\"\" autocomplete=\"off\"><\/label><\/form>\n\n<p><\/p>\n","protected":false},"excerpt":{"rendered":"<p>Hojicha pre kaviarne Hojicha, pra\u017een\u00fd japonsk\u00fd zelen\u00fd \u010daj, je dokonal\u00fdm doplnkom v\u00e1\u0161ho n\u00e1pojov\u00e9ho l\u00edstka. Nielen\u017ee poskytuje v\u00fdrazn\u00fa chu\u0165, ale tie\u017e vyu\u017e\u00edva rast\u00faci trend vysokokvalitn\u00fdch, zdrav\u00fdch a remeseln\u00fdch n\u00e1pojov. Tu je d\u00f4vod, pre\u010do v\u00e1m zavedenie hojicha do va\u0161ej kaviarne pom\u00f4\u017ee odl\u00ed\u0161i\u0165 sa od konkurencie a uspokoji\u0165 nov\u00fd segment z\u00e1kazn\u00edkov. 1. Jedine\u010dn\u00e1 chu\u0165 Hojicha sa od ostatn\u00fdch [&hellip;]<\/p>\n","protected":false},"author":1,"featured_media":8220,"parent":0,"menu_order":0,"comment_status":"closed","ping_status":"closed","template":"","meta":{"_surecart_dashboard_logo_width":"180px","_surecart_dashboard_show_logo":true,"_surecart_dashboard_navigation_orders":true,"_surecart_dashboard_navigation_invoices":true,"_surecart_dashboard_navigation_subscriptions":true,"_surecart_dashboard_navigation_downloads":true,"_surecart_dashboard_navigation_billing":true,"_surecart_dashboard_navigation_account":true,"footnotes":""},"class_list":["post-8215","page","type-page","status-publish","has-post-thumbnail","hentry","entry","has-media"],"mb":[],"mfb_rest_fields":["title","gutenberg_elementor_mode"],"_links":{"self":[{"href":"https:\/\/hojichawholesale.eu\/sk\/wp-json\/wp\/v2\/pages\/8215","targetHints":{"allow":["GET"]}}],"collection":[{"href":"https:\/\/hojichawholesale.eu\/sk\/wp-json\/wp\/v2\/pages"}],"about":[{"href":"https:\/\/hojichawholesale.eu\/sk\/wp-json\/wp\/v2\/types\/page"}],"author":[{"embeddable":true,"href":"https:\/\/hojichawholesale.eu\/sk\/wp-json\/wp\/v2\/users\/1"}],"replies":[{"embeddable":true,"href":"https:\/\/hojichawholesale.eu\/sk\/wp-json\/wp\/v2\/comments?post=8215"}],"version-history":[{"count":0,"href":"https:\/\/hojichawholesale.eu\/sk\/wp-json\/wp\/v2\/pages\/8215\/revisions"}],"wp:featuredmedia":[{"embeddable":true,"href":"https:\/\/hojichawholesale.eu\/sk\/wp-json\/wp\/v2\/media\/8220"}],"wp:attachment":[{"href":"https:\/\/hojichawholesale.eu\/sk\/wp-json\/wp\/v2\/media?parent=8215"}],"curies":[{"name":"wp","href":"https:\/\/api.w.org\/{rel}","templated":true}]}}