{"id":8006,"date":"2024-08-24T19:47:32","date_gmt":"2024-08-24T19:47:32","guid":{"rendered":"https:\/\/hojichawholesale.eu\/o-velkoobchode-hojicha\/"},"modified":"2026-03-06T16:47:19","modified_gmt":"2026-03-06T16:47:19","slug":"o-velkoobchode-hojicha","status":"publish","type":"page","link":"https:\/\/hojichawholesale.eu\/sk\/o-velkoobchode-hojicha\/","title":{"rendered":"O ve\u013ekoobchode Hojicha"},"content":{"rendered":"\n<h1 class=\"wp-block-heading\">O ve\u013ekoobchode Hojicha<\/h1>\n\n<p>Hojicha Wholesale je eur\u00f3psky ve\u013ekoobchodn\u00edk venovan\u00fd japonsk\u00fdm hojicha.<\/p>\n\n<p>Na\u0161ou misiou je poskytova\u0165 pr\u00e9miov\u00fd hojicha \u010daj zna\u010dk\u00e1m a firm\u00e1m v odvetv\u00ed HORECA. Dov\u00e1\u017eame ve\u013ekoobchodn\u00e9 mno\u017estv\u00e1 pr\u00e9miovej hojichy od na\u0161ich d\u00f4veryhodn\u00fdch dod\u00e1vate\u013eov v Japonsku a redistribuujeme ju po celom eur\u00f3pskom kontinente do re\u0161taur\u00e1ci\u00ed, hotelov, kaviarn\u00ed a nez\u00e1visl\u00fdch \u010dajovn\u00ed. <\/p>\n\n<p>Pon\u00fakame v\u00e1m tri z\u00e1ruky:<\/p>\n\n<ol class=\"wp-block-list\">\n<li><strong>N\u00edzke MOQ:<\/strong> \u010di u\u017e ste etablovan\u00e1 firma, ktor\u00e1 potrebuje stovky ta\u0161iek, alebo mal\u00e1 nez\u00e1visl\u00e1 kaviare\u0148, ktor\u00e1 pr\u00e1ve za\u010d\u00edna, ve\u013ekoobchod Hojicha sa prisp\u00f4sob\u00ed va\u0161im potreb\u00e1m s rovnakou kvalitou slu\u017eieb na podnikovej \u00farovni.  <\/li>\n\n\n\n<li><strong>Odozva a slu\u017eby<\/strong>: posielame r\u00fdchlo a pon\u00fakame \u0161irok\u00fa \u0161k\u00e1lu sp\u00f4sobov dopravy.  <\/li>\n\n\n\n<li><strong>Priate\u013esk\u00e1 z\u00e1kazn\u00edcka podpora: <\/strong>sme k dispoz\u00edcii 365 dn\u00ed v roku.  <\/li>\n<\/ol>\n\n<h2 class=\"wp-block-heading\"><strong>Na\u0161e produkty<\/strong><\/h2>\n\n<p>Pon\u00fakame starostlivo vybran\u00fd v\u00fdber odr\u00f4d hojichy, pri\u010dom ka\u017ed\u00e1 poch\u00e1dza priamo od najlep\u0161\u00edch pestovate\u013eov \u010daju.  <\/p>\n\n<p>Na\u0161e produkty n\u00e1jdete priamo v <a href=\"https:\/\/hojichawholesale.eu\/sk\/nakupujte-na-surecart\/\" data-type=\"link\" data-id=\"https:\/\/hojichawholesale.eu\/shop\/\">na\u0161om katal\u00f3gu<\/a>.<\/p>\n\n<h2 class=\"wp-block-heading\"><strong>Pre\u010do si vybra\u0165 n\u00e1s?<\/strong><\/h2>\n\n<ul class=\"wp-block-list\">\n<li><strong>Kvalita na prvom mieste:<\/strong> Dod\u00e1vame hojichu najvy\u0161\u0161ej kvality. Ka\u017ed\u00e1 \u0161ar\u017ea je pr\u00edsne testovan\u00e1, aby sa zabezpe\u010dila konzistencia a chu\u0165. <\/li>\n\n\n\n<li><strong>Priame z\u00edskavanie zdrojov:<\/strong> \u00dazko spolupracujeme s na\u0161imi dod\u00e1vate\u013emi, aby sme v\u00e1m priniesli hojichu, ktor\u00e1 odr\u00e1\u017ea autentick\u00fa chu\u0165 Japonska.<\/li>\n\n\n\n<li><strong>Rie\u0161enia na mieru:<\/strong> \u010ci u\u017e prev\u00e1dzkujete mal\u00fa kaviare\u0148 alebo ve\u013ek\u00fa hotelov\u00fa sie\u0165, pon\u00fakame rie\u0161enia na mieru, ktor\u00e9 vyhovuj\u00fa va\u0161im \u0161pecifick\u00fdm potreb\u00e1m.  <\/li>\n\n\n\n<li><strong>Spo\u013eahliv\u00e1 distrib\u00facia:<\/strong> M\u00e1me ide\u00e1lnu poz\u00edciu na to, aby sme sl\u00fa\u017eili klientom na celom eur\u00f3pskom kontinente. Na\u0161a logistika zabezpe\u010duje v\u010dasn\u00e9 dod\u00e1vky, tak\u017ee v\u00e1m nikdy ned\u00f4jdu z\u00e1soby. <\/li>\n<\/ul>\n\n<h2 class=\"wp-block-heading\">Kde s\u00eddlime?<\/h2>\n\n<p>S\u00eddlime v Belgicku.<\/p>\n\n<h2 class=\"wp-block-heading\">Ak\u00e1 je va\u0161a hist\u00f3ria?<\/h2>\n\n<p>Ve\u013ekoobchod Hojicha za\u010dal, ke\u010f sa zakladate\u013e Aure sna\u017eil n\u00e1js\u0165 spo\u013eahliv\u00e9ho dod\u00e1vate\u013ea hojicha pre svoj maloobchodn\u00fd obchod s \u010dajom <a href=\"https:\/\/senchatea.be\/\" target=\"_blank\" rel=\"noopener\">senchatea.be<\/a>.<\/p>\n\n<p>Hojicha je jedn\u00fdm z najd\u00f4le\u017eitej\u0161\u00edch trendov v japonskom \u010dajovom priemysle. Chceme, aby bol tento fantastick\u00fd a v\u0161estrann\u00fd \u010daj r\u00fdchlo dostupn\u00fd v kaviar\u0148ach, hoteloch, re\u0161taur\u00e1ci\u00e1ch a \u010dajovniach po celej Eur\u00f3pe bez toho, aby museli objedn\u00e1va\u0165 ve\u013ek\u00e9 mno\u017estv\u00e1.   <\/p>\n\n<h2 class=\"wp-block-heading\">Vy\u017eiadajte si vzorku<\/h2>\n\n<p>Ste zvedav\u00ed na bohat\u00e9, pra\u017een\u00e9 chute na\u0161ej pr\u00e9miovej hojichy?  <\/p>\n\n<p>Sta\u010d\u00ed vyplni\u0165 svoje \u00fadaje ni\u017e\u0161ie a my v\u00e1m po\u0161leme vzorku. Dajte n\u00e1m vedie\u0165, ak m\u00e1te konkr\u00e9tne po\u017eiadavky, a my v\u00e1m radi prisp\u00f4sob\u00edme na\u0161u ponuku tak, aby vyhovovala va\u0161im obchodn\u00fdm potreb\u00e1m. <\/p>\n<div class=\"forminator-ui forminator-custom-form forminator-custom-form-1365 forminator-design--flat  forminator_ajax\" data-forminator-render=\"0\" data-form=\"forminator-module-1365\" data-uid=\"69d442d85d2c5\"><br\/><\/div><form\n\t\t\t\tid=\"forminator-module-1365\"\n\t\t\t\tclass=\"forminator-ui forminator-custom-form forminator-custom-form-1365 forminator-design--flat  forminator_ajax\"\n\t\t\t\tmethod=\"post\"\n\t\t\t\tdata-forminator-render=\"0\"\n\t\t\t\tdata-form-id=\"1365\"\n\t\t\t\t data-color-option=\"default\" data-design=\"flat\" data-grid=\"open\" style=\"display: none;\"\n\t\t\t\tdata-uid=\"69d442d85d2c5\"\n\t\t\t><div role=\"alert\" aria-live=\"polite\" class=\"forminator-response-message forminator-error\" aria-hidden=\"true\"><\/div><div class=\"forminator-row\"><div id=\"name-1\" class=\"forminator-field-name forminator-col forminator-col-6 \"><div class=\"forminator-field\"><input type=\"text\" name=\"name-1\" value=\"\" placeholder=\"First Name\" id=\"forminator-field-name-1_69d442d85d2c5\" class=\"forminator-input forminator-name--field\" aria-required=\"true\" autocomplete=\"name\" \/><\/div><\/div><div id=\"name-2\" class=\"forminator-field-name forminator-col forminator-col-6 \"><div class=\"forminator-field\"><input type=\"text\" name=\"name-2\" value=\"\" placeholder=\"Last Name\" id=\"forminator-field-name-2_69d442d85d2c5\" class=\"forminator-input forminator-name--field\" aria-required=\"true\" autocomplete=\"name\" \/><\/div><\/div><\/div><div class=\"forminator-row\"><div id=\"email-1\" class=\"forminator-field-email forminator-col forminator-col-12 \"><div class=\"forminator-field\"><input type=\"email\" name=\"email-1\" value=\"\" placeholder=\"Email\" id=\"forminator-field-email-1_69d442d85d2c5\" class=\"forminator-input forminator-email--field\" data-required=\"true\" aria-required=\"true\" autocomplete=\"email\" \/><\/div><\/div><\/div><div class=\"forminator-row\"><div id=\"phone-1\" class=\"forminator-field-phone forminator-col forminator-col-12 \"><div class=\"forminator-field\"><input type=\"text\" name=\"phone-1\" value=\"\" placeholder=\"Phone\" id=\"forminator-field-phone-1_69d442d85d2c5\" class=\"forminator-input forminator-field--phone\" data-required=\"\" aria-required=\"false\" autocomplete=\"off\" \/><\/div><\/div><\/div><div class=\"forminator-row\"><div id=\"textarea-1\" class=\"forminator-field-textarea forminator-col forminator-col-12 \"><div class=\"forminator-field\"><textarea name=\"textarea-1\" placeholder=\"Message\" id=\"forminator-field-textarea-1_69d442d85d2c5\" class=\"forminator-textarea\" rows=\"6\" style=\"min-height:140px;\" ><\/textarea><span id=\"forminator-field-textarea-1_69d442d85d2c5-description\" class=\"forminator-description\"><span data-limit=\"300\" data-type=\"words\" data-editor=\"\">0 \/ 300<\/span><\/span><\/div><\/div><\/div><div class=\"forminator-row\"><\/div><input type=\"hidden\" name=\"referer_url\" value=\"\" \/><div class=\"forminator-row forminator-row-last\"><div class=\"forminator-col\"><div class=\"forminator-field\"><button class=\"forminator-button forminator-button-submit\">Send<\/button><\/div><\/div><\/div><input type=\"hidden\" id=\"forminator_nonce\" name=\"forminator_nonce\" value=\"8ad7e0b691\" \/><input type=\"hidden\" name=\"_wp_http_referer\" value=\"\/sk\/wp-json\/wp\/v2\/pages\/8006\" \/><input type=\"hidden\" name=\"form_id\" value=\"1365\"><input type=\"hidden\" name=\"page_id\" value=\"8006\"><input type=\"hidden\" name=\"form_type\" value=\"default\"><input type=\"hidden\" name=\"current_url\" value=\"https:\/\/hojichawholesale.eu\/sk\/o-velkoobchode-hojicha\/\"><input type=\"hidden\" name=\"render_id\" value=\"0\"><input type=\"hidden\" name=\"action\" value=\"forminator_submit_form_custom-forms\"><label for=\"input_6\" class=\"forminator-hidden\" aria-hidden=\"true\">Please do not fill in this field. <input id=\"input_6\" type=\"text\" name=\"input_6\" value=\"\" autocomplete=\"off\"><\/label><\/form>\n\n<p><\/p>\n","protected":false},"excerpt":{"rendered":"<p>O ve\u013ekoobchode Hojicha Hojicha Wholesale je eur\u00f3psky ve\u013ekoobchodn\u00edk venovan\u00fd japonsk\u00fdm hojicha. Na\u0161ou misiou je poskytova\u0165 pr\u00e9miov\u00fd hojicha \u010daj zna\u010dk\u00e1m a firm\u00e1m v odvetv\u00ed HORECA. Dov\u00e1\u017eame ve\u013ekoobchodn\u00e9 mno\u017estv\u00e1 pr\u00e9miovej hojichy od na\u0161ich d\u00f4veryhodn\u00fdch dod\u00e1vate\u013eov v Japonsku a redistribuujeme ju po celom eur\u00f3pskom kontinente do re\u0161taur\u00e1ci\u00ed, hotelov, kaviarn\u00ed a nez\u00e1visl\u00fdch \u010dajovn\u00ed. Pon\u00fakame v\u00e1m tri z\u00e1ruky: Na\u0161e produkty [&hellip;]<\/p>\n","protected":false},"author":1,"featured_media":0,"parent":0,"menu_order":0,"comment_status":"closed","ping_status":"closed","template":"","meta":{"_surecart_dashboard_logo_width":"180px","_surecart_dashboard_show_logo":true,"_surecart_dashboard_navigation_orders":true,"_surecart_dashboard_navigation_invoices":true,"_surecart_dashboard_navigation_subscriptions":true,"_surecart_dashboard_navigation_downloads":true,"_surecart_dashboard_navigation_billing":true,"_surecart_dashboard_navigation_account":true,"footnotes":""},"class_list":["post-8006","page","type-page","status-publish","hentry","entry"],"mb":[],"mfb_rest_fields":["title","gutenberg_elementor_mode"],"_links":{"self":[{"href":"https:\/\/hojichawholesale.eu\/sk\/wp-json\/wp\/v2\/pages\/8006","targetHints":{"allow":["GET"]}}],"collection":[{"href":"https:\/\/hojichawholesale.eu\/sk\/wp-json\/wp\/v2\/pages"}],"about":[{"href":"https:\/\/hojichawholesale.eu\/sk\/wp-json\/wp\/v2\/types\/page"}],"author":[{"embeddable":true,"href":"https:\/\/hojichawholesale.eu\/sk\/wp-json\/wp\/v2\/users\/1"}],"replies":[{"embeddable":true,"href":"https:\/\/hojichawholesale.eu\/sk\/wp-json\/wp\/v2\/comments?post=8006"}],"version-history":[{"count":0,"href":"https:\/\/hojichawholesale.eu\/sk\/wp-json\/wp\/v2\/pages\/8006\/revisions"}],"wp:attachment":[{"href":"https:\/\/hojichawholesale.eu\/sk\/wp-json\/wp\/v2\/media?parent=8006"}],"curies":[{"name":"wp","href":"https:\/\/api.w.org\/{rel}","templated":true}]}}