{"id":8537,"date":"2024-12-11T21:40:39","date_gmt":"2024-12-11T21:40:39","guid":{"rendered":"https:\/\/hojichawholesale.eu\/hojicha-cu-eticheta-alba\/"},"modified":"2025-10-29T08:34:56","modified_gmt":"2025-10-29T08:34:56","slug":"hojicha-cu-eticheta-alba","status":"publish","type":"page","link":"https:\/\/hojichawholesale.eu\/ro\/hojicha-cu-eticheta-alba\/","title":{"rendered":"Hojicha cu etichet\u0103 alb\u0103"},"content":{"rendered":"\n<h1 class=\"wp-block-heading\">Hojicha cu etichet\u0103 alb\u0103<\/h1>\n\n<p>Dori\u021bi s\u0103 v\u0103 crea\u021bi propriul brand hojicha?<\/p>\n\n<p>V-am facilitat s\u0103 oferi\u021bi hojicha premium, provenit direct de la partenerii no\u0219tri din Japonia sub propria etichet\u0103.<\/p>\n<div class=\"wp-block-image\">\n<figure class=\"aligncenter size-full is-resized\"><img fetchpriority=\"high\" decoding=\"async\" width=\"1000\" height=\"1000\" src=\"https:\/\/hojichawholesale.eu\/wp-content\/uploads\/2025\/10\/white-label.webp\" alt=\"\" class=\"wp-image-9158\" style=\"width:379px;height:auto\" srcset=\"https:\/\/hojichawholesale.eu\/wp-content\/uploads\/2025\/10\/white-label.webp 1000w, https:\/\/hojichawholesale.eu\/wp-content\/uploads\/2025\/10\/white-label-300x300.webp 300w, https:\/\/hojichawholesale.eu\/wp-content\/uploads\/2025\/10\/white-label-150x150.webp 150w, https:\/\/hojichawholesale.eu\/wp-content\/uploads\/2025\/10\/white-label-768x768.webp 768w, https:\/\/hojichawholesale.eu\/wp-content\/uploads\/2025\/10\/white-label-600x600.webp 600w\" sizes=\"(max-width: 1000px) 100vw, 1000px\" \/><\/figure>\n<\/div>\n<h2 class=\"wp-block-heading\"><strong>De ce s\u0103-\u021bi etichetezi hojicha?<\/strong><\/h2>\n\n<ul class=\"wp-block-list\">\n<li><strong>Calitate premium:<\/strong> Hojicha noastr\u0103 provine de specialitate din c\u00e2mpuri de ceai selectate din Japonia. Frunzele sunt pr\u0103jite u\u0219or pentru a ob\u021bine o arom\u0103 neted\u0103, de nuc\u0103 \u0219i u\u0219or dulce, care este at\u00e2t reconfortant\u0103, c\u00e2t \u0219i complex\u0103. <\/li>\n\n\n\n<li><strong>Sigilat din fabric\u0103 \u0219i sp\u0103lat cu azot:<\/strong> Fiecare pung\u0103 este ambalat\u0103 \u00een Japonia pentru a men\u021bine prospe\u021bimea, aroma \u0219i gustul. Sp\u0103larea cu azot asigur\u0103 c\u0103 produsul ajunge cu o arom\u0103 optim\u0103, iar pungile sigilate protejeaz\u0103 ceaiul de umiditate \u0219i lumin\u0103. <\/li>\n\n\n\n<li><strong>F\u0103r\u0103 marc\u0103, gata pentru eticheta dvs.:<\/strong> Livr\u0103m fiecare geant\u0103 f\u0103r\u0103 niciun branding, oferindu-v\u0103 o p\u00e2nz\u0103 goal\u0103. Pur \u0219i simplu aplica\u021bi propria etichet\u0103 sau elemente de ambalare \u0219i \u00eencepe\u021bi s\u0103 comercializa\u021bi ceaiul sub numele dvs. <\/li>\n<\/ul>\n\n<h2 class=\"wp-block-heading\"><strong>Procesul de etichet\u0103 alb\u0103: pas cu pas<\/strong><\/h2>\n\n<ol class=\"wp-block-list\">\n<li><strong>Selecta\u021bi cantitatea:<\/strong> Alege\u021bi dintre op\u021biunile noastre flexibile de comand\u0103. Indiferent dac\u0103 sunte\u021bi la \u00eenceput sau \u00een cre\u0219tere, avem o dimensiune \u00een vrac care se potrive\u0219te nevoilor dvs. <\/li>\n\n\n\n<li><strong>Alege\u021bi ambalajul:<\/strong> Doypacks sau cutii de conserve, goale sau tip\u0103rite, etichetate sau neetichetate, avem o gam\u0103 larg\u0103 de op\u021biuni flexibile pentru a v\u0103 asigura c\u0103 v\u0103 sim\u021bi\u021bi bine cu marca \u0219i produsul dvs.<\/li>\n\n\n\n<li><strong>\u00cencepe\u021bi s\u0103 vinde\u021bi:<\/strong> Cu brandingul dvs., sunte\u021bi gata s\u0103 prezenta\u021bi clien\u021bilor dvs. un hojicha premium, cu etichet\u0103 privat\u0103, f\u0103c\u00e2ndu-l unic al dvs.<\/li>\n<\/ol>\n\n<h2 class=\"wp-block-heading\"><strong>De ce s\u0103 colabora\u021bi cu Hojicha Wholesale?<\/strong><\/h2>\n\n<ul class=\"wp-block-list\">\n<li><strong>Aprovizionare cu exper\u021bi:<\/strong> Am construit parteneriate puternice cu fermieri \u0219i produc\u0103tori de ceai cu experien\u021b\u0103 din Japonia, asigur\u00e2nd o calitate \u0219i o aprovizionare constante.<\/li>\n\n\n\n<li><strong>Integrare u\u0219oar\u0103:<\/strong> Solu\u021biile noastre cu etichet\u0103 alb\u0103 sunt concepute av\u00e2nd \u00een vedere simplitatea. F\u0103r\u0103 procese complicate &#8211; doar ad\u0103uga\u021bi elemente de marc\u0103 \u0219i \u00eencepe\u021bi s\u0103 vinde\u021bi. <\/li>\n\n\n\n<li><strong>Suport dedicat:<\/strong> Echipa noastr\u0103 de servicii pentru clien\u021bi este aici pentru a v\u0103 ajuta la fiecare pas, de la \u00eentreb\u0103rile ini\u021biale de comand\u0103 p\u00e2n\u0103 la asisten\u021ba post-v\u00e2nzare.<\/li>\n<\/ul>\n\n<h2 class=\"wp-block-heading\"><strong>Sunte\u021bi gata s\u0103 \u00eencepe\u021bi?<\/strong><\/h2>\n\n<p>Contacta\u021bi-ne ast\u0103zi pentru a solicita o ofert\u0103, pentru a afla mai multe despre nivelurile noastre de pre\u021b \u0219i pentru a \u00eencepe procesul de etichet\u0103 alb\u0103. Vom fi bucuro\u0219i s\u0103 v\u0103 ajut\u0103m s\u0103 \u00eencepe\u021bi! <\/p>\n<div class=\"forminator-ui forminator-custom-form forminator-custom-form-1365 forminator-design--flat  forminator_ajax\" data-forminator-render=\"0\" data-form=\"forminator-module-1365\" data-uid=\"69d43d597881d\"><br\/><\/div><form\n\t\t\t\tid=\"forminator-module-1365\"\n\t\t\t\tclass=\"forminator-ui forminator-custom-form forminator-custom-form-1365 forminator-design--flat  forminator_ajax\"\n\t\t\t\tmethod=\"post\"\n\t\t\t\tdata-forminator-render=\"0\"\n\t\t\t\tdata-form-id=\"1365\"\n\t\t\t\t data-color-option=\"default\" data-design=\"flat\" data-grid=\"open\" style=\"display: none;\"\n\t\t\t\tdata-uid=\"69d43d597881d\"\n\t\t\t><div role=\"alert\" aria-live=\"polite\" class=\"forminator-response-message forminator-error\" aria-hidden=\"true\"><\/div><div class=\"forminator-row\"><div id=\"name-1\" class=\"forminator-field-name forminator-col forminator-col-6 \"><div class=\"forminator-field\"><input type=\"text\" name=\"name-1\" value=\"\" placeholder=\"First Name\" id=\"forminator-field-name-1_69d43d597881d\" class=\"forminator-input forminator-name--field\" aria-required=\"true\" autocomplete=\"name\" \/><\/div><\/div><div id=\"name-2\" class=\"forminator-field-name forminator-col forminator-col-6 \"><div class=\"forminator-field\"><input type=\"text\" name=\"name-2\" value=\"\" placeholder=\"Last Name\" id=\"forminator-field-name-2_69d43d597881d\" class=\"forminator-input forminator-name--field\" aria-required=\"true\" autocomplete=\"name\" \/><\/div><\/div><\/div><div class=\"forminator-row\"><div id=\"email-1\" class=\"forminator-field-email forminator-col forminator-col-12 \"><div class=\"forminator-field\"><input type=\"email\" name=\"email-1\" value=\"\" placeholder=\"Email\" id=\"forminator-field-email-1_69d43d597881d\" class=\"forminator-input forminator-email--field\" data-required=\"true\" aria-required=\"true\" autocomplete=\"email\" \/><\/div><\/div><\/div><div class=\"forminator-row\"><div id=\"phone-1\" class=\"forminator-field-phone forminator-col forminator-col-12 \"><div class=\"forminator-field\"><input type=\"text\" name=\"phone-1\" value=\"\" placeholder=\"Phone\" id=\"forminator-field-phone-1_69d43d597881d\" class=\"forminator-input forminator-field--phone\" data-required=\"\" aria-required=\"false\" autocomplete=\"off\" \/><\/div><\/div><\/div><div class=\"forminator-row\"><div id=\"textarea-1\" class=\"forminator-field-textarea forminator-col forminator-col-12 \"><div class=\"forminator-field\"><textarea name=\"textarea-1\" placeholder=\"Message\" id=\"forminator-field-textarea-1_69d43d597881d\" class=\"forminator-textarea\" rows=\"6\" style=\"min-height:140px;\" ><\/textarea><span id=\"forminator-field-textarea-1_69d43d597881d-description\" class=\"forminator-description\"><span data-limit=\"300\" data-type=\"words\" data-editor=\"\">0 \/ 300<\/span><\/span><\/div><\/div><\/div><div class=\"forminator-row\"><\/div><input type=\"hidden\" name=\"referer_url\" value=\"\" \/><div class=\"forminator-row forminator-row-last\"><div class=\"forminator-col\"><div class=\"forminator-field\"><button class=\"forminator-button forminator-button-submit\">Send<\/button><\/div><\/div><\/div><input type=\"hidden\" id=\"forminator_nonce\" name=\"forminator_nonce\" value=\"8ad7e0b691\" \/><input type=\"hidden\" name=\"_wp_http_referer\" value=\"\/ro\/wp-json\/wp\/v2\/pages\/8537\" \/><input type=\"hidden\" name=\"form_id\" value=\"1365\"><input type=\"hidden\" name=\"page_id\" value=\"8537\"><input type=\"hidden\" name=\"form_type\" value=\"default\"><input type=\"hidden\" name=\"current_url\" value=\"https:\/\/hojichawholesale.eu\/ro\/hojicha-cu-eticheta-alba\/\"><input type=\"hidden\" name=\"render_id\" value=\"0\"><input type=\"hidden\" name=\"action\" value=\"forminator_submit_form_custom-forms\"><label for=\"input_6\" class=\"forminator-hidden\" aria-hidden=\"true\">Please do not fill in this field. <input id=\"input_6\" type=\"text\" name=\"input_6\" value=\"\" autocomplete=\"off\"><\/label><\/form>\n","protected":false},"excerpt":{"rendered":"<p>Hojicha cu etichet\u0103 alb\u0103 Dori\u021bi s\u0103 v\u0103 crea\u021bi propriul brand hojicha? V-am facilitat s\u0103 oferi\u021bi hojicha premium, provenit direct de la partenerii no\u0219tri din Japonia sub propria etichet\u0103. De ce s\u0103-\u021bi etichetezi hojicha? Procesul de etichet\u0103 alb\u0103: pas cu pas De ce s\u0103 colabora\u021bi cu Hojicha Wholesale? Sunte\u021bi gata s\u0103 \u00eencepe\u021bi? Contacta\u021bi-ne ast\u0103zi pentru a [&hellip;]<\/p>\n","protected":false},"author":1,"featured_media":8540,"parent":0,"menu_order":0,"comment_status":"closed","ping_status":"closed","template":"","meta":{"_surecart_dashboard_logo_width":"180px","_surecart_dashboard_show_logo":true,"_surecart_dashboard_navigation_orders":true,"_surecart_dashboard_navigation_invoices":true,"_surecart_dashboard_navigation_subscriptions":true,"_surecart_dashboard_navigation_downloads":true,"_surecart_dashboard_navigation_billing":true,"_surecart_dashboard_navigation_account":true,"footnotes":""},"class_list":["post-8537","page","type-page","status-publish","has-post-thumbnail","hentry","entry","has-media"],"mb":[],"mfb_rest_fields":["title","gutenberg_elementor_mode"],"_links":{"self":[{"href":"https:\/\/hojichawholesale.eu\/ro\/wp-json\/wp\/v2\/pages\/8537","targetHints":{"allow":["GET"]}}],"collection":[{"href":"https:\/\/hojichawholesale.eu\/ro\/wp-json\/wp\/v2\/pages"}],"about":[{"href":"https:\/\/hojichawholesale.eu\/ro\/wp-json\/wp\/v2\/types\/page"}],"author":[{"embeddable":true,"href":"https:\/\/hojichawholesale.eu\/ro\/wp-json\/wp\/v2\/users\/1"}],"replies":[{"embeddable":true,"href":"https:\/\/hojichawholesale.eu\/ro\/wp-json\/wp\/v2\/comments?post=8537"}],"version-history":[{"count":0,"href":"https:\/\/hojichawholesale.eu\/ro\/wp-json\/wp\/v2\/pages\/8537\/revisions"}],"wp:featuredmedia":[{"embeddable":true,"href":"https:\/\/hojichawholesale.eu\/ro\/wp-json\/wp\/v2\/media\/8540"}],"wp:attachment":[{"href":"https:\/\/hojichawholesale.eu\/ro\/wp-json\/wp\/v2\/media?parent=8537"}],"curies":[{"name":"wp","href":"https:\/\/api.w.org\/{rel}","templated":true}]}}