{"id":8531,"date":"2024-10-12T16:25:13","date_gmt":"2024-10-12T16:25:13","guid":{"rendered":"https:\/\/hojichawholesale.eu\/hojicha-powder-latte-en-gros\/"},"modified":"2025-12-10T19:00:35","modified_gmt":"2025-12-10T19:00:35","slug":"hojicha-powder-latte-en-gros","status":"publish","type":"page","link":"https:\/\/hojichawholesale.eu\/ro\/hojicha-powder-latte-en-gros\/","title":{"rendered":"Hojicha Powder Latte (en-gros)"},"content":{"rendered":"\n<h1 class=\"wp-block-heading\">Hojicha Powder Latte (en-gros)<\/h1>\n\n<p><strong>Hojicha Powder Latte<\/strong> este fabricat din pudr\u0103 de hojicha, zah\u0103r din trestie de zah\u0103r \u0219i gum\u0103 de guar pentru o b\u0103utur\u0103 perfect echilibrat\u0103 \u0219i delicioas\u0103. Poate fi amestecat cu lapte sau alternative de lapte. <\/p>\n<div class=\"wp-block-image\">\n<figure class=\"aligncenter size-full is-resized\"><img fetchpriority=\"high\" decoding=\"async\" width=\"1000\" height=\"1000\" src=\"https:\/\/hojichawholesale.eu\/wp-content\/uploads\/2025\/01\/hojicha-latte-both.webp\" alt=\"Compara&#x21B;ie &#xEE;ntre pudra de hojicha latte VS pudra de hojicha latte infuzat&#x103;.\" class=\"wp-image-7510\" style=\"width:310px;height:auto\" srcset=\"https:\/\/hojichawholesale.eu\/wp-content\/uploads\/2025\/01\/hojicha-latte-both.webp 1000w, https:\/\/hojichawholesale.eu\/wp-content\/uploads\/2025\/01\/hojicha-latte-both-300x300.webp 300w, https:\/\/hojichawholesale.eu\/wp-content\/uploads\/2025\/01\/hojicha-latte-both-150x150.webp 150w, https:\/\/hojichawholesale.eu\/wp-content\/uploads\/2025\/01\/hojicha-latte-both-768x768.webp 768w, https:\/\/hojichawholesale.eu\/wp-content\/uploads\/2025\/01\/hojicha-latte-both-600x600.webp 600w\" sizes=\"(max-width: 1000px) 100vw, 1000px\" \/><\/figure>\n<\/div>\n<hr class=\"wp-block-separator has-alpha-channel-opacity\"\/>\n\n<h2 class=\"wp-block-heading\">Repere ale produsului<\/h2>\n\n<ul class=\"wp-block-list\">\n<li><strong>Tip<\/strong>: Instant Hojicha Latte Mix<\/li>\n\n\n\n<li><strong>Ingrediente<\/strong>: pudr\u0103 de Hojicha, zah\u0103r din trestie de zah\u0103r, gum\u0103 de guar.<\/li>\n\n\n\n<li><strong>Ambalare<\/strong>: Pung\u0103 stand-up resigilabil\u0103 (Doypack) pentru prospe\u021bime.<\/li>\n\n\n\n<li><strong>Dimensiunea por\u021biei<\/strong>: Aproximativ 8 por\u021bii per pachet. <\/li>\n\n\n\n<li><strong>Profil de arom\u0103<\/strong>: Neted, cu nuc\u0103, u\u0219or dulce, cu un finisaj pr\u0103jit.<\/li>\n\n\n\n<li><strong>Cofein\u0103<\/strong>: Sc\u0103zut\u0103<\/li>\n\n\n\n<li><strong>Mod de preparare<\/strong>: Ad\u0103uga\u021bi ap\u0103 sau lapte pentru un hojicha latte rapid \u0219i delicios.<\/li>\n\n\n\n<li><strong>Greutate<\/strong>: Disponibil \u00een saci de 1 kg. Re\u00eempachetarea este disponibil\u0103 la cererea dumneavoastr\u0103.   <\/li>\n<\/ul>\n\n<hr class=\"wp-block-separator has-alpha-channel-opacity\"\/>\n\n<h2 class=\"wp-block-heading\">Informa\u021bii cu ridicata<\/h2>\n\n<ul class=\"wp-block-list\">\n<li><strong>Cantitate minim\u0103 de comand\u0103 (MOQ):<\/strong> 600 de grame (5 x pachete de 120 g).<\/li>\n\n\n\n<li><strong>Pre\u021buri \u00een vrac<\/strong>: Contacta\u021bi-ne pentru tarife speciale \u00een func\u021bie de volumul comenzilor.<\/li>\n\n\n\n<li><strong>Depozitare<\/strong>: A se p\u0103stra \u00eentr-un loc r\u0103coros \u0219i uscat pentru a men\u021bine prospe\u021bimea.<\/li>\n\n\n\n<li><strong>Data de expirare<\/strong>: Hojicha poate fi p\u0103strat p\u00e2n\u0103 la doi ani nedeschis \u0219i depozitat la 5\u00b0C \u2013 10\u00b0C.<\/li>\n\n\n\n<li><strong>Livrare<\/strong>: Livr\u0103m pe continentul european cu op\u021biuni flexibile de expediere, inclusiv livrare expres pentru comenzi urgente.<\/li>\n<\/ul>\n\n<div class=\"wp-block-columns is-layout-flex wp-container-core-columns-is-layout-28f84493 wp-block-columns-is-layout-flex\">\n<div class=\"wp-block-column is-layout-flow wp-block-column-is-layout-flow\"><div class=\"wp-block-image\">\n<figure class=\"aligncenter size-full is-resized\"><img decoding=\"async\" width=\"1000\" height=\"1000\" src=\"https:\/\/hojichawholesale.eu\/wp-content\/uploads\/2025\/01\/hojicha-latte-powder.webp\" alt=\"\" class=\"wp-image-7534\" style=\"width:314px;height:auto\" srcset=\"https:\/\/hojichawholesale.eu\/wp-content\/uploads\/2025\/01\/hojicha-latte-powder.webp 1000w, https:\/\/hojichawholesale.eu\/wp-content\/uploads\/2025\/01\/hojicha-latte-powder-300x300.webp 300w, https:\/\/hojichawholesale.eu\/wp-content\/uploads\/2025\/01\/hojicha-latte-powder-150x150.webp 150w, https:\/\/hojichawholesale.eu\/wp-content\/uploads\/2025\/01\/hojicha-latte-powder-768x768.webp 768w, https:\/\/hojichawholesale.eu\/wp-content\/uploads\/2025\/01\/hojicha-latte-powder-600x600.webp 600w\" sizes=\"(max-width: 1000px) 100vw, 1000px\" \/><\/figure>\n<\/div><\/div>\n\n\n\n<div class=\"wp-block-column is-layout-flow wp-block-column-is-layout-flow\"><div class=\"wp-block-image\">\n<figure class=\"aligncenter size-large is-resized\"><img decoding=\"async\" width=\"1024\" height=\"1024\" src=\"https:\/\/hojichawholesale.eu\/wp-content\/uploads\/2025\/01\/hojicha-latte-infused-1024x1024.webp\" alt=\"\" class=\"wp-image-7522\" style=\"width:325px;height:auto\" srcset=\"https:\/\/hojichawholesale.eu\/wp-content\/uploads\/2025\/01\/hojicha-latte-infused-1024x1024.webp 1024w, https:\/\/hojichawholesale.eu\/wp-content\/uploads\/2025\/01\/hojicha-latte-infused-300x300.webp 300w, https:\/\/hojichawholesale.eu\/wp-content\/uploads\/2025\/01\/hojicha-latte-infused-150x150.webp 150w, https:\/\/hojichawholesale.eu\/wp-content\/uploads\/2025\/01\/hojicha-latte-infused-768x768.webp 768w, https:\/\/hojichawholesale.eu\/wp-content\/uploads\/2025\/01\/hojicha-latte-infused-1536x1536.webp 1536w, https:\/\/hojichawholesale.eu\/wp-content\/uploads\/2025\/01\/hojicha-latte-infused-600x600.webp 600w, https:\/\/hojichawholesale.eu\/wp-content\/uploads\/2025\/01\/hojicha-latte-infused.webp 2000w\" sizes=\"(max-width: 1024px) 100vw, 1024px\" \/><\/figure>\n<\/div><\/div>\n<\/div>\n\n<hr class=\"wp-block-separator has-alpha-channel-opacity\"\/>\n\n<h2 class=\"wp-block-heading\">Cum se preg\u0103te\u0219te<\/h2>\n\n<ol class=\"wp-block-list\">\n<li><strong>Ad\u0103uga\u021bi 15 g<\/strong> de amestec Hojicha Powder Latte \u00een cea\u0219c\u0103.<\/li>\n\n\n\n<li><strong>Ad\u0103uga\u021bi 500 ml<\/strong> de ap\u0103 fierbinte sau lapte (sau alternativ\u0103 de lapte).<\/li>\n\n\n\n<li>Se amestec\u0103 bine \u0219i se bucur\u0103 instantaneu de un hojicha latte cremos \u0219i delicios.<\/li>\n<\/ol>\n\n<hr class=\"wp-block-separator has-alpha-channel-opacity\"\/>\n\n<h2 class=\"wp-block-heading\">Ideal pentru<\/h2>\n\n<ul class=\"wp-block-list\">\n<li>Cafenele \u0219i ceain\u0103rii caut\u0103 o op\u021biune de hojicha latte rapid\u0103 \u0219i u\u0219or de preparat pentru clien\u021bi.<\/li>\n\n\n\n<li>Restaurante \u0219i hoteluri care doresc s\u0103 ofere un ajutor digestiv delicios.  <\/li>\n\n\n\n<li>Magazine de v\u00e2nzare cu am\u0103nuntul care ofer\u0103 produse premium de ceai \u0219i amestecuri de b\u0103uturi instant.<\/li>\n<\/ul>\n\n<h2 class=\"wp-block-heading\">Solicita\u021bi o mostr\u0103 ast\u0103zi<\/h2>\n\n<p>Sunte\u021bi curios despre aromele bogate \u0219i pr\u0103jite ale hojicha noastr\u0103 premium?  <\/p>\n\n<p>Trebuie doar s\u0103 completa\u021bi detaliile de mai jos \u0219i v\u0103 vom trimite o mostr\u0103. Spune\u021bi-ne dac\u0103 ave\u021bi cereri specifice \u0219i vom fi bucuro\u0219i s\u0103 personaliz\u0103m oferta noastr\u0103 pentru a se potrivi nevoilor afacerii dumneavoastr\u0103. <\/p>\n<div class=\"forminator-ui forminator-custom-form forminator-custom-form-1365 forminator-design--flat  forminator_ajax\" data-forminator-render=\"0\" data-form=\"forminator-module-1365\" data-uid=\"69d4aa6ee5eb4\"><br\/><\/div><form\n\t\t\t\tid=\"forminator-module-1365\"\n\t\t\t\tclass=\"forminator-ui forminator-custom-form forminator-custom-form-1365 forminator-design--flat  forminator_ajax\"\n\t\t\t\tmethod=\"post\"\n\t\t\t\tdata-forminator-render=\"0\"\n\t\t\t\tdata-form-id=\"1365\"\n\t\t\t\t data-color-option=\"default\" data-design=\"flat\" data-grid=\"open\" style=\"display: none;\"\n\t\t\t\tdata-uid=\"69d4aa6ee5eb4\"\n\t\t\t><div role=\"alert\" aria-live=\"polite\" class=\"forminator-response-message forminator-error\" aria-hidden=\"true\"><\/div><div class=\"forminator-row\"><div id=\"name-1\" class=\"forminator-field-name forminator-col forminator-col-6 \"><div class=\"forminator-field\"><input type=\"text\" name=\"name-1\" value=\"\" placeholder=\"First Name\" id=\"forminator-field-name-1_69d4aa6ee5eb4\" class=\"forminator-input forminator-name--field\" aria-required=\"true\" autocomplete=\"name\" \/><\/div><\/div><div id=\"name-2\" class=\"forminator-field-name forminator-col forminator-col-6 \"><div class=\"forminator-field\"><input type=\"text\" name=\"name-2\" value=\"\" placeholder=\"Last Name\" id=\"forminator-field-name-2_69d4aa6ee5eb4\" class=\"forminator-input forminator-name--field\" aria-required=\"true\" autocomplete=\"name\" \/><\/div><\/div><\/div><div class=\"forminator-row\"><div id=\"email-1\" class=\"forminator-field-email forminator-col forminator-col-12 \"><div class=\"forminator-field\"><input type=\"email\" name=\"email-1\" value=\"\" placeholder=\"Email\" id=\"forminator-field-email-1_69d4aa6ee5eb4\" class=\"forminator-input forminator-email--field\" data-required=\"true\" aria-required=\"true\" autocomplete=\"email\" \/><\/div><\/div><\/div><div class=\"forminator-row\"><div id=\"phone-1\" class=\"forminator-field-phone forminator-col forminator-col-12 \"><div class=\"forminator-field\"><input type=\"text\" name=\"phone-1\" value=\"\" placeholder=\"Phone\" id=\"forminator-field-phone-1_69d4aa6ee5eb4\" class=\"forminator-input forminator-field--phone\" data-required=\"\" aria-required=\"false\" autocomplete=\"off\" \/><\/div><\/div><\/div><div class=\"forminator-row\"><div id=\"textarea-1\" class=\"forminator-field-textarea forminator-col forminator-col-12 \"><div class=\"forminator-field\"><textarea name=\"textarea-1\" placeholder=\"Message\" id=\"forminator-field-textarea-1_69d4aa6ee5eb4\" class=\"forminator-textarea\" rows=\"6\" style=\"min-height:140px;\" ><\/textarea><span id=\"forminator-field-textarea-1_69d4aa6ee5eb4-description\" class=\"forminator-description\"><span data-limit=\"300\" data-type=\"words\" data-editor=\"\">0 \/ 300<\/span><\/span><\/div><\/div><\/div><div class=\"forminator-row\"><\/div><input type=\"hidden\" name=\"referer_url\" value=\"\" \/><div class=\"forminator-row forminator-row-last\"><div class=\"forminator-col\"><div class=\"forminator-field\"><button class=\"forminator-button forminator-button-submit\">Send<\/button><\/div><\/div><\/div><input type=\"hidden\" id=\"forminator_nonce\" name=\"forminator_nonce\" value=\"0b51ba8eba\" \/><input type=\"hidden\" name=\"_wp_http_referer\" value=\"\/ro\/wp-json\/wp\/v2\/pages\/8531\" \/><input type=\"hidden\" name=\"form_id\" value=\"1365\"><input type=\"hidden\" name=\"page_id\" value=\"8531\"><input type=\"hidden\" name=\"form_type\" value=\"default\"><input type=\"hidden\" name=\"current_url\" value=\"https:\/\/hojichawholesale.eu\/ro\/hojicha-powder-latte-en-gros\/\"><input type=\"hidden\" name=\"render_id\" value=\"0\"><input type=\"hidden\" name=\"action\" value=\"forminator_submit_form_custom-forms\"><label for=\"input_6\" class=\"forminator-hidden\" aria-hidden=\"true\">Please do not fill in this field. <input id=\"input_6\" type=\"text\" name=\"input_6\" value=\"\" autocomplete=\"off\"><\/label><\/form>\n","protected":false},"excerpt":{"rendered":"<p>Hojicha Powder Latte (en-gros) Hojicha Powder Latte este fabricat din pudr\u0103 de hojicha, zah\u0103r din trestie de zah\u0103r \u0219i gum\u0103 de guar pentru o b\u0103utur\u0103 perfect echilibrat\u0103 \u0219i delicioas\u0103. Poate fi amestecat cu lapte sau alternative de lapte. Repere ale produsului Informa\u021bii cu ridicata Cum se preg\u0103te\u0219te Ideal pentru Solicita\u021bi o mostr\u0103 ast\u0103zi Sunte\u021bi curios [&hellip;]<\/p>\n","protected":false},"author":1,"featured_media":8534,"parent":0,"menu_order":0,"comment_status":"closed","ping_status":"closed","template":"","meta":{"_surecart_dashboard_logo_width":"180px","_surecart_dashboard_show_logo":true,"_surecart_dashboard_navigation_orders":true,"_surecart_dashboard_navigation_invoices":true,"_surecart_dashboard_navigation_subscriptions":true,"_surecart_dashboard_navigation_downloads":true,"_surecart_dashboard_navigation_billing":true,"_surecart_dashboard_navigation_account":true,"footnotes":""},"class_list":["post-8531","page","type-page","status-publish","has-post-thumbnail","hentry","entry","has-media"],"mb":[],"mfb_rest_fields":["title","gutenberg_elementor_mode"],"_links":{"self":[{"href":"https:\/\/hojichawholesale.eu\/ro\/wp-json\/wp\/v2\/pages\/8531","targetHints":{"allow":["GET"]}}],"collection":[{"href":"https:\/\/hojichawholesale.eu\/ro\/wp-json\/wp\/v2\/pages"}],"about":[{"href":"https:\/\/hojichawholesale.eu\/ro\/wp-json\/wp\/v2\/types\/page"}],"author":[{"embeddable":true,"href":"https:\/\/hojichawholesale.eu\/ro\/wp-json\/wp\/v2\/users\/1"}],"replies":[{"embeddable":true,"href":"https:\/\/hojichawholesale.eu\/ro\/wp-json\/wp\/v2\/comments?post=8531"}],"version-history":[{"count":0,"href":"https:\/\/hojichawholesale.eu\/ro\/wp-json\/wp\/v2\/pages\/8531\/revisions"}],"wp:featuredmedia":[{"embeddable":true,"href":"https:\/\/hojichawholesale.eu\/ro\/wp-json\/wp\/v2\/media\/8534"}],"wp:attachment":[{"href":"https:\/\/hojichawholesale.eu\/ro\/wp-json\/wp\/v2\/media?parent=8531"}],"curies":[{"name":"wp","href":"https:\/\/api.w.org\/{rel}","templated":true}]}}