{"id":8468,"date":"2024-10-12T14:29:39","date_gmt":"2024-10-12T14:29:39","guid":{"rendered":"https:\/\/hojichawholesale.eu\/hojicha-in-frunze-en-gros\/"},"modified":"2025-10-26T16:43:03","modified_gmt":"2025-10-26T16:43:03","slug":"hojicha-in-frunze-en-gros","status":"publish","type":"page","link":"https:\/\/hojichawholesale.eu\/ro\/hojicha-in-frunze-en-gros\/","title":{"rendered":"Hojicha \u00een frunze (en-gros)"},"content":{"rendered":"\n<h1 class=\"wp-block-heading\">Hojicha \u00een frunze (en-gros)<\/h1>\n\n<p>Hojicha este un ceai verde japonez pr\u0103jit premium, care ofer\u0103 o arom\u0103 neted\u0103 \u0219i afumat\u0103. Hojicha nostru este ob\u021binut \u0219i ambalat direct la fermele de ceai din Japonia, asigur\u00e2nd o calitate \u00eenalt\u0103, prospe\u021bime \u0219i un gust autentic pr\u0103jit. <\/p>\n<div class=\"wp-block-image\">\n<figure class=\"aligncenter size-full is-resized\"><img fetchpriority=\"high\" decoding=\"async\" width=\"1000\" height=\"1000\" src=\"https:\/\/hojichawholesale.eu\/wp-content\/uploads\/2025\/01\/Hojicha-dark-leaf-both.webp\" alt=\"Compara&#x21B;ie &#xEE;ntre pr&#x103;jirea hojicha &#xEE;nchis&#x103; &#xEE;n frunze VS pr&#x103;jirea hojicha &#xEE;ntunecat&#x103; &#xEE;n frunze infuzate\" class=\"wp-image-7434\" style=\"width:365px;height:auto\" srcset=\"https:\/\/hojichawholesale.eu\/wp-content\/uploads\/2025\/01\/Hojicha-dark-leaf-both.webp 1000w, https:\/\/hojichawholesale.eu\/wp-content\/uploads\/2025\/01\/Hojicha-dark-leaf-both-300x300.webp 300w, https:\/\/hojichawholesale.eu\/wp-content\/uploads\/2025\/01\/Hojicha-dark-leaf-both-150x150.webp 150w, https:\/\/hojichawholesale.eu\/wp-content\/uploads\/2025\/01\/Hojicha-dark-leaf-both-768x768.webp 768w, https:\/\/hojichawholesale.eu\/wp-content\/uploads\/2025\/01\/Hojicha-dark-leaf-both-600x600.webp 600w\" sizes=\"(max-width: 1000px) 100vw, 1000px\" \/><\/figure>\n<\/div>\n<hr class=\"wp-block-separator has-alpha-channel-opacity\"\/>\n\n<h2 class=\"wp-block-heading\">Repere ale produsului<\/h2>\n\n<ul class=\"wp-block-list\">\n<li><strong>Tip<\/strong>: Ceai verde pr\u0103jit (Hojicha)<\/li>\n\n\n\n<li><strong>Origine<\/strong>: Shizuoka, Japonia<\/li>\n\n\n\n<li><strong>Form\u0103<\/strong>: Frunze<\/li>\n\n\n\n<li><strong>Nivel de pr\u0103jire<\/strong>: mediu<\/li>\n\n\n\n<li><strong>Sezon de recoltare<\/strong>: prim\u0103var\u0103\/var\u0103<\/li>\n\n\n\n<li><strong>Prelucrare<\/strong>: Frunze de ceai verde pr\u0103jite \u00een por\u021belan.  <\/li>\n\n\n\n<li><strong>Profil de arom\u0103<\/strong>: Neted, pr\u0103jit, cu nuan\u021be dulci de caramel \u0219i nuc\u0103<\/li>\n\n\n\n<li><strong>Cofein\u0103<\/strong>: Sc\u0103zut\u0103<\/li>\n\n\n\n<li><strong>Ambalare<\/strong>: Disponibil \u00een pachete de 500g (pungi resigilabile). Neetichetat. <\/li>\n<\/ul>\n\n<hr class=\"wp-block-separator has-alpha-channel-opacity\"\/>\n\n<h2 class=\"wp-block-heading\">Beneficiile pudrei Hojicha<\/h2>\n\n<ul class=\"wp-block-list\">\n<li><strong>Arom\u0103 bogat\u0103<\/strong>: arom\u0103 intens\u0103 pr\u0103jit\u0103 pentru a infuza \u00een ap\u0103 fierbinte.<\/li>\n\n\n\n<li><strong>Con\u021binut sc\u0103zut de cofein\u0103<\/strong>: Perfect pentru a fi savurat pe tot parcursul zilei, chiar \u0219i seara.<\/li>\n\n\n\n<li><strong>Versatil:<\/strong> Ideal pentru diminea\u021ba, pr\u00e2nz, dup\u0103-amiaza \u0219i seara.  <\/li>\n<\/ul>\n\n<hr class=\"wp-block-separator has-alpha-channel-opacity\"\/>\n\n<h2 class=\"wp-block-heading\">Informa\u021bii cu ridicata<\/h2>\n\n<ul class=\"wp-block-list\">\n<li><strong>Cantitate minim\u0103 de comand\u0103 (MOQ):<\/strong> 500g (1 pung\u0103 de 500g)<\/li>\n\n\n\n<li><strong>Pre\u021buri \u00een vrac<\/strong>: Contacta\u021bi pre\u021buri speciale.  <\/li>\n\n\n\n<li><strong>Depozitare<\/strong>: A se p\u0103stra \u00eentr-un mediu r\u0103coros \u0219i uscat.  <\/li>\n\n\n\n<li><strong>Data de expirare<\/strong>: Hojicha poate fi p\u0103strat p\u00e2n\u0103 la doi ani nedeschis \u0219i depozitat la 5\u00b0C \u2013 10\u00b0C.<\/li>\n\n\n\n<li><strong>Livrare<\/strong>: Livr\u0103m pe continentul european cu op\u021biuni flexibile de expediere, inclusiv livrare expres pentru comenzi urgente.<\/li>\n<\/ul>\n\n<div class=\"wp-block-columns is-layout-flex wp-container-core-columns-is-layout-28f84493 wp-block-columns-is-layout-flex\">\n<div class=\"wp-block-column is-layout-flow wp-block-column-is-layout-flow\"><div class=\"wp-block-image\">\n<figure class=\"aligncenter size-full is-resized\"><img decoding=\"async\" width=\"1000\" height=\"1000\" src=\"https:\/\/hojichawholesale.eu\/wp-content\/uploads\/2025\/01\/Hojicha-dark-leaf.webp\" alt=\"\" class=\"wp-image-7458\" style=\"width:311px;height:auto\" srcset=\"https:\/\/hojichawholesale.eu\/wp-content\/uploads\/2025\/01\/Hojicha-dark-leaf.webp 1000w, https:\/\/hojichawholesale.eu\/wp-content\/uploads\/2025\/01\/Hojicha-dark-leaf-300x300.webp 300w, https:\/\/hojichawholesale.eu\/wp-content\/uploads\/2025\/01\/Hojicha-dark-leaf-150x150.webp 150w, https:\/\/hojichawholesale.eu\/wp-content\/uploads\/2025\/01\/Hojicha-dark-leaf-768x768.webp 768w, https:\/\/hojichawholesale.eu\/wp-content\/uploads\/2025\/01\/Hojicha-dark-leaf-600x600.webp 600w\" sizes=\"(max-width: 1000px) 100vw, 1000px\" \/><\/figure>\n<\/div><\/div>\n\n\n\n<div class=\"wp-block-column is-layout-flow wp-block-column-is-layout-flow\"><div class=\"wp-block-image\">\n<figure class=\"aligncenter size-large is-resized\"><img decoding=\"async\" width=\"1024\" height=\"1024\" src=\"https:\/\/hojichawholesale.eu\/wp-content\/uploads\/2025\/01\/Hojicha-dark-leaf-infused-1024x1024.webp\" alt=\"\" class=\"wp-image-7446\" style=\"width:313px;height:auto\" srcset=\"https:\/\/hojichawholesale.eu\/wp-content\/uploads\/2025\/01\/Hojicha-dark-leaf-infused-1024x1024.webp 1024w, https:\/\/hojichawholesale.eu\/wp-content\/uploads\/2025\/01\/Hojicha-dark-leaf-infused-300x300.webp 300w, https:\/\/hojichawholesale.eu\/wp-content\/uploads\/2025\/01\/Hojicha-dark-leaf-infused-150x150.webp 150w, https:\/\/hojichawholesale.eu\/wp-content\/uploads\/2025\/01\/Hojicha-dark-leaf-infused-768x768.webp 768w, https:\/\/hojichawholesale.eu\/wp-content\/uploads\/2025\/01\/Hojicha-dark-leaf-infused-1536x1536.webp 1536w, https:\/\/hojichawholesale.eu\/wp-content\/uploads\/2025\/01\/Hojicha-dark-leaf-infused-600x600.webp 600w, https:\/\/hojichawholesale.eu\/wp-content\/uploads\/2025\/01\/Hojicha-dark-leaf-infused.webp 2000w\" sizes=\"(max-width: 1024px) 100vw, 1024px\" \/><\/figure>\n<\/div><\/div>\n<\/div>\n\n<hr class=\"wp-block-separator has-alpha-channel-opacity\"\/>\n\n<h2 class=\"wp-block-heading\">Cum se utilizeaz\u0103 pulberea Hojicha<\/h2>\n\n<ul class=\"wp-block-list\">\n<li><strong>Hojicha<\/strong>: Se amestec\u0103 2 linguri\u021be de Hojicha cu 200 ml de ap\u0103 fierbinte.<\/li>\n<\/ul>\n\n<hr class=\"wp-block-separator has-alpha-channel-opacity\"\/>\n\n<h2 class=\"wp-block-heading\">Ideal pentru<\/h2>\n\n<ul class=\"wp-block-list\">\n<li>Cafenelele \u0219i ceain\u0103riile doresc s\u0103 adauge b\u0103uturi de ceai verde pr\u0103jit precum Hojicha \u00een meniul lor.<\/li>\n\n\n\n<li>Clien\u021bi con\u0219tien\u021bi de s\u0103n\u0103tate care prefer\u0103 o alternativ\u0103 de ceai cu con\u021binut sc\u0103zut de cofein\u0103.<\/li>\n<\/ul>\n\n<h2 class=\"wp-block-heading\">Solicita\u021bi o mostr\u0103 ast\u0103zi<\/h2>\n\n<p>Sunte\u021bi curios despre aromele bogate \u0219i pr\u0103jite ale hojicha noastr\u0103 premium?  <\/p>\n\n<p>Trebuie doar s\u0103 completa\u021bi detaliile de mai jos \u0219i v\u0103 vom trimite o mostr\u0103. Spune\u021bi-ne dac\u0103 ave\u021bi cereri specifice \u0219i vom fi bucuro\u0219i s\u0103 personaliz\u0103m oferta noastr\u0103 pentru a se potrivi nevoilor afacerii dumneavoastr\u0103. <\/p>\n<div class=\"forminator-ui forminator-custom-form forminator-custom-form-1365 forminator-design--flat  forminator_ajax\" data-forminator-render=\"0\" data-form=\"forminator-module-1365\" data-uid=\"69d5e3a484300\"><br\/><\/div><form\n\t\t\t\tid=\"forminator-module-1365\"\n\t\t\t\tclass=\"forminator-ui forminator-custom-form forminator-custom-form-1365 forminator-design--flat  forminator_ajax\"\n\t\t\t\tmethod=\"post\"\n\t\t\t\tdata-forminator-render=\"0\"\n\t\t\t\tdata-form-id=\"1365\"\n\t\t\t\t data-color-option=\"default\" data-design=\"flat\" data-grid=\"open\" style=\"display: none;\"\n\t\t\t\tdata-uid=\"69d5e3a484300\"\n\t\t\t><div role=\"alert\" aria-live=\"polite\" class=\"forminator-response-message forminator-error\" aria-hidden=\"true\"><\/div><div class=\"forminator-row\"><div id=\"name-1\" class=\"forminator-field-name forminator-col forminator-col-6 \"><div class=\"forminator-field\"><input type=\"text\" name=\"name-1\" value=\"\" placeholder=\"First Name\" id=\"forminator-field-name-1_69d5e3a484300\" class=\"forminator-input forminator-name--field\" aria-required=\"true\" autocomplete=\"name\" \/><\/div><\/div><div id=\"name-2\" class=\"forminator-field-name forminator-col forminator-col-6 \"><div class=\"forminator-field\"><input type=\"text\" name=\"name-2\" value=\"\" placeholder=\"Last Name\" id=\"forminator-field-name-2_69d5e3a484300\" class=\"forminator-input forminator-name--field\" aria-required=\"true\" autocomplete=\"name\" \/><\/div><\/div><\/div><div class=\"forminator-row\"><div id=\"email-1\" class=\"forminator-field-email forminator-col forminator-col-12 \"><div class=\"forminator-field\"><input type=\"email\" name=\"email-1\" value=\"\" placeholder=\"Email\" id=\"forminator-field-email-1_69d5e3a484300\" class=\"forminator-input forminator-email--field\" data-required=\"true\" aria-required=\"true\" autocomplete=\"email\" \/><\/div><\/div><\/div><div class=\"forminator-row\"><div id=\"phone-1\" class=\"forminator-field-phone forminator-col forminator-col-12 \"><div class=\"forminator-field\"><input type=\"text\" name=\"phone-1\" value=\"\" placeholder=\"Phone\" id=\"forminator-field-phone-1_69d5e3a484300\" class=\"forminator-input forminator-field--phone\" data-required=\"\" aria-required=\"false\" autocomplete=\"off\" \/><\/div><\/div><\/div><div class=\"forminator-row\"><div id=\"textarea-1\" class=\"forminator-field-textarea forminator-col forminator-col-12 \"><div class=\"forminator-field\"><textarea name=\"textarea-1\" placeholder=\"Message\" id=\"forminator-field-textarea-1_69d5e3a484300\" class=\"forminator-textarea\" rows=\"6\" style=\"min-height:140px;\" ><\/textarea><span id=\"forminator-field-textarea-1_69d5e3a484300-description\" class=\"forminator-description\"><span data-limit=\"300\" data-type=\"words\" data-editor=\"\">0 \/ 300<\/span><\/span><\/div><\/div><\/div><div class=\"forminator-row\"><\/div><input type=\"hidden\" name=\"referer_url\" value=\"\" \/><div class=\"forminator-row forminator-row-last\"><div class=\"forminator-col\"><div class=\"forminator-field\"><button class=\"forminator-button forminator-button-submit\">Send<\/button><\/div><\/div><\/div><input type=\"hidden\" id=\"forminator_nonce\" name=\"forminator_nonce\" value=\"58eeeb5d3e\" \/><input type=\"hidden\" name=\"_wp_http_referer\" value=\"\/ro\/wp-json\/wp\/v2\/pages\/8468\" \/><input type=\"hidden\" name=\"form_id\" value=\"1365\"><input type=\"hidden\" name=\"page_id\" value=\"8468\"><input type=\"hidden\" name=\"form_type\" value=\"default\"><input type=\"hidden\" name=\"current_url\" value=\"https:\/\/hojichawholesale.eu\/ro\/hojicha-in-frunze-en-gros\/\"><input type=\"hidden\" name=\"render_id\" value=\"0\"><input type=\"hidden\" name=\"action\" value=\"forminator_submit_form_custom-forms\"><label for=\"input_6\" class=\"forminator-hidden\" aria-hidden=\"true\">Please do not fill in this field. <input id=\"input_6\" type=\"text\" name=\"input_6\" value=\"\" autocomplete=\"off\"><\/label><\/form>\n","protected":false},"excerpt":{"rendered":"<p>Hojicha \u00een frunze (en-gros) Hojicha este un ceai verde japonez pr\u0103jit premium, care ofer\u0103 o arom\u0103 neted\u0103 \u0219i afumat\u0103. Hojicha nostru este ob\u021binut \u0219i ambalat direct la fermele de ceai din Japonia, asigur\u00e2nd o calitate \u00eenalt\u0103, prospe\u021bime \u0219i un gust autentic pr\u0103jit. Repere ale produsului Beneficiile pudrei Hojicha Informa\u021bii cu ridicata Cum se utilizeaz\u0103 pulberea [&hellip;]<\/p>\n","protected":false},"author":1,"featured_media":8472,"parent":0,"menu_order":0,"comment_status":"closed","ping_status":"closed","template":"","meta":{"_surecart_dashboard_logo_width":"180px","_surecart_dashboard_show_logo":true,"_surecart_dashboard_navigation_orders":true,"_surecart_dashboard_navigation_invoices":true,"_surecart_dashboard_navigation_subscriptions":true,"_surecart_dashboard_navigation_downloads":true,"_surecart_dashboard_navigation_billing":true,"_surecart_dashboard_navigation_account":true,"footnotes":""},"class_list":["post-8468","page","type-page","status-publish","has-post-thumbnail","hentry","entry","has-media"],"mb":[],"mfb_rest_fields":["title","gutenberg_elementor_mode"],"_links":{"self":[{"href":"https:\/\/hojichawholesale.eu\/ro\/wp-json\/wp\/v2\/pages\/8468","targetHints":{"allow":["GET"]}}],"collection":[{"href":"https:\/\/hojichawholesale.eu\/ro\/wp-json\/wp\/v2\/pages"}],"about":[{"href":"https:\/\/hojichawholesale.eu\/ro\/wp-json\/wp\/v2\/types\/page"}],"author":[{"embeddable":true,"href":"https:\/\/hojichawholesale.eu\/ro\/wp-json\/wp\/v2\/users\/1"}],"replies":[{"embeddable":true,"href":"https:\/\/hojichawholesale.eu\/ro\/wp-json\/wp\/v2\/comments?post=8468"}],"version-history":[{"count":0,"href":"https:\/\/hojichawholesale.eu\/ro\/wp-json\/wp\/v2\/pages\/8468\/revisions"}],"wp:featuredmedia":[{"embeddable":true,"href":"https:\/\/hojichawholesale.eu\/ro\/wp-json\/wp\/v2\/media\/8472"}],"wp:attachment":[{"href":"https:\/\/hojichawholesale.eu\/ro\/wp-json\/wp\/v2\/media?parent=8468"}],"curies":[{"name":"wp","href":"https:\/\/api.w.org\/{rel}","templated":true}]}}