{"id":8458,"date":"2024-10-12T14:14:16","date_gmt":"2024-10-12T14:14:16","guid":{"rendered":"https:\/\/hojichawholesale.eu\/hojicha-pudra-de-prajire-intunecata-en-gros\/"},"modified":"2025-12-10T19:00:28","modified_gmt":"2025-12-10T19:00:28","slug":"hojicha-pudra-de-prajire-intunecata-en-gros","status":"publish","type":"page","link":"https:\/\/hojichawholesale.eu\/ro\/hojicha-pudra-de-prajire-intunecata-en-gros\/","title":{"rendered":"Hojicha Pudr\u0103 de pr\u0103jire \u00eentunecat\u0103 (en-gros)"},"content":{"rendered":"\n<h1 class=\"wp-block-heading\">Hojicha Pudr\u0103 de pr\u0103jire \u00eentunecat\u0103 (en-gros)<\/h1>\n\n<p><strong>Pudra Hojicha Dark Roast<\/strong> <strong> <\/strong>ofer\u0103 o arom\u0103 pr\u0103jit\u0103 profund\u0103 \u0219i intens\u0103, perfect\u0103 pentru cei care caut\u0103 o experien\u021b\u0103 de ceai mai robust\u0103 \u0219i mai corpolent\u0103.<\/p>\n<div class=\"wp-block-image\">\n<figure class=\"aligncenter size-full is-resized\"><img fetchpriority=\"high\" decoding=\"async\" width=\"1000\" height=\"1000\" src=\"https:\/\/hojichawholesale.eu\/wp-content\/uploads\/2025\/01\/hojicha-dark-powder-both.webp\" alt=\"Compara&#x21B;ie &#xEE;ntre pulberea neagr&#x103; hojicha &#x219;i pulberea neagr&#x103; hojicha dizolvat&#x103;\" class=\"wp-image-7396\" style=\"width:323px;height:auto\" srcset=\"https:\/\/hojichawholesale.eu\/wp-content\/uploads\/2025\/01\/hojicha-dark-powder-both.webp 1000w, https:\/\/hojichawholesale.eu\/wp-content\/uploads\/2025\/01\/hojicha-dark-powder-both-300x300.webp 300w, https:\/\/hojichawholesale.eu\/wp-content\/uploads\/2025\/01\/hojicha-dark-powder-both-150x150.webp 150w, https:\/\/hojichawholesale.eu\/wp-content\/uploads\/2025\/01\/hojicha-dark-powder-both-768x768.webp 768w, https:\/\/hojichawholesale.eu\/wp-content\/uploads\/2025\/01\/hojicha-dark-powder-both-600x600.webp 600w\" sizes=\"(max-width: 1000px) 100vw, 1000px\" \/><\/figure>\n<\/div>\n<hr class=\"wp-block-separator has-alpha-channel-opacity\"\/>\n\n<h2 class=\"wp-block-heading\">Repere ale produsului<\/h2>\n\n<ul class=\"wp-block-list\">\n<li><strong>Tip<\/strong>: Ceai verde pr\u0103jit (Hojicha)<\/li>\n\n\n\n<li><strong>Form\u0103<\/strong>: Pulbere<\/li>\n\n\n\n<li><strong>Origine<\/strong>: Shizuoka, Japonia<\/li>\n\n\n\n<li><strong>Nivel de pr\u0103jire<\/strong>: \u00centunecat<\/li>\n\n\n\n<li><strong>Sezon de recoltare<\/strong>: prim\u0103var\u0103\/var\u0103<\/li>\n\n\n\n<li><strong>Prelucrare<\/strong>: Pr\u0103jit ad\u00e2nc (300\u00b0C) \u00een por\u021belan pentru a crea o arom\u0103 \u00eendr\u0103znea\u021b\u0103, afumat\u0103.<\/li>\n\n\n\n<li><strong>Profil de arom\u0103<\/strong>: Afumat, bogat \u0219i u\u0219or dulce, cu o nuan\u021b\u0103 \u00eendr\u0103znea\u021b\u0103 de caramel.<\/li>\n\n\n\n<li><strong>Cofein\u0103<\/strong>: Foarte sc\u0103zut\u0103<\/li>\n\n\n\n<li><strong>Ambalare<\/strong>: Disponibil \u00een saci de 1 kg. Re\u00eempachetarea este disponibil\u0103 la cererea dumneavoastr\u0103.   <\/li>\n<\/ul>\n\n<hr class=\"wp-block-separator has-alpha-channel-opacity\"\/>\n\n<h2 class=\"wp-block-heading\">Beneficiile Dark Roast Hojicha<\/h2>\n\n<ul class=\"wp-block-list\">\n<li><strong>Arom\u0103 bogat\u0103<\/strong>: Pr\u0103jirea profund\u0103 scoate \u00een eviden\u021b\u0103 note intense, afumate, care se potrivesc bine cu deserturi sau ca ceai de sine st\u0103t\u0103tor.<\/li>\n\n\n\n<li><strong>Cofein\u0103 sc\u0103zut\u0103<\/strong>: Bucura\u021bi-v\u0103 de orice moment al zilei f\u0103r\u0103 nervozitate.<\/li>\n\n\n\n<li><strong>Cald \u0219i reconfortant<\/strong>: Friptura \u00eenchis\u0103 la culoare ofer\u0103 o experien\u021b\u0103 de \u00eemp\u0103m\u00e2ntare \u0219i lini\u0219tire, perfect\u0103 pentru lunile mai reci.<\/li>\n<\/ul>\n\n<div class=\"wp-block-columns is-layout-flex wp-container-core-columns-is-layout-28f84493 wp-block-columns-is-layout-flex\">\n<div class=\"wp-block-column is-layout-flow wp-block-column-is-layout-flow\"><div class=\"wp-block-image\">\n<figure class=\"aligncenter size-full is-resized\"><img decoding=\"async\" width=\"1000\" height=\"1000\" src=\"https:\/\/hojichawholesale.eu\/wp-content\/uploads\/2025\/01\/hojicha-dark-powder.webp\" alt=\"Pudr&#x103; de pr&#x103;jire &#xEE;nchis&#x103; Hojicha\" class=\"wp-image-7420\" style=\"width:306px;height:auto\" srcset=\"https:\/\/hojichawholesale.eu\/wp-content\/uploads\/2025\/01\/hojicha-dark-powder.webp 1000w, https:\/\/hojichawholesale.eu\/wp-content\/uploads\/2025\/01\/hojicha-dark-powder-300x300.webp 300w, https:\/\/hojichawholesale.eu\/wp-content\/uploads\/2025\/01\/hojicha-dark-powder-150x150.webp 150w, https:\/\/hojichawholesale.eu\/wp-content\/uploads\/2025\/01\/hojicha-dark-powder-768x768.webp 768w, https:\/\/hojichawholesale.eu\/wp-content\/uploads\/2025\/01\/hojicha-dark-powder-600x600.webp 600w\" sizes=\"(max-width: 1000px) 100vw, 1000px\" \/><\/figure>\n<\/div><\/div>\n\n\n\n<div class=\"wp-block-column is-layout-flow wp-block-column-is-layout-flow\"><div class=\"wp-block-image\">\n<figure class=\"aligncenter size-large is-resized\"><img decoding=\"async\" width=\"1024\" height=\"1024\" src=\"https:\/\/hojichawholesale.eu\/wp-content\/uploads\/2025\/01\/hojicha-dark-powder-infused-1024x1024.webp\" alt=\"Hojicha pudr&#x103; de pr&#x103;jire &#xEE;nchis&#x103; la culoare infuzat&#x103;\" class=\"wp-image-7408\" style=\"width:302px;height:auto\" srcset=\"https:\/\/hojichawholesale.eu\/wp-content\/uploads\/2025\/01\/hojicha-dark-powder-infused-1024x1024.webp 1024w, https:\/\/hojichawholesale.eu\/wp-content\/uploads\/2025\/01\/hojicha-dark-powder-infused-300x300.webp 300w, https:\/\/hojichawholesale.eu\/wp-content\/uploads\/2025\/01\/hojicha-dark-powder-infused-150x150.webp 150w, https:\/\/hojichawholesale.eu\/wp-content\/uploads\/2025\/01\/hojicha-dark-powder-infused-768x768.webp 768w, https:\/\/hojichawholesale.eu\/wp-content\/uploads\/2025\/01\/hojicha-dark-powder-infused-1536x1536.webp 1536w, https:\/\/hojichawholesale.eu\/wp-content\/uploads\/2025\/01\/hojicha-dark-powder-infused-600x600.webp 600w, https:\/\/hojichawholesale.eu\/wp-content\/uploads\/2025\/01\/hojicha-dark-powder-infused.webp 2000w\" sizes=\"(max-width: 1024px) 100vw, 1024px\" \/><\/figure>\n<\/div><\/div>\n<\/div>\n\n<hr class=\"wp-block-separator has-alpha-channel-opacity\"\/>\n\n<h2 class=\"wp-block-heading\">Informa\u021bii cu ridicata<\/h2>\n\n<ul class=\"wp-block-list\">\n<li><strong>Cantitate minim\u0103 de comand\u0103 (MOQ):<\/strong> 5 pungi de 100 de grame.<\/li>\n\n\n\n<li><strong>Pre\u021buri \u00een vrac<\/strong>: Contacta\u021bi-ne mai jos pentru pre\u021buri speciale \u00een func\u021bie de dimensiunea comenzii.<\/li>\n\n\n\n<li><strong>Data de expirare<\/strong>: Hojicha poate fi p\u0103strat p\u00e2n\u0103 la doi ani nedeschis \u0219i depozitat la 5\u00b0C \u2013 10\u00b0C.<\/li>\n\n\n\n<li><strong>Livrare<\/strong>: Livr\u0103m peste tot \u00een Europa, din Islanda p\u00e2n\u0103 \u00een Istanbul, cu op\u021biuni flexibile de expediere, inclusiv livrare expres pentru comenzi urgente.<\/li>\n<\/ul>\n\n<hr class=\"wp-block-separator has-alpha-channel-opacity\"\/>\n\n<h2 class=\"wp-block-heading\">Cum se prepar\u0103<\/h2>\n\n<ol class=\"wp-block-list\">\n<li><strong>Cantitate de ceai<\/strong>: 8g de ceai la 500ml de ap\u0103<\/li>\n\n\n\n<li><strong>Temperatura apei<\/strong>: 80\u00b0C  <\/li>\n\n\n\n<li><strong>Timp de \u00eenmuiere<\/strong>: 2-3 minute pentru o b\u0103utur\u0103 puternic\u0103 \u0219i bogat\u0103<\/li>\n<\/ol>\n\n<hr class=\"wp-block-separator has-alpha-channel-opacity\"\/>\n\n<h2 class=\"wp-block-heading\">Perfect pentru<\/h2>\n\n<ul class=\"wp-block-list\">\n<li>Ceain\u0103rii, cafenele \u0219i restaurante de lux care doresc s\u0103 ofere clien\u021bilor lor o op\u021biune premium de pr\u0103jire \u00eenchis\u0103 la culoare.  <\/li>\n\n\n\n<li>Clien\u021bii care caut\u0103 o alternativ\u0103 \u00eendr\u0103znea\u021b\u0103, cu con\u021binut sc\u0103zut de cofein\u0103, la cafea.<\/li>\n\n\n\n<li>Crearea de amestecuri de ceai sau ca ingredient \u00een re\u021bete culinare.<\/li>\n<\/ul>\n\n<h2 class=\"wp-block-heading\">Solicita\u021bi o mostr\u0103 ast\u0103zi<\/h2>\n\n<p>Sunte\u021bi curios despre aromele bogate \u0219i pr\u0103jite ale hojicha noastr\u0103 premium?  <\/p>\n\n<p>Trebuie doar s\u0103 completa\u021bi detaliile de mai jos \u0219i v\u0103 vom trimite o mostr\u0103. Spune\u021bi-ne dac\u0103 ave\u021bi cereri specifice \u0219i vom fi bucuro\u0219i s\u0103 personaliz\u0103m oferta noastr\u0103 pentru a se potrivi nevoilor afacerii dumneavoastr\u0103. <\/p>\n<div class=\"forminator-ui forminator-custom-form forminator-custom-form-1365 forminator-design--flat  forminator_ajax\" data-forminator-render=\"0\" data-form=\"forminator-module-1365\" data-uid=\"69de02bc4e9da\"><br\/><\/div><form\n\t\t\t\tid=\"forminator-module-1365\"\n\t\t\t\tclass=\"forminator-ui forminator-custom-form forminator-custom-form-1365 forminator-design--flat  forminator_ajax\"\n\t\t\t\tmethod=\"post\"\n\t\t\t\tdata-forminator-render=\"0\"\n\t\t\t\tdata-form-id=\"1365\"\n\t\t\t\t data-color-option=\"default\" data-design=\"flat\" data-grid=\"open\" style=\"display: none;\"\n\t\t\t\tdata-uid=\"69de02bc4e9da\"\n\t\t\t><div role=\"alert\" aria-live=\"polite\" class=\"forminator-response-message forminator-error\" aria-hidden=\"true\"><\/div><div class=\"forminator-row\"><div id=\"name-1\" class=\"forminator-field-name forminator-col forminator-col-6 \"><div class=\"forminator-field\"><input type=\"text\" name=\"name-1\" value=\"\" placeholder=\"First Name\" id=\"forminator-field-name-1_69de02bc4e9da\" class=\"forminator-input forminator-name--field\" aria-required=\"true\" autocomplete=\"name\" \/><\/div><\/div><div id=\"name-2\" class=\"forminator-field-name forminator-col forminator-col-6 \"><div class=\"forminator-field\"><input type=\"text\" name=\"name-2\" value=\"\" placeholder=\"Last Name\" id=\"forminator-field-name-2_69de02bc4e9da\" class=\"forminator-input forminator-name--field\" aria-required=\"true\" autocomplete=\"name\" \/><\/div><\/div><\/div><div class=\"forminator-row\"><div id=\"email-1\" class=\"forminator-field-email forminator-col forminator-col-12 \"><div class=\"forminator-field\"><input type=\"email\" name=\"email-1\" value=\"\" placeholder=\"Email\" id=\"forminator-field-email-1_69de02bc4e9da\" class=\"forminator-input forminator-email--field\" data-required=\"true\" aria-required=\"true\" autocomplete=\"email\" \/><\/div><\/div><\/div><div class=\"forminator-row\"><div id=\"phone-1\" class=\"forminator-field-phone forminator-col forminator-col-12 \"><div class=\"forminator-field\"><input type=\"text\" name=\"phone-1\" value=\"\" placeholder=\"Phone\" id=\"forminator-field-phone-1_69de02bc4e9da\" class=\"forminator-input forminator-field--phone\" data-required=\"\" aria-required=\"false\" autocomplete=\"off\" \/><\/div><\/div><\/div><div class=\"forminator-row\"><div id=\"textarea-1\" class=\"forminator-field-textarea forminator-col forminator-col-12 \"><div class=\"forminator-field\"><textarea name=\"textarea-1\" placeholder=\"Message\" id=\"forminator-field-textarea-1_69de02bc4e9da\" class=\"forminator-textarea\" rows=\"6\" style=\"min-height:140px;\" ><\/textarea><span id=\"forminator-field-textarea-1_69de02bc4e9da-description\" class=\"forminator-description\"><span data-limit=\"300\" data-type=\"words\" data-editor=\"\">0 \/ 300<\/span><\/span><\/div><\/div><\/div><div class=\"forminator-row\"><\/div><input type=\"hidden\" name=\"referer_url\" value=\"\" \/><div class=\"forminator-row forminator-row-last\"><div class=\"forminator-col\"><div class=\"forminator-field\"><button class=\"forminator-button forminator-button-submit\">Send<\/button><\/div><\/div><\/div><input type=\"hidden\" id=\"forminator_nonce\" name=\"forminator_nonce\" value=\"452b8d24f4\" \/><input type=\"hidden\" name=\"_wp_http_referer\" value=\"\/ro\/wp-json\/wp\/v2\/pages\/8458\" \/><input type=\"hidden\" name=\"form_id\" value=\"1365\"><input type=\"hidden\" name=\"page_id\" value=\"8458\"><input type=\"hidden\" name=\"form_type\" value=\"default\"><input type=\"hidden\" name=\"current_url\" value=\"https:\/\/hojichawholesale.eu\/ro\/hojicha-pudra-de-prajire-intunecata-en-gros\/\"><input type=\"hidden\" name=\"render_id\" value=\"0\"><input type=\"hidden\" name=\"action\" value=\"forminator_submit_form_custom-forms\"><label for=\"input_6\" class=\"forminator-hidden\" aria-hidden=\"true\">Please do not fill in this field. <input id=\"input_6\" type=\"text\" name=\"input_6\" value=\"\" autocomplete=\"off\"><\/label><\/form>\n","protected":false},"excerpt":{"rendered":"<p>Hojicha Pudr\u0103 de pr\u0103jire \u00eentunecat\u0103 (en-gros) Pudra Hojicha Dark Roast ofer\u0103 o arom\u0103 pr\u0103jit\u0103 profund\u0103 \u0219i intens\u0103, perfect\u0103 pentru cei care caut\u0103 o experien\u021b\u0103 de ceai mai robust\u0103 \u0219i mai corpolent\u0103. Repere ale produsului Beneficiile Dark Roast Hojicha Informa\u021bii cu ridicata Cum se prepar\u0103 Perfect pentru Solicita\u021bi o mostr\u0103 ast\u0103zi Sunte\u021bi curios despre aromele bogate [&hellip;]<\/p>\n","protected":false},"author":1,"featured_media":8465,"parent":0,"menu_order":0,"comment_status":"closed","ping_status":"closed","template":"","meta":{"_surecart_dashboard_logo_width":"180px","_surecart_dashboard_show_logo":true,"_surecart_dashboard_navigation_orders":true,"_surecart_dashboard_navigation_invoices":true,"_surecart_dashboard_navigation_subscriptions":true,"_surecart_dashboard_navigation_downloads":true,"_surecart_dashboard_navigation_billing":true,"_surecart_dashboard_navigation_account":true,"footnotes":""},"class_list":["post-8458","page","type-page","status-publish","has-post-thumbnail","hentry","entry","has-media"],"mb":[],"mfb_rest_fields":["title","gutenberg_elementor_mode"],"_links":{"self":[{"href":"https:\/\/hojichawholesale.eu\/ro\/wp-json\/wp\/v2\/pages\/8458","targetHints":{"allow":["GET"]}}],"collection":[{"href":"https:\/\/hojichawholesale.eu\/ro\/wp-json\/wp\/v2\/pages"}],"about":[{"href":"https:\/\/hojichawholesale.eu\/ro\/wp-json\/wp\/v2\/types\/page"}],"author":[{"embeddable":true,"href":"https:\/\/hojichawholesale.eu\/ro\/wp-json\/wp\/v2\/users\/1"}],"replies":[{"embeddable":true,"href":"https:\/\/hojichawholesale.eu\/ro\/wp-json\/wp\/v2\/comments?post=8458"}],"version-history":[{"count":0,"href":"https:\/\/hojichawholesale.eu\/ro\/wp-json\/wp\/v2\/pages\/8458\/revisions"}],"wp:featuredmedia":[{"embeddable":true,"href":"https:\/\/hojichawholesale.eu\/ro\/wp-json\/wp\/v2\/media\/8465"}],"wp:attachment":[{"href":"https:\/\/hojichawholesale.eu\/ro\/wp-json\/wp\/v2\/media?parent=8458"}],"curies":[{"name":"wp","href":"https:\/\/api.w.org\/{rel}","templated":true}]}}