{"id":8446,"date":"2024-10-12T14:03:31","date_gmt":"2024-10-12T14:03:31","guid":{"rendered":"https:\/\/hojichawholesale.eu\/hojicha-pudra-de-prajire-medie-en-gros\/"},"modified":"2025-12-10T19:00:14","modified_gmt":"2025-12-10T19:00:14","slug":"hojicha-pudra-de-prajire-medie-en-gros","status":"publish","type":"page","link":"https:\/\/hojichawholesale.eu\/ro\/hojicha-pudra-de-prajire-medie-en-gros\/","title":{"rendered":"Hojicha Pudr\u0103 de pr\u0103jire medie (en-gros)"},"content":{"rendered":"\n<h1 class=\"wp-block-heading\">Hojicha Medium Roast (en-gros)<\/h1>\n\n<p><strong>Hojicha Medium<\/strong> <strong>Roast Powder <\/strong>ofer\u0103 o arom\u0103 unic\u0103, bogat\u0103 \u0219i p\u0103m\u00e2nteasc\u0103, perfect\u0103 pentru iubitorii de ceai care apreciaz\u0103 un echilibru \u00eentre notele pr\u0103jite robuste \u0219i dulcea\u021ba natural\u0103 a ceaiului verde.<\/p>\n<div class=\"wp-block-image\">\n<figure class=\"aligncenter size-full is-resized\"><img fetchpriority=\"high\" decoding=\"async\" width=\"1000\" height=\"1000\" src=\"https:\/\/hojichawholesale.eu\/wp-content\/uploads\/2025\/01\/hojicha-medium-powder-both.webp\" alt=\"\" class=\"wp-image-7484\" style=\"width:282px;height:auto\" srcset=\"https:\/\/hojichawholesale.eu\/wp-content\/uploads\/2025\/01\/hojicha-medium-powder-both.webp 1000w, https:\/\/hojichawholesale.eu\/wp-content\/uploads\/2025\/01\/hojicha-medium-powder-both-300x300.webp 300w, https:\/\/hojichawholesale.eu\/wp-content\/uploads\/2025\/01\/hojicha-medium-powder-both-150x150.webp 150w, https:\/\/hojichawholesale.eu\/wp-content\/uploads\/2025\/01\/hojicha-medium-powder-both-768x768.webp 768w, https:\/\/hojichawholesale.eu\/wp-content\/uploads\/2025\/01\/hojicha-medium-powder-both-600x600.webp 600w\" sizes=\"(max-width: 1000px) 100vw, 1000px\" \/><\/figure>\n<\/div>\n<h2 class=\"wp-block-heading\">Repere ale produsului<\/h2>\n\n<ul class=\"wp-block-list\">\n<li><strong>Tip<\/strong>: Ceai verde pr\u0103jit (hojicha)<\/li>\n\n\n\n<li><strong>Origine<\/strong>: Shizuoka, Japonia<\/li>\n\n\n\n<li><strong>Form\u0103<\/strong>: Pulbere<\/li>\n\n\n\n<li><strong>Nivel de pr\u0103jire<\/strong>: mediu<\/li>\n\n\n\n<li><strong>Sezon de recoltare<\/strong>: prim\u0103var\u0103\/var\u0103<\/li>\n\n\n\n<li><strong>Prelucrare<\/strong>: Pr\u0103jit \u00een por\u021belan la peste 220\u00b0C<\/li>\n\n\n\n<li><strong>Profil de arom\u0103<\/strong>: Nuc\u0103, u\u0219or dulce, neted\u0103, cu note de caramel<\/li>\n\n\n\n<li><strong>Cofein\u0103<\/strong>: Sc\u0103zut\u0103<\/li>\n\n\n\n<li><strong>Ambalare<\/strong>: Disponibil \u00een saci de 1 kg. Re\u00eempachetarea este disponibil\u0103 la cererea dumneavoastr\u0103.   <\/li>\n<\/ul>\n\n<hr class=\"wp-block-separator has-alpha-channel-opacity\"\/>\n\n<h2 class=\"wp-block-heading\">Beneficiile Hojicha pr\u0103jit mediu<\/h2>\n\n<ul class=\"wp-block-list\">\n<li><strong>Bogat \u00een antioxidan\u021bi<\/strong>: Protejeaz\u0103 \u00eempotriva radicalilor liberi<\/li>\n\n\n\n<li><strong>Con\u021binut sc\u0103zut de cofein\u0103<\/strong>: Ideal pentru pl\u0103cere pe tot parcursul zilei, inclusiv seara<\/li>\n\n\n\n<li><strong>Calmant \u0219i relaxant<\/strong>: Procesul de pr\u0103jire delicat reduce am\u0103r\u0103ciunea \u0219i \u00eembun\u0103t\u0103\u021be\u0219te o arom\u0103 neted\u0103 \u0219i reconfortant\u0103.<\/li>\n\n\n\n<li><strong>La mod\u0103<\/strong>: \u00cen ascensiune \u00een Asia de Sud-Est, \u00eencepe s\u0103 genereze interes \u00een Europa.<\/li>\n<\/ul>\n\n<div class=\"wp-block-columns is-layout-flex wp-container-core-columns-is-layout-28f84493 wp-block-columns-is-layout-flex\">\n<div class=\"wp-block-column is-layout-flow wp-block-column-is-layout-flow\"><div class=\"wp-block-image\">\n<figure class=\"aligncenter size-full is-resized\"><img decoding=\"async\" width=\"1000\" height=\"1000\" src=\"https:\/\/hojichawholesale.eu\/wp-content\/uploads\/2025\/01\/hojicha-medium-powder.webp\" alt=\"Hojicha pudr&#x103; de pr&#x103;jire medie\" class=\"wp-image-7472\" style=\"width:297px;height:auto\" srcset=\"https:\/\/hojichawholesale.eu\/wp-content\/uploads\/2025\/01\/hojicha-medium-powder.webp 1000w, https:\/\/hojichawholesale.eu\/wp-content\/uploads\/2025\/01\/hojicha-medium-powder-300x300.webp 300w, https:\/\/hojichawholesale.eu\/wp-content\/uploads\/2025\/01\/hojicha-medium-powder-150x150.webp 150w, https:\/\/hojichawholesale.eu\/wp-content\/uploads\/2025\/01\/hojicha-medium-powder-768x768.webp 768w, https:\/\/hojichawholesale.eu\/wp-content\/uploads\/2025\/01\/hojicha-medium-powder-600x600.webp 600w\" sizes=\"(max-width: 1000px) 100vw, 1000px\" \/><\/figure>\n<\/div><\/div>\n\n\n\n<div class=\"wp-block-column is-layout-flow wp-block-column-is-layout-flow\"><div class=\"wp-block-image\">\n<figure class=\"aligncenter size-large is-resized\"><img decoding=\"async\" width=\"1024\" height=\"1024\" src=\"https:\/\/hojichawholesale.eu\/wp-content\/uploads\/2025\/01\/hojicha-medium-powder-infused-1024x1024.webp\" alt=\"Pudr&#x103; de pr&#x103;jire medie Hojicha infuzat&#x103;\" class=\"wp-image-7496\" style=\"width:295px;height:auto\" srcset=\"https:\/\/hojichawholesale.eu\/wp-content\/uploads\/2025\/01\/hojicha-medium-powder-infused-1024x1024.webp 1024w, https:\/\/hojichawholesale.eu\/wp-content\/uploads\/2025\/01\/hojicha-medium-powder-infused-300x300.webp 300w, https:\/\/hojichawholesale.eu\/wp-content\/uploads\/2025\/01\/hojicha-medium-powder-infused-150x150.webp 150w, https:\/\/hojichawholesale.eu\/wp-content\/uploads\/2025\/01\/hojicha-medium-powder-infused-768x768.webp 768w, https:\/\/hojichawholesale.eu\/wp-content\/uploads\/2025\/01\/hojicha-medium-powder-infused-1536x1536.webp 1536w, https:\/\/hojichawholesale.eu\/wp-content\/uploads\/2025\/01\/hojicha-medium-powder-infused-600x600.webp 600w, https:\/\/hojichawholesale.eu\/wp-content\/uploads\/2025\/01\/hojicha-medium-powder-infused.webp 2000w\" sizes=\"(max-width: 1024px) 100vw, 1024px\" \/><\/figure>\n<\/div><\/div>\n<\/div>\n\n<hr class=\"wp-block-separator has-alpha-channel-opacity\"\/>\n\n<h2 class=\"wp-block-heading\">Informa\u021bii cu ridicata<\/h2>\n\n<ul class=\"wp-block-list\">\n<li><strong>Cantitate minim\u0103 de comand\u0103 (MOQ):<\/strong> 500 de grame (5 * 100 grame).<\/li>\n\n\n\n<li><strong>Pre\u021buri \u00een vrac<\/strong>: Contacta\u021bi-ne mai jos pentru o ofert\u0103 personalizat\u0103 bazat\u0103 pe volumul comenzilor.<\/li>\n\n\n\n<li><strong>Depozitare<\/strong>: A se p\u0103stra \u00eentr-un loc r\u0103coros \u0219i uscat.<\/li>\n\n\n\n<li><strong>Data de expirare<\/strong>: Hojicha poate fi p\u0103strat p\u00e2n\u0103 la doi ani nedeschis \u0219i depozitat la 5\u00b0C &#8211; 10\u00b0C.<\/li>\n\n\n\n<li><strong>Livrare<\/strong>: Livr\u0103m pe continentul european cu op\u021biuni flexibile de expediere, inclusiv livrare expres pentru comenzi urgente.<\/li>\n<\/ul>\n\n<hr class=\"wp-block-separator has-alpha-channel-opacity\"\/>\n\n<h2 class=\"wp-block-heading\">Cum se prepar\u0103<\/h2>\n\n<ol class=\"wp-block-list\">\n<li><strong>Cantitate de ceai<\/strong>: 8g de ceai la 500ml de ap\u0103<\/li>\n\n\n\n<li><strong>Temperatura apei<\/strong>: 70-80\u00b0C  <\/li>\n\n\n\n<li><strong>Timp de \u00eenmuiere<\/strong>: 2-3 minute pentru o cea\u0219c\u0103 perfect\u0103<\/li>\n<\/ol>\n\n<hr class=\"wp-block-separator has-alpha-channel-opacity\"\/>\n\n<h2 class=\"wp-block-heading\">Ideal pentru<\/h2>\n\n<ul class=\"wp-block-list\">\n<li>Ceain\u0103rii, cafenele \u0219i restaurante care doresc s\u0103 ofere o experien\u021b\u0103 premium de hojicha latte.  <\/li>\n\n\n\n<li>Consumatori con\u0219tien\u021bi de s\u0103n\u0103tate care prefer\u0103 o alternativ\u0103 cu con\u021binut sc\u0103zut de cofein\u0103.<\/li>\n\n\n\n<li>Se amestec\u0103 cu alte ceaiuri pentru a crea amestecuri de ceai de cas\u0103.<\/li>\n<\/ul>\n\n<h2 class=\"wp-block-heading\">Solicita\u021bi o mostr\u0103 ast\u0103zi<\/h2>\n\n<p>Sunte\u021bi curios despre aromele bogate \u0219i pr\u0103jite ale hojicha noastr\u0103 premium?  <\/p>\n\n<p>Trebuie doar s\u0103 completa\u021bi detaliile de mai jos \u0219i v\u0103 vom trimite o mostr\u0103. Spune\u021bi-ne dac\u0103 ave\u021bi cereri specifice \u0219i vom fi bucuro\u0219i s\u0103 personaliz\u0103m oferta noastr\u0103 pentru a se potrivi nevoilor afacerii dumneavoastr\u0103. <\/p>\n<div class=\"forminator-ui forminator-custom-form forminator-custom-form-1365 forminator-design--flat  forminator_ajax\" data-forminator-render=\"0\" data-form=\"forminator-module-1365\" data-uid=\"69dec6a82dc88\"><br\/><\/div><form\n\t\t\t\tid=\"forminator-module-1365\"\n\t\t\t\tclass=\"forminator-ui forminator-custom-form forminator-custom-form-1365 forminator-design--flat  forminator_ajax\"\n\t\t\t\tmethod=\"post\"\n\t\t\t\tdata-forminator-render=\"0\"\n\t\t\t\tdata-form-id=\"1365\"\n\t\t\t\t data-color-option=\"default\" data-design=\"flat\" data-grid=\"open\" style=\"display: none;\"\n\t\t\t\tdata-uid=\"69dec6a82dc88\"\n\t\t\t><div role=\"alert\" aria-live=\"polite\" class=\"forminator-response-message forminator-error\" aria-hidden=\"true\"><\/div><div class=\"forminator-row\"><div id=\"name-1\" class=\"forminator-field-name forminator-col forminator-col-6 \"><div class=\"forminator-field\"><input type=\"text\" name=\"name-1\" value=\"\" placeholder=\"First Name\" id=\"forminator-field-name-1_69dec6a82dc88\" class=\"forminator-input forminator-name--field\" aria-required=\"true\" autocomplete=\"name\" \/><\/div><\/div><div id=\"name-2\" class=\"forminator-field-name forminator-col forminator-col-6 \"><div class=\"forminator-field\"><input type=\"text\" name=\"name-2\" value=\"\" placeholder=\"Last Name\" id=\"forminator-field-name-2_69dec6a82dc88\" class=\"forminator-input forminator-name--field\" aria-required=\"true\" autocomplete=\"name\" \/><\/div><\/div><\/div><div class=\"forminator-row\"><div id=\"email-1\" class=\"forminator-field-email forminator-col forminator-col-12 \"><div class=\"forminator-field\"><input type=\"email\" name=\"email-1\" value=\"\" placeholder=\"Email\" id=\"forminator-field-email-1_69dec6a82dc88\" class=\"forminator-input forminator-email--field\" data-required=\"true\" aria-required=\"true\" autocomplete=\"email\" \/><\/div><\/div><\/div><div class=\"forminator-row\"><div id=\"phone-1\" class=\"forminator-field-phone forminator-col forminator-col-12 \"><div class=\"forminator-field\"><input type=\"text\" name=\"phone-1\" value=\"\" placeholder=\"Phone\" id=\"forminator-field-phone-1_69dec6a82dc88\" class=\"forminator-input forminator-field--phone\" data-required=\"\" aria-required=\"false\" autocomplete=\"off\" \/><\/div><\/div><\/div><div class=\"forminator-row\"><div id=\"textarea-1\" class=\"forminator-field-textarea forminator-col forminator-col-12 \"><div class=\"forminator-field\"><textarea name=\"textarea-1\" placeholder=\"Message\" id=\"forminator-field-textarea-1_69dec6a82dc88\" class=\"forminator-textarea\" rows=\"6\" style=\"min-height:140px;\" ><\/textarea><span id=\"forminator-field-textarea-1_69dec6a82dc88-description\" class=\"forminator-description\"><span data-limit=\"300\" data-type=\"words\" data-editor=\"\">0 \/ 300<\/span><\/span><\/div><\/div><\/div><div class=\"forminator-row\"><\/div><input type=\"hidden\" name=\"referer_url\" value=\"\" \/><div class=\"forminator-row forminator-row-last\"><div class=\"forminator-col\"><div class=\"forminator-field\"><button class=\"forminator-button forminator-button-submit\">Send<\/button><\/div><\/div><\/div><input type=\"hidden\" id=\"forminator_nonce\" name=\"forminator_nonce\" value=\"a647953a3f\" \/><input type=\"hidden\" name=\"_wp_http_referer\" value=\"\/ro\/wp-json\/wp\/v2\/pages\/8446\" \/><input type=\"hidden\" name=\"form_id\" value=\"1365\"><input type=\"hidden\" name=\"page_id\" value=\"8446\"><input type=\"hidden\" name=\"form_type\" value=\"default\"><input type=\"hidden\" name=\"current_url\" value=\"https:\/\/hojichawholesale.eu\/ro\/hojicha-pudra-de-prajire-medie-en-gros\/\"><input type=\"hidden\" name=\"render_id\" value=\"0\"><input type=\"hidden\" name=\"action\" value=\"forminator_submit_form_custom-forms\"><label for=\"input_6\" class=\"forminator-hidden\" aria-hidden=\"true\">Please do not fill in this field. <input id=\"input_6\" type=\"text\" name=\"input_6\" value=\"\" autocomplete=\"off\"><\/label><\/form>\n","protected":false},"excerpt":{"rendered":"<p>Hojicha Medium Roast (en-gros) Hojicha Medium Roast Powder ofer\u0103 o arom\u0103 unic\u0103, bogat\u0103 \u0219i p\u0103m\u00e2nteasc\u0103, perfect\u0103 pentru iubitorii de ceai care apreciaz\u0103 un echilibru \u00eentre notele pr\u0103jite robuste \u0219i dulcea\u021ba natural\u0103 a ceaiului verde. Repere ale produsului Beneficiile Hojicha pr\u0103jit mediu Informa\u021bii cu ridicata Cum se prepar\u0103 Ideal pentru Solicita\u021bi o mostr\u0103 ast\u0103zi Sunte\u021bi curios [&hellip;]<\/p>\n","protected":false},"author":1,"featured_media":8448,"parent":0,"menu_order":0,"comment_status":"closed","ping_status":"closed","template":"","meta":{"_surecart_dashboard_logo_width":"180px","_surecart_dashboard_show_logo":true,"_surecart_dashboard_navigation_orders":true,"_surecart_dashboard_navigation_invoices":true,"_surecart_dashboard_navigation_subscriptions":true,"_surecart_dashboard_navigation_downloads":true,"_surecart_dashboard_navigation_billing":true,"_surecart_dashboard_navigation_account":true,"footnotes":""},"class_list":["post-8446","page","type-page","status-publish","has-post-thumbnail","hentry","entry","has-media"],"mb":[],"mfb_rest_fields":["title","gutenberg_elementor_mode"],"_links":{"self":[{"href":"https:\/\/hojichawholesale.eu\/ro\/wp-json\/wp\/v2\/pages\/8446","targetHints":{"allow":["GET"]}}],"collection":[{"href":"https:\/\/hojichawholesale.eu\/ro\/wp-json\/wp\/v2\/pages"}],"about":[{"href":"https:\/\/hojichawholesale.eu\/ro\/wp-json\/wp\/v2\/types\/page"}],"author":[{"embeddable":true,"href":"https:\/\/hojichawholesale.eu\/ro\/wp-json\/wp\/v2\/users\/1"}],"replies":[{"embeddable":true,"href":"https:\/\/hojichawholesale.eu\/ro\/wp-json\/wp\/v2\/comments?post=8446"}],"version-history":[{"count":0,"href":"https:\/\/hojichawholesale.eu\/ro\/wp-json\/wp\/v2\/pages\/8446\/revisions"}],"wp:featuredmedia":[{"embeddable":true,"href":"https:\/\/hojichawholesale.eu\/ro\/wp-json\/wp\/v2\/media\/8448"}],"wp:attachment":[{"href":"https:\/\/hojichawholesale.eu\/ro\/wp-json\/wp\/v2\/media?parent=8446"}],"curies":[{"name":"wp","href":"https:\/\/api.w.org\/{rel}","templated":true}]}}