{"id":8357,"date":"2024-10-12T11:59:06","date_gmt":"2024-10-12T11:59:06","guid":{"rendered":"https:\/\/hojichawholesale.eu\/de-ce-sa-vinzi-hojicha\/"},"modified":"2025-10-26T16:42:49","modified_gmt":"2025-10-26T16:42:49","slug":"de-ce-sa-vinzi-hojicha","status":"publish","type":"page","link":"https:\/\/hojichawholesale.eu\/ro\/de-ce-sa-vinzi-hojicha\/","title":{"rendered":"De ce s\u0103 vinzi hojicha?"},"content":{"rendered":"\n<h1 class=\"wp-block-heading\">De ce s\u0103 vinzi Hojicha?<\/h1>\n\n<p>Hojicha, un ceai verde pr\u0103jit japonez, a c\u00e2\u0219tigat rapid popularitate \u00een ultimii ani.  <\/p>\n\n<figure class=\"wp-block-image size-large\"><img fetchpriority=\"high\" decoding=\"async\" width=\"1024\" height=\"544\" src=\"https:\/\/hojichawholesale.eu\/wp-content\/uploads\/2024\/10\/hojicha-trends-1-1024x544.avif\" alt=\"\" class=\"wp-image-5519\" srcset=\"https:\/\/hojichawholesale.eu\/wp-content\/uploads\/2024\/10\/hojicha-trends-1-1024x544.avif 1024w, https:\/\/hojichawholesale.eu\/wp-content\/uploads\/2024\/10\/hojicha-trends-1-300x159.avif 300w, https:\/\/hojichawholesale.eu\/wp-content\/uploads\/2024\/10\/hojicha-trends-1-768x408.avif 768w, https:\/\/hojichawholesale.eu\/wp-content\/uploads\/2024\/10\/hojicha-trends-1-1536x816.avif 1536w, https:\/\/hojichawholesale.eu\/wp-content\/uploads\/2024\/10\/hojicha-trends-1.avif 1892w\" sizes=\"(max-width: 1024px) 100vw, 1024px\" \/><\/figure>\n\n<figure class=\"wp-block-image size-large\"><img decoding=\"async\" width=\"1024\" height=\"412\" src=\"https:\/\/hojichawholesale.eu\/wp-content\/uploads\/2024\/10\/hojicha-trends-countries-1024x412.avif\" alt=\"\" class=\"wp-image-5459\" srcset=\"https:\/\/hojichawholesale.eu\/wp-content\/uploads\/2024\/10\/hojicha-trends-countries-1024x412.avif 1024w, https:\/\/hojichawholesale.eu\/wp-content\/uploads\/2024\/10\/hojicha-trends-countries-300x121.avif 300w, https:\/\/hojichawholesale.eu\/wp-content\/uploads\/2024\/10\/hojicha-trends-countries-768x309.avif 768w, https:\/\/hojichawholesale.eu\/wp-content\/uploads\/2024\/10\/hojicha-trends-countries-1536x618.avif 1536w, https:\/\/hojichawholesale.eu\/wp-content\/uploads\/2024\/10\/hojicha-trends-countries.avif 1873w\" sizes=\"(max-width: 1024px) 100vw, 1024px\" \/><\/figure>\n\n<p>Cu profilul s\u0103u de arom\u0103 distinctiv, atractivitatea cresc\u00e2nd\u0103 pentru s\u0103n\u0103tate \u0219i versatilitatea, este o propunere nou\u0103 \u0219i conving\u0103toare pentru clien\u021bii dvs.  <\/p>\n\n<p>Iat\u0103 de ce ar trebui s\u0103 lua\u021bi \u00een considerare ad\u0103ugarea hojicha \u00een meniul dvs.<\/p>\n\n<h2 class=\"wp-block-heading\">1. Profil de arom\u0103 unic<\/h2>\n\n<p>Hojicha se remarc\u0103 prin aroma sa cald\u0103, pr\u0103jit\u0103, care \u00eel diferen\u021biaz\u0103 de alte ceaiuri japoneze precum matcha sau sencha.  <\/p>\n\n<p>Procesul de pr\u0103jire \u00eei confer\u0103 un gust pr\u0103jit, u\u0219or de nuc\u0103, cu o not\u0103 de dulcea\u021b\u0103 de caramel, f\u0103c\u00e2ndu-l o alegere atr\u0103g\u0103toare pentru clien\u021bii care caut\u0103 ceva diferit.  <\/p>\n\n<p>Lipsa sa de am\u0103r\u0103ciune \u0219i cofeina sc\u0103zut\u0103 (din cauza pr\u0103jirii) \u00eel fac o op\u021biune universal\u0103 \u0219i prietenoas\u0103 cu familia.  <\/p>\n\n<p>Cu un con\u021binut sc\u0103zut de zah\u0103r, dar delicios, este o b\u0103utur\u0103 pentru toat\u0103 lumea.  <\/p>\n\n<h2 class=\"wp-block-heading\">2. Beneficii pentru s\u0103n\u0103tate<\/h2>\n\n<p>Hojicha, ca \u0219i alte ceaiuri verzi, p\u0103streaz\u0103 multe beneficii pentru s\u0103n\u0103tate, chiar \u0219i dup\u0103 pr\u0103jire.  <\/p>\n\n<p>Este bogat \u00een antioxidan\u021bi, care sunt cunoscu\u021bi pentru rolul lor \u00een reducerea inflama\u021biei \u0219i promovarea bun\u0103st\u0103rii generale. Con\u021binutul sc\u0103zut de cofein\u0103 \u00eel face potrivit pentru persoanele care doresc s\u0103-\u0219i reduc\u0103 aportul de cofein\u0103, bucur\u00e2ndu-se \u00een acela\u0219i timp de propriet\u0103\u021bile calmante \u0219i de \u00eembun\u0103t\u0103\u021bire a s\u0103n\u0103t\u0103\u021bii ale ceaiului.   <\/p>\n\n<h2 class=\"wp-block-heading\">3. Versatilitate \u00een aplica\u021biile culinare<\/h2>\n\n<p>Hojicha este disponibil fie sub form\u0103 de frunze libere, fie sub form\u0103 de pulbere.<\/p>\n\n<p>Aceast\u0103 versatilitate este rar\u0103 \u00een r\u00e2ndul ceaiului japonez.  <\/p>\n\n<p>Hojicha poate fi servit cald sau rece, \u00een ceai sau \u00een latte \u0219i poate fi copt \u00een p\u00e2ine, biscui\u021bi \u0219i pr\u0103jituri.  <\/p>\n\n<p>Poate fi folosit \u0219i ca arom\u0103 de \u00eenghe\u021bat\u0103.  <\/p>\n\n<p>Gusturile sale pr\u0103jite, p\u0103m\u00e2ntii, \u00eel fac un ingredient interesant de utilizat \u00een aproape toate re\u021betele.  <\/p>\n\n<h2 class=\"wp-block-heading\">4. Popularitate global\u0103 \u00een cre\u0219tere<\/h2>\n\n<p>Popularitatea Hojicha nu se mai limiteaz\u0103 la Japonia.  <\/p>\n\n<p>B\u0103utorii interna\u021bionali de ceai devin din ce \u00een ce mai aventuro\u0219i, c\u0103ut\u00e2nd s\u0103 exploreze noi arome \u0219i tradi\u021bii culturale de ceai. Pe m\u0103sur\u0103 ce con\u0219tientizarea hojicha cre\u0219te, cre\u0219te \u0219i cererea pie\u021bei. <\/p>\n\n<p>Fiind printre primii v\u00e2nz\u0103tori de hojicha, v\u0103 pozi\u021biona\u021bi \u00een fruntea unei tendin\u021be globale \u00een expansiune care nu d\u0103 semne de \u00eencetinire.  <\/p>\n\n<p>De asemenea, v\u0103 pozi\u021biona\u021bi afacerea ca fiind diferit\u0103 \u0219i mai la mod\u0103 fa\u021b\u0103 de concuren\u021b\u0103.  <\/p>\n\n<h2 class=\"wp-block-heading\">5. U\u0219or de comercializat<\/h2>\n\n<p>Natura produsului v\u0103 ofer\u0103 o gam\u0103 larg\u0103 de unghiuri de utilizat \u00een marketing, de la o b\u0103utur\u0103 japonez\u0103 elegant\u0103 la o b\u0103utur\u0103 care stimuleaz\u0103 s\u0103n\u0103tatea.  <\/p>\n\n<p>Costul s\u0103u redus de produc\u021bie v\u0103 ofer\u0103 control deplin asupra marjelor de profit.  <\/p>\n\n<h2 class=\"wp-block-heading\">Concluzie<\/h2>\n\n<p>Fiind principalul ceai japonez \u00een plin\u0103 ascensiune, hojicha este un must-have pentru cafenelele, hoteluri, restaurante \u0219i ceain\u0103rii cu am\u0103nuntul care doresc s\u0103 ofere clien\u021bilor lor o gam\u0103 interesant\u0103 de produse.  <\/p>\n\n<p>Beneficiile pentru s\u0103n\u0103tate ale Hojicha, profilul bogat de arom\u0103 \u0219i cererea \u00een cre\u0219tere \u00eel fac un plus strategic at\u00e2t pentru comercian\u021bii cu am\u0103nuntul, c\u00e2t \u0219i pentru unit\u0103\u021bile de servicii alimentare.<\/p>\n\n<p>Indiferent dac\u0103 clien\u021bii t\u0103i sunt b\u0103utori experimenta\u021bi de ceai sau nou-veni\u021bi la ceaiurile japoneze, hojicha va ie\u0219i cu siguran\u021b\u0103 \u00een eviden\u021b\u0103 ca un produs cu o larg\u0103 atrac\u021bie.<\/p>\n\n<h2 class=\"wp-block-heading\">Solicita\u021bi o mostr\u0103<\/h2>\n\n<p>Sunte\u021bi curios despre aromele bogate \u0219i pr\u0103jite ale hojicha noastr\u0103 premium?  <\/p>\n\n<p>Trebuie doar s\u0103 completa\u021bi detaliile de mai jos \u0219i v\u0103 vom trimite o mostr\u0103. Spune\u021bi-ne dac\u0103 ave\u021bi cereri specifice \u0219i vom fi bucuro\u0219i s\u0103 personaliz\u0103m oferta noastr\u0103 pentru a se potrivi nevoilor afacerii dumneavoastr\u0103. <\/p>\n<div class=\"forminator-ui forminator-custom-form forminator-custom-form-1365 forminator-design--flat  forminator_ajax\" data-forminator-render=\"0\" data-form=\"forminator-module-1365\" data-uid=\"69d43d8ccf8cb\"><br\/><\/div><form\n\t\t\t\tid=\"forminator-module-1365\"\n\t\t\t\tclass=\"forminator-ui forminator-custom-form forminator-custom-form-1365 forminator-design--flat  forminator_ajax\"\n\t\t\t\tmethod=\"post\"\n\t\t\t\tdata-forminator-render=\"0\"\n\t\t\t\tdata-form-id=\"1365\"\n\t\t\t\t data-color-option=\"default\" data-design=\"flat\" data-grid=\"open\" style=\"display: none;\"\n\t\t\t\tdata-uid=\"69d43d8ccf8cb\"\n\t\t\t><div role=\"alert\" aria-live=\"polite\" class=\"forminator-response-message forminator-error\" aria-hidden=\"true\"><\/div><div class=\"forminator-row\"><div id=\"name-1\" class=\"forminator-field-name forminator-col forminator-col-6 \"><div class=\"forminator-field\"><input type=\"text\" name=\"name-1\" value=\"\" placeholder=\"First Name\" id=\"forminator-field-name-1_69d43d8ccf8cb\" class=\"forminator-input forminator-name--field\" aria-required=\"true\" autocomplete=\"name\" \/><\/div><\/div><div id=\"name-2\" class=\"forminator-field-name forminator-col forminator-col-6 \"><div class=\"forminator-field\"><input type=\"text\" name=\"name-2\" value=\"\" placeholder=\"Last Name\" id=\"forminator-field-name-2_69d43d8ccf8cb\" class=\"forminator-input forminator-name--field\" aria-required=\"true\" autocomplete=\"name\" \/><\/div><\/div><\/div><div class=\"forminator-row\"><div id=\"email-1\" class=\"forminator-field-email forminator-col forminator-col-12 \"><div class=\"forminator-field\"><input type=\"email\" name=\"email-1\" value=\"\" placeholder=\"Email\" id=\"forminator-field-email-1_69d43d8ccf8cb\" class=\"forminator-input forminator-email--field\" data-required=\"true\" aria-required=\"true\" autocomplete=\"email\" \/><\/div><\/div><\/div><div class=\"forminator-row\"><div id=\"phone-1\" class=\"forminator-field-phone forminator-col forminator-col-12 \"><div class=\"forminator-field\"><input type=\"text\" name=\"phone-1\" value=\"\" placeholder=\"Phone\" id=\"forminator-field-phone-1_69d43d8ccf8cb\" class=\"forminator-input forminator-field--phone\" data-required=\"\" aria-required=\"false\" autocomplete=\"off\" \/><\/div><\/div><\/div><div class=\"forminator-row\"><div id=\"textarea-1\" class=\"forminator-field-textarea forminator-col forminator-col-12 \"><div class=\"forminator-field\"><textarea name=\"textarea-1\" placeholder=\"Message\" id=\"forminator-field-textarea-1_69d43d8ccf8cb\" class=\"forminator-textarea\" rows=\"6\" style=\"min-height:140px;\" ><\/textarea><span id=\"forminator-field-textarea-1_69d43d8ccf8cb-description\" class=\"forminator-description\"><span data-limit=\"300\" data-type=\"words\" data-editor=\"\">0 \/ 300<\/span><\/span><\/div><\/div><\/div><div class=\"forminator-row\"><\/div><input type=\"hidden\" name=\"referer_url\" value=\"\" \/><div class=\"forminator-row forminator-row-last\"><div class=\"forminator-col\"><div class=\"forminator-field\"><button class=\"forminator-button forminator-button-submit\">Send<\/button><\/div><\/div><\/div><input type=\"hidden\" id=\"forminator_nonce\" name=\"forminator_nonce\" value=\"8ad7e0b691\" \/><input type=\"hidden\" name=\"_wp_http_referer\" value=\"\/ro\/wp-json\/wp\/v2\/pages\/8357\" \/><input type=\"hidden\" name=\"form_id\" value=\"1365\"><input type=\"hidden\" name=\"page_id\" value=\"8357\"><input type=\"hidden\" name=\"form_type\" value=\"default\"><input type=\"hidden\" name=\"current_url\" value=\"https:\/\/hojichawholesale.eu\/ro\/de-ce-sa-vinzi-hojicha\/\"><input type=\"hidden\" name=\"render_id\" value=\"0\"><input type=\"hidden\" name=\"action\" value=\"forminator_submit_form_custom-forms\"><label for=\"input_6\" class=\"forminator-hidden\" aria-hidden=\"true\">Please do not fill in this field. <input id=\"input_6\" type=\"text\" name=\"input_6\" value=\"\" autocomplete=\"off\"><\/label><\/form>\n","protected":false},"excerpt":{"rendered":"<p>De ce s\u0103 vinzi Hojicha? Hojicha, un ceai verde pr\u0103jit japonez, a c\u00e2\u0219tigat rapid popularitate \u00een ultimii ani. Cu profilul s\u0103u de arom\u0103 distinctiv, atractivitatea cresc\u00e2nd\u0103 pentru s\u0103n\u0103tate \u0219i versatilitatea, este o propunere nou\u0103 \u0219i conving\u0103toare pentru clien\u021bii dvs. Iat\u0103 de ce ar trebui s\u0103 lua\u021bi \u00een considerare ad\u0103ugarea hojicha \u00een meniul dvs. 1. Profil [&hellip;]<\/p>\n","protected":false},"author":1,"featured_media":8374,"parent":0,"menu_order":0,"comment_status":"closed","ping_status":"closed","template":"","meta":{"_surecart_dashboard_logo_width":"180px","_surecart_dashboard_show_logo":true,"_surecart_dashboard_navigation_orders":true,"_surecart_dashboard_navigation_invoices":true,"_surecart_dashboard_navigation_subscriptions":true,"_surecart_dashboard_navigation_downloads":true,"_surecart_dashboard_navigation_billing":true,"_surecart_dashboard_navigation_account":true,"footnotes":""},"class_list":["post-8357","page","type-page","status-publish","has-post-thumbnail","hentry","entry","has-media"],"mb":[],"mfb_rest_fields":["title","gutenberg_elementor_mode"],"_links":{"self":[{"href":"https:\/\/hojichawholesale.eu\/ro\/wp-json\/wp\/v2\/pages\/8357","targetHints":{"allow":["GET"]}}],"collection":[{"href":"https:\/\/hojichawholesale.eu\/ro\/wp-json\/wp\/v2\/pages"}],"about":[{"href":"https:\/\/hojichawholesale.eu\/ro\/wp-json\/wp\/v2\/types\/page"}],"author":[{"embeddable":true,"href":"https:\/\/hojichawholesale.eu\/ro\/wp-json\/wp\/v2\/users\/1"}],"replies":[{"embeddable":true,"href":"https:\/\/hojichawholesale.eu\/ro\/wp-json\/wp\/v2\/comments?post=8357"}],"version-history":[{"count":0,"href":"https:\/\/hojichawholesale.eu\/ro\/wp-json\/wp\/v2\/pages\/8357\/revisions"}],"wp:featuredmedia":[{"embeddable":true,"href":"https:\/\/hojichawholesale.eu\/ro\/wp-json\/wp\/v2\/media\/8374"}],"wp:attachment":[{"href":"https:\/\/hojichawholesale.eu\/ro\/wp-json\/wp\/v2\/media?parent=8357"}],"curies":[{"name":"wp","href":"https:\/\/api.w.org\/{rel}","templated":true}]}}