{"id":8251,"date":"2024-10-12T09:58:42","date_gmt":"2024-10-12T09:58:42","guid":{"rendered":"https:\/\/hojichawholesale.eu\/hojicha-pentru-hoteluri-si-restaurante\/"},"modified":"2025-10-26T16:42:40","modified_gmt":"2025-10-26T16:42:40","slug":"hojicha-pentru-hoteluri-si-restaurante","status":"publish","type":"page","link":"https:\/\/hojichawholesale.eu\/ro\/hojicha-pentru-hoteluri-si-restaurante\/","title":{"rendered":"Hojicha pentru hoteluri \u0219i restaurante"},"content":{"rendered":"\n<h1 class=\"wp-block-heading\">Hojicha pentru hoteluri \u0219i restaurante<\/h1>\n\n<p>Hojicha este ceaiul japonez la mod\u0103. La fel ca matcha, este disponibil sub form\u0103 de pulbere, perfect pentru latte, deserturi \u0219i produse de patiserie. Dar, spre deosebire de matcha, este disponibil \u0219i \u00een frunze libere, permi\u021b\u00e2nd infuzarea u\u0219oar\u0103 \u00een ap\u0103 fierbinte.    <\/p>\n\n<p>Hojicha este puternic asociat cu s\u0103n\u0103tatea, rafinamentul \u0219i calitatea \u00eenalt\u0103, av\u00e2nd un impact pozitiv asupra brandingului \u0219i stilului t\u0103u \u0219i ajut\u00e2ndu-\u021bi clien\u021bii s\u0103 se simt\u0103 sofistica\u021bi.  <\/p>\n\n<p>\u00cen plus, ofer\u0103 marje de profit ridicate datorit\u0103 percep\u021biei sale premium \u0219i costurilor de produc\u021bie sc\u0103zute.<\/p>\n\n<p>Iat\u0103 de ce hojicha este completarea perfect\u0103 pentru selec\u021bia de b\u0103uturi a hotelului sau restaurantului dvs.<\/p>\n\n<h2 class=\"wp-block-heading\">1. Arom\u0103 unic\u0103, pr\u0103jit\u0103<\/h2>\n\n<p>Hojicha ofer\u0103 un gust profund, pr\u0103jit, cu note de caramel, nuci \u0219i un afumat u\u0219or. Aroma sa neted\u0103, dulce natural\u0103, atrage o gam\u0103 larg\u0103 de oameni, f\u0103c\u00e2ndu-l o op\u021biune mai universal accesibil\u0103 dec\u00e2t matcha. <\/p>\n\n<h2 class=\"wp-block-heading\">2. Cu con\u021binut sc\u0103zut de cofein\u0103 \u0219i relaxant<\/h2>\n\n<p>Pr\u0103jit la temperaturi ridicate, hojicha are un con\u021binut minim de cofein\u0103, ceea ce \u00eel face o op\u021biune ideal\u0103 pentru oaspe\u021bii care caut\u0103 relaxare \u00een orice moment al zilei. Acest profil cu con\u021binut sc\u0103zut de cofein\u0103 se adreseaz\u0103 celor care sunt sensibili la cofein\u0103, sporind atractivitatea meniului dvs. <\/p>\n<div class=\"wp-block-image\">\n<figure class=\"aligncenter size-large is-resized\"><img fetchpriority=\"high\" decoding=\"async\" width=\"1024\" height=\"684\" src=\"https:\/\/hojichawholesale.eu\/wp-content\/uploads\/2024\/10\/Depositphotos_500113964_L-1024x684.avif\" alt=\"\" class=\"wp-image-5326\" style=\"width:509px;height:auto\" srcset=\"https:\/\/hojichawholesale.eu\/wp-content\/uploads\/2024\/10\/Depositphotos_500113964_L-1024x684.avif 1024w, https:\/\/hojichawholesale.eu\/wp-content\/uploads\/2024\/10\/Depositphotos_500113964_L-300x200.avif 300w, https:\/\/hojichawholesale.eu\/wp-content\/uploads\/2024\/10\/Depositphotos_500113964_L-768x513.avif 768w, https:\/\/hojichawholesale.eu\/wp-content\/uploads\/2024\/10\/Depositphotos_500113964_L.avif 1200w\" sizes=\"(max-width: 1024px) 100vw, 1024px\" \/><\/figure>\n<\/div>\n<h2 class=\"wp-block-heading\">3. Alegere con\u0219tient\u0103 de s\u0103n\u0103tate<\/h2>\n\n<p>Pe m\u0103sur\u0103 ce mesenii acord\u0103 din ce \u00een ce mai mult prioritate s\u0103n\u0103t\u0103\u021bii, hojicha ofer\u0103 o mul\u021bime de beneficii. Este bogat \u00een antioxidan\u021bi, ajut\u0103 digestia, reduce stresul \u0219i promoveaz\u0103 relaxarea. Con\u021binutul s\u0103u sc\u0103zut de cofein\u0103 \u00eel face, de asemenea, potrivit pentru toate v\u00e2rstele, atr\u0103g\u00e2nd oaspe\u021bi con\u0219tien\u021bi de s\u0103n\u0103tate, familii \u0219i c\u0103l\u0103tori de afaceri.  <\/p>\n\n<h2 class=\"wp-block-heading\">4. Op\u021biuni versatile de servire<\/h2>\n\n<p>Hojicha este un ingredient flexibil, indiferent dac\u0103 este servit fierbinte sau \u00eenghe\u021bat sau \u00eencorporat \u00een latte, cocktailuri sau deserturi. Versatilitatea sa permite creativitate nesf\u00e2r\u0219it\u0103 \u00een meniurile de b\u0103uturi \u0219i deserturi, ad\u0103ug\u00e2nd o not\u0103 unic\u0103 ofertelor dvs. <\/p>\n<div class=\"wp-block-image\">\n<figure class=\"aligncenter size-large is-resized\"><img decoding=\"async\" width=\"1024\" height=\"683\" src=\"https:\/\/hojichawholesale.eu\/wp-content\/uploads\/2024\/10\/Depositphotos_507526862_L-1024x683.avif\" alt=\"\" class=\"wp-image-5332\" style=\"width:605px;height:auto\" srcset=\"https:\/\/hojichawholesale.eu\/wp-content\/uploads\/2024\/10\/Depositphotos_507526862_L-1024x683.avif 1024w, https:\/\/hojichawholesale.eu\/wp-content\/uploads\/2024\/10\/Depositphotos_507526862_L-300x200.avif 300w, https:\/\/hojichawholesale.eu\/wp-content\/uploads\/2024\/10\/Depositphotos_507526862_L-768x512.avif 768w, https:\/\/hojichawholesale.eu\/wp-content\/uploads\/2024\/10\/Depositphotos_507526862_L.avif 1200w\" sizes=\"(max-width: 1024px) 100vw, 1024px\" \/><figcaption class=\"wp-element-caption\">Plac\u0103 cu ceai verde hojicha uscat \u0219i cea\u0219c\u0103 de b\u0103utur\u0103 cald\u0103 pe fundal de culoare<\/figcaption><\/figure>\n<\/div>\n<h2 class=\"wp-block-heading\">5. O tendin\u021b\u0103 \u00een cre\u0219tere<\/h2>\n\n<p>Cu matcha acum mainstream, Hojicha este gata s\u0103 fie urm\u0103toarea mare tendin\u021b\u0103 \u00een ceaiurile japoneze, \u00een special \u00een Europa. Oferirea hojicha permite unit\u0103\u021bii dumneavoastr\u0103 s\u0103 ias\u0103 \u00een eviden\u021b\u0103 cu o op\u021biune premium, exclusiv\u0103, care va impresiona oaspe\u021bii \u0219i v\u0103 va \u00eembun\u0103t\u0103\u021bi pozi\u021bia.   <\/p>\n\n<figure class=\"wp-block-image size-large\"><img decoding=\"async\" width=\"1024\" height=\"544\" src=\"https:\/\/hojichawholesale.eu\/wp-content\/uploads\/2024\/10\/hojicha-trends-1-1024x544.avif\" alt=\"\" class=\"wp-image-5519\" srcset=\"https:\/\/hojichawholesale.eu\/wp-content\/uploads\/2024\/10\/hojicha-trends-1-1024x544.avif 1024w, https:\/\/hojichawholesale.eu\/wp-content\/uploads\/2024\/10\/hojicha-trends-1-300x159.avif 300w, https:\/\/hojichawholesale.eu\/wp-content\/uploads\/2024\/10\/hojicha-trends-1-768x408.avif 768w, https:\/\/hojichawholesale.eu\/wp-content\/uploads\/2024\/10\/hojicha-trends-1-1536x816.avif 1536w, https:\/\/hojichawholesale.eu\/wp-content\/uploads\/2024\/10\/hojicha-trends-1.avif 1892w\" sizes=\"(max-width: 1024px) 100vw, 1024px\" \/><\/figure>\n\n<figure class=\"wp-block-image size-large\"><img loading=\"lazy\" decoding=\"async\" width=\"1024\" height=\"412\" src=\"https:\/\/hojichawholesale.eu\/wp-content\/uploads\/2024\/10\/hojicha-trends-countries-1024x412.avif\" alt=\"\" class=\"wp-image-5459\" srcset=\"https:\/\/hojichawholesale.eu\/wp-content\/uploads\/2024\/10\/hojicha-trends-countries-1024x412.avif 1024w, https:\/\/hojichawholesale.eu\/wp-content\/uploads\/2024\/10\/hojicha-trends-countries-300x121.avif 300w, https:\/\/hojichawholesale.eu\/wp-content\/uploads\/2024\/10\/hojicha-trends-countries-768x309.avif 768w, https:\/\/hojichawholesale.eu\/wp-content\/uploads\/2024\/10\/hojicha-trends-countries-1536x618.avif 1536w, https:\/\/hojichawholesale.eu\/wp-content\/uploads\/2024\/10\/hojicha-trends-countries.avif 1873w\" sizes=\"(max-width: 1024px) 100vw, 1024px\" \/><\/figure>\n\n<h2 class=\"wp-block-heading\">6. U\u0219or de comercializat<\/h2>\n\n<p>Natura produsului v\u0103 ofer\u0103 o gam\u0103 larg\u0103 de unghiuri de utilizat \u00een marketing, de la o b\u0103utur\u0103 japonez\u0103 elegant\u0103 la o b\u0103utur\u0103 care stimuleaz\u0103 s\u0103n\u0103tatea.<\/p>\n\n<p>Costul s\u0103u redus de produc\u021bie v\u0103 ofer\u0103 control deplin asupra marjelor de profit.<\/p>\n\n<h2 class=\"wp-block-heading\">Solicita\u021bi o mostr\u0103<\/h2>\n\n<p>Sunte\u021bi curios despre aromele bogate \u0219i pr\u0103jite ale hojicha noastr\u0103 premium?  <\/p>\n\n<p>Trebuie doar s\u0103 completa\u021bi detaliile de mai jos \u0219i v\u0103 vom trimite o mostr\u0103. Spune\u021bi-ne dac\u0103 ave\u021bi cereri specifice \u0219i vom fi bucuro\u0219i s\u0103 personaliz\u0103m oferta noastr\u0103 pentru a se potrivi nevoilor afacerii dumneavoastr\u0103. <\/p>\n<div class=\"forminator-ui forminator-custom-form forminator-custom-form-1365 forminator-design--flat  forminator_ajax\" data-forminator-render=\"0\" data-form=\"forminator-module-1365\" data-uid=\"69d43d6e320c5\"><br\/><\/div><form\n\t\t\t\tid=\"forminator-module-1365\"\n\t\t\t\tclass=\"forminator-ui forminator-custom-form forminator-custom-form-1365 forminator-design--flat  forminator_ajax\"\n\t\t\t\tmethod=\"post\"\n\t\t\t\tdata-forminator-render=\"0\"\n\t\t\t\tdata-form-id=\"1365\"\n\t\t\t\t data-color-option=\"default\" data-design=\"flat\" data-grid=\"open\" style=\"display: none;\"\n\t\t\t\tdata-uid=\"69d43d6e320c5\"\n\t\t\t><div role=\"alert\" aria-live=\"polite\" class=\"forminator-response-message forminator-error\" aria-hidden=\"true\"><\/div><div class=\"forminator-row\"><div id=\"name-1\" class=\"forminator-field-name forminator-col forminator-col-6 \"><div class=\"forminator-field\"><input type=\"text\" name=\"name-1\" value=\"\" placeholder=\"First Name\" id=\"forminator-field-name-1_69d43d6e320c5\" class=\"forminator-input forminator-name--field\" aria-required=\"true\" autocomplete=\"name\" \/><\/div><\/div><div id=\"name-2\" class=\"forminator-field-name forminator-col forminator-col-6 \"><div class=\"forminator-field\"><input type=\"text\" name=\"name-2\" value=\"\" placeholder=\"Last Name\" id=\"forminator-field-name-2_69d43d6e320c5\" class=\"forminator-input forminator-name--field\" aria-required=\"true\" autocomplete=\"name\" \/><\/div><\/div><\/div><div class=\"forminator-row\"><div id=\"email-1\" class=\"forminator-field-email forminator-col forminator-col-12 \"><div class=\"forminator-field\"><input type=\"email\" name=\"email-1\" value=\"\" placeholder=\"Email\" id=\"forminator-field-email-1_69d43d6e320c5\" class=\"forminator-input forminator-email--field\" data-required=\"true\" aria-required=\"true\" autocomplete=\"email\" \/><\/div><\/div><\/div><div class=\"forminator-row\"><div id=\"phone-1\" class=\"forminator-field-phone forminator-col forminator-col-12 \"><div class=\"forminator-field\"><input type=\"text\" name=\"phone-1\" value=\"\" placeholder=\"Phone\" id=\"forminator-field-phone-1_69d43d6e320c5\" class=\"forminator-input forminator-field--phone\" data-required=\"\" aria-required=\"false\" autocomplete=\"off\" \/><\/div><\/div><\/div><div class=\"forminator-row\"><div id=\"textarea-1\" class=\"forminator-field-textarea forminator-col forminator-col-12 \"><div class=\"forminator-field\"><textarea name=\"textarea-1\" placeholder=\"Message\" id=\"forminator-field-textarea-1_69d43d6e320c5\" class=\"forminator-textarea\" rows=\"6\" style=\"min-height:140px;\" ><\/textarea><span id=\"forminator-field-textarea-1_69d43d6e320c5-description\" class=\"forminator-description\"><span data-limit=\"300\" data-type=\"words\" data-editor=\"\">0 \/ 300<\/span><\/span><\/div><\/div><\/div><div class=\"forminator-row\"><\/div><input type=\"hidden\" name=\"referer_url\" value=\"\" \/><div class=\"forminator-row forminator-row-last\"><div class=\"forminator-col\"><div class=\"forminator-field\"><button class=\"forminator-button forminator-button-submit\">Send<\/button><\/div><\/div><\/div><input type=\"hidden\" id=\"forminator_nonce\" name=\"forminator_nonce\" value=\"8ad7e0b691\" \/><input type=\"hidden\" name=\"_wp_http_referer\" value=\"\/ro\/wp-json\/wp\/v2\/pages\/8251\" \/><input type=\"hidden\" name=\"form_id\" value=\"1365\"><input type=\"hidden\" name=\"page_id\" value=\"8251\"><input type=\"hidden\" name=\"form_type\" value=\"default\"><input type=\"hidden\" name=\"current_url\" value=\"https:\/\/hojichawholesale.eu\/ro\/hojicha-pentru-hoteluri-si-restaurante\/\"><input type=\"hidden\" name=\"render_id\" value=\"0\"><input type=\"hidden\" name=\"action\" value=\"forminator_submit_form_custom-forms\"><label for=\"input_6\" class=\"forminator-hidden\" aria-hidden=\"true\">Please do not fill in this field. <input id=\"input_6\" type=\"text\" name=\"input_6\" value=\"\" autocomplete=\"off\"><\/label><\/form>\n\n<p><\/p>\n","protected":false},"excerpt":{"rendered":"<p>Hojicha pentru hoteluri \u0219i restaurante Hojicha este ceaiul japonez la mod\u0103. La fel ca matcha, este disponibil sub form\u0103 de pulbere, perfect pentru latte, deserturi \u0219i produse de patiserie. Dar, spre deosebire de matcha, este disponibil \u0219i \u00een frunze libere, permi\u021b\u00e2nd infuzarea u\u0219oar\u0103 \u00een ap\u0103 fierbinte. Hojicha este puternic asociat cu s\u0103n\u0103tatea, rafinamentul \u0219i calitatea [&hellip;]<\/p>\n","protected":false},"author":1,"featured_media":8253,"parent":0,"menu_order":0,"comment_status":"closed","ping_status":"closed","template":"","meta":{"_surecart_dashboard_logo_width":"180px","_surecart_dashboard_show_logo":true,"_surecart_dashboard_navigation_orders":true,"_surecart_dashboard_navigation_invoices":true,"_surecart_dashboard_navigation_subscriptions":true,"_surecart_dashboard_navigation_downloads":true,"_surecart_dashboard_navigation_billing":true,"_surecart_dashboard_navigation_account":true,"footnotes":""},"class_list":["post-8251","page","type-page","status-publish","has-post-thumbnail","hentry","entry","has-media"],"mb":[],"mfb_rest_fields":["title","gutenberg_elementor_mode"],"_links":{"self":[{"href":"https:\/\/hojichawholesale.eu\/ro\/wp-json\/wp\/v2\/pages\/8251","targetHints":{"allow":["GET"]}}],"collection":[{"href":"https:\/\/hojichawholesale.eu\/ro\/wp-json\/wp\/v2\/pages"}],"about":[{"href":"https:\/\/hojichawholesale.eu\/ro\/wp-json\/wp\/v2\/types\/page"}],"author":[{"embeddable":true,"href":"https:\/\/hojichawholesale.eu\/ro\/wp-json\/wp\/v2\/users\/1"}],"replies":[{"embeddable":true,"href":"https:\/\/hojichawholesale.eu\/ro\/wp-json\/wp\/v2\/comments?post=8251"}],"version-history":[{"count":0,"href":"https:\/\/hojichawholesale.eu\/ro\/wp-json\/wp\/v2\/pages\/8251\/revisions"}],"wp:featuredmedia":[{"embeddable":true,"href":"https:\/\/hojichawholesale.eu\/ro\/wp-json\/wp\/v2\/media\/8253"}],"wp:attachment":[{"href":"https:\/\/hojichawholesale.eu\/ro\/wp-json\/wp\/v2\/media?parent=8251"}],"curies":[{"name":"wp","href":"https:\/\/api.w.org\/{rel}","templated":true}]}}