{"id":8037,"date":"2024-08-24T19:47:32","date_gmt":"2024-08-24T19:47:32","guid":{"rendered":"https:\/\/hojichawholesale.eu\/despre-hojicha-wholesale\/"},"modified":"2026-03-06T16:47:19","modified_gmt":"2026-03-06T16:47:19","slug":"despre-hojicha-wholesale","status":"publish","type":"page","link":"https:\/\/hojichawholesale.eu\/ro\/despre-hojicha-wholesale\/","title":{"rendered":"Despre Hojicha Wholesale"},"content":{"rendered":"\n<h1 class=\"wp-block-heading\">Despre Hojicha Wholesale<\/h1>\n\n<p>Hojicha Wholesale este un angrosist european dedicat hojicha-ului japonez.<\/p>\n\n<p>Misiunea noastr\u0103 este s\u0103 oferim ceai hojicha premium brandurilor \u0219i afacerilor din industria HORECA. Import\u0103m volume en-gros de hojicha premium de la furnizorii no\u0219tri de \u00eencredere din Japonia \u0219i \u00eel redistribuim pe tot continentul european c\u0103tre restaurante, hoteluri, cafenele \u0219i ceain\u0103rii independente. <\/p>\n\n<p>V\u0103 oferim trei garan\u021bii:<\/p>\n\n<ol class=\"wp-block-list\">\n<li><strong>MOQ sc\u0103zut:<\/strong> indiferent dac\u0103 sunte\u021bi o afacere consacrat\u0103 cu nevoie de sute de pungi sau o mic\u0103 cafenea independent\u0103 care abia \u00eencepe, Hojicha Wholesale se adapteaz\u0103 nevoilor dumneavoastr\u0103 cu aceea\u0219i calitate a serviciilor de nivel enterprise.  <\/li>\n\n\n\n<li><strong>Capacitate de reac\u021bie \u0219i servicii<\/strong>: livr\u0103m rapid \u0219i oferim o gam\u0103 larg\u0103 de metode de expediere.  <\/li>\n\n\n\n<li><strong>Asisten\u021b\u0103 prietenoas\u0103 pentru clien\u021bi: <\/strong>suntem disponibili 365 de zile pe an.  <\/li>\n<\/ol>\n\n<h2 class=\"wp-block-heading\"><strong>Produsele noastre<\/strong><\/h2>\n\n<p>Oferim o selec\u021bie atent selectat\u0103 de soiuri de hojicha, fiecare provenit\u0103 direct de la cei mai buni cultivatori de ceai.  <\/p>\n\n<p>G\u0103si\u021bi produsele noastre direct \u00een <a href=\"https:\/\/hojichawholesale.eu\/ro\/cumpara-surecart\/\" data-type=\"link\" data-id=\"https:\/\/hojichawholesale.eu\/shop\/\">catalogul<\/a> nostru.<\/p>\n\n<h2 class=\"wp-block-heading\"><strong>De ce s\u0103 ne alege\u021bi?<\/strong><\/h2>\n\n<ul class=\"wp-block-list\">\n<li><strong>Calitatea pe primul loc:<\/strong> Livr\u0103m hojicha de cea mai \u00eenalt\u0103 calitate. Fiecare lot este testat riguros pentru a asigura consisten\u021ba \u0219i aroma. <\/li>\n\n\n\n<li><strong>Aprovizionare direct\u0103:<\/strong> Lucr\u0103m \u00eendeaproape cu furnizorii no\u0219tri pentru a v\u0103 oferi hojicha care reflect\u0103 gustul autentic al Japoniei.<\/li>\n\n\n\n<li><strong>Solu\u021bii personalizate:<\/strong> Indiferent dac\u0103 conduce\u021bi o cafenea mic\u0103 sau un lan\u021b hotelier mare, oferim solu\u021bii personalizate pentru a v\u0103 satisface nevoile specifice.  <\/li>\n\n\n\n<li><strong>Distribu\u021bie fiabil\u0103:<\/strong> Suntem pozi\u021biona\u021bi ideal pentru a servi clien\u021bi de pe \u00eentregul continent european. Logistica noastr\u0103 asigur\u0103 livr\u0103ri la timp, astfel \u00eenc\u00e2t s\u0103 nu r\u0103m\u00e2ne\u021bi niciodat\u0103 f\u0103r\u0103 stoc. <\/li>\n<\/ul>\n\n<h2 class=\"wp-block-heading\">Unde ne afl\u0103m?<\/h2>\n\n<p>Suntem cu sediul \u00een Belgia.<\/p>\n\n<h2 class=\"wp-block-heading\">Care este istoria ta?<\/h2>\n\n<p>Hojicha Wholesale a \u00eenceput c\u00e2nd Aure, fondatorul, s-a str\u0103duit s\u0103 g\u0103seasc\u0103 un furnizor de \u00eencredere de hojicha pentru <a href=\"https:\/\/senchatea.be\/\" target=\"_blank\" rel=\"noopener\">magazinul<\/a> s\u0103u de ceai senchatea.be.<\/p>\n\n<p>Hojicha este una dintre cele mai importante tendin\u021be din industria japonez\u0103 a ceaiului. Vrem s\u0103 facem acest ceai fantastic \u0219i versatil rapid accesibil cafenelelor, hotelurilor, restaurantelor \u0219i ceain\u0103riilor din \u00eentreaga Europ\u0103, f\u0103r\u0103 a fi nevoi\u021bi s\u0103 comande cantit\u0103\u021bi uria\u0219e.   <\/p>\n\n<h2 class=\"wp-block-heading\">Solicita\u021bi o mostr\u0103<\/h2>\n\n<p>Sunte\u021bi curios despre aromele bogate \u0219i pr\u0103jite ale hojicha noastr\u0103 premium?  <\/p>\n\n<p>Trebuie doar s\u0103 completa\u021bi detaliile de mai jos \u0219i v\u0103 vom trimite o mostr\u0103. Spune\u021bi-ne dac\u0103 ave\u021bi cereri specifice \u0219i vom fi bucuro\u0219i s\u0103 personaliz\u0103m oferta noastr\u0103 pentru a se potrivi nevoilor afacerii dumneavoastr\u0103. <\/p>\n<div class=\"forminator-ui forminator-custom-form forminator-custom-form-1365 forminator-design--flat  forminator_ajax\" data-forminator-render=\"0\" data-form=\"forminator-module-1365\" data-uid=\"69d43d58210c9\"><br\/><\/div><form\n\t\t\t\tid=\"forminator-module-1365\"\n\t\t\t\tclass=\"forminator-ui forminator-custom-form forminator-custom-form-1365 forminator-design--flat  forminator_ajax\"\n\t\t\t\tmethod=\"post\"\n\t\t\t\tdata-forminator-render=\"0\"\n\t\t\t\tdata-form-id=\"1365\"\n\t\t\t\t data-color-option=\"default\" data-design=\"flat\" data-grid=\"open\" style=\"display: none;\"\n\t\t\t\tdata-uid=\"69d43d58210c9\"\n\t\t\t><div role=\"alert\" aria-live=\"polite\" class=\"forminator-response-message forminator-error\" aria-hidden=\"true\"><\/div><div class=\"forminator-row\"><div id=\"name-1\" class=\"forminator-field-name forminator-col forminator-col-6 \"><div class=\"forminator-field\"><input type=\"text\" name=\"name-1\" value=\"\" placeholder=\"First Name\" id=\"forminator-field-name-1_69d43d58210c9\" class=\"forminator-input forminator-name--field\" aria-required=\"true\" autocomplete=\"name\" \/><\/div><\/div><div id=\"name-2\" class=\"forminator-field-name forminator-col forminator-col-6 \"><div class=\"forminator-field\"><input type=\"text\" name=\"name-2\" value=\"\" placeholder=\"Last Name\" id=\"forminator-field-name-2_69d43d58210c9\" class=\"forminator-input forminator-name--field\" aria-required=\"true\" autocomplete=\"name\" \/><\/div><\/div><\/div><div class=\"forminator-row\"><div id=\"email-1\" class=\"forminator-field-email forminator-col forminator-col-12 \"><div class=\"forminator-field\"><input type=\"email\" name=\"email-1\" value=\"\" placeholder=\"Email\" id=\"forminator-field-email-1_69d43d58210c9\" class=\"forminator-input forminator-email--field\" data-required=\"true\" aria-required=\"true\" autocomplete=\"email\" \/><\/div><\/div><\/div><div class=\"forminator-row\"><div id=\"phone-1\" class=\"forminator-field-phone forminator-col forminator-col-12 \"><div class=\"forminator-field\"><input type=\"text\" name=\"phone-1\" value=\"\" placeholder=\"Phone\" id=\"forminator-field-phone-1_69d43d58210c9\" class=\"forminator-input forminator-field--phone\" data-required=\"\" aria-required=\"false\" autocomplete=\"off\" \/><\/div><\/div><\/div><div class=\"forminator-row\"><div id=\"textarea-1\" class=\"forminator-field-textarea forminator-col forminator-col-12 \"><div class=\"forminator-field\"><textarea name=\"textarea-1\" placeholder=\"Message\" id=\"forminator-field-textarea-1_69d43d58210c9\" class=\"forminator-textarea\" rows=\"6\" style=\"min-height:140px;\" ><\/textarea><span id=\"forminator-field-textarea-1_69d43d58210c9-description\" class=\"forminator-description\"><span data-limit=\"300\" data-type=\"words\" data-editor=\"\">0 \/ 300<\/span><\/span><\/div><\/div><\/div><div class=\"forminator-row\"><\/div><input type=\"hidden\" name=\"referer_url\" value=\"\" \/><div class=\"forminator-row forminator-row-last\"><div class=\"forminator-col\"><div class=\"forminator-field\"><button class=\"forminator-button forminator-button-submit\">Send<\/button><\/div><\/div><\/div><input type=\"hidden\" id=\"forminator_nonce\" name=\"forminator_nonce\" value=\"8ad7e0b691\" \/><input type=\"hidden\" name=\"_wp_http_referer\" value=\"\/ro\/wp-json\/wp\/v2\/pages\/8037\" \/><input type=\"hidden\" name=\"form_id\" value=\"1365\"><input type=\"hidden\" name=\"page_id\" value=\"8037\"><input type=\"hidden\" name=\"form_type\" value=\"default\"><input type=\"hidden\" name=\"current_url\" value=\"https:\/\/hojichawholesale.eu\/ro\/despre-hojicha-wholesale\/\"><input type=\"hidden\" name=\"render_id\" value=\"0\"><input type=\"hidden\" name=\"action\" value=\"forminator_submit_form_custom-forms\"><label for=\"input_6\" class=\"forminator-hidden\" aria-hidden=\"true\">Please do not fill in this field. <input id=\"input_6\" type=\"text\" name=\"input_6\" value=\"\" autocomplete=\"off\"><\/label><\/form>\n\n<p><\/p>\n","protected":false},"excerpt":{"rendered":"<p>Despre Hojicha Wholesale Hojicha Wholesale este un angrosist european dedicat hojicha-ului japonez. Misiunea noastr\u0103 este s\u0103 oferim ceai hojicha premium brandurilor \u0219i afacerilor din industria HORECA. Import\u0103m volume en-gros de hojicha premium de la furnizorii no\u0219tri de \u00eencredere din Japonia \u0219i \u00eel redistribuim pe tot continentul european c\u0103tre restaurante, hoteluri, cafenele \u0219i ceain\u0103rii independente. V\u0103 [&hellip;]<\/p>\n","protected":false},"author":1,"featured_media":0,"parent":0,"menu_order":0,"comment_status":"closed","ping_status":"closed","template":"","meta":{"_surecart_dashboard_logo_width":"180px","_surecart_dashboard_show_logo":true,"_surecart_dashboard_navigation_orders":true,"_surecart_dashboard_navigation_invoices":true,"_surecart_dashboard_navigation_subscriptions":true,"_surecart_dashboard_navigation_downloads":true,"_surecart_dashboard_navigation_billing":true,"_surecart_dashboard_navigation_account":true,"footnotes":""},"class_list":["post-8037","page","type-page","status-publish","hentry","entry"],"mb":[],"mfb_rest_fields":["title","gutenberg_elementor_mode"],"_links":{"self":[{"href":"https:\/\/hojichawholesale.eu\/ro\/wp-json\/wp\/v2\/pages\/8037","targetHints":{"allow":["GET"]}}],"collection":[{"href":"https:\/\/hojichawholesale.eu\/ro\/wp-json\/wp\/v2\/pages"}],"about":[{"href":"https:\/\/hojichawholesale.eu\/ro\/wp-json\/wp\/v2\/types\/page"}],"author":[{"embeddable":true,"href":"https:\/\/hojichawholesale.eu\/ro\/wp-json\/wp\/v2\/users\/1"}],"replies":[{"embeddable":true,"href":"https:\/\/hojichawholesale.eu\/ro\/wp-json\/wp\/v2\/comments?post=8037"}],"version-history":[{"count":0,"href":"https:\/\/hojichawholesale.eu\/ro\/wp-json\/wp\/v2\/pages\/8037\/revisions"}],"wp:attachment":[{"href":"https:\/\/hojichawholesale.eu\/ro\/wp-json\/wp\/v2\/media?parent=8037"}],"curies":[{"name":"wp","href":"https:\/\/api.w.org\/{rel}","templated":true}]}}