{"id":7731,"date":"2025-10-25T14:36:25","date_gmt":"2025-10-25T14:36:25","guid":{"rendered":"https:\/\/hojichawholesale.eu\/produtos\/"},"modified":"2025-10-29T08:35:34","modified_gmt":"2025-10-29T08:35:34","slug":"produtos","status":"publish","type":"page","link":"https:\/\/hojichawholesale.eu\/pt-pt\/produtos\/","title":{"rendered":"Produtos"},"content":{"rendered":"\n<h1 class=\"wp-block-heading\">Produtos<\/h1>\n\n<p>Oferecemos uma gama de produtos, incluindo:<\/p>\n\n<ul class=\"wp-block-list\">\n<li><a href=\"https:\/\/hojichawholesale.eu\/pt-pt\/hojicha-medium-roast-atacado\/\" data-type=\"link\" data-id=\"https:\/\/hojichawholesale.eu\/hojicha-medium-roast-wholesale\/\">Hojicha assado m\u00e9dio<\/a><\/li>\n\n\n\n<li><a href=\"https:\/\/hojichawholesale.eu\/pt-pt\/hojicha-dark-roast-atacado\/\" data-type=\"link\" data-id=\"https:\/\/hojichawholesale.eu\/hojicha-dark-roast-wholesale\/\">Hojicha assado escuro<\/a><\/li>\n\n\n\n<li><a href=\"https:\/\/hojichawholesale.eu\/pt-pt\/hojicha-latte-em-po-atacado\/\" data-type=\"link\" data-id=\"https:\/\/hojichawholesale.eu\/hojicha-powder-latte-wholesale\/\">Hojicha latte<\/a> (hojicha m\u00e9dio assado misturado com a\u00e7\u00facar para ser infundido com leite)<\/li>\n\n\n\n<li><a href=\"https:\/\/hojichawholesale.eu\/pt-pt\/hojicha-po-atacado\/\" data-type=\"link\" data-id=\"https:\/\/hojichawholesale.eu\/hojicha-leaves-wholesale\/\">Hojicha em folhas<\/a><\/li>\n\n\n\n<li>Hojicha chin\u00eas para aplica\u00e7\u00f5es industriais<\/li>\n<\/ul>\n\n<p>N\u00f3s vendemos esses p\u00f3s a granel ou em pequenos doypacks (50 g e 100 g). H\u00e1 tamb\u00e9m a possibilidade de receb\u00ea-los em latas, semelhante ao matcha.   <\/p>\n\n<p>O MOQ para cada um desses ch\u00e1s \u00e9 de 1 kg. O volume m\u00e1ximo que podemos fornecer de uma s\u00f3 vez \u00e9 de 500 kg.   <\/p>\n\n<p>Entre em contato para obter amostras e mais informa\u00e7\u00f5es.  <\/p>\n<div class=\"forminator-ui forminator-custom-form forminator-custom-form-1365 forminator-design--flat  forminator_ajax\" data-forminator-render=\"0\" data-form=\"forminator-module-1365\" data-uid=\"69df2789e42ae\"><br\/><\/div><form\n\t\t\t\tid=\"forminator-module-1365\"\n\t\t\t\tclass=\"forminator-ui forminator-custom-form forminator-custom-form-1365 forminator-design--flat  forminator_ajax\"\n\t\t\t\tmethod=\"post\"\n\t\t\t\tdata-forminator-render=\"0\"\n\t\t\t\tdata-form-id=\"1365\"\n\t\t\t\t data-color-option=\"default\" data-design=\"flat\" data-grid=\"open\" style=\"display: none;\"\n\t\t\t\tdata-uid=\"69df2789e42ae\"\n\t\t\t><div role=\"alert\" aria-live=\"polite\" class=\"forminator-response-message forminator-error\" aria-hidden=\"true\"><\/div><div class=\"forminator-row\"><div id=\"name-1\" class=\"forminator-field-name forminator-col forminator-col-6 \"><div class=\"forminator-field\"><input type=\"text\" name=\"name-1\" value=\"\" placeholder=\"First Name\" id=\"forminator-field-name-1_69df2789e42ae\" class=\"forminator-input forminator-name--field\" aria-required=\"true\" autocomplete=\"name\" \/><\/div><\/div><div id=\"name-2\" class=\"forminator-field-name forminator-col forminator-col-6 \"><div class=\"forminator-field\"><input type=\"text\" name=\"name-2\" value=\"\" placeholder=\"Last Name\" id=\"forminator-field-name-2_69df2789e42ae\" class=\"forminator-input forminator-name--field\" aria-required=\"true\" autocomplete=\"name\" \/><\/div><\/div><\/div><div class=\"forminator-row\"><div id=\"email-1\" class=\"forminator-field-email forminator-col forminator-col-12 \"><div class=\"forminator-field\"><input type=\"email\" name=\"email-1\" value=\"\" placeholder=\"Email\" id=\"forminator-field-email-1_69df2789e42ae\" class=\"forminator-input forminator-email--field\" data-required=\"true\" aria-required=\"true\" autocomplete=\"email\" \/><\/div><\/div><\/div><div class=\"forminator-row\"><div id=\"phone-1\" class=\"forminator-field-phone forminator-col forminator-col-12 \"><div class=\"forminator-field\"><input type=\"text\" name=\"phone-1\" value=\"\" placeholder=\"Phone\" id=\"forminator-field-phone-1_69df2789e42ae\" class=\"forminator-input forminator-field--phone\" data-required=\"\" aria-required=\"false\" autocomplete=\"off\" \/><\/div><\/div><\/div><div class=\"forminator-row\"><div id=\"textarea-1\" class=\"forminator-field-textarea forminator-col forminator-col-12 \"><div class=\"forminator-field\"><textarea name=\"textarea-1\" placeholder=\"Message\" id=\"forminator-field-textarea-1_69df2789e42ae\" class=\"forminator-textarea\" rows=\"6\" style=\"min-height:140px;\" ><\/textarea><span id=\"forminator-field-textarea-1_69df2789e42ae-description\" class=\"forminator-description\"><span data-limit=\"300\" data-type=\"words\" data-editor=\"\">0 \/ 300<\/span><\/span><\/div><\/div><\/div><div class=\"forminator-row\"><\/div><input type=\"hidden\" name=\"referer_url\" value=\"\" \/><div class=\"forminator-row forminator-row-last\"><div class=\"forminator-col\"><div class=\"forminator-field\"><button class=\"forminator-button forminator-button-submit\">Send<\/button><\/div><\/div><\/div><input type=\"hidden\" id=\"forminator_nonce\" name=\"forminator_nonce\" value=\"b293d4058b\" \/><input type=\"hidden\" name=\"_wp_http_referer\" value=\"\/pt-pt\/wp-json\/wp\/v2\/pages\/7731\" \/><input type=\"hidden\" name=\"form_id\" value=\"1365\"><input type=\"hidden\" name=\"page_id\" value=\"7731\"><input type=\"hidden\" name=\"form_type\" value=\"default\"><input type=\"hidden\" name=\"current_url\" value=\"https:\/\/hojichawholesale.eu\/pt-pt\/produtos\/\"><input type=\"hidden\" name=\"render_id\" value=\"0\"><input type=\"hidden\" name=\"action\" value=\"forminator_submit_form_custom-forms\"><label for=\"input_6\" class=\"forminator-hidden\" aria-hidden=\"true\">Please do not fill in this field. <input id=\"input_6\" type=\"text\" name=\"input_6\" value=\"\" autocomplete=\"off\"><\/label><\/form>\n","protected":false},"excerpt":{"rendered":"<p>Produtos Oferecemos uma gama de produtos, incluindo: N\u00f3s vendemos esses p\u00f3s a granel ou em pequenos doypacks (50 g e 100 g). H\u00e1 tamb\u00e9m a possibilidade de receb\u00ea-los em latas, semelhante ao matcha. O MOQ para cada um desses ch\u00e1s \u00e9 de 1 kg. O volume m\u00e1ximo que podemos fornecer de uma s\u00f3 vez \u00e9 [&hellip;]<\/p>\n","protected":false},"author":1,"featured_media":0,"parent":0,"menu_order":0,"comment_status":"closed","ping_status":"closed","template":"","meta":{"_surecart_dashboard_logo_width":"180px","_surecart_dashboard_show_logo":true,"_surecart_dashboard_navigation_orders":true,"_surecart_dashboard_navigation_invoices":true,"_surecart_dashboard_navigation_subscriptions":true,"_surecart_dashboard_navigation_downloads":true,"_surecart_dashboard_navigation_billing":true,"_surecart_dashboard_navigation_account":true,"footnotes":""},"class_list":["post-7731","page","type-page","status-publish","hentry","entry"],"mb":[],"mfb_rest_fields":["title","gutenberg_elementor_mode"],"_links":{"self":[{"href":"https:\/\/hojichawholesale.eu\/pt-pt\/wp-json\/wp\/v2\/pages\/7731","targetHints":{"allow":["GET"]}}],"collection":[{"href":"https:\/\/hojichawholesale.eu\/pt-pt\/wp-json\/wp\/v2\/pages"}],"about":[{"href":"https:\/\/hojichawholesale.eu\/pt-pt\/wp-json\/wp\/v2\/types\/page"}],"author":[{"embeddable":true,"href":"https:\/\/hojichawholesale.eu\/pt-pt\/wp-json\/wp\/v2\/users\/1"}],"replies":[{"embeddable":true,"href":"https:\/\/hojichawholesale.eu\/pt-pt\/wp-json\/wp\/v2\/comments?post=7731"}],"version-history":[{"count":0,"href":"https:\/\/hojichawholesale.eu\/pt-pt\/wp-json\/wp\/v2\/pages\/7731\/revisions"}],"wp:attachment":[{"href":"https:\/\/hojichawholesale.eu\/pt-pt\/wp-json\/wp\/v2\/media?parent=7731"}],"curies":[{"name":"wp","href":"https:\/\/api.w.org\/{rel}","templated":true}]}}