{"id":7376,"date":"2024-12-11T21:40:39","date_gmt":"2024-12-11T21:40:39","guid":{"rendered":"https:\/\/hojichawholesale.eu\/hojicha-marca-branca\/"},"modified":"2026-04-13T14:40:01","modified_gmt":"2026-04-13T14:40:01","slug":"hojicha-marca-branca","status":"publish","type":"page","link":"https:\/\/hojichawholesale.eu\/pt-pt\/hojicha-marca-branca\/","title":{"rendered":"Hojicha Marca Branca"},"content":{"rendered":"\n<h1 class=\"wp-block-heading\">Hojicha Marca Branca<\/h1>\n\n<p>Pronto para lan\u00e7ar a sua pr\u00f3pria marca de ch\u00e1 ou expandir a sua linha de produtos? Oferecemos uma <a href=\"https:\/\/doypacked.eu\/\" target=\"_blank\" rel=\"noopener\">su\u00edte de produ\u00e7\u00e3o completa<\/a> para levar o seu produto de mat\u00e9ria-prima a obra-prima pronta para ser lan\u00e7ada, equipada para acompanhar cada etapa da jornada da sua marca: <\/p>\n\n<h3 class=\"wp-block-heading\">1. Obten\u00e7\u00e3o de Especialistas<\/h3>\n\n<p>Fazemos a ponte entre as planta\u00e7\u00f5es de ch\u00e1 japonesas e o seu neg\u00f3cio. Obtemos folhas e p\u00f3s Hojicha aut\u00eanticos e de alta qualidade diretamente do Jap\u00e3o, garantindo sabor consistente e qualidade premium para os seus clientes. <\/p>\n\n<h3 class=\"wp-block-heading\">2. Receita Personalizada e Mistura em P\u00f3<\/h3>\n\n<p>Tem uma vis\u00e3o \u00fanica? Podemos criar misturas personalizadas adaptadas \u00e0 sua marca. Quer queira misturar Hojicha com ingredientes funcionais, sabores ou ado\u00e7antes, podemos misturar com precis\u00e3o qualquer receita que necessite.  <\/p>\n\n<h3 class=\"wp-block-heading\">3. Embalagem e Rotulagem Profissional<\/h3>\n\n<p>Oferecemos op\u00e7\u00f5es de embalagem flex\u00edvel para se adequar \u00e0 est\u00e9tica da sua marca:<\/p>\n\n<ul class=\"wp-block-list\">\n<li><strong>Doypacks:<\/strong> Bolsas modernas e de p\u00e9 dispon\u00edveis com <strong>impress\u00e3o personalizada<\/strong> de alta qualidade ou <strong>aplica\u00e7\u00e3o de etiquetas<\/strong>.<\/li>\n\n\n\n<li><strong>Latas de lata:<\/strong> Latas met\u00e1licas premium e dur\u00e1veis para uma sensa\u00e7\u00e3o de luxo, acabadas com etiqueta especializada para um aspeto limpo e profissional.<\/li>\n<\/ul>\n\n<h3 class=\"wp-block-heading\">4. Preserva\u00e7\u00e3o da Frescura (Descarga por Azoto)<\/h3>\n\n<p>Para garantir que o seu Hojicha saiba t\u00e3o fresco como no dia em que foi torrado, oferecemos <strong>limpeza por azoto<\/strong>. Ao substituir oxig\u00e9nio por azoto de grau alimentar durante o processo de selagem, prolongamos significativamente a vida \u00fatil e preservamos o aroma delicado e o sabor vibrante do seu ch\u00e1. <\/p>\n\n<h2 class=\"wp-block-heading\"><strong>Porqu\u00ea White Label a sua Hojicha?<\/strong><\/h2>\n\n<ul class=\"wp-block-list\">\n<li><strong>Foco no Crescimento:<\/strong> Delegue a obten\u00e7\u00e3o e a produ\u00e7\u00e3o para que possa concentrar-se inteiramente no marketing e nas vendas. Tratamos da log\u00edstica; Constr\u00f3is a marca. <\/li>\n\n\n\n<li><strong>Controlo Criativo Total:<\/strong> Desde o perfil espec\u00edfico de torra do p\u00f3 at\u00e9 \u00e0 est\u00e9tica final da embalagem, executamos a sua vis\u00e3o at\u00e9 ao menor detalhe.<\/li>\n\n\n\n<li><strong>Opera\u00e7\u00f5es a partir do seu ambiente de trabalho:<\/strong> Quer esteja a direcionar a Amazon FBA ou grandes supermercados, gerimos a cadeia de abastecimento e enviamos diretamente para os seus centros designados.<\/li>\n\n\n\n<li><strong>Navegue pelas Regulamenta\u00e7\u00f5es com Facilidade:<\/strong> A conformidade alimentar \u00e9 complexa e dispendiosa. Evite as dores de cabe\u00e7a regulat\u00f3rias aproveitando os nossos processos certificados e simplificados. <\/li>\n<\/ul>\n\n<p><strong>A Vantagem do Servi\u00e7o Completo<\/strong>: A maioria dos grossistas de ch\u00e1 para no saco de 1kg. Isto obriga as marcas a procurar um co-embalador secund\u00e1rio, o que acrescenta tempo de entrega e reduz as margens de lucro. Somos diferentes: tratamos de tudo, desde fornecimento a granel at\u00e9 latas de 50g prontas para retalho ou doypacks.  <\/p>\n\n<h2 class=\"wp-block-heading\"><strong>O Processo White Label: Passo-a-Passo<\/strong><\/h2>\n\n<ol class=\"wp-block-list\">\n<li><strong>Escolha o seu ch\u00e1:<\/strong> Oferecemos uma vasta gama de ch\u00e1s para escolher.<\/li>\n\n\n\n<li><strong>Escolha a embalagem:<\/strong> Doypacks ou latas, em branco ou impressas, etiquetadas ou n\u00e3o etiquetadas, temos uma gama de op\u00e7\u00f5es flex\u00edveis para garantir que se sinta bem com a sua marca e produto.<\/li>\n\n\n\n<li><strong>Comece a vender:<\/strong> Com sua marca em vigor, voc\u00ea est\u00e1 pronto para apresentar um hojicha premium de marca pr\u00f3pria para seus clientes, tornando-o exclusivamente seu.<\/li>\n<\/ol>\n\n<h2 class=\"wp-block-heading\"><strong>Porqu\u00ea fazer parceria com a Hojicha Wholesale?<\/strong><\/h2>\n\n<ul class=\"wp-block-list\">\n<li><strong>Sourcing especializado:<\/strong> Constru\u00edmos fortes parcerias com produtores e produtores de ch\u00e1 experientes no Jap\u00e3o, garantindo qualidade e fornecimento consistentes.<\/li>\n\n\n\n<li><strong>Integra\u00e7\u00e3o F\u00e1cil:<\/strong> As nossas solu\u00e7\u00f5es white-label s\u00e3o concebidas com a simplicidade em mente. Sem processos complicados, basta adicionar os elementos da tua marca e come\u00e7ar a vender. <\/li>\n\n\n\n<li><strong>Apoio Dedicado:<\/strong> Estamos aqui para o ajudar em todas as etapas, desde as consultas iniciais de encomenda at\u00e9 ao apoio p\u00f3s-venda.<\/li>\n<\/ul>\n\n<h2 class=\"wp-block-heading\"><strong>Pronto para come\u00e7ar?<\/strong><\/h2>\n\n<p>Entre em contato conosco hoje mesmo para solicitar um or\u00e7amento, saber mais sobre nossos n\u00edveis de pre\u00e7os e iniciar o processo de marca branca. Teremos todo o gosto em ajud\u00e1-lo a come\u00e7ar! <\/p>\n<div class=\"forminator-ui forminator-custom-form forminator-custom-form-1365 forminator-design--flat  forminator_ajax\" data-forminator-render=\"0\" data-form=\"forminator-module-1365\" data-uid=\"69de8a2e59ffa\"><br\/><\/div><form\n\t\t\t\tid=\"forminator-module-1365\"\n\t\t\t\tclass=\"forminator-ui forminator-custom-form forminator-custom-form-1365 forminator-design--flat  forminator_ajax\"\n\t\t\t\tmethod=\"post\"\n\t\t\t\tdata-forminator-render=\"0\"\n\t\t\t\tdata-form-id=\"1365\"\n\t\t\t\t data-color-option=\"default\" data-design=\"flat\" data-grid=\"open\" style=\"display: none;\"\n\t\t\t\tdata-uid=\"69de8a2e59ffa\"\n\t\t\t><div role=\"alert\" aria-live=\"polite\" class=\"forminator-response-message forminator-error\" aria-hidden=\"true\"><\/div><div class=\"forminator-row\"><div id=\"name-1\" class=\"forminator-field-name forminator-col forminator-col-6 \"><div class=\"forminator-field\"><input type=\"text\" name=\"name-1\" value=\"\" placeholder=\"First Name\" id=\"forminator-field-name-1_69de8a2e59ffa\" class=\"forminator-input forminator-name--field\" aria-required=\"true\" autocomplete=\"name\" \/><\/div><\/div><div id=\"name-2\" class=\"forminator-field-name forminator-col forminator-col-6 \"><div class=\"forminator-field\"><input type=\"text\" name=\"name-2\" value=\"\" placeholder=\"Last Name\" id=\"forminator-field-name-2_69de8a2e59ffa\" class=\"forminator-input forminator-name--field\" aria-required=\"true\" autocomplete=\"name\" \/><\/div><\/div><\/div><div class=\"forminator-row\"><div id=\"email-1\" class=\"forminator-field-email forminator-col forminator-col-12 \"><div class=\"forminator-field\"><input type=\"email\" name=\"email-1\" value=\"\" placeholder=\"Email\" id=\"forminator-field-email-1_69de8a2e59ffa\" class=\"forminator-input forminator-email--field\" data-required=\"true\" aria-required=\"true\" autocomplete=\"email\" \/><\/div><\/div><\/div><div class=\"forminator-row\"><div id=\"phone-1\" class=\"forminator-field-phone forminator-col forminator-col-12 \"><div class=\"forminator-field\"><input type=\"text\" name=\"phone-1\" value=\"\" placeholder=\"Phone\" id=\"forminator-field-phone-1_69de8a2e59ffa\" class=\"forminator-input forminator-field--phone\" data-required=\"\" aria-required=\"false\" autocomplete=\"off\" \/><\/div><\/div><\/div><div class=\"forminator-row\"><div id=\"textarea-1\" class=\"forminator-field-textarea forminator-col forminator-col-12 \"><div class=\"forminator-field\"><textarea name=\"textarea-1\" placeholder=\"Message\" id=\"forminator-field-textarea-1_69de8a2e59ffa\" class=\"forminator-textarea\" rows=\"6\" style=\"min-height:140px;\" ><\/textarea><span id=\"forminator-field-textarea-1_69de8a2e59ffa-description\" class=\"forminator-description\"><span data-limit=\"300\" data-type=\"words\" data-editor=\"\">0 \/ 300<\/span><\/span><\/div><\/div><\/div><div class=\"forminator-row\"><\/div><input type=\"hidden\" name=\"referer_url\" value=\"\" \/><div class=\"forminator-row forminator-row-last\"><div class=\"forminator-col\"><div class=\"forminator-field\"><button class=\"forminator-button forminator-button-submit\">Send<\/button><\/div><\/div><\/div><input type=\"hidden\" id=\"forminator_nonce\" name=\"forminator_nonce\" value=\"a647953a3f\" \/><input type=\"hidden\" name=\"_wp_http_referer\" value=\"\/pt-pt\/wp-json\/wp\/v2\/pages\/7376\" \/><input type=\"hidden\" name=\"form_id\" value=\"1365\"><input type=\"hidden\" name=\"page_id\" value=\"7376\"><input type=\"hidden\" name=\"form_type\" value=\"default\"><input type=\"hidden\" name=\"current_url\" value=\"https:\/\/hojichawholesale.eu\/pt-pt\/hojicha-marca-branca\/\"><input type=\"hidden\" name=\"render_id\" value=\"0\"><input type=\"hidden\" name=\"action\" value=\"forminator_submit_form_custom-forms\"><label for=\"input_6\" class=\"forminator-hidden\" aria-hidden=\"true\">Please do not fill in this field. <input id=\"input_6\" type=\"text\" name=\"input_6\" value=\"\" autocomplete=\"off\"><\/label><\/form>\n","protected":false},"excerpt":{"rendered":"<p>Hojicha Marca Branca Pronto para lan\u00e7ar a sua pr\u00f3pria marca de ch\u00e1 ou expandir a sua linha de produtos? Oferecemos uma su\u00edte de produ\u00e7\u00e3o completa para levar o seu produto de mat\u00e9ria-prima a obra-prima pronta para ser lan\u00e7ada, equipada para acompanhar cada etapa da jornada da sua marca: 1. Obten\u00e7\u00e3o de Especialistas Fazemos a ponte [&hellip;]<\/p>\n","protected":false},"author":1,"featured_media":7311,"parent":0,"menu_order":0,"comment_status":"closed","ping_status":"closed","template":"","meta":{"_surecart_dashboard_logo_width":"180px","_surecart_dashboard_show_logo":true,"_surecart_dashboard_navigation_orders":true,"_surecart_dashboard_navigation_invoices":true,"_surecart_dashboard_navigation_subscriptions":true,"_surecart_dashboard_navigation_downloads":true,"_surecart_dashboard_navigation_billing":true,"_surecart_dashboard_navigation_account":true,"footnotes":""},"class_list":["post-7376","page","type-page","status-publish","has-post-thumbnail","hentry","entry","has-media"],"mb":[],"mfb_rest_fields":["title","gutenberg_elementor_mode"],"_links":{"self":[{"href":"https:\/\/hojichawholesale.eu\/pt-pt\/wp-json\/wp\/v2\/pages\/7376","targetHints":{"allow":["GET"]}}],"collection":[{"href":"https:\/\/hojichawholesale.eu\/pt-pt\/wp-json\/wp\/v2\/pages"}],"about":[{"href":"https:\/\/hojichawholesale.eu\/pt-pt\/wp-json\/wp\/v2\/types\/page"}],"author":[{"embeddable":true,"href":"https:\/\/hojichawholesale.eu\/pt-pt\/wp-json\/wp\/v2\/users\/1"}],"replies":[{"embeddable":true,"href":"https:\/\/hojichawholesale.eu\/pt-pt\/wp-json\/wp\/v2\/comments?post=7376"}],"version-history":[{"count":0,"href":"https:\/\/hojichawholesale.eu\/pt-pt\/wp-json\/wp\/v2\/pages\/7376\/revisions"}],"wp:featuredmedia":[{"embeddable":true,"href":"https:\/\/hojichawholesale.eu\/pt-pt\/wp-json\/wp\/v2\/media\/7311"}],"wp:attachment":[{"href":"https:\/\/hojichawholesale.eu\/pt-pt\/wp-json\/wp\/v2\/media?parent=7376"}],"curies":[{"name":"wp","href":"https:\/\/api.w.org\/{rel}","templated":true}]}}