{"id":6638,"date":"2024-10-12T11:39:24","date_gmt":"2024-10-12T11:39:24","guid":{"rendered":"https:\/\/hojichawholesale.eu\/o-que-e-hojicha\/"},"modified":"2024-10-13T19:35:10","modified_gmt":"2024-10-13T19:35:10","slug":"o-que-e-hojicha","status":"publish","type":"page","link":"https:\/\/hojichawholesale.eu\/pt-pt\/o-que-e-hojicha\/","title":{"rendered":"O que \u00e9 hojicha?"},"content":{"rendered":"\n<h1 class=\"wp-block-heading\">O que \u00e9 Hojicha?<\/h1>\n\n<p>Hojicha \u00e9 um ch\u00e1 verde japon\u00eas torrado em porcelana a temperaturas que variam de 175\u00b0C a 350\u00b0C.  Este processo de torrefa\u00e7\u00e3o confere-lhe os seus distintivos tons alaranjados e reduz o seu teor de cafe\u00edna e catequina. <\/p>\n\n<p>  &#8220;<em>Hoji<\/em>&#8221; significa &#8220;assar&#8221; em japon\u00eas, e &#8220;<em>cha<\/em>&#8221; significa ch\u00e1.<\/p>\n<div class=\"wp-block-image\">\n<figure class=\"aligncenter size-large is-resized\"><img fetchpriority=\"high\" decoding=\"async\" width=\"1024\" height=\"683\" src=\"https:\/\/hojichawholesale.eu\/wp-content\/uploads\/2024\/10\/Depositphotos_502919918_L-1-1024x683.avif\" alt=\"\" class=\"wp-image-5573\" style=\"width:539px;height:auto\" srcset=\"https:\/\/hojichawholesale.eu\/wp-content\/uploads\/2024\/10\/Depositphotos_502919918_L-1-1024x683.avif 1024w, https:\/\/hojichawholesale.eu\/wp-content\/uploads\/2024\/10\/Depositphotos_502919918_L-1-300x200.avif 300w, https:\/\/hojichawholesale.eu\/wp-content\/uploads\/2024\/10\/Depositphotos_502919918_L-1-768x512.avif 768w, https:\/\/hojichawholesale.eu\/wp-content\/uploads\/2024\/10\/Depositphotos_502919918_L-1.avif 1200w\" sizes=\"(max-width: 1024px) 100vw, 1024px\" \/><\/figure>\n<\/div>\n<h2 class=\"wp-block-heading\"><strong>Porqu\u00ea beber Hojicha?<\/strong><\/h2>\n\n<p>Hojicha \u00e9 uma bebida tradicional japonesa consumida \u00e0 noite para ajudar na digest\u00e3o.  <\/p>\n\n<p>No entanto, pode ser bebido a qualquer hora do dia e do ano.  <\/p>\n\n<p>Apesar da cor, o hojicha \u00e9 um ch\u00e1 verde. Passa por um processo conhecido como shaqing, que \u00e9 um banho de vapor interrompendo o processo natural de oxida\u00e7\u00e3o que ocorre ap\u00f3s a colheita. <\/p>\n\n<p>Como resultado, o hojicha ret\u00e9m muitos dos benef\u00edcios do ch\u00e1 verde, como promover o relaxamento e fortalecer o sistema imunol\u00f3gico.<\/p>\n\n<h2 class=\"wp-block-heading\">Diferentes tipos de Hojicha<\/h2>\n\n<p>Existem diferentes tipos de hojicha. Sua principal caracter\u00edstica vem de sua disponibilidade em p\u00f3 e folhas soltas. <\/p>\n\n<p>Al\u00e9m disso, a hojicha costuma vir em tr\u00eas tipos de folhas (assado claro, assado m\u00e9dio, assado escuro) e pode at\u00e9 ser misturado com arroz assado, tomando o nome de hojicha genmai.  <\/p>\n<div class=\"wp-block-image\">\n<figure class=\"aligncenter size-large is-resized\"><img decoding=\"async\" width=\"1024\" height=\"683\" src=\"https:\/\/hojichawholesale.eu\/wp-content\/uploads\/2024\/10\/Depositphotos_565446018_L-1-1024x683.avif\" alt=\"\" class=\"wp-image-5577\" style=\"width:572px;height:auto\" srcset=\"https:\/\/hojichawholesale.eu\/wp-content\/uploads\/2024\/10\/Depositphotos_565446018_L-1-1024x683.avif 1024w, https:\/\/hojichawholesale.eu\/wp-content\/uploads\/2024\/10\/Depositphotos_565446018_L-1-300x200.avif 300w, https:\/\/hojichawholesale.eu\/wp-content\/uploads\/2024\/10\/Depositphotos_565446018_L-1-768x512.avif 768w, https:\/\/hojichawholesale.eu\/wp-content\/uploads\/2024\/10\/Depositphotos_565446018_L-1.avif 1200w\" sizes=\"(max-width: 1024px) 100vw, 1024px\" \/><\/figure>\n<\/div>\n<h2 class=\"wp-block-heading\"><strong>Qual cultivar \u00e9 usada para Hojicha?<\/strong><\/h2>\n\n<p>A cultivar mais comumente usada para Hojicha \u00e9 Yabukita, embora alguns hojicha tamb\u00e9m sejam feitos a partir da cultivar Gokou.<\/p>\n\n<h2 class=\"wp-block-heading\">Como o Hojicha \u00e9 produzido?<\/h2>\n\n<p>Hojicha come\u00e7a seu processo de produ\u00e7\u00e3o como bancha ou sencha.  <\/p>\n\n<p>Ap\u00f3s a colheita, as folhas sofrem vaporiza\u00e7\u00e3o, chamada de &#8220;shaqing&#8221;, para interromper o processo de oxida\u00e7\u00e3o. Em seguida, s\u00e3o enrolados, secos e assados entre 175\u00b0C e 350\u00b0C em porcelana. \u00c9 quando a bancha (ou sencha) se torna hojicha.  <\/p>\n\n<p>Parte dele \u00e9 processado em p\u00f3, enquanto o resto \u00e9 embalado como folhas.  <\/p>\n<div class=\"wp-block-image\">\n<figure class=\"aligncenter size-large is-resized\"><img decoding=\"async\" width=\"1024\" height=\"683\" src=\"https:\/\/hojichawholesale.eu\/wp-content\/uploads\/2024\/10\/Depositphotos_518442682_L-1-1024x683.avif\" alt=\"\" class=\"wp-image-5575\" style=\"width:484px;height:auto\" srcset=\"https:\/\/hojichawholesale.eu\/wp-content\/uploads\/2024\/10\/Depositphotos_518442682_L-1-1024x683.avif 1024w, https:\/\/hojichawholesale.eu\/wp-content\/uploads\/2024\/10\/Depositphotos_518442682_L-1-300x200.avif 300w, https:\/\/hojichawholesale.eu\/wp-content\/uploads\/2024\/10\/Depositphotos_518442682_L-1-768x512.avif 768w, https:\/\/hojichawholesale.eu\/wp-content\/uploads\/2024\/10\/Depositphotos_518442682_L-1.avif 1200w\" sizes=\"(max-width: 1024px) 100vw, 1024px\" \/><\/figure>\n<\/div>\n<h2 class=\"wp-block-heading\"><strong>Como preparar Hojicha?<\/strong><\/h2>\n\n<p>Sob uma forma de folha, a hojicha \u00e9 fabricada a temperaturas entre 70\u00b0C e 80\u00b0C durante 2-3 minutos.<\/p>\n\n<p>  80\u00b0C \u00e9 prefer\u00edvel se sob a forma de p\u00f3.  <\/p>\n\n<h2 class=\"wp-block-heading\"><strong>Hist\u00f3ria de Hojicha<\/strong><\/h2>\n\n<p>Ningu\u00e9m sabe de onde veio Hojicha. Parecia ter aparecido em Quioto na d\u00e9cada de 1920. <\/p>\n\n<p>A lenda diz que o desenvolvimento do ch\u00e1 colhido \u00e0 m\u00e1quina no in\u00edcio do s\u00e9culo 20 levou a um desperd\u00edcio significativo. Um comerciante desconhecido decidiu torrar este ch\u00e1 inutiliz\u00e1vel para salv\u00e1-lo, inventando hojicha no processo. <\/p>\n<div class=\"wp-block-image\">\n<figure class=\"aligncenter size-large is-resized\"><img loading=\"lazy\" decoding=\"async\" width=\"1024\" height=\"683\" src=\"https:\/\/hojichawholesale.eu\/wp-content\/uploads\/2024\/10\/Depositphotos_535727240_L-1-1024x683.avif\" alt=\"\" class=\"wp-image-5576\" style=\"width:592px;height:auto\" srcset=\"https:\/\/hojichawholesale.eu\/wp-content\/uploads\/2024\/10\/Depositphotos_535727240_L-1-1024x683.avif 1024w, https:\/\/hojichawholesale.eu\/wp-content\/uploads\/2024\/10\/Depositphotos_535727240_L-1-300x200.avif 300w, https:\/\/hojichawholesale.eu\/wp-content\/uploads\/2024\/10\/Depositphotos_535727240_L-1-768x512.avif 768w, https:\/\/hojichawholesale.eu\/wp-content\/uploads\/2024\/10\/Depositphotos_535727240_L-1.avif 1200w\" sizes=\"(max-width: 1024px) 100vw, 1024px\" \/><\/figure>\n<\/div>\n<h2 class=\"wp-block-heading\"><strong>Conclus\u00e3o<\/strong><\/h2>\n\n<p>Hojicha \u00e9 um ch\u00e1 verde japon\u00eas torrado, dispon\u00edvel em p\u00f3 e na forma de folha. Pobre em cafe\u00edna, \u00e9 tradicionalmente consumida \u00e0 noite. Sua cor laranja vem da torrefa\u00e7\u00e3o em um pote de porcelana por alguns minutos, dando-lhe seus sabores caracter\u00edsticos de nozes, caramelo ou chocolate.  <\/p>\n\n<h2 class=\"wp-block-heading\">Solicite uma amostra<\/h2>\n\n<p>Curioso sobre os sabores ricos e assados da nossa hojicha premium?  <\/p>\n\n<p>Basta preencher os seus dados abaixo e enviar-lhe-emos uma amostra. Informe-nos se tiver pedidos espec\u00edficos e teremos todo o gosto em personalizar a nossa oferta de acordo com as necessidades do seu neg\u00f3cio. <\/p>\n<div class=\"forminator-ui forminator-custom-form forminator-custom-form-1365 forminator-design--flat  forminator_ajax\" data-forminator-render=\"0\" data-form=\"forminator-module-1365\" data-uid=\"69d442e9207dc\"><br\/><\/div><form\n\t\t\t\tid=\"forminator-module-1365\"\n\t\t\t\tclass=\"forminator-ui forminator-custom-form forminator-custom-form-1365 forminator-design--flat  forminator_ajax\"\n\t\t\t\tmethod=\"post\"\n\t\t\t\tdata-forminator-render=\"0\"\n\t\t\t\tdata-form-id=\"1365\"\n\t\t\t\t data-color-option=\"default\" data-design=\"flat\" data-grid=\"open\" style=\"display: none;\"\n\t\t\t\tdata-uid=\"69d442e9207dc\"\n\t\t\t><div role=\"alert\" aria-live=\"polite\" class=\"forminator-response-message forminator-error\" aria-hidden=\"true\"><\/div><div class=\"forminator-row\"><div id=\"name-1\" class=\"forminator-field-name forminator-col forminator-col-6 \"><div class=\"forminator-field\"><input type=\"text\" name=\"name-1\" value=\"\" placeholder=\"First Name\" id=\"forminator-field-name-1_69d442e9207dc\" class=\"forminator-input forminator-name--field\" aria-required=\"true\" autocomplete=\"name\" \/><\/div><\/div><div id=\"name-2\" class=\"forminator-field-name forminator-col forminator-col-6 \"><div class=\"forminator-field\"><input type=\"text\" name=\"name-2\" value=\"\" placeholder=\"Last Name\" id=\"forminator-field-name-2_69d442e9207dc\" class=\"forminator-input forminator-name--field\" aria-required=\"true\" autocomplete=\"name\" \/><\/div><\/div><\/div><div class=\"forminator-row\"><div id=\"email-1\" class=\"forminator-field-email forminator-col forminator-col-12 \"><div class=\"forminator-field\"><input type=\"email\" name=\"email-1\" value=\"\" placeholder=\"Email\" id=\"forminator-field-email-1_69d442e9207dc\" class=\"forminator-input forminator-email--field\" data-required=\"true\" aria-required=\"true\" autocomplete=\"email\" \/><\/div><\/div><\/div><div class=\"forminator-row\"><div id=\"phone-1\" class=\"forminator-field-phone forminator-col forminator-col-12 \"><div class=\"forminator-field\"><input type=\"text\" name=\"phone-1\" value=\"\" placeholder=\"Phone\" id=\"forminator-field-phone-1_69d442e9207dc\" class=\"forminator-input forminator-field--phone\" data-required=\"\" aria-required=\"false\" autocomplete=\"off\" \/><\/div><\/div><\/div><div class=\"forminator-row\"><div id=\"textarea-1\" class=\"forminator-field-textarea forminator-col forminator-col-12 \"><div class=\"forminator-field\"><textarea name=\"textarea-1\" placeholder=\"Message\" id=\"forminator-field-textarea-1_69d442e9207dc\" class=\"forminator-textarea\" rows=\"6\" style=\"min-height:140px;\" ><\/textarea><span id=\"forminator-field-textarea-1_69d442e9207dc-description\" class=\"forminator-description\"><span data-limit=\"300\" data-type=\"words\" data-editor=\"\">0 \/ 300<\/span><\/span><\/div><\/div><\/div><div class=\"forminator-row\"><\/div><input type=\"hidden\" name=\"referer_url\" value=\"\" \/><div class=\"forminator-row forminator-row-last\"><div class=\"forminator-col\"><div class=\"forminator-field\"><button class=\"forminator-button forminator-button-submit\">Send<\/button><\/div><\/div><\/div><input type=\"hidden\" id=\"forminator_nonce\" name=\"forminator_nonce\" value=\"8ad7e0b691\" \/><input type=\"hidden\" name=\"_wp_http_referer\" value=\"\/pt-pt\/wp-json\/wp\/v2\/pages\/6638\" \/><input type=\"hidden\" name=\"form_id\" value=\"1365\"><input type=\"hidden\" name=\"page_id\" value=\"6638\"><input type=\"hidden\" name=\"form_type\" value=\"default\"><input type=\"hidden\" name=\"current_url\" value=\"https:\/\/hojichawholesale.eu\/pt-pt\/o-que-e-hojicha\/\"><input type=\"hidden\" name=\"render_id\" value=\"0\"><input type=\"hidden\" name=\"action\" value=\"forminator_submit_form_custom-forms\"><label for=\"input_6\" class=\"forminator-hidden\" aria-hidden=\"true\">Please do not fill in this field. <input id=\"input_6\" type=\"text\" name=\"input_6\" value=\"\" autocomplete=\"off\"><\/label><\/form>\n","protected":false},"excerpt":{"rendered":"<p>O que \u00e9 Hojicha? Hojicha \u00e9 um ch\u00e1 verde japon\u00eas torrado em porcelana a temperaturas que variam de 175\u00b0C a 350\u00b0C. Este processo de torrefa\u00e7\u00e3o confere-lhe os seus distintivos tons alaranjados e reduz o seu teor de cafe\u00edna e catequina. &#8220;Hoji&#8221; significa &#8220;assar&#8221; em japon\u00eas, e &#8220;cha&#8221; significa ch\u00e1. Porqu\u00ea beber Hojicha? Hojicha \u00e9 uma [&hellip;]<\/p>\n","protected":false},"author":1,"featured_media":6639,"parent":0,"menu_order":0,"comment_status":"closed","ping_status":"closed","template":"","meta":{"_surecart_dashboard_logo_width":"180px","_surecart_dashboard_show_logo":true,"_surecart_dashboard_navigation_orders":true,"_surecart_dashboard_navigation_invoices":true,"_surecart_dashboard_navigation_subscriptions":true,"_surecart_dashboard_navigation_downloads":true,"_surecart_dashboard_navigation_billing":true,"_surecart_dashboard_navigation_account":true,"footnotes":""},"class_list":["post-6638","page","type-page","status-publish","has-post-thumbnail","hentry","entry","has-media"],"mb":[],"mfb_rest_fields":["title","gutenberg_elementor_mode"],"_links":{"self":[{"href":"https:\/\/hojichawholesale.eu\/pt-pt\/wp-json\/wp\/v2\/pages\/6638","targetHints":{"allow":["GET"]}}],"collection":[{"href":"https:\/\/hojichawholesale.eu\/pt-pt\/wp-json\/wp\/v2\/pages"}],"about":[{"href":"https:\/\/hojichawholesale.eu\/pt-pt\/wp-json\/wp\/v2\/types\/page"}],"author":[{"embeddable":true,"href":"https:\/\/hojichawholesale.eu\/pt-pt\/wp-json\/wp\/v2\/users\/1"}],"replies":[{"embeddable":true,"href":"https:\/\/hojichawholesale.eu\/pt-pt\/wp-json\/wp\/v2\/comments?post=6638"}],"version-history":[{"count":0,"href":"https:\/\/hojichawholesale.eu\/pt-pt\/wp-json\/wp\/v2\/pages\/6638\/revisions"}],"wp:featuredmedia":[{"embeddable":true,"href":"https:\/\/hojichawholesale.eu\/pt-pt\/wp-json\/wp\/v2\/media\/6639"}],"wp:attachment":[{"href":"https:\/\/hojichawholesale.eu\/pt-pt\/wp-json\/wp\/v2\/media?parent=6638"}],"curies":[{"name":"wp","href":"https:\/\/api.w.org\/{rel}","templated":true}]}}