{"id":6627,"date":"2024-10-12T11:59:06","date_gmt":"2024-10-12T11:59:06","guid":{"rendered":"https:\/\/hojichawholesale.eu\/porque-vender-hojicha\/"},"modified":"2024-10-13T19:35:09","modified_gmt":"2024-10-13T19:35:09","slug":"porque-vender-hojicha","status":"publish","type":"page","link":"https:\/\/hojichawholesale.eu\/pt-pt\/porque-vender-hojicha\/","title":{"rendered":"Porqu\u00ea vender hojicha?"},"content":{"rendered":"\n<h1 class=\"wp-block-heading\">Porqu\u00ea vender Hojicha?<\/h1>\n\n<p>Hojicha, um ch\u00e1 verde torrado japon\u00eas, ganhou popularidade rapidamente nos \u00faltimos anos.  <\/p>\n\n<figure class=\"wp-block-image size-large\"><img fetchpriority=\"high\" decoding=\"async\" width=\"1024\" height=\"544\" src=\"https:\/\/hojichawholesale.eu\/wp-content\/uploads\/2024\/10\/hojicha-trends-1-1024x544.avif\" alt=\"\" class=\"wp-image-5519\" srcset=\"https:\/\/hojichawholesale.eu\/wp-content\/uploads\/2024\/10\/hojicha-trends-1-1024x544.avif 1024w, https:\/\/hojichawholesale.eu\/wp-content\/uploads\/2024\/10\/hojicha-trends-1-300x159.avif 300w, https:\/\/hojichawholesale.eu\/wp-content\/uploads\/2024\/10\/hojicha-trends-1-768x408.avif 768w, https:\/\/hojichawholesale.eu\/wp-content\/uploads\/2024\/10\/hojicha-trends-1-1536x816.avif 1536w, https:\/\/hojichawholesale.eu\/wp-content\/uploads\/2024\/10\/hojicha-trends-1.avif 1892w\" sizes=\"(max-width: 1024px) 100vw, 1024px\" \/><\/figure>\n\n<figure class=\"wp-block-image size-large\"><img decoding=\"async\" width=\"1024\" height=\"412\" src=\"https:\/\/hojichawholesale.eu\/wp-content\/uploads\/2024\/10\/hojicha-trends-countries-1024x412.avif\" alt=\"\" class=\"wp-image-5459\" srcset=\"https:\/\/hojichawholesale.eu\/wp-content\/uploads\/2024\/10\/hojicha-trends-countries-1024x412.avif 1024w, https:\/\/hojichawholesale.eu\/wp-content\/uploads\/2024\/10\/hojicha-trends-countries-300x121.avif 300w, https:\/\/hojichawholesale.eu\/wp-content\/uploads\/2024\/10\/hojicha-trends-countries-768x309.avif 768w, https:\/\/hojichawholesale.eu\/wp-content\/uploads\/2024\/10\/hojicha-trends-countries-1536x618.avif 1536w, https:\/\/hojichawholesale.eu\/wp-content\/uploads\/2024\/10\/hojicha-trends-countries.avif 1873w\" sizes=\"(max-width: 1024px) 100vw, 1024px\" \/><\/figure>\n\n<p>Com seu perfil de sabor distinto, crescente apelo consciente da sa\u00fade e versatilidade, \u00e9 uma proposta nova e atraente para seus clientes.  <\/p>\n\n<p>Veja por que voc\u00ea deve considerar adicionar hojicha ao seu menu.<\/p>\n\n<h2 class=\"wp-block-heading\">1. Perfil de sabor \u00fanico<\/h2>\n\n<p>O Hojicha destaca-se pelo seu sabor quente e assado, que o distingue de outros ch\u00e1s japoneses como o matcha ou o sencha.  <\/p>\n\n<p>O processo de torrefa\u00e7\u00e3o d\u00e1-lhe um sabor tostado, ligeiramente noz com uma pitada de do\u00e7ura de caramelo, tornando-o uma escolha atraente para os clientes que procuram algo diferente.  <\/p>\n\n<p>Sua falta de amargor e baixa cafe\u00edna (devido \u00e0 torrefa\u00e7\u00e3o) fazem dele uma op\u00e7\u00e3o universal e familiar.  <\/p>\n\n<p>Pobre em a\u00e7\u00facar mas deliciosa, \u00e9 uma bebida para todos.  <\/p>\n\n<h2 class=\"wp-block-heading\">2. Benef\u00edcios para a sa\u00fade<\/h2>\n\n<p>Hojicha, como outros ch\u00e1s verdes, mant\u00e9m muitos benef\u00edcios para a sa\u00fade, mesmo ap\u00f3s a torrefa\u00e7\u00e3o.  <\/p>\n\n<p>\u00c9 rico em antioxidantes, que s\u00e3o conhecidos pelo seu papel na redu\u00e7\u00e3o da inflama\u00e7\u00e3o e na promo\u00e7\u00e3o do bem-estar geral. O baixo teor de cafe\u00edna torna-o adequado para pessoas que procuram reduzir a sua ingest\u00e3o de cafe\u00edna enquanto ainda desfrutam das propriedades calmantes e ben\u00e9ficas para a sa\u00fade do ch\u00e1.   <\/p>\n\n<h2 class=\"wp-block-heading\">3. Versatilidade em Aplica\u00e7\u00f5es Culin\u00e1rias<\/h2>\n\n<p>Hojicha est\u00e1 dispon\u00edvel como folhas soltas ou p\u00f3.<\/p>\n\n<p>Esta versatilidade \u00e9 rara entre os ch\u00e1s japoneses.  <\/p>\n\n<p>Hojicha pode ser servido quente ou frio, em ch\u00e1 ou em latte, e pode ser cozido em p\u00e3o, biscoitos e bolos.  <\/p>\n\n<p>Tamb\u00e9m pode ser usado como sabor de sorvete.  <\/p>\n\n<p>Seus sabores assados e terrosos o tornam um ingrediente emocionante para usar em quase todas as receitas.  <\/p>\n\n<h2 class=\"wp-block-heading\">4. Crescente popularidade global<\/h2>\n\n<p>A popularidade de Hojicha n\u00e3o se limita mais ao Jap\u00e3o.  <\/p>\n\n<p>Os bebedores internacionais de ch\u00e1 est\u00e3o se tornando mais aventureiros, procurando explorar novos sabores e tradi\u00e7\u00f5es culturais do ch\u00e1. \u00c0 medida que a consci\u00eancia do hojicha cresce, cresce tamb\u00e9m a sua procura no mercado. <\/p>\n\n<p>Ao estar entre os primeiros vendedores de hojicha, voc\u00ea est\u00e1 se posicionando na vanguarda de uma tend\u00eancia global em expans\u00e3o que n\u00e3o mostra sinais de desacelera\u00e7\u00e3o.  <\/p>\n\n<p>Voc\u00ea tamb\u00e9m posiciona seu neg\u00f3cio como diferente e mais moderno do que a concorr\u00eancia.  <\/p>\n\n<h2 class=\"wp-block-heading\">5. F\u00e1cil de comercializar<\/h2>\n\n<p>A natureza do produto oferece uma ampla gama de \u00e2ngulos para usar em seu marketing, desde uma bebida japonesa sofisticada at\u00e9 uma bebida que promove a sa\u00fade.  <\/p>\n\n<p>O seu baixo custo de produ\u00e7\u00e3o d\u00e1-lhe controlo total sobre as suas margens de lucro.  <\/p>\n\n<h2 class=\"wp-block-heading\">Conclus\u00e3o<\/h2>\n\n<p>Como o principal ch\u00e1 japon\u00eas em ascens\u00e3o, o hojicha \u00e9 um must-have para caf\u00e9s, hot\u00e9is, restaurantes e lojas de ch\u00e1 de varejo que querem oferecer aos seus clientes uma gama emocionante de produtos.  <\/p>\n\n<p>Os benef\u00edcios para a sa\u00fade do Hojicha, o rico perfil de sabor e a crescente demanda o tornam uma adi\u00e7\u00e3o estrat\u00e9gica para varejistas e estabelecimentos de servi\u00e7os de alimenta\u00e7\u00e3o.<\/p>\n\n<p>Se seus clientes s\u00e3o bebedores de ch\u00e1 temperados ou rec\u00e9m-chegados aos ch\u00e1s japoneses, o hojicha certamente se destacar\u00e1 como um produto com amplo apelo.<\/p>\n\n<h2 class=\"wp-block-heading\">Solicite uma amostra<\/h2>\n\n<p>Curioso sobre os sabores ricos e assados da nossa hojicha premium?  <\/p>\n\n<p>Basta preencher os seus dados abaixo e enviar-lhe-emos uma amostra. Informe-nos se tiver pedidos espec\u00edficos e teremos todo o gosto em personalizar a nossa oferta de acordo com as necessidades do seu neg\u00f3cio. <\/p>\n<div class=\"forminator-ui forminator-custom-form forminator-custom-form-1365 forminator-design--flat  forminator_ajax\" data-forminator-render=\"0\" data-form=\"forminator-module-1365\" data-uid=\"69d45248da16c\"><br\/><\/div><form\n\t\t\t\tid=\"forminator-module-1365\"\n\t\t\t\tclass=\"forminator-ui forminator-custom-form forminator-custom-form-1365 forminator-design--flat  forminator_ajax\"\n\t\t\t\tmethod=\"post\"\n\t\t\t\tdata-forminator-render=\"0\"\n\t\t\t\tdata-form-id=\"1365\"\n\t\t\t\t data-color-option=\"default\" data-design=\"flat\" data-grid=\"open\" style=\"display: none;\"\n\t\t\t\tdata-uid=\"69d45248da16c\"\n\t\t\t><div role=\"alert\" aria-live=\"polite\" class=\"forminator-response-message forminator-error\" aria-hidden=\"true\"><\/div><div class=\"forminator-row\"><div id=\"name-1\" class=\"forminator-field-name forminator-col forminator-col-6 \"><div class=\"forminator-field\"><input type=\"text\" name=\"name-1\" value=\"\" placeholder=\"First Name\" id=\"forminator-field-name-1_69d45248da16c\" class=\"forminator-input forminator-name--field\" aria-required=\"true\" autocomplete=\"name\" \/><\/div><\/div><div id=\"name-2\" class=\"forminator-field-name forminator-col forminator-col-6 \"><div class=\"forminator-field\"><input type=\"text\" name=\"name-2\" value=\"\" placeholder=\"Last Name\" id=\"forminator-field-name-2_69d45248da16c\" class=\"forminator-input forminator-name--field\" aria-required=\"true\" autocomplete=\"name\" \/><\/div><\/div><\/div><div class=\"forminator-row\"><div id=\"email-1\" class=\"forminator-field-email forminator-col forminator-col-12 \"><div class=\"forminator-field\"><input type=\"email\" name=\"email-1\" value=\"\" placeholder=\"Email\" id=\"forminator-field-email-1_69d45248da16c\" class=\"forminator-input forminator-email--field\" data-required=\"true\" aria-required=\"true\" autocomplete=\"email\" \/><\/div><\/div><\/div><div class=\"forminator-row\"><div id=\"phone-1\" class=\"forminator-field-phone forminator-col forminator-col-12 \"><div class=\"forminator-field\"><input type=\"text\" name=\"phone-1\" value=\"\" placeholder=\"Phone\" id=\"forminator-field-phone-1_69d45248da16c\" class=\"forminator-input forminator-field--phone\" data-required=\"\" aria-required=\"false\" autocomplete=\"off\" \/><\/div><\/div><\/div><div class=\"forminator-row\"><div id=\"textarea-1\" class=\"forminator-field-textarea forminator-col forminator-col-12 \"><div class=\"forminator-field\"><textarea name=\"textarea-1\" placeholder=\"Message\" id=\"forminator-field-textarea-1_69d45248da16c\" class=\"forminator-textarea\" rows=\"6\" style=\"min-height:140px;\" ><\/textarea><span id=\"forminator-field-textarea-1_69d45248da16c-description\" class=\"forminator-description\"><span data-limit=\"300\" data-type=\"words\" data-editor=\"\">0 \/ 300<\/span><\/span><\/div><\/div><\/div><div class=\"forminator-row\"><\/div><input type=\"hidden\" name=\"referer_url\" value=\"\" \/><div class=\"forminator-row forminator-row-last\"><div class=\"forminator-col\"><div class=\"forminator-field\"><button class=\"forminator-button forminator-button-submit\">Send<\/button><\/div><\/div><\/div><input type=\"hidden\" id=\"forminator_nonce\" name=\"forminator_nonce\" value=\"0b51ba8eba\" \/><input type=\"hidden\" name=\"_wp_http_referer\" value=\"\/pt-pt\/wp-json\/wp\/v2\/pages\/6627\" \/><input type=\"hidden\" name=\"form_id\" value=\"1365\"><input type=\"hidden\" name=\"page_id\" value=\"6627\"><input type=\"hidden\" name=\"form_type\" value=\"default\"><input type=\"hidden\" name=\"current_url\" value=\"https:\/\/hojichawholesale.eu\/pt-pt\/porque-vender-hojicha\/\"><input type=\"hidden\" name=\"render_id\" value=\"0\"><input type=\"hidden\" name=\"action\" value=\"forminator_submit_form_custom-forms\"><label for=\"input_6\" class=\"forminator-hidden\" aria-hidden=\"true\">Please do not fill in this field. <input id=\"input_6\" type=\"text\" name=\"input_6\" value=\"\" autocomplete=\"off\"><\/label><\/form>\n","protected":false},"excerpt":{"rendered":"<p>Porqu\u00ea vender Hojicha? Hojicha, um ch\u00e1 verde torrado japon\u00eas, ganhou popularidade rapidamente nos \u00faltimos anos. Com seu perfil de sabor distinto, crescente apelo consciente da sa\u00fade e versatilidade, \u00e9 uma proposta nova e atraente para seus clientes. Veja por que voc\u00ea deve considerar adicionar hojicha ao seu menu. 1. Perfil de sabor \u00fanico O Hojicha [&hellip;]<\/p>\n","protected":false},"author":1,"featured_media":6636,"parent":0,"menu_order":0,"comment_status":"closed","ping_status":"closed","template":"","meta":{"_surecart_dashboard_logo_width":"180px","_surecart_dashboard_show_logo":true,"_surecart_dashboard_navigation_orders":true,"_surecart_dashboard_navigation_invoices":true,"_surecart_dashboard_navigation_subscriptions":true,"_surecart_dashboard_navigation_downloads":true,"_surecart_dashboard_navigation_billing":true,"_surecart_dashboard_navigation_account":true,"footnotes":""},"class_list":["post-6627","page","type-page","status-publish","has-post-thumbnail","hentry","entry","has-media"],"mb":[],"mfb_rest_fields":["title","gutenberg_elementor_mode"],"_links":{"self":[{"href":"https:\/\/hojichawholesale.eu\/pt-pt\/wp-json\/wp\/v2\/pages\/6627","targetHints":{"allow":["GET"]}}],"collection":[{"href":"https:\/\/hojichawholesale.eu\/pt-pt\/wp-json\/wp\/v2\/pages"}],"about":[{"href":"https:\/\/hojichawholesale.eu\/pt-pt\/wp-json\/wp\/v2\/types\/page"}],"author":[{"embeddable":true,"href":"https:\/\/hojichawholesale.eu\/pt-pt\/wp-json\/wp\/v2\/users\/1"}],"replies":[{"embeddable":true,"href":"https:\/\/hojichawholesale.eu\/pt-pt\/wp-json\/wp\/v2\/comments?post=6627"}],"version-history":[{"count":0,"href":"https:\/\/hojichawholesale.eu\/pt-pt\/wp-json\/wp\/v2\/pages\/6627\/revisions"}],"wp:featuredmedia":[{"embeddable":true,"href":"https:\/\/hojichawholesale.eu\/pt-pt\/wp-json\/wp\/v2\/media\/6636"}],"wp:attachment":[{"href":"https:\/\/hojichawholesale.eu\/pt-pt\/wp-json\/wp\/v2\/media?parent=6627"}],"curies":[{"name":"wp","href":"https:\/\/api.w.org\/{rel}","templated":true}]}}